{"id":29540,"date":"2025-04-08T10:42:30","date_gmt":"2025-04-08T16:42:30","guid":{"rendered":"https:\/\/www.mexicanguitarplayers.com\/tienda\/sin categor\u00eda\/sistema-proel-portatil-mod-free10\/"},"modified":"2026-04-10T04:38:35","modified_gmt":"2026-04-10T10:38:35","slug":"sistema-proel-portatil-mod-free10","status":"publish","type":"product","link":"https:\/\/www.mexicanguitarplayers.com\/en\/tienda\/audio\/sistemas-portatiles\/sistema-proel-portatil-mod-free10\/","title":{"rendered":"SISTEMA PROEL PORTATIL MOD. FREE10"},"content":{"rendered":"<div style=\"text-align: justify\">\n<div>\n<h3>Practicidad en todo momento.<\/h3>\n<\/div>\n<div>El sistema &#8220;Free&#8221; de Proel te da la libertad de tocar tu m\u00fasica o reproducir tu sonido en cualquier lugar sin tener que preocuparte por tener en donde conectar el cable de alimentaci\u00f3n, conectar tu reproductor MP3 o instalar tu micr\u00f3fono. El Free6 y Free10 son sistemas alimentados por bater\u00eda con una serie de grandes caracter\u00edsticas y un excelente sonido que no se esperar\u00eda en este tipo de productos. Cuenta con un reproductor de CD\/DVD\/MP3 con puerto USB y control remoto, capaz de reproducir no solo archivos de audio, sino tambi\u00e9n de video con una salida de video para conectar una pantalla externa. Los m\u00f3dulos inal\u00e1mbricos proporcionan una conexi\u00f3n inal\u00e1mbrica limpia y sin problemas con el micr\u00f3fono de diadema incluido para una m\u00e1xima libertad de movimiento. EL sistema Free6 y Free10 son compactos y proporcionan una m\u00e1xima portabilidad y protecci\u00f3n.  El Free10 tiene un sorprendente SPL para su tama\u00f1o compacto y es un sistema ideal para uso en interiores en conferencias, aplicaciones multimedia, eventos escolares, iglesias y cualquier otra aplicaci\u00f3n en donde se necesite un sistema combo discreto y port\u00e1til.  Un m\u00f3dulo inal\u00e1mbrico adicional con micr\u00f3fono de auricular est\u00e1 disponible como opcional.<\/div>\n<div>\n<h4>Quick look<\/h4>\n<\/div>\n<ul style=\"margin: 0px 0px 0px 25px\">\n<li style=\"list-style-type: circle;margin: 5px\">Reproductor.<\/li>\n<li style=\"list-style-type: circle;margin: 5px\">Formatos compatibles.<\/li>\n<li style=\"list-style-type: circle;margin: 5px\">Controles de tono.<\/li>\n<li style=\"list-style-type: circle;margin: 5px\">Mono Tickets.<\/li>\n<li style=\"list-style-type: circle;margin: 5px\">Input connectors.<\/li>\n<li style=\"list-style-type: circle;margin: 5px\">Efecto interno.<\/li>\n<li style=\"list-style-type: circle;margin: 5px\">Departures.<\/li>\n<li style=\"list-style-type: circle;margin: 5px\">Ecualizador principal.<\/li>\n<li style=\"list-style-type: circle;margin: 5px\">Receptor inal\u00e1mbrico.<\/li>\n<li style=\"list-style-type: circle;margin: 5px\">Transmisor de mano.<\/li>\n<li style=\"list-style-type: circle;margin: 5px\">Micr\u00f3fono de diadema.<\/li>\n<li style=\"list-style-type: circle;margin: 5px\">Modo de modulaci\u00f3n.<\/li>\n<li style=\"list-style-type: circle;margin: 5px\">Rango de frecuencia.<\/li>\n<li style=\"list-style-type: circle;margin: 5px\">Estabilidad de frecuencia.<\/li>\n<li style=\"list-style-type: circle;margin: 5px\">Sensitivity.<\/li>\n<li style=\"list-style-type: circle;margin: 5px\">Rechazo de canal adyacente.<\/li>\n<li style=\"list-style-type: circle;margin: 5px\">Salida AF.<\/li>\n<li style=\"list-style-type: circle;margin: 5px\">Distorsi\u00f3n.<\/li>\n<li style=\"list-style-type: circle;margin: 5px\">Interface de control.<\/li>\n<li style=\"list-style-type: circle;margin: 5px\">Power.<\/li>\n<li style=\"list-style-type: circle;margin: 5px\">Distorsi\u00f3n<\/li>\n<li style=\"list-style-type: circle;margin: 5px\">Sistema de altavoces.<\/li>\n<li style=\"list-style-type: circle;margin: 5px\">Dispositivo de alta frecuencia.<\/li>\n<li style=\"list-style-type: circle;margin: 5px\">Dispositivo de baja frecuencia.<\/li>\n<li style=\"list-style-type: circle;margin: 5px\">Frequency response.<\/li>\n<li style=\"list-style-type: circle;margin: 5px\">Construcci\u00f3n.<\/li>\n<li style=\"list-style-type: circle;margin: 5px\">Agarraderas.<\/li>\n<li style=\"list-style-type: circle;margin: 5px\">Agujero de montaje.<\/li>\n<li style=\"list-style-type: circle;margin: 5px\">Dimensions.<\/li>\n<li style=\"list-style-type: circle;margin: 5px\">Weight.<\/li>\n<li style=\"list-style-type: circle;margin: 5px\">Recarga de bater\u00eda.<\/li>\n<li style=\"list-style-type: circle;margin: 5px\">Tiempo de recarga de la bater\u00eda.<\/li>\n<li style=\"list-style-type: circle;margin: 5px\">Duraci\u00f3n de la bater\u00eda.<\/li>\n<li style=\"list-style-type: circle;margin: 5px\">Power supply.<\/li>\n<\/ul>\n<div>\n<div style=\"font-weight: bold\">Reproductor.<\/div>\n<div>\n<p>CD\/DVD\/MP3 con puerto USB, control remoto y salida de video.<\/p>\n<\/div>\n<div style=\"font-weight: bold\">Formatos compatibles.<\/div>\n<div>\n<p>Audio CD, MP3, M4A, Video DVD, DIVX, JPG<\/p>\n<\/div>\n<div style=\"font-weight: bold\">Controles de tono.<\/div>\n<div>\n<p>Agudo + Grave.<\/p>\n<\/div>\n<div style=\"font-weight: bold\">Mono Tickets.<\/div>\n<div>\n<p>1 x entrada de micr\u00f3fono (Combo).1 x entrada de l\u00ednea (2 x RCA + mini-jack).<\/p>\n<\/div>\n<div style=\"font-weight: bold\">Input connectors.<\/div>\n<div>\n<p>Combo (entrada de micr\u00f3fono), 2 x RCA + mini-jack (entrada de l\u00ednea est\u00e9reo).<\/p>\n<\/div>\n<div style=\"font-weight: bold\">Efecto interno.<\/div>\n<div>\n<p>Eco.<\/p>\n<\/div>\n<div style=\"font-weight: bold\">Departures.<\/div>\n<div>\n<p>Salida de l\u00ednea est\u00e9reo (2 x RCA), salida de video (RCA).<\/p>\n<\/div>\n<div style=\"font-weight: bold\">Ecualizador principal.<\/div>\n<div>\n<p>Control agudo y grave.<\/p>\n<\/div>\n<div style=\"font-weight: bold\">Receptor inal\u00e1mbrico.<\/div>\n<div>\n<p>FR1R.<\/p>\n<\/div>\n<div style=\"font-weight: bold\">Transmisor de mano.<\/div>\n<div>\n<p>FR1H.<\/p>\n<\/div>\n<div style=\"font-weight: bold\">Micr\u00f3fono de diadema.<\/div>\n<div>\n<p>HS1 (opcional).<\/p>\n<\/div>\n<div style=\"font-weight: bold\">Modo de modulaci\u00f3n.<\/div>\n<div>\n<p>FM.<\/p>\n<\/div>\n<div style=\"font-weight: bold\">Rango de frecuencia.<\/div>\n<div>\n<p>UHF 863 &#8211; 865 MHz.<\/p>\n<\/div>\n<div style=\"font-weight: bold\">Estabilidad de frecuencia.<\/div>\n<div>\n<p>0.0005%.<\/p>\n<\/div>\n<div style=\"font-weight: bold\">Sensitivity.<\/div>\n<div>\n<p>95 dB.<\/p>\n<\/div>\n<div style=\"font-weight: bold\">Rechazo de canal adyacente.<\/div>\n<div>\n<p>S\/N &gt; 40 dB.<\/p>\n<\/div>\n<div style=\"font-weight: bold\">Salida AF.<\/div>\n<div>\n<p>80 dB.<\/p>\n<\/div>\n<div style=\"font-weight: bold\">Distorsi\u00f3n.<\/div>\n<div>\n<p>&lt; 85 dB.<\/p>\n<\/div>\n<div style=\"font-weight: bold\">Interface de control.<\/div>\n<div>\n<p>Display LCD, Control remoto.<\/p>\n<\/div>\n<div style=\"font-weight: bold\">Power.<\/div>\n<div>\n<p>RMS Continuo: 100 watts.Potencia m\u00e1xima: 180 watts.<\/p>\n<\/div>\n<div style=\"font-weight: bold\">Distorsi\u00f3n<\/div>\n<div>\n<p>1% (a 10 watts).<\/p>\n<\/div>\n<div style=\"font-weight: bold\">Sistema de altavoces.<\/div>\n<div>\n<p>Sistema de 2 v\u00edas.<\/p>\n<\/div>\n<div style=\"font-weight: bold\">Dispositivo de alta frecuencia.<\/div>\n<div>\n<p>Driver de compresi\u00f3n de 1\u201d pulgada.<\/p>\n<\/div>\n<div style=\"font-weight: bold\">Dispositivo de baja frecuencia.<\/div>\n<div>\n<p>10&#8243; rango completo.<\/p>\n<\/div>\n<div style=\"font-weight: bold\">Frequency response.<\/div>\n<div>\n<p>50 Hz &#8211; 18 kHz, &#8211; 3 dB.<\/p>\n<\/div>\n<div style=\"font-weight: bold\">Construcci\u00f3n.<\/div>\n<div>\n<p>Gabinete de polipropileno, rejilla de metal, 2 ruedas.<\/p>\n<\/div>\n<div style=\"font-weight: bold\">Agarraderas.<\/div>\n<div>\n<p>1 arriba, 1 estilo Trolley.<\/p>\n<\/div>\n<div style=\"font-weight: bold\">Agujero de montaje.<\/div>\n<div>\n<p>1 debajo.<\/p>\n<\/div>\n<div style=\"font-weight: bold\">Dimensions.<\/div>\n<div>\n<p>34 x 52 x 38 cm.<\/p>\n<\/div>\n<div style=\"font-weight: bold\">Weight.<\/div>\n<div>\n<p>19.5 Kg.<\/p>\n<\/div>\n<div style=\"font-weight: bold\">Recarga de bater\u00eda.<\/div>\n<div>\n<p>1 x 12V\/ 7A.<\/p>\n<\/div>\n<div style=\"font-weight: bold\">Tiempo de recarga de la bater\u00eda.<\/div>\n<div>\n<p>De 10 a 12 horas.<\/p>\n<\/div>\n<div style=\"font-weight: bold\">Duraci\u00f3n de la bater\u00eda.<\/div>\n<div>\n<p>De 3 a 4 horas.<\/p>\n<\/div>\n<div style=\"font-weight: bold\">Power supply.<\/div>\n<div>\n<p>Seleccionable 117V\/230V entrada AC, 12-24V entrada DC.<\/p>\n<\/div>\n<\/div>\n<div>\n<h4>Characteristics<\/h4>\n<\/div>\n<div>\n<ul style=\"margin: 0px 0px 0px 25px\">\n<li style=\"list-style-type: circle;margin: 5px\">Funci\u00f3n de m\u00f3dulo inal\u00e1mbrico de licencia libre UHF (863-865 MHz) con micr\u00f3fono de mano.<\/li>\n<li style=\"list-style-type: circle;margin: 5px\">Gabinete compacto y ligero para una m\u00e1xima portabilidad.<\/li>\n<\/ul>\n<\/div>\n<\/div>","protected":false},"excerpt":{"rendered":"<p>Sistema de altavoces Proel port\u00e1til con reproductor CD\/DVD\/MP3, puerto USB y sistema de micr\u00f3fono inal\u00e1mbrico UHF incluido. Conectores de entrada: Combo (entrada de micr\u00f3fono), 2 x RCA + mini-jack (entrada de l\u00ednea est\u00e9reo). Salidas: Salidade l\u00ednea est\u00e9reo (2 x RCA), salida de video (RCA). Sensibilidad: 95 dB. Potencia: RMS Continuo: 100 watts, m\u00e1xima: 180 watts. Respuesta de frecuencia: 50 Hz -18 kHz, &#8211; 3 dB.&hellip; <a class=\"kt-excerpt-readmore more-link\" href=\"https:\/\/www.mexicanguitarplayers.com\/en\/tienda\/audio\/sistemas-portatiles\/sistema-proel-portatil-mod-free10\/\">Read more<\/a><\/p>","protected":false},"featured_media":29535,"comment_status":"open","ping_status":"closed","template":"","meta":{"kt_blocks_editor_width":""},"pwb-brand":[252],"product_brand":[],"product_cat":[213,571],"product_tag":[],"class_list":{"0":"post-29540","1":"product","2":"type-product","3":"status-publish","4":"has-post-thumbnail","6":"pwb-brand-proel","7":"product_cat-audio","8":"product_cat-sistemas-portatiles","9":"product_shipping_class-0-5-kg","11":"first","12":"outofstock","13":"taxable","14":"shipping-taxable","15":"purchasable","16":"product-type-simple"},"yoast_head":"<!-- This site is optimized with the Yoast SEO plugin v27.6 - https:\/\/yoast.com\/product\/yoast-seo-wordpress\/ -->\n<title>SISTEMA PROEL PORTATIL MOD. FREE10 - Mexican Guitar Players<\/title>\n<meta name=\"description\" content=\"Sistema de altavoces Proel port\u00e1til con reproductor CD\/DVD\/MP3, puerto USB y sistema de micr\u00f3fono inal\u00e1mbrico UHF incluido. Conectores de entrada: Combo (entrada de micr\u00f3fono), 2 x RCA + mini-jack (entrada de l\u00ednea est\u00e9reo). Salidas: Salidade l\u00ednea est\u00e9reo (2 x RCA), salida de video (RCA). Sensibilidad: 95 dB. Potencia: RMS Continuo: 100 watts, m\u00e1xima: 180 watts. Respuesta de frecuencia: 50 Hz -18 kHz, - 3 dB.\" \/>\n<meta name=\"robots\" content=\"index, follow, max-snippet:-1, max-image-preview:large, max-video-preview:-1\" \/>\n<link rel=\"canonical\" href=\"https:\/\/www.mexicanguitarplayers.com\/en\/tienda\/sin%20categor\u00eda\/sistema-proel-portatil-mod-free10\/\" \/>\n<meta property=\"og:locale\" content=\"en_US\" \/>\n<meta property=\"og:type\" content=\"article\" \/>\n<meta property=\"og:title\" content=\"SISTEMA PROEL PORTATIL MOD. FREE10 - Mexican Guitar Players\" \/>\n<meta property=\"og:description\" content=\"Sistema de altavoces Proel port\u00e1til con reproductor CD\/DVD\/MP3, puerto USB y sistema de micr\u00f3fono inal\u00e1mbrico UHF incluido. Conectores de entrada: Combo (entrada de micr\u00f3fono), 2 x RCA + mini-jack (entrada de l\u00ednea est\u00e9reo). Salidas: Salidade l\u00ednea est\u00e9reo (2 x RCA), salida de video (RCA). Sensibilidad: 95 dB. Potencia: RMS Continuo: 100 watts, m\u00e1xima: 180 watts. Respuesta de frecuencia: 50 Hz -18 kHz, - 3 dB.\" \/>\n<meta property=\"og:url\" content=\"https:\/\/www.mexicanguitarplayers.com\/en\/tienda\/sin categor\u00eda\/sistema-proel-portatil-mod-free10\/\" \/>\n<meta property=\"og:site_name\" content=\"Mexican Guitar Players\" \/>\n<meta property=\"article:modified_time\" content=\"2026-04-10T10:38:35+00:00\" \/>\n<meta name=\"twitter:card\" content=\"summary_large_image\" \/>\n<meta name=\"twitter:label1\" content=\"Est. reading time\" \/>\n\t<meta name=\"twitter:data1\" content=\"3 minutes\" \/>\n<script type=\"application\/ld+json\" class=\"yoast-schema-graph\">{\"@context\":\"https:\\\/\\\/schema.org\",\"@graph\":[{\"@type\":[\"WebPage\",\"ItemPage\"],\"@id\":\"https:\\\/\\\/www.mexicanguitarplayers.com\\\/tienda\\\/sin categor\u00eda\\\/sistema-proel-portatil-mod-free10\\\/\",\"url\":\"https:\\\/\\\/www.mexicanguitarplayers.com\\\/tienda\\\/sin categor\u00eda\\\/sistema-proel-portatil-mod-free10\\\/\",\"name\":\"SISTEMA PROEL PORTATIL MOD. FREE10 - Mexican Guitar Players\",\"isPartOf\":{\"@id\":\"https:\\\/\\\/www.mexicanguitarplayers.com\\\/#website\"},\"primaryImageOfPage\":{\"@id\":\"https:\\\/\\\/www.mexicanguitarplayers.com\\\/tienda\\\/sin categor\u00eda\\\/sistema-proel-portatil-mod-free10\\\/#primaryimage\"},\"image\":{\"@id\":\"https:\\\/\\\/www.mexicanguitarplayers.com\\\/tienda\\\/sin categor\u00eda\\\/sistema-proel-portatil-mod-free10\\\/#primaryimage\"},\"thumbnailUrl\":\"https:\\\/\\\/www.mexicanguitarplayers.com\\\/wp-content\\\/uploads\\\/2025\\\/04\\\/IAPREFREE10.jpg\",\"datePublished\":\"2025-04-08T16:42:30+00:00\",\"dateModified\":\"2026-04-10T10:38:35+00:00\",\"description\":\"Sistema de altavoces Proel port\u00e1til con reproductor CD\\\/DVD\\\/MP3, puerto USB y sistema de micr\u00f3fono inal\u00e1mbrico UHF incluido. Conectores de entrada: Combo (entrada de micr\u00f3fono), 2 x RCA + mini-jack (entrada de l\u00ednea est\u00e9reo). Salidas: Salidade l\u00ednea est\u00e9reo (2 x RCA), salida de video (RCA). Sensibilidad: 95 dB. Potencia: RMS Continuo: 100 watts, m\u00e1xima: 180 watts. Respuesta de frecuencia: 50 Hz -18 kHz, - 3 dB.\",\"breadcrumb\":{\"@id\":\"https:\\\/\\\/www.mexicanguitarplayers.com\\\/tienda\\\/sin categor\u00eda\\\/sistema-proel-portatil-mod-free10\\\/#breadcrumb\"},\"inLanguage\":\"en-US\",\"potentialAction\":[{\"@type\":\"ReadAction\",\"target\":[\"https:\\\/\\\/www.mexicanguitarplayers.com\\\/tienda\\\/sin categor\u00eda\\\/sistema-proel-portatil-mod-free10\\\/\"]}]},{\"@type\":\"ImageObject\",\"inLanguage\":\"en-US\",\"@id\":\"https:\\\/\\\/www.mexicanguitarplayers.com\\\/tienda\\\/sin categor\u00eda\\\/sistema-proel-portatil-mod-free10\\\/#primaryimage\",\"url\":\"https:\\\/\\\/www.mexicanguitarplayers.com\\\/wp-content\\\/uploads\\\/2025\\\/04\\\/IAPREFREE10.jpg\",\"contentUrl\":\"https:\\\/\\\/www.mexicanguitarplayers.com\\\/wp-content\\\/uploads\\\/2025\\\/04\\\/IAPREFREE10.jpg\",\"width\":1200,\"height\":1200},{\"@type\":\"BreadcrumbList\",\"@id\":\"https:\\\/\\\/www.mexicanguitarplayers.com\\\/tienda\\\/sin categor\u00eda\\\/sistema-proel-portatil-mod-free10\\\/#breadcrumb\",\"itemListElement\":[{\"@type\":\"ListItem\",\"position\":1,\"name\":\"Portada\",\"item\":\"https:\\\/\\\/www.mexicanguitarplayers.com\\\/\"},{\"@type\":\"ListItem\",\"position\":2,\"name\":\"Tienda\",\"item\":\"https:\\\/\\\/www.mexicanguitarplayers.com\\\/tienda\\\/\"},{\"@type\":\"ListItem\",\"position\":3,\"name\":\"SISTEMA PROEL PORTATIL MOD. FREE10\"}]},{\"@type\":\"WebSite\",\"@id\":\"https:\\\/\\\/www.mexicanguitarplayers.com\\\/#website\",\"url\":\"https:\\\/\\\/www.mexicanguitarplayers.com\\\/\",\"name\":\"Mexican Guitar Players\",\"description\":\"Website\",\"publisher\":{\"@id\":\"https:\\\/\\\/www.mexicanguitarplayers.com\\\/#organization\"},\"potentialAction\":[{\"@type\":\"SearchAction\",\"target\":{\"@type\":\"EntryPoint\",\"urlTemplate\":\"https:\\\/\\\/www.mexicanguitarplayers.com\\\/?s={search_term_string}\"},\"query-input\":{\"@type\":\"PropertyValueSpecification\",\"valueRequired\":true,\"valueName\":\"search_term_string\"}}],\"inLanguage\":\"en-US\"},{\"@type\":\"Organization\",\"@id\":\"https:\\\/\\\/www.mexicanguitarplayers.com\\\/#organization\",\"name\":\"Mexican Guitar Players\",\"url\":\"https:\\\/\\\/www.mexicanguitarplayers.com\\\/\",\"logo\":{\"@type\":\"ImageObject\",\"inLanguage\":\"en-US\",\"@id\":\"https:\\\/\\\/www.mexicanguitarplayers.com\\\/#\\\/schema\\\/logo\\\/image\\\/\",\"url\":\"\",\"contentUrl\":\"\",\"caption\":\"Mexican Guitar Players\"},\"image\":{\"@id\":\"https:\\\/\\\/www.mexicanguitarplayers.com\\\/#\\\/schema\\\/logo\\\/image\\\/\"}}]}<\/script>\n<!-- \/ Yoast SEO plugin. -->","yoast_head_json":{"title":"SISTEMA PROEL PORTATIL MOD. FREE10 - Mexican Guitar Players","description":"Sistema de altavoces Proel port\u00e1til con reproductor CD\/DVD\/MP3, puerto USB y sistema de micr\u00f3fono inal\u00e1mbrico UHF incluido. Conectores de entrada: Combo (entrada de micr\u00f3fono), 2 x RCA + mini-jack (entrada de l\u00ednea est\u00e9reo). Salidas: Salidade l\u00ednea est\u00e9reo (2 x RCA), salida de video (RCA). Sensibilidad: 95 dB. Potencia: RMS Continuo: 100 watts, m\u00e1xima: 180 watts. Respuesta de frecuencia: 50 Hz -18 kHz, - 3 dB.","robots":{"index":"index","follow":"follow","max-snippet":"max-snippet:-1","max-image-preview":"max-image-preview:large","max-video-preview":"max-video-preview:-1"},"canonical":"https:\/\/www.mexicanguitarplayers.com\/en\/tienda\/sin categor\u00eda\/sistema-proel-portatil-mod-free10\/","og_locale":"en_US","og_type":"article","og_title":"SISTEMA PROEL PORTATIL MOD. FREE10 - Mexican Guitar Players","og_description":"Sistema de altavoces Proel port\u00e1til con reproductor CD\/DVD\/MP3, puerto USB y sistema de micr\u00f3fono inal\u00e1mbrico UHF incluido. Conectores de entrada: Combo (entrada de micr\u00f3fono), 2 x RCA + mini-jack (entrada de l\u00ednea est\u00e9reo). Salidas: Salidade l\u00ednea est\u00e9reo (2 x RCA), salida de video (RCA). Sensibilidad: 95 dB. Potencia: RMS Continuo: 100 watts, m\u00e1xima: 180 watts. Respuesta de frecuencia: 50 Hz -18 kHz, - 3 dB.","og_url":"https:\/\/www.mexicanguitarplayers.com\/en\/tienda\/sin categor\u00eda\/sistema-proel-portatil-mod-free10\/","og_site_name":"Mexican Guitar Players","article_modified_time":"2026-04-10T10:38:35+00:00","twitter_card":"summary_large_image","twitter_misc":{"Est. reading time":"3 minutes"},"schema":{"@context":"https:\/\/schema.org","@graph":[{"@type":["WebPage","ItemPage"],"@id":"https:\/\/www.mexicanguitarplayers.com\/tienda\/sin categor\u00eda\/sistema-proel-portatil-mod-free10\/","url":"https:\/\/www.mexicanguitarplayers.com\/tienda\/sin categor\u00eda\/sistema-proel-portatil-mod-free10\/","name":"SISTEMA PROEL PORTATIL MOD. FREE10 - Mexican Guitar Players","isPartOf":{"@id":"https:\/\/www.mexicanguitarplayers.com\/#website"},"primaryImageOfPage":{"@id":"https:\/\/www.mexicanguitarplayers.com\/tienda\/sin categor\u00eda\/sistema-proel-portatil-mod-free10\/#primaryimage"},"image":{"@id":"https:\/\/www.mexicanguitarplayers.com\/tienda\/sin categor\u00eda\/sistema-proel-portatil-mod-free10\/#primaryimage"},"thumbnailUrl":"https:\/\/www.mexicanguitarplayers.com\/wp-content\/uploads\/2025\/04\/IAPREFREE10.jpg","datePublished":"2025-04-08T16:42:30+00:00","dateModified":"2026-04-10T10:38:35+00:00","description":"Sistema de altavoces Proel port\u00e1til con reproductor CD\/DVD\/MP3, puerto USB y sistema de micr\u00f3fono inal\u00e1mbrico UHF incluido. Conectores de entrada: Combo (entrada de micr\u00f3fono), 2 x RCA + mini-jack (entrada de l\u00ednea est\u00e9reo). Salidas: Salidade l\u00ednea est\u00e9reo (2 x RCA), salida de video (RCA). Sensibilidad: 95 dB. Potencia: RMS Continuo: 100 watts, m\u00e1xima: 180 watts. Respuesta de frecuencia: 50 Hz -18 kHz, - 3 dB.","breadcrumb":{"@id":"https:\/\/www.mexicanguitarplayers.com\/tienda\/sin categor\u00eda\/sistema-proel-portatil-mod-free10\/#breadcrumb"},"inLanguage":"en-US","potentialAction":[{"@type":"ReadAction","target":["https:\/\/www.mexicanguitarplayers.com\/tienda\/sin categor\u00eda\/sistema-proel-portatil-mod-free10\/"]}]},{"@type":"ImageObject","inLanguage":"en-US","@id":"https:\/\/www.mexicanguitarplayers.com\/tienda\/sin categor\u00eda\/sistema-proel-portatil-mod-free10\/#primaryimage","url":"https:\/\/www.mexicanguitarplayers.com\/wp-content\/uploads\/2025\/04\/IAPREFREE10.jpg","contentUrl":"https:\/\/www.mexicanguitarplayers.com\/wp-content\/uploads\/2025\/04\/IAPREFREE10.jpg","width":1200,"height":1200},{"@type":"BreadcrumbList","@id":"https:\/\/www.mexicanguitarplayers.com\/tienda\/sin categor\u00eda\/sistema-proel-portatil-mod-free10\/#breadcrumb","itemListElement":[{"@type":"ListItem","position":1,"name":"Portada","item":"https:\/\/www.mexicanguitarplayers.com\/"},{"@type":"ListItem","position":2,"name":"Tienda","item":"https:\/\/www.mexicanguitarplayers.com\/tienda\/"},{"@type":"ListItem","position":3,"name":"SISTEMA PROEL PORTATIL MOD. FREE10"}]},{"@type":"WebSite","@id":"https:\/\/www.mexicanguitarplayers.com\/#website","url":"https:\/\/www.mexicanguitarplayers.com\/","name":"Mexican Guitar Players","description":"Website","publisher":{"@id":"https:\/\/www.mexicanguitarplayers.com\/#organization"},"potentialAction":[{"@type":"SearchAction","target":{"@type":"EntryPoint","urlTemplate":"https:\/\/www.mexicanguitarplayers.com\/?s={search_term_string}"},"query-input":{"@type":"PropertyValueSpecification","valueRequired":true,"valueName":"search_term_string"}}],"inLanguage":"en-US"},{"@type":"Organization","@id":"https:\/\/www.mexicanguitarplayers.com\/#organization","name":"Mexican Guitar Players","url":"https:\/\/www.mexicanguitarplayers.com\/","logo":{"@type":"ImageObject","inLanguage":"en-US","@id":"https:\/\/www.mexicanguitarplayers.com\/#\/schema\/logo\/image\/","url":"","contentUrl":"","caption":"Mexican Guitar Players"},"image":{"@id":"https:\/\/www.mexicanguitarplayers.com\/#\/schema\/logo\/image\/"}}]}},"brands":[{"id":252,"name":"PROEL","slug":"proel"}],"_links":{"self":[{"href":"https:\/\/www.mexicanguitarplayers.com\/en\/wp-json\/wp\/v2\/product\/29540","targetHints":{"allow":["GET"]}}],"collection":[{"href":"https:\/\/www.mexicanguitarplayers.com\/en\/wp-json\/wp\/v2\/product"}],"about":[{"href":"https:\/\/www.mexicanguitarplayers.com\/en\/wp-json\/wp\/v2\/types\/product"}],"replies":[{"embeddable":true,"href":"https:\/\/www.mexicanguitarplayers.com\/en\/wp-json\/wp\/v2\/comments?post=29540"}],"wp:featuredmedia":[{"embeddable":true,"href":"https:\/\/www.mexicanguitarplayers.com\/en\/wp-json\/wp\/v2\/media\/29535"}],"wp:attachment":[{"href":"https:\/\/www.mexicanguitarplayers.com\/en\/wp-json\/wp\/v2\/media?parent=29540"}],"wp:term":[{"taxonomy":"pwb-brand","embeddable":true,"href":"https:\/\/www.mexicanguitarplayers.com\/en\/wp-json\/wp\/v2\/pwb-brand?post=29540"},{"taxonomy":"product_brand","embeddable":true,"href":"https:\/\/www.mexicanguitarplayers.com\/en\/wp-json\/wp\/v2\/product_brand?post=29540"},{"taxonomy":"product_cat","embeddable":true,"href":"https:\/\/www.mexicanguitarplayers.com\/en\/wp-json\/wp\/v2\/product_cat?post=29540"},{"taxonomy":"product_tag","embeddable":true,"href":"https:\/\/www.mexicanguitarplayers.com\/en\/wp-json\/wp\/v2\/product_tag?post=29540"}],"curies":[{"name":"wp","href":"https:\/\/api.w.org\/{rel}","templated":true}]}}