{"id":29551,"date":"2025-04-08T10:42:46","date_gmt":"2025-04-08T16:42:46","guid":{"rendered":"https:\/\/www.mexicanguitarplayers.com\/tienda\/sin categor\u00eda\/amplificador-e-v-poder-mod-cp-1800\/"},"modified":"2026-01-22T04:21:30","modified_gmt":"2026-01-22T10:21:30","slug":"amplificador-e-v-poder-mod-cp-1800","status":"publish","type":"product","link":"https:\/\/www.mexicanguitarplayers.com\/en\/tienda\/audio\/amplificadores-audio\/amplificadores-de-potencia\/amplificador-e-v-poder-mod-cp-1800\/","title":{"rendered":"AMPLIFICADOR E.V. PODER  MOD. CP-1800"},"content":{"rendered":"<div style=\"text-align: justify\">\n<div>\n<h3>Un amplificador \u00fanico en su clase.<\/h3>\n<\/div>\n<div>El desempe\u00f1o sonoro de la serie CP es simplemente extraordinaria, Optimizada en el suministro de poder con un m\u00ednimo de fuga en los transformadores toroidales y constante uso en tecnolog\u00eda de clase H , nos entrega un extenso headroom lejos del nivel nominal de salida, Al mismo tiempo contribuye a la reducci\u00f3n de peso y disipaci\u00f3n.<\/div>\n<div>\n<h4>Quick look<\/h4>\n<\/div>\n<ul style=\"margin: 0px 0px 0px 25px\">\n<li style=\"list-style-type: circle;margin: 5px\">Potencia m\u00e1xima de salida de banda media.<\/li>\n<li style=\"list-style-type: circle;margin: 5px\">Output power.<\/li>\n<li style=\"list-style-type: circle;margin: 5px\">Potencia de salida m\u00e1xima de canal \u00fanico, IHF-A.<\/li>\n<li style=\"list-style-type: circle;margin: 5px\">Potencia de salida m\u00e1xima de canal \u00fanico, (Continuo, 1 kHz, THD=1%).<\/li>\n<li style=\"list-style-type: circle;margin: 5px\">Oscilaci\u00f3n m\u00e1xima de voltaje RMS.<\/li>\n<li style=\"list-style-type: circle;margin: 5px\">Potencia de ancho de banda.<\/li>\n<li style=\"list-style-type: circle;margin: 5px\">Ganancia de voltaje.<\/li>\n<li style=\"list-style-type: circle;margin: 5px\">Sensibilidad de entrada.<\/li>\n<li style=\"list-style-type: circle;margin: 5px\">Distorsi\u00f3n arm\u00f3nica total (a potencia nominal de salida MBW = 80 kHz, 1 kHz).<\/li>\n<li style=\"list-style-type: circle;margin: 5px\">IMD-SMPTE (60 Hz &#8211; 7 kHz).<\/li>\n<li style=\"list-style-type: circle;margin: 5px\">DIM30 (3.15 kHz &#8211; 15 kHz).<\/li>\n<li style=\"list-style-type: circle;margin: 5px\">Nivel m\u00e1ximo de salida.<\/li>\n<li style=\"list-style-type: circle;margin: 5px\">Crosstalk.<\/li>\n<li style=\"list-style-type: circle;margin: 5px\">Frequency response.<\/li>\n<li style=\"list-style-type: circle;margin: 5px\">Factor de amortiguamiento.<\/li>\n<li style=\"list-style-type: circle;margin: 5px\">Velocidad de subida.<\/li>\n<li style=\"list-style-type: circle;margin: 5px\">Relaci\u00f3n se\u00f1al a ruido, amplificador ponderado.<\/li>\n<li style=\"list-style-type: circle;margin: 5px\">Topolog\u00eda de etapa de salida.<\/li>\n<li style=\"list-style-type: circle;margin: 5px\">Power requirements.<\/li>\n<li style=\"list-style-type: circle;margin: 5px\">Energy consumption.<\/li>\n<li style=\"list-style-type: circle;margin: 5px\">Protecci\u00f3n.<\/li>\n<li style=\"list-style-type: circle;margin: 5px\">Enfriamiento.<\/li>\n<li style=\"list-style-type: circle;margin: 5px\">Clase de seguridad.<\/li>\n<li style=\"list-style-type: circle;margin: 5px\">Dimensions.<\/li>\n<li style=\"list-style-type: circle;margin: 5px\">Weight.<\/li>\n<\/ul>\n<div>\n<div style=\"font-weight: bold\">Potencia m\u00e1xima de salida de banda media.<\/div>\n<div>\n<p>THD = 1%, 1 kHz, Canal dual. 2 ohms: 900 watts. 4 ohms: 600 watts. 8 ohms: 350 watts.<\/p>\n<\/div>\n<div style=\"font-weight: bold\">Output power.<\/div>\n<div>\n<p>2 ohms: N\/A. 4 ohms: 500 watts. 8 ohms: 250 watts.<\/p>\n<\/div>\n<div style=\"font-weight: bold\">Potencia de salida m\u00e1xima de canal \u00fanico, IHF-A.<\/div>\n<div>\n<p>2 ohms: 1450 watts. 4 ohms: 850 watts. 8 ohms: 450 watts.<\/p>\n<\/div>\n<div style=\"font-weight: bold\">Potencia de salida m\u00e1xima de canal \u00fanico, (Continuo, 1 kHz, THD=1%).<\/div>\n<div>\n<p>2 ohms: 1200 watts 4 ohms: 720 watts. 8 ohms: 410 watts.<\/p>\n<\/div>\n<div style=\"font-weight: bold\">Oscilaci\u00f3n m\u00e1xima de voltaje RMS.<\/div>\n<div>\n<p>62V.<\/p>\n<\/div>\n<div style=\"font-weight: bold\">Potencia de ancho de banda.<\/div>\n<div>\n<p>10 Hz &#8211; 60 kHz.<\/p>\n<\/div>\n<div style=\"font-weight: bold\">Ganancia de voltaje.<\/div>\n<div>\n<p>32 dB.<\/p>\n<\/div>\n<div style=\"font-weight: bold\">Sensibilidad de entrada.<\/div>\n<div>\n<p>+3.2 dBu (1.12 Vrms).<\/p>\n<\/div>\n<div style=\"font-weight: bold\">Distorsi\u00f3n arm\u00f3nica total (a potencia nominal de salida MBW = 80 kHz, 1 kHz).<\/div>\n<div>\n<p>&lt;0.05%.<\/p>\n<\/div>\n<div style=\"font-weight: bold\">IMD-SMPTE (60 Hz &#8211; 7 kHz).<\/div>\n<div>\n<p>&lt;0.02%.<\/p>\n<\/div>\n<div style=\"font-weight: bold\">DIM30 (3.15 kHz &#8211; 15 kHz).<\/div>\n<div>\n<p>&lt;0.01%.<\/p>\n<\/div>\n<div style=\"font-weight: bold\">Nivel m\u00e1ximo de salida.<\/div>\n<div>\n<p>+22 dBu (9.76 Vrms).<\/p>\n<\/div>\n<div style=\"font-weight: bold\">Crosstalk.<\/div>\n<div>\n<p>&lt; -80 dB.<\/p>\n<\/div>\n<div style=\"font-weight: bold\">Frequency response.<\/div>\n<div>\n<p>15 Hz &#8211; 40 kHz (+\/- 1 dB).<\/p>\n<\/div>\n<div style=\"font-weight: bold\">Factor de amortiguamiento.<\/div>\n<div>\n<p>&gt; 300.<\/p>\n<\/div>\n<div style=\"font-weight: bold\">Velocidad de subida.<\/div>\n<div>\n<p>30 V\/us.<\/p>\n<\/div>\n<div style=\"font-weight: bold\">Relaci\u00f3n se\u00f1al a ruido, amplificador ponderado.<\/div>\n<div>\n<p>105.5 dB.<\/p>\n<\/div>\n<div style=\"font-weight: bold\">Topolog\u00eda de etapa de salida.<\/div>\n<div>\n<p>Clase H.<\/p>\n<\/div>\n<div style=\"font-weight: bold\">Power requirements.<\/div>\n<div>\n<p>240, 230, 120 o 100V, 50\/60 Hz (configurado de f\u00e1brica).<\/p>\n<\/div>\n<div style=\"font-weight: bold\">Energy consumption.<\/div>\n<div>\n<p>500 watts.<\/p>\n<\/div>\n<div style=\"font-weight: bold\">Protecci\u00f3n.<\/div>\n<div>\n<p>Limitadores de audio, alta temperatura, DC, HF, Back-EMF, limitadores de pico, limitadores de irrupci\u00f3n, encendido retardado.<\/p>\n<\/div>\n<div style=\"font-weight: bold\">Enfriamiento.<\/div>\n<div>\n<p>Frontal a parte posterior, ventilador de 3 etapas.<\/p>\n<\/div>\n<div style=\"font-weight: bold\">Clase de seguridad.<\/div>\n<div>\n<p>I.<\/p>\n<\/div>\n<div style=\"font-weight: bold\">Dimensions.<\/div>\n<div>\n<p>483 x 88.1 x 386.8 mm.<\/p>\n<\/div>\n<div style=\"font-weight: bold\">Weight.<\/div>\n<div>\n<p>15 kg.<\/p>\n<\/div>\n<\/div>\n<\/div>","protected":false},"excerpt":{"rendered":"<p>Amplificador de potencia, Clase H, 2 ohms: 900 watts, 4 ohms: 600 watts, 8 ohms:350 watts, entradas XLR y salidas speakon, ganancia de voltaje: 32 dB, sensibilidad de entrada: +3.2 dBu, crosstalk: &lt; -80 dB, respuesta de frecuencia: 15 Hz -40 kHz, relaci\u00f3n se\u00f1al a ruido: 105.5 dB, consumo de energ\u00eda: 500 watts, dimensiones: 483 x 88.1 x 386.8 mm, peso: 15 kg.&hellip; <a class=\"kt-excerpt-readmore more-link\" href=\"https:\/\/www.mexicanguitarplayers.com\/en\/tienda\/audio\/amplificadores-audio\/amplificadores-de-potencia\/amplificador-e-v-poder-mod-cp-1800\/\">Read more<\/a><\/p>","protected":false},"featured_media":29541,"comment_status":"open","ping_status":"closed","template":"","meta":{"kt_blocks_editor_width":""},"pwb-brand":[535],"product_brand":[],"product_cat":[219,220,213],"product_tag":[],"class_list":{"0":"post-29551","1":"product","2":"type-product","3":"status-publish","4":"has-post-thumbnail","6":"pwb-brand-electrovoice","7":"product_cat-amplificadores-audio","8":"product_cat-amplificadores-de-potencia","9":"product_cat-audio","10":"product_shipping_class-15-20-kg","12":"first","13":"instock","14":"taxable","15":"shipping-taxable","16":"purchasable","17":"product-type-simple"},"yoast_head":"<!-- This site is optimized with the Yoast SEO plugin v27.3 - https:\/\/yoast.com\/product\/yoast-seo-wordpress\/ -->\n<title>AMPLIFICADOR E.V. PODER MOD. CP-1800 - Mexican Guitar Players<\/title>\n<meta name=\"description\" content=\"Amplificador de potencia, Clase H, 2 ohms: 900 watts, 4 ohms: 600 watts, 8 ohms:350 watts, entradas XLR y salidas speakon, ganancia de voltaje: 32 dB, sensibilidad de entrada: +3.2 dBu, crosstalk: &lt; -80 dB, respuesta de frecuencia: 15 Hz -40 kHz, relaci\u00f3n se\u00f1al a ruido: 105.5 dB, consumo de energ\u00eda: 500 watts, dimensiones: 483 x 88.1 x 386.8 mm, peso: 15 kg.\" \/>\n<meta name=\"robots\" content=\"index, follow, max-snippet:-1, max-image-preview:large, max-video-preview:-1\" \/>\n<link rel=\"canonical\" href=\"https:\/\/www.mexicanguitarplayers.com\/en\/tienda\/sin%20categor\u00eda\/amplificador-e-v-poder-mod-cp-1800\/\" \/>\n<meta property=\"og:locale\" content=\"en_US\" \/>\n<meta property=\"og:type\" content=\"article\" \/>\n<meta property=\"og:title\" content=\"AMPLIFICADOR E.V. PODER MOD. CP-1800 - Mexican Guitar Players\" \/>\n<meta property=\"og:description\" content=\"Amplificador de potencia, Clase H, 2 ohms: 900 watts, 4 ohms: 600 watts, 8 ohms:350 watts, entradas XLR y salidas speakon, ganancia de voltaje: 32 dB, sensibilidad de entrada: +3.2 dBu, crosstalk: &lt; -80 dB, respuesta de frecuencia: 15 Hz -40 kHz, relaci\u00f3n se\u00f1al a ruido: 105.5 dB, consumo de energ\u00eda: 500 watts, dimensiones: 483 x 88.1 x 386.8 mm, peso: 15 kg.\" \/>\n<meta property=\"og:url\" content=\"https:\/\/www.mexicanguitarplayers.com\/en\/tienda\/sin categor\u00eda\/amplificador-e-v-poder-mod-cp-1800\/\" \/>\n<meta property=\"og:site_name\" content=\"Mexican Guitar Players\" \/>\n<meta property=\"article:modified_time\" content=\"2026-01-22T10:21:30+00:00\" \/>\n<meta name=\"twitter:card\" content=\"summary_large_image\" \/>\n<meta name=\"twitter:label1\" content=\"Est. reading time\" \/>\n\t<meta name=\"twitter:data1\" content=\"2 minutes\" \/>\n<script type=\"application\/ld+json\" class=\"yoast-schema-graph\">{\"@context\":\"https:\\\/\\\/schema.org\",\"@graph\":[{\"@type\":[\"WebPage\",\"ItemPage\"],\"@id\":\"https:\\\/\\\/www.mexicanguitarplayers.com\\\/tienda\\\/sin categor\u00eda\\\/amplificador-e-v-poder-mod-cp-1800\\\/\",\"url\":\"https:\\\/\\\/www.mexicanguitarplayers.com\\\/tienda\\\/sin categor\u00eda\\\/amplificador-e-v-poder-mod-cp-1800\\\/\",\"name\":\"AMPLIFICADOR E.V. PODER MOD. CP-1800 - Mexican Guitar Players\",\"isPartOf\":{\"@id\":\"https:\\\/\\\/www.mexicanguitarplayers.com\\\/#website\"},\"primaryImageOfPage\":{\"@id\":\"https:\\\/\\\/www.mexicanguitarplayers.com\\\/tienda\\\/sin categor\u00eda\\\/amplificador-e-v-poder-mod-cp-1800\\\/#primaryimage\"},\"image\":{\"@id\":\"https:\\\/\\\/www.mexicanguitarplayers.com\\\/tienda\\\/sin categor\u00eda\\\/amplificador-e-v-poder-mod-cp-1800\\\/#primaryimage\"},\"thumbnailUrl\":\"https:\\\/\\\/www.mexicanguitarplayers.com\\\/wp-content\\\/uploads\\\/2025\\\/04\\\/IAEVOCP1800.jpg\",\"datePublished\":\"2025-04-08T16:42:46+00:00\",\"dateModified\":\"2026-01-22T10:21:30+00:00\",\"description\":\"Amplificador de potencia, Clase H, 2 ohms: 900 watts, 4 ohms: 600 watts, 8 ohms:350 watts, entradas XLR y salidas speakon, ganancia de voltaje: 32 dB, sensibilidad de entrada: +3.2 dBu, crosstalk: &lt; -80 dB, respuesta de frecuencia: 15 Hz -40 kHz, relaci\u00f3n se\u00f1al a ruido: 105.5 dB, consumo de energ\u00eda: 500 watts, dimensiones: 483 x 88.1 x 386.8 mm, peso: 15 kg.\",\"breadcrumb\":{\"@id\":\"https:\\\/\\\/www.mexicanguitarplayers.com\\\/tienda\\\/sin categor\u00eda\\\/amplificador-e-v-poder-mod-cp-1800\\\/#breadcrumb\"},\"inLanguage\":\"en-US\",\"potentialAction\":[{\"@type\":\"ReadAction\",\"target\":[\"https:\\\/\\\/www.mexicanguitarplayers.com\\\/tienda\\\/sin categor\u00eda\\\/amplificador-e-v-poder-mod-cp-1800\\\/\"]}]},{\"@type\":\"ImageObject\",\"inLanguage\":\"en-US\",\"@id\":\"https:\\\/\\\/www.mexicanguitarplayers.com\\\/tienda\\\/sin categor\u00eda\\\/amplificador-e-v-poder-mod-cp-1800\\\/#primaryimage\",\"url\":\"https:\\\/\\\/www.mexicanguitarplayers.com\\\/wp-content\\\/uploads\\\/2025\\\/04\\\/IAEVOCP1800.jpg\",\"contentUrl\":\"https:\\\/\\\/www.mexicanguitarplayers.com\\\/wp-content\\\/uploads\\\/2025\\\/04\\\/IAEVOCP1800.jpg\",\"width\":1600,\"height\":800},{\"@type\":\"BreadcrumbList\",\"@id\":\"https:\\\/\\\/www.mexicanguitarplayers.com\\\/tienda\\\/sin categor\u00eda\\\/amplificador-e-v-poder-mod-cp-1800\\\/#breadcrumb\",\"itemListElement\":[{\"@type\":\"ListItem\",\"position\":1,\"name\":\"Portada\",\"item\":\"https:\\\/\\\/www.mexicanguitarplayers.com\\\/\"},{\"@type\":\"ListItem\",\"position\":2,\"name\":\"Tienda\",\"item\":\"https:\\\/\\\/www.mexicanguitarplayers.com\\\/tienda\\\/\"},{\"@type\":\"ListItem\",\"position\":3,\"name\":\"AMPLIFICADOR E.V. PODER MOD. CP-1800\"}]},{\"@type\":\"WebSite\",\"@id\":\"https:\\\/\\\/www.mexicanguitarplayers.com\\\/#website\",\"url\":\"https:\\\/\\\/www.mexicanguitarplayers.com\\\/\",\"name\":\"Mexican Guitar Players\",\"description\":\"Website\",\"publisher\":{\"@id\":\"https:\\\/\\\/www.mexicanguitarplayers.com\\\/#organization\"},\"potentialAction\":[{\"@type\":\"SearchAction\",\"target\":{\"@type\":\"EntryPoint\",\"urlTemplate\":\"https:\\\/\\\/www.mexicanguitarplayers.com\\\/?s={search_term_string}\"},\"query-input\":{\"@type\":\"PropertyValueSpecification\",\"valueRequired\":true,\"valueName\":\"search_term_string\"}}],\"inLanguage\":\"en-US\"},{\"@type\":\"Organization\",\"@id\":\"https:\\\/\\\/www.mexicanguitarplayers.com\\\/#organization\",\"name\":\"Mexican Guitar Players\",\"url\":\"https:\\\/\\\/www.mexicanguitarplayers.com\\\/\",\"logo\":{\"@type\":\"ImageObject\",\"inLanguage\":\"en-US\",\"@id\":\"https:\\\/\\\/www.mexicanguitarplayers.com\\\/#\\\/schema\\\/logo\\\/image\\\/\",\"url\":\"\",\"contentUrl\":\"\",\"caption\":\"Mexican Guitar Players\"},\"image\":{\"@id\":\"https:\\\/\\\/www.mexicanguitarplayers.com\\\/#\\\/schema\\\/logo\\\/image\\\/\"}}]}<\/script>\n<!-- \/ Yoast SEO plugin. -->","yoast_head_json":{"title":"AMPLIFICADOR E.V. PODER MOD. CP-1800 - Mexican Guitar Players","description":"Amplificador de potencia, Clase H, 2 ohms: 900 watts, 4 ohms: 600 watts, 8 ohms:350 watts, entradas XLR y salidas speakon, ganancia de voltaje: 32 dB, sensibilidad de entrada: +3.2 dBu, crosstalk: &lt; -80 dB, respuesta de frecuencia: 15 Hz -40 kHz, relaci\u00f3n se\u00f1al a ruido: 105.5 dB, consumo de energ\u00eda: 500 watts, dimensiones: 483 x 88.1 x 386.8 mm, peso: 15 kg.","robots":{"index":"index","follow":"follow","max-snippet":"max-snippet:-1","max-image-preview":"max-image-preview:large","max-video-preview":"max-video-preview:-1"},"canonical":"https:\/\/www.mexicanguitarplayers.com\/en\/tienda\/sin categor\u00eda\/amplificador-e-v-poder-mod-cp-1800\/","og_locale":"en_US","og_type":"article","og_title":"AMPLIFICADOR E.V. PODER MOD. CP-1800 - Mexican Guitar Players","og_description":"Amplificador de potencia, Clase H, 2 ohms: 900 watts, 4 ohms: 600 watts, 8 ohms:350 watts, entradas XLR y salidas speakon, ganancia de voltaje: 32 dB, sensibilidad de entrada: +3.2 dBu, crosstalk: &lt; -80 dB, respuesta de frecuencia: 15 Hz -40 kHz, relaci\u00f3n se\u00f1al a ruido: 105.5 dB, consumo de energ\u00eda: 500 watts, dimensiones: 483 x 88.1 x 386.8 mm, peso: 15 kg.","og_url":"https:\/\/www.mexicanguitarplayers.com\/en\/tienda\/sin categor\u00eda\/amplificador-e-v-poder-mod-cp-1800\/","og_site_name":"Mexican Guitar Players","article_modified_time":"2026-01-22T10:21:30+00:00","twitter_card":"summary_large_image","twitter_misc":{"Est. reading time":"2 minutes"},"schema":{"@context":"https:\/\/schema.org","@graph":[{"@type":["WebPage","ItemPage"],"@id":"https:\/\/www.mexicanguitarplayers.com\/tienda\/sin categor\u00eda\/amplificador-e-v-poder-mod-cp-1800\/","url":"https:\/\/www.mexicanguitarplayers.com\/tienda\/sin categor\u00eda\/amplificador-e-v-poder-mod-cp-1800\/","name":"AMPLIFICADOR E.V. PODER MOD. CP-1800 - Mexican Guitar Players","isPartOf":{"@id":"https:\/\/www.mexicanguitarplayers.com\/#website"},"primaryImageOfPage":{"@id":"https:\/\/www.mexicanguitarplayers.com\/tienda\/sin categor\u00eda\/amplificador-e-v-poder-mod-cp-1800\/#primaryimage"},"image":{"@id":"https:\/\/www.mexicanguitarplayers.com\/tienda\/sin categor\u00eda\/amplificador-e-v-poder-mod-cp-1800\/#primaryimage"},"thumbnailUrl":"https:\/\/www.mexicanguitarplayers.com\/wp-content\/uploads\/2025\/04\/IAEVOCP1800.jpg","datePublished":"2025-04-08T16:42:46+00:00","dateModified":"2026-01-22T10:21:30+00:00","description":"Amplificador de potencia, Clase H, 2 ohms: 900 watts, 4 ohms: 600 watts, 8 ohms:350 watts, entradas XLR y salidas speakon, ganancia de voltaje: 32 dB, sensibilidad de entrada: +3.2 dBu, crosstalk: &lt; -80 dB, respuesta de frecuencia: 15 Hz -40 kHz, relaci\u00f3n se\u00f1al a ruido: 105.5 dB, consumo de energ\u00eda: 500 watts, dimensiones: 483 x 88.1 x 386.8 mm, peso: 15 kg.","breadcrumb":{"@id":"https:\/\/www.mexicanguitarplayers.com\/tienda\/sin categor\u00eda\/amplificador-e-v-poder-mod-cp-1800\/#breadcrumb"},"inLanguage":"en-US","potentialAction":[{"@type":"ReadAction","target":["https:\/\/www.mexicanguitarplayers.com\/tienda\/sin categor\u00eda\/amplificador-e-v-poder-mod-cp-1800\/"]}]},{"@type":"ImageObject","inLanguage":"en-US","@id":"https:\/\/www.mexicanguitarplayers.com\/tienda\/sin categor\u00eda\/amplificador-e-v-poder-mod-cp-1800\/#primaryimage","url":"https:\/\/www.mexicanguitarplayers.com\/wp-content\/uploads\/2025\/04\/IAEVOCP1800.jpg","contentUrl":"https:\/\/www.mexicanguitarplayers.com\/wp-content\/uploads\/2025\/04\/IAEVOCP1800.jpg","width":1600,"height":800},{"@type":"BreadcrumbList","@id":"https:\/\/www.mexicanguitarplayers.com\/tienda\/sin categor\u00eda\/amplificador-e-v-poder-mod-cp-1800\/#breadcrumb","itemListElement":[{"@type":"ListItem","position":1,"name":"Portada","item":"https:\/\/www.mexicanguitarplayers.com\/"},{"@type":"ListItem","position":2,"name":"Tienda","item":"https:\/\/www.mexicanguitarplayers.com\/tienda\/"},{"@type":"ListItem","position":3,"name":"AMPLIFICADOR E.V. PODER MOD. CP-1800"}]},{"@type":"WebSite","@id":"https:\/\/www.mexicanguitarplayers.com\/#website","url":"https:\/\/www.mexicanguitarplayers.com\/","name":"Mexican Guitar Players","description":"Website","publisher":{"@id":"https:\/\/www.mexicanguitarplayers.com\/#organization"},"potentialAction":[{"@type":"SearchAction","target":{"@type":"EntryPoint","urlTemplate":"https:\/\/www.mexicanguitarplayers.com\/?s={search_term_string}"},"query-input":{"@type":"PropertyValueSpecification","valueRequired":true,"valueName":"search_term_string"}}],"inLanguage":"en-US"},{"@type":"Organization","@id":"https:\/\/www.mexicanguitarplayers.com\/#organization","name":"Mexican Guitar Players","url":"https:\/\/www.mexicanguitarplayers.com\/","logo":{"@type":"ImageObject","inLanguage":"en-US","@id":"https:\/\/www.mexicanguitarplayers.com\/#\/schema\/logo\/image\/","url":"","contentUrl":"","caption":"Mexican Guitar Players"},"image":{"@id":"https:\/\/www.mexicanguitarplayers.com\/#\/schema\/logo\/image\/"}}]}},"brands":[{"id":535,"name":"ELECTROVOICE","slug":"electrovoice"}],"_links":{"self":[{"href":"https:\/\/www.mexicanguitarplayers.com\/en\/wp-json\/wp\/v2\/product\/29551","targetHints":{"allow":["GET"]}}],"collection":[{"href":"https:\/\/www.mexicanguitarplayers.com\/en\/wp-json\/wp\/v2\/product"}],"about":[{"href":"https:\/\/www.mexicanguitarplayers.com\/en\/wp-json\/wp\/v2\/types\/product"}],"replies":[{"embeddable":true,"href":"https:\/\/www.mexicanguitarplayers.com\/en\/wp-json\/wp\/v2\/comments?post=29551"}],"wp:featuredmedia":[{"embeddable":true,"href":"https:\/\/www.mexicanguitarplayers.com\/en\/wp-json\/wp\/v2\/media\/29541"}],"wp:attachment":[{"href":"https:\/\/www.mexicanguitarplayers.com\/en\/wp-json\/wp\/v2\/media?parent=29551"}],"wp:term":[{"taxonomy":"pwb-brand","embeddable":true,"href":"https:\/\/www.mexicanguitarplayers.com\/en\/wp-json\/wp\/v2\/pwb-brand?post=29551"},{"taxonomy":"product_brand","embeddable":true,"href":"https:\/\/www.mexicanguitarplayers.com\/en\/wp-json\/wp\/v2\/product_brand?post=29551"},{"taxonomy":"product_cat","embeddable":true,"href":"https:\/\/www.mexicanguitarplayers.com\/en\/wp-json\/wp\/v2\/product_cat?post=29551"},{"taxonomy":"product_tag","embeddable":true,"href":"https:\/\/www.mexicanguitarplayers.com\/en\/wp-json\/wp\/v2\/product_tag?post=29551"}],"curies":[{"name":"wp","href":"https:\/\/api.w.org\/{rel}","templated":true}]}}