{"id":29588,"date":"2025-04-08T10:44:25","date_gmt":"2025-04-08T16:44:25","guid":{"rendered":"https:\/\/www.mexicanguitarplayers.com\/tienda\/sin categor\u00eda\/pastilla-sd-puente-sh-10b-full-shred\/"},"modified":"2026-04-10T04:38:30","modified_gmt":"2026-04-10T10:38:30","slug":"pastilla-sd-puente-sh-10b-full-shred","status":"publish","type":"product","link":"https:\/\/www.mexicanguitarplayers.com\/en\/tienda\/accesorios\/para-guitarras\/pastillas-para-guitarra-electrica\/pastilla-sd-puente-sh-10b-full-shred\/","title":{"rendered":"PASTILLA SD PUENTE SH-10B FULL SHRED"},"content":{"rendered":"<div style=\"text-align: justify\">\n<div>\n<h3>Una claridad n\u00edtida y agradable.<\/h3>\n<\/div>\n<div>El humbucker de puente de salida media Full Shred ofrece un tono claro y enfocado con una respuesta de graves y agudos muy bien equilibrada y un rango medio atenuado. Los polos de cabeza Allen m\u00e1s cortos y el im\u00e1n de barra alnico 5 brindan una claridad n\u00edtida y agradable al high-end, mientras mantienen el low-end apretado y articulado. Es excelente para todo tipo de rock, blues y metal y funciona bien en cualquier guitarra equipada con humbucker con un tono medio a c\u00e1lido. La pastilla Full Shred para brazo est\u00e1 dise\u00f1ada para guitarristas que desean la m\u00e1xima claridad desde la posici\u00f3n del brazo. Esta pastilla tambi\u00e9n utiliza un im\u00e1n de barra alnico 5 y polos de tornillo Allen cortos para crear un tono humbucker de brazo m\u00e1s apretado y brillante que nunca. Es lo suficientemente brillante y claro como para dar vida a la posici\u00f3n media de una guitarra doble humbucker d\u00e1ndole una calidad casi similar a la de una Tele. La pastilla de brazo Full Shred se lleva muy bien con la pastilla de puente Full Shred, pero tambi\u00e9n se puede combinar con alguna de nuestras pastillas de puente de alto rendimiento como Invader, Duncan, Distortion o Alternative 8. Debido a que Full Shred tiene una voz tan articulada, funciona de manera brillante como una pastilla de 7 cuerdas, brindando separaci\u00f3n y distinci\u00f3n incluso a los riffs m\u00e1s graves y distorsionados. Tambi\u00e9n disponible en espaciado Trembucker (para un posicionamiento sim\u00e9trico debajo de las cuerdas de las guitarras con tr\u00e9molo o puente hardtail de espacio ancho), la pastilla humbucker de salida media Full Shred est\u00e1 construida a mano en nuestra f\u00e1brica de Santa Barbara, California y utiliza una barra de im\u00e1n de alnico 5, placa inferior de n\u00edquel-plata, cable conductor de 4 conductores para m\u00faltiples opciones de cableado y est\u00e1 encapsulada en cera al vac\u00edo para un rendimiento sin chirridos.<\/div>\n<div>\n<h4>Quick look<\/h4>\n<\/div>\n<ul style=\"margin: 0px 0px 0px 25px\">\n<li style=\"list-style-type: circle;margin: 5px\">Modelo.<\/li>\n<li style=\"list-style-type: circle;margin: 5px\">Posici\u00f3n.<\/li>\n<li style=\"list-style-type: circle;margin: 5px\">Espaciado.<\/li>\n<li style=\"list-style-type: circle;margin: 5px\">Alambrado.<\/li>\n<li style=\"list-style-type: circle;margin: 5px\">Im\u00e1n.<\/li>\n<li style=\"list-style-type: circle;margin: 5px\">Resistencia.<\/li>\n<\/ul>\n<div>\n<div style=\"font-weight: bold\">Modelo.<\/div>\n<div>\n<p>Full Shred.<\/p>\n<\/div>\n<div style=\"font-weight: bold\">Posici\u00f3n.<\/div>\n<div>\n<p>Para puente.<\/p>\n<\/div>\n<div style=\"font-weight: bold\">Espaciado.<\/div>\n<div>\n<p>Est\u00e1ndar.<\/p>\n<\/div>\n<div style=\"font-weight: bold\">Alambrado.<\/div>\n<div>\n<p>4 conductores.<\/p>\n<\/div>\n<div style=\"font-weight: bold\">Im\u00e1n.<\/div>\n<div>\n<p>Alnico 5.<\/p>\n<\/div>\n<div style=\"font-weight: bold\">Resistencia.<\/div>\n<div>\n<p>14.1 kilo-ohms.<\/p>\n<\/div>\n<\/div>\n<\/div>","protected":false},"excerpt":{"rendered":"<p>Pastilla humbucker pasiva para guitarra el\u00e9ctrica de 6 cuerdas, modelo Full Shred, posici\u00f3n: puente, cableado: 4 conductores, blindado, im\u00e1n: alnico 5, humbucker brillante de salida media con un low-end ajustado y medios recortados, tono claro y enfocado con una respuesta de graves y agudos muy bien equilibrada y un rango medio atenuado.&hellip; <a class=\"kt-excerpt-readmore more-link\" href=\"https:\/\/www.mexicanguitarplayers.com\/en\/tienda\/accesorios\/para-guitarras\/pastillas-para-guitarra-electrica\/pastilla-sd-puente-sh-10b-full-shred\/\">Read more<\/a><\/p>","protected":false},"featured_media":29583,"comment_status":"open","ping_status":"closed","template":"","meta":{"kt_blocks_editor_width":""},"pwb-brand":[502],"product_brand":[],"product_cat":[85,336,353],"product_tag":[],"class_list":{"0":"post-29588","1":"product","2":"type-product","3":"status-publish","4":"has-post-thumbnail","6":"pwb-brand-seymour-duncan","7":"product_cat-accesorios","8":"product_cat-para-guitarras","9":"product_cat-pastillas-para-guitarra-electrica","10":"product_shipping_class-0-5-kg","12":"first","13":"outofstock","14":"taxable","15":"shipping-taxable","16":"purchasable","17":"product-type-simple"},"yoast_head":"<!-- This site is optimized with the Yoast SEO plugin v27.5 - https:\/\/yoast.com\/product\/yoast-seo-wordpress\/ -->\n<title>PASTILLA SD PUENTE SH-10B FULL SHRED - Mexican Guitar Players<\/title>\n<meta name=\"description\" content=\"Pastilla humbucker pasiva para guitarra el\u00e9ctrica de 6 cuerdas, modelo Full Shred, posici\u00f3n: puente, cableado: 4 conductores, blindado, im\u00e1n: alnico 5, humbucker brillante de salida media con un low-end ajustado y medios recortados, tono claro y enfocado con una respuesta de graves y agudos muy bien equilibrada y un rango medio atenuado.\" \/>\n<meta name=\"robots\" content=\"index, follow, max-snippet:-1, max-image-preview:large, max-video-preview:-1\" \/>\n<link rel=\"canonical\" href=\"https:\/\/www.mexicanguitarplayers.com\/en\/tienda\/sin%20categor\u00eda\/pastilla-sd-puente-sh-10b-full-shred\/\" \/>\n<meta property=\"og:locale\" content=\"en_US\" \/>\n<meta property=\"og:type\" content=\"article\" \/>\n<meta property=\"og:title\" content=\"PASTILLA SD PUENTE SH-10B FULL SHRED - Mexican Guitar Players\" \/>\n<meta property=\"og:description\" content=\"Pastilla humbucker pasiva para guitarra el\u00e9ctrica de 6 cuerdas, modelo Full Shred, posici\u00f3n: puente, cableado: 4 conductores, blindado, im\u00e1n: alnico 5, humbucker brillante de salida media con un low-end ajustado y medios recortados, tono claro y enfocado con una respuesta de graves y agudos muy bien equilibrada y un rango medio atenuado.\" \/>\n<meta property=\"og:url\" content=\"https:\/\/www.mexicanguitarplayers.com\/en\/tienda\/sin categor\u00eda\/pastilla-sd-puente-sh-10b-full-shred\/\" \/>\n<meta property=\"og:site_name\" content=\"Mexican Guitar Players\" \/>\n<meta property=\"article:modified_time\" content=\"2026-04-10T10:38:30+00:00\" \/>\n<meta name=\"twitter:card\" content=\"summary_large_image\" \/>\n<meta name=\"twitter:label1\" content=\"Est. reading time\" \/>\n\t<meta name=\"twitter:data1\" content=\"2 minutes\" \/>\n<script type=\"application\/ld+json\" class=\"yoast-schema-graph\">{\"@context\":\"https:\\\/\\\/schema.org\",\"@graph\":[{\"@type\":[\"WebPage\",\"ItemPage\"],\"@id\":\"https:\\\/\\\/www.mexicanguitarplayers.com\\\/tienda\\\/sin categor\u00eda\\\/pastilla-sd-puente-sh-10b-full-shred\\\/\",\"url\":\"https:\\\/\\\/www.mexicanguitarplayers.com\\\/tienda\\\/sin categor\u00eda\\\/pastilla-sd-puente-sh-10b-full-shred\\\/\",\"name\":\"PASTILLA SD PUENTE SH-10B FULL SHRED - Mexican Guitar Players\",\"isPartOf\":{\"@id\":\"https:\\\/\\\/www.mexicanguitarplayers.com\\\/#website\"},\"primaryImageOfPage\":{\"@id\":\"https:\\\/\\\/www.mexicanguitarplayers.com\\\/tienda\\\/sin categor\u00eda\\\/pastilla-sd-puente-sh-10b-full-shred\\\/#primaryimage\"},\"image\":{\"@id\":\"https:\\\/\\\/www.mexicanguitarplayers.com\\\/tienda\\\/sin categor\u00eda\\\/pastilla-sd-puente-sh-10b-full-shred\\\/#primaryimage\"},\"thumbnailUrl\":\"https:\\\/\\\/www.mexicanguitarplayers.com\\\/wp-content\\\/uploads\\\/2025\\\/04\\\/RASEOSH10BFUSH.jpg\",\"datePublished\":\"2025-04-08T16:44:25+00:00\",\"dateModified\":\"2026-04-10T10:38:30+00:00\",\"description\":\"Pastilla humbucker pasiva para guitarra el\u00e9ctrica de 6 cuerdas, modelo Full Shred, posici\u00f3n: puente, cableado: 4 conductores, blindado, im\u00e1n: alnico 5, humbucker brillante de salida media con un low-end ajustado y medios recortados, tono claro y enfocado con una respuesta de graves y agudos muy bien equilibrada y un rango medio atenuado.\",\"breadcrumb\":{\"@id\":\"https:\\\/\\\/www.mexicanguitarplayers.com\\\/tienda\\\/sin categor\u00eda\\\/pastilla-sd-puente-sh-10b-full-shred\\\/#breadcrumb\"},\"inLanguage\":\"en-US\",\"potentialAction\":[{\"@type\":\"ReadAction\",\"target\":[\"https:\\\/\\\/www.mexicanguitarplayers.com\\\/tienda\\\/sin categor\u00eda\\\/pastilla-sd-puente-sh-10b-full-shred\\\/\"]}]},{\"@type\":\"ImageObject\",\"inLanguage\":\"en-US\",\"@id\":\"https:\\\/\\\/www.mexicanguitarplayers.com\\\/tienda\\\/sin categor\u00eda\\\/pastilla-sd-puente-sh-10b-full-shred\\\/#primaryimage\",\"url\":\"https:\\\/\\\/www.mexicanguitarplayers.com\\\/wp-content\\\/uploads\\\/2025\\\/04\\\/RASEOSH10BFUSH.jpg\",\"contentUrl\":\"https:\\\/\\\/www.mexicanguitarplayers.com\\\/wp-content\\\/uploads\\\/2025\\\/04\\\/RASEOSH10BFUSH.jpg\",\"width\":1200,\"height\":1200},{\"@type\":\"BreadcrumbList\",\"@id\":\"https:\\\/\\\/www.mexicanguitarplayers.com\\\/tienda\\\/sin categor\u00eda\\\/pastilla-sd-puente-sh-10b-full-shred\\\/#breadcrumb\",\"itemListElement\":[{\"@type\":\"ListItem\",\"position\":1,\"name\":\"Portada\",\"item\":\"https:\\\/\\\/www.mexicanguitarplayers.com\\\/\"},{\"@type\":\"ListItem\",\"position\":2,\"name\":\"Tienda\",\"item\":\"https:\\\/\\\/www.mexicanguitarplayers.com\\\/tienda\\\/\"},{\"@type\":\"ListItem\",\"position\":3,\"name\":\"PASTILLA SD PUENTE SH-10B FULL SHRED\"}]},{\"@type\":\"WebSite\",\"@id\":\"https:\\\/\\\/www.mexicanguitarplayers.com\\\/#website\",\"url\":\"https:\\\/\\\/www.mexicanguitarplayers.com\\\/\",\"name\":\"Mexican Guitar Players\",\"description\":\"Website\",\"publisher\":{\"@id\":\"https:\\\/\\\/www.mexicanguitarplayers.com\\\/#organization\"},\"potentialAction\":[{\"@type\":\"SearchAction\",\"target\":{\"@type\":\"EntryPoint\",\"urlTemplate\":\"https:\\\/\\\/www.mexicanguitarplayers.com\\\/?s={search_term_string}\"},\"query-input\":{\"@type\":\"PropertyValueSpecification\",\"valueRequired\":true,\"valueName\":\"search_term_string\"}}],\"inLanguage\":\"en-US\"},{\"@type\":\"Organization\",\"@id\":\"https:\\\/\\\/www.mexicanguitarplayers.com\\\/#organization\",\"name\":\"Mexican Guitar Players\",\"url\":\"https:\\\/\\\/www.mexicanguitarplayers.com\\\/\",\"logo\":{\"@type\":\"ImageObject\",\"inLanguage\":\"en-US\",\"@id\":\"https:\\\/\\\/www.mexicanguitarplayers.com\\\/#\\\/schema\\\/logo\\\/image\\\/\",\"url\":\"\",\"contentUrl\":\"\",\"caption\":\"Mexican Guitar Players\"},\"image\":{\"@id\":\"https:\\\/\\\/www.mexicanguitarplayers.com\\\/#\\\/schema\\\/logo\\\/image\\\/\"}}]}<\/script>\n<!-- \/ Yoast SEO plugin. -->","yoast_head_json":{"title":"PASTILLA SD PUENTE SH-10B FULL SHRED - Mexican Guitar Players","description":"Pastilla humbucker pasiva para guitarra el\u00e9ctrica de 6 cuerdas, modelo Full Shred, posici\u00f3n: puente, cableado: 4 conductores, blindado, im\u00e1n: alnico 5, humbucker brillante de salida media con un low-end ajustado y medios recortados, tono claro y enfocado con una respuesta de graves y agudos muy bien equilibrada y un rango medio atenuado.","robots":{"index":"index","follow":"follow","max-snippet":"max-snippet:-1","max-image-preview":"max-image-preview:large","max-video-preview":"max-video-preview:-1"},"canonical":"https:\/\/www.mexicanguitarplayers.com\/en\/tienda\/sin categor\u00eda\/pastilla-sd-puente-sh-10b-full-shred\/","og_locale":"en_US","og_type":"article","og_title":"PASTILLA SD PUENTE SH-10B FULL SHRED - Mexican Guitar Players","og_description":"Pastilla humbucker pasiva para guitarra el\u00e9ctrica de 6 cuerdas, modelo Full Shred, posici\u00f3n: puente, cableado: 4 conductores, blindado, im\u00e1n: alnico 5, humbucker brillante de salida media con un low-end ajustado y medios recortados, tono claro y enfocado con una respuesta de graves y agudos muy bien equilibrada y un rango medio atenuado.","og_url":"https:\/\/www.mexicanguitarplayers.com\/en\/tienda\/sin categor\u00eda\/pastilla-sd-puente-sh-10b-full-shred\/","og_site_name":"Mexican Guitar Players","article_modified_time":"2026-04-10T10:38:30+00:00","twitter_card":"summary_large_image","twitter_misc":{"Est. reading time":"2 minutes"},"schema":{"@context":"https:\/\/schema.org","@graph":[{"@type":["WebPage","ItemPage"],"@id":"https:\/\/www.mexicanguitarplayers.com\/tienda\/sin categor\u00eda\/pastilla-sd-puente-sh-10b-full-shred\/","url":"https:\/\/www.mexicanguitarplayers.com\/tienda\/sin categor\u00eda\/pastilla-sd-puente-sh-10b-full-shred\/","name":"PASTILLA SD PUENTE SH-10B FULL SHRED - Mexican Guitar Players","isPartOf":{"@id":"https:\/\/www.mexicanguitarplayers.com\/#website"},"primaryImageOfPage":{"@id":"https:\/\/www.mexicanguitarplayers.com\/tienda\/sin categor\u00eda\/pastilla-sd-puente-sh-10b-full-shred\/#primaryimage"},"image":{"@id":"https:\/\/www.mexicanguitarplayers.com\/tienda\/sin categor\u00eda\/pastilla-sd-puente-sh-10b-full-shred\/#primaryimage"},"thumbnailUrl":"https:\/\/www.mexicanguitarplayers.com\/wp-content\/uploads\/2025\/04\/RASEOSH10BFUSH.jpg","datePublished":"2025-04-08T16:44:25+00:00","dateModified":"2026-04-10T10:38:30+00:00","description":"Pastilla humbucker pasiva para guitarra el\u00e9ctrica de 6 cuerdas, modelo Full Shred, posici\u00f3n: puente, cableado: 4 conductores, blindado, im\u00e1n: alnico 5, humbucker brillante de salida media con un low-end ajustado y medios recortados, tono claro y enfocado con una respuesta de graves y agudos muy bien equilibrada y un rango medio atenuado.","breadcrumb":{"@id":"https:\/\/www.mexicanguitarplayers.com\/tienda\/sin categor\u00eda\/pastilla-sd-puente-sh-10b-full-shred\/#breadcrumb"},"inLanguage":"en-US","potentialAction":[{"@type":"ReadAction","target":["https:\/\/www.mexicanguitarplayers.com\/tienda\/sin categor\u00eda\/pastilla-sd-puente-sh-10b-full-shred\/"]}]},{"@type":"ImageObject","inLanguage":"en-US","@id":"https:\/\/www.mexicanguitarplayers.com\/tienda\/sin categor\u00eda\/pastilla-sd-puente-sh-10b-full-shred\/#primaryimage","url":"https:\/\/www.mexicanguitarplayers.com\/wp-content\/uploads\/2025\/04\/RASEOSH10BFUSH.jpg","contentUrl":"https:\/\/www.mexicanguitarplayers.com\/wp-content\/uploads\/2025\/04\/RASEOSH10BFUSH.jpg","width":1200,"height":1200},{"@type":"BreadcrumbList","@id":"https:\/\/www.mexicanguitarplayers.com\/tienda\/sin categor\u00eda\/pastilla-sd-puente-sh-10b-full-shred\/#breadcrumb","itemListElement":[{"@type":"ListItem","position":1,"name":"Portada","item":"https:\/\/www.mexicanguitarplayers.com\/"},{"@type":"ListItem","position":2,"name":"Tienda","item":"https:\/\/www.mexicanguitarplayers.com\/tienda\/"},{"@type":"ListItem","position":3,"name":"PASTILLA SD PUENTE SH-10B FULL SHRED"}]},{"@type":"WebSite","@id":"https:\/\/www.mexicanguitarplayers.com\/#website","url":"https:\/\/www.mexicanguitarplayers.com\/","name":"Mexican Guitar Players","description":"Website","publisher":{"@id":"https:\/\/www.mexicanguitarplayers.com\/#organization"},"potentialAction":[{"@type":"SearchAction","target":{"@type":"EntryPoint","urlTemplate":"https:\/\/www.mexicanguitarplayers.com\/?s={search_term_string}"},"query-input":{"@type":"PropertyValueSpecification","valueRequired":true,"valueName":"search_term_string"}}],"inLanguage":"en-US"},{"@type":"Organization","@id":"https:\/\/www.mexicanguitarplayers.com\/#organization","name":"Mexican Guitar Players","url":"https:\/\/www.mexicanguitarplayers.com\/","logo":{"@type":"ImageObject","inLanguage":"en-US","@id":"https:\/\/www.mexicanguitarplayers.com\/#\/schema\/logo\/image\/","url":"","contentUrl":"","caption":"Mexican Guitar Players"},"image":{"@id":"https:\/\/www.mexicanguitarplayers.com\/#\/schema\/logo\/image\/"}}]}},"brands":[{"id":502,"name":"SEYMOUR DUNCAN","slug":"seymour-duncan"}],"_links":{"self":[{"href":"https:\/\/www.mexicanguitarplayers.com\/en\/wp-json\/wp\/v2\/product\/29588","targetHints":{"allow":["GET"]}}],"collection":[{"href":"https:\/\/www.mexicanguitarplayers.com\/en\/wp-json\/wp\/v2\/product"}],"about":[{"href":"https:\/\/www.mexicanguitarplayers.com\/en\/wp-json\/wp\/v2\/types\/product"}],"replies":[{"embeddable":true,"href":"https:\/\/www.mexicanguitarplayers.com\/en\/wp-json\/wp\/v2\/comments?post=29588"}],"wp:featuredmedia":[{"embeddable":true,"href":"https:\/\/www.mexicanguitarplayers.com\/en\/wp-json\/wp\/v2\/media\/29583"}],"wp:attachment":[{"href":"https:\/\/www.mexicanguitarplayers.com\/en\/wp-json\/wp\/v2\/media?parent=29588"}],"wp:term":[{"taxonomy":"pwb-brand","embeddable":true,"href":"https:\/\/www.mexicanguitarplayers.com\/en\/wp-json\/wp\/v2\/pwb-brand?post=29588"},{"taxonomy":"product_brand","embeddable":true,"href":"https:\/\/www.mexicanguitarplayers.com\/en\/wp-json\/wp\/v2\/product_brand?post=29588"},{"taxonomy":"product_cat","embeddable":true,"href":"https:\/\/www.mexicanguitarplayers.com\/en\/wp-json\/wp\/v2\/product_cat?post=29588"},{"taxonomy":"product_tag","embeddable":true,"href":"https:\/\/www.mexicanguitarplayers.com\/en\/wp-json\/wp\/v2\/product_tag?post=29588"}],"curies":[{"name":"wp","href":"https:\/\/api.w.org\/{rel}","templated":true}]}}