{"id":29608,"date":"2025-04-08T10:44:53","date_gmt":"2025-04-08T16:44:53","guid":{"rendered":"https:\/\/www.mexicanguitarplayers.com\/tienda\/sin categor\u00eda\/estuche-skb-rack-removible-3i-22221210u\/"},"modified":"2026-04-10T04:38:28","modified_gmt":"2026-04-10T10:38:28","slug":"estuche-skb-rack-removible-3i-22221210u","status":"publish","type":"product","link":"https:\/\/www.mexicanguitarplayers.com\/en\/tienda\/accesorios\/estuches-y-fundas\/cases\/estuche-skb-rack-removible-3i-22221210u\/","title":{"rendered":"ESTUCHE SKB RACK REMOVIBLE  3I-22221210U"},"content":{"rendered":"<div style=\"text-align: justify\">\n<div>\n<h3>La mejor seguridad con SKB.<\/h3>\n<\/div>\n<div>La innovadora l\u00ednea de racks extra\u00edbles Fly ATA de SKB ha revolucionado la forma en que viajan y se protegen los delicados dispositivos electr\u00f3nicos. Ahora est\u00e1 disponible en modelos Shock de 2U, 3U, 4U y 10U. Est\u00e1n fabricados en Orange, California, con aleaci\u00f3n de aluminio de alta resistencia y rieles de acero al carbono laminados en caliente de calibre 11, al igual que los racks Shock de grado militar de SKB. El marco interno contiene rieles delanteros y traseros de rack con una profundidad de 10&#8243; pulgadas. El pl\u00e1stico ABS cubre la parte superior e inferior del rack shock para mayor protecci\u00f3n cuando el rack est\u00e1 fuera del estuche. El marco de rack encaja f\u00e1cilmente en el estuche iSeries de SKB y est\u00e1 protegido por una espuma PE de alta calidad que proporciona espacio para perillas y botones que sobresalen. Las c\u00f3modas ruedas en l\u00ednea y el tirador de liberaci\u00f3n de bot\u00f3n permiten un f\u00e1cil transporte. Estos estuches iSeries son impermeables y livianos (menos de la mitad de peso de los shock rack est\u00e1ndar), lo que los hace la soluci\u00f3n perfecta para volar o enviar equipos delicados. Los estuches impermeables moldeados por inyecci\u00f3n de la serie iSeries de SKB est\u00e1n fabricados con resina de copol\u00edmero de polipropileno de resistencia ultra alta y cuentan con un dise\u00f1o sumergible e impermeable (IP67) resistente a la corrosi\u00f3n y al da\u00f1o por impacto. Las bisagras moldeadas, los cierres de gatillo aceptados por TSA, los c\u00f3modos mangos de agarre amortiguados de goma, el apilamiento seguro y la v\u00e1lvula de estabilidad de presi\u00f3n ambiental autom\u00e1tica (MIL-STD-648C) contribuyen a su dise\u00f1o de grado militar.<\/div>\n<div>\n<h4>Quick look<\/h4>\n<\/div>\n<ul style=\"margin: 0px 0px 0px 25px\">\n<li style=\"list-style-type: circle;margin: 5px\">Longitud interior.<\/li>\n<li style=\"list-style-type: circle;margin: 5px\">Ancho interior.<\/li>\n<li style=\"list-style-type: circle;margin: 5px\">Altura interior.<\/li>\n<li style=\"list-style-type: circle;margin: 5px\">Profundidad exterior.<\/li>\n<li style=\"list-style-type: circle;margin: 5px\">Ancho exterior.<\/li>\n<li style=\"list-style-type: circle;margin: 5px\">Altura exterior.<\/li>\n<li style=\"list-style-type: circle;margin: 5px\">Unidades de rack totales.<\/li>\n<li style=\"list-style-type: circle;margin: 5px\">Profundidad de rack riel a riel.<\/li>\n<li style=\"list-style-type: circle;margin: 5px\">Weight.<\/li>\n<\/ul>\n<div>\n<div style=\"font-weight: bold\">Longitud interior.<\/div>\n<div>\n<p>57.15 cm.<\/p>\n<\/div>\n<div style=\"font-weight: bold\">Ancho interior.<\/div>\n<div>\n<p>57.15 cm.<\/p>\n<\/div>\n<div style=\"font-weight: bold\">Altura interior.<\/div>\n<div>\n<p>31.75 cm.<\/p>\n<\/div>\n<div style=\"font-weight: bold\">Profundidad exterior.<\/div>\n<div>\n<p>63.02 cm.<\/p>\n<\/div>\n<div style=\"font-weight: bold\">Ancho exterior.<\/div>\n<div>\n<p>63.45 cm.<\/p>\n<\/div>\n<div style=\"font-weight: bold\">Altura exterior.<\/div>\n<div>\n<p>35.94 cm.<\/p>\n<\/div>\n<div style=\"font-weight: bold\">Unidades de rack totales.<\/div>\n<div>\n<p>10.<\/p>\n<\/div>\n<div style=\"font-weight: bold\">Profundidad de rack riel a riel.<\/div>\n<div>\n<p>25.40 cm.<\/p>\n<\/div>\n<div style=\"font-weight: bold\">Weight.<\/div>\n<div>\n<p>15.15 kg.<\/p>\n<\/div>\n<\/div>\n<div>\n<h4>Characteristics<\/h4>\n<\/div>\n<div>\n<ul style=\"margin: 0px 0px 0px 25px\">\n<li style=\"list-style-type: circle;margin: 5px\">Jaula de choque extra\u00edble de 10U.<\/li>\n<li style=\"list-style-type: circle;margin: 5px\">Profundidad de rack de 10&#8243; pulgadas.<\/li>\n<li style=\"list-style-type: circle;margin: 5px\">Cubierta de pl\u00e1stico ABS en la parte superior e inferior del marco extra\u00edble.<\/li>\n<li style=\"list-style-type: circle;margin: 5px\">Protecci\u00f3n interior de espuma.<\/li>\n<li style=\"list-style-type: circle;margin: 5px\">Construcci\u00f3n de resina de copol\u00edmero de polipropileno de ultra alta resistencia.<\/li>\n<li style=\"list-style-type: circle;margin: 5px\">Resistente a los rayos UV, solventes, corrosi\u00f3n y hongos (MIL-STD-810F).<\/li>\n<li style=\"list-style-type: circle;margin: 5px\">Sello completo de la junta que los hace absolutamente impermeables (MIL-STD-C-4150J).<\/li>\n<li style=\"list-style-type: circle;margin: 5px\">V\u00e1lvula de estabilidad autom\u00e1tica de presi\u00f3n ambiental (MIL-STD-648C &amp; IP67).<\/li>\n<li style=\"list-style-type: circle;margin: 5px\">Bisagras moldeadas.<\/li>\n<li style=\"list-style-type: circle;margin: 5px\">Sistema de cierre de gatillo TSA.<\/li>\n<li style=\"list-style-type: circle;margin: 5px\">Bot\u00f3n de liberaci\u00f3n que tira del asa y las ruedas en l\u00ednea para un f\u00e1cil transporte.<\/li>\n<li style=\"list-style-type: circle;margin: 5px\">Asas de agarre amortiguadas de goma sobre moldeadas.<\/li>\n<\/ul>\n<\/div>\n<\/div>","protected":false},"excerpt":{"rendered":"<p>Estuche de rack extra\u00edble de 10U, profundidad de rack de 10\u201d pulgadas, cubierta de pl\u00e1stico ABS en la parte superior e inferior del marco extra\u00edble, protecci\u00f3n interior de espuma, construcci\u00f3n de resina de copol\u00edmero de polipropileno de ultra alta resistencia., resistente a los rayos UV, solventes, corrosi\u00f3n y hongos, absolutamente impermeable, v\u00e1lvula de estabilidad autom\u00e1tica de presi\u00f3n ambiental, bisagras moldeadas, sistema de cierre de gatillo TSA, bot\u00f3n de liberaci\u00f3n que tira del asa y las ruedas en l\u00ednea para un f\u00e1cil transporte, asas de agarre amortiguadas de goma sobre moldeadas, longitud interior: 57.15 cm, ancho interior: 57.15 cm, altura interior: 31.75 cm, profundidad exterior: 63.02 cm, ancho exterior: 63.45 cm, altura exterior: 35.94 cm, profundidad de rack riel a riel: 25.40 cm, peso: 15.15 kg.&hellip; <a class=\"kt-excerpt-readmore more-link\" href=\"https:\/\/www.mexicanguitarplayers.com\/en\/tienda\/accesorios\/estuches-y-fundas\/cases\/estuche-skb-rack-removible-3i-22221210u\/\">Read more<\/a><\/p>","protected":false},"featured_media":29602,"comment_status":"open","ping_status":"closed","template":"","meta":{"kt_blocks_editor_width":""},"pwb-brand":[609],"product_brand":[],"product_cat":[85,564,517],"product_tag":[],"class_list":{"0":"post-29608","1":"product","2":"type-product","3":"status-publish","4":"has-post-thumbnail","6":"pwb-brand-skb","7":"product_cat-accesorios","8":"product_cat-cases","9":"product_cat-estuches-y-fundas","10":"product_shipping_class-15-20-kg","12":"first","13":"outofstock","14":"taxable","15":"shipping-taxable","16":"purchasable","17":"product-type-simple"},"yoast_head":"<!-- This site is optimized with the Yoast SEO plugin v27.5 - https:\/\/yoast.com\/product\/yoast-seo-wordpress\/ -->\n<title>ESTUCHE SKB RACK REMOVIBLE 3I-22221210U - Mexican Guitar Players<\/title>\n<meta name=\"description\" content=\"Estuche de rack extra\u00edble de 10U, profundidad de rack de 10\u201d pulgadas, cubierta de pl\u00e1stico ABS en la parte superior e inferior del marco extra\u00edble, protecci\u00f3n interior de espuma, construcci\u00f3n de resina de copol\u00edmero de polipropileno de ultra alta resistencia., resistente a los rayos UV, solventes, corrosi\u00f3n y hongos, absolutamente impermeable, v\u00e1lvula de estabilidad autom\u00e1tica de presi\u00f3n ambiental, bisagras moldeadas, sistema de cierre de gatillo TSA, bot\u00f3n de liberaci\u00f3n que tira del asa y las ruedas en l\u00ednea para un f\u00e1cil transporte, asas de agarre amortiguadas de goma sobre moldeadas, longitud interior: 57.15 cm, ancho interior: 57.15 cm, altura interior: 31.75 cm, profundidad exterior: 63.02 cm, ancho exterior: 63.45 cm, altura exterior: 35.94 cm, profundidad de rack riel a riel: 25.40 cm, peso: 15.15 kg.\" \/>\n<meta name=\"robots\" content=\"index, follow, max-snippet:-1, max-image-preview:large, max-video-preview:-1\" \/>\n<link rel=\"canonical\" href=\"https:\/\/www.mexicanguitarplayers.com\/en\/tienda\/sin%20categor\u00eda\/estuche-skb-rack-removible-3i-22221210u\/\" \/>\n<meta property=\"og:locale\" content=\"en_US\" \/>\n<meta property=\"og:type\" content=\"article\" \/>\n<meta property=\"og:title\" content=\"ESTUCHE SKB RACK REMOVIBLE 3I-22221210U - Mexican Guitar Players\" \/>\n<meta property=\"og:description\" content=\"Estuche de rack extra\u00edble de 10U, profundidad de rack de 10\u201d pulgadas, cubierta de pl\u00e1stico ABS en la parte superior e inferior del marco extra\u00edble, protecci\u00f3n interior de espuma, construcci\u00f3n de resina de copol\u00edmero de polipropileno de ultra alta resistencia., resistente a los rayos UV, solventes, corrosi\u00f3n y hongos, absolutamente impermeable, v\u00e1lvula de estabilidad autom\u00e1tica de presi\u00f3n ambiental, bisagras moldeadas, sistema de cierre de gatillo TSA, bot\u00f3n de liberaci\u00f3n que tira del asa y las ruedas en l\u00ednea para un f\u00e1cil transporte, asas de agarre amortiguadas de goma sobre moldeadas, longitud interior: 57.15 cm, ancho interior: 57.15 cm, altura interior: 31.75 cm, profundidad exterior: 63.02 cm, ancho exterior: 63.45 cm, altura exterior: 35.94 cm, profundidad de rack riel a riel: 25.40 cm, peso: 15.15 kg.\" \/>\n<meta property=\"og:url\" content=\"https:\/\/www.mexicanguitarplayers.com\/en\/tienda\/sin categor\u00eda\/estuche-skb-rack-removible-3i-22221210u\/\" \/>\n<meta property=\"og:site_name\" content=\"Mexican Guitar Players\" \/>\n<meta property=\"article:modified_time\" content=\"2026-04-10T10:38:28+00:00\" \/>\n<meta name=\"twitter:card\" content=\"summary_large_image\" \/>\n<meta name=\"twitter:label1\" content=\"Est. reading time\" \/>\n\t<meta name=\"twitter:data1\" content=\"2 minutes\" \/>\n<script type=\"application\/ld+json\" class=\"yoast-schema-graph\">{\"@context\":\"https:\\\/\\\/schema.org\",\"@graph\":[{\"@type\":[\"WebPage\",\"ItemPage\"],\"@id\":\"https:\\\/\\\/www.mexicanguitarplayers.com\\\/tienda\\\/sin categor\u00eda\\\/estuche-skb-rack-removible-3i-22221210u\\\/\",\"url\":\"https:\\\/\\\/www.mexicanguitarplayers.com\\\/tienda\\\/sin categor\u00eda\\\/estuche-skb-rack-removible-3i-22221210u\\\/\",\"name\":\"ESTUCHE SKB RACK REMOVIBLE 3I-22221210U - Mexican Guitar Players\",\"isPartOf\":{\"@id\":\"https:\\\/\\\/www.mexicanguitarplayers.com\\\/#website\"},\"primaryImageOfPage\":{\"@id\":\"https:\\\/\\\/www.mexicanguitarplayers.com\\\/tienda\\\/sin categor\u00eda\\\/estuche-skb-rack-removible-3i-22221210u\\\/#primaryimage\"},\"image\":{\"@id\":\"https:\\\/\\\/www.mexicanguitarplayers.com\\\/tienda\\\/sin categor\u00eda\\\/estuche-skb-rack-removible-3i-22221210u\\\/#primaryimage\"},\"thumbnailUrl\":\"https:\\\/\\\/www.mexicanguitarplayers.com\\\/wp-content\\\/uploads\\\/2025\\\/04\\\/VASKB32221210U.jpg\",\"datePublished\":\"2025-04-08T16:44:53+00:00\",\"dateModified\":\"2026-04-10T10:38:28+00:00\",\"description\":\"Estuche de rack extra\u00edble de 10U, profundidad de rack de 10\u201d pulgadas, cubierta de pl\u00e1stico ABS en la parte superior e inferior del marco extra\u00edble, protecci\u00f3n interior de espuma, construcci\u00f3n de resina de copol\u00edmero de polipropileno de ultra alta resistencia., resistente a los rayos UV, solventes, corrosi\u00f3n y hongos, absolutamente impermeable, v\u00e1lvula de estabilidad autom\u00e1tica de presi\u00f3n ambiental, bisagras moldeadas, sistema de cierre de gatillo TSA, bot\u00f3n de liberaci\u00f3n que tira del asa y las ruedas en l\u00ednea para un f\u00e1cil transporte, asas de agarre amortiguadas de goma sobre moldeadas, longitud interior: 57.15 cm, ancho interior: 57.15 cm, altura interior: 31.75 cm, profundidad exterior: 63.02 cm, ancho exterior: 63.45 cm, altura exterior: 35.94 cm, profundidad de rack riel a riel: 25.40 cm, peso: 15.15 kg.\",\"breadcrumb\":{\"@id\":\"https:\\\/\\\/www.mexicanguitarplayers.com\\\/tienda\\\/sin categor\u00eda\\\/estuche-skb-rack-removible-3i-22221210u\\\/#breadcrumb\"},\"inLanguage\":\"en-US\",\"potentialAction\":[{\"@type\":\"ReadAction\",\"target\":[\"https:\\\/\\\/www.mexicanguitarplayers.com\\\/tienda\\\/sin categor\u00eda\\\/estuche-skb-rack-removible-3i-22221210u\\\/\"]}]},{\"@type\":\"ImageObject\",\"inLanguage\":\"en-US\",\"@id\":\"https:\\\/\\\/www.mexicanguitarplayers.com\\\/tienda\\\/sin categor\u00eda\\\/estuche-skb-rack-removible-3i-22221210u\\\/#primaryimage\",\"url\":\"https:\\\/\\\/www.mexicanguitarplayers.com\\\/wp-content\\\/uploads\\\/2025\\\/04\\\/VASKB32221210U.jpg\",\"contentUrl\":\"https:\\\/\\\/www.mexicanguitarplayers.com\\\/wp-content\\\/uploads\\\/2025\\\/04\\\/VASKB32221210U.jpg\",\"width\":1200,\"height\":1200},{\"@type\":\"BreadcrumbList\",\"@id\":\"https:\\\/\\\/www.mexicanguitarplayers.com\\\/tienda\\\/sin categor\u00eda\\\/estuche-skb-rack-removible-3i-22221210u\\\/#breadcrumb\",\"itemListElement\":[{\"@type\":\"ListItem\",\"position\":1,\"name\":\"Portada\",\"item\":\"https:\\\/\\\/www.mexicanguitarplayers.com\\\/\"},{\"@type\":\"ListItem\",\"position\":2,\"name\":\"Tienda\",\"item\":\"https:\\\/\\\/www.mexicanguitarplayers.com\\\/tienda\\\/\"},{\"@type\":\"ListItem\",\"position\":3,\"name\":\"ESTUCHE SKB RACK REMOVIBLE 3I-22221210U\"}]},{\"@type\":\"WebSite\",\"@id\":\"https:\\\/\\\/www.mexicanguitarplayers.com\\\/#website\",\"url\":\"https:\\\/\\\/www.mexicanguitarplayers.com\\\/\",\"name\":\"Mexican Guitar Players\",\"description\":\"Website\",\"publisher\":{\"@id\":\"https:\\\/\\\/www.mexicanguitarplayers.com\\\/#organization\"},\"potentialAction\":[{\"@type\":\"SearchAction\",\"target\":{\"@type\":\"EntryPoint\",\"urlTemplate\":\"https:\\\/\\\/www.mexicanguitarplayers.com\\\/?s={search_term_string}\"},\"query-input\":{\"@type\":\"PropertyValueSpecification\",\"valueRequired\":true,\"valueName\":\"search_term_string\"}}],\"inLanguage\":\"en-US\"},{\"@type\":\"Organization\",\"@id\":\"https:\\\/\\\/www.mexicanguitarplayers.com\\\/#organization\",\"name\":\"Mexican Guitar Players\",\"url\":\"https:\\\/\\\/www.mexicanguitarplayers.com\\\/\",\"logo\":{\"@type\":\"ImageObject\",\"inLanguage\":\"en-US\",\"@id\":\"https:\\\/\\\/www.mexicanguitarplayers.com\\\/#\\\/schema\\\/logo\\\/image\\\/\",\"url\":\"\",\"contentUrl\":\"\",\"caption\":\"Mexican Guitar Players\"},\"image\":{\"@id\":\"https:\\\/\\\/www.mexicanguitarplayers.com\\\/#\\\/schema\\\/logo\\\/image\\\/\"}}]}<\/script>\n<!-- \/ Yoast SEO plugin. -->","yoast_head_json":{"title":"ESTUCHE SKB RACK REMOVIBLE 3I-22221210U - Mexican Guitar Players","description":"Estuche de rack extra\u00edble de 10U, profundidad de rack de 10\u201d pulgadas, cubierta de pl\u00e1stico ABS en la parte superior e inferior del marco extra\u00edble, protecci\u00f3n interior de espuma, construcci\u00f3n de resina de copol\u00edmero de polipropileno de ultra alta resistencia., resistente a los rayos UV, solventes, corrosi\u00f3n y hongos, absolutamente impermeable, v\u00e1lvula de estabilidad autom\u00e1tica de presi\u00f3n ambiental, bisagras moldeadas, sistema de cierre de gatillo TSA, bot\u00f3n de liberaci\u00f3n que tira del asa y las ruedas en l\u00ednea para un f\u00e1cil transporte, asas de agarre amortiguadas de goma sobre moldeadas, longitud interior: 57.15 cm, ancho interior: 57.15 cm, altura interior: 31.75 cm, profundidad exterior: 63.02 cm, ancho exterior: 63.45 cm, altura exterior: 35.94 cm, profundidad de rack riel a riel: 25.40 cm, peso: 15.15 kg.","robots":{"index":"index","follow":"follow","max-snippet":"max-snippet:-1","max-image-preview":"max-image-preview:large","max-video-preview":"max-video-preview:-1"},"canonical":"https:\/\/www.mexicanguitarplayers.com\/en\/tienda\/sin categor\u00eda\/estuche-skb-rack-removible-3i-22221210u\/","og_locale":"en_US","og_type":"article","og_title":"ESTUCHE SKB RACK REMOVIBLE 3I-22221210U - Mexican Guitar Players","og_description":"Estuche de rack extra\u00edble de 10U, profundidad de rack de 10\u201d pulgadas, cubierta de pl\u00e1stico ABS en la parte superior e inferior del marco extra\u00edble, protecci\u00f3n interior de espuma, construcci\u00f3n de resina de copol\u00edmero de polipropileno de ultra alta resistencia., resistente a los rayos UV, solventes, corrosi\u00f3n y hongos, absolutamente impermeable, v\u00e1lvula de estabilidad autom\u00e1tica de presi\u00f3n ambiental, bisagras moldeadas, sistema de cierre de gatillo TSA, bot\u00f3n de liberaci\u00f3n que tira del asa y las ruedas en l\u00ednea para un f\u00e1cil transporte, asas de agarre amortiguadas de goma sobre moldeadas, longitud interior: 57.15 cm, ancho interior: 57.15 cm, altura interior: 31.75 cm, profundidad exterior: 63.02 cm, ancho exterior: 63.45 cm, altura exterior: 35.94 cm, profundidad de rack riel a riel: 25.40 cm, peso: 15.15 kg.","og_url":"https:\/\/www.mexicanguitarplayers.com\/en\/tienda\/sin categor\u00eda\/estuche-skb-rack-removible-3i-22221210u\/","og_site_name":"Mexican Guitar Players","article_modified_time":"2026-04-10T10:38:28+00:00","twitter_card":"summary_large_image","twitter_misc":{"Est. reading time":"2 minutes"},"schema":{"@context":"https:\/\/schema.org","@graph":[{"@type":["WebPage","ItemPage"],"@id":"https:\/\/www.mexicanguitarplayers.com\/tienda\/sin categor\u00eda\/estuche-skb-rack-removible-3i-22221210u\/","url":"https:\/\/www.mexicanguitarplayers.com\/tienda\/sin categor\u00eda\/estuche-skb-rack-removible-3i-22221210u\/","name":"ESTUCHE SKB RACK REMOVIBLE 3I-22221210U - Mexican Guitar Players","isPartOf":{"@id":"https:\/\/www.mexicanguitarplayers.com\/#website"},"primaryImageOfPage":{"@id":"https:\/\/www.mexicanguitarplayers.com\/tienda\/sin categor\u00eda\/estuche-skb-rack-removible-3i-22221210u\/#primaryimage"},"image":{"@id":"https:\/\/www.mexicanguitarplayers.com\/tienda\/sin categor\u00eda\/estuche-skb-rack-removible-3i-22221210u\/#primaryimage"},"thumbnailUrl":"https:\/\/www.mexicanguitarplayers.com\/wp-content\/uploads\/2025\/04\/VASKB32221210U.jpg","datePublished":"2025-04-08T16:44:53+00:00","dateModified":"2026-04-10T10:38:28+00:00","description":"Estuche de rack extra\u00edble de 10U, profundidad de rack de 10\u201d pulgadas, cubierta de pl\u00e1stico ABS en la parte superior e inferior del marco extra\u00edble, protecci\u00f3n interior de espuma, construcci\u00f3n de resina de copol\u00edmero de polipropileno de ultra alta resistencia., resistente a los rayos UV, solventes, corrosi\u00f3n y hongos, absolutamente impermeable, v\u00e1lvula de estabilidad autom\u00e1tica de presi\u00f3n ambiental, bisagras moldeadas, sistema de cierre de gatillo TSA, bot\u00f3n de liberaci\u00f3n que tira del asa y las ruedas en l\u00ednea para un f\u00e1cil transporte, asas de agarre amortiguadas de goma sobre moldeadas, longitud interior: 57.15 cm, ancho interior: 57.15 cm, altura interior: 31.75 cm, profundidad exterior: 63.02 cm, ancho exterior: 63.45 cm, altura exterior: 35.94 cm, profundidad de rack riel a riel: 25.40 cm, peso: 15.15 kg.","breadcrumb":{"@id":"https:\/\/www.mexicanguitarplayers.com\/tienda\/sin categor\u00eda\/estuche-skb-rack-removible-3i-22221210u\/#breadcrumb"},"inLanguage":"en-US","potentialAction":[{"@type":"ReadAction","target":["https:\/\/www.mexicanguitarplayers.com\/tienda\/sin categor\u00eda\/estuche-skb-rack-removible-3i-22221210u\/"]}]},{"@type":"ImageObject","inLanguage":"en-US","@id":"https:\/\/www.mexicanguitarplayers.com\/tienda\/sin categor\u00eda\/estuche-skb-rack-removible-3i-22221210u\/#primaryimage","url":"https:\/\/www.mexicanguitarplayers.com\/wp-content\/uploads\/2025\/04\/VASKB32221210U.jpg","contentUrl":"https:\/\/www.mexicanguitarplayers.com\/wp-content\/uploads\/2025\/04\/VASKB32221210U.jpg","width":1200,"height":1200},{"@type":"BreadcrumbList","@id":"https:\/\/www.mexicanguitarplayers.com\/tienda\/sin categor\u00eda\/estuche-skb-rack-removible-3i-22221210u\/#breadcrumb","itemListElement":[{"@type":"ListItem","position":1,"name":"Portada","item":"https:\/\/www.mexicanguitarplayers.com\/"},{"@type":"ListItem","position":2,"name":"Tienda","item":"https:\/\/www.mexicanguitarplayers.com\/tienda\/"},{"@type":"ListItem","position":3,"name":"ESTUCHE SKB RACK REMOVIBLE 3I-22221210U"}]},{"@type":"WebSite","@id":"https:\/\/www.mexicanguitarplayers.com\/#website","url":"https:\/\/www.mexicanguitarplayers.com\/","name":"Mexican Guitar Players","description":"Website","publisher":{"@id":"https:\/\/www.mexicanguitarplayers.com\/#organization"},"potentialAction":[{"@type":"SearchAction","target":{"@type":"EntryPoint","urlTemplate":"https:\/\/www.mexicanguitarplayers.com\/?s={search_term_string}"},"query-input":{"@type":"PropertyValueSpecification","valueRequired":true,"valueName":"search_term_string"}}],"inLanguage":"en-US"},{"@type":"Organization","@id":"https:\/\/www.mexicanguitarplayers.com\/#organization","name":"Mexican Guitar Players","url":"https:\/\/www.mexicanguitarplayers.com\/","logo":{"@type":"ImageObject","inLanguage":"en-US","@id":"https:\/\/www.mexicanguitarplayers.com\/#\/schema\/logo\/image\/","url":"","contentUrl":"","caption":"Mexican Guitar Players"},"image":{"@id":"https:\/\/www.mexicanguitarplayers.com\/#\/schema\/logo\/image\/"}}]}},"brands":[{"id":609,"name":"SKB","slug":"skb"}],"_links":{"self":[{"href":"https:\/\/www.mexicanguitarplayers.com\/en\/wp-json\/wp\/v2\/product\/29608","targetHints":{"allow":["GET"]}}],"collection":[{"href":"https:\/\/www.mexicanguitarplayers.com\/en\/wp-json\/wp\/v2\/product"}],"about":[{"href":"https:\/\/www.mexicanguitarplayers.com\/en\/wp-json\/wp\/v2\/types\/product"}],"replies":[{"embeddable":true,"href":"https:\/\/www.mexicanguitarplayers.com\/en\/wp-json\/wp\/v2\/comments?post=29608"}],"wp:featuredmedia":[{"embeddable":true,"href":"https:\/\/www.mexicanguitarplayers.com\/en\/wp-json\/wp\/v2\/media\/29602"}],"wp:attachment":[{"href":"https:\/\/www.mexicanguitarplayers.com\/en\/wp-json\/wp\/v2\/media?parent=29608"}],"wp:term":[{"taxonomy":"pwb-brand","embeddable":true,"href":"https:\/\/www.mexicanguitarplayers.com\/en\/wp-json\/wp\/v2\/pwb-brand?post=29608"},{"taxonomy":"product_brand","embeddable":true,"href":"https:\/\/www.mexicanguitarplayers.com\/en\/wp-json\/wp\/v2\/product_brand?post=29608"},{"taxonomy":"product_cat","embeddable":true,"href":"https:\/\/www.mexicanguitarplayers.com\/en\/wp-json\/wp\/v2\/product_cat?post=29608"},{"taxonomy":"product_tag","embeddable":true,"href":"https:\/\/www.mexicanguitarplayers.com\/en\/wp-json\/wp\/v2\/product_tag?post=29608"}],"curies":[{"name":"wp","href":"https:\/\/api.w.org\/{rel}","templated":true}]}}