{"id":29610,"date":"2025-04-08T10:44:55","date_gmt":"2025-04-08T16:44:55","guid":{"rendered":"https:\/\/www.mexicanguitarplayers.com\/tienda\/sin categor\u00eda\/bocina-beyma-12-mod-12mcs500\/"},"modified":"2026-05-01T07:25:54","modified_gmt":"2026-05-01T13:25:54","slug":"bocina-beyma-12-mod-12mcs500","status":"publish","type":"product","link":"https:\/\/www.mexicanguitarplayers.com\/en\/tienda\/audio\/bafles-y-bocinas\/bocinas-y-componentes\/medios\/bocina-beyma-12-mod-12mcs500\/","title":{"rendered":"BOCINA BEYMA  12     MOD. 12MCS500"},"content":{"rendered":"<div style=\"text-align: justify\">\n<div>\n<h3>El mejor sonido para tus bafles.<\/h3>\n<\/div>\n<div>Altavoz de 12&#8243; pulgadas optimizado para sistemas PA de 2 o 3 v\u00edas y aplicaciones de arreglo lineal, manejo de potencia de 1000 watts, bobina m\u00f3vil de cobre de 2.5&#8243; pulgadas, sistema de enfriamiento Malt Cross de Beyma, compresi\u00f3n de p\u00e9rdida de baja potencia, alta sensibilidad de 97 dB, marco optimizado de acero, circuito magn\u00e9tico FEA optimizado, dise\u00f1ado con tecnolog\u00eda MMSS para un alto control, linealidad y muy baja distorsi\u00f3n, par\u00e1metros optimizados LSI, anillo de demodulaci\u00f3n de aluminio, tratamiento de cono impermeable a ambos lados del cono.<\/div>\n<div>\n<h4>Quick look<\/h4>\n<\/div>\n<ul style=\"margin: 0px 0px 0px 25px\">\n<li style=\"list-style-type: circle;margin: 5px\">Di\u00e1metro nominal.<\/li>\n<li style=\"list-style-type: circle;margin: 5px\">Nominal impedance.<\/li>\n<li style=\"list-style-type: circle;margin: 5px\">Impedancia m\u00ednima.<\/li>\n<li style=\"list-style-type: circle;margin: 5px\">Power.<\/li>\n<li style=\"list-style-type: circle;margin: 5px\">Sensitivity.<\/li>\n<li style=\"list-style-type: circle;margin: 5px\">Rango de frecuencias.<\/li>\n<li style=\"list-style-type: circle;margin: 5px\">Di\u00e1metro de la bobina m\u00f3vil.<\/li>\n<li style=\"list-style-type: circle;margin: 5px\">Factor BL.<\/li>\n<li style=\"list-style-type: circle;margin: 5px\">Masa m\u00f3vil.<\/li>\n<li style=\"list-style-type: circle;margin: 5px\">Altura del bobinado.<\/li>\n<li style=\"list-style-type: circle;margin: 5px\">Altura del entrehierro.<\/li>\n<li style=\"list-style-type: circle;margin: 5px\">FS (Frecuencia de resonancia).<\/li>\n<li style=\"list-style-type: circle;margin: 5px\">Resistencia DC.<\/li>\n<li style=\"list-style-type: circle;margin: 5px\">QMS (Factor de calidad mec\u00e1nica).<\/li>\n<li style=\"list-style-type: circle;margin: 5px\">QES (Factor de calidad el\u00e9ctrica).<\/li>\n<li style=\"list-style-type: circle;margin: 5px\">QTS (Factor de calidad total).<\/li>\n<li style=\"list-style-type: circle;margin: 5px\">VAS (Volumen de aire equivalente a CMS).<\/li>\n<li style=\"list-style-type: circle;margin: 5px\">CMS (Cumplimiento mec\u00e1nico).<\/li>\n<li style=\"list-style-type: circle;margin: 5px\">RMS (Resistencia mec\u00e1nica).<\/li>\n<li style=\"list-style-type: circle;margin: 5px\">Porcentaje de eficiencia.<\/li>\n<li style=\"list-style-type: circle;margin: 5px\">SD (Superficie efectiva).<\/li>\n<li style=\"list-style-type: circle;margin: 5px\">XMAX (Desplazamiento m\u00e1ximo).<\/li>\n<li style=\"list-style-type: circle;margin: 5px\">VD (Volumen de desplazamiento).<\/li>\n<li style=\"list-style-type: circle;margin: 5px\">Inductancia de la bobina m\u00f3vil (Le @ 1kHz).<\/li>\n<li style=\"list-style-type: circle;margin: 5px\">Profundidad.<\/li>\n<li style=\"list-style-type: circle;margin: 5px\">Weight.<\/li>\n<li style=\"list-style-type: circle;margin: 5px\">Im\u00e1n.<\/li>\n<li style=\"list-style-type: circle;margin: 5px\">Tecnolog\u00edas.<\/li>\n<\/ul>\n<div>\n<div style=\"font-weight: bold\">Di\u00e1metro nominal.<\/div>\n<div>\n<p>12\u201d pulgadas (300 mm).<\/p>\n<\/div>\n<div style=\"font-weight: bold\">Nominal impedance.<\/div>\n<div>\n<p>8 ohms.<\/p>\n<\/div>\n<div style=\"font-weight: bold\">Impedancia m\u00ednima.<\/div>\n<div>\n<p>7.3 ohms.<\/p>\n<\/div>\n<div style=\"font-weight: bold\">Power.<\/div>\n<div>\n<p>AES: 500 watts. Programa: 1,000 watts.<\/p>\n<\/div>\n<div style=\"font-weight: bold\">Sensitivity.<\/div>\n<div>\n<p>97 dB.<\/p>\n<\/div>\n<div style=\"font-weight: bold\">Rango de frecuencias.<\/div>\n<div>\n<p>65 &#8211; 5,000 Hz.<\/p>\n<\/div>\n<div style=\"font-weight: bold\">Di\u00e1metro de la bobina m\u00f3vil.<\/div>\n<div>\n<p>2.5\u201d pulgadas (63.5 mm).<\/p>\n<\/div>\n<div style=\"font-weight: bold\">Factor BL.<\/div>\n<div>\n<p>18 N\/A.<\/p>\n<\/div>\n<div style=\"font-weight: bold\">Masa m\u00f3vil.<\/div>\n<div>\n<p>0.064 kg.<\/p>\n<\/div>\n<div style=\"font-weight: bold\">Altura del bobinado.<\/div>\n<div>\n<p>19.5 mm.<\/p>\n<\/div>\n<div style=\"font-weight: bold\">Altura del entrehierro.<\/div>\n<div>\n<p>9.5 mm.<\/p>\n<\/div>\n<div style=\"font-weight: bold\">FS (Frecuencia de resonancia).<\/div>\n<div>\n<p>62 Hz.<\/p>\n<\/div>\n<div style=\"font-weight: bold\">Resistencia DC.<\/div>\n<div>\n<p>5.7 ohms.<\/p>\n<\/div>\n<div style=\"font-weight: bold\">QMS (Factor de calidad mec\u00e1nica).<\/div>\n<div>\n<p>7.8.<\/p>\n<\/div>\n<div style=\"font-weight: bold\">QES (Factor de calidad el\u00e9ctrica).<\/div>\n<div>\n<p>0.44.<\/p>\n<\/div>\n<div style=\"font-weight: bold\">QTS (Factor de calidad total).<\/div>\n<div>\n<p>0.42.<\/p>\n<\/div>\n<div style=\"font-weight: bold\">VAS (Volumen de aire equivalente a CMS).<\/div>\n<div>\n<p>44 l.<\/p>\n<\/div>\n<div style=\"font-weight: bold\">CMS (Cumplimiento mec\u00e1nico).<\/div>\n<div>\n<p>103 \u00b5m \/ N.<\/p>\n<\/div>\n<div style=\"font-weight: bold\">RMS (Resistencia mec\u00e1nica).<\/div>\n<div>\n<p>3.18 kg\/s.<\/p>\n<\/div>\n<div style=\"font-weight: bold\">Porcentaje de eficiencia.<\/div>\n<div>\n<p>2.3%.<\/p>\n<\/div>\n<div style=\"font-weight: bold\">SD (Superficie efectiva).<\/div>\n<div>\n<p>0.055m\u00b2.<\/p>\n<\/div>\n<div style=\"font-weight: bold\">XMAX (Desplazamiento m\u00e1ximo).<\/div>\n<div>\n<p>8 mm.<\/p>\n<\/div>\n<div style=\"font-weight: bold\">VD (Volumen de desplazamiento).<\/div>\n<div>\n<p>440 cm\u00b3.<\/p>\n<\/div>\n<div style=\"font-weight: bold\">Inductancia de la bobina m\u00f3vil (Le @ 1kHz).<\/div>\n<div>\n<p>1mH.<\/p>\n<\/div>\n<div style=\"font-weight: bold\">Profundidad.<\/div>\n<div>\n<p>5.55\u201d pulgadas (141 mm).<\/p>\n<\/div>\n<div style=\"font-weight: bold\">Weight.<\/div>\n<div>\n<p>6.7 kg.<\/p>\n<\/div>\n<div style=\"font-weight: bold\">Im\u00e1n.<\/div>\n<div>\n<p>Ferrita.<\/p>\n<\/div>\n<div style=\"font-weight: bold\">Tecnolog\u00edas.<\/div>\n<div>\n<p>Malt Cros. MMSS.<\/p>\n<\/div>\n<\/div>\n<\/div>","protected":false},"excerpt":{"rendered":"<p>Altavoz de 12\u201d pulgadas optimizado para sistemas PA de 2 o 3 v\u00edas y aplicaciones de arreglo lineal, im\u00e1n de ferrita, potencia: 1,000 watts a 8 ohms, bobina m\u00f3vil: 2.5\u201d pulgadas, sensibilidad: 97 dB, rango de frecuencias: 65 &#8211; 5,000 Hz, sistema de enfriamiento Malt Cross, compresi\u00f3n de p\u00e9rdida de baja potencia, marco optimizado de acero, circuito magn\u00e9tico FEA optimizado, dise\u00f1ado con tecnolog\u00eda MMSS para un alto control, linealidad y baja distorsi\u00f3n, par\u00e1metros optimizados LSI, anillo de demodulaci\u00f3n de aluminio, tratamiento de cono impermeable a ambos lados del cono, peso: 6.7 kg.&hellip; <a class=\"kt-excerpt-readmore more-link\" href=\"https:\/\/www.mexicanguitarplayers.com\/en\/tienda\/audio\/bafles-y-bocinas\/bocinas-y-componentes\/medios\/bocina-beyma-12-mod-12mcs500\/\">Read more<\/a><\/p>","protected":false},"featured_media":29609,"comment_status":"open","ping_status":"closed","template":"","meta":{"kt_blocks_editor_width":""},"pwb-brand":[477],"product_brand":[],"product_cat":[213,221,474,534],"product_tag":[],"class_list":{"0":"post-29610","1":"product","2":"type-product","3":"status-publish","4":"has-post-thumbnail","6":"pwb-brand-beyma","7":"product_cat-audio","8":"product_cat-bafles-y-bocinas","9":"product_cat-bocinas-y-componentes","10":"product_cat-medios","11":"product_shipping_class-5-10-kg","13":"first","14":"instock","15":"taxable","16":"shipping-taxable","17":"purchasable","18":"product-type-simple"},"yoast_head":"<!-- This site is optimized with the Yoast SEO plugin v27.5 - https:\/\/yoast.com\/product\/yoast-seo-wordpress\/ -->\n<title>BOCINA BEYMA 12   MOD. 12MCS500 - Mexican Guitar Players<\/title>\n<meta name=\"description\" content=\"Altavoz de 12\u201d pulgadas optimizado para sistemas PA de 2 o 3 v\u00edas y aplicaciones de arreglo lineal, im\u00e1n de ferrita, potencia: 1,000 watts a 8 ohms, bobina m\u00f3vil: 2.5\u201d pulgadas, sensibilidad: 97 dB, rango de frecuencias: 65 - 5,000 Hz, sistema de enfriamiento Malt Cross, compresi\u00f3n de p\u00e9rdida de baja potencia, marco optimizado de acero, circuito magn\u00e9tico FEA optimizado, dise\u00f1ado con tecnolog\u00eda MMSS para un alto control, linealidad y baja distorsi\u00f3n, par\u00e1metros optimizados LSI, anillo de demodulaci\u00f3n de aluminio, tratamiento de cono impermeable a ambos lados del cono, peso: 6.7 kg.\" \/>\n<meta name=\"robots\" content=\"index, follow, max-snippet:-1, max-image-preview:large, max-video-preview:-1\" \/>\n<link rel=\"canonical\" href=\"https:\/\/www.mexicanguitarplayers.com\/en\/tienda\/sin%20categor\u00eda\/bocina-beyma-12-mod-12mcs500\/\" \/>\n<meta property=\"og:locale\" content=\"en_US\" \/>\n<meta property=\"og:type\" content=\"article\" \/>\n<meta property=\"og:title\" content=\"BOCINA BEYMA 12   MOD. 12MCS500 - Mexican Guitar Players\" \/>\n<meta property=\"og:description\" content=\"Altavoz de 12\u201d pulgadas optimizado para sistemas PA de 2 o 3 v\u00edas y aplicaciones de arreglo lineal, im\u00e1n de ferrita, potencia: 1,000 watts a 8 ohms, bobina m\u00f3vil: 2.5\u201d pulgadas, sensibilidad: 97 dB, rango de frecuencias: 65 - 5,000 Hz, sistema de enfriamiento Malt Cross, compresi\u00f3n de p\u00e9rdida de baja potencia, marco optimizado de acero, circuito magn\u00e9tico FEA optimizado, dise\u00f1ado con tecnolog\u00eda MMSS para un alto control, linealidad y baja distorsi\u00f3n, par\u00e1metros optimizados LSI, anillo de demodulaci\u00f3n de aluminio, tratamiento de cono impermeable a ambos lados del cono, peso: 6.7 kg.\" \/>\n<meta property=\"og:url\" content=\"https:\/\/www.mexicanguitarplayers.com\/en\/tienda\/sin categor\u00eda\/bocina-beyma-12-mod-12mcs500\/\" \/>\n<meta property=\"og:site_name\" content=\"Mexican Guitar Players\" \/>\n<meta property=\"article:modified_time\" content=\"2026-05-01T13:25:54+00:00\" \/>\n<meta name=\"twitter:card\" content=\"summary_large_image\" \/>\n<meta name=\"twitter:label1\" content=\"Est. reading time\" \/>\n\t<meta name=\"twitter:data1\" content=\"2 minutes\" \/>\n<script type=\"application\/ld+json\" class=\"yoast-schema-graph\">{\"@context\":\"https:\\\/\\\/schema.org\",\"@graph\":[{\"@type\":[\"WebPage\",\"ItemPage\"],\"@id\":\"https:\\\/\\\/www.mexicanguitarplayers.com\\\/tienda\\\/sin categor\u00eda\\\/bocina-beyma-12-mod-12mcs500\\\/\",\"url\":\"https:\\\/\\\/www.mexicanguitarplayers.com\\\/tienda\\\/sin categor\u00eda\\\/bocina-beyma-12-mod-12mcs500\\\/\",\"name\":\"BOCINA BEYMA 12 MOD. 12MCS500 - Mexican Guitar Players\",\"isPartOf\":{\"@id\":\"https:\\\/\\\/www.mexicanguitarplayers.com\\\/#website\"},\"primaryImageOfPage\":{\"@id\":\"https:\\\/\\\/www.mexicanguitarplayers.com\\\/tienda\\\/sin categor\u00eda\\\/bocina-beyma-12-mod-12mcs500\\\/#primaryimage\"},\"image\":{\"@id\":\"https:\\\/\\\/www.mexicanguitarplayers.com\\\/tienda\\\/sin categor\u00eda\\\/bocina-beyma-12-mod-12mcs500\\\/#primaryimage\"},\"thumbnailUrl\":\"https:\\\/\\\/www.mexicanguitarplayers.com\\\/wp-content\\\/uploads\\\/2025\\\/04\\\/IABEY12MCS500.jpg\",\"datePublished\":\"2025-04-08T16:44:55+00:00\",\"dateModified\":\"2026-05-01T13:25:54+00:00\",\"description\":\"Altavoz de 12\u201d pulgadas optimizado para sistemas PA de 2 o 3 v\u00edas y aplicaciones de arreglo lineal, im\u00e1n de ferrita, potencia: 1,000 watts a 8 ohms, bobina m\u00f3vil: 2.5\u201d pulgadas, sensibilidad: 97 dB, rango de frecuencias: 65 - 5,000 Hz, sistema de enfriamiento Malt Cross, compresi\u00f3n de p\u00e9rdida de baja potencia, marco optimizado de acero, circuito magn\u00e9tico FEA optimizado, dise\u00f1ado con tecnolog\u00eda MMSS para un alto control, linealidad y baja distorsi\u00f3n, par\u00e1metros optimizados LSI, anillo de demodulaci\u00f3n de aluminio, tratamiento de cono impermeable a ambos lados del cono, peso: 6.7 kg.\",\"breadcrumb\":{\"@id\":\"https:\\\/\\\/www.mexicanguitarplayers.com\\\/tienda\\\/sin categor\u00eda\\\/bocina-beyma-12-mod-12mcs500\\\/#breadcrumb\"},\"inLanguage\":\"en-US\",\"potentialAction\":[{\"@type\":\"ReadAction\",\"target\":[\"https:\\\/\\\/www.mexicanguitarplayers.com\\\/tienda\\\/sin categor\u00eda\\\/bocina-beyma-12-mod-12mcs500\\\/\"]}]},{\"@type\":\"ImageObject\",\"inLanguage\":\"en-US\",\"@id\":\"https:\\\/\\\/www.mexicanguitarplayers.com\\\/tienda\\\/sin categor\u00eda\\\/bocina-beyma-12-mod-12mcs500\\\/#primaryimage\",\"url\":\"https:\\\/\\\/www.mexicanguitarplayers.com\\\/wp-content\\\/uploads\\\/2025\\\/04\\\/IABEY12MCS500.jpg\",\"contentUrl\":\"https:\\\/\\\/www.mexicanguitarplayers.com\\\/wp-content\\\/uploads\\\/2025\\\/04\\\/IABEY12MCS500.jpg\",\"width\":1200,\"height\":1200},{\"@type\":\"BreadcrumbList\",\"@id\":\"https:\\\/\\\/www.mexicanguitarplayers.com\\\/tienda\\\/sin categor\u00eda\\\/bocina-beyma-12-mod-12mcs500\\\/#breadcrumb\",\"itemListElement\":[{\"@type\":\"ListItem\",\"position\":1,\"name\":\"Portada\",\"item\":\"https:\\\/\\\/www.mexicanguitarplayers.com\\\/\"},{\"@type\":\"ListItem\",\"position\":2,\"name\":\"Tienda\",\"item\":\"https:\\\/\\\/www.mexicanguitarplayers.com\\\/tienda\\\/\"},{\"@type\":\"ListItem\",\"position\":3,\"name\":\"BOCINA BEYMA 12 MOD. 12MCS500\"}]},{\"@type\":\"WebSite\",\"@id\":\"https:\\\/\\\/www.mexicanguitarplayers.com\\\/#website\",\"url\":\"https:\\\/\\\/www.mexicanguitarplayers.com\\\/\",\"name\":\"Mexican Guitar Players\",\"description\":\"Website\",\"publisher\":{\"@id\":\"https:\\\/\\\/www.mexicanguitarplayers.com\\\/#organization\"},\"potentialAction\":[{\"@type\":\"SearchAction\",\"target\":{\"@type\":\"EntryPoint\",\"urlTemplate\":\"https:\\\/\\\/www.mexicanguitarplayers.com\\\/?s={search_term_string}\"},\"query-input\":{\"@type\":\"PropertyValueSpecification\",\"valueRequired\":true,\"valueName\":\"search_term_string\"}}],\"inLanguage\":\"en-US\"},{\"@type\":\"Organization\",\"@id\":\"https:\\\/\\\/www.mexicanguitarplayers.com\\\/#organization\",\"name\":\"Mexican Guitar Players\",\"url\":\"https:\\\/\\\/www.mexicanguitarplayers.com\\\/\",\"logo\":{\"@type\":\"ImageObject\",\"inLanguage\":\"en-US\",\"@id\":\"https:\\\/\\\/www.mexicanguitarplayers.com\\\/#\\\/schema\\\/logo\\\/image\\\/\",\"url\":\"\",\"contentUrl\":\"\",\"caption\":\"Mexican Guitar Players\"},\"image\":{\"@id\":\"https:\\\/\\\/www.mexicanguitarplayers.com\\\/#\\\/schema\\\/logo\\\/image\\\/\"}}]}<\/script>\n<!-- \/ Yoast SEO plugin. -->","yoast_head_json":{"title":"BOCINA BEYMA 12   MOD. 12MCS500 - Mexican Guitar Players","description":"Altavoz de 12\u201d pulgadas optimizado para sistemas PA de 2 o 3 v\u00edas y aplicaciones de arreglo lineal, im\u00e1n de ferrita, potencia: 1,000 watts a 8 ohms, bobina m\u00f3vil: 2.5\u201d pulgadas, sensibilidad: 97 dB, rango de frecuencias: 65 - 5,000 Hz, sistema de enfriamiento Malt Cross, compresi\u00f3n de p\u00e9rdida de baja potencia, marco optimizado de acero, circuito magn\u00e9tico FEA optimizado, dise\u00f1ado con tecnolog\u00eda MMSS para un alto control, linealidad y baja distorsi\u00f3n, par\u00e1metros optimizados LSI, anillo de demodulaci\u00f3n de aluminio, tratamiento de cono impermeable a ambos lados del cono, peso: 6.7 kg.","robots":{"index":"index","follow":"follow","max-snippet":"max-snippet:-1","max-image-preview":"max-image-preview:large","max-video-preview":"max-video-preview:-1"},"canonical":"https:\/\/www.mexicanguitarplayers.com\/en\/tienda\/sin categor\u00eda\/bocina-beyma-12-mod-12mcs500\/","og_locale":"en_US","og_type":"article","og_title":"BOCINA BEYMA 12   MOD. 12MCS500 - Mexican Guitar Players","og_description":"Altavoz de 12\u201d pulgadas optimizado para sistemas PA de 2 o 3 v\u00edas y aplicaciones de arreglo lineal, im\u00e1n de ferrita, potencia: 1,000 watts a 8 ohms, bobina m\u00f3vil: 2.5\u201d pulgadas, sensibilidad: 97 dB, rango de frecuencias: 65 - 5,000 Hz, sistema de enfriamiento Malt Cross, compresi\u00f3n de p\u00e9rdida de baja potencia, marco optimizado de acero, circuito magn\u00e9tico FEA optimizado, dise\u00f1ado con tecnolog\u00eda MMSS para un alto control, linealidad y baja distorsi\u00f3n, par\u00e1metros optimizados LSI, anillo de demodulaci\u00f3n de aluminio, tratamiento de cono impermeable a ambos lados del cono, peso: 6.7 kg.","og_url":"https:\/\/www.mexicanguitarplayers.com\/en\/tienda\/sin categor\u00eda\/bocina-beyma-12-mod-12mcs500\/","og_site_name":"Mexican Guitar Players","article_modified_time":"2026-05-01T13:25:54+00:00","twitter_card":"summary_large_image","twitter_misc":{"Est. reading time":"2 minutes"},"schema":{"@context":"https:\/\/schema.org","@graph":[{"@type":["WebPage","ItemPage"],"@id":"https:\/\/www.mexicanguitarplayers.com\/tienda\/sin categor\u00eda\/bocina-beyma-12-mod-12mcs500\/","url":"https:\/\/www.mexicanguitarplayers.com\/tienda\/sin categor\u00eda\/bocina-beyma-12-mod-12mcs500\/","name":"BOCINA BEYMA 12 MOD. 12MCS500 - Mexican Guitar Players","isPartOf":{"@id":"https:\/\/www.mexicanguitarplayers.com\/#website"},"primaryImageOfPage":{"@id":"https:\/\/www.mexicanguitarplayers.com\/tienda\/sin categor\u00eda\/bocina-beyma-12-mod-12mcs500\/#primaryimage"},"image":{"@id":"https:\/\/www.mexicanguitarplayers.com\/tienda\/sin categor\u00eda\/bocina-beyma-12-mod-12mcs500\/#primaryimage"},"thumbnailUrl":"https:\/\/www.mexicanguitarplayers.com\/wp-content\/uploads\/2025\/04\/IABEY12MCS500.jpg","datePublished":"2025-04-08T16:44:55+00:00","dateModified":"2026-05-01T13:25:54+00:00","description":"Altavoz de 12\u201d pulgadas optimizado para sistemas PA de 2 o 3 v\u00edas y aplicaciones de arreglo lineal, im\u00e1n de ferrita, potencia: 1,000 watts a 8 ohms, bobina m\u00f3vil: 2.5\u201d pulgadas, sensibilidad: 97 dB, rango de frecuencias: 65 - 5,000 Hz, sistema de enfriamiento Malt Cross, compresi\u00f3n de p\u00e9rdida de baja potencia, marco optimizado de acero, circuito magn\u00e9tico FEA optimizado, dise\u00f1ado con tecnolog\u00eda MMSS para un alto control, linealidad y baja distorsi\u00f3n, par\u00e1metros optimizados LSI, anillo de demodulaci\u00f3n de aluminio, tratamiento de cono impermeable a ambos lados del cono, peso: 6.7 kg.","breadcrumb":{"@id":"https:\/\/www.mexicanguitarplayers.com\/tienda\/sin categor\u00eda\/bocina-beyma-12-mod-12mcs500\/#breadcrumb"},"inLanguage":"en-US","potentialAction":[{"@type":"ReadAction","target":["https:\/\/www.mexicanguitarplayers.com\/tienda\/sin categor\u00eda\/bocina-beyma-12-mod-12mcs500\/"]}]},{"@type":"ImageObject","inLanguage":"en-US","@id":"https:\/\/www.mexicanguitarplayers.com\/tienda\/sin categor\u00eda\/bocina-beyma-12-mod-12mcs500\/#primaryimage","url":"https:\/\/www.mexicanguitarplayers.com\/wp-content\/uploads\/2025\/04\/IABEY12MCS500.jpg","contentUrl":"https:\/\/www.mexicanguitarplayers.com\/wp-content\/uploads\/2025\/04\/IABEY12MCS500.jpg","width":1200,"height":1200},{"@type":"BreadcrumbList","@id":"https:\/\/www.mexicanguitarplayers.com\/tienda\/sin categor\u00eda\/bocina-beyma-12-mod-12mcs500\/#breadcrumb","itemListElement":[{"@type":"ListItem","position":1,"name":"Portada","item":"https:\/\/www.mexicanguitarplayers.com\/"},{"@type":"ListItem","position":2,"name":"Tienda","item":"https:\/\/www.mexicanguitarplayers.com\/tienda\/"},{"@type":"ListItem","position":3,"name":"BOCINA BEYMA 12 MOD. 12MCS500"}]},{"@type":"WebSite","@id":"https:\/\/www.mexicanguitarplayers.com\/#website","url":"https:\/\/www.mexicanguitarplayers.com\/","name":"Mexican Guitar Players","description":"Website","publisher":{"@id":"https:\/\/www.mexicanguitarplayers.com\/#organization"},"potentialAction":[{"@type":"SearchAction","target":{"@type":"EntryPoint","urlTemplate":"https:\/\/www.mexicanguitarplayers.com\/?s={search_term_string}"},"query-input":{"@type":"PropertyValueSpecification","valueRequired":true,"valueName":"search_term_string"}}],"inLanguage":"en-US"},{"@type":"Organization","@id":"https:\/\/www.mexicanguitarplayers.com\/#organization","name":"Mexican Guitar Players","url":"https:\/\/www.mexicanguitarplayers.com\/","logo":{"@type":"ImageObject","inLanguage":"en-US","@id":"https:\/\/www.mexicanguitarplayers.com\/#\/schema\/logo\/image\/","url":"","contentUrl":"","caption":"Mexican Guitar Players"},"image":{"@id":"https:\/\/www.mexicanguitarplayers.com\/#\/schema\/logo\/image\/"}}]}},"brands":[{"id":477,"name":"BEYMA","slug":"beyma"}],"_links":{"self":[{"href":"https:\/\/www.mexicanguitarplayers.com\/en\/wp-json\/wp\/v2\/product\/29610","targetHints":{"allow":["GET"]}}],"collection":[{"href":"https:\/\/www.mexicanguitarplayers.com\/en\/wp-json\/wp\/v2\/product"}],"about":[{"href":"https:\/\/www.mexicanguitarplayers.com\/en\/wp-json\/wp\/v2\/types\/product"}],"replies":[{"embeddable":true,"href":"https:\/\/www.mexicanguitarplayers.com\/en\/wp-json\/wp\/v2\/comments?post=29610"}],"wp:featuredmedia":[{"embeddable":true,"href":"https:\/\/www.mexicanguitarplayers.com\/en\/wp-json\/wp\/v2\/media\/29609"}],"wp:attachment":[{"href":"https:\/\/www.mexicanguitarplayers.com\/en\/wp-json\/wp\/v2\/media?parent=29610"}],"wp:term":[{"taxonomy":"pwb-brand","embeddable":true,"href":"https:\/\/www.mexicanguitarplayers.com\/en\/wp-json\/wp\/v2\/pwb-brand?post=29610"},{"taxonomy":"product_brand","embeddable":true,"href":"https:\/\/www.mexicanguitarplayers.com\/en\/wp-json\/wp\/v2\/product_brand?post=29610"},{"taxonomy":"product_cat","embeddable":true,"href":"https:\/\/www.mexicanguitarplayers.com\/en\/wp-json\/wp\/v2\/product_cat?post=29610"},{"taxonomy":"product_tag","embeddable":true,"href":"https:\/\/www.mexicanguitarplayers.com\/en\/wp-json\/wp\/v2\/product_tag?post=29610"}],"curies":[{"name":"wp","href":"https:\/\/api.w.org\/{rel}","templated":true}]}}