{"id":29643,"date":"2025-04-08T10:45:38","date_gmt":"2025-04-08T16:45:38","guid":{"rendered":"https:\/\/www.mexicanguitarplayers.com\/tienda\/sin categor\u00eda\/columna-behringer-c-poder-mod-c210\/"},"modified":"2026-05-01T07:25:52","modified_gmt":"2026-05-01T13:25:52","slug":"columna-behringer-c-poder-mod-c210","status":"publish","type":"product","link":"https:\/\/www.mexicanguitarplayers.com\/en\/tienda\/audio\/bafles-y-bocinas\/bafles\/bafles-activos\/columna-behringer-c-poder-mod-c210\/","title":{"rendered":"COLUMNA BEHRINGER C\/PODER MOD. C210"},"content":{"rendered":"<div style=\"text-align: justify\">\n<div>\n<h3>Clase D: Potencia masiva, sonido perfecto.<\/h3>\n<\/div>\n<div>Gracias a nuestra revolucionaria tecnolog\u00eda de amplificador de Clase D, podemos proporcionarte una potencia enorme y un rendimiento s\u00f3nico incre\u00edble en un paquete f\u00e1cil de usar, ultra port\u00e1til y liviano. La amplificaci\u00f3n Clase D marca la diferencia, ofreciendo lo \u00faltimo en eficiencia energ\u00e9tica y eliminando la necesidad de fuentes de alimentaci\u00f3n pesadas y disipadores de calor masivos. Esta sorprendente tecnolog\u00eda hace posible dise\u00f1ar y construir productos extremadamente potentes que son significativamente m\u00e1s livianos que sus contrapartes tradicionales, a la vez que utilizan menos energ\u00eda y protegen el medio ambiente. Bi-amplificaci\u00f3n: El camino hacia la integridad absoluta de la se\u00f1al. Con sus 200 watts de salida digital ultra limpia, cortes\u00eda de un verdadero bi-amplificador (2 amplificadores por sistema de altavoces), el C210 ofrece un sonido de alta resoluci\u00f3n que realmente saca lo mejor de tu m\u00fasica. Si bien algunos de nuestros competidores aplicar crossovers pasivos simples que separan de manera inexacta el espectro de frecuencia y degradan el rendimiento del driver, Behringer ha hecho un esfuerzo adicional: Maneja el woofer y los tweeters con amplificadores separados para una integridad absoluta de la se\u00f1al. Sabemos que tu m\u00fasica vive en tu tel\u00e9fono, computadora o tableta, por lo que hemos facilitado el acceso y la reproducci\u00f3n a trav\u00e9s del C210. Con s\u00f3lo deslizar el dedo, puedes transmitir instant\u00e1neamente toda tu m\u00fasica favorita desde cualquier dispositivo equipado con Bluetooth, como tu computadora, tel\u00e9fono celular o tableta. La transmisi\u00f3n de m\u00fasica a trav\u00e9s de la tecnolog\u00eda Bluetooth abre una enorme cantidad de contenido disponible, como una variedad pr\u00e1cticamente ilimitada de canales de radio en l\u00ednea, proveedores multimedia y mucho m\u00e1s. Imagina que tienes todo el PA a tu alcance. Controla la fiesta desde la pista de baile o la m\u00fasica de fondo c\u00f3modamente desde tu silla. Simple, f\u00e1cil y sorprendente. El C210 viene equipado con su propio espect\u00e1culo de luces. A medida que suena la m\u00fasica, una variedad de LED multicolores bailar al ritmo de la m\u00fasica y recorren una vibrante paleta de patrones y colores, lo que garantiza que comience la fiesta. El C210 proporciona una gran cantidad de caracter\u00edsticas que no se encuentran t\u00edpicamente en un altavoz PA port\u00e1til de esta clase. Funciones como DSP (procesamiento de sonido digital) con ecualizador de 3 bandas, eco y pre ajustes dedicados para pop, rock, jazz, cl\u00e1sico, country o m\u00fasica que se pueden cambiar entre sus archivos SD, radio FM y pistas transmitidas por Bluetooth. Todo se puede ajustar localmente utilizando la interfaz de control de usuario intuitiva con pantalla LCD o mediante el control remoto incluido, que tambi\u00e9n funciona como central de comandos para todas las tareas de reproducci\u00f3n. El C210 presenta una mezcladora integrada de 3 canales totalmente direccionables con dos entradas de 1\/4&#8243; que aceptan micr\u00f3fonos din\u00e1micos TRS y TS balanceados o desbalanceados y un conector combinado de 1\/4&#8243;\/XLR que acepta conexiones balanceadas o desbalanceadas para micr\u00f3fonos din\u00e1micos e instrumentos de nivel de l\u00ednea, como una mezcladora externa. La interfaz de usuario simple e intuitiva, consiste en un control de nivel dedicado por canal, un volumen maestro y controles separados para agudos y graves. Para aquellos momentos en los que desees rockear al estilo de la vieja escuela, el reproductor de MP3 del C210 lo tienen cubierto y acepta tus archivos de m\u00fasica, ya sea que vivan en una memoria USB o una tarjeta SD\/MCC. Cuantas m\u00e1s melod\u00edas, mejor. La potente tecnolog\u00eda de amplificadores de Clase D de alta eficiencia suena impresionante, pero \u00bfqu\u00e9 parte del sistema de controlador podr\u00edas escuchar? Nunca escatimamos en nuestros drivers (woofers y tweeters) y nunca sacamos lo que tenemos en el estante. Nuestros drivers LF (baja frecuencia) y HF (alta frecuencia) est\u00e1n dise\u00f1ados espec\u00edficamente para cada aplicaci\u00f3n, eso es lo que nos diferencia de la competencia. Cuando compras un altavoz activo Behringer, puedes estar seguro de que los drivers internos han sido dise\u00f1ados para funcionar sin problemas con  cualquier otro elemento para obtener resultados verdaderamente profesionales. El C210 produce cantidades masivas de graves con medios articulados y detallados y agudos cristalinos. La extraordinaria fidelidad y respuesta de frecuencia del C210 lo convierten en el favorito de los oradores p\u00fablicos, vocalistas e instrumentistas por igual. La configuraci\u00f3n y el funcionamiento no podr\u00edan ser m\u00e1s simples, s\u00f3lo conecta un micr\u00f3fono y enci\u00e9ndelo y deja que comience el espect\u00e1culo. Altavoces activos adicionales se pueden encadenar juntos por medio del conector de salida XLR en el panel posterior. El C210 de destaca por encima del resto del paquete y ofrece un rendimiento excepcional, incluso cuando se le lleva al l\u00edmite. Ligero y potente con transmisi\u00f3n por Bluetooth, potencia de clase D biamplificada de 200 watts, reproductor MP3 incorporado y DSP y drivers personalizados.<\/div>\n<div>\n<h4>Quick look<\/h4>\n<\/div>\n<ul style=\"margin: 0px 0px 0px 25px\">\n<li style=\"list-style-type: circle;margin: 5px\">Amplifier.<\/li>\n<li style=\"list-style-type: circle;margin: 5px\">Speaker.<\/li>\n<li style=\"list-style-type: circle;margin: 5px\">Conexiones de audio an\u00e1logo.<\/li>\n<li style=\"list-style-type: circle;margin: 5px\">Conexiones de audio digital.<\/li>\n<li style=\"list-style-type: circle;margin: 5px\">Bluetooth.<\/li>\n<li style=\"list-style-type: circle;margin: 5px\">Datos del sistema.<\/li>\n<li style=\"list-style-type: circle;margin: 5px\">Equalizer<\/li>\n<li style=\"list-style-type: circle;margin: 5px\">Fuente de alimentaci\u00f3n, voltaje y fusibles.<\/li>\n<li style=\"list-style-type: circle;margin: 5px\">Dimensions.<\/li>\n<li style=\"list-style-type: circle;margin: 5px\">Weight.<\/li>\n<\/ul>\n<div>\n<div style=\"font-weight: bold\">Amplifier.<\/div>\n<div>\n<p>Potencia de salida m\u00e1xima: 200W. Tipo: Clase D.<\/p>\n<\/div>\n<div style=\"font-weight: bold\">Speaker.<\/div>\n<div>\n<p>1 woofer de 8&#8243; (200 mm). 4 tweeters de 2.75&#8243; (82 mm).<\/p>\n<\/div>\n<div style=\"font-weight: bold\">Conexiones de audio an\u00e1logo.<\/div>\n<div>\n<p>Line in: Un \u00bc\u201dTRS \/XLR combo jack. Impedancia: Balanceada 20 kilo-ohms, desbalanceada: 10 kilo-ohms. Line out: Un XLR. Impedancia: Balanceada: 470 ohms, desbalanceada: 220 ohms. Mic 1\/2 in: 2 conectores 1\/4&#8243; TRS. Impedancia: Balanceada 10 kilo-ohms, desbalanceada 4.7 kilo-ohms.<\/p>\n<\/div>\n<div style=\"font-weight: bold\">Conexiones de audio digital.<\/div>\n<div>\n<p>USB: Tipo A. SD\/MMC: Soporta hasta 32 GB. Sistema de archivos: FAT 16, FAT 32. Formato: MP3 (DBR &amp; VBR): Bit rates: 32 &#8211; 320 kbps. Tasa de muestreo: 32 kHz, 44.1 kHz, 48 kHz.<\/p>\n<\/div>\n<div style=\"font-weight: bold\">Bluetooth.<\/div>\n<div>\n<p>Rango de frecuencia: 2402 MHz ~ 2480 MHz. N\u00famero de canal: 79. Versi\u00f3n: Bluetooth spec 4.2 compliant. Salida: 4 dBm. Compatibilidad: Soporta perfiles A2DP 1.2. Rango m\u00e1ximo de comunicaci\u00f3n: 15 m (sin interferencia).<\/p>\n<\/div>\n<div style=\"font-weight: bold\">Datos del sistema.<\/div>\n<div>\n<p>Respuesta de frecuencia: 55 Hz &#8211; 17 kHz (-10 dB). Nivel de presi\u00f3n sonora m\u00e1ximo: 106 dB SPL @ 1 m Limitador \u00f3ptico. THD+N: &lt; 1%.<\/p>\n<\/div>\n<div style=\"font-weight: bold\">Equalizer<\/div>\n<div>\n<p>High: \u00b16 dB @ 10 kHz, shelving. Low: \u00b16 dB @ 100 Hz, shelving.<\/p>\n<\/div>\n<div style=\"font-weight: bold\">Fuente de alimentaci\u00f3n, voltaje y fusibles.<\/div>\n<div>\n<p>120 V~, 60 Hz (T 3.15 A L 250 V). Consumo de energ\u00eda: @ 1\/8 potencia de salida m\u00e1xima 35 W. Conector de energ\u00eda: Recept\u00e1culo IEC est\u00e1ndar.<\/p>\n<\/div>\n<div style=\"font-weight: bold\">Dimensions.<\/div>\n<div>\n<p>330 x 440 x 1385 mm.<\/p>\n<\/div>\n<div style=\"font-weight: bold\">Weight.<\/div>\n<div>\n<p>13.9 kg.<\/p>\n<\/div>\n<\/div>\n<\/div>","protected":false},"excerpt":{"rendered":"<p>Altavoz activo de columna modular para aplicaciones PA port\u00e1tiles y reproducci\u00f3n de m\u00fasica de alta calidad, potencia de 200W con tecnolog\u00eda multicanal Clase D, subwoofer de 8\u201d pulgadas de alta excursi\u00f3n, 4 drivers de alta frecuencia de 2.5\u201d, mezcladora de 3 canales con controles de ganancia individuales, transmisi\u00f3n de audio Bluetooth, iluminaci\u00f3n LED para crear ambiente estilo club, control remoto, dispersi\u00f3n de sonido extremadamente amplia que proporciona un sonido consistente a la audiencia y a los artistas, reproductor MP3 incluido para reproducir archivos de audio a trav\u00e9s de memorias USB y tarjetas SD\/MMC, eco de estudio que agrega un toque final a tu sonido, intuitiva interfaz de control de usuario con pantalla LCD para facilitar la navegaci\u00f3n, sistema de bloqueo de precisi\u00f3n que elimina los cables y soportes de altavoz, carcasa de alto impacto y peso ligero, rejillas protectoras integradas de malla de acero perforado, asa de transporte ergon\u00f3mica integral, dimensiones: 330 x 440 x 1385 mm, peso: 13.9 kg.&hellip; <a class=\"kt-excerpt-readmore more-link\" href=\"https:\/\/www.mexicanguitarplayers.com\/en\/tienda\/audio\/bafles-y-bocinas\/bafles\/bafles-activos\/columna-behringer-c-poder-mod-c210\/\">Read more<\/a><\/p>","protected":false},"featured_media":29637,"comment_status":"open","ping_status":"closed","template":"","meta":{"kt_blocks_editor_width":""},"pwb-brand":[171],"product_brand":[],"product_cat":[213,222,472,221],"product_tag":[],"class_list":{"0":"post-29643","1":"product","2":"type-product","3":"status-publish","4":"has-post-thumbnail","6":"pwb-brand-behringer","7":"product_cat-audio","8":"product_cat-bafles","9":"product_cat-bafles-activos","10":"product_cat-bafles-y-bocinas","11":"product_shipping_class-20-25-kg","13":"first","14":"instock","15":"taxable","16":"shipping-taxable","17":"purchasable","18":"product-type-simple"},"yoast_head":"<!-- This site is optimized with the Yoast SEO plugin v27.5 - https:\/\/yoast.com\/product\/yoast-seo-wordpress\/ -->\n<title>COLUMNA BEHRINGER C\/PODER MOD. C210 - Mexican Guitar Players<\/title>\n<meta name=\"description\" content=\"Altavoz activo de columna modular para aplicaciones PA port\u00e1tiles y reproducci\u00f3n de m\u00fasica de alta calidad, potencia de 200W con tecnolog\u00eda multicanal Clase D, subwoofer de 8\u201d pulgadas de alta excursi\u00f3n, 4 drivers de alta frecuencia de 2.5\u201d, mezcladora de 3 canales con controles de ganancia individuales, transmisi\u00f3n de audio Bluetooth, iluminaci\u00f3n LED para crear ambiente estilo club, control remoto, dispersi\u00f3n de sonido extremadamente amplia que proporciona un sonido consistente a la audiencia y a los artistas, reproductor MP3 incluido para reproducir archivos de audio a trav\u00e9s de memorias USB y tarjetas SD\/MMC, eco de estudio que agrega un toque final a tu sonido, intuitiva interfaz de control de usuario con pantalla LCD para facilitar la navegaci\u00f3n, sistema de bloqueo de precisi\u00f3n que elimina los cables y soportes de altavoz, carcasa de alto impacto y peso ligero, rejillas protectoras integradas de malla de acero perforado, asa de transporte ergon\u00f3mica integral, dimensiones: 330 x 440 x 1385 mm, peso: 13.9 kg.\" \/>\n<meta name=\"robots\" content=\"index, follow, max-snippet:-1, max-image-preview:large, max-video-preview:-1\" \/>\n<link rel=\"canonical\" href=\"https:\/\/www.mexicanguitarplayers.com\/en\/tienda\/sin%20categor\u00eda\/columna-behringer-c-poder-mod-c210\/\" \/>\n<meta property=\"og:locale\" content=\"en_US\" \/>\n<meta property=\"og:type\" content=\"article\" \/>\n<meta property=\"og:title\" content=\"COLUMNA BEHRINGER C\/PODER MOD. C210 - Mexican Guitar Players\" \/>\n<meta property=\"og:description\" content=\"Altavoz activo de columna modular para aplicaciones PA port\u00e1tiles y reproducci\u00f3n de m\u00fasica de alta calidad, potencia de 200W con tecnolog\u00eda multicanal Clase D, subwoofer de 8\u201d pulgadas de alta excursi\u00f3n, 4 drivers de alta frecuencia de 2.5\u201d, mezcladora de 3 canales con controles de ganancia individuales, transmisi\u00f3n de audio Bluetooth, iluminaci\u00f3n LED para crear ambiente estilo club, control remoto, dispersi\u00f3n de sonido extremadamente amplia que proporciona un sonido consistente a la audiencia y a los artistas, reproductor MP3 incluido para reproducir archivos de audio a trav\u00e9s de memorias USB y tarjetas SD\/MMC, eco de estudio que agrega un toque final a tu sonido, intuitiva interfaz de control de usuario con pantalla LCD para facilitar la navegaci\u00f3n, sistema de bloqueo de precisi\u00f3n que elimina los cables y soportes de altavoz, carcasa de alto impacto y peso ligero, rejillas protectoras integradas de malla de acero perforado, asa de transporte ergon\u00f3mica integral, dimensiones: 330 x 440 x 1385 mm, peso: 13.9 kg.\" \/>\n<meta property=\"og:url\" content=\"https:\/\/www.mexicanguitarplayers.com\/en\/tienda\/sin categor\u00eda\/columna-behringer-c-poder-mod-c210\/\" \/>\n<meta property=\"og:site_name\" content=\"Mexican Guitar Players\" \/>\n<meta property=\"article:modified_time\" content=\"2026-05-01T13:25:52+00:00\" \/>\n<meta name=\"twitter:card\" content=\"summary_large_image\" \/>\n<meta name=\"twitter:label1\" content=\"Est. reading time\" \/>\n\t<meta name=\"twitter:data1\" content=\"5 minutes\" \/>\n<script type=\"application\/ld+json\" class=\"yoast-schema-graph\">{\"@context\":\"https:\\\/\\\/schema.org\",\"@graph\":[{\"@type\":[\"WebPage\",\"ItemPage\"],\"@id\":\"https:\\\/\\\/www.mexicanguitarplayers.com\\\/tienda\\\/sin categor\u00eda\\\/columna-behringer-c-poder-mod-c210\\\/\",\"url\":\"https:\\\/\\\/www.mexicanguitarplayers.com\\\/tienda\\\/sin categor\u00eda\\\/columna-behringer-c-poder-mod-c210\\\/\",\"name\":\"COLUMNA BEHRINGER C\\\/PODER MOD. C210 - Mexican Guitar Players\",\"isPartOf\":{\"@id\":\"https:\\\/\\\/www.mexicanguitarplayers.com\\\/#website\"},\"primaryImageOfPage\":{\"@id\":\"https:\\\/\\\/www.mexicanguitarplayers.com\\\/tienda\\\/sin categor\u00eda\\\/columna-behringer-c-poder-mod-c210\\\/#primaryimage\"},\"image\":{\"@id\":\"https:\\\/\\\/www.mexicanguitarplayers.com\\\/tienda\\\/sin categor\u00eda\\\/columna-behringer-c-poder-mod-c210\\\/#primaryimage\"},\"thumbnailUrl\":\"https:\\\/\\\/www.mexicanguitarplayers.com\\\/wp-content\\\/uploads\\\/2025\\\/04\\\/IABEHC210.jpg\",\"datePublished\":\"2025-04-08T16:45:38+00:00\",\"dateModified\":\"2026-05-01T13:25:52+00:00\",\"description\":\"Altavoz activo de columna modular para aplicaciones PA port\u00e1tiles y reproducci\u00f3n de m\u00fasica de alta calidad, potencia de 200W con tecnolog\u00eda multicanal Clase D, subwoofer de 8\u201d pulgadas de alta excursi\u00f3n, 4 drivers de alta frecuencia de 2.5\u201d, mezcladora de 3 canales con controles de ganancia individuales, transmisi\u00f3n de audio Bluetooth, iluminaci\u00f3n LED para crear ambiente estilo club, control remoto, dispersi\u00f3n de sonido extremadamente amplia que proporciona un sonido consistente a la audiencia y a los artistas, reproductor MP3 incluido para reproducir archivos de audio a trav\u00e9s de memorias USB y tarjetas SD\\\/MMC, eco de estudio que agrega un toque final a tu sonido, intuitiva interfaz de control de usuario con pantalla LCD para facilitar la navegaci\u00f3n, sistema de bloqueo de precisi\u00f3n que elimina los cables y soportes de altavoz, carcasa de alto impacto y peso ligero, rejillas protectoras integradas de malla de acero perforado, asa de transporte ergon\u00f3mica integral, dimensiones: 330 x 440 x 1385 mm, peso: 13.9 kg.\",\"breadcrumb\":{\"@id\":\"https:\\\/\\\/www.mexicanguitarplayers.com\\\/tienda\\\/sin categor\u00eda\\\/columna-behringer-c-poder-mod-c210\\\/#breadcrumb\"},\"inLanguage\":\"en-US\",\"potentialAction\":[{\"@type\":\"ReadAction\",\"target\":[\"https:\\\/\\\/www.mexicanguitarplayers.com\\\/tienda\\\/sin categor\u00eda\\\/columna-behringer-c-poder-mod-c210\\\/\"]}]},{\"@type\":\"ImageObject\",\"inLanguage\":\"en-US\",\"@id\":\"https:\\\/\\\/www.mexicanguitarplayers.com\\\/tienda\\\/sin categor\u00eda\\\/columna-behringer-c-poder-mod-c210\\\/#primaryimage\",\"url\":\"https:\\\/\\\/www.mexicanguitarplayers.com\\\/wp-content\\\/uploads\\\/2025\\\/04\\\/IABEHC210.jpg\",\"contentUrl\":\"https:\\\/\\\/www.mexicanguitarplayers.com\\\/wp-content\\\/uploads\\\/2025\\\/04\\\/IABEHC210.jpg\",\"width\":800,\"height\":1600},{\"@type\":\"BreadcrumbList\",\"@id\":\"https:\\\/\\\/www.mexicanguitarplayers.com\\\/tienda\\\/sin categor\u00eda\\\/columna-behringer-c-poder-mod-c210\\\/#breadcrumb\",\"itemListElement\":[{\"@type\":\"ListItem\",\"position\":1,\"name\":\"Portada\",\"item\":\"https:\\\/\\\/www.mexicanguitarplayers.com\\\/\"},{\"@type\":\"ListItem\",\"position\":2,\"name\":\"Tienda\",\"item\":\"https:\\\/\\\/www.mexicanguitarplayers.com\\\/tienda\\\/\"},{\"@type\":\"ListItem\",\"position\":3,\"name\":\"COLUMNA BEHRINGER C\\\/PODER MOD. C210\"}]},{\"@type\":\"WebSite\",\"@id\":\"https:\\\/\\\/www.mexicanguitarplayers.com\\\/#website\",\"url\":\"https:\\\/\\\/www.mexicanguitarplayers.com\\\/\",\"name\":\"Mexican Guitar Players\",\"description\":\"Website\",\"publisher\":{\"@id\":\"https:\\\/\\\/www.mexicanguitarplayers.com\\\/#organization\"},\"potentialAction\":[{\"@type\":\"SearchAction\",\"target\":{\"@type\":\"EntryPoint\",\"urlTemplate\":\"https:\\\/\\\/www.mexicanguitarplayers.com\\\/?s={search_term_string}\"},\"query-input\":{\"@type\":\"PropertyValueSpecification\",\"valueRequired\":true,\"valueName\":\"search_term_string\"}}],\"inLanguage\":\"en-US\"},{\"@type\":\"Organization\",\"@id\":\"https:\\\/\\\/www.mexicanguitarplayers.com\\\/#organization\",\"name\":\"Mexican Guitar Players\",\"url\":\"https:\\\/\\\/www.mexicanguitarplayers.com\\\/\",\"logo\":{\"@type\":\"ImageObject\",\"inLanguage\":\"en-US\",\"@id\":\"https:\\\/\\\/www.mexicanguitarplayers.com\\\/#\\\/schema\\\/logo\\\/image\\\/\",\"url\":\"\",\"contentUrl\":\"\",\"caption\":\"Mexican Guitar Players\"},\"image\":{\"@id\":\"https:\\\/\\\/www.mexicanguitarplayers.com\\\/#\\\/schema\\\/logo\\\/image\\\/\"}}]}<\/script>\n<!-- \/ Yoast SEO plugin. -->","yoast_head_json":{"title":"COLUMNA BEHRINGER C\/PODER MOD. C210 - Mexican Guitar Players","description":"Altavoz activo de columna modular para aplicaciones PA port\u00e1tiles y reproducci\u00f3n de m\u00fasica de alta calidad, potencia de 200W con tecnolog\u00eda multicanal Clase D, subwoofer de 8\u201d pulgadas de alta excursi\u00f3n, 4 drivers de alta frecuencia de 2.5\u201d, mezcladora de 3 canales con controles de ganancia individuales, transmisi\u00f3n de audio Bluetooth, iluminaci\u00f3n LED para crear ambiente estilo club, control remoto, dispersi\u00f3n de sonido extremadamente amplia que proporciona un sonido consistente a la audiencia y a los artistas, reproductor MP3 incluido para reproducir archivos de audio a trav\u00e9s de memorias USB y tarjetas SD\/MMC, eco de estudio que agrega un toque final a tu sonido, intuitiva interfaz de control de usuario con pantalla LCD para facilitar la navegaci\u00f3n, sistema de bloqueo de precisi\u00f3n que elimina los cables y soportes de altavoz, carcasa de alto impacto y peso ligero, rejillas protectoras integradas de malla de acero perforado, asa de transporte ergon\u00f3mica integral, dimensiones: 330 x 440 x 1385 mm, peso: 13.9 kg.","robots":{"index":"index","follow":"follow","max-snippet":"max-snippet:-1","max-image-preview":"max-image-preview:large","max-video-preview":"max-video-preview:-1"},"canonical":"https:\/\/www.mexicanguitarplayers.com\/en\/tienda\/sin categor\u00eda\/columna-behringer-c-poder-mod-c210\/","og_locale":"en_US","og_type":"article","og_title":"COLUMNA BEHRINGER C\/PODER MOD. C210 - Mexican Guitar Players","og_description":"Altavoz activo de columna modular para aplicaciones PA port\u00e1tiles y reproducci\u00f3n de m\u00fasica de alta calidad, potencia de 200W con tecnolog\u00eda multicanal Clase D, subwoofer de 8\u201d pulgadas de alta excursi\u00f3n, 4 drivers de alta frecuencia de 2.5\u201d, mezcladora de 3 canales con controles de ganancia individuales, transmisi\u00f3n de audio Bluetooth, iluminaci\u00f3n LED para crear ambiente estilo club, control remoto, dispersi\u00f3n de sonido extremadamente amplia que proporciona un sonido consistente a la audiencia y a los artistas, reproductor MP3 incluido para reproducir archivos de audio a trav\u00e9s de memorias USB y tarjetas SD\/MMC, eco de estudio que agrega un toque final a tu sonido, intuitiva interfaz de control de usuario con pantalla LCD para facilitar la navegaci\u00f3n, sistema de bloqueo de precisi\u00f3n que elimina los cables y soportes de altavoz, carcasa de alto impacto y peso ligero, rejillas protectoras integradas de malla de acero perforado, asa de transporte ergon\u00f3mica integral, dimensiones: 330 x 440 x 1385 mm, peso: 13.9 kg.","og_url":"https:\/\/www.mexicanguitarplayers.com\/en\/tienda\/sin categor\u00eda\/columna-behringer-c-poder-mod-c210\/","og_site_name":"Mexican Guitar Players","article_modified_time":"2026-05-01T13:25:52+00:00","twitter_card":"summary_large_image","twitter_misc":{"Est. reading time":"5 minutes"},"schema":{"@context":"https:\/\/schema.org","@graph":[{"@type":["WebPage","ItemPage"],"@id":"https:\/\/www.mexicanguitarplayers.com\/tienda\/sin categor\u00eda\/columna-behringer-c-poder-mod-c210\/","url":"https:\/\/www.mexicanguitarplayers.com\/tienda\/sin categor\u00eda\/columna-behringer-c-poder-mod-c210\/","name":"COLUMNA BEHRINGER C\/PODER MOD. C210 - Mexican Guitar Players","isPartOf":{"@id":"https:\/\/www.mexicanguitarplayers.com\/#website"},"primaryImageOfPage":{"@id":"https:\/\/www.mexicanguitarplayers.com\/tienda\/sin categor\u00eda\/columna-behringer-c-poder-mod-c210\/#primaryimage"},"image":{"@id":"https:\/\/www.mexicanguitarplayers.com\/tienda\/sin categor\u00eda\/columna-behringer-c-poder-mod-c210\/#primaryimage"},"thumbnailUrl":"https:\/\/www.mexicanguitarplayers.com\/wp-content\/uploads\/2025\/04\/IABEHC210.jpg","datePublished":"2025-04-08T16:45:38+00:00","dateModified":"2026-05-01T13:25:52+00:00","description":"Altavoz activo de columna modular para aplicaciones PA port\u00e1tiles y reproducci\u00f3n de m\u00fasica de alta calidad, potencia de 200W con tecnolog\u00eda multicanal Clase D, subwoofer de 8\u201d pulgadas de alta excursi\u00f3n, 4 drivers de alta frecuencia de 2.5\u201d, mezcladora de 3 canales con controles de ganancia individuales, transmisi\u00f3n de audio Bluetooth, iluminaci\u00f3n LED para crear ambiente estilo club, control remoto, dispersi\u00f3n de sonido extremadamente amplia que proporciona un sonido consistente a la audiencia y a los artistas, reproductor MP3 incluido para reproducir archivos de audio a trav\u00e9s de memorias USB y tarjetas SD\/MMC, eco de estudio que agrega un toque final a tu sonido, intuitiva interfaz de control de usuario con pantalla LCD para facilitar la navegaci\u00f3n, sistema de bloqueo de precisi\u00f3n que elimina los cables y soportes de altavoz, carcasa de alto impacto y peso ligero, rejillas protectoras integradas de malla de acero perforado, asa de transporte ergon\u00f3mica integral, dimensiones: 330 x 440 x 1385 mm, peso: 13.9 kg.","breadcrumb":{"@id":"https:\/\/www.mexicanguitarplayers.com\/tienda\/sin categor\u00eda\/columna-behringer-c-poder-mod-c210\/#breadcrumb"},"inLanguage":"en-US","potentialAction":[{"@type":"ReadAction","target":["https:\/\/www.mexicanguitarplayers.com\/tienda\/sin categor\u00eda\/columna-behringer-c-poder-mod-c210\/"]}]},{"@type":"ImageObject","inLanguage":"en-US","@id":"https:\/\/www.mexicanguitarplayers.com\/tienda\/sin categor\u00eda\/columna-behringer-c-poder-mod-c210\/#primaryimage","url":"https:\/\/www.mexicanguitarplayers.com\/wp-content\/uploads\/2025\/04\/IABEHC210.jpg","contentUrl":"https:\/\/www.mexicanguitarplayers.com\/wp-content\/uploads\/2025\/04\/IABEHC210.jpg","width":800,"height":1600},{"@type":"BreadcrumbList","@id":"https:\/\/www.mexicanguitarplayers.com\/tienda\/sin categor\u00eda\/columna-behringer-c-poder-mod-c210\/#breadcrumb","itemListElement":[{"@type":"ListItem","position":1,"name":"Portada","item":"https:\/\/www.mexicanguitarplayers.com\/"},{"@type":"ListItem","position":2,"name":"Tienda","item":"https:\/\/www.mexicanguitarplayers.com\/tienda\/"},{"@type":"ListItem","position":3,"name":"COLUMNA BEHRINGER C\/PODER MOD. C210"}]},{"@type":"WebSite","@id":"https:\/\/www.mexicanguitarplayers.com\/#website","url":"https:\/\/www.mexicanguitarplayers.com\/","name":"Mexican Guitar Players","description":"Website","publisher":{"@id":"https:\/\/www.mexicanguitarplayers.com\/#organization"},"potentialAction":[{"@type":"SearchAction","target":{"@type":"EntryPoint","urlTemplate":"https:\/\/www.mexicanguitarplayers.com\/?s={search_term_string}"},"query-input":{"@type":"PropertyValueSpecification","valueRequired":true,"valueName":"search_term_string"}}],"inLanguage":"en-US"},{"@type":"Organization","@id":"https:\/\/www.mexicanguitarplayers.com\/#organization","name":"Mexican Guitar Players","url":"https:\/\/www.mexicanguitarplayers.com\/","logo":{"@type":"ImageObject","inLanguage":"en-US","@id":"https:\/\/www.mexicanguitarplayers.com\/#\/schema\/logo\/image\/","url":"","contentUrl":"","caption":"Mexican Guitar Players"},"image":{"@id":"https:\/\/www.mexicanguitarplayers.com\/#\/schema\/logo\/image\/"}}]}},"brands":[{"id":171,"name":"BEHRINGER","slug":"behringer"}],"_links":{"self":[{"href":"https:\/\/www.mexicanguitarplayers.com\/en\/wp-json\/wp\/v2\/product\/29643","targetHints":{"allow":["GET"]}}],"collection":[{"href":"https:\/\/www.mexicanguitarplayers.com\/en\/wp-json\/wp\/v2\/product"}],"about":[{"href":"https:\/\/www.mexicanguitarplayers.com\/en\/wp-json\/wp\/v2\/types\/product"}],"replies":[{"embeddable":true,"href":"https:\/\/www.mexicanguitarplayers.com\/en\/wp-json\/wp\/v2\/comments?post=29643"}],"wp:featuredmedia":[{"embeddable":true,"href":"https:\/\/www.mexicanguitarplayers.com\/en\/wp-json\/wp\/v2\/media\/29637"}],"wp:attachment":[{"href":"https:\/\/www.mexicanguitarplayers.com\/en\/wp-json\/wp\/v2\/media?parent=29643"}],"wp:term":[{"taxonomy":"pwb-brand","embeddable":true,"href":"https:\/\/www.mexicanguitarplayers.com\/en\/wp-json\/wp\/v2\/pwb-brand?post=29643"},{"taxonomy":"product_brand","embeddable":true,"href":"https:\/\/www.mexicanguitarplayers.com\/en\/wp-json\/wp\/v2\/product_brand?post=29643"},{"taxonomy":"product_cat","embeddable":true,"href":"https:\/\/www.mexicanguitarplayers.com\/en\/wp-json\/wp\/v2\/product_cat?post=29643"},{"taxonomy":"product_tag","embeddable":true,"href":"https:\/\/www.mexicanguitarplayers.com\/en\/wp-json\/wp\/v2\/product_tag?post=29643"}],"curies":[{"name":"wp","href":"https:\/\/api.w.org\/{rel}","templated":true}]}}