{"id":29650,"date":"2025-04-08T10:45:46","date_gmt":"2025-04-08T16:45:46","guid":{"rendered":"https:\/\/www.mexicanguitarplayers.com\/tienda\/sin categor\u00eda\/bafle-behringer-c-poder-mod-dr115dsp\/"},"modified":"2026-05-01T07:25:52","modified_gmt":"2026-05-01T13:25:52","slug":"bafle-behringer-c-poder-mod-dr115dsp","status":"publish","type":"product","link":"https:\/\/www.mexicanguitarplayers.com\/en\/tienda\/audio\/bafles-y-bocinas\/bafles\/bafles-activos\/bafle-behringer-c-poder-mod-dr115dsp\/","title":{"rendered":"BAFLE BEHRINGER C\/PODER MOD. DR115DSP"},"content":{"rendered":"<div style=\"text-align: justify\">\n<div>\n<h3>El mejor sonido con las mejores funciones.<\/h3>\n<\/div>\n<div>DR115DSP vers\u00e1til sistema de altavoces activos de 1400 watts con DSP y mezcladora de 2 canales. Este sistema de altavoces de refuerzo sonoro de alta potencia es ideal tanto para aplicaciones en vivo como de reproducci\u00f3n. Este liviano sistema ofrece un excelente sonido incluso a altos niveles de presi\u00f3n ac\u00fastica. Este producto est\u00e1 dise\u00f1ado para contener una funci\u00f3n DSP dedicada para EQ, control de sistema y protecci\u00f3n de altavoces y receptor bluetooth incorporado. Tambi\u00e9n se incluye una mezcladora de 2 canales con entradas de micr\u00f3fono\/l\u00ednea individuales y controles de nivel. Viene con la revolucionaria tecnolog\u00eda de amplificador Clase D que nos ofrece una enorme potencia, incre\u00edble rendimiento sonoro y dise\u00f1o s\u00faper ligero para el usuario cotidiano. El driver de larga excursi\u00f3n de 15&#8243; pulgadas extremadamente una incre\u00edblemente profunda potencia ac\u00fastica y graves.<\/div>\n<div>\n<h4>Quick look<\/h4>\n<\/div>\n<ul style=\"margin: 0px 0px 0px 25px\">\n<li style=\"list-style-type: circle;margin: 5px\">Potencia m\u00e1xima de salida.<\/li>\n<li style=\"list-style-type: circle;margin: 5px\">Tipo de amplificador.<\/li>\n<li style=\"list-style-type: circle;margin: 5px\">Controls<\/li>\n<li style=\"list-style-type: circle;margin: 5px\">Speaker.<\/li>\n<li style=\"list-style-type: circle;margin: 5px\">Conexiones de audio.<\/li>\n<li style=\"list-style-type: circle;margin: 5px\">DSP (Procesamiento de Se\u00f1al Digital).<\/li>\n<li style=\"list-style-type: circle;margin: 5px\">Bluetooth.<\/li>\n<li style=\"list-style-type: circle;margin: 5px\">Power supply.<\/li>\n<li style=\"list-style-type: circle;margin: 5px\">Dimensions.<\/li>\n<li style=\"list-style-type: circle;margin: 5px\">Weight.<\/li>\n<\/ul>\n<div>\n<div style=\"font-weight: bold\">Potencia m\u00e1xima de salida.<\/div>\n<div>\n<p>1400 watts.<\/p>\n<\/div>\n<div style=\"font-weight: bold\">Tipo de amplificador.<\/div>\n<div>\n<p>Clase D + Clase AB.<\/p>\n<\/div>\n<div style=\"font-weight: bold\">Controls<\/div>\n<div>\n<p>Codificador giratorio, controles de ganancia de entrada.<\/p>\n<\/div>\n<div style=\"font-weight: bold\">Speaker.<\/div>\n<div>\n<p>Woofer: 15\u201d pulgadas. Tweeter: Driver de compresi\u00f3n de 1.75&#8243; (44.4 mm). Respuesta de frecuencia: 45 Hz &#8211; 19 kHz (\u00b13 dB). Dispersi\u00f3n nominal: 90\u00b0 H x 60\u00b0 V. SPL m\u00e1ximo: 136 dB. Crossover activo de 2 v\u00edas. Limitador: Independiente HF, LF.<\/p>\n<\/div>\n<div style=\"font-weight: bold\">Conexiones de audio.<\/div>\n<div>\n<p>Entradas 1 y 2: 2 XLR y 1 TRS \u00bc combo jacks (servo-balanceado). Impedancia: 20 kilo-ohms balanceado y 10 kilo-ohms desbalanceado. Sensibilidad: -26 dBu nominal. Nivel de entrada m\u00e1ximo: 0 dBu. Entrada Aux: 1 x 1\/8&#8243; TRS, est\u00e9reo. Salida: 1 XLR. Impedancia: 200 ohms balanceado, 100 ohms desbalanceado. Nivel de salida m\u00e1ximo: -7 dBu.<\/p>\n<\/div>\n<div style=\"font-weight: bold\">DSP (Procesamiento de Se\u00f1al Digital).<\/div>\n<div>\n<p>Display: LCD 128 x 32, \u00e1mbar, retro iluminado. Preajustes de f\u00e1brica de EQ: Music, DJ, Live, Speech. Ecualizaci\u00f3n: Low, Mid, High. Bass: \u00b112 dB @ 80 Hz, shelving. Middle: \u00b112 dB @ 2.5 kHz, parametric, Q = 0.5. Treble: \u00b112 dB @ 12 kHz, shelving. Filtro Low-Cut: 80 \/ 100 \/ 120 \/ 150 Hz, conmutable. Protecci\u00f3n: Funci\u00f3n de bloqueo para todos los ajustes.<\/p>\n<\/div>\n<div style=\"font-weight: bold\">Bluetooth.<\/div>\n<div>\n<p>Rango de frecuencia: 2402 MHz &#8211; 2480 MHz. N\u00famero de canal: 79. Versi\u00f3n: Bluetooth spec 4.2 compliant. Compatibilidad: Soporta perfiles A2DP 1.2. Rango m\u00e1ximo de comunicaci\u00f3n: 15 m (sin interferencia). Nivel de salida m\u00e1ximo: &lt; 10 dBm.<\/p>\n<\/div>\n<div style=\"font-weight: bold\">Power supply.<\/div>\n<div>\n<p>110 V~, 60 Hz (T 5 AL 250 V). Consumo m\u00e1ximo a 1\/8 de potencia m\u00e1xima: 105 W. Conexi\u00f3n de energ\u00eda: Recept\u00e1culo IEC est\u00e1ndar.<\/p>\n<\/div>\n<div style=\"font-weight: bold\">Dimensions.<\/div>\n<div>\n<p>687 x 422 x 390 mm.<\/p>\n<\/div>\n<div style=\"font-weight: bold\">Weight.<\/div>\n<div>\n<p>21.4 kg.<\/p>\n<\/div>\n<\/div>\n<\/div>","protected":false},"excerpt":{"rendered":"<p>Sistema activo de altavoces PA de 15\u201d pulgadas a 1400 watts con DSP y mezcladora de 2 canales, ideal para aplicaciones en vivo y de reproducci\u00f3n, sistema compacto y ultra liviano con excelente sonido incluso a niveles extremos de presi\u00f3n ac\u00fastica, funci\u00f3n DSP dedicada para EQ, control de sistema y protecci\u00f3n de altavoces y receptor bluetooth incorporado, amplificador Clase D, funciones DSP de alto rendimiento con optimizaci\u00f3n para 4 programas de sonido: M\u00fasica, Live, Speech y DJ\/Club, filtro Low-Cut de excelente rendimiento conmutable a 80, 100, 120 o 150 Hz, driver de compresi\u00f3n de 1.35\u201d de \u00faltima generaci\u00f3n, bocina exponencial de gran formato, dise\u00f1o vers\u00e1til de carcasa trapezoidal, montaje en poste de 35 mm, asas ergon\u00f3micas, componentes de alta calidad, dimensiones: 687 x 442 x 390 cm, peso: 21.4 kg.&hellip; <a class=\"kt-excerpt-readmore more-link\" href=\"https:\/\/www.mexicanguitarplayers.com\/en\/tienda\/audio\/bafles-y-bocinas\/bafles\/bafles-activos\/bafle-behringer-c-poder-mod-dr115dsp\/\">Read more<\/a><\/p>","protected":false},"featured_media":29646,"comment_status":"open","ping_status":"closed","template":"","meta":{"kt_blocks_editor_width":""},"pwb-brand":[171],"product_brand":[],"product_cat":[213,222,472,221],"product_tag":[],"class_list":{"0":"post-29650","1":"product","2":"type-product","3":"status-publish","4":"has-post-thumbnail","6":"pwb-brand-behringer","7":"product_cat-audio","8":"product_cat-bafles","9":"product_cat-bafles-activos","10":"product_cat-bafles-y-bocinas","11":"product_shipping_class-20-25-kg","13":"first","14":"instock","15":"taxable","16":"shipping-taxable","17":"purchasable","18":"product-type-simple"},"yoast_head":"<!-- This site is optimized with the Yoast SEO plugin v27.5 - https:\/\/yoast.com\/product\/yoast-seo-wordpress\/ -->\n<title>BAFLE BEHRINGER C\/PODER MOD. DR115DSP - Mexican Guitar Players<\/title>\n<meta name=\"description\" content=\"Sistema activo de altavoces PA de 15\u201d pulgadas a 1400 watts con DSP y mezcladora de 2 canales, ideal para aplicaciones en vivo y de reproducci\u00f3n, sistema compacto y ultra liviano con excelente sonido incluso a niveles extremos de presi\u00f3n ac\u00fastica, funci\u00f3n DSP dedicada para EQ, control de sistema y protecci\u00f3n de altavoces y receptor bluetooth incorporado, amplificador Clase D, funciones DSP de alto rendimiento con optimizaci\u00f3n para 4 programas de sonido: M\u00fasica, Live, Speech y DJ\/Club, filtro Low-Cut de excelente rendimiento conmutable a 80, 100, 120 o 150 Hz, driver de compresi\u00f3n de 1.35\u201d de \u00faltima generaci\u00f3n, bocina exponencial de gran formato, dise\u00f1o vers\u00e1til de carcasa trapezoidal, montaje en poste de 35 mm, asas ergon\u00f3micas, componentes de alta calidad, dimensiones: 687 x 442 x 390 cm, peso: 21.4 kg.\" \/>\n<meta name=\"robots\" content=\"index, follow, max-snippet:-1, max-image-preview:large, max-video-preview:-1\" \/>\n<link rel=\"canonical\" href=\"https:\/\/www.mexicanguitarplayers.com\/en\/tienda\/sin%20categor\u00eda\/bafle-behringer-c-poder-mod-dr115dsp\/\" \/>\n<meta property=\"og:locale\" content=\"en_US\" \/>\n<meta property=\"og:type\" content=\"article\" \/>\n<meta property=\"og:title\" content=\"BAFLE BEHRINGER C\/PODER MOD. DR115DSP - Mexican Guitar Players\" \/>\n<meta property=\"og:description\" content=\"Sistema activo de altavoces PA de 15\u201d pulgadas a 1400 watts con DSP y mezcladora de 2 canales, ideal para aplicaciones en vivo y de reproducci\u00f3n, sistema compacto y ultra liviano con excelente sonido incluso a niveles extremos de presi\u00f3n ac\u00fastica, funci\u00f3n DSP dedicada para EQ, control de sistema y protecci\u00f3n de altavoces y receptor bluetooth incorporado, amplificador Clase D, funciones DSP de alto rendimiento con optimizaci\u00f3n para 4 programas de sonido: M\u00fasica, Live, Speech y DJ\/Club, filtro Low-Cut de excelente rendimiento conmutable a 80, 100, 120 o 150 Hz, driver de compresi\u00f3n de 1.35\u201d de \u00faltima generaci\u00f3n, bocina exponencial de gran formato, dise\u00f1o vers\u00e1til de carcasa trapezoidal, montaje en poste de 35 mm, asas ergon\u00f3micas, componentes de alta calidad, dimensiones: 687 x 442 x 390 cm, peso: 21.4 kg.\" \/>\n<meta property=\"og:url\" content=\"https:\/\/www.mexicanguitarplayers.com\/en\/tienda\/sin categor\u00eda\/bafle-behringer-c-poder-mod-dr115dsp\/\" \/>\n<meta property=\"og:site_name\" content=\"Mexican Guitar Players\" \/>\n<meta property=\"article:modified_time\" content=\"2026-05-01T13:25:52+00:00\" \/>\n<meta name=\"twitter:card\" content=\"summary_large_image\" \/>\n<meta name=\"twitter:label1\" content=\"Est. reading time\" \/>\n\t<meta name=\"twitter:data1\" content=\"2 minutes\" \/>\n<script type=\"application\/ld+json\" class=\"yoast-schema-graph\">{\"@context\":\"https:\\\/\\\/schema.org\",\"@graph\":[{\"@type\":[\"WebPage\",\"ItemPage\"],\"@id\":\"https:\\\/\\\/www.mexicanguitarplayers.com\\\/tienda\\\/sin categor\u00eda\\\/bafle-behringer-c-poder-mod-dr115dsp\\\/\",\"url\":\"https:\\\/\\\/www.mexicanguitarplayers.com\\\/tienda\\\/sin categor\u00eda\\\/bafle-behringer-c-poder-mod-dr115dsp\\\/\",\"name\":\"BAFLE BEHRINGER C\\\/PODER MOD. DR115DSP - Mexican Guitar Players\",\"isPartOf\":{\"@id\":\"https:\\\/\\\/www.mexicanguitarplayers.com\\\/#website\"},\"primaryImageOfPage\":{\"@id\":\"https:\\\/\\\/www.mexicanguitarplayers.com\\\/tienda\\\/sin categor\u00eda\\\/bafle-behringer-c-poder-mod-dr115dsp\\\/#primaryimage\"},\"image\":{\"@id\":\"https:\\\/\\\/www.mexicanguitarplayers.com\\\/tienda\\\/sin categor\u00eda\\\/bafle-behringer-c-poder-mod-dr115dsp\\\/#primaryimage\"},\"thumbnailUrl\":\"https:\\\/\\\/www.mexicanguitarplayers.com\\\/wp-content\\\/uploads\\\/2025\\\/04\\\/IABEHDR115DSP.jpg\",\"datePublished\":\"2025-04-08T16:45:46+00:00\",\"dateModified\":\"2026-05-01T13:25:52+00:00\",\"description\":\"Sistema activo de altavoces PA de 15\u201d pulgadas a 1400 watts con DSP y mezcladora de 2 canales, ideal para aplicaciones en vivo y de reproducci\u00f3n, sistema compacto y ultra liviano con excelente sonido incluso a niveles extremos de presi\u00f3n ac\u00fastica, funci\u00f3n DSP dedicada para EQ, control de sistema y protecci\u00f3n de altavoces y receptor bluetooth incorporado, amplificador Clase D, funciones DSP de alto rendimiento con optimizaci\u00f3n para 4 programas de sonido: M\u00fasica, Live, Speech y DJ\\\/Club, filtro Low-Cut de excelente rendimiento conmutable a 80, 100, 120 o 150 Hz, driver de compresi\u00f3n de 1.35\u201d de \u00faltima generaci\u00f3n, bocina exponencial de gran formato, dise\u00f1o vers\u00e1til de carcasa trapezoidal, montaje en poste de 35 mm, asas ergon\u00f3micas, componentes de alta calidad, dimensiones: 687 x 442 x 390 cm, peso: 21.4 kg.\",\"breadcrumb\":{\"@id\":\"https:\\\/\\\/www.mexicanguitarplayers.com\\\/tienda\\\/sin categor\u00eda\\\/bafle-behringer-c-poder-mod-dr115dsp\\\/#breadcrumb\"},\"inLanguage\":\"en-US\",\"potentialAction\":[{\"@type\":\"ReadAction\",\"target\":[\"https:\\\/\\\/www.mexicanguitarplayers.com\\\/tienda\\\/sin categor\u00eda\\\/bafle-behringer-c-poder-mod-dr115dsp\\\/\"]}]},{\"@type\":\"ImageObject\",\"inLanguage\":\"en-US\",\"@id\":\"https:\\\/\\\/www.mexicanguitarplayers.com\\\/tienda\\\/sin categor\u00eda\\\/bafle-behringer-c-poder-mod-dr115dsp\\\/#primaryimage\",\"url\":\"https:\\\/\\\/www.mexicanguitarplayers.com\\\/wp-content\\\/uploads\\\/2025\\\/04\\\/IABEHDR115DSP.jpg\",\"contentUrl\":\"https:\\\/\\\/www.mexicanguitarplayers.com\\\/wp-content\\\/uploads\\\/2025\\\/04\\\/IABEHDR115DSP.jpg\",\"width\":1200,\"height\":1200},{\"@type\":\"BreadcrumbList\",\"@id\":\"https:\\\/\\\/www.mexicanguitarplayers.com\\\/tienda\\\/sin categor\u00eda\\\/bafle-behringer-c-poder-mod-dr115dsp\\\/#breadcrumb\",\"itemListElement\":[{\"@type\":\"ListItem\",\"position\":1,\"name\":\"Portada\",\"item\":\"https:\\\/\\\/www.mexicanguitarplayers.com\\\/\"},{\"@type\":\"ListItem\",\"position\":2,\"name\":\"Tienda\",\"item\":\"https:\\\/\\\/www.mexicanguitarplayers.com\\\/tienda\\\/\"},{\"@type\":\"ListItem\",\"position\":3,\"name\":\"BAFLE BEHRINGER C\\\/PODER MOD. DR115DSP\"}]},{\"@type\":\"WebSite\",\"@id\":\"https:\\\/\\\/www.mexicanguitarplayers.com\\\/#website\",\"url\":\"https:\\\/\\\/www.mexicanguitarplayers.com\\\/\",\"name\":\"Mexican Guitar Players\",\"description\":\"Website\",\"publisher\":{\"@id\":\"https:\\\/\\\/www.mexicanguitarplayers.com\\\/#organization\"},\"potentialAction\":[{\"@type\":\"SearchAction\",\"target\":{\"@type\":\"EntryPoint\",\"urlTemplate\":\"https:\\\/\\\/www.mexicanguitarplayers.com\\\/?s={search_term_string}\"},\"query-input\":{\"@type\":\"PropertyValueSpecification\",\"valueRequired\":true,\"valueName\":\"search_term_string\"}}],\"inLanguage\":\"en-US\"},{\"@type\":\"Organization\",\"@id\":\"https:\\\/\\\/www.mexicanguitarplayers.com\\\/#organization\",\"name\":\"Mexican Guitar Players\",\"url\":\"https:\\\/\\\/www.mexicanguitarplayers.com\\\/\",\"logo\":{\"@type\":\"ImageObject\",\"inLanguage\":\"en-US\",\"@id\":\"https:\\\/\\\/www.mexicanguitarplayers.com\\\/#\\\/schema\\\/logo\\\/image\\\/\",\"url\":\"\",\"contentUrl\":\"\",\"caption\":\"Mexican Guitar Players\"},\"image\":{\"@id\":\"https:\\\/\\\/www.mexicanguitarplayers.com\\\/#\\\/schema\\\/logo\\\/image\\\/\"}}]}<\/script>\n<!-- \/ Yoast SEO plugin. -->","yoast_head_json":{"title":"BAFLE BEHRINGER C\/PODER MOD. DR115DSP - Mexican Guitar Players","description":"Sistema activo de altavoces PA de 15\u201d pulgadas a 1400 watts con DSP y mezcladora de 2 canales, ideal para aplicaciones en vivo y de reproducci\u00f3n, sistema compacto y ultra liviano con excelente sonido incluso a niveles extremos de presi\u00f3n ac\u00fastica, funci\u00f3n DSP dedicada para EQ, control de sistema y protecci\u00f3n de altavoces y receptor bluetooth incorporado, amplificador Clase D, funciones DSP de alto rendimiento con optimizaci\u00f3n para 4 programas de sonido: M\u00fasica, Live, Speech y DJ\/Club, filtro Low-Cut de excelente rendimiento conmutable a 80, 100, 120 o 150 Hz, driver de compresi\u00f3n de 1.35\u201d de \u00faltima generaci\u00f3n, bocina exponencial de gran formato, dise\u00f1o vers\u00e1til de carcasa trapezoidal, montaje en poste de 35 mm, asas ergon\u00f3micas, componentes de alta calidad, dimensiones: 687 x 442 x 390 cm, peso: 21.4 kg.","robots":{"index":"index","follow":"follow","max-snippet":"max-snippet:-1","max-image-preview":"max-image-preview:large","max-video-preview":"max-video-preview:-1"},"canonical":"https:\/\/www.mexicanguitarplayers.com\/en\/tienda\/sin categor\u00eda\/bafle-behringer-c-poder-mod-dr115dsp\/","og_locale":"en_US","og_type":"article","og_title":"BAFLE BEHRINGER C\/PODER MOD. DR115DSP - Mexican Guitar Players","og_description":"Sistema activo de altavoces PA de 15\u201d pulgadas a 1400 watts con DSP y mezcladora de 2 canales, ideal para aplicaciones en vivo y de reproducci\u00f3n, sistema compacto y ultra liviano con excelente sonido incluso a niveles extremos de presi\u00f3n ac\u00fastica, funci\u00f3n DSP dedicada para EQ, control de sistema y protecci\u00f3n de altavoces y receptor bluetooth incorporado, amplificador Clase D, funciones DSP de alto rendimiento con optimizaci\u00f3n para 4 programas de sonido: M\u00fasica, Live, Speech y DJ\/Club, filtro Low-Cut de excelente rendimiento conmutable a 80, 100, 120 o 150 Hz, driver de compresi\u00f3n de 1.35\u201d de \u00faltima generaci\u00f3n, bocina exponencial de gran formato, dise\u00f1o vers\u00e1til de carcasa trapezoidal, montaje en poste de 35 mm, asas ergon\u00f3micas, componentes de alta calidad, dimensiones: 687 x 442 x 390 cm, peso: 21.4 kg.","og_url":"https:\/\/www.mexicanguitarplayers.com\/en\/tienda\/sin categor\u00eda\/bafle-behringer-c-poder-mod-dr115dsp\/","og_site_name":"Mexican Guitar Players","article_modified_time":"2026-05-01T13:25:52+00:00","twitter_card":"summary_large_image","twitter_misc":{"Est. reading time":"2 minutes"},"schema":{"@context":"https:\/\/schema.org","@graph":[{"@type":["WebPage","ItemPage"],"@id":"https:\/\/www.mexicanguitarplayers.com\/tienda\/sin categor\u00eda\/bafle-behringer-c-poder-mod-dr115dsp\/","url":"https:\/\/www.mexicanguitarplayers.com\/tienda\/sin categor\u00eda\/bafle-behringer-c-poder-mod-dr115dsp\/","name":"BAFLE BEHRINGER C\/PODER MOD. DR115DSP - Mexican Guitar Players","isPartOf":{"@id":"https:\/\/www.mexicanguitarplayers.com\/#website"},"primaryImageOfPage":{"@id":"https:\/\/www.mexicanguitarplayers.com\/tienda\/sin categor\u00eda\/bafle-behringer-c-poder-mod-dr115dsp\/#primaryimage"},"image":{"@id":"https:\/\/www.mexicanguitarplayers.com\/tienda\/sin categor\u00eda\/bafle-behringer-c-poder-mod-dr115dsp\/#primaryimage"},"thumbnailUrl":"https:\/\/www.mexicanguitarplayers.com\/wp-content\/uploads\/2025\/04\/IABEHDR115DSP.jpg","datePublished":"2025-04-08T16:45:46+00:00","dateModified":"2026-05-01T13:25:52+00:00","description":"Sistema activo de altavoces PA de 15\u201d pulgadas a 1400 watts con DSP y mezcladora de 2 canales, ideal para aplicaciones en vivo y de reproducci\u00f3n, sistema compacto y ultra liviano con excelente sonido incluso a niveles extremos de presi\u00f3n ac\u00fastica, funci\u00f3n DSP dedicada para EQ, control de sistema y protecci\u00f3n de altavoces y receptor bluetooth incorporado, amplificador Clase D, funciones DSP de alto rendimiento con optimizaci\u00f3n para 4 programas de sonido: M\u00fasica, Live, Speech y DJ\/Club, filtro Low-Cut de excelente rendimiento conmutable a 80, 100, 120 o 150 Hz, driver de compresi\u00f3n de 1.35\u201d de \u00faltima generaci\u00f3n, bocina exponencial de gran formato, dise\u00f1o vers\u00e1til de carcasa trapezoidal, montaje en poste de 35 mm, asas ergon\u00f3micas, componentes de alta calidad, dimensiones: 687 x 442 x 390 cm, peso: 21.4 kg.","breadcrumb":{"@id":"https:\/\/www.mexicanguitarplayers.com\/tienda\/sin categor\u00eda\/bafle-behringer-c-poder-mod-dr115dsp\/#breadcrumb"},"inLanguage":"en-US","potentialAction":[{"@type":"ReadAction","target":["https:\/\/www.mexicanguitarplayers.com\/tienda\/sin categor\u00eda\/bafle-behringer-c-poder-mod-dr115dsp\/"]}]},{"@type":"ImageObject","inLanguage":"en-US","@id":"https:\/\/www.mexicanguitarplayers.com\/tienda\/sin categor\u00eda\/bafle-behringer-c-poder-mod-dr115dsp\/#primaryimage","url":"https:\/\/www.mexicanguitarplayers.com\/wp-content\/uploads\/2025\/04\/IABEHDR115DSP.jpg","contentUrl":"https:\/\/www.mexicanguitarplayers.com\/wp-content\/uploads\/2025\/04\/IABEHDR115DSP.jpg","width":1200,"height":1200},{"@type":"BreadcrumbList","@id":"https:\/\/www.mexicanguitarplayers.com\/tienda\/sin categor\u00eda\/bafle-behringer-c-poder-mod-dr115dsp\/#breadcrumb","itemListElement":[{"@type":"ListItem","position":1,"name":"Portada","item":"https:\/\/www.mexicanguitarplayers.com\/"},{"@type":"ListItem","position":2,"name":"Tienda","item":"https:\/\/www.mexicanguitarplayers.com\/tienda\/"},{"@type":"ListItem","position":3,"name":"BAFLE BEHRINGER C\/PODER MOD. DR115DSP"}]},{"@type":"WebSite","@id":"https:\/\/www.mexicanguitarplayers.com\/#website","url":"https:\/\/www.mexicanguitarplayers.com\/","name":"Mexican Guitar Players","description":"Website","publisher":{"@id":"https:\/\/www.mexicanguitarplayers.com\/#organization"},"potentialAction":[{"@type":"SearchAction","target":{"@type":"EntryPoint","urlTemplate":"https:\/\/www.mexicanguitarplayers.com\/?s={search_term_string}"},"query-input":{"@type":"PropertyValueSpecification","valueRequired":true,"valueName":"search_term_string"}}],"inLanguage":"en-US"},{"@type":"Organization","@id":"https:\/\/www.mexicanguitarplayers.com\/#organization","name":"Mexican Guitar Players","url":"https:\/\/www.mexicanguitarplayers.com\/","logo":{"@type":"ImageObject","inLanguage":"en-US","@id":"https:\/\/www.mexicanguitarplayers.com\/#\/schema\/logo\/image\/","url":"","contentUrl":"","caption":"Mexican Guitar Players"},"image":{"@id":"https:\/\/www.mexicanguitarplayers.com\/#\/schema\/logo\/image\/"}}]}},"brands":[{"id":171,"name":"BEHRINGER","slug":"behringer"}],"_links":{"self":[{"href":"https:\/\/www.mexicanguitarplayers.com\/en\/wp-json\/wp\/v2\/product\/29650","targetHints":{"allow":["GET"]}}],"collection":[{"href":"https:\/\/www.mexicanguitarplayers.com\/en\/wp-json\/wp\/v2\/product"}],"about":[{"href":"https:\/\/www.mexicanguitarplayers.com\/en\/wp-json\/wp\/v2\/types\/product"}],"replies":[{"embeddable":true,"href":"https:\/\/www.mexicanguitarplayers.com\/en\/wp-json\/wp\/v2\/comments?post=29650"}],"wp:featuredmedia":[{"embeddable":true,"href":"https:\/\/www.mexicanguitarplayers.com\/en\/wp-json\/wp\/v2\/media\/29646"}],"wp:attachment":[{"href":"https:\/\/www.mexicanguitarplayers.com\/en\/wp-json\/wp\/v2\/media?parent=29650"}],"wp:term":[{"taxonomy":"pwb-brand","embeddable":true,"href":"https:\/\/www.mexicanguitarplayers.com\/en\/wp-json\/wp\/v2\/pwb-brand?post=29650"},{"taxonomy":"product_brand","embeddable":true,"href":"https:\/\/www.mexicanguitarplayers.com\/en\/wp-json\/wp\/v2\/product_brand?post=29650"},{"taxonomy":"product_cat","embeddable":true,"href":"https:\/\/www.mexicanguitarplayers.com\/en\/wp-json\/wp\/v2\/product_cat?post=29650"},{"taxonomy":"product_tag","embeddable":true,"href":"https:\/\/www.mexicanguitarplayers.com\/en\/wp-json\/wp\/v2\/product_tag?post=29650"}],"curies":[{"name":"wp","href":"https:\/\/api.w.org\/{rel}","templated":true}]}}