{"id":29756,"date":"2025-04-08T10:48:35","date_gmt":"2025-04-08T16:48:35","guid":{"rendered":"https:\/\/www.mexicanguitarplayers.com\/tienda\/sin categor\u00eda\/bafle-turbosound-subwoofer-mod-iq15b\/"},"modified":"2026-05-01T07:25:45","modified_gmt":"2026-05-01T13:25:45","slug":"bafle-turbosound-subwoofer-mod-iq15b","status":"publish","type":"product","link":"https:\/\/www.mexicanguitarplayers.com\/en\/tienda\/audio\/bafles-y-bocinas\/bafles\/bafles-activos\/bafle-turbosound-subwoofer-mod-iq15b\/","title":{"rendered":"BAFLE TURBOSOUND SUBWOOFER MOD. IQ15B"},"content":{"rendered":"<div style=\"text-align: justify\">\n<div>\n<h3>Un sonido portable y poderoso.<\/h3>\n<\/div>\n<div>El bafle iQ15B de 3000 watts es un subwoofer activo de 15&#8243; pulgadas ideal para una amplia gama de instalaciones port\u00e1tiles y fijas, as\u00ed como un refuerzo sonoro de m\u00fasica y voz. El driver de 15&#8243; pulgadas de baja frecuencia y alta excursi\u00f3n con una bobina m\u00f3vil de suspensi\u00f3n doble de 4&#8243; pulgadas que ofrece una respuesta transitoria r\u00e1pida y precisa para un funcionamiento pr\u00e1cticamente libre de distorsi\u00f3n, incluso en los shows m\u00e1s exigentes.<\/div>\n<div>\n<h4>Quick look<\/h4>\n<\/div>\n<ul style=\"margin: 0px 0px 0px 25px\">\n<li style=\"list-style-type: circle;margin: 5px\">Frequency response.<\/li>\n<li style=\"list-style-type: circle;margin: 5px\">Dispersi\u00f3n nominal.<\/li>\n<li style=\"list-style-type: circle;margin: 5px\">Maximum SPL.<\/li>\n<li style=\"list-style-type: circle;margin: 5px\">Crossover.<\/li>\n<li style=\"list-style-type: circle;margin: 5px\">Transductores.<\/li>\n<li style=\"list-style-type: circle;margin: 5px\">Limitador.<\/li>\n<li style=\"list-style-type: circle;margin: 5px\">Potencia m\u00e1xima de salida.<\/li>\n<li style=\"list-style-type: circle;margin: 5px\">Tipo de amplificador.<\/li>\n<li style=\"list-style-type: circle;margin: 5px\">Protecci\u00f3n.<\/li>\n<li style=\"list-style-type: circle;margin: 5px\">Entrada (A y B).<\/li>\n<li style=\"list-style-type: circle;margin: 5px\">Sensitivity.<\/li>\n<li style=\"list-style-type: circle;margin: 5px\">Input impedance.<\/li>\n<li style=\"list-style-type: circle;margin: 5px\">Nivel de entrada m\u00e1ximo.<\/li>\n<li style=\"list-style-type: circle;margin: 5px\">Salidas (A y B).<\/li>\n<li style=\"list-style-type: circle;margin: 5px\">Ultranet Entrada \/ Link.<\/li>\n<li style=\"list-style-type: circle;margin: 5px\">Red el\u00e9ctrica.<\/li>\n<li style=\"list-style-type: circle;margin: 5px\">DSP.<\/li>\n<li style=\"list-style-type: circle;margin: 5px\">Secci\u00f3n de mezcla.<\/li>\n<li style=\"list-style-type: circle;margin: 5px\">Presets de EQ de f\u00e1brica.<\/li>\n<li style=\"list-style-type: circle;margin: 5px\">Display.<\/li>\n<li style=\"list-style-type: circle;margin: 5px\">Delay.<\/li>\n<li style=\"list-style-type: circle;margin: 5px\">Ecualizaci\u00f3n.<\/li>\n<li style=\"list-style-type: circle;margin: 5px\">Limitador.<\/li>\n<li style=\"list-style-type: circle;margin: 5px\">Presets.<\/li>\n<li style=\"list-style-type: circle;margin: 5px\">Crossover.<\/li>\n<li style=\"list-style-type: circle;margin: 5px\">Protecci\u00f3n.<\/li>\n<li style=\"list-style-type: circle;margin: 5px\">Digital processing.<\/li>\n<li style=\"list-style-type: circle;margin: 5px\">System.<\/li>\n<li style=\"list-style-type: circle;margin: 5px\">Cableado.<\/li>\n<li style=\"list-style-type: circle;margin: 5px\">Longitud del cable.<\/li>\n<li style=\"list-style-type: circle;margin: 5px\">Energy consumption.<\/li>\n<li style=\"list-style-type: circle;margin: 5px\">Voltaje.<\/li>\n<li style=\"list-style-type: circle;margin: 5px\">Dimensions.<\/li>\n<li style=\"list-style-type: circle;margin: 5px\">Weight.<\/li>\n<li style=\"list-style-type: circle;margin: 5px\">Construcci\u00f3n.<\/li>\n<li style=\"list-style-type: circle;margin: 5px\">Terminado.<\/li>\n<li style=\"list-style-type: circle;margin: 5px\">Rejilla.<\/li>\n<\/ul>\n<div>\n<div style=\"font-weight: bold\">Frequency response.<\/div>\n<div>\n<p>(3 dB): 50 Hz &#8211; 130 Hz. (10 dB): 40 Hz &#8211; 130 Hz.<\/p>\n<\/div>\n<div style=\"font-weight: bold\">Dispersi\u00f3n nominal.<\/div>\n<div>\n<p>Espacio medio.<\/p>\n<\/div>\n<div style=\"font-weight: bold\">Maximum SPL.<\/div>\n<div>\n<p>130 dB.<\/p>\n<\/div>\n<div style=\"font-weight: bold\">Crossover.<\/div>\n<div>\n<p>Activo.<\/p>\n<\/div>\n<div style=\"font-weight: bold\">Transductores.<\/div>\n<div>\n<p>1 altavoz de 15\u201d pulgadas.<\/p>\n<\/div>\n<div style=\"font-weight: bold\">Limitador.<\/div>\n<div>\n<p>Pico y RMS.<\/p>\n<\/div>\n<div style=\"font-weight: bold\">Potencia m\u00e1xima de salida.<\/div>\n<div>\n<p>3,000 watts.<\/p>\n<\/div>\n<div style=\"font-weight: bold\">Tipo de amplificador.<\/div>\n<div>\n<p>Clase D.<\/p>\n<\/div>\n<div style=\"font-weight: bold\">Protecci\u00f3n.<\/div>\n<div>\n<p>Corto circuito, circuito abierto y t\u00e9rmico.<\/p>\n<\/div>\n<div style=\"font-weight: bold\">Entrada (A y B).<\/div>\n<div>\n<p>2 combo Jack \/ XLR.<\/p>\n<\/div>\n<div style=\"font-weight: bold\">Sensitivity.<\/div>\n<div>\n<p>L\u00ednea +4 dBu.<\/p>\n<\/div>\n<div style=\"font-weight: bold\">Input impedance.<\/div>\n<div>\n<p>20 kohms desbalanceado, 40 kohms balanceado.<\/p>\n<\/div>\n<div style=\"font-weight: bold\">Nivel de entrada m\u00e1ximo.<\/div>\n<div>\n<p>+21 dBu.<\/p>\n<\/div>\n<div style=\"font-weight: bold\">Salidas (A y B).<\/div>\n<div>\n<p>2 XLR linkeados a entrada.<\/p>\n<\/div>\n<div style=\"font-weight: bold\">Ultranet Entrada \/ Link.<\/div>\n<div>\n<p>2 RJ45.<\/p>\n<\/div>\n<div style=\"font-weight: bold\">Red el\u00e9ctrica.<\/div>\n<div>\n<p>Neutrik powerCON entrada 20A y link 15A.<\/p>\n<\/div>\n<div style=\"font-weight: bold\">DSP.<\/div>\n<div>\n<p>Rotary push-encoder. Botones para PROCESS, SETUP, EXIT, ENTER.<\/p>\n<\/div>\n<div style=\"font-weight: bold\">Secci\u00f3n de mezcla.<\/div>\n<div>\n<p>2 controles de ganancia (canales A y B). 2 &#8211; l\u00ednea.<\/p>\n<\/div>\n<div style=\"font-weight: bold\">Presets de EQ de f\u00e1brica.<\/div>\n<div>\n<p>Posicionamiento, modo de sonido.<\/p>\n<\/div>\n<div style=\"font-weight: bold\">Display.<\/div>\n<div>\n<p>LCD de 128 x 32, retroiluminaci\u00f3n en color azul.<\/p>\n<\/div>\n<div style=\"font-weight: bold\">Delay.<\/div>\n<div>\n<p>0 &#8211; 300 ms.<\/p>\n<\/div>\n<div style=\"font-weight: bold\">Ecualizaci\u00f3n.<\/div>\n<div>\n<p>High and low shelving EQ. 2 ecualizadores param\u00e9tricos.<\/p>\n<\/div>\n<div style=\"font-weight: bold\">Limitador.<\/div>\n<div>\n<p>Limitador de entrada Zero attack.<\/p>\n<\/div>\n<div style=\"font-weight: bold\">Presets.<\/div>\n<div>\n<p>20 presets en total, 19 definibles por el usuario.<\/p>\n<\/div>\n<div style=\"font-weight: bold\">Crossover.<\/div>\n<div>\n<p>High Pass L-R 24 dB\/oct.<\/p>\n<\/div>\n<div style=\"font-weight: bold\">Protecci\u00f3n.<\/div>\n<div>\n<p>Funci\u00f3n de bloqueo para todos los ajustes.<\/p>\n<\/div>\n<div style=\"font-weight: bold\">Digital processing.<\/div>\n<div>\n<p>Conversi\u00f3n A \/ D. Tasa de muestreo 24-bit, 44.1 \/ 48 kHz. Tipo de convertidor. 24-bit, delta-sigma.<\/p>\n<\/div>\n<div style=\"font-weight: bold\">System.<\/div>\n<div>\n<p>Se\u00f1al. 16 canales. Latencia. &lt;0.9 ms. Respuesta de frecuencia. 20 Hz a 20 kHz (+0 \/ -3 dB). Rango din\u00e1mico. T\u00edpico 92 dB.<\/p>\n<\/div>\n<div style=\"font-weight: bold\">Cableado.<\/div>\n<div>\n<p>CAT 5 blindado.<\/p>\n<\/div>\n<div style=\"font-weight: bold\">Longitud del cable.<\/div>\n<div>\n<p>M\u00e1ximo 75 metros. Recomendado: 23 metros.<\/p>\n<\/div>\n<div style=\"font-weight: bold\">Energy consumption.<\/div>\n<div>\n<p>200 watts @ 1\/8 m\u00e1x. potencia.<\/p>\n<\/div>\n<div style=\"font-weight: bold\">Voltaje.<\/div>\n<div>\n<p>120 V~, 60 Hz (T 15 A H 250 V).<\/p>\n<\/div>\n<div style=\"font-weight: bold\">Dimensions.<\/div>\n<div>\n<p>602 x 444 x 495 mm.<\/p>\n<\/div>\n<div style=\"font-weight: bold\">Weight.<\/div>\n<div>\n<p>30.6 kg.<\/p>\n<\/div>\n<div style=\"font-weight: bold\">Construcci\u00f3n.<\/div>\n<div>\n<p>Madera de abedul, atornillada y pegada.<\/p>\n<\/div>\n<div style=\"font-weight: bold\">Terminado.<\/div>\n<div>\n<p>Pintado en negro.<\/p>\n<\/div>\n<div style=\"font-weight: bold\">Rejilla.<\/div>\n<div>\n<p>Rejilla de acero perforado en pintura en polvo negro.<\/p>\n<\/div>\n<\/div>\n<\/div>","protected":false},"excerpt":{"rendered":"<p>Subwoofer activo de 15\u201d pulgadas, respuesta de frecuencia: 50 Hz &#8211; 130 Hz a 3 dB y 40 Hz &#8211; 130 Hz a 10 dB, SPL m\u00e1ximo: 130 dB, crossover activo, potencia: 3,000watts, amplificador Clase D, entradas; 2 combo Jack \/ XLR, salidas: 2 x XLR linkeados a entrada,  2 controles de ganancia (canales A y B), display LCD de 128 x32 con retroiluminaci\u00f3n en color azul, consumo de energ\u00eda: 200 watts, peso: 30.6 kg, fabricado con madera de abedul.&hellip; <a class=\"kt-excerpt-readmore more-link\" href=\"https:\/\/www.mexicanguitarplayers.com\/en\/tienda\/audio\/bafles-y-bocinas\/bafles\/bafles-activos\/bafle-turbosound-subwoofer-mod-iq15b\/\">Read more<\/a><\/p>","protected":false},"featured_media":29750,"comment_status":"open","ping_status":"closed","template":"","meta":{"kt_blocks_editor_width":""},"pwb-brand":[498],"product_brand":[],"product_cat":[213,222,472,221],"product_tag":[],"class_list":{"0":"post-29756","1":"product","2":"type-product","3":"status-publish","4":"has-post-thumbnail","6":"pwb-brand-turbosound","7":"product_cat-audio","8":"product_cat-bafles","9":"product_cat-bafles-activos","10":"product_cat-bafles-y-bocinas","12":"first","13":"instock","14":"taxable","15":"shipping-taxable","16":"purchasable","17":"product-type-simple"},"yoast_head":"<!-- This site is optimized with the Yoast SEO plugin v27.5 - https:\/\/yoast.com\/product\/yoast-seo-wordpress\/ -->\n<title>BAFLE TURBOSOUND SUBWOOFER MOD. IQ15B - Mexican Guitar Players<\/title>\n<meta name=\"description\" content=\"Subwoofer activo de 15\u201d pulgadas, respuesta de frecuencia: 50 Hz - 130 Hz a 3 dB y 40 Hz - 130 Hz a 10 dB, SPL m\u00e1ximo: 130 dB, crossover activo, potencia: 3,000watts, amplificador Clase D, entradas; 2 combo Jack \/ XLR, salidas: 2 x XLR linkeados a entrada, 2 controles de ganancia (canales A y B), display LCD de 128 x32 con retroiluminaci\u00f3n en color azul, consumo de energ\u00eda: 200 watts, peso: 30.6 kg, fabricado con madera de abedul.\" \/>\n<meta name=\"robots\" content=\"index, follow, max-snippet:-1, max-image-preview:large, max-video-preview:-1\" \/>\n<link rel=\"canonical\" href=\"https:\/\/www.mexicanguitarplayers.com\/en\/tienda\/sin%20categor\u00eda\/bafle-turbosound-subwoofer-mod-iq15b\/\" \/>\n<meta property=\"og:locale\" content=\"en_US\" \/>\n<meta property=\"og:type\" content=\"article\" \/>\n<meta property=\"og:title\" content=\"BAFLE TURBOSOUND SUBWOOFER MOD. IQ15B - Mexican Guitar Players\" \/>\n<meta property=\"og:description\" content=\"Subwoofer activo de 15\u201d pulgadas, respuesta de frecuencia: 50 Hz - 130 Hz a 3 dB y 40 Hz - 130 Hz a 10 dB, SPL m\u00e1ximo: 130 dB, crossover activo, potencia: 3,000watts, amplificador Clase D, entradas; 2 combo Jack \/ XLR, salidas: 2 x XLR linkeados a entrada, 2 controles de ganancia (canales A y B), display LCD de 128 x32 con retroiluminaci\u00f3n en color azul, consumo de energ\u00eda: 200 watts, peso: 30.6 kg, fabricado con madera de abedul.\" \/>\n<meta property=\"og:url\" content=\"https:\/\/www.mexicanguitarplayers.com\/en\/tienda\/sin categor\u00eda\/bafle-turbosound-subwoofer-mod-iq15b\/\" \/>\n<meta property=\"og:site_name\" content=\"Mexican Guitar Players\" \/>\n<meta property=\"article:modified_time\" content=\"2026-05-01T13:25:45+00:00\" \/>\n<meta name=\"twitter:card\" content=\"summary_large_image\" \/>\n<meta name=\"twitter:label1\" content=\"Est. reading time\" \/>\n\t<meta name=\"twitter:data1\" content=\"2 minutes\" \/>\n<script type=\"application\/ld+json\" class=\"yoast-schema-graph\">{\"@context\":\"https:\\\/\\\/schema.org\",\"@graph\":[{\"@type\":[\"WebPage\",\"ItemPage\"],\"@id\":\"https:\\\/\\\/www.mexicanguitarplayers.com\\\/tienda\\\/sin categor\u00eda\\\/bafle-turbosound-subwoofer-mod-iq15b\\\/\",\"url\":\"https:\\\/\\\/www.mexicanguitarplayers.com\\\/tienda\\\/sin categor\u00eda\\\/bafle-turbosound-subwoofer-mod-iq15b\\\/\",\"name\":\"BAFLE TURBOSOUND SUBWOOFER MOD. IQ15B - Mexican Guitar Players\",\"isPartOf\":{\"@id\":\"https:\\\/\\\/www.mexicanguitarplayers.com\\\/#website\"},\"primaryImageOfPage\":{\"@id\":\"https:\\\/\\\/www.mexicanguitarplayers.com\\\/tienda\\\/sin categor\u00eda\\\/bafle-turbosound-subwoofer-mod-iq15b\\\/#primaryimage\"},\"image\":{\"@id\":\"https:\\\/\\\/www.mexicanguitarplayers.com\\\/tienda\\\/sin categor\u00eda\\\/bafle-turbosound-subwoofer-mod-iq15b\\\/#primaryimage\"},\"thumbnailUrl\":\"https:\\\/\\\/www.mexicanguitarplayers.com\\\/wp-content\\\/uploads\\\/2025\\\/04\\\/IATURIQ15B.jpg\",\"datePublished\":\"2025-04-08T16:48:35+00:00\",\"dateModified\":\"2026-05-01T13:25:45+00:00\",\"description\":\"Subwoofer activo de 15\u201d pulgadas, respuesta de frecuencia: 50 Hz - 130 Hz a 3 dB y 40 Hz - 130 Hz a 10 dB, SPL m\u00e1ximo: 130 dB, crossover activo, potencia: 3,000watts, amplificador Clase D, entradas; 2 combo Jack \\\/ XLR, salidas: 2 x XLR linkeados a entrada, 2 controles de ganancia (canales A y B), display LCD de 128 x32 con retroiluminaci\u00f3n en color azul, consumo de energ\u00eda: 200 watts, peso: 30.6 kg, fabricado con madera de abedul.\",\"breadcrumb\":{\"@id\":\"https:\\\/\\\/www.mexicanguitarplayers.com\\\/tienda\\\/sin categor\u00eda\\\/bafle-turbosound-subwoofer-mod-iq15b\\\/#breadcrumb\"},\"inLanguage\":\"en-US\",\"potentialAction\":[{\"@type\":\"ReadAction\",\"target\":[\"https:\\\/\\\/www.mexicanguitarplayers.com\\\/tienda\\\/sin categor\u00eda\\\/bafle-turbosound-subwoofer-mod-iq15b\\\/\"]}]},{\"@type\":\"ImageObject\",\"inLanguage\":\"en-US\",\"@id\":\"https:\\\/\\\/www.mexicanguitarplayers.com\\\/tienda\\\/sin categor\u00eda\\\/bafle-turbosound-subwoofer-mod-iq15b\\\/#primaryimage\",\"url\":\"https:\\\/\\\/www.mexicanguitarplayers.com\\\/wp-content\\\/uploads\\\/2025\\\/04\\\/IATURIQ15B.jpg\",\"contentUrl\":\"https:\\\/\\\/www.mexicanguitarplayers.com\\\/wp-content\\\/uploads\\\/2025\\\/04\\\/IATURIQ15B.jpg\",\"width\":1200,\"height\":1200},{\"@type\":\"BreadcrumbList\",\"@id\":\"https:\\\/\\\/www.mexicanguitarplayers.com\\\/tienda\\\/sin categor\u00eda\\\/bafle-turbosound-subwoofer-mod-iq15b\\\/#breadcrumb\",\"itemListElement\":[{\"@type\":\"ListItem\",\"position\":1,\"name\":\"Portada\",\"item\":\"https:\\\/\\\/www.mexicanguitarplayers.com\\\/\"},{\"@type\":\"ListItem\",\"position\":2,\"name\":\"Tienda\",\"item\":\"https:\\\/\\\/www.mexicanguitarplayers.com\\\/tienda\\\/\"},{\"@type\":\"ListItem\",\"position\":3,\"name\":\"BAFLE TURBOSOUND SUBWOOFER MOD. IQ15B\"}]},{\"@type\":\"WebSite\",\"@id\":\"https:\\\/\\\/www.mexicanguitarplayers.com\\\/#website\",\"url\":\"https:\\\/\\\/www.mexicanguitarplayers.com\\\/\",\"name\":\"Mexican Guitar Players\",\"description\":\"Website\",\"publisher\":{\"@id\":\"https:\\\/\\\/www.mexicanguitarplayers.com\\\/#organization\"},\"potentialAction\":[{\"@type\":\"SearchAction\",\"target\":{\"@type\":\"EntryPoint\",\"urlTemplate\":\"https:\\\/\\\/www.mexicanguitarplayers.com\\\/?s={search_term_string}\"},\"query-input\":{\"@type\":\"PropertyValueSpecification\",\"valueRequired\":true,\"valueName\":\"search_term_string\"}}],\"inLanguage\":\"en-US\"},{\"@type\":\"Organization\",\"@id\":\"https:\\\/\\\/www.mexicanguitarplayers.com\\\/#organization\",\"name\":\"Mexican Guitar Players\",\"url\":\"https:\\\/\\\/www.mexicanguitarplayers.com\\\/\",\"logo\":{\"@type\":\"ImageObject\",\"inLanguage\":\"en-US\",\"@id\":\"https:\\\/\\\/www.mexicanguitarplayers.com\\\/#\\\/schema\\\/logo\\\/image\\\/\",\"url\":\"\",\"contentUrl\":\"\",\"caption\":\"Mexican Guitar Players\"},\"image\":{\"@id\":\"https:\\\/\\\/www.mexicanguitarplayers.com\\\/#\\\/schema\\\/logo\\\/image\\\/\"}}]}<\/script>\n<!-- \/ Yoast SEO plugin. -->","yoast_head_json":{"title":"BAFLE TURBOSOUND SUBWOOFER MOD. IQ15B - Mexican Guitar Players","description":"Subwoofer activo de 15\u201d pulgadas, respuesta de frecuencia: 50 Hz - 130 Hz a 3 dB y 40 Hz - 130 Hz a 10 dB, SPL m\u00e1ximo: 130 dB, crossover activo, potencia: 3,000watts, amplificador Clase D, entradas; 2 combo Jack \/ XLR, salidas: 2 x XLR linkeados a entrada, 2 controles de ganancia (canales A y B), display LCD de 128 x32 con retroiluminaci\u00f3n en color azul, consumo de energ\u00eda: 200 watts, peso: 30.6 kg, fabricado con madera de abedul.","robots":{"index":"index","follow":"follow","max-snippet":"max-snippet:-1","max-image-preview":"max-image-preview:large","max-video-preview":"max-video-preview:-1"},"canonical":"https:\/\/www.mexicanguitarplayers.com\/en\/tienda\/sin categor\u00eda\/bafle-turbosound-subwoofer-mod-iq15b\/","og_locale":"en_US","og_type":"article","og_title":"BAFLE TURBOSOUND SUBWOOFER MOD. IQ15B - Mexican Guitar Players","og_description":"Subwoofer activo de 15\u201d pulgadas, respuesta de frecuencia: 50 Hz - 130 Hz a 3 dB y 40 Hz - 130 Hz a 10 dB, SPL m\u00e1ximo: 130 dB, crossover activo, potencia: 3,000watts, amplificador Clase D, entradas; 2 combo Jack \/ XLR, salidas: 2 x XLR linkeados a entrada, 2 controles de ganancia (canales A y B), display LCD de 128 x32 con retroiluminaci\u00f3n en color azul, consumo de energ\u00eda: 200 watts, peso: 30.6 kg, fabricado con madera de abedul.","og_url":"https:\/\/www.mexicanguitarplayers.com\/en\/tienda\/sin categor\u00eda\/bafle-turbosound-subwoofer-mod-iq15b\/","og_site_name":"Mexican Guitar Players","article_modified_time":"2026-05-01T13:25:45+00:00","twitter_card":"summary_large_image","twitter_misc":{"Est. reading time":"2 minutes"},"schema":{"@context":"https:\/\/schema.org","@graph":[{"@type":["WebPage","ItemPage"],"@id":"https:\/\/www.mexicanguitarplayers.com\/tienda\/sin categor\u00eda\/bafle-turbosound-subwoofer-mod-iq15b\/","url":"https:\/\/www.mexicanguitarplayers.com\/tienda\/sin categor\u00eda\/bafle-turbosound-subwoofer-mod-iq15b\/","name":"BAFLE TURBOSOUND SUBWOOFER MOD. IQ15B - Mexican Guitar Players","isPartOf":{"@id":"https:\/\/www.mexicanguitarplayers.com\/#website"},"primaryImageOfPage":{"@id":"https:\/\/www.mexicanguitarplayers.com\/tienda\/sin categor\u00eda\/bafle-turbosound-subwoofer-mod-iq15b\/#primaryimage"},"image":{"@id":"https:\/\/www.mexicanguitarplayers.com\/tienda\/sin categor\u00eda\/bafle-turbosound-subwoofer-mod-iq15b\/#primaryimage"},"thumbnailUrl":"https:\/\/www.mexicanguitarplayers.com\/wp-content\/uploads\/2025\/04\/IATURIQ15B.jpg","datePublished":"2025-04-08T16:48:35+00:00","dateModified":"2026-05-01T13:25:45+00:00","description":"Subwoofer activo de 15\u201d pulgadas, respuesta de frecuencia: 50 Hz - 130 Hz a 3 dB y 40 Hz - 130 Hz a 10 dB, SPL m\u00e1ximo: 130 dB, crossover activo, potencia: 3,000watts, amplificador Clase D, entradas; 2 combo Jack \/ XLR, salidas: 2 x XLR linkeados a entrada, 2 controles de ganancia (canales A y B), display LCD de 128 x32 con retroiluminaci\u00f3n en color azul, consumo de energ\u00eda: 200 watts, peso: 30.6 kg, fabricado con madera de abedul.","breadcrumb":{"@id":"https:\/\/www.mexicanguitarplayers.com\/tienda\/sin categor\u00eda\/bafle-turbosound-subwoofer-mod-iq15b\/#breadcrumb"},"inLanguage":"en-US","potentialAction":[{"@type":"ReadAction","target":["https:\/\/www.mexicanguitarplayers.com\/tienda\/sin categor\u00eda\/bafle-turbosound-subwoofer-mod-iq15b\/"]}]},{"@type":"ImageObject","inLanguage":"en-US","@id":"https:\/\/www.mexicanguitarplayers.com\/tienda\/sin categor\u00eda\/bafle-turbosound-subwoofer-mod-iq15b\/#primaryimage","url":"https:\/\/www.mexicanguitarplayers.com\/wp-content\/uploads\/2025\/04\/IATURIQ15B.jpg","contentUrl":"https:\/\/www.mexicanguitarplayers.com\/wp-content\/uploads\/2025\/04\/IATURIQ15B.jpg","width":1200,"height":1200},{"@type":"BreadcrumbList","@id":"https:\/\/www.mexicanguitarplayers.com\/tienda\/sin categor\u00eda\/bafle-turbosound-subwoofer-mod-iq15b\/#breadcrumb","itemListElement":[{"@type":"ListItem","position":1,"name":"Portada","item":"https:\/\/www.mexicanguitarplayers.com\/"},{"@type":"ListItem","position":2,"name":"Tienda","item":"https:\/\/www.mexicanguitarplayers.com\/tienda\/"},{"@type":"ListItem","position":3,"name":"BAFLE TURBOSOUND SUBWOOFER MOD. IQ15B"}]},{"@type":"WebSite","@id":"https:\/\/www.mexicanguitarplayers.com\/#website","url":"https:\/\/www.mexicanguitarplayers.com\/","name":"Mexican Guitar Players","description":"Website","publisher":{"@id":"https:\/\/www.mexicanguitarplayers.com\/#organization"},"potentialAction":[{"@type":"SearchAction","target":{"@type":"EntryPoint","urlTemplate":"https:\/\/www.mexicanguitarplayers.com\/?s={search_term_string}"},"query-input":{"@type":"PropertyValueSpecification","valueRequired":true,"valueName":"search_term_string"}}],"inLanguage":"en-US"},{"@type":"Organization","@id":"https:\/\/www.mexicanguitarplayers.com\/#organization","name":"Mexican Guitar Players","url":"https:\/\/www.mexicanguitarplayers.com\/","logo":{"@type":"ImageObject","inLanguage":"en-US","@id":"https:\/\/www.mexicanguitarplayers.com\/#\/schema\/logo\/image\/","url":"","contentUrl":"","caption":"Mexican Guitar Players"},"image":{"@id":"https:\/\/www.mexicanguitarplayers.com\/#\/schema\/logo\/image\/"}}]}},"brands":[{"id":498,"name":"TURBO SOUND","slug":"turbosound"}],"_links":{"self":[{"href":"https:\/\/www.mexicanguitarplayers.com\/en\/wp-json\/wp\/v2\/product\/29756","targetHints":{"allow":["GET"]}}],"collection":[{"href":"https:\/\/www.mexicanguitarplayers.com\/en\/wp-json\/wp\/v2\/product"}],"about":[{"href":"https:\/\/www.mexicanguitarplayers.com\/en\/wp-json\/wp\/v2\/types\/product"}],"replies":[{"embeddable":true,"href":"https:\/\/www.mexicanguitarplayers.com\/en\/wp-json\/wp\/v2\/comments?post=29756"}],"wp:featuredmedia":[{"embeddable":true,"href":"https:\/\/www.mexicanguitarplayers.com\/en\/wp-json\/wp\/v2\/media\/29750"}],"wp:attachment":[{"href":"https:\/\/www.mexicanguitarplayers.com\/en\/wp-json\/wp\/v2\/media?parent=29756"}],"wp:term":[{"taxonomy":"pwb-brand","embeddable":true,"href":"https:\/\/www.mexicanguitarplayers.com\/en\/wp-json\/wp\/v2\/pwb-brand?post=29756"},{"taxonomy":"product_brand","embeddable":true,"href":"https:\/\/www.mexicanguitarplayers.com\/en\/wp-json\/wp\/v2\/product_brand?post=29756"},{"taxonomy":"product_cat","embeddable":true,"href":"https:\/\/www.mexicanguitarplayers.com\/en\/wp-json\/wp\/v2\/product_cat?post=29756"},{"taxonomy":"product_tag","embeddable":true,"href":"https:\/\/www.mexicanguitarplayers.com\/en\/wp-json\/wp\/v2\/product_tag?post=29756"}],"curies":[{"name":"wp","href":"https:\/\/api.w.org\/{rel}","templated":true}]}}