{"id":29817,"date":"2025-04-08T10:50:01","date_gmt":"2025-04-08T16:50:01","guid":{"rendered":"https:\/\/www.mexicanguitarplayers.com\/tienda\/sin categor\u00eda\/bafle-audiocenter-subwoofer-sw218estuche\/"},"modified":"2026-05-01T07:25:43","modified_gmt":"2026-05-01T13:25:43","slug":"bafle-audiocenter-subwoofer-sw218estuche","status":"publish","type":"product","link":"https:\/\/www.mexicanguitarplayers.com\/en\/tienda\/audio\/bafles-y-bocinas\/bafles\/bafles-pasivos\/bafle-audiocenter-subwoofer-sw218estuche\/","title":{"rendered":"BAFLE AUDIOCENTER SUBWOOFER SW218ESTUCHE"},"content":{"rendered":"<div style=\"text-align: justify\">\n<div>\n<h3>Los mejores sistemas de audio para cualquier aplicaci\u00f3n.<\/h3>\n<\/div>\n<div>El SW218 de Audiocenter es un subwoofer para reforzar los principales sistemas de PA, touring o instalaciones permanentes en escenarios grandes y medianos, shows en interiores o al aire libre, estadios, clubes nocturnos, casas de culto, auditorios y teatros. Este subwoofer cuenta con una potencia de 2400 watts RMS, 4000 watts programa y 9600 watts pico, respuesta de frecuencia de 30 Hz &#8211; 110 Hz, sensibilidad de 101 dB, SPL m\u00e1ximo de 135 continuos, 138 dB programa y 141 dB pico, filtro de paso alto de 33 Hz 24 dB\/oct BW  y pesa 80 kg. Esta versi\u00f3n incluye estuche.<\/div>\n<div>\n<h4>Quick look<\/h4>\n<\/div>\n<ul style=\"margin: 0px 0px 0px 25px\">\n<li style=\"list-style-type: circle;margin: 5px\">Power.<\/li>\n<li style=\"list-style-type: circle;margin: 5px\">Impedance.<\/li>\n<li style=\"list-style-type: circle;margin: 5px\">Respuesta de frecuencia (-6dB c\u00e1mara anec\u00f3ica).<\/li>\n<li style=\"list-style-type: circle;margin: 5px\">Sensitivity.<\/li>\n<li style=\"list-style-type: circle;margin: 5px\">SPL calculado.<\/li>\n<li style=\"list-style-type: circle;margin: 5px\">Filtro de paso alto.<\/li>\n<li style=\"list-style-type: circle;margin: 5px\">Unidad de baja frecuencia.<\/li>\n<li style=\"list-style-type: circle;margin: 5px\">Polo de montaje.<\/li>\n<li style=\"list-style-type: circle;margin: 5px\">Connectors.<\/li>\n<li style=\"list-style-type: circle;margin: 5px\">Gabinete.<\/li>\n<li style=\"list-style-type: circle;margin: 5px\">Terminado.<\/li>\n<li style=\"list-style-type: circle;margin: 5px\">Dimensions.<\/li>\n<li style=\"list-style-type: circle;margin: 5px\">Weight.<\/li>\n<\/ul>\n<div>\n<div style=\"font-weight: bold\">Power.<\/div>\n<div>\n<p>RMS: 2400 watts. Programa: 4000  watts. Pico: 9600 watts.<\/p>\n<\/div>\n<div style=\"font-weight: bold\">Impedance.<\/div>\n<div>\n<p>4 O.<\/p>\n<\/div>\n<div style=\"font-weight: bold\">Respuesta de frecuencia (-6dB c\u00e1mara anec\u00f3ica).<\/div>\n<div>\n<p>30 Hz &#8211; 110 Hz.<\/p>\n<\/div>\n<div style=\"font-weight: bold\">Sensitivity.<\/div>\n<div>\n<p>101 dB\/W\/m (40 &#8211; 150 Hz).<\/p>\n<\/div>\n<div style=\"font-weight: bold\">SPL calculado.<\/div>\n<div>\n<p>Continuo: 135 dB. Programa: 138 dB. Pico: 141 dB.<\/p>\n<\/div>\n<div style=\"font-weight: bold\">Filtro de paso alto.<\/div>\n<div>\n<p>33 Hz 24 dB\/oct BW.<\/p>\n<\/div>\n<div style=\"font-weight: bold\">Unidad de baja frecuencia.<\/div>\n<div>\n<p>Driver Beyma de 18&#8243; pulgadas con im\u00e1n de neodimio y bobina m\u00f3vil de 4&#8243; pulgadas.<\/p>\n<\/div>\n<div style=\"font-weight: bold\">Polo de montaje.<\/div>\n<div>\n<p>Agujero base de 35 mm de di\u00e1metro.<\/p>\n<\/div>\n<div style=\"font-weight: bold\">Connectors.<\/div>\n<div>\n<p>Heavy duty NEUTRIK Speakon NLT4M.<\/p>\n<\/div>\n<div style=\"font-weight: bold\">Gabinete.<\/div>\n<div>\n<p>Abedul contrachapado ruso de 24 mm fabricado por CNC.<\/p>\n<\/div>\n<div style=\"font-weight: bold\">Terminado.<\/div>\n<div>\n<p>Recubrimiento UltraTexTM franc\u00e9s, Emery en spray.<\/p>\n<\/div>\n<div style=\"font-weight: bold\">Dimensions.<\/div>\n<div>\n<p>1150 x 580 x 708 mm.<\/p>\n<\/div>\n<div style=\"font-weight: bold\">Weight.<\/div>\n<div>\n<p>80 kg.<\/p>\n<\/div>\n<\/div>\n<\/div>","protected":false},"excerpt":{"rendered":"<p>Subwoofer pasivo con impactantes graves de hasta 30 Hz, driver Beyma de neodimio de 18\u201d con bobina m\u00f3vil de 4\u201d, potencia RMS: 2400W, potencia programa: 4800W, potencia pico: 9600W, impedancia: 4 ohms, respuesta de frecuencia: 30 Hz &#8211; 450 Hz, sensibilidad: 101 dB, SPL 135 dB, conectores NEUTRIK Speakon NLT4MP, gabinete de madera contrachapada de abedul ruso de 24 mm, reducci\u00f3n de resonancia, superficie el\u00e1stica resistente a los ara\u00f1azos, incluye estuche, dimensiones: 1150 x 580 x 750 mm, peso: 80 kg.&hellip; <a class=\"kt-excerpt-readmore more-link\" href=\"https:\/\/www.mexicanguitarplayers.com\/en\/tienda\/audio\/bafles-y-bocinas\/bafles\/bafles-pasivos\/bafle-audiocenter-subwoofer-sw218estuche\/\">Read more<\/a><\/p>","protected":false},"featured_media":29813,"comment_status":"open","ping_status":"closed","template":"","meta":{"kt_blocks_editor_width":""},"pwb-brand":[525],"product_brand":[],"product_cat":[213,222,223,221],"product_tag":[],"class_list":{"0":"post-29817","1":"product","2":"type-product","3":"status-publish","4":"has-post-thumbnail","6":"pwb-brand-audiocenter","7":"product_cat-audio","8":"product_cat-bafles","9":"product_cat-bafles-pasivos","10":"product_cat-bafles-y-bocinas","12":"first","13":"instock","14":"taxable","15":"shipping-taxable","16":"purchasable","17":"product-type-simple"},"yoast_head":"<!-- This site is optimized with the Yoast SEO plugin v27.5 - https:\/\/yoast.com\/product\/yoast-seo-wordpress\/ -->\n<title>BAFLE AUDIOCENTER SUBWOOFER SW218ESTUCHE - Mexican Guitar Players<\/title>\n<meta name=\"description\" content=\"Subwoofer pasivo con impactantes graves de hasta 30 Hz, driver Beyma de neodimio de 18\u201d con bobina m\u00f3vil de 4\u201d, potencia RMS: 2400W, potencia programa: 4800W, potencia pico: 9600W, impedancia: 4 ohms, respuesta de frecuencia: 30 Hz - 450 Hz, sensibilidad: 101 dB, SPL 135 dB, conectores NEUTRIK Speakon NLT4MP, gabinete de madera contrachapada de abedul ruso de 24 mm, reducci\u00f3n de resonancia, superficie el\u00e1stica resistente a los ara\u00f1azos, incluye estuche, dimensiones: 1150 x 580 x 750 mm, peso: 80 kg.\" \/>\n<meta name=\"robots\" content=\"index, follow, max-snippet:-1, max-image-preview:large, max-video-preview:-1\" \/>\n<link rel=\"canonical\" href=\"https:\/\/www.mexicanguitarplayers.com\/en\/tienda\/sin%20categor\u00eda\/bafle-audiocenter-subwoofer-sw218estuche\/\" \/>\n<meta property=\"og:locale\" content=\"en_US\" \/>\n<meta property=\"og:type\" content=\"article\" \/>\n<meta property=\"og:title\" content=\"BAFLE AUDIOCENTER SUBWOOFER SW218ESTUCHE - Mexican Guitar Players\" \/>\n<meta property=\"og:description\" content=\"Subwoofer pasivo con impactantes graves de hasta 30 Hz, driver Beyma de neodimio de 18\u201d con bobina m\u00f3vil de 4\u201d, potencia RMS: 2400W, potencia programa: 4800W, potencia pico: 9600W, impedancia: 4 ohms, respuesta de frecuencia: 30 Hz - 450 Hz, sensibilidad: 101 dB, SPL 135 dB, conectores NEUTRIK Speakon NLT4MP, gabinete de madera contrachapada de abedul ruso de 24 mm, reducci\u00f3n de resonancia, superficie el\u00e1stica resistente a los ara\u00f1azos, incluye estuche, dimensiones: 1150 x 580 x 750 mm, peso: 80 kg.\" \/>\n<meta property=\"og:url\" content=\"https:\/\/www.mexicanguitarplayers.com\/en\/tienda\/sin categor\u00eda\/bafle-audiocenter-subwoofer-sw218estuche\/\" \/>\n<meta property=\"og:site_name\" content=\"Mexican Guitar Players\" \/>\n<meta property=\"article:modified_time\" content=\"2026-05-01T13:25:43+00:00\" \/>\n<meta name=\"twitter:card\" content=\"summary_large_image\" \/>\n<meta name=\"twitter:label1\" content=\"Est. reading time\" \/>\n\t<meta name=\"twitter:data1\" content=\"1 minute\" \/>\n<script type=\"application\/ld+json\" class=\"yoast-schema-graph\">{\"@context\":\"https:\\\/\\\/schema.org\",\"@graph\":[{\"@type\":[\"WebPage\",\"ItemPage\"],\"@id\":\"https:\\\/\\\/www.mexicanguitarplayers.com\\\/tienda\\\/sin categor\u00eda\\\/bafle-audiocenter-subwoofer-sw218estuche\\\/\",\"url\":\"https:\\\/\\\/www.mexicanguitarplayers.com\\\/tienda\\\/sin categor\u00eda\\\/bafle-audiocenter-subwoofer-sw218estuche\\\/\",\"name\":\"BAFLE AUDIOCENTER SUBWOOFER SW218ESTUCHE - Mexican Guitar Players\",\"isPartOf\":{\"@id\":\"https:\\\/\\\/www.mexicanguitarplayers.com\\\/#website\"},\"primaryImageOfPage\":{\"@id\":\"https:\\\/\\\/www.mexicanguitarplayers.com\\\/tienda\\\/sin categor\u00eda\\\/bafle-audiocenter-subwoofer-sw218estuche\\\/#primaryimage\"},\"image\":{\"@id\":\"https:\\\/\\\/www.mexicanguitarplayers.com\\\/tienda\\\/sin categor\u00eda\\\/bafle-audiocenter-subwoofer-sw218estuche\\\/#primaryimage\"},\"thumbnailUrl\":\"https:\\\/\\\/www.mexicanguitarplayers.com\\\/wp-content\\\/uploads\\\/2025\\\/04\\\/IAACTSW218EST.jpg\",\"datePublished\":\"2025-04-08T16:50:01+00:00\",\"dateModified\":\"2026-05-01T13:25:43+00:00\",\"description\":\"Subwoofer pasivo con impactantes graves de hasta 30 Hz, driver Beyma de neodimio de 18\u201d con bobina m\u00f3vil de 4\u201d, potencia RMS: 2400W, potencia programa: 4800W, potencia pico: 9600W, impedancia: 4 ohms, respuesta de frecuencia: 30 Hz - 450 Hz, sensibilidad: 101 dB, SPL 135 dB, conectores NEUTRIK Speakon NLT4MP, gabinete de madera contrachapada de abedul ruso de 24 mm, reducci\u00f3n de resonancia, superficie el\u00e1stica resistente a los ara\u00f1azos, incluye estuche, dimensiones: 1150 x 580 x 750 mm, peso: 80 kg.\",\"breadcrumb\":{\"@id\":\"https:\\\/\\\/www.mexicanguitarplayers.com\\\/tienda\\\/sin categor\u00eda\\\/bafle-audiocenter-subwoofer-sw218estuche\\\/#breadcrumb\"},\"inLanguage\":\"en-US\",\"potentialAction\":[{\"@type\":\"ReadAction\",\"target\":[\"https:\\\/\\\/www.mexicanguitarplayers.com\\\/tienda\\\/sin categor\u00eda\\\/bafle-audiocenter-subwoofer-sw218estuche\\\/\"]}]},{\"@type\":\"ImageObject\",\"inLanguage\":\"en-US\",\"@id\":\"https:\\\/\\\/www.mexicanguitarplayers.com\\\/tienda\\\/sin categor\u00eda\\\/bafle-audiocenter-subwoofer-sw218estuche\\\/#primaryimage\",\"url\":\"https:\\\/\\\/www.mexicanguitarplayers.com\\\/wp-content\\\/uploads\\\/2025\\\/04\\\/IAACTSW218EST.jpg\",\"contentUrl\":\"https:\\\/\\\/www.mexicanguitarplayers.com\\\/wp-content\\\/uploads\\\/2025\\\/04\\\/IAACTSW218EST.jpg\",\"width\":1200,\"height\":1200},{\"@type\":\"BreadcrumbList\",\"@id\":\"https:\\\/\\\/www.mexicanguitarplayers.com\\\/tienda\\\/sin categor\u00eda\\\/bafle-audiocenter-subwoofer-sw218estuche\\\/#breadcrumb\",\"itemListElement\":[{\"@type\":\"ListItem\",\"position\":1,\"name\":\"Portada\",\"item\":\"https:\\\/\\\/www.mexicanguitarplayers.com\\\/\"},{\"@type\":\"ListItem\",\"position\":2,\"name\":\"Tienda\",\"item\":\"https:\\\/\\\/www.mexicanguitarplayers.com\\\/tienda\\\/\"},{\"@type\":\"ListItem\",\"position\":3,\"name\":\"BAFLE AUDIOCENTER SUBWOOFER SW218ESTUCHE\"}]},{\"@type\":\"WebSite\",\"@id\":\"https:\\\/\\\/www.mexicanguitarplayers.com\\\/#website\",\"url\":\"https:\\\/\\\/www.mexicanguitarplayers.com\\\/\",\"name\":\"Mexican Guitar Players\",\"description\":\"Website\",\"publisher\":{\"@id\":\"https:\\\/\\\/www.mexicanguitarplayers.com\\\/#organization\"},\"potentialAction\":[{\"@type\":\"SearchAction\",\"target\":{\"@type\":\"EntryPoint\",\"urlTemplate\":\"https:\\\/\\\/www.mexicanguitarplayers.com\\\/?s={search_term_string}\"},\"query-input\":{\"@type\":\"PropertyValueSpecification\",\"valueRequired\":true,\"valueName\":\"search_term_string\"}}],\"inLanguage\":\"en-US\"},{\"@type\":\"Organization\",\"@id\":\"https:\\\/\\\/www.mexicanguitarplayers.com\\\/#organization\",\"name\":\"Mexican Guitar Players\",\"url\":\"https:\\\/\\\/www.mexicanguitarplayers.com\\\/\",\"logo\":{\"@type\":\"ImageObject\",\"inLanguage\":\"en-US\",\"@id\":\"https:\\\/\\\/www.mexicanguitarplayers.com\\\/#\\\/schema\\\/logo\\\/image\\\/\",\"url\":\"\",\"contentUrl\":\"\",\"caption\":\"Mexican Guitar Players\"},\"image\":{\"@id\":\"https:\\\/\\\/www.mexicanguitarplayers.com\\\/#\\\/schema\\\/logo\\\/image\\\/\"}}]}<\/script>\n<!-- \/ Yoast SEO plugin. -->","yoast_head_json":{"title":"BAFLE AUDIOCENTER SUBWOOFER SW218ESTUCHE - Mexican Guitar Players","description":"Subwoofer pasivo con impactantes graves de hasta 30 Hz, driver Beyma de neodimio de 18\u201d con bobina m\u00f3vil de 4\u201d, potencia RMS: 2400W, potencia programa: 4800W, potencia pico: 9600W, impedancia: 4 ohms, respuesta de frecuencia: 30 Hz - 450 Hz, sensibilidad: 101 dB, SPL 135 dB, conectores NEUTRIK Speakon NLT4MP, gabinete de madera contrachapada de abedul ruso de 24 mm, reducci\u00f3n de resonancia, superficie el\u00e1stica resistente a los ara\u00f1azos, incluye estuche, dimensiones: 1150 x 580 x 750 mm, peso: 80 kg.","robots":{"index":"index","follow":"follow","max-snippet":"max-snippet:-1","max-image-preview":"max-image-preview:large","max-video-preview":"max-video-preview:-1"},"canonical":"https:\/\/www.mexicanguitarplayers.com\/en\/tienda\/sin categor\u00eda\/bafle-audiocenter-subwoofer-sw218estuche\/","og_locale":"en_US","og_type":"article","og_title":"BAFLE AUDIOCENTER SUBWOOFER SW218ESTUCHE - Mexican Guitar Players","og_description":"Subwoofer pasivo con impactantes graves de hasta 30 Hz, driver Beyma de neodimio de 18\u201d con bobina m\u00f3vil de 4\u201d, potencia RMS: 2400W, potencia programa: 4800W, potencia pico: 9600W, impedancia: 4 ohms, respuesta de frecuencia: 30 Hz - 450 Hz, sensibilidad: 101 dB, SPL 135 dB, conectores NEUTRIK Speakon NLT4MP, gabinete de madera contrachapada de abedul ruso de 24 mm, reducci\u00f3n de resonancia, superficie el\u00e1stica resistente a los ara\u00f1azos, incluye estuche, dimensiones: 1150 x 580 x 750 mm, peso: 80 kg.","og_url":"https:\/\/www.mexicanguitarplayers.com\/en\/tienda\/sin categor\u00eda\/bafle-audiocenter-subwoofer-sw218estuche\/","og_site_name":"Mexican Guitar Players","article_modified_time":"2026-05-01T13:25:43+00:00","twitter_card":"summary_large_image","twitter_misc":{"Est. reading time":"1 minute"},"schema":{"@context":"https:\/\/schema.org","@graph":[{"@type":["WebPage","ItemPage"],"@id":"https:\/\/www.mexicanguitarplayers.com\/tienda\/sin categor\u00eda\/bafle-audiocenter-subwoofer-sw218estuche\/","url":"https:\/\/www.mexicanguitarplayers.com\/tienda\/sin categor\u00eda\/bafle-audiocenter-subwoofer-sw218estuche\/","name":"BAFLE AUDIOCENTER SUBWOOFER SW218ESTUCHE - Mexican Guitar Players","isPartOf":{"@id":"https:\/\/www.mexicanguitarplayers.com\/#website"},"primaryImageOfPage":{"@id":"https:\/\/www.mexicanguitarplayers.com\/tienda\/sin categor\u00eda\/bafle-audiocenter-subwoofer-sw218estuche\/#primaryimage"},"image":{"@id":"https:\/\/www.mexicanguitarplayers.com\/tienda\/sin categor\u00eda\/bafle-audiocenter-subwoofer-sw218estuche\/#primaryimage"},"thumbnailUrl":"https:\/\/www.mexicanguitarplayers.com\/wp-content\/uploads\/2025\/04\/IAACTSW218EST.jpg","datePublished":"2025-04-08T16:50:01+00:00","dateModified":"2026-05-01T13:25:43+00:00","description":"Subwoofer pasivo con impactantes graves de hasta 30 Hz, driver Beyma de neodimio de 18\u201d con bobina m\u00f3vil de 4\u201d, potencia RMS: 2400W, potencia programa: 4800W, potencia pico: 9600W, impedancia: 4 ohms, respuesta de frecuencia: 30 Hz - 450 Hz, sensibilidad: 101 dB, SPL 135 dB, conectores NEUTRIK Speakon NLT4MP, gabinete de madera contrachapada de abedul ruso de 24 mm, reducci\u00f3n de resonancia, superficie el\u00e1stica resistente a los ara\u00f1azos, incluye estuche, dimensiones: 1150 x 580 x 750 mm, peso: 80 kg.","breadcrumb":{"@id":"https:\/\/www.mexicanguitarplayers.com\/tienda\/sin categor\u00eda\/bafle-audiocenter-subwoofer-sw218estuche\/#breadcrumb"},"inLanguage":"en-US","potentialAction":[{"@type":"ReadAction","target":["https:\/\/www.mexicanguitarplayers.com\/tienda\/sin categor\u00eda\/bafle-audiocenter-subwoofer-sw218estuche\/"]}]},{"@type":"ImageObject","inLanguage":"en-US","@id":"https:\/\/www.mexicanguitarplayers.com\/tienda\/sin categor\u00eda\/bafle-audiocenter-subwoofer-sw218estuche\/#primaryimage","url":"https:\/\/www.mexicanguitarplayers.com\/wp-content\/uploads\/2025\/04\/IAACTSW218EST.jpg","contentUrl":"https:\/\/www.mexicanguitarplayers.com\/wp-content\/uploads\/2025\/04\/IAACTSW218EST.jpg","width":1200,"height":1200},{"@type":"BreadcrumbList","@id":"https:\/\/www.mexicanguitarplayers.com\/tienda\/sin categor\u00eda\/bafle-audiocenter-subwoofer-sw218estuche\/#breadcrumb","itemListElement":[{"@type":"ListItem","position":1,"name":"Portada","item":"https:\/\/www.mexicanguitarplayers.com\/"},{"@type":"ListItem","position":2,"name":"Tienda","item":"https:\/\/www.mexicanguitarplayers.com\/tienda\/"},{"@type":"ListItem","position":3,"name":"BAFLE AUDIOCENTER SUBWOOFER SW218ESTUCHE"}]},{"@type":"WebSite","@id":"https:\/\/www.mexicanguitarplayers.com\/#website","url":"https:\/\/www.mexicanguitarplayers.com\/","name":"Mexican Guitar Players","description":"Website","publisher":{"@id":"https:\/\/www.mexicanguitarplayers.com\/#organization"},"potentialAction":[{"@type":"SearchAction","target":{"@type":"EntryPoint","urlTemplate":"https:\/\/www.mexicanguitarplayers.com\/?s={search_term_string}"},"query-input":{"@type":"PropertyValueSpecification","valueRequired":true,"valueName":"search_term_string"}}],"inLanguage":"en-US"},{"@type":"Organization","@id":"https:\/\/www.mexicanguitarplayers.com\/#organization","name":"Mexican Guitar Players","url":"https:\/\/www.mexicanguitarplayers.com\/","logo":{"@type":"ImageObject","inLanguage":"en-US","@id":"https:\/\/www.mexicanguitarplayers.com\/#\/schema\/logo\/image\/","url":"","contentUrl":"","caption":"Mexican Guitar Players"},"image":{"@id":"https:\/\/www.mexicanguitarplayers.com\/#\/schema\/logo\/image\/"}}]}},"brands":[{"id":525,"name":"AUDIOCENTER","slug":"audiocenter"}],"_links":{"self":[{"href":"https:\/\/www.mexicanguitarplayers.com\/en\/wp-json\/wp\/v2\/product\/29817","targetHints":{"allow":["GET"]}}],"collection":[{"href":"https:\/\/www.mexicanguitarplayers.com\/en\/wp-json\/wp\/v2\/product"}],"about":[{"href":"https:\/\/www.mexicanguitarplayers.com\/en\/wp-json\/wp\/v2\/types\/product"}],"replies":[{"embeddable":true,"href":"https:\/\/www.mexicanguitarplayers.com\/en\/wp-json\/wp\/v2\/comments?post=29817"}],"wp:featuredmedia":[{"embeddable":true,"href":"https:\/\/www.mexicanguitarplayers.com\/en\/wp-json\/wp\/v2\/media\/29813"}],"wp:attachment":[{"href":"https:\/\/www.mexicanguitarplayers.com\/en\/wp-json\/wp\/v2\/media?parent=29817"}],"wp:term":[{"taxonomy":"pwb-brand","embeddable":true,"href":"https:\/\/www.mexicanguitarplayers.com\/en\/wp-json\/wp\/v2\/pwb-brand?post=29817"},{"taxonomy":"product_brand","embeddable":true,"href":"https:\/\/www.mexicanguitarplayers.com\/en\/wp-json\/wp\/v2\/product_brand?post=29817"},{"taxonomy":"product_cat","embeddable":true,"href":"https:\/\/www.mexicanguitarplayers.com\/en\/wp-json\/wp\/v2\/product_cat?post=29817"},{"taxonomy":"product_tag","embeddable":true,"href":"https:\/\/www.mexicanguitarplayers.com\/en\/wp-json\/wp\/v2\/product_tag?post=29817"}],"curies":[{"name":"wp","href":"https:\/\/api.w.org\/{rel}","templated":true}]}}