{"id":29840,"date":"2025-04-08T10:50:38","date_gmt":"2025-04-08T16:50:38","guid":{"rendered":"https:\/\/www.mexicanguitarplayers.com\/tienda\/sin categor\u00eda\/interfaz-source-audio-neuro-hub-v1\/"},"modified":"2026-04-10T04:38:04","modified_gmt":"2026-04-10T10:38:04","slug":"interfaz-source-audio-neuro-hub-v1","status":"publish","type":"product","link":"https:\/\/www.mexicanguitarplayers.com\/en\/tienda\/audio\/interfaces\/interfaz-source-audio-neuro-hub-v1\/","title":{"rendered":"INTERFAZ SOURCE AUDIO NEURO HUB V1"},"content":{"rendered":"<div style=\"text-align: justify\">\n<div>\n<h3>Control de m\u00faltiples pedales.<\/h3>\n<\/div>\n<div>El Neuro Hub v1 une todos tus pedales One Series y Soundblox 2 en un sistema completamente integrado de pedales m\u00faltiples. Esta innovadora tecnolog\u00eda de efecto introduce la nueva funci\u00f3n de guardado de escenas a Source Audio, permitiendo la creaci\u00f3n de hasta 2128 preajustes de un solo pedal o m\u00faltiples pedales (es decir, \u201cescenas\u201d), cada una de las cuales puede ser recuperada a trav\u00e9s de mensajes de cambio de programa MIDI. Simplemente marca efectos en tu One Series y Soundblox 2 como lo har\u00edas con cualquier pedalboard totalmente cargado, pulsando SAVE en el hub y tus ajustes de pedal ser capturar\u00e1n. Disfruta del poder del llamado de escenas de un solo paso pero sin el dolor de cabeza de lo complicado de los procesadores multiefectos. Las conexiones de hub, incluyen MIDI IN\/OUT\/THRU est\u00e1ndar de 5 pines, entrada \u201cTRS\u201d de pedal de expresi\u00f3n, una entrada de sensor Hot Hand, puerto mini USB y 5 salidas multi funci\u00f3n. Conecta el pedal Dual Expression, el Reflex Universal Expression Pedal o el controlador Hot Hand 3 Wireless a cualquier pedal en tu pedalera. Cada escena puede contener cualquier n\u00famero de configuraciones de control externo, incluyendo Hot Hand simult\u00e1neos y control de pedal de expresi\u00f3n de m\u00faltiples par\u00e1metros en m\u00faltiples pedales.<\/div>\n<div>\n<h4>Characteristics<\/h4>\n<\/div>\n<div>\n<ul style=\"margin: 0px 0px 0px 25px\">\n<li style=\"list-style-type: circle;margin: 5px\">MIDI IN\/OUT\/THRU est\u00e1ndar de 5 pines.<\/li>\n<li style=\"list-style-type: circle;margin: 5px\">Entrada pasiva de pedal de expresi\u00f3n y sensor de entrada Hot Hand.<\/li>\n<li style=\"list-style-type: circle;margin: 5px\">Conecta hasta 5 pedales One Series y Soundbox 2 por medio de los puertos multi funci\u00f3n.<\/li>\n<li style=\"list-style-type: circle;margin: 5px\">Guarda y llama hasta 128 escenas multi pedal por medio de cambio de programas MIDI.<\/li>\n<li style=\"list-style-type: circle;margin: 5px\">Accesa, edita y guarda preajustes de y escenas de pedal por medio del puerto USB en Mac o PC.<\/li>\n<li style=\"list-style-type: circle;margin: 5px\">Compatible (sin guardado de escenas) con Soundblox 1 and Soundblox Pro.<\/li>\n<li style=\"list-style-type: circle;margin: 5px\">Requerimientos de energ\u00eda: 9v DC (hasta 80 mA con accesorios Hot Hand).<\/li>\n<li style=\"list-style-type: circle;margin: 5px\">Dimensiones del plug de energ\u00eda: 2.1 mm (di\u00e1metro interior), 5.5 mm (di\u00e1metro exterior).<\/li>\n<li style=\"list-style-type: circle;margin: 5px\">Entrada de pedal de expresi\u00f3n: Jack \u00bc\u201d est\u00e9reo, resistencia de 10-50 kilo-ohms, tipo Linear.<\/li>\n<li style=\"list-style-type: circle;margin: 5px\">Conector multi funci\u00f3n: 4 conductores, plug 3.5 mm.<\/li>\n<li style=\"list-style-type: circle;margin: 5px\">Requerimientos del sistema: Windows Vista, 7, 8, 8.1 y 10, Mac: 10.7, 10.8, 10.9, 10.10, 10.11.<\/li>\n<li style=\"list-style-type: circle;margin: 5px\">Peso: 0.17 kg.<\/li>\n<li style=\"list-style-type: circle;margin: 5px\">Dimensiones: 96.5 x 53.3 x 35.5 mm.<\/li>\n<\/ul>\n<\/div>\n<\/div>","protected":false},"excerpt":{"rendered":"<p>Interfaz Neuro Hub v1, une todos tus pedales One Series y Soundblox 2 en un sistema completamente integrado de pedales m\u00faltiples, nueva funci\u00f3n de guardado de escenas, permite la creaci\u00f3n de hasta 128 preajustes de un solo pedal o m\u00faltiples pedales (es decir, \u201cescenas\u201d), cada una de las cuales puede ser recuperada a trav\u00e9s de mensajes de cambio de programa MIDI, conector MIDI IN\/OUT\/THRU est\u00e1ndar de 5 pines, entrada pasiva de pedal de expresi\u00f3n y sensor de entrada Hot Hand, conecta hasta 5 pedales One Series y Soundbox 2 por medio de los puertos multi funci\u00f3n, guarda y llama hasta 128 escenas multi pedal por medio de cambio de programas MIDI, accede, edita y guarda preajustes de y escenas de pedal por medio del puerto USB en Mac o PC, compatible (sin guardado de escenas) con Soundblox 1 and Soundblox Pro, energ\u00eda: 9V DC (hasta 80 mA con accesorios Hot Hand), conector multi funci\u00f3n: 4 conductores, plug 3.5 mm, peso: 0.17 kg, dimensiones: 96.5 x 53.3 x 35.5 mm.&hellip; <a class=\"kt-excerpt-readmore more-link\" href=\"https:\/\/www.mexicanguitarplayers.com\/en\/tienda\/audio\/interfaces\/interfaz-source-audio-neuro-hub-v1\/\">Read more<\/a><\/p>","protected":false},"featured_media":29837,"comment_status":"open","ping_status":"closed","template":"","meta":{"kt_blocks_editor_width":""},"pwb-brand":[608],"product_brand":[],"product_cat":[213,233],"product_tag":[],"class_list":{"0":"post-29840","1":"product","2":"type-product","3":"status-publish","4":"has-post-thumbnail","6":"pwb-brand-source-audio","7":"product_cat-audio","8":"product_cat-interfaces","9":"product_shipping_class-0-5-kg","11":"first","12":"outofstock","13":"taxable","14":"shipping-taxable","15":"purchasable","16":"product-type-simple"},"yoast_head":"<!-- This site is optimized with the Yoast SEO plugin v27.5 - https:\/\/yoast.com\/product\/yoast-seo-wordpress\/ -->\n<title>INTERFAZ SOURCE AUDIO NEURO HUB V1 - Mexican Guitar Players<\/title>\n<meta name=\"description\" content=\"Interfaz Neuro Hub v1, une todos tus pedales One Series y Soundblox 2 en un sistema completamente integrado de pedales m\u00faltiples, nueva funci\u00f3n de guardado de escenas, permite la creaci\u00f3n de hasta 128 preajustes de un solo pedal o m\u00faltiples pedales (es decir, \u201cescenas\u201d), cada una de las cuales puede ser recuperada a trav\u00e9s de mensajes de cambio de programa MIDI, conector MIDI IN\/OUT\/THRU est\u00e1ndar de 5 pines, entrada pasiva de pedal de expresi\u00f3n y sensor de entrada Hot Hand, conecta hasta 5 pedales One Series y Soundbox 2 por medio de los puertos multi funci\u00f3n, guarda y llama hasta 128 escenas multi pedal por medio de cambio de programas MIDI, accede, edita y guarda preajustes de y escenas de pedal por medio del puerto USB en Mac o PC, compatible (sin guardado de escenas) con Soundblox 1 and Soundblox Pro, energ\u00eda: 9V DC (hasta 80 mA con accesorios Hot Hand), conector multi funci\u00f3n: 4 conductores, plug 3.5 mm, peso: 0.17 kg, dimensiones: 96.5 x 53.3 x 35.5 mm.\" \/>\n<meta name=\"robots\" content=\"index, follow, max-snippet:-1, max-image-preview:large, max-video-preview:-1\" \/>\n<link rel=\"canonical\" href=\"https:\/\/www.mexicanguitarplayers.com\/en\/tienda\/sin%20categor\u00eda\/interfaz-source-audio-neuro-hub-v1\/\" \/>\n<meta property=\"og:locale\" content=\"en_US\" \/>\n<meta property=\"og:type\" content=\"article\" \/>\n<meta property=\"og:title\" content=\"INTERFAZ SOURCE AUDIO NEURO HUB V1 - Mexican Guitar Players\" \/>\n<meta property=\"og:description\" content=\"Interfaz Neuro Hub v1, une todos tus pedales One Series y Soundblox 2 en un sistema completamente integrado de pedales m\u00faltiples, nueva funci\u00f3n de guardado de escenas, permite la creaci\u00f3n de hasta 128 preajustes de un solo pedal o m\u00faltiples pedales (es decir, \u201cescenas\u201d), cada una de las cuales puede ser recuperada a trav\u00e9s de mensajes de cambio de programa MIDI, conector MIDI IN\/OUT\/THRU est\u00e1ndar de 5 pines, entrada pasiva de pedal de expresi\u00f3n y sensor de entrada Hot Hand, conecta hasta 5 pedales One Series y Soundbox 2 por medio de los puertos multi funci\u00f3n, guarda y llama hasta 128 escenas multi pedal por medio de cambio de programas MIDI, accede, edita y guarda preajustes de y escenas de pedal por medio del puerto USB en Mac o PC, compatible (sin guardado de escenas) con Soundblox 1 and Soundblox Pro, energ\u00eda: 9V DC (hasta 80 mA con accesorios Hot Hand), conector multi funci\u00f3n: 4 conductores, plug 3.5 mm, peso: 0.17 kg, dimensiones: 96.5 x 53.3 x 35.5 mm.\" \/>\n<meta property=\"og:url\" content=\"https:\/\/www.mexicanguitarplayers.com\/en\/tienda\/sin categor\u00eda\/interfaz-source-audio-neuro-hub-v1\/\" \/>\n<meta property=\"og:site_name\" content=\"Mexican Guitar Players\" \/>\n<meta property=\"article:modified_time\" content=\"2026-04-10T10:38:04+00:00\" \/>\n<meta name=\"twitter:card\" content=\"summary_large_image\" \/>\n<meta name=\"twitter:label1\" content=\"Est. reading time\" \/>\n\t<meta name=\"twitter:data1\" content=\"2 minutes\" \/>\n<script type=\"application\/ld+json\" class=\"yoast-schema-graph\">{\"@context\":\"https:\\\/\\\/schema.org\",\"@graph\":[{\"@type\":[\"WebPage\",\"ItemPage\"],\"@id\":\"https:\\\/\\\/www.mexicanguitarplayers.com\\\/tienda\\\/sin categor\u00eda\\\/interfaz-source-audio-neuro-hub-v1\\\/\",\"url\":\"https:\\\/\\\/www.mexicanguitarplayers.com\\\/tienda\\\/sin categor\u00eda\\\/interfaz-source-audio-neuro-hub-v1\\\/\",\"name\":\"INTERFAZ SOURCE AUDIO NEURO HUB V1 - Mexican Guitar Players\",\"isPartOf\":{\"@id\":\"https:\\\/\\\/www.mexicanguitarplayers.com\\\/#website\"},\"primaryImageOfPage\":{\"@id\":\"https:\\\/\\\/www.mexicanguitarplayers.com\\\/tienda\\\/sin categor\u00eda\\\/interfaz-source-audio-neuro-hub-v1\\\/#primaryimage\"},\"image\":{\"@id\":\"https:\\\/\\\/www.mexicanguitarplayers.com\\\/tienda\\\/sin categor\u00eda\\\/interfaz-source-audio-neuro-hub-v1\\\/#primaryimage\"},\"thumbnailUrl\":\"https:\\\/\\\/www.mexicanguitarplayers.com\\\/wp-content\\\/uploads\\\/2025\\\/04\\\/IASIOSA164.jpg\",\"datePublished\":\"2025-04-08T16:50:38+00:00\",\"dateModified\":\"2026-04-10T10:38:04+00:00\",\"description\":\"Interfaz Neuro Hub v1, une todos tus pedales One Series y Soundblox 2 en un sistema completamente integrado de pedales m\u00faltiples, nueva funci\u00f3n de guardado de escenas, permite la creaci\u00f3n de hasta 128 preajustes de un solo pedal o m\u00faltiples pedales (es decir, \u201cescenas\u201d), cada una de las cuales puede ser recuperada a trav\u00e9s de mensajes de cambio de programa MIDI, conector MIDI IN\\\/OUT\\\/THRU est\u00e1ndar de 5 pines, entrada pasiva de pedal de expresi\u00f3n y sensor de entrada Hot Hand, conecta hasta 5 pedales One Series y Soundbox 2 por medio de los puertos multi funci\u00f3n, guarda y llama hasta 128 escenas multi pedal por medio de cambio de programas MIDI, accede, edita y guarda preajustes de y escenas de pedal por medio del puerto USB en Mac o PC, compatible (sin guardado de escenas) con Soundblox 1 and Soundblox Pro, energ\u00eda: 9V DC (hasta 80 mA con accesorios Hot Hand), conector multi funci\u00f3n: 4 conductores, plug 3.5 mm, peso: 0.17 kg, dimensiones: 96.5 x 53.3 x 35.5 mm.\",\"breadcrumb\":{\"@id\":\"https:\\\/\\\/www.mexicanguitarplayers.com\\\/tienda\\\/sin categor\u00eda\\\/interfaz-source-audio-neuro-hub-v1\\\/#breadcrumb\"},\"inLanguage\":\"en-US\",\"potentialAction\":[{\"@type\":\"ReadAction\",\"target\":[\"https:\\\/\\\/www.mexicanguitarplayers.com\\\/tienda\\\/sin categor\u00eda\\\/interfaz-source-audio-neuro-hub-v1\\\/\"]}]},{\"@type\":\"ImageObject\",\"inLanguage\":\"en-US\",\"@id\":\"https:\\\/\\\/www.mexicanguitarplayers.com\\\/tienda\\\/sin categor\u00eda\\\/interfaz-source-audio-neuro-hub-v1\\\/#primaryimage\",\"url\":\"https:\\\/\\\/www.mexicanguitarplayers.com\\\/wp-content\\\/uploads\\\/2025\\\/04\\\/IASIOSA164.jpg\",\"contentUrl\":\"https:\\\/\\\/www.mexicanguitarplayers.com\\\/wp-content\\\/uploads\\\/2025\\\/04\\\/IASIOSA164.jpg\",\"width\":1200,\"height\":1200},{\"@type\":\"BreadcrumbList\",\"@id\":\"https:\\\/\\\/www.mexicanguitarplayers.com\\\/tienda\\\/sin categor\u00eda\\\/interfaz-source-audio-neuro-hub-v1\\\/#breadcrumb\",\"itemListElement\":[{\"@type\":\"ListItem\",\"position\":1,\"name\":\"Portada\",\"item\":\"https:\\\/\\\/www.mexicanguitarplayers.com\\\/\"},{\"@type\":\"ListItem\",\"position\":2,\"name\":\"Tienda\",\"item\":\"https:\\\/\\\/www.mexicanguitarplayers.com\\\/tienda\\\/\"},{\"@type\":\"ListItem\",\"position\":3,\"name\":\"INTERFAZ SOURCE AUDIO NEURO HUB V1\"}]},{\"@type\":\"WebSite\",\"@id\":\"https:\\\/\\\/www.mexicanguitarplayers.com\\\/#website\",\"url\":\"https:\\\/\\\/www.mexicanguitarplayers.com\\\/\",\"name\":\"Mexican Guitar Players\",\"description\":\"Website\",\"publisher\":{\"@id\":\"https:\\\/\\\/www.mexicanguitarplayers.com\\\/#organization\"},\"potentialAction\":[{\"@type\":\"SearchAction\",\"target\":{\"@type\":\"EntryPoint\",\"urlTemplate\":\"https:\\\/\\\/www.mexicanguitarplayers.com\\\/?s={search_term_string}\"},\"query-input\":{\"@type\":\"PropertyValueSpecification\",\"valueRequired\":true,\"valueName\":\"search_term_string\"}}],\"inLanguage\":\"en-US\"},{\"@type\":\"Organization\",\"@id\":\"https:\\\/\\\/www.mexicanguitarplayers.com\\\/#organization\",\"name\":\"Mexican Guitar Players\",\"url\":\"https:\\\/\\\/www.mexicanguitarplayers.com\\\/\",\"logo\":{\"@type\":\"ImageObject\",\"inLanguage\":\"en-US\",\"@id\":\"https:\\\/\\\/www.mexicanguitarplayers.com\\\/#\\\/schema\\\/logo\\\/image\\\/\",\"url\":\"\",\"contentUrl\":\"\",\"caption\":\"Mexican Guitar Players\"},\"image\":{\"@id\":\"https:\\\/\\\/www.mexicanguitarplayers.com\\\/#\\\/schema\\\/logo\\\/image\\\/\"}}]}<\/script>\n<!-- \/ Yoast SEO plugin. -->","yoast_head_json":{"title":"INTERFAZ SOURCE AUDIO NEURO HUB V1 - Mexican Guitar Players","description":"Interfaz Neuro Hub v1, une todos tus pedales One Series y Soundblox 2 en un sistema completamente integrado de pedales m\u00faltiples, nueva funci\u00f3n de guardado de escenas, permite la creaci\u00f3n de hasta 128 preajustes de un solo pedal o m\u00faltiples pedales (es decir, \u201cescenas\u201d), cada una de las cuales puede ser recuperada a trav\u00e9s de mensajes de cambio de programa MIDI, conector MIDI IN\/OUT\/THRU est\u00e1ndar de 5 pines, entrada pasiva de pedal de expresi\u00f3n y sensor de entrada Hot Hand, conecta hasta 5 pedales One Series y Soundbox 2 por medio de los puertos multi funci\u00f3n, guarda y llama hasta 128 escenas multi pedal por medio de cambio de programas MIDI, accede, edita y guarda preajustes de y escenas de pedal por medio del puerto USB en Mac o PC, compatible (sin guardado de escenas) con Soundblox 1 and Soundblox Pro, energ\u00eda: 9V DC (hasta 80 mA con accesorios Hot Hand), conector multi funci\u00f3n: 4 conductores, plug 3.5 mm, peso: 0.17 kg, dimensiones: 96.5 x 53.3 x 35.5 mm.","robots":{"index":"index","follow":"follow","max-snippet":"max-snippet:-1","max-image-preview":"max-image-preview:large","max-video-preview":"max-video-preview:-1"},"canonical":"https:\/\/www.mexicanguitarplayers.com\/en\/tienda\/sin categor\u00eda\/interfaz-source-audio-neuro-hub-v1\/","og_locale":"en_US","og_type":"article","og_title":"INTERFAZ SOURCE AUDIO NEURO HUB V1 - Mexican Guitar Players","og_description":"Interfaz Neuro Hub v1, une todos tus pedales One Series y Soundblox 2 en un sistema completamente integrado de pedales m\u00faltiples, nueva funci\u00f3n de guardado de escenas, permite la creaci\u00f3n de hasta 128 preajustes de un solo pedal o m\u00faltiples pedales (es decir, \u201cescenas\u201d), cada una de las cuales puede ser recuperada a trav\u00e9s de mensajes de cambio de programa MIDI, conector MIDI IN\/OUT\/THRU est\u00e1ndar de 5 pines, entrada pasiva de pedal de expresi\u00f3n y sensor de entrada Hot Hand, conecta hasta 5 pedales One Series y Soundbox 2 por medio de los puertos multi funci\u00f3n, guarda y llama hasta 128 escenas multi pedal por medio de cambio de programas MIDI, accede, edita y guarda preajustes de y escenas de pedal por medio del puerto USB en Mac o PC, compatible (sin guardado de escenas) con Soundblox 1 and Soundblox Pro, energ\u00eda: 9V DC (hasta 80 mA con accesorios Hot Hand), conector multi funci\u00f3n: 4 conductores, plug 3.5 mm, peso: 0.17 kg, dimensiones: 96.5 x 53.3 x 35.5 mm.","og_url":"https:\/\/www.mexicanguitarplayers.com\/en\/tienda\/sin categor\u00eda\/interfaz-source-audio-neuro-hub-v1\/","og_site_name":"Mexican Guitar Players","article_modified_time":"2026-04-10T10:38:04+00:00","twitter_card":"summary_large_image","twitter_misc":{"Est. reading time":"2 minutes"},"schema":{"@context":"https:\/\/schema.org","@graph":[{"@type":["WebPage","ItemPage"],"@id":"https:\/\/www.mexicanguitarplayers.com\/tienda\/sin categor\u00eda\/interfaz-source-audio-neuro-hub-v1\/","url":"https:\/\/www.mexicanguitarplayers.com\/tienda\/sin categor\u00eda\/interfaz-source-audio-neuro-hub-v1\/","name":"INTERFAZ SOURCE AUDIO NEURO HUB V1 - Mexican Guitar Players","isPartOf":{"@id":"https:\/\/www.mexicanguitarplayers.com\/#website"},"primaryImageOfPage":{"@id":"https:\/\/www.mexicanguitarplayers.com\/tienda\/sin categor\u00eda\/interfaz-source-audio-neuro-hub-v1\/#primaryimage"},"image":{"@id":"https:\/\/www.mexicanguitarplayers.com\/tienda\/sin categor\u00eda\/interfaz-source-audio-neuro-hub-v1\/#primaryimage"},"thumbnailUrl":"https:\/\/www.mexicanguitarplayers.com\/wp-content\/uploads\/2025\/04\/IASIOSA164.jpg","datePublished":"2025-04-08T16:50:38+00:00","dateModified":"2026-04-10T10:38:04+00:00","description":"Interfaz Neuro Hub v1, une todos tus pedales One Series y Soundblox 2 en un sistema completamente integrado de pedales m\u00faltiples, nueva funci\u00f3n de guardado de escenas, permite la creaci\u00f3n de hasta 128 preajustes de un solo pedal o m\u00faltiples pedales (es decir, \u201cescenas\u201d), cada una de las cuales puede ser recuperada a trav\u00e9s de mensajes de cambio de programa MIDI, conector MIDI IN\/OUT\/THRU est\u00e1ndar de 5 pines, entrada pasiva de pedal de expresi\u00f3n y sensor de entrada Hot Hand, conecta hasta 5 pedales One Series y Soundbox 2 por medio de los puertos multi funci\u00f3n, guarda y llama hasta 128 escenas multi pedal por medio de cambio de programas MIDI, accede, edita y guarda preajustes de y escenas de pedal por medio del puerto USB en Mac o PC, compatible (sin guardado de escenas) con Soundblox 1 and Soundblox Pro, energ\u00eda: 9V DC (hasta 80 mA con accesorios Hot Hand), conector multi funci\u00f3n: 4 conductores, plug 3.5 mm, peso: 0.17 kg, dimensiones: 96.5 x 53.3 x 35.5 mm.","breadcrumb":{"@id":"https:\/\/www.mexicanguitarplayers.com\/tienda\/sin categor\u00eda\/interfaz-source-audio-neuro-hub-v1\/#breadcrumb"},"inLanguage":"en-US","potentialAction":[{"@type":"ReadAction","target":["https:\/\/www.mexicanguitarplayers.com\/tienda\/sin categor\u00eda\/interfaz-source-audio-neuro-hub-v1\/"]}]},{"@type":"ImageObject","inLanguage":"en-US","@id":"https:\/\/www.mexicanguitarplayers.com\/tienda\/sin categor\u00eda\/interfaz-source-audio-neuro-hub-v1\/#primaryimage","url":"https:\/\/www.mexicanguitarplayers.com\/wp-content\/uploads\/2025\/04\/IASIOSA164.jpg","contentUrl":"https:\/\/www.mexicanguitarplayers.com\/wp-content\/uploads\/2025\/04\/IASIOSA164.jpg","width":1200,"height":1200},{"@type":"BreadcrumbList","@id":"https:\/\/www.mexicanguitarplayers.com\/tienda\/sin categor\u00eda\/interfaz-source-audio-neuro-hub-v1\/#breadcrumb","itemListElement":[{"@type":"ListItem","position":1,"name":"Portada","item":"https:\/\/www.mexicanguitarplayers.com\/"},{"@type":"ListItem","position":2,"name":"Tienda","item":"https:\/\/www.mexicanguitarplayers.com\/tienda\/"},{"@type":"ListItem","position":3,"name":"INTERFAZ SOURCE AUDIO NEURO HUB V1"}]},{"@type":"WebSite","@id":"https:\/\/www.mexicanguitarplayers.com\/#website","url":"https:\/\/www.mexicanguitarplayers.com\/","name":"Mexican Guitar Players","description":"Website","publisher":{"@id":"https:\/\/www.mexicanguitarplayers.com\/#organization"},"potentialAction":[{"@type":"SearchAction","target":{"@type":"EntryPoint","urlTemplate":"https:\/\/www.mexicanguitarplayers.com\/?s={search_term_string}"},"query-input":{"@type":"PropertyValueSpecification","valueRequired":true,"valueName":"search_term_string"}}],"inLanguage":"en-US"},{"@type":"Organization","@id":"https:\/\/www.mexicanguitarplayers.com\/#organization","name":"Mexican Guitar Players","url":"https:\/\/www.mexicanguitarplayers.com\/","logo":{"@type":"ImageObject","inLanguage":"en-US","@id":"https:\/\/www.mexicanguitarplayers.com\/#\/schema\/logo\/image\/","url":"","contentUrl":"","caption":"Mexican Guitar Players"},"image":{"@id":"https:\/\/www.mexicanguitarplayers.com\/#\/schema\/logo\/image\/"}}]}},"brands":[{"id":608,"name":"AUDIO SOURCE","slug":"source-audio"}],"_links":{"self":[{"href":"https:\/\/www.mexicanguitarplayers.com\/en\/wp-json\/wp\/v2\/product\/29840","targetHints":{"allow":["GET"]}}],"collection":[{"href":"https:\/\/www.mexicanguitarplayers.com\/en\/wp-json\/wp\/v2\/product"}],"about":[{"href":"https:\/\/www.mexicanguitarplayers.com\/en\/wp-json\/wp\/v2\/types\/product"}],"replies":[{"embeddable":true,"href":"https:\/\/www.mexicanguitarplayers.com\/en\/wp-json\/wp\/v2\/comments?post=29840"}],"wp:featuredmedia":[{"embeddable":true,"href":"https:\/\/www.mexicanguitarplayers.com\/en\/wp-json\/wp\/v2\/media\/29837"}],"wp:attachment":[{"href":"https:\/\/www.mexicanguitarplayers.com\/en\/wp-json\/wp\/v2\/media?parent=29840"}],"wp:term":[{"taxonomy":"pwb-brand","embeddable":true,"href":"https:\/\/www.mexicanguitarplayers.com\/en\/wp-json\/wp\/v2\/pwb-brand?post=29840"},{"taxonomy":"product_brand","embeddable":true,"href":"https:\/\/www.mexicanguitarplayers.com\/en\/wp-json\/wp\/v2\/product_brand?post=29840"},{"taxonomy":"product_cat","embeddable":true,"href":"https:\/\/www.mexicanguitarplayers.com\/en\/wp-json\/wp\/v2\/product_cat?post=29840"},{"taxonomy":"product_tag","embeddable":true,"href":"https:\/\/www.mexicanguitarplayers.com\/en\/wp-json\/wp\/v2\/product_tag?post=29840"}],"curies":[{"name":"wp","href":"https:\/\/api.w.org\/{rel}","templated":true}]}}