{"id":29877,"date":"2025-04-08T10:58:59","date_gmt":"2025-04-08T16:58:59","guid":{"rendered":"https:\/\/www.mexicanguitarplayers.com\/tienda\/sin categor\u00eda\/combo-blackstar-p-guit-ht-20r-mkii\/"},"modified":"2026-04-10T04:38:02","modified_gmt":"2026-04-10T10:38:02","slug":"combo-blackstar-p-guit-ht-20r-mkii","status":"publish","type":"product","link":"https:\/\/www.mexicanguitarplayers.com\/en\/tienda\/cuerdas\/combos\/combos-para-guitarra\/combo-blackstar-p-guit-ht-20r-mkii\/","title":{"rendered":"COMBO BLACKSTAR P\/GUIT.HT-20R MKII"},"content":{"rendered":"<div style=\"text-align: justify\">\n<div>\n<h3>El sonido en tu cabeza.<\/h3>\n<\/div>\n<div>The EL84s are at the tonal heart of the combo and the HT-20R MkII headstock. We&#039;ve used our decades of experience in tube amp design to combine the response and character of this classic British bulb with a carefully voiced preamp to create wonderfully lush bulb tones. From pure cleans, to smooth overdrive that is cleaned up by turning back the guitar&#039;s volume control, to overdriven distortion, this amp does it all. At home or in the studio, the dimmer switch takes it to 2 watts without compromising tone - perfect for driving the EL84 power amp. Simple and intuitive controls, combined with professional features like our proprietary ISF control, studio-quality reverb, effects loop, XLR DI output, and emulated USB speaker output, make them perfect for any performance situation, whether you&#039;re in the studio. studio, performing in front of a small crowd or playing for thousands. USB output has been added for the simplest way to get the bulbous tone in your recordings. An XLR DI output is also added, allowing emulated speaker signals to be connected to external devices for practice, recording, or use live. Inspired by our patented dynamic power reduction circuitry, simply switch to 2 watts with the push of a button without loss of tone. Perfect for driving the EL84 power hard at lower volumes. Our new studio-quality reverb has been designed to perfectly complement guitar tones. The compact cabinet has a 3-degree front face angle, top loader panel, and stage-friendly knobs, giving the HT-20R MkII impressive style. The head tilts slightly back to make it easy to dial in your tone. <\/div>\n<div>\n<h4>Characteristics<\/h4>\n<\/div>\n<div>\n<ul style=\"margin: 0px 0px 0px 25px\">\n<li style=\"list-style-type: circle;margin: 5px\">Potencia (RMS).<\/li>\n<li style=\"list-style-type: circle;margin: 5px\">Bulbs<\/li>\n<li style=\"list-style-type: circle;margin: 5px\">Dimensions.<\/li>\n<li style=\"list-style-type: circle;margin: 5px\">Footswitch.<\/li>\n<li style=\"list-style-type: circle;margin: 5px\">Speakers.<\/li>\n<\/ul>\n<\/div>\n<\/div>","protected":false},"excerpt":{"rendered":"<p>Combo de 20 watts, 2 bulbos de preamplificador ECC83, 2 bulbos de amplificador de potencia EL84, 2 canales, voces conmutables por pedal para Clean y Overdrive, reducci\u00f3n de potencia a 2 watts, salida de audio USB, salida XLR D.I., reverb de calidad de estudio, pedal de 2 botones incluido, cabezal de dise\u00f1o exclusivo con inclinaci\u00f3n hacia atr\u00e1s.&hellip; <a class=\"kt-excerpt-readmore more-link\" href=\"https:\/\/www.mexicanguitarplayers.com\/en\/tienda\/cuerdas\/combos\/combos-para-guitarra\/combo-blackstar-p-guit-ht-20r-mkii\/\">Read more<\/a><\/p>","protected":false},"featured_media":29874,"comment_status":"open","ping_status":"closed","template":"","meta":{"kt_blocks_editor_width":""},"pwb-brand":[172],"product_brand":[],"product_cat":[236,237,224],"product_tag":[],"class_list":{"0":"post-29877","1":"product","2":"type-product","3":"status-publish","4":"has-post-thumbnail","6":"pwb-brand-blackstar","7":"product_cat-combos","8":"product_cat-combos-para-guitarra","9":"product_cat-cuerdas","10":"product_shipping_class-20-25-kg","12":"first","13":"outofstock","14":"taxable","15":"shipping-taxable","16":"purchasable","17":"product-type-simple"},"yoast_head":"<!-- This site is optimized with the Yoast SEO plugin v27.6 - https:\/\/yoast.com\/product\/yoast-seo-wordpress\/ -->\n<title>COMBO BLACKSTAR P\/GUIT.HT-20R MKII - Mexican Guitar Players<\/title>\n<meta name=\"description\" content=\"Combo de 20 watts, 2 bulbos de preamplificador ECC83, 2 bulbos de amplificador de potencia EL84, 2 canales, voces conmutables por pedal para Clean y Overdrive, reducci\u00f3n de potencia a 2 watts, salida de audio USB, salida XLR D.I., reverb de calidad de estudio, pedal de 2 botones incluido, cabezal de dise\u00f1o exclusivo con inclinaci\u00f3n hacia atr\u00e1s.\" \/>\n<meta name=\"robots\" content=\"index, follow, max-snippet:-1, max-image-preview:large, max-video-preview:-1\" \/>\n<link rel=\"canonical\" href=\"https:\/\/www.mexicanguitarplayers.com\/en\/tienda\/sin%20categor\u00eda\/combo-blackstar-p-guit-ht-20r-mkii\/\" \/>\n<meta property=\"og:locale\" content=\"en_US\" \/>\n<meta property=\"og:type\" content=\"article\" \/>\n<meta property=\"og:title\" content=\"COMBO BLACKSTAR P\/GUIT.HT-20R MKII - Mexican Guitar Players\" \/>\n<meta property=\"og:description\" content=\"Combo de 20 watts, 2 bulbos de preamplificador ECC83, 2 bulbos de amplificador de potencia EL84, 2 canales, voces conmutables por pedal para Clean y Overdrive, reducci\u00f3n de potencia a 2 watts, salida de audio USB, salida XLR D.I., reverb de calidad de estudio, pedal de 2 botones incluido, cabezal de dise\u00f1o exclusivo con inclinaci\u00f3n hacia atr\u00e1s.\" \/>\n<meta property=\"og:url\" content=\"https:\/\/www.mexicanguitarplayers.com\/en\/tienda\/sin categor\u00eda\/combo-blackstar-p-guit-ht-20r-mkii\/\" \/>\n<meta property=\"og:site_name\" content=\"Mexican Guitar Players\" \/>\n<meta property=\"article:modified_time\" content=\"2026-04-10T10:38:02+00:00\" \/>\n<meta name=\"twitter:card\" content=\"summary_large_image\" \/>\n<meta name=\"twitter:label1\" content=\"Est. reading time\" \/>\n\t<meta name=\"twitter:data1\" content=\"2 minutes\" \/>\n<script type=\"application\/ld+json\" class=\"yoast-schema-graph\">{\"@context\":\"https:\\\/\\\/schema.org\",\"@graph\":[{\"@type\":[\"WebPage\",\"ItemPage\"],\"@id\":\"https:\\\/\\\/www.mexicanguitarplayers.com\\\/tienda\\\/sin categor\u00eda\\\/combo-blackstar-p-guit-ht-20r-mkii\\\/\",\"url\":\"https:\\\/\\\/www.mexicanguitarplayers.com\\\/tienda\\\/sin categor\u00eda\\\/combo-blackstar-p-guit-ht-20r-mkii\\\/\",\"name\":\"COMBO BLACKSTAR P\\\/GUIT.HT-20R MKII - Mexican Guitar Players\",\"isPartOf\":{\"@id\":\"https:\\\/\\\/www.mexicanguitarplayers.com\\\/#website\"},\"primaryImageOfPage\":{\"@id\":\"https:\\\/\\\/www.mexicanguitarplayers.com\\\/tienda\\\/sin categor\u00eda\\\/combo-blackstar-p-guit-ht-20r-mkii\\\/#primaryimage\"},\"image\":{\"@id\":\"https:\\\/\\\/www.mexicanguitarplayers.com\\\/tienda\\\/sin categor\u00eda\\\/combo-blackstar-p-guit-ht-20r-mkii\\\/#primaryimage\"},\"thumbnailUrl\":\"https:\\\/\\\/www.mexicanguitarplayers.com\\\/wp-content\\\/uploads\\\/2025\\\/04\\\/ICBLSHT20RMKII.jpg\",\"datePublished\":\"2025-04-08T16:58:59+00:00\",\"dateModified\":\"2026-04-10T10:38:02+00:00\",\"description\":\"Combo de 20 watts, 2 bulbos de preamplificador ECC83, 2 bulbos de amplificador de potencia EL84, 2 canales, voces conmutables por pedal para Clean y Overdrive, reducci\u00f3n de potencia a 2 watts, salida de audio USB, salida XLR D.I., reverb de calidad de estudio, pedal de 2 botones incluido, cabezal de dise\u00f1o exclusivo con inclinaci\u00f3n hacia atr\u00e1s.\",\"breadcrumb\":{\"@id\":\"https:\\\/\\\/www.mexicanguitarplayers.com\\\/tienda\\\/sin categor\u00eda\\\/combo-blackstar-p-guit-ht-20r-mkii\\\/#breadcrumb\"},\"inLanguage\":\"en-US\",\"potentialAction\":[{\"@type\":\"ReadAction\",\"target\":[\"https:\\\/\\\/www.mexicanguitarplayers.com\\\/tienda\\\/sin categor\u00eda\\\/combo-blackstar-p-guit-ht-20r-mkii\\\/\"]}]},{\"@type\":\"ImageObject\",\"inLanguage\":\"en-US\",\"@id\":\"https:\\\/\\\/www.mexicanguitarplayers.com\\\/tienda\\\/sin categor\u00eda\\\/combo-blackstar-p-guit-ht-20r-mkii\\\/#primaryimage\",\"url\":\"https:\\\/\\\/www.mexicanguitarplayers.com\\\/wp-content\\\/uploads\\\/2025\\\/04\\\/ICBLSHT20RMKII.jpg\",\"contentUrl\":\"https:\\\/\\\/www.mexicanguitarplayers.com\\\/wp-content\\\/uploads\\\/2025\\\/04\\\/ICBLSHT20RMKII.jpg\",\"width\":1200,\"height\":1200},{\"@type\":\"BreadcrumbList\",\"@id\":\"https:\\\/\\\/www.mexicanguitarplayers.com\\\/tienda\\\/sin categor\u00eda\\\/combo-blackstar-p-guit-ht-20r-mkii\\\/#breadcrumb\",\"itemListElement\":[{\"@type\":\"ListItem\",\"position\":1,\"name\":\"Portada\",\"item\":\"https:\\\/\\\/www.mexicanguitarplayers.com\\\/\"},{\"@type\":\"ListItem\",\"position\":2,\"name\":\"Tienda\",\"item\":\"https:\\\/\\\/www.mexicanguitarplayers.com\\\/tienda\\\/\"},{\"@type\":\"ListItem\",\"position\":3,\"name\":\"COMBO BLACKSTAR P\\\/GUIT.HT-20R MKII\"}]},{\"@type\":\"WebSite\",\"@id\":\"https:\\\/\\\/www.mexicanguitarplayers.com\\\/#website\",\"url\":\"https:\\\/\\\/www.mexicanguitarplayers.com\\\/\",\"name\":\"Mexican Guitar Players\",\"description\":\"Website\",\"publisher\":{\"@id\":\"https:\\\/\\\/www.mexicanguitarplayers.com\\\/#organization\"},\"potentialAction\":[{\"@type\":\"SearchAction\",\"target\":{\"@type\":\"EntryPoint\",\"urlTemplate\":\"https:\\\/\\\/www.mexicanguitarplayers.com\\\/?s={search_term_string}\"},\"query-input\":{\"@type\":\"PropertyValueSpecification\",\"valueRequired\":true,\"valueName\":\"search_term_string\"}}],\"inLanguage\":\"en-US\"},{\"@type\":\"Organization\",\"@id\":\"https:\\\/\\\/www.mexicanguitarplayers.com\\\/#organization\",\"name\":\"Mexican Guitar Players\",\"url\":\"https:\\\/\\\/www.mexicanguitarplayers.com\\\/\",\"logo\":{\"@type\":\"ImageObject\",\"inLanguage\":\"en-US\",\"@id\":\"https:\\\/\\\/www.mexicanguitarplayers.com\\\/#\\\/schema\\\/logo\\\/image\\\/\",\"url\":\"\",\"contentUrl\":\"\",\"caption\":\"Mexican Guitar Players\"},\"image\":{\"@id\":\"https:\\\/\\\/www.mexicanguitarplayers.com\\\/#\\\/schema\\\/logo\\\/image\\\/\"}}]}<\/script>\n<!-- \/ Yoast SEO plugin. -->","yoast_head_json":{"title":"COMBO BLACKSTAR P\/GUIT.HT-20R MKII - Mexican Guitar Players","description":"Combo de 20 watts, 2 bulbos de preamplificador ECC83, 2 bulbos de amplificador de potencia EL84, 2 canales, voces conmutables por pedal para Clean y Overdrive, reducci\u00f3n de potencia a 2 watts, salida de audio USB, salida XLR D.I., reverb de calidad de estudio, pedal de 2 botones incluido, cabezal de dise\u00f1o exclusivo con inclinaci\u00f3n hacia atr\u00e1s.","robots":{"index":"index","follow":"follow","max-snippet":"max-snippet:-1","max-image-preview":"max-image-preview:large","max-video-preview":"max-video-preview:-1"},"canonical":"https:\/\/www.mexicanguitarplayers.com\/en\/tienda\/sin categor\u00eda\/combo-blackstar-p-guit-ht-20r-mkii\/","og_locale":"en_US","og_type":"article","og_title":"COMBO BLACKSTAR P\/GUIT.HT-20R MKII - Mexican Guitar Players","og_description":"Combo de 20 watts, 2 bulbos de preamplificador ECC83, 2 bulbos de amplificador de potencia EL84, 2 canales, voces conmutables por pedal para Clean y Overdrive, reducci\u00f3n de potencia a 2 watts, salida de audio USB, salida XLR D.I., reverb de calidad de estudio, pedal de 2 botones incluido, cabezal de dise\u00f1o exclusivo con inclinaci\u00f3n hacia atr\u00e1s.","og_url":"https:\/\/www.mexicanguitarplayers.com\/en\/tienda\/sin categor\u00eda\/combo-blackstar-p-guit-ht-20r-mkii\/","og_site_name":"Mexican Guitar Players","article_modified_time":"2026-04-10T10:38:02+00:00","twitter_card":"summary_large_image","twitter_misc":{"Est. reading time":"2 minutes"},"schema":{"@context":"https:\/\/schema.org","@graph":[{"@type":["WebPage","ItemPage"],"@id":"https:\/\/www.mexicanguitarplayers.com\/tienda\/sin categor\u00eda\/combo-blackstar-p-guit-ht-20r-mkii\/","url":"https:\/\/www.mexicanguitarplayers.com\/tienda\/sin categor\u00eda\/combo-blackstar-p-guit-ht-20r-mkii\/","name":"COMBO BLACKSTAR P\/GUIT.HT-20R MKII - Mexican Guitar Players","isPartOf":{"@id":"https:\/\/www.mexicanguitarplayers.com\/#website"},"primaryImageOfPage":{"@id":"https:\/\/www.mexicanguitarplayers.com\/tienda\/sin categor\u00eda\/combo-blackstar-p-guit-ht-20r-mkii\/#primaryimage"},"image":{"@id":"https:\/\/www.mexicanguitarplayers.com\/tienda\/sin categor\u00eda\/combo-blackstar-p-guit-ht-20r-mkii\/#primaryimage"},"thumbnailUrl":"https:\/\/www.mexicanguitarplayers.com\/wp-content\/uploads\/2025\/04\/ICBLSHT20RMKII.jpg","datePublished":"2025-04-08T16:58:59+00:00","dateModified":"2026-04-10T10:38:02+00:00","description":"Combo de 20 watts, 2 bulbos de preamplificador ECC83, 2 bulbos de amplificador de potencia EL84, 2 canales, voces conmutables por pedal para Clean y Overdrive, reducci\u00f3n de potencia a 2 watts, salida de audio USB, salida XLR D.I., reverb de calidad de estudio, pedal de 2 botones incluido, cabezal de dise\u00f1o exclusivo con inclinaci\u00f3n hacia atr\u00e1s.","breadcrumb":{"@id":"https:\/\/www.mexicanguitarplayers.com\/tienda\/sin categor\u00eda\/combo-blackstar-p-guit-ht-20r-mkii\/#breadcrumb"},"inLanguage":"en-US","potentialAction":[{"@type":"ReadAction","target":["https:\/\/www.mexicanguitarplayers.com\/tienda\/sin categor\u00eda\/combo-blackstar-p-guit-ht-20r-mkii\/"]}]},{"@type":"ImageObject","inLanguage":"en-US","@id":"https:\/\/www.mexicanguitarplayers.com\/tienda\/sin categor\u00eda\/combo-blackstar-p-guit-ht-20r-mkii\/#primaryimage","url":"https:\/\/www.mexicanguitarplayers.com\/wp-content\/uploads\/2025\/04\/ICBLSHT20RMKII.jpg","contentUrl":"https:\/\/www.mexicanguitarplayers.com\/wp-content\/uploads\/2025\/04\/ICBLSHT20RMKII.jpg","width":1200,"height":1200},{"@type":"BreadcrumbList","@id":"https:\/\/www.mexicanguitarplayers.com\/tienda\/sin categor\u00eda\/combo-blackstar-p-guit-ht-20r-mkii\/#breadcrumb","itemListElement":[{"@type":"ListItem","position":1,"name":"Portada","item":"https:\/\/www.mexicanguitarplayers.com\/"},{"@type":"ListItem","position":2,"name":"Tienda","item":"https:\/\/www.mexicanguitarplayers.com\/tienda\/"},{"@type":"ListItem","position":3,"name":"COMBO BLACKSTAR P\/GUIT.HT-20R MKII"}]},{"@type":"WebSite","@id":"https:\/\/www.mexicanguitarplayers.com\/#website","url":"https:\/\/www.mexicanguitarplayers.com\/","name":"Mexican Guitar Players","description":"Website","publisher":{"@id":"https:\/\/www.mexicanguitarplayers.com\/#organization"},"potentialAction":[{"@type":"SearchAction","target":{"@type":"EntryPoint","urlTemplate":"https:\/\/www.mexicanguitarplayers.com\/?s={search_term_string}"},"query-input":{"@type":"PropertyValueSpecification","valueRequired":true,"valueName":"search_term_string"}}],"inLanguage":"en-US"},{"@type":"Organization","@id":"https:\/\/www.mexicanguitarplayers.com\/#organization","name":"Mexican Guitar Players","url":"https:\/\/www.mexicanguitarplayers.com\/","logo":{"@type":"ImageObject","inLanguage":"en-US","@id":"https:\/\/www.mexicanguitarplayers.com\/#\/schema\/logo\/image\/","url":"","contentUrl":"","caption":"Mexican Guitar Players"},"image":{"@id":"https:\/\/www.mexicanguitarplayers.com\/#\/schema\/logo\/image\/"}}]}},"brands":[{"id":172,"name":"BLACKSTAR","slug":"blackstar"}],"_links":{"self":[{"href":"https:\/\/www.mexicanguitarplayers.com\/en\/wp-json\/wp\/v2\/product\/29877","targetHints":{"allow":["GET"]}}],"collection":[{"href":"https:\/\/www.mexicanguitarplayers.com\/en\/wp-json\/wp\/v2\/product"}],"about":[{"href":"https:\/\/www.mexicanguitarplayers.com\/en\/wp-json\/wp\/v2\/types\/product"}],"replies":[{"embeddable":true,"href":"https:\/\/www.mexicanguitarplayers.com\/en\/wp-json\/wp\/v2\/comments?post=29877"}],"wp:featuredmedia":[{"embeddable":true,"href":"https:\/\/www.mexicanguitarplayers.com\/en\/wp-json\/wp\/v2\/media\/29874"}],"wp:attachment":[{"href":"https:\/\/www.mexicanguitarplayers.com\/en\/wp-json\/wp\/v2\/media?parent=29877"}],"wp:term":[{"taxonomy":"pwb-brand","embeddable":true,"href":"https:\/\/www.mexicanguitarplayers.com\/en\/wp-json\/wp\/v2\/pwb-brand?post=29877"},{"taxonomy":"product_brand","embeddable":true,"href":"https:\/\/www.mexicanguitarplayers.com\/en\/wp-json\/wp\/v2\/product_brand?post=29877"},{"taxonomy":"product_cat","embeddable":true,"href":"https:\/\/www.mexicanguitarplayers.com\/en\/wp-json\/wp\/v2\/product_cat?post=29877"},{"taxonomy":"product_tag","embeddable":true,"href":"https:\/\/www.mexicanguitarplayers.com\/en\/wp-json\/wp\/v2\/product_tag?post=29877"}],"curies":[{"name":"wp","href":"https:\/\/api.w.org\/{rel}","templated":true}]}}