{"id":29883,"date":"2025-04-08T10:59:07","date_gmt":"2025-04-08T16:59:07","guid":{"rendered":"https:\/\/www.mexicanguitarplayers.com\/tienda\/sin categor\u00eda\/atril-hercules-p-partitura-bs243b\/"},"modified":"2026-05-01T07:25:40","modified_gmt":"2026-05-01T13:25:40","slug":"atril-hercules-p-partitura-bs243b","status":"publish","type":"product","link":"https:\/\/www.mexicanguitarplayers.com\/en\/tienda\/accesorios\/stands\/para-partitura\/atril-hercules-p-partitura-bs243b\/","title":{"rendered":"ATRIL HERCULES P\/PARTITURA BS243B"},"content":{"rendered":"<div style=\"text-align: justify\">\n<div>\n<h3>Resistencia y fiabilidad.<\/h3>\n<\/div>\n<div>El Hercules Fourscore Stand BS243B presenta el ajuste de altura EZ Grip y el mecanismo de liberaci\u00f3n r\u00e1pida Quick Release, el escritorio extendido tiene capacidad para hasta 4 p\u00e1ginas. CLip en H incluido. Estos atriles para partitura est\u00e1n dise\u00f1ados para eliminar los problemas asociados con los soportes convencionales, Hercules nos ofrece un atril plegable y compacto que cuenta con dos retenedores de p\u00e1gina a los lados, en un soporte tr\u00edpode fuerte y resistente con soportes y tubos duraderos que ofrecen una gran estabilidad y se extienden f\u00e1cilmente a la altura deseada.<\/div>\n<div>\n<h4>Quick look<\/h4>\n<\/div>\n<ul style=\"margin: 0px 0px 0px 25px\">\n<li style=\"list-style-type: circle;margin: 5px\">Altura.<\/li>\n<li style=\"list-style-type: circle;margin: 5px\">Weight.<\/li>\n<li style=\"list-style-type: circle;margin: 5px\">Radio base.<\/li>\n<li style=\"list-style-type: circle;margin: 5px\">Capacidad de carga.<\/li>\n<li style=\"list-style-type: circle;margin: 5px\">Tama\u00f1o plegado.<\/li>\n<li style=\"list-style-type: circle;margin: 5px\">Escritorio.<\/li>\n<\/ul>\n<div>\n<div style=\"font-weight: bold\">Altura.<\/div>\n<div>\n<p>710 mm &#8211; 1140 mm.<\/p>\n<\/div>\n<div style=\"font-weight: bold\">Weight.<\/div>\n<div>\n<p>4.4 kg.<\/p>\n<\/div>\n<div style=\"font-weight: bold\">Radio base.<\/div>\n<div>\n<p>345 mm.<\/p>\n<\/div>\n<div style=\"font-weight: bold\">Capacidad de carga.<\/div>\n<div>\n<p>5 kg.<\/p>\n<\/div>\n<div style=\"font-weight: bold\">Tama\u00f1o plegado.<\/div>\n<div>\n<p>822 x 165 x 361 mm.<\/p>\n<\/div>\n<div style=\"font-weight: bold\">Escritorio.<\/div>\n<div>\n<p>815 x 360 mm.<\/p>\n<\/div>\n<\/div>\n<\/div>","protected":false},"excerpt":{"rendered":"<p>Atril para partituras, escritorio de liberaci\u00f3n r\u00e1pida que mide 815 mm de ancho para guardar m\u00e1s partituras, ajuste de altura EZ Grip con una sola mano, mecanismo de liberaci\u00f3n r\u00e1pida que hace que el almacenamiento sea m\u00e1s conveniente y f\u00e1cil, capacidad de carga de hasta 5 kg, altura: 710 mm &#8211; 1140 mm, peso: 4.4 kg, radio base: 345 mm, tama\u00f1o plegado: 822 x 165 x 361 mm, escritorio: 815 x 360 mm.&hellip; <a class=\"kt-excerpt-readmore more-link\" href=\"https:\/\/www.mexicanguitarplayers.com\/en\/tienda\/accesorios\/stands\/para-partitura\/atril-hercules-p-partitura-bs243b\/\">Read more<\/a><\/p>","protected":false},"featured_media":29882,"comment_status":"open","ping_status":"closed","template":"","meta":{"kt_blocks_editor_width":""},"pwb-brand":[587],"product_brand":[],"product_cat":[85,512,416],"product_tag":[],"class_list":{"0":"post-29883","1":"product","2":"type-product","3":"status-publish","4":"has-post-thumbnail","6":"pwb-brand-hercules","7":"product_cat-accesorios","8":"product_cat-para-partitura","9":"product_cat-stands","10":"product_shipping_class-5-10-kg","12":"first","13":"instock","14":"taxable","15":"shipping-taxable","16":"purchasable","17":"product-type-simple"},"yoast_head":"<!-- This site is optimized with the Yoast SEO plugin v27.5 - https:\/\/yoast.com\/product\/yoast-seo-wordpress\/ -->\n<title>ATRIL HERCULES P\/PARTITURA BS243B - Mexican Guitar Players<\/title>\n<meta name=\"description\" content=\"Atril para partituras, escritorio de liberaci\u00f3n r\u00e1pida que mide 815 mm de ancho para guardar m\u00e1s partituras, ajuste de altura EZ Grip con una sola mano, mecanismo de liberaci\u00f3n r\u00e1pida que hace que el almacenamiento sea m\u00e1s conveniente y f\u00e1cil, capacidad de carga de hasta 5 kg, altura: 710 mm - 1140 mm, peso: 4.4 kg, radio base: 345 mm, tama\u00f1o plegado: 822 x 165 x 361 mm, escritorio: 815 x 360 mm.\" \/>\n<meta name=\"robots\" content=\"index, follow, max-snippet:-1, max-image-preview:large, max-video-preview:-1\" \/>\n<link rel=\"canonical\" href=\"https:\/\/www.mexicanguitarplayers.com\/en\/tienda\/sin%20categor\u00eda\/atril-hercules-p-partitura-bs243b\/\" \/>\n<meta property=\"og:locale\" content=\"en_US\" \/>\n<meta property=\"og:type\" content=\"article\" \/>\n<meta property=\"og:title\" content=\"ATRIL HERCULES P\/PARTITURA BS243B - Mexican Guitar Players\" \/>\n<meta property=\"og:description\" content=\"Atril para partituras, escritorio de liberaci\u00f3n r\u00e1pida que mide 815 mm de ancho para guardar m\u00e1s partituras, ajuste de altura EZ Grip con una sola mano, mecanismo de liberaci\u00f3n r\u00e1pida que hace que el almacenamiento sea m\u00e1s conveniente y f\u00e1cil, capacidad de carga de hasta 5 kg, altura: 710 mm - 1140 mm, peso: 4.4 kg, radio base: 345 mm, tama\u00f1o plegado: 822 x 165 x 361 mm, escritorio: 815 x 360 mm.\" \/>\n<meta property=\"og:url\" content=\"https:\/\/www.mexicanguitarplayers.com\/en\/tienda\/sin categor\u00eda\/atril-hercules-p-partitura-bs243b\/\" \/>\n<meta property=\"og:site_name\" content=\"Mexican Guitar Players\" \/>\n<meta property=\"article:modified_time\" content=\"2026-05-01T13:25:40+00:00\" \/>\n<meta name=\"twitter:card\" content=\"summary_large_image\" \/>\n<meta name=\"twitter:label1\" content=\"Est. reading time\" \/>\n\t<meta name=\"twitter:data1\" content=\"1 minute\" \/>\n<script type=\"application\/ld+json\" class=\"yoast-schema-graph\">{\"@context\":\"https:\\\/\\\/schema.org\",\"@graph\":[{\"@type\":[\"WebPage\",\"ItemPage\"],\"@id\":\"https:\\\/\\\/www.mexicanguitarplayers.com\\\/tienda\\\/sin categor\u00eda\\\/atril-hercules-p-partitura-bs243b\\\/\",\"url\":\"https:\\\/\\\/www.mexicanguitarplayers.com\\\/tienda\\\/sin categor\u00eda\\\/atril-hercules-p-partitura-bs243b\\\/\",\"name\":\"ATRIL HERCULES P\\\/PARTITURA BS243B - Mexican Guitar Players\",\"isPartOf\":{\"@id\":\"https:\\\/\\\/www.mexicanguitarplayers.com\\\/#website\"},\"primaryImageOfPage\":{\"@id\":\"https:\\\/\\\/www.mexicanguitarplayers.com\\\/tienda\\\/sin categor\u00eda\\\/atril-hercules-p-partitura-bs243b\\\/#primaryimage\"},\"image\":{\"@id\":\"https:\\\/\\\/www.mexicanguitarplayers.com\\\/tienda\\\/sin categor\u00eda\\\/atril-hercules-p-partitura-bs243b\\\/#primaryimage\"},\"thumbnailUrl\":\"https:\\\/\\\/www.mexicanguitarplayers.com\\\/wp-content\\\/uploads\\\/2025\\\/04\\\/VAHERBS243B.jpg\",\"datePublished\":\"2025-04-08T16:59:07+00:00\",\"dateModified\":\"2026-05-01T13:25:40+00:00\",\"description\":\"Atril para partituras, escritorio de liberaci\u00f3n r\u00e1pida que mide 815 mm de ancho para guardar m\u00e1s partituras, ajuste de altura EZ Grip con una sola mano, mecanismo de liberaci\u00f3n r\u00e1pida que hace que el almacenamiento sea m\u00e1s conveniente y f\u00e1cil, capacidad de carga de hasta 5 kg, altura: 710 mm - 1140 mm, peso: 4.4 kg, radio base: 345 mm, tama\u00f1o plegado: 822 x 165 x 361 mm, escritorio: 815 x 360 mm.\",\"breadcrumb\":{\"@id\":\"https:\\\/\\\/www.mexicanguitarplayers.com\\\/tienda\\\/sin categor\u00eda\\\/atril-hercules-p-partitura-bs243b\\\/#breadcrumb\"},\"inLanguage\":\"en-US\",\"potentialAction\":[{\"@type\":\"ReadAction\",\"target\":[\"https:\\\/\\\/www.mexicanguitarplayers.com\\\/tienda\\\/sin categor\u00eda\\\/atril-hercules-p-partitura-bs243b\\\/\"]}]},{\"@type\":\"ImageObject\",\"inLanguage\":\"en-US\",\"@id\":\"https:\\\/\\\/www.mexicanguitarplayers.com\\\/tienda\\\/sin categor\u00eda\\\/atril-hercules-p-partitura-bs243b\\\/#primaryimage\",\"url\":\"https:\\\/\\\/www.mexicanguitarplayers.com\\\/wp-content\\\/uploads\\\/2025\\\/04\\\/VAHERBS243B.jpg\",\"contentUrl\":\"https:\\\/\\\/www.mexicanguitarplayers.com\\\/wp-content\\\/uploads\\\/2025\\\/04\\\/VAHERBS243B.jpg\",\"width\":800,\"height\":1600},{\"@type\":\"BreadcrumbList\",\"@id\":\"https:\\\/\\\/www.mexicanguitarplayers.com\\\/tienda\\\/sin categor\u00eda\\\/atril-hercules-p-partitura-bs243b\\\/#breadcrumb\",\"itemListElement\":[{\"@type\":\"ListItem\",\"position\":1,\"name\":\"Portada\",\"item\":\"https:\\\/\\\/www.mexicanguitarplayers.com\\\/\"},{\"@type\":\"ListItem\",\"position\":2,\"name\":\"Tienda\",\"item\":\"https:\\\/\\\/www.mexicanguitarplayers.com\\\/tienda\\\/\"},{\"@type\":\"ListItem\",\"position\":3,\"name\":\"ATRIL HERCULES P\\\/PARTITURA BS243B\"}]},{\"@type\":\"WebSite\",\"@id\":\"https:\\\/\\\/www.mexicanguitarplayers.com\\\/#website\",\"url\":\"https:\\\/\\\/www.mexicanguitarplayers.com\\\/\",\"name\":\"Mexican Guitar Players\",\"description\":\"Website\",\"publisher\":{\"@id\":\"https:\\\/\\\/www.mexicanguitarplayers.com\\\/#organization\"},\"potentialAction\":[{\"@type\":\"SearchAction\",\"target\":{\"@type\":\"EntryPoint\",\"urlTemplate\":\"https:\\\/\\\/www.mexicanguitarplayers.com\\\/?s={search_term_string}\"},\"query-input\":{\"@type\":\"PropertyValueSpecification\",\"valueRequired\":true,\"valueName\":\"search_term_string\"}}],\"inLanguage\":\"en-US\"},{\"@type\":\"Organization\",\"@id\":\"https:\\\/\\\/www.mexicanguitarplayers.com\\\/#organization\",\"name\":\"Mexican Guitar Players\",\"url\":\"https:\\\/\\\/www.mexicanguitarplayers.com\\\/\",\"logo\":{\"@type\":\"ImageObject\",\"inLanguage\":\"en-US\",\"@id\":\"https:\\\/\\\/www.mexicanguitarplayers.com\\\/#\\\/schema\\\/logo\\\/image\\\/\",\"url\":\"\",\"contentUrl\":\"\",\"caption\":\"Mexican Guitar Players\"},\"image\":{\"@id\":\"https:\\\/\\\/www.mexicanguitarplayers.com\\\/#\\\/schema\\\/logo\\\/image\\\/\"}}]}<\/script>\n<!-- \/ Yoast SEO plugin. -->","yoast_head_json":{"title":"ATRIL HERCULES P\/PARTITURA BS243B - Mexican Guitar Players","description":"Atril para partituras, escritorio de liberaci\u00f3n r\u00e1pida que mide 815 mm de ancho para guardar m\u00e1s partituras, ajuste de altura EZ Grip con una sola mano, mecanismo de liberaci\u00f3n r\u00e1pida que hace que el almacenamiento sea m\u00e1s conveniente y f\u00e1cil, capacidad de carga de hasta 5 kg, altura: 710 mm - 1140 mm, peso: 4.4 kg, radio base: 345 mm, tama\u00f1o plegado: 822 x 165 x 361 mm, escritorio: 815 x 360 mm.","robots":{"index":"index","follow":"follow","max-snippet":"max-snippet:-1","max-image-preview":"max-image-preview:large","max-video-preview":"max-video-preview:-1"},"canonical":"https:\/\/www.mexicanguitarplayers.com\/en\/tienda\/sin categor\u00eda\/atril-hercules-p-partitura-bs243b\/","og_locale":"en_US","og_type":"article","og_title":"ATRIL HERCULES P\/PARTITURA BS243B - Mexican Guitar Players","og_description":"Atril para partituras, escritorio de liberaci\u00f3n r\u00e1pida que mide 815 mm de ancho para guardar m\u00e1s partituras, ajuste de altura EZ Grip con una sola mano, mecanismo de liberaci\u00f3n r\u00e1pida que hace que el almacenamiento sea m\u00e1s conveniente y f\u00e1cil, capacidad de carga de hasta 5 kg, altura: 710 mm - 1140 mm, peso: 4.4 kg, radio base: 345 mm, tama\u00f1o plegado: 822 x 165 x 361 mm, escritorio: 815 x 360 mm.","og_url":"https:\/\/www.mexicanguitarplayers.com\/en\/tienda\/sin categor\u00eda\/atril-hercules-p-partitura-bs243b\/","og_site_name":"Mexican Guitar Players","article_modified_time":"2026-05-01T13:25:40+00:00","twitter_card":"summary_large_image","twitter_misc":{"Est. reading time":"1 minute"},"schema":{"@context":"https:\/\/schema.org","@graph":[{"@type":["WebPage","ItemPage"],"@id":"https:\/\/www.mexicanguitarplayers.com\/tienda\/sin categor\u00eda\/atril-hercules-p-partitura-bs243b\/","url":"https:\/\/www.mexicanguitarplayers.com\/tienda\/sin categor\u00eda\/atril-hercules-p-partitura-bs243b\/","name":"ATRIL HERCULES P\/PARTITURA BS243B - Mexican Guitar Players","isPartOf":{"@id":"https:\/\/www.mexicanguitarplayers.com\/#website"},"primaryImageOfPage":{"@id":"https:\/\/www.mexicanguitarplayers.com\/tienda\/sin categor\u00eda\/atril-hercules-p-partitura-bs243b\/#primaryimage"},"image":{"@id":"https:\/\/www.mexicanguitarplayers.com\/tienda\/sin categor\u00eda\/atril-hercules-p-partitura-bs243b\/#primaryimage"},"thumbnailUrl":"https:\/\/www.mexicanguitarplayers.com\/wp-content\/uploads\/2025\/04\/VAHERBS243B.jpg","datePublished":"2025-04-08T16:59:07+00:00","dateModified":"2026-05-01T13:25:40+00:00","description":"Atril para partituras, escritorio de liberaci\u00f3n r\u00e1pida que mide 815 mm de ancho para guardar m\u00e1s partituras, ajuste de altura EZ Grip con una sola mano, mecanismo de liberaci\u00f3n r\u00e1pida que hace que el almacenamiento sea m\u00e1s conveniente y f\u00e1cil, capacidad de carga de hasta 5 kg, altura: 710 mm - 1140 mm, peso: 4.4 kg, radio base: 345 mm, tama\u00f1o plegado: 822 x 165 x 361 mm, escritorio: 815 x 360 mm.","breadcrumb":{"@id":"https:\/\/www.mexicanguitarplayers.com\/tienda\/sin categor\u00eda\/atril-hercules-p-partitura-bs243b\/#breadcrumb"},"inLanguage":"en-US","potentialAction":[{"@type":"ReadAction","target":["https:\/\/www.mexicanguitarplayers.com\/tienda\/sin categor\u00eda\/atril-hercules-p-partitura-bs243b\/"]}]},{"@type":"ImageObject","inLanguage":"en-US","@id":"https:\/\/www.mexicanguitarplayers.com\/tienda\/sin categor\u00eda\/atril-hercules-p-partitura-bs243b\/#primaryimage","url":"https:\/\/www.mexicanguitarplayers.com\/wp-content\/uploads\/2025\/04\/VAHERBS243B.jpg","contentUrl":"https:\/\/www.mexicanguitarplayers.com\/wp-content\/uploads\/2025\/04\/VAHERBS243B.jpg","width":800,"height":1600},{"@type":"BreadcrumbList","@id":"https:\/\/www.mexicanguitarplayers.com\/tienda\/sin categor\u00eda\/atril-hercules-p-partitura-bs243b\/#breadcrumb","itemListElement":[{"@type":"ListItem","position":1,"name":"Portada","item":"https:\/\/www.mexicanguitarplayers.com\/"},{"@type":"ListItem","position":2,"name":"Tienda","item":"https:\/\/www.mexicanguitarplayers.com\/tienda\/"},{"@type":"ListItem","position":3,"name":"ATRIL HERCULES P\/PARTITURA BS243B"}]},{"@type":"WebSite","@id":"https:\/\/www.mexicanguitarplayers.com\/#website","url":"https:\/\/www.mexicanguitarplayers.com\/","name":"Mexican Guitar Players","description":"Website","publisher":{"@id":"https:\/\/www.mexicanguitarplayers.com\/#organization"},"potentialAction":[{"@type":"SearchAction","target":{"@type":"EntryPoint","urlTemplate":"https:\/\/www.mexicanguitarplayers.com\/?s={search_term_string}"},"query-input":{"@type":"PropertyValueSpecification","valueRequired":true,"valueName":"search_term_string"}}],"inLanguage":"en-US"},{"@type":"Organization","@id":"https:\/\/www.mexicanguitarplayers.com\/#organization","name":"Mexican Guitar Players","url":"https:\/\/www.mexicanguitarplayers.com\/","logo":{"@type":"ImageObject","inLanguage":"en-US","@id":"https:\/\/www.mexicanguitarplayers.com\/#\/schema\/logo\/image\/","url":"","contentUrl":"","caption":"Mexican Guitar Players"},"image":{"@id":"https:\/\/www.mexicanguitarplayers.com\/#\/schema\/logo\/image\/"}}]}},"brands":[{"id":587,"name":"HERCULES","slug":"hercules"}],"_links":{"self":[{"href":"https:\/\/www.mexicanguitarplayers.com\/en\/wp-json\/wp\/v2\/product\/29883","targetHints":{"allow":["GET"]}}],"collection":[{"href":"https:\/\/www.mexicanguitarplayers.com\/en\/wp-json\/wp\/v2\/product"}],"about":[{"href":"https:\/\/www.mexicanguitarplayers.com\/en\/wp-json\/wp\/v2\/types\/product"}],"replies":[{"embeddable":true,"href":"https:\/\/www.mexicanguitarplayers.com\/en\/wp-json\/wp\/v2\/comments?post=29883"}],"wp:featuredmedia":[{"embeddable":true,"href":"https:\/\/www.mexicanguitarplayers.com\/en\/wp-json\/wp\/v2\/media\/29882"}],"wp:attachment":[{"href":"https:\/\/www.mexicanguitarplayers.com\/en\/wp-json\/wp\/v2\/media?parent=29883"}],"wp:term":[{"taxonomy":"pwb-brand","embeddable":true,"href":"https:\/\/www.mexicanguitarplayers.com\/en\/wp-json\/wp\/v2\/pwb-brand?post=29883"},{"taxonomy":"product_brand","embeddable":true,"href":"https:\/\/www.mexicanguitarplayers.com\/en\/wp-json\/wp\/v2\/product_brand?post=29883"},{"taxonomy":"product_cat","embeddable":true,"href":"https:\/\/www.mexicanguitarplayers.com\/en\/wp-json\/wp\/v2\/product_cat?post=29883"},{"taxonomy":"product_tag","embeddable":true,"href":"https:\/\/www.mexicanguitarplayers.com\/en\/wp-json\/wp\/v2\/product_tag?post=29883"}],"curies":[{"name":"wp","href":"https:\/\/api.w.org\/{rel}","templated":true}]}}