{"id":29917,"date":"2025-04-08T11:00:21","date_gmt":"2025-04-08T17:00:21","guid":{"rendered":"https:\/\/www.mexicanguitarplayers.com\/tienda\/sin categor\u00eda\/estuche-skb-p-guit-electrica-3i-4214-prs\/"},"modified":"2026-04-10T04:37:55","modified_gmt":"2026-04-10T10:37:55","slug":"estuche-skb-p-guit-electrica-3i-4214-prs","status":"publish","type":"product","link":"https:\/\/www.mexicanguitarplayers.com\/en\/tienda\/accesorios\/estuches-y-fundas\/para-guitarra\/para-guitarra-electrica\/estuche-skb-p-guit-electrica-3i-4214-prs\/","title":{"rendered":"ESTUCHE SKB P\/GUIT ELECTRICA 3I-4214-PRS"},"content":{"rendered":"<div style=\"text-align: justify\">\n<div>\n<h3>Ideal para PRS.<\/h3>\n<\/div>\n<div>La nueva l\u00ednea de estuches para guitarra de iSeries contin\u00faa con la introducci\u00f3n del estuche para guitarra herm\u00e9tico moldeado por inyecci\u00f3n 3i-4214-PRS. Este estuche se ajustar\u00e1 a cualquiera de los siguientes estilos de guitarra de la marca PRS: McCarty, CE (22\/24 Fret), Custom (22\/24 Fret), Single Cut y Santana (no se ajusta  al modelo Hollowbody II). Puedes ver una lista detallada en la p\u00e1gina de SKB. Los estuches impermeables iSeries moldeados por inyecci\u00f3n est\u00e1n fabricados con resina de copol\u00edmero de polipropileno de ultra alta resistencia y cuentan con un dise\u00f1o sumergible, impermeable y sellado (IP67) resistente a la corrosi\u00f3n y al da\u00f1o por impacto. Una bisagra moldeada, sistema de pestillo patentado de disparador con candados reconocidos y aceptados por TSA, cuatro lazos de bloqueo reforzados para los candados provistos por el cliente, c\u00f3modas manija de agarre amortiguadas de caucho sobre moldeadas, apilamiento seguro y v\u00e1lvula de estabilidad autom\u00e1tica de la presi\u00f3n ambiental (MIL-STD-648C) que contribuye a su dise\u00f1o de grado militar. El lujoso interior de platino proporciona un soporte total del brazo y protecci\u00f3n en todos lados. Este estuche no admite el modelo Hollowbody II de PRS.<\/div>\n<div>\n<h4>Quick look<\/h4>\n<\/div>\n<ul style=\"margin: 0px 0px 0px 25px\">\n<li style=\"list-style-type: circle;margin: 5px\">Longitud interior.<\/li>\n<li style=\"list-style-type: circle;margin: 5px\">Longitud exterior.<\/li>\n<li style=\"list-style-type: circle;margin: 5px\">Ancho exterior.<\/li>\n<li style=\"list-style-type: circle;margin: 5px\">Profundidad exterior.<\/li>\n<li style=\"list-style-type: circle;margin: 5px\">Longitud del cuerpo del instrumento.<\/li>\n<li style=\"list-style-type: circle;margin: 5px\">Profundidad del cuerpo del instrumento.<\/li>\n<li style=\"list-style-type: circle;margin: 5px\">Parte ancha del instrumento.<\/li>\n<li style=\"list-style-type: circle;margin: 5px\">Parte angosta del instrumento.<\/li>\n<li style=\"list-style-type: circle;margin: 5px\">Profundidad de la tapa.<\/li>\n<li style=\"list-style-type: circle;margin: 5px\">Profundidad de la base.<\/li>\n<li style=\"list-style-type: circle;margin: 5px\">Weight.<\/li>\n<\/ul>\n<div>\n<div style=\"font-weight: bold\">Longitud interior.<\/div>\n<div>\n<p>97.79 cm.<\/p>\n<\/div>\n<div style=\"font-weight: bold\">Longitud exterior.<\/div>\n<div>\n<p>114.30 cm.<\/p>\n<\/div>\n<div style=\"font-weight: bold\">Ancho exterior.<\/div>\n<div>\n<p>43.82 cm.<\/p>\n<\/div>\n<div style=\"font-weight: bold\">Profundidad exterior.<\/div>\n<div>\n<p>16.51 cm.<\/p>\n<\/div>\n<div style=\"font-weight: bold\">Longitud del cuerpo del instrumento.<\/div>\n<div>\n<p>43.18 cm.<\/p>\n<\/div>\n<div style=\"font-weight: bold\">Profundidad del cuerpo del instrumento.<\/div>\n<div>\n<p>6.99 cm.<\/p>\n<\/div>\n<div style=\"font-weight: bold\">Parte ancha del instrumento.<\/div>\n<div>\n<p>33.66 cm.<\/p>\n<\/div>\n<div style=\"font-weight: bold\">Parte angosta del instrumento.<\/div>\n<div>\n<p>24.13 cm.<\/p>\n<\/div>\n<div style=\"font-weight: bold\">Profundidad de la tapa.<\/div>\n<div>\n<p>3.81 cm.<\/p>\n<\/div>\n<div style=\"font-weight: bold\">Profundidad de la base.<\/div>\n<div>\n<p>10.16 cm.<\/p>\n<\/div>\n<div style=\"font-weight: bold\">Weight.<\/div>\n<div>\n<p>8.62 kg.<\/p>\n<\/div>\n<\/div>\n<div>\n<h4>Characteristics<\/h4>\n<\/div>\n<div>\n<ul style=\"margin: 0px 0px 0px 25px\">\n<li style=\"list-style-type: circle;margin: 5px\">Resina de copol\u00edmero de polipropileno de ultra alta resistencia.<\/li>\n<li style=\"list-style-type: circle;margin: 5px\">Resistente a los rayos UV, solventes y hongos (MIL-STD-810F).<\/li>\n<li style=\"list-style-type: circle;margin: 5px\">Sello completo de junta que hace que los estuches sean totalmente impermeables (MIL-STD-C-4150J).<\/li>\n<li style=\"list-style-type: circle;margin: 5px\">V\u00e1lvula de estabilidad autom\u00e1tica de presi\u00f3n ambiental (MIL-STD-648C &amp; IP67).<\/li>\n<li style=\"list-style-type: circle;margin: 5px\">Resistente a la corrosi\u00f3n y al da\u00f1o por impactos.<\/li>\n<li style=\"list-style-type: circle;margin: 5px\">Bisagras moldeadas.<\/li>\n<li style=\"list-style-type: circle;margin: 5px\">Sistema patentado de bloqueo de cierre TSA.<\/li>\n<li style=\"list-style-type: circle;margin: 5px\">Empu\u00f1adura amortiguadora de goma sobremoldeada, asa y empu\u00f1adura.<\/li>\n<li style=\"list-style-type: circle;margin: 5px\">Convenientes ruedas de deslizamiento silencioso.<\/li>\n<li style=\"list-style-type: circle;margin: 5px\">Gran compartimento para accesorios.<\/li>\n<\/ul>\n<\/div>\n<\/div>","protected":false},"excerpt":{"rendered":"<p>Estuche para guitarra el\u00e9ctrica, herm\u00e9tico y moldeado por inyecci\u00f3n, ideal para los modelos McCarty, CE (22\/24 Fret), Custom (22\/24 Fret), Single Cut y Santana de la marca PRS (no se ajusta  al modelo Hollowbody II), resina de copol\u00edmero de polipropileno de ultra alta resistencia, resistente a los rayos UV, solventes y hongos, totalmente impermeable, v\u00e1lvula de estabilidad autom\u00e1tica de presi\u00f3n ambiental, resistente a la corrosi\u00f3n y al da\u00f1o por impactos, bisagras moldeadas, sistema patentado de bloqueo de cierre TSA, empu\u00f1adura amortiguadora de goma sobremoldeada, asa y empu\u00f1adura, ruedas de deslizamiento silencioso, gran compartimento para accesorios, lujoso interior de platino que proporciona un soporte total del brazo y protecci\u00f3n en todos lados, longitud interior: 97.79 cm, longitud exterior: 114.30 cm, ancho exterior: 43.82 cm, profundidad exterior: 16.51 cm, longitud del cuerpo del instrumento: 43.18 cm, profundidad del cuerpo del instrumento: 6.99 cm, parte ancha del instrumento: 33.66 cm, parte angosta del instrumento: 24.13 cm, profundidad de la tapa: 3.81 cm, profundidad de la base: 10.16 cm, peso: 8.62 kg.&hellip; <a class=\"kt-excerpt-readmore more-link\" href=\"https:\/\/www.mexicanguitarplayers.com\/en\/tienda\/accesorios\/estuches-y-fundas\/para-guitarra\/para-guitarra-electrica\/estuche-skb-p-guit-electrica-3i-4214-prs\/\">Read more<\/a><\/p>","protected":false},"featured_media":29914,"comment_status":"open","ping_status":"closed","template":"","meta":{"kt_blocks_editor_width":""},"pwb-brand":[609],"product_brand":[],"product_cat":[85,517,566,567],"product_tag":[],"class_list":{"0":"post-29917","1":"product","2":"type-product","3":"status-publish","4":"has-post-thumbnail","6":"pwb-brand-skb","7":"product_cat-accesorios","8":"product_cat-estuches-y-fundas","9":"product_cat-para-guitarra","10":"product_cat-para-guitarra-electrica","11":"product_shipping_class-5-10-kg","13":"first","14":"outofstock","15":"taxable","16":"shipping-taxable","17":"purchasable","18":"product-type-simple"},"yoast_head":"<!-- This site is optimized with the Yoast SEO plugin v27.5 - https:\/\/yoast.com\/product\/yoast-seo-wordpress\/ -->\n<title>ESTUCHE SKB P\/GUIT ELECTRICA 3I-4214-PRS - Mexican Guitar Players<\/title>\n<meta name=\"description\" content=\"Estuche para guitarra el\u00e9ctrica, herm\u00e9tico y moldeado por inyecci\u00f3n, ideal para los modelos McCarty, CE (22\/24 Fret), Custom (22\/24 Fret), Single Cut y Santana de la marca PRS (no se ajusta al modelo Hollowbody II), resina de copol\u00edmero de polipropileno de ultra alta resistencia, resistente a los rayos UV, solventes y hongos, totalmente impermeable, v\u00e1lvula de estabilidad autom\u00e1tica de presi\u00f3n ambiental, resistente a la corrosi\u00f3n y al da\u00f1o por impactos, bisagras moldeadas, sistema patentado de bloqueo de cierre TSA, empu\u00f1adura amortiguadora de goma sobremoldeada, asa y empu\u00f1adura, ruedas de deslizamiento silencioso, gran compartimento para accesorios, lujoso interior de platino que proporciona un soporte total del brazo y protecci\u00f3n en todos lados, longitud interior: 97.79 cm, longitud exterior: 114.30 cm, ancho exterior: 43.82 cm, profundidad exterior: 16.51 cm, longitud del cuerpo del instrumento: 43.18 cm, profundidad del cuerpo del instrumento: 6.99 cm, parte ancha del instrumento: 33.66 cm, parte angosta del instrumento: 24.13 cm, profundidad de la tapa: 3.81 cm, profundidad de la base: 10.16 cm, peso: 8.62 kg.\" \/>\n<meta name=\"robots\" content=\"index, follow, max-snippet:-1, max-image-preview:large, max-video-preview:-1\" \/>\n<link rel=\"canonical\" href=\"https:\/\/www.mexicanguitarplayers.com\/en\/tienda\/sin%20categor\u00eda\/estuche-skb-p-guit-electrica-3i-4214-prs\/\" \/>\n<meta property=\"og:locale\" content=\"en_US\" \/>\n<meta property=\"og:type\" content=\"article\" \/>\n<meta property=\"og:title\" content=\"ESTUCHE SKB P\/GUIT ELECTRICA 3I-4214-PRS - Mexican Guitar Players\" \/>\n<meta property=\"og:description\" content=\"Estuche para guitarra el\u00e9ctrica, herm\u00e9tico y moldeado por inyecci\u00f3n, ideal para los modelos McCarty, CE (22\/24 Fret), Custom (22\/24 Fret), Single Cut y Santana de la marca PRS (no se ajusta al modelo Hollowbody II), resina de copol\u00edmero de polipropileno de ultra alta resistencia, resistente a los rayos UV, solventes y hongos, totalmente impermeable, v\u00e1lvula de estabilidad autom\u00e1tica de presi\u00f3n ambiental, resistente a la corrosi\u00f3n y al da\u00f1o por impactos, bisagras moldeadas, sistema patentado de bloqueo de cierre TSA, empu\u00f1adura amortiguadora de goma sobremoldeada, asa y empu\u00f1adura, ruedas de deslizamiento silencioso, gran compartimento para accesorios, lujoso interior de platino que proporciona un soporte total del brazo y protecci\u00f3n en todos lados, longitud interior: 97.79 cm, longitud exterior: 114.30 cm, ancho exterior: 43.82 cm, profundidad exterior: 16.51 cm, longitud del cuerpo del instrumento: 43.18 cm, profundidad del cuerpo del instrumento: 6.99 cm, parte ancha del instrumento: 33.66 cm, parte angosta del instrumento: 24.13 cm, profundidad de la tapa: 3.81 cm, profundidad de la base: 10.16 cm, peso: 8.62 kg.\" \/>\n<meta property=\"og:url\" content=\"https:\/\/www.mexicanguitarplayers.com\/en\/tienda\/sin categor\u00eda\/estuche-skb-p-guit-electrica-3i-4214-prs\/\" \/>\n<meta property=\"og:site_name\" content=\"Mexican Guitar Players\" \/>\n<meta property=\"article:modified_time\" content=\"2026-04-10T10:37:55+00:00\" \/>\n<meta name=\"twitter:card\" content=\"summary_large_image\" \/>\n<meta name=\"twitter:label1\" content=\"Est. reading time\" \/>\n\t<meta name=\"twitter:data1\" content=\"2 minutes\" \/>\n<script type=\"application\/ld+json\" class=\"yoast-schema-graph\">{\"@context\":\"https:\\\/\\\/schema.org\",\"@graph\":[{\"@type\":[\"WebPage\",\"ItemPage\"],\"@id\":\"https:\\\/\\\/www.mexicanguitarplayers.com\\\/tienda\\\/sin categor\u00eda\\\/estuche-skb-p-guit-electrica-3i-4214-prs\\\/\",\"url\":\"https:\\\/\\\/www.mexicanguitarplayers.com\\\/tienda\\\/sin categor\u00eda\\\/estuche-skb-p-guit-electrica-3i-4214-prs\\\/\",\"name\":\"ESTUCHE SKB P\\\/GUIT ELECTRICA 3I-4214-PRS - Mexican Guitar Players\",\"isPartOf\":{\"@id\":\"https:\\\/\\\/www.mexicanguitarplayers.com\\\/#website\"},\"primaryImageOfPage\":{\"@id\":\"https:\\\/\\\/www.mexicanguitarplayers.com\\\/tienda\\\/sin categor\u00eda\\\/estuche-skb-p-guit-electrica-3i-4214-prs\\\/#primaryimage\"},\"image\":{\"@id\":\"https:\\\/\\\/www.mexicanguitarplayers.com\\\/tienda\\\/sin categor\u00eda\\\/estuche-skb-p-guit-electrica-3i-4214-prs\\\/#primaryimage\"},\"thumbnailUrl\":\"https:\\\/\\\/www.mexicanguitarplayers.com\\\/wp-content\\\/uploads\\\/2025\\\/04\\\/VASKB3I4214PRS.jpg\",\"datePublished\":\"2025-04-08T17:00:21+00:00\",\"dateModified\":\"2026-04-10T10:37:55+00:00\",\"description\":\"Estuche para guitarra el\u00e9ctrica, herm\u00e9tico y moldeado por inyecci\u00f3n, ideal para los modelos McCarty, CE (22\\\/24 Fret), Custom (22\\\/24 Fret), Single Cut y Santana de la marca PRS (no se ajusta al modelo Hollowbody II), resina de copol\u00edmero de polipropileno de ultra alta resistencia, resistente a los rayos UV, solventes y hongos, totalmente impermeable, v\u00e1lvula de estabilidad autom\u00e1tica de presi\u00f3n ambiental, resistente a la corrosi\u00f3n y al da\u00f1o por impactos, bisagras moldeadas, sistema patentado de bloqueo de cierre TSA, empu\u00f1adura amortiguadora de goma sobremoldeada, asa y empu\u00f1adura, ruedas de deslizamiento silencioso, gran compartimento para accesorios, lujoso interior de platino que proporciona un soporte total del brazo y protecci\u00f3n en todos lados, longitud interior: 97.79 cm, longitud exterior: 114.30 cm, ancho exterior: 43.82 cm, profundidad exterior: 16.51 cm, longitud del cuerpo del instrumento: 43.18 cm, profundidad del cuerpo del instrumento: 6.99 cm, parte ancha del instrumento: 33.66 cm, parte angosta del instrumento: 24.13 cm, profundidad de la tapa: 3.81 cm, profundidad de la base: 10.16 cm, peso: 8.62 kg.\",\"breadcrumb\":{\"@id\":\"https:\\\/\\\/www.mexicanguitarplayers.com\\\/tienda\\\/sin categor\u00eda\\\/estuche-skb-p-guit-electrica-3i-4214-prs\\\/#breadcrumb\"},\"inLanguage\":\"en-US\",\"potentialAction\":[{\"@type\":\"ReadAction\",\"target\":[\"https:\\\/\\\/www.mexicanguitarplayers.com\\\/tienda\\\/sin categor\u00eda\\\/estuche-skb-p-guit-electrica-3i-4214-prs\\\/\"]}]},{\"@type\":\"ImageObject\",\"inLanguage\":\"en-US\",\"@id\":\"https:\\\/\\\/www.mexicanguitarplayers.com\\\/tienda\\\/sin categor\u00eda\\\/estuche-skb-p-guit-electrica-3i-4214-prs\\\/#primaryimage\",\"url\":\"https:\\\/\\\/www.mexicanguitarplayers.com\\\/wp-content\\\/uploads\\\/2025\\\/04\\\/VASKB3I4214PRS.jpg\",\"contentUrl\":\"https:\\\/\\\/www.mexicanguitarplayers.com\\\/wp-content\\\/uploads\\\/2025\\\/04\\\/VASKB3I4214PRS.jpg\",\"width\":1200,\"height\":1200},{\"@type\":\"BreadcrumbList\",\"@id\":\"https:\\\/\\\/www.mexicanguitarplayers.com\\\/tienda\\\/sin categor\u00eda\\\/estuche-skb-p-guit-electrica-3i-4214-prs\\\/#breadcrumb\",\"itemListElement\":[{\"@type\":\"ListItem\",\"position\":1,\"name\":\"Portada\",\"item\":\"https:\\\/\\\/www.mexicanguitarplayers.com\\\/\"},{\"@type\":\"ListItem\",\"position\":2,\"name\":\"Tienda\",\"item\":\"https:\\\/\\\/www.mexicanguitarplayers.com\\\/tienda\\\/\"},{\"@type\":\"ListItem\",\"position\":3,\"name\":\"ESTUCHE SKB P\\\/GUIT ELECTRICA 3I-4214-PRS\"}]},{\"@type\":\"WebSite\",\"@id\":\"https:\\\/\\\/www.mexicanguitarplayers.com\\\/#website\",\"url\":\"https:\\\/\\\/www.mexicanguitarplayers.com\\\/\",\"name\":\"Mexican Guitar Players\",\"description\":\"Website\",\"publisher\":{\"@id\":\"https:\\\/\\\/www.mexicanguitarplayers.com\\\/#organization\"},\"potentialAction\":[{\"@type\":\"SearchAction\",\"target\":{\"@type\":\"EntryPoint\",\"urlTemplate\":\"https:\\\/\\\/www.mexicanguitarplayers.com\\\/?s={search_term_string}\"},\"query-input\":{\"@type\":\"PropertyValueSpecification\",\"valueRequired\":true,\"valueName\":\"search_term_string\"}}],\"inLanguage\":\"en-US\"},{\"@type\":\"Organization\",\"@id\":\"https:\\\/\\\/www.mexicanguitarplayers.com\\\/#organization\",\"name\":\"Mexican Guitar Players\",\"url\":\"https:\\\/\\\/www.mexicanguitarplayers.com\\\/\",\"logo\":{\"@type\":\"ImageObject\",\"inLanguage\":\"en-US\",\"@id\":\"https:\\\/\\\/www.mexicanguitarplayers.com\\\/#\\\/schema\\\/logo\\\/image\\\/\",\"url\":\"\",\"contentUrl\":\"\",\"caption\":\"Mexican Guitar Players\"},\"image\":{\"@id\":\"https:\\\/\\\/www.mexicanguitarplayers.com\\\/#\\\/schema\\\/logo\\\/image\\\/\"}}]}<\/script>\n<!-- \/ Yoast SEO plugin. -->","yoast_head_json":{"title":"ESTUCHE SKB P\/GUIT ELECTRICA 3I-4214-PRS - Mexican Guitar Players","description":"Estuche para guitarra el\u00e9ctrica, herm\u00e9tico y moldeado por inyecci\u00f3n, ideal para los modelos McCarty, CE (22\/24 Fret), Custom (22\/24 Fret), Single Cut y Santana de la marca PRS (no se ajusta al modelo Hollowbody II), resina de copol\u00edmero de polipropileno de ultra alta resistencia, resistente a los rayos UV, solventes y hongos, totalmente impermeable, v\u00e1lvula de estabilidad autom\u00e1tica de presi\u00f3n ambiental, resistente a la corrosi\u00f3n y al da\u00f1o por impactos, bisagras moldeadas, sistema patentado de bloqueo de cierre TSA, empu\u00f1adura amortiguadora de goma sobremoldeada, asa y empu\u00f1adura, ruedas de deslizamiento silencioso, gran compartimento para accesorios, lujoso interior de platino que proporciona un soporte total del brazo y protecci\u00f3n en todos lados, longitud interior: 97.79 cm, longitud exterior: 114.30 cm, ancho exterior: 43.82 cm, profundidad exterior: 16.51 cm, longitud del cuerpo del instrumento: 43.18 cm, profundidad del cuerpo del instrumento: 6.99 cm, parte ancha del instrumento: 33.66 cm, parte angosta del instrumento: 24.13 cm, profundidad de la tapa: 3.81 cm, profundidad de la base: 10.16 cm, peso: 8.62 kg.","robots":{"index":"index","follow":"follow","max-snippet":"max-snippet:-1","max-image-preview":"max-image-preview:large","max-video-preview":"max-video-preview:-1"},"canonical":"https:\/\/www.mexicanguitarplayers.com\/en\/tienda\/sin categor\u00eda\/estuche-skb-p-guit-electrica-3i-4214-prs\/","og_locale":"en_US","og_type":"article","og_title":"ESTUCHE SKB P\/GUIT ELECTRICA 3I-4214-PRS - Mexican Guitar Players","og_description":"Estuche para guitarra el\u00e9ctrica, herm\u00e9tico y moldeado por inyecci\u00f3n, ideal para los modelos McCarty, CE (22\/24 Fret), Custom (22\/24 Fret), Single Cut y Santana de la marca PRS (no se ajusta al modelo Hollowbody II), resina de copol\u00edmero de polipropileno de ultra alta resistencia, resistente a los rayos UV, solventes y hongos, totalmente impermeable, v\u00e1lvula de estabilidad autom\u00e1tica de presi\u00f3n ambiental, resistente a la corrosi\u00f3n y al da\u00f1o por impactos, bisagras moldeadas, sistema patentado de bloqueo de cierre TSA, empu\u00f1adura amortiguadora de goma sobremoldeada, asa y empu\u00f1adura, ruedas de deslizamiento silencioso, gran compartimento para accesorios, lujoso interior de platino que proporciona un soporte total del brazo y protecci\u00f3n en todos lados, longitud interior: 97.79 cm, longitud exterior: 114.30 cm, ancho exterior: 43.82 cm, profundidad exterior: 16.51 cm, longitud del cuerpo del instrumento: 43.18 cm, profundidad del cuerpo del instrumento: 6.99 cm, parte ancha del instrumento: 33.66 cm, parte angosta del instrumento: 24.13 cm, profundidad de la tapa: 3.81 cm, profundidad de la base: 10.16 cm, peso: 8.62 kg.","og_url":"https:\/\/www.mexicanguitarplayers.com\/en\/tienda\/sin categor\u00eda\/estuche-skb-p-guit-electrica-3i-4214-prs\/","og_site_name":"Mexican Guitar Players","article_modified_time":"2026-04-10T10:37:55+00:00","twitter_card":"summary_large_image","twitter_misc":{"Est. reading time":"2 minutes"},"schema":{"@context":"https:\/\/schema.org","@graph":[{"@type":["WebPage","ItemPage"],"@id":"https:\/\/www.mexicanguitarplayers.com\/tienda\/sin categor\u00eda\/estuche-skb-p-guit-electrica-3i-4214-prs\/","url":"https:\/\/www.mexicanguitarplayers.com\/tienda\/sin categor\u00eda\/estuche-skb-p-guit-electrica-3i-4214-prs\/","name":"ESTUCHE SKB P\/GUIT ELECTRICA 3I-4214-PRS - Mexican Guitar Players","isPartOf":{"@id":"https:\/\/www.mexicanguitarplayers.com\/#website"},"primaryImageOfPage":{"@id":"https:\/\/www.mexicanguitarplayers.com\/tienda\/sin categor\u00eda\/estuche-skb-p-guit-electrica-3i-4214-prs\/#primaryimage"},"image":{"@id":"https:\/\/www.mexicanguitarplayers.com\/tienda\/sin categor\u00eda\/estuche-skb-p-guit-electrica-3i-4214-prs\/#primaryimage"},"thumbnailUrl":"https:\/\/www.mexicanguitarplayers.com\/wp-content\/uploads\/2025\/04\/VASKB3I4214PRS.jpg","datePublished":"2025-04-08T17:00:21+00:00","dateModified":"2026-04-10T10:37:55+00:00","description":"Estuche para guitarra el\u00e9ctrica, herm\u00e9tico y moldeado por inyecci\u00f3n, ideal para los modelos McCarty, CE (22\/24 Fret), Custom (22\/24 Fret), Single Cut y Santana de la marca PRS (no se ajusta al modelo Hollowbody II), resina de copol\u00edmero de polipropileno de ultra alta resistencia, resistente a los rayos UV, solventes y hongos, totalmente impermeable, v\u00e1lvula de estabilidad autom\u00e1tica de presi\u00f3n ambiental, resistente a la corrosi\u00f3n y al da\u00f1o por impactos, bisagras moldeadas, sistema patentado de bloqueo de cierre TSA, empu\u00f1adura amortiguadora de goma sobremoldeada, asa y empu\u00f1adura, ruedas de deslizamiento silencioso, gran compartimento para accesorios, lujoso interior de platino que proporciona un soporte total del brazo y protecci\u00f3n en todos lados, longitud interior: 97.79 cm, longitud exterior: 114.30 cm, ancho exterior: 43.82 cm, profundidad exterior: 16.51 cm, longitud del cuerpo del instrumento: 43.18 cm, profundidad del cuerpo del instrumento: 6.99 cm, parte ancha del instrumento: 33.66 cm, parte angosta del instrumento: 24.13 cm, profundidad de la tapa: 3.81 cm, profundidad de la base: 10.16 cm, peso: 8.62 kg.","breadcrumb":{"@id":"https:\/\/www.mexicanguitarplayers.com\/tienda\/sin categor\u00eda\/estuche-skb-p-guit-electrica-3i-4214-prs\/#breadcrumb"},"inLanguage":"en-US","potentialAction":[{"@type":"ReadAction","target":["https:\/\/www.mexicanguitarplayers.com\/tienda\/sin categor\u00eda\/estuche-skb-p-guit-electrica-3i-4214-prs\/"]}]},{"@type":"ImageObject","inLanguage":"en-US","@id":"https:\/\/www.mexicanguitarplayers.com\/tienda\/sin categor\u00eda\/estuche-skb-p-guit-electrica-3i-4214-prs\/#primaryimage","url":"https:\/\/www.mexicanguitarplayers.com\/wp-content\/uploads\/2025\/04\/VASKB3I4214PRS.jpg","contentUrl":"https:\/\/www.mexicanguitarplayers.com\/wp-content\/uploads\/2025\/04\/VASKB3I4214PRS.jpg","width":1200,"height":1200},{"@type":"BreadcrumbList","@id":"https:\/\/www.mexicanguitarplayers.com\/tienda\/sin categor\u00eda\/estuche-skb-p-guit-electrica-3i-4214-prs\/#breadcrumb","itemListElement":[{"@type":"ListItem","position":1,"name":"Portada","item":"https:\/\/www.mexicanguitarplayers.com\/"},{"@type":"ListItem","position":2,"name":"Tienda","item":"https:\/\/www.mexicanguitarplayers.com\/tienda\/"},{"@type":"ListItem","position":3,"name":"ESTUCHE SKB P\/GUIT ELECTRICA 3I-4214-PRS"}]},{"@type":"WebSite","@id":"https:\/\/www.mexicanguitarplayers.com\/#website","url":"https:\/\/www.mexicanguitarplayers.com\/","name":"Mexican Guitar Players","description":"Website","publisher":{"@id":"https:\/\/www.mexicanguitarplayers.com\/#organization"},"potentialAction":[{"@type":"SearchAction","target":{"@type":"EntryPoint","urlTemplate":"https:\/\/www.mexicanguitarplayers.com\/?s={search_term_string}"},"query-input":{"@type":"PropertyValueSpecification","valueRequired":true,"valueName":"search_term_string"}}],"inLanguage":"en-US"},{"@type":"Organization","@id":"https:\/\/www.mexicanguitarplayers.com\/#organization","name":"Mexican Guitar Players","url":"https:\/\/www.mexicanguitarplayers.com\/","logo":{"@type":"ImageObject","inLanguage":"en-US","@id":"https:\/\/www.mexicanguitarplayers.com\/#\/schema\/logo\/image\/","url":"","contentUrl":"","caption":"Mexican Guitar Players"},"image":{"@id":"https:\/\/www.mexicanguitarplayers.com\/#\/schema\/logo\/image\/"}}]}},"brands":[{"id":609,"name":"SKB","slug":"skb"}],"_links":{"self":[{"href":"https:\/\/www.mexicanguitarplayers.com\/en\/wp-json\/wp\/v2\/product\/29917","targetHints":{"allow":["GET"]}}],"collection":[{"href":"https:\/\/www.mexicanguitarplayers.com\/en\/wp-json\/wp\/v2\/product"}],"about":[{"href":"https:\/\/www.mexicanguitarplayers.com\/en\/wp-json\/wp\/v2\/types\/product"}],"replies":[{"embeddable":true,"href":"https:\/\/www.mexicanguitarplayers.com\/en\/wp-json\/wp\/v2\/comments?post=29917"}],"wp:featuredmedia":[{"embeddable":true,"href":"https:\/\/www.mexicanguitarplayers.com\/en\/wp-json\/wp\/v2\/media\/29914"}],"wp:attachment":[{"href":"https:\/\/www.mexicanguitarplayers.com\/en\/wp-json\/wp\/v2\/media?parent=29917"}],"wp:term":[{"taxonomy":"pwb-brand","embeddable":true,"href":"https:\/\/www.mexicanguitarplayers.com\/en\/wp-json\/wp\/v2\/pwb-brand?post=29917"},{"taxonomy":"product_brand","embeddable":true,"href":"https:\/\/www.mexicanguitarplayers.com\/en\/wp-json\/wp\/v2\/product_brand?post=29917"},{"taxonomy":"product_cat","embeddable":true,"href":"https:\/\/www.mexicanguitarplayers.com\/en\/wp-json\/wp\/v2\/product_cat?post=29917"},{"taxonomy":"product_tag","embeddable":true,"href":"https:\/\/www.mexicanguitarplayers.com\/en\/wp-json\/wp\/v2\/product_tag?post=29917"}],"curies":[{"name":"wp","href":"https:\/\/api.w.org\/{rel}","templated":true}]}}