{"id":29934,"date":"2025-04-08T11:01:03","date_gmt":"2025-04-08T17:01:03","guid":{"rendered":"https:\/\/www.mexicanguitarplayers.com\/tienda\/sin categor\u00eda\/encordadura-daddario-mod-ecb-81-5\/"},"modified":"2026-05-01T07:25:38","modified_gmt":"2026-05-01T13:25:38","slug":"encordadura-daddario-mod-ecb-81-5","status":"publish","type":"product","link":"https:\/\/www.mexicanguitarplayers.com\/en\/tienda\/accesorios\/estuches-y-fundas\/para-bajo-estuches-y-fundas\/encordadura-daddario-mod-ecb-81-5\/","title":{"rendered":"ENCORDADURA DADDARIO MOD. ECB-81-5"},"content":{"rendered":"<div style=\"text-align: justify\">\n<div>\n<h3>La mejores cuerdas flatwound del mercado.<\/h3>\n<\/div>\n<div>Encordadura ECB-815 para bajo de entorchado plano (flatwound) Chrome Series. Las cuerdas D\u2019Addario Chromes para Bajo son famosas por su suave tacto y su c\u00e1lido y melodioso tono. Las cuerdas se fabrican enrollando un list\u00f3n de acero inoxidable sobre un n\u00facleo de acero el cual ser\u00e1, m\u00e1s tarde, pulido para obtener un acabado extra-plano. El cromo entrega un profundo y rico sonido lo que las convierte en la opci\u00f3n de entorchado plano para los m\u00fasicos de Jazz, R&amp;B, y Pop. D\u2019Addario es la marca de cuerdas para instrumento m\u00e1s vendida del mundo. Sus productos son el resultado de m\u00e1s de un siglo de investigaci\u00f3n y desarrollo y son instaladas como equipo de serie en las mejores marcas de instrumentos. La pureza de sus materiales y la maquinaria de alta tecnolog\u00eda empleadas en la fabricaci\u00f3n de sus productos hacen de D\u2019Addario la marca preferida por los m\u00fasicos m\u00e1s relevantes de la actualidad. Todas las encordaduras D\u2019Addario vienen en empaques sellados con un gas especial que previene la corrosi\u00f3n y son amigables con el medio ambiente.<\/div>\n<div>\n<h4>Quick look<\/h4>\n<\/div>\n<ul style=\"margin: 0px 0px 0px 25px\">\n<li style=\"list-style-type: circle;margin: 5px\">N\u00facleo hexagonal de acero.<\/li>\n<li style=\"list-style-type: circle;margin: 5px\">Entorchadas con list\u00f3n de acero inoxidable.  <\/li>\n<li style=\"list-style-type: circle;margin: 5px\">Empaque anticorrosi\u00f3n.<\/li>\n<li style=\"list-style-type: circle;margin: 5px\">Calibre de las cuerdas.<\/li>\n<li style=\"list-style-type: circle;margin: 5px\">Applications.<\/li>\n<\/ul>\n<div>\n<div style=\"font-weight: bold\">N\u00facleo hexagonal de acero.<\/div>\n<div>\n<p>Durabilidad, brillantez, sustain y excelente octavaci\u00f3n<\/p>\n<\/div>\n<div style=\"font-weight: bold\">Entorchadas con list\u00f3n de acero inoxidable.  <\/div>\n<div>\n<p>Sensaci\u00f3n al tacto incre\u00edblemente plana y suave.<\/p>\n<\/div>\n<div style=\"font-weight: bold\">Empaque anticorrosi\u00f3n.<\/div>\n<div>\n<p>Ecological and corrosion resistant package to preserve the freshness of the strings.<\/p>\n<\/div>\n<div style=\"font-weight: bold\">Calibre de las cuerdas.<\/div>\n<div>\n<p>Entorchado .045, .065, .080, .100, .132.<\/p>\n<\/div>\n<div style=\"font-weight: bold\">Applications.<\/div>\n<div>\n<p>Aptas para bajos de escala larga con una longitud de escala de la cuerda de hasta 36 1\/4 pulgadas.<\/p>\n<\/div>\n<\/div>\n<div>\n<h4>Characteristics<\/h4>\n<\/div>\n<div>\n<ul style=\"margin: 0px 0px 0px 25px\">\n<li style=\"list-style-type: circle;margin: 5px\">Made in the USA.<\/li>\n<\/ul>\n<\/div>\n<\/div>","protected":false},"excerpt":{"rendered":"<p>Juego de cuerdas serie Chromes para bajo el\u00e9ctrico de 5 cuerdas, entorchado plano, entorchado con cord\u00f3n y pulido para proporcionar una sensaci\u00f3n extra suave y un tono c\u00e1lido y melodioso, aptas para bajos de escala larga con una longitud de escala de la cuerda de hasta 36 1\/4\u201d, fabricado en USA, calibres: .045, .065, .080, .100, .132, empaque ecol\u00f3gico y resistente a la corrosi\u00f3n.&hellip; <a class=\"kt-excerpt-readmore more-link\" href=\"https:\/\/www.mexicanguitarplayers.com\/en\/tienda\/accesorios\/estuches-y-fundas\/para-bajo-estuches-y-fundas\/encordadura-daddario-mod-ecb-81-5\/\">Read more<\/a><\/p>","protected":false},"featured_media":29933,"comment_status":"open","ping_status":"closed","template":"","meta":{"kt_blocks_editor_width":""},"pwb-brand":[347],"product_brand":[],"product_cat":[85,337,578],"product_tag":[],"class_list":{"0":"post-29934","1":"product","2":"type-product","3":"status-publish","4":"has-post-thumbnail","6":"pwb-brand-d-addario","7":"product_cat-accesorios","8":"product_cat-cuerdas-y-encordaduras","9":"product_cat-para-bajo-estuches-y-fundas","10":"product_shipping_class-0-5-kg-cuerdas","12":"first","13":"instock","14":"taxable","15":"shipping-taxable","16":"purchasable","17":"product-type-simple"},"yoast_head":"<!-- This site is optimized with the Yoast SEO plugin v27.5 - https:\/\/yoast.com\/product\/yoast-seo-wordpress\/ -->\n<title>ENCORDADURA DADDARIO MOD. ECB-81-5 - Mexican Guitar Players<\/title>\n<meta name=\"description\" content=\"Juego de cuerdas serie Chromes para bajo el\u00e9ctrico de 5 cuerdas, entorchado plano, entorchado con cord\u00f3n y pulido para proporcionar una sensaci\u00f3n extra suave y un tono c\u00e1lido y melodioso, aptas para bajos de escala larga con una longitud de escala de la cuerda de hasta 36 1\/4\u201d, fabricado en USA, calibres: .045, .065, .080, .100, .132, empaque ecol\u00f3gico y resistente a la corrosi\u00f3n.\" \/>\n<meta name=\"robots\" content=\"index, follow, max-snippet:-1, max-image-preview:large, max-video-preview:-1\" \/>\n<link rel=\"canonical\" href=\"https:\/\/www.mexicanguitarplayers.com\/en\/tienda\/sin%20categor\u00eda\/encordadura-daddario-mod-ecb-81-5\/\" \/>\n<meta property=\"og:locale\" content=\"en_US\" \/>\n<meta property=\"og:type\" content=\"article\" \/>\n<meta property=\"og:title\" content=\"ENCORDADURA DADDARIO MOD. ECB-81-5 - Mexican Guitar Players\" \/>\n<meta property=\"og:description\" content=\"Juego de cuerdas serie Chromes para bajo el\u00e9ctrico de 5 cuerdas, entorchado plano, entorchado con cord\u00f3n y pulido para proporcionar una sensaci\u00f3n extra suave y un tono c\u00e1lido y melodioso, aptas para bajos de escala larga con una longitud de escala de la cuerda de hasta 36 1\/4\u201d, fabricado en USA, calibres: .045, .065, .080, .100, .132, empaque ecol\u00f3gico y resistente a la corrosi\u00f3n.\" \/>\n<meta property=\"og:url\" content=\"https:\/\/www.mexicanguitarplayers.com\/en\/tienda\/sin categor\u00eda\/encordadura-daddario-mod-ecb-81-5\/\" \/>\n<meta property=\"og:site_name\" content=\"Mexican Guitar Players\" \/>\n<meta property=\"article:modified_time\" content=\"2026-05-01T13:25:38+00:00\" \/>\n<meta name=\"twitter:card\" content=\"summary_large_image\" \/>\n<meta name=\"twitter:label1\" content=\"Est. reading time\" \/>\n\t<meta name=\"twitter:data1\" content=\"1 minute\" \/>\n<script type=\"application\/ld+json\" class=\"yoast-schema-graph\">{\"@context\":\"https:\\\/\\\/schema.org\",\"@graph\":[{\"@type\":[\"WebPage\",\"ItemPage\"],\"@id\":\"https:\\\/\\\/www.mexicanguitarplayers.com\\\/tienda\\\/sin categor\u00eda\\\/encordadura-daddario-mod-ecb-81-5\\\/\",\"url\":\"https:\\\/\\\/www.mexicanguitarplayers.com\\\/tienda\\\/sin categor\u00eda\\\/encordadura-daddario-mod-ecb-81-5\\\/\",\"name\":\"ENCORDADURA DADDARIO MOD. ECB-81-5 - Mexican Guitar Players\",\"isPartOf\":{\"@id\":\"https:\\\/\\\/www.mexicanguitarplayers.com\\\/#website\"},\"primaryImageOfPage\":{\"@id\":\"https:\\\/\\\/www.mexicanguitarplayers.com\\\/tienda\\\/sin categor\u00eda\\\/encordadura-daddario-mod-ecb-81-5\\\/#primaryimage\"},\"image\":{\"@id\":\"https:\\\/\\\/www.mexicanguitarplayers.com\\\/tienda\\\/sin categor\u00eda\\\/encordadura-daddario-mod-ecb-81-5\\\/#primaryimage\"},\"thumbnailUrl\":\"https:\\\/\\\/www.mexicanguitarplayers.com\\\/wp-content\\\/uploads\\\/2025\\\/04\\\/RADADECB8151.jpg\",\"datePublished\":\"2025-04-08T17:01:03+00:00\",\"dateModified\":\"2026-05-01T13:25:38+00:00\",\"description\":\"Juego de cuerdas serie Chromes para bajo el\u00e9ctrico de 5 cuerdas, entorchado plano, entorchado con cord\u00f3n y pulido para proporcionar una sensaci\u00f3n extra suave y un tono c\u00e1lido y melodioso, aptas para bajos de escala larga con una longitud de escala de la cuerda de hasta 36 1\\\/4\u201d, fabricado en USA, calibres: .045, .065, .080, .100, .132, empaque ecol\u00f3gico y resistente a la corrosi\u00f3n.\",\"breadcrumb\":{\"@id\":\"https:\\\/\\\/www.mexicanguitarplayers.com\\\/tienda\\\/sin categor\u00eda\\\/encordadura-daddario-mod-ecb-81-5\\\/#breadcrumb\"},\"inLanguage\":\"en-US\",\"potentialAction\":[{\"@type\":\"ReadAction\",\"target\":[\"https:\\\/\\\/www.mexicanguitarplayers.com\\\/tienda\\\/sin categor\u00eda\\\/encordadura-daddario-mod-ecb-81-5\\\/\"]}]},{\"@type\":\"ImageObject\",\"inLanguage\":\"en-US\",\"@id\":\"https:\\\/\\\/www.mexicanguitarplayers.com\\\/tienda\\\/sin categor\u00eda\\\/encordadura-daddario-mod-ecb-81-5\\\/#primaryimage\",\"url\":\"https:\\\/\\\/www.mexicanguitarplayers.com\\\/wp-content\\\/uploads\\\/2025\\\/04\\\/RADADECB8151.jpg\",\"contentUrl\":\"https:\\\/\\\/www.mexicanguitarplayers.com\\\/wp-content\\\/uploads\\\/2025\\\/04\\\/RADADECB8151.jpg\",\"width\":906,\"height\":1000},{\"@type\":\"BreadcrumbList\",\"@id\":\"https:\\\/\\\/www.mexicanguitarplayers.com\\\/tienda\\\/sin categor\u00eda\\\/encordadura-daddario-mod-ecb-81-5\\\/#breadcrumb\",\"itemListElement\":[{\"@type\":\"ListItem\",\"position\":1,\"name\":\"Portada\",\"item\":\"https:\\\/\\\/www.mexicanguitarplayers.com\\\/\"},{\"@type\":\"ListItem\",\"position\":2,\"name\":\"Tienda\",\"item\":\"https:\\\/\\\/www.mexicanguitarplayers.com\\\/tienda\\\/\"},{\"@type\":\"ListItem\",\"position\":3,\"name\":\"ENCORDADURA DADDARIO MOD. ECB-81-5\"}]},{\"@type\":\"WebSite\",\"@id\":\"https:\\\/\\\/www.mexicanguitarplayers.com\\\/#website\",\"url\":\"https:\\\/\\\/www.mexicanguitarplayers.com\\\/\",\"name\":\"Mexican Guitar Players\",\"description\":\"Website\",\"publisher\":{\"@id\":\"https:\\\/\\\/www.mexicanguitarplayers.com\\\/#organization\"},\"potentialAction\":[{\"@type\":\"SearchAction\",\"target\":{\"@type\":\"EntryPoint\",\"urlTemplate\":\"https:\\\/\\\/www.mexicanguitarplayers.com\\\/?s={search_term_string}\"},\"query-input\":{\"@type\":\"PropertyValueSpecification\",\"valueRequired\":true,\"valueName\":\"search_term_string\"}}],\"inLanguage\":\"en-US\"},{\"@type\":\"Organization\",\"@id\":\"https:\\\/\\\/www.mexicanguitarplayers.com\\\/#organization\",\"name\":\"Mexican Guitar Players\",\"url\":\"https:\\\/\\\/www.mexicanguitarplayers.com\\\/\",\"logo\":{\"@type\":\"ImageObject\",\"inLanguage\":\"en-US\",\"@id\":\"https:\\\/\\\/www.mexicanguitarplayers.com\\\/#\\\/schema\\\/logo\\\/image\\\/\",\"url\":\"\",\"contentUrl\":\"\",\"caption\":\"Mexican Guitar Players\"},\"image\":{\"@id\":\"https:\\\/\\\/www.mexicanguitarplayers.com\\\/#\\\/schema\\\/logo\\\/image\\\/\"}}]}<\/script>\n<!-- \/ Yoast SEO plugin. -->","yoast_head_json":{"title":"ENCORDADURA DADDARIO MOD. ECB-81-5 - Mexican Guitar Players","description":"Juego de cuerdas serie Chromes para bajo el\u00e9ctrico de 5 cuerdas, entorchado plano, entorchado con cord\u00f3n y pulido para proporcionar una sensaci\u00f3n extra suave y un tono c\u00e1lido y melodioso, aptas para bajos de escala larga con una longitud de escala de la cuerda de hasta 36 1\/4\u201d, fabricado en USA, calibres: .045, .065, .080, .100, .132, empaque ecol\u00f3gico y resistente a la corrosi\u00f3n.","robots":{"index":"index","follow":"follow","max-snippet":"max-snippet:-1","max-image-preview":"max-image-preview:large","max-video-preview":"max-video-preview:-1"},"canonical":"https:\/\/www.mexicanguitarplayers.com\/en\/tienda\/sin categor\u00eda\/encordadura-daddario-mod-ecb-81-5\/","og_locale":"en_US","og_type":"article","og_title":"ENCORDADURA DADDARIO MOD. ECB-81-5 - Mexican Guitar Players","og_description":"Juego de cuerdas serie Chromes para bajo el\u00e9ctrico de 5 cuerdas, entorchado plano, entorchado con cord\u00f3n y pulido para proporcionar una sensaci\u00f3n extra suave y un tono c\u00e1lido y melodioso, aptas para bajos de escala larga con una longitud de escala de la cuerda de hasta 36 1\/4\u201d, fabricado en USA, calibres: .045, .065, .080, .100, .132, empaque ecol\u00f3gico y resistente a la corrosi\u00f3n.","og_url":"https:\/\/www.mexicanguitarplayers.com\/en\/tienda\/sin categor\u00eda\/encordadura-daddario-mod-ecb-81-5\/","og_site_name":"Mexican Guitar Players","article_modified_time":"2026-05-01T13:25:38+00:00","twitter_card":"summary_large_image","twitter_misc":{"Est. reading time":"1 minute"},"schema":{"@context":"https:\/\/schema.org","@graph":[{"@type":["WebPage","ItemPage"],"@id":"https:\/\/www.mexicanguitarplayers.com\/tienda\/sin categor\u00eda\/encordadura-daddario-mod-ecb-81-5\/","url":"https:\/\/www.mexicanguitarplayers.com\/tienda\/sin categor\u00eda\/encordadura-daddario-mod-ecb-81-5\/","name":"ENCORDADURA DADDARIO MOD. ECB-81-5 - Mexican Guitar Players","isPartOf":{"@id":"https:\/\/www.mexicanguitarplayers.com\/#website"},"primaryImageOfPage":{"@id":"https:\/\/www.mexicanguitarplayers.com\/tienda\/sin categor\u00eda\/encordadura-daddario-mod-ecb-81-5\/#primaryimage"},"image":{"@id":"https:\/\/www.mexicanguitarplayers.com\/tienda\/sin categor\u00eda\/encordadura-daddario-mod-ecb-81-5\/#primaryimage"},"thumbnailUrl":"https:\/\/www.mexicanguitarplayers.com\/wp-content\/uploads\/2025\/04\/RADADECB8151.jpg","datePublished":"2025-04-08T17:01:03+00:00","dateModified":"2026-05-01T13:25:38+00:00","description":"Juego de cuerdas serie Chromes para bajo el\u00e9ctrico de 5 cuerdas, entorchado plano, entorchado con cord\u00f3n y pulido para proporcionar una sensaci\u00f3n extra suave y un tono c\u00e1lido y melodioso, aptas para bajos de escala larga con una longitud de escala de la cuerda de hasta 36 1\/4\u201d, fabricado en USA, calibres: .045, .065, .080, .100, .132, empaque ecol\u00f3gico y resistente a la corrosi\u00f3n.","breadcrumb":{"@id":"https:\/\/www.mexicanguitarplayers.com\/tienda\/sin categor\u00eda\/encordadura-daddario-mod-ecb-81-5\/#breadcrumb"},"inLanguage":"en-US","potentialAction":[{"@type":"ReadAction","target":["https:\/\/www.mexicanguitarplayers.com\/tienda\/sin categor\u00eda\/encordadura-daddario-mod-ecb-81-5\/"]}]},{"@type":"ImageObject","inLanguage":"en-US","@id":"https:\/\/www.mexicanguitarplayers.com\/tienda\/sin categor\u00eda\/encordadura-daddario-mod-ecb-81-5\/#primaryimage","url":"https:\/\/www.mexicanguitarplayers.com\/wp-content\/uploads\/2025\/04\/RADADECB8151.jpg","contentUrl":"https:\/\/www.mexicanguitarplayers.com\/wp-content\/uploads\/2025\/04\/RADADECB8151.jpg","width":906,"height":1000},{"@type":"BreadcrumbList","@id":"https:\/\/www.mexicanguitarplayers.com\/tienda\/sin categor\u00eda\/encordadura-daddario-mod-ecb-81-5\/#breadcrumb","itemListElement":[{"@type":"ListItem","position":1,"name":"Portada","item":"https:\/\/www.mexicanguitarplayers.com\/"},{"@type":"ListItem","position":2,"name":"Tienda","item":"https:\/\/www.mexicanguitarplayers.com\/tienda\/"},{"@type":"ListItem","position":3,"name":"ENCORDADURA DADDARIO MOD. ECB-81-5"}]},{"@type":"WebSite","@id":"https:\/\/www.mexicanguitarplayers.com\/#website","url":"https:\/\/www.mexicanguitarplayers.com\/","name":"Mexican Guitar Players","description":"Website","publisher":{"@id":"https:\/\/www.mexicanguitarplayers.com\/#organization"},"potentialAction":[{"@type":"SearchAction","target":{"@type":"EntryPoint","urlTemplate":"https:\/\/www.mexicanguitarplayers.com\/?s={search_term_string}"},"query-input":{"@type":"PropertyValueSpecification","valueRequired":true,"valueName":"search_term_string"}}],"inLanguage":"en-US"},{"@type":"Organization","@id":"https:\/\/www.mexicanguitarplayers.com\/#organization","name":"Mexican Guitar Players","url":"https:\/\/www.mexicanguitarplayers.com\/","logo":{"@type":"ImageObject","inLanguage":"en-US","@id":"https:\/\/www.mexicanguitarplayers.com\/#\/schema\/logo\/image\/","url":"","contentUrl":"","caption":"Mexican Guitar Players"},"image":{"@id":"https:\/\/www.mexicanguitarplayers.com\/#\/schema\/logo\/image\/"}}]}},"brands":[{"id":347,"name":"D ADDARIO","slug":"d-addario"}],"_links":{"self":[{"href":"https:\/\/www.mexicanguitarplayers.com\/en\/wp-json\/wp\/v2\/product\/29934","targetHints":{"allow":["GET"]}}],"collection":[{"href":"https:\/\/www.mexicanguitarplayers.com\/en\/wp-json\/wp\/v2\/product"}],"about":[{"href":"https:\/\/www.mexicanguitarplayers.com\/en\/wp-json\/wp\/v2\/types\/product"}],"replies":[{"embeddable":true,"href":"https:\/\/www.mexicanguitarplayers.com\/en\/wp-json\/wp\/v2\/comments?post=29934"}],"wp:featuredmedia":[{"embeddable":true,"href":"https:\/\/www.mexicanguitarplayers.com\/en\/wp-json\/wp\/v2\/media\/29933"}],"wp:attachment":[{"href":"https:\/\/www.mexicanguitarplayers.com\/en\/wp-json\/wp\/v2\/media?parent=29934"}],"wp:term":[{"taxonomy":"pwb-brand","embeddable":true,"href":"https:\/\/www.mexicanguitarplayers.com\/en\/wp-json\/wp\/v2\/pwb-brand?post=29934"},{"taxonomy":"product_brand","embeddable":true,"href":"https:\/\/www.mexicanguitarplayers.com\/en\/wp-json\/wp\/v2\/product_brand?post=29934"},{"taxonomy":"product_cat","embeddable":true,"href":"https:\/\/www.mexicanguitarplayers.com\/en\/wp-json\/wp\/v2\/product_cat?post=29934"},{"taxonomy":"product_tag","embeddable":true,"href":"https:\/\/www.mexicanguitarplayers.com\/en\/wp-json\/wp\/v2\/product_tag?post=29934"}],"curies":[{"name":"wp","href":"https:\/\/api.w.org\/{rel}","templated":true}]}}