{"id":29974,"date":"2025-04-08T11:03:22","date_gmt":"2025-04-08T17:03:22","guid":{"rendered":"https:\/\/www.mexicanguitarplayers.com\/tienda\/sin categor\u00eda\/bafle-turbosound-c-poder-mod-iq8\/"},"modified":"2026-05-01T07:25:37","modified_gmt":"2026-05-01T13:25:37","slug":"bafle-turbosound-c-poder-mod-iq8","status":"publish","type":"product","link":"https:\/\/www.mexicanguitarplayers.com\/en\/tienda\/audio\/bafles-y-bocinas\/bafles\/bafles-activos\/bafle-turbosound-c-poder-mod-iq8\/","title":{"rendered":"BAFLE TURBOSOUND C\/PODER MOD. IQ8"},"content":{"rendered":"<div style=\"text-align: justify\">\n<div>\n<h3>Una calidad incre\u00edble de sonido en un paquete compacto.<\/h3>\n<\/div>\n<div>El iQ8 de Turbosound es un potente bafle de 2500 watts, ideal para aplicaciones portables e instalaciones fijas, m\u00fasica y refuerzo sonoro. Incluye un potente altavoz de 8&#8243; pulgadas de baja frecuencia con una bobina m\u00f3vil de masa baja para incrementar la respuesta transitoria y un driver de compresi\u00f3n de alta temperatura de 1&#8243; pulgada para una reproducci\u00f3n de alta frecuencia extendida. Equipado con un ligero pero eficiente amplificador de potencia Klark Teknik Clase D de 2 canales, el iQ8 ofrece una impresionante potencia de 2500 watts de salida. Un alto grado de control sobre el desempe\u00f1o del sistema de altavoces se gestiona por un sofisticado procesador Klark Teknik de se\u00f1al digital (DSP) que proporciona un ecualizador din\u00e1mico para una notable respuesta  de rango completo a bajos niveles de volumen y una limitante transparente para ofrecer lo \u00faltimo en claridad a niveles altos de salida y una gran fiabilidad a largo plazo. Los avanzados presets de modelado DSP de altavoces incluyen modelos detallados y precisos de algunos de los altavoces m\u00e1s respetados en la industria del audio.<\/div>\n<div>\n<h4>Quick look<\/h4>\n<\/div>\n<ul style=\"margin: 0px 0px 0px 25px\">\n<li style=\"list-style-type: circle;margin: 5px\">Tipo de sistema<\/li>\n<li style=\"list-style-type: circle;margin: 5px\">Configuraci\u00f3n.<\/li>\n<li style=\"list-style-type: circle;margin: 5px\">Driver LF.<\/li>\n<li style=\"list-style-type: circle;margin: 5px\">Driver HF.<\/li>\n<li style=\"list-style-type: circle;margin: 5px\">Power.<\/li>\n<li style=\"list-style-type: circle;margin: 5px\">Rango de frecuencia.<\/li>\n<li style=\"list-style-type: circle;margin: 5px\">Maximum SPL.<\/li>\n<li style=\"list-style-type: circle;margin: 5px\">\u00c1ngulo de cobertura.<\/li>\n<li style=\"list-style-type: circle;margin: 5px\">Material del gabinete.<\/li>\n<li style=\"list-style-type: circle;margin: 5px\">Opciones de montaje.<\/li>\n<li style=\"list-style-type: circle;margin: 5px\">Tickets.<\/li>\n<li style=\"list-style-type: circle;margin: 5px\">Departures.<\/li>\n<li style=\"list-style-type: circle;margin: 5px\">Dimensions.<\/li>\n<li style=\"list-style-type: circle;margin: 5px\">Weight.<\/li>\n<\/ul>\n<div>\n<div style=\"font-weight: bold\">Tipo de sistema<\/div>\n<div>\n<p>Bafle amplificado de 2 v\u00edas.<\/p>\n<\/div>\n<div style=\"font-weight: bold\">Configuraci\u00f3n.<\/div>\n<div>\n<p>Bi amplificado.<\/p>\n<\/div>\n<div style=\"font-weight: bold\">Driver LF.<\/div>\n<div>\n<p>Un altavoz de 8&#8243; pulgadas.<\/p>\n<\/div>\n<div style=\"font-weight: bold\">Driver HF.<\/div>\n<div>\n<p>Un driver de compresi\u00f3n de 1&#8243; pulgada.<\/p>\n<\/div>\n<div style=\"font-weight: bold\">Power.<\/div>\n<div>\n<p>2,500 watts.<\/p>\n<\/div>\n<div style=\"font-weight: bold\">Rango de frecuencia.<\/div>\n<div>\n<p>55 Hz &#8211; 20 kHz (-10 dB).<\/p>\n<\/div>\n<div style=\"font-weight: bold\">Maximum SPL.<\/div>\n<div>\n<p>122 dB.<\/p>\n<\/div>\n<div style=\"font-weight: bold\">\u00c1ngulo de cobertura.<\/div>\n<div>\n<p>90 x 90.<\/p>\n<\/div>\n<div style=\"font-weight: bold\">Material del gabinete.<\/div>\n<div>\n<p>Fibra de vidrio.<\/p>\n<\/div>\n<div style=\"font-weight: bold\">Opciones de montaje.<\/div>\n<div>\n<p>Polo de montaje en poste, suspensi\u00f3n.<\/p>\n<\/div>\n<div style=\"font-weight: bold\">Tickets.<\/div>\n<div>\n<p>2 combo XLR\/TRS.<\/p>\n<\/div>\n<div style=\"font-weight: bold\">Departures.<\/div>\n<div>\n<p>2 XLR.<\/p>\n<\/div>\n<div style=\"font-weight: bold\">Dimensions.<\/div>\n<div>\n<p>457.20 x 279.40 x 279.40 mm.<\/p>\n<\/div>\n<div style=\"font-weight: bold\">Weight.<\/div>\n<div>\n<p>14.5 kg.<\/p>\n<\/div>\n<\/div>\n<\/div>","protected":false},"excerpt":{"rendered":"<p>Bafle activo de 2 v\u00edas, altavoz 8\u201d pulgadas con bobina m\u00f3vil de masa baja, driver de compresi\u00f3n de 1\u201d pulgada, potencia de 2500 watts, ideal para PA portable y aplicaciones de instalaci\u00f3n, tecnolog\u00eda Klark Teknik Clase D, procesamiento de se\u00f1al digital Klark Teknik, modelado de altavoces, SCC (Contorno espacial de control), que compensa la frecuencia de respuesta en relaci\u00f3n a la ubicaci\u00f3n f\u00edsica del altavoz, redes UltraNet, display LCD; software para control remoto, gabinete de polipropileno y reforzada, rejilla de acero perforado, polo de montaje de \u00e1ngulo dual, m\u00faltiples puntos de suspensi\u00f3n internos, conectores Neutrik PowerCON, \u00e1ngulo de cobertura: 90 x 90, 2 entradas combo y 2 salidas XLR, dimensiones: 457.20 x 279.40 x 279.40 mm, peso: 14.5 kg.&hellip; <a class=\"kt-excerpt-readmore more-link\" href=\"https:\/\/www.mexicanguitarplayers.com\/en\/tienda\/audio\/bafles-y-bocinas\/bafles\/bafles-activos\/bafle-turbosound-c-poder-mod-iq8\/\">Read more<\/a><\/p>","protected":false},"featured_media":29968,"comment_status":"open","ping_status":"closed","template":"","meta":{"kt_blocks_editor_width":""},"pwb-brand":[498],"product_brand":[],"product_cat":[213,222,472,221],"product_tag":[],"class_list":{"0":"post-29974","1":"product","2":"type-product","3":"status-publish","4":"has-post-thumbnail","6":"pwb-brand-turbosound","7":"product_cat-audio","8":"product_cat-bafles","9":"product_cat-bafles-activos","10":"product_cat-bafles-y-bocinas","11":"product_shipping_class-15-20-kg","13":"first","14":"instock","15":"taxable","16":"shipping-taxable","17":"purchasable","18":"product-type-simple"},"yoast_head":"<!-- This site is optimized with the Yoast SEO plugin v27.5 - https:\/\/yoast.com\/product\/yoast-seo-wordpress\/ -->\n<title>BAFLE TURBOSOUND C\/PODER MOD. IQ8 - Mexican Guitar Players<\/title>\n<meta name=\"description\" content=\"Bafle activo de 2 v\u00edas, altavoz 8\u201d pulgadas con bobina m\u00f3vil de masa baja, driver de compresi\u00f3n de 1\u201d pulgada, potencia de 2500 watts, ideal para PA portable y aplicaciones de instalaci\u00f3n, tecnolog\u00eda Klark Teknik Clase D, procesamiento de se\u00f1al digital Klark Teknik, modelado de altavoces, SCC (Contorno espacial de control), que compensa la frecuencia de respuesta en relaci\u00f3n a la ubicaci\u00f3n f\u00edsica del altavoz, redes UltraNet, display LCD; software para control remoto, gabinete de polipropileno y reforzada, rejilla de acero perforado, polo de montaje de \u00e1ngulo dual, m\u00faltiples puntos de suspensi\u00f3n internos, conectores Neutrik PowerCON, \u00e1ngulo de cobertura: 90 x 90, 2 entradas combo y 2 salidas XLR, dimensiones: 457.20 x 279.40 x 279.40 mm, peso: 14.5 kg.\" \/>\n<meta name=\"robots\" content=\"index, follow, max-snippet:-1, max-image-preview:large, max-video-preview:-1\" \/>\n<link rel=\"canonical\" href=\"https:\/\/www.mexicanguitarplayers.com\/en\/tienda\/sin%20categor\u00eda\/bafle-turbosound-c-poder-mod-iq8\/\" \/>\n<meta property=\"og:locale\" content=\"en_US\" \/>\n<meta property=\"og:type\" content=\"article\" \/>\n<meta property=\"og:title\" content=\"BAFLE TURBOSOUND C\/PODER MOD. IQ8 - Mexican Guitar Players\" \/>\n<meta property=\"og:description\" content=\"Bafle activo de 2 v\u00edas, altavoz 8\u201d pulgadas con bobina m\u00f3vil de masa baja, driver de compresi\u00f3n de 1\u201d pulgada, potencia de 2500 watts, ideal para PA portable y aplicaciones de instalaci\u00f3n, tecnolog\u00eda Klark Teknik Clase D, procesamiento de se\u00f1al digital Klark Teknik, modelado de altavoces, SCC (Contorno espacial de control), que compensa la frecuencia de respuesta en relaci\u00f3n a la ubicaci\u00f3n f\u00edsica del altavoz, redes UltraNet, display LCD; software para control remoto, gabinete de polipropileno y reforzada, rejilla de acero perforado, polo de montaje de \u00e1ngulo dual, m\u00faltiples puntos de suspensi\u00f3n internos, conectores Neutrik PowerCON, \u00e1ngulo de cobertura: 90 x 90, 2 entradas combo y 2 salidas XLR, dimensiones: 457.20 x 279.40 x 279.40 mm, peso: 14.5 kg.\" \/>\n<meta property=\"og:url\" content=\"https:\/\/www.mexicanguitarplayers.com\/en\/tienda\/sin categor\u00eda\/bafle-turbosound-c-poder-mod-iq8\/\" \/>\n<meta property=\"og:site_name\" content=\"Mexican Guitar Players\" \/>\n<meta property=\"article:modified_time\" content=\"2026-05-01T13:25:37+00:00\" \/>\n<meta name=\"twitter:card\" content=\"summary_large_image\" \/>\n<meta name=\"twitter:label1\" content=\"Est. reading time\" \/>\n\t<meta name=\"twitter:data1\" content=\"1 minute\" \/>\n<script type=\"application\/ld+json\" class=\"yoast-schema-graph\">{\"@context\":\"https:\\\/\\\/schema.org\",\"@graph\":[{\"@type\":[\"WebPage\",\"ItemPage\"],\"@id\":\"https:\\\/\\\/www.mexicanguitarplayers.com\\\/tienda\\\/sin categor\u00eda\\\/bafle-turbosound-c-poder-mod-iq8\\\/\",\"url\":\"https:\\\/\\\/www.mexicanguitarplayers.com\\\/tienda\\\/sin categor\u00eda\\\/bafle-turbosound-c-poder-mod-iq8\\\/\",\"name\":\"BAFLE TURBOSOUND C\\\/PODER MOD. IQ8 - Mexican Guitar Players\",\"isPartOf\":{\"@id\":\"https:\\\/\\\/www.mexicanguitarplayers.com\\\/#website\"},\"primaryImageOfPage\":{\"@id\":\"https:\\\/\\\/www.mexicanguitarplayers.com\\\/tienda\\\/sin categor\u00eda\\\/bafle-turbosound-c-poder-mod-iq8\\\/#primaryimage\"},\"image\":{\"@id\":\"https:\\\/\\\/www.mexicanguitarplayers.com\\\/tienda\\\/sin categor\u00eda\\\/bafle-turbosound-c-poder-mod-iq8\\\/#primaryimage\"},\"thumbnailUrl\":\"https:\\\/\\\/www.mexicanguitarplayers.com\\\/wp-content\\\/uploads\\\/2025\\\/04\\\/IATURIQ8.jpg\",\"datePublished\":\"2025-04-08T17:03:22+00:00\",\"dateModified\":\"2026-05-01T13:25:37+00:00\",\"description\":\"Bafle activo de 2 v\u00edas, altavoz 8\u201d pulgadas con bobina m\u00f3vil de masa baja, driver de compresi\u00f3n de 1\u201d pulgada, potencia de 2500 watts, ideal para PA portable y aplicaciones de instalaci\u00f3n, tecnolog\u00eda Klark Teknik Clase D, procesamiento de se\u00f1al digital Klark Teknik, modelado de altavoces, SCC (Contorno espacial de control), que compensa la frecuencia de respuesta en relaci\u00f3n a la ubicaci\u00f3n f\u00edsica del altavoz, redes UltraNet, display LCD; software para control remoto, gabinete de polipropileno y reforzada, rejilla de acero perforado, polo de montaje de \u00e1ngulo dual, m\u00faltiples puntos de suspensi\u00f3n internos, conectores Neutrik PowerCON, \u00e1ngulo de cobertura: 90 x 90, 2 entradas combo y 2 salidas XLR, dimensiones: 457.20 x 279.40 x 279.40 mm, peso: 14.5 kg.\",\"breadcrumb\":{\"@id\":\"https:\\\/\\\/www.mexicanguitarplayers.com\\\/tienda\\\/sin categor\u00eda\\\/bafle-turbosound-c-poder-mod-iq8\\\/#breadcrumb\"},\"inLanguage\":\"en-US\",\"potentialAction\":[{\"@type\":\"ReadAction\",\"target\":[\"https:\\\/\\\/www.mexicanguitarplayers.com\\\/tienda\\\/sin categor\u00eda\\\/bafle-turbosound-c-poder-mod-iq8\\\/\"]}]},{\"@type\":\"ImageObject\",\"inLanguage\":\"en-US\",\"@id\":\"https:\\\/\\\/www.mexicanguitarplayers.com\\\/tienda\\\/sin categor\u00eda\\\/bafle-turbosound-c-poder-mod-iq8\\\/#primaryimage\",\"url\":\"https:\\\/\\\/www.mexicanguitarplayers.com\\\/wp-content\\\/uploads\\\/2025\\\/04\\\/IATURIQ8.jpg\",\"contentUrl\":\"https:\\\/\\\/www.mexicanguitarplayers.com\\\/wp-content\\\/uploads\\\/2025\\\/04\\\/IATURIQ8.jpg\",\"width\":1200,\"height\":1200},{\"@type\":\"BreadcrumbList\",\"@id\":\"https:\\\/\\\/www.mexicanguitarplayers.com\\\/tienda\\\/sin categor\u00eda\\\/bafle-turbosound-c-poder-mod-iq8\\\/#breadcrumb\",\"itemListElement\":[{\"@type\":\"ListItem\",\"position\":1,\"name\":\"Portada\",\"item\":\"https:\\\/\\\/www.mexicanguitarplayers.com\\\/\"},{\"@type\":\"ListItem\",\"position\":2,\"name\":\"Tienda\",\"item\":\"https:\\\/\\\/www.mexicanguitarplayers.com\\\/tienda\\\/\"},{\"@type\":\"ListItem\",\"position\":3,\"name\":\"BAFLE TURBOSOUND C\\\/PODER MOD. IQ8\"}]},{\"@type\":\"WebSite\",\"@id\":\"https:\\\/\\\/www.mexicanguitarplayers.com\\\/#website\",\"url\":\"https:\\\/\\\/www.mexicanguitarplayers.com\\\/\",\"name\":\"Mexican Guitar Players\",\"description\":\"Website\",\"publisher\":{\"@id\":\"https:\\\/\\\/www.mexicanguitarplayers.com\\\/#organization\"},\"potentialAction\":[{\"@type\":\"SearchAction\",\"target\":{\"@type\":\"EntryPoint\",\"urlTemplate\":\"https:\\\/\\\/www.mexicanguitarplayers.com\\\/?s={search_term_string}\"},\"query-input\":{\"@type\":\"PropertyValueSpecification\",\"valueRequired\":true,\"valueName\":\"search_term_string\"}}],\"inLanguage\":\"en-US\"},{\"@type\":\"Organization\",\"@id\":\"https:\\\/\\\/www.mexicanguitarplayers.com\\\/#organization\",\"name\":\"Mexican Guitar Players\",\"url\":\"https:\\\/\\\/www.mexicanguitarplayers.com\\\/\",\"logo\":{\"@type\":\"ImageObject\",\"inLanguage\":\"en-US\",\"@id\":\"https:\\\/\\\/www.mexicanguitarplayers.com\\\/#\\\/schema\\\/logo\\\/image\\\/\",\"url\":\"\",\"contentUrl\":\"\",\"caption\":\"Mexican Guitar Players\"},\"image\":{\"@id\":\"https:\\\/\\\/www.mexicanguitarplayers.com\\\/#\\\/schema\\\/logo\\\/image\\\/\"}}]}<\/script>\n<!-- \/ Yoast SEO plugin. -->","yoast_head_json":{"title":"BAFLE TURBOSOUND C\/PODER MOD. IQ8 - Mexican Guitar Players","description":"Bafle activo de 2 v\u00edas, altavoz 8\u201d pulgadas con bobina m\u00f3vil de masa baja, driver de compresi\u00f3n de 1\u201d pulgada, potencia de 2500 watts, ideal para PA portable y aplicaciones de instalaci\u00f3n, tecnolog\u00eda Klark Teknik Clase D, procesamiento de se\u00f1al digital Klark Teknik, modelado de altavoces, SCC (Contorno espacial de control), que compensa la frecuencia de respuesta en relaci\u00f3n a la ubicaci\u00f3n f\u00edsica del altavoz, redes UltraNet, display LCD; software para control remoto, gabinete de polipropileno y reforzada, rejilla de acero perforado, polo de montaje de \u00e1ngulo dual, m\u00faltiples puntos de suspensi\u00f3n internos, conectores Neutrik PowerCON, \u00e1ngulo de cobertura: 90 x 90, 2 entradas combo y 2 salidas XLR, dimensiones: 457.20 x 279.40 x 279.40 mm, peso: 14.5 kg.","robots":{"index":"index","follow":"follow","max-snippet":"max-snippet:-1","max-image-preview":"max-image-preview:large","max-video-preview":"max-video-preview:-1"},"canonical":"https:\/\/www.mexicanguitarplayers.com\/en\/tienda\/sin categor\u00eda\/bafle-turbosound-c-poder-mod-iq8\/","og_locale":"en_US","og_type":"article","og_title":"BAFLE TURBOSOUND C\/PODER MOD. IQ8 - Mexican Guitar Players","og_description":"Bafle activo de 2 v\u00edas, altavoz 8\u201d pulgadas con bobina m\u00f3vil de masa baja, driver de compresi\u00f3n de 1\u201d pulgada, potencia de 2500 watts, ideal para PA portable y aplicaciones de instalaci\u00f3n, tecnolog\u00eda Klark Teknik Clase D, procesamiento de se\u00f1al digital Klark Teknik, modelado de altavoces, SCC (Contorno espacial de control), que compensa la frecuencia de respuesta en relaci\u00f3n a la ubicaci\u00f3n f\u00edsica del altavoz, redes UltraNet, display LCD; software para control remoto, gabinete de polipropileno y reforzada, rejilla de acero perforado, polo de montaje de \u00e1ngulo dual, m\u00faltiples puntos de suspensi\u00f3n internos, conectores Neutrik PowerCON, \u00e1ngulo de cobertura: 90 x 90, 2 entradas combo y 2 salidas XLR, dimensiones: 457.20 x 279.40 x 279.40 mm, peso: 14.5 kg.","og_url":"https:\/\/www.mexicanguitarplayers.com\/en\/tienda\/sin categor\u00eda\/bafle-turbosound-c-poder-mod-iq8\/","og_site_name":"Mexican Guitar Players","article_modified_time":"2026-05-01T13:25:37+00:00","twitter_card":"summary_large_image","twitter_misc":{"Est. reading time":"1 minute"},"schema":{"@context":"https:\/\/schema.org","@graph":[{"@type":["WebPage","ItemPage"],"@id":"https:\/\/www.mexicanguitarplayers.com\/tienda\/sin categor\u00eda\/bafle-turbosound-c-poder-mod-iq8\/","url":"https:\/\/www.mexicanguitarplayers.com\/tienda\/sin categor\u00eda\/bafle-turbosound-c-poder-mod-iq8\/","name":"BAFLE TURBOSOUND C\/PODER MOD. IQ8 - Mexican Guitar Players","isPartOf":{"@id":"https:\/\/www.mexicanguitarplayers.com\/#website"},"primaryImageOfPage":{"@id":"https:\/\/www.mexicanguitarplayers.com\/tienda\/sin categor\u00eda\/bafle-turbosound-c-poder-mod-iq8\/#primaryimage"},"image":{"@id":"https:\/\/www.mexicanguitarplayers.com\/tienda\/sin categor\u00eda\/bafle-turbosound-c-poder-mod-iq8\/#primaryimage"},"thumbnailUrl":"https:\/\/www.mexicanguitarplayers.com\/wp-content\/uploads\/2025\/04\/IATURIQ8.jpg","datePublished":"2025-04-08T17:03:22+00:00","dateModified":"2026-05-01T13:25:37+00:00","description":"Bafle activo de 2 v\u00edas, altavoz 8\u201d pulgadas con bobina m\u00f3vil de masa baja, driver de compresi\u00f3n de 1\u201d pulgada, potencia de 2500 watts, ideal para PA portable y aplicaciones de instalaci\u00f3n, tecnolog\u00eda Klark Teknik Clase D, procesamiento de se\u00f1al digital Klark Teknik, modelado de altavoces, SCC (Contorno espacial de control), que compensa la frecuencia de respuesta en relaci\u00f3n a la ubicaci\u00f3n f\u00edsica del altavoz, redes UltraNet, display LCD; software para control remoto, gabinete de polipropileno y reforzada, rejilla de acero perforado, polo de montaje de \u00e1ngulo dual, m\u00faltiples puntos de suspensi\u00f3n internos, conectores Neutrik PowerCON, \u00e1ngulo de cobertura: 90 x 90, 2 entradas combo y 2 salidas XLR, dimensiones: 457.20 x 279.40 x 279.40 mm, peso: 14.5 kg.","breadcrumb":{"@id":"https:\/\/www.mexicanguitarplayers.com\/tienda\/sin categor\u00eda\/bafle-turbosound-c-poder-mod-iq8\/#breadcrumb"},"inLanguage":"en-US","potentialAction":[{"@type":"ReadAction","target":["https:\/\/www.mexicanguitarplayers.com\/tienda\/sin categor\u00eda\/bafle-turbosound-c-poder-mod-iq8\/"]}]},{"@type":"ImageObject","inLanguage":"en-US","@id":"https:\/\/www.mexicanguitarplayers.com\/tienda\/sin categor\u00eda\/bafle-turbosound-c-poder-mod-iq8\/#primaryimage","url":"https:\/\/www.mexicanguitarplayers.com\/wp-content\/uploads\/2025\/04\/IATURIQ8.jpg","contentUrl":"https:\/\/www.mexicanguitarplayers.com\/wp-content\/uploads\/2025\/04\/IATURIQ8.jpg","width":1200,"height":1200},{"@type":"BreadcrumbList","@id":"https:\/\/www.mexicanguitarplayers.com\/tienda\/sin categor\u00eda\/bafle-turbosound-c-poder-mod-iq8\/#breadcrumb","itemListElement":[{"@type":"ListItem","position":1,"name":"Portada","item":"https:\/\/www.mexicanguitarplayers.com\/"},{"@type":"ListItem","position":2,"name":"Tienda","item":"https:\/\/www.mexicanguitarplayers.com\/tienda\/"},{"@type":"ListItem","position":3,"name":"BAFLE TURBOSOUND C\/PODER MOD. IQ8"}]},{"@type":"WebSite","@id":"https:\/\/www.mexicanguitarplayers.com\/#website","url":"https:\/\/www.mexicanguitarplayers.com\/","name":"Mexican Guitar Players","description":"Website","publisher":{"@id":"https:\/\/www.mexicanguitarplayers.com\/#organization"},"potentialAction":[{"@type":"SearchAction","target":{"@type":"EntryPoint","urlTemplate":"https:\/\/www.mexicanguitarplayers.com\/?s={search_term_string}"},"query-input":{"@type":"PropertyValueSpecification","valueRequired":true,"valueName":"search_term_string"}}],"inLanguage":"en-US"},{"@type":"Organization","@id":"https:\/\/www.mexicanguitarplayers.com\/#organization","name":"Mexican Guitar Players","url":"https:\/\/www.mexicanguitarplayers.com\/","logo":{"@type":"ImageObject","inLanguage":"en-US","@id":"https:\/\/www.mexicanguitarplayers.com\/#\/schema\/logo\/image\/","url":"","contentUrl":"","caption":"Mexican Guitar Players"},"image":{"@id":"https:\/\/www.mexicanguitarplayers.com\/#\/schema\/logo\/image\/"}}]}},"brands":[{"id":498,"name":"TURBO SOUND","slug":"turbosound"}],"_links":{"self":[{"href":"https:\/\/www.mexicanguitarplayers.com\/en\/wp-json\/wp\/v2\/product\/29974","targetHints":{"allow":["GET"]}}],"collection":[{"href":"https:\/\/www.mexicanguitarplayers.com\/en\/wp-json\/wp\/v2\/product"}],"about":[{"href":"https:\/\/www.mexicanguitarplayers.com\/en\/wp-json\/wp\/v2\/types\/product"}],"replies":[{"embeddable":true,"href":"https:\/\/www.mexicanguitarplayers.com\/en\/wp-json\/wp\/v2\/comments?post=29974"}],"wp:featuredmedia":[{"embeddable":true,"href":"https:\/\/www.mexicanguitarplayers.com\/en\/wp-json\/wp\/v2\/media\/29968"}],"wp:attachment":[{"href":"https:\/\/www.mexicanguitarplayers.com\/en\/wp-json\/wp\/v2\/media?parent=29974"}],"wp:term":[{"taxonomy":"pwb-brand","embeddable":true,"href":"https:\/\/www.mexicanguitarplayers.com\/en\/wp-json\/wp\/v2\/pwb-brand?post=29974"},{"taxonomy":"product_brand","embeddable":true,"href":"https:\/\/www.mexicanguitarplayers.com\/en\/wp-json\/wp\/v2\/product_brand?post=29974"},{"taxonomy":"product_cat","embeddable":true,"href":"https:\/\/www.mexicanguitarplayers.com\/en\/wp-json\/wp\/v2\/product_cat?post=29974"},{"taxonomy":"product_tag","embeddable":true,"href":"https:\/\/www.mexicanguitarplayers.com\/en\/wp-json\/wp\/v2\/product_tag?post=29974"}],"curies":[{"name":"wp","href":"https:\/\/api.w.org\/{rel}","templated":true}]}}