{"id":29993,"date":"2025-04-08T11:04:56","date_gmt":"2025-04-08T17:04:56","guid":{"rendered":"https:\/\/www.mexicanguitarplayers.com\/tienda\/sin categor\u00eda\/bafle-behringer-monitor-mod-f1320d\/"},"modified":"2026-04-10T04:37:50","modified_gmt":"2026-04-10T10:37:50","slug":"bafle-behringer-monitor-mod-f1320d","status":"publish","type":"product","link":"https:\/\/www.mexicanguitarplayers.com\/en\/tienda\/audio\/bafles-y-bocinas\/bafles\/bafles-activos\/bafle-behringer-monitor-mod-f1320d\/","title":{"rendered":"BAFLE BEHRINGER MONITOR MOD. F1320D"},"content":{"rendered":"<div style=\"text-align: justify\">\n<div>\n<h3>Tu propio control sobre el escenario.<\/h3>\n<\/div>\n<div>Bas\u00e1ndonos en el legado de nuestro exitoso EUROLIVE F1220A, estamos orgullosos de presentar el a\u00fan m\u00e1s potente EUROLIVE F1320D. Este sistema de monitor activo de 300 watts cuenta con un ecualizador de 3 bandas, por lo que puede ajustar los agudos, medios y graves para obtener un rendimiento claro y de verdadero sentido. Un woofer de 12&#8243; pulgadas de larga excursi\u00f3n para graves potentes y profundos y un driver de compresi\u00f3n de alta frecuencia de 1&#8243; pulgada de alto rendimiento para ofrecer lo \u00faltimo en calidad de sonido. Y gracias a su tecnolog\u00eda Clase D, pesa menos que la mayor\u00eda de los monitores cl\u00e1sicos en forma de cu\u00f1a (18 kg), facilitando el transporte y la configuraci\u00f3n. Gracias a su revolucionaria tecnolog\u00eda Clase D, podemos ofrecerte una potencia enorme y un incre\u00edble rendimiento sonoro en un paquete f\u00e1cil de usar, ultra port\u00e1til y ligero. La amplificaci\u00f3n Clase D hace toda la diferencia, ofreciendo lo \u00faltimo en eficiencia energ\u00e9tica y eliminando la necesidad de fuentes de alimentaci\u00f3n pesadas y disipadores masivos de calor. Esta sorprendente tecnolog\u00eda hace posible dise\u00f1ar y construir productos extremadamente potentes que son significativamente m\u00e1s ligeros en peso que sus contrapartes tradicionales, mientras utiliza menos energ\u00eda y protege el ambiente.<\/div>\n<div>\n<h4>Quick look<\/h4>\n<\/div>\n<ul style=\"margin: 0px 0px 0px 25px\">\n<li style=\"list-style-type: circle;margin: 5px\">Potencia de salida,<\/li>\n<li style=\"list-style-type: circle;margin: 5px\">Entradas Mic\/Line.<\/li>\n<li style=\"list-style-type: circle;margin: 5px\">Salida Link.<\/li>\n<li style=\"list-style-type: circle;margin: 5px\">Equalizer<\/li>\n<li style=\"list-style-type: circle;margin: 5px\">Filtro de retroalimentaci\u00f3n.<\/li>\n<li style=\"list-style-type: circle;margin: 5px\">Datos de sistema.<\/li>\n<li style=\"list-style-type: circle;margin: 5px\">Fuente de alimentaci\u00f3n \/ Voltaje (Fusible).<\/li>\n<li style=\"list-style-type: circle;margin: 5px\">Dimensions.<\/li>\n<li style=\"list-style-type: circle;margin: 5px\">Weight.<\/li>\n<\/ul>\n<div>\n<div style=\"font-weight: bold\">Potencia de salida,<\/div>\n<div>\n<p>Rango de frecuencias graves. RMS @ 1 THD: 160 watts a 8 ohms. Pico: 225 watts a 8 ohms. Rango de frecuencias agudas. RMS @ 1 THD: 40 watts a 8 ohms. Pico: 72 watts a 8 ohms.<\/p>\n<\/div>\n<div style=\"font-weight: bold\">Entradas Mic\/Line.<\/div>\n<div>\n<p>Conector XLR: Sensibilidad: -50 dBu a 0 dBu. Impedancia: 20 kohms balanceado, 30 kohms desbalanceado. TRS 1\/4&#8243;: Sensibilidad: -50 dBU a 0 dBu. Impedancia: 20 kohms balanceado, 30 kohms desbalanceado.<\/p>\n<\/div>\n<div style=\"font-weight: bold\">Salida Link.<\/div>\n<div>\n<p>Conector XLR.<\/p>\n<\/div>\n<div style=\"font-weight: bold\">Equalizer<\/div>\n<div>\n<p>Agudos: 12 kHz \/ \u00b115 dB. Medios: 2.5 kHz \/ \u00b115 dB. Graves: 80 Hz \/ \u00b115 dB.<\/p>\n<\/div>\n<div style=\"font-weight: bold\">Filtro de retroalimentaci\u00f3n.<\/div>\n<div>\n<p>Frecuencia de filtro: 300 Hz a 6 kHz. Reducci\u00f3n de nivel: M\u00e1ximo 15 dB. Factor Q: 20.<\/p>\n<\/div>\n<div style=\"font-weight: bold\">Datos de sistema.<\/div>\n<div>\n<p>Rango de frecuencia: 60 Hz a 16 kHz (-10 dB). Nivel m\u00e1ximo de presi\u00f3n sonora: 115 dB \/ 118 dB @ 1 m. Limitador: \u00d3ptico.<\/p>\n<\/div>\n<div style=\"font-weight: bold\">Fuente de alimentaci\u00f3n \/ Voltaje (Fusible).<\/div>\n<div>\n<p>120V~, 60 Hz \/T 4.0 A H 250 V). Consumo de energ\u00eda: M\u00e1ximo 300 watts. Fuente de alimentaci\u00f3n: Modo conmutable. Conector de red: Recept\u00e1culo IEC est\u00e1ndar.<\/p>\n<\/div>\n<div style=\"font-weight: bold\">Dimensions.<\/div>\n<div>\n<p>360 x 580 x 406 mm.<\/p>\n<\/div>\n<div style=\"font-weight: bold\">Weight.<\/div>\n<div>\n<p>15 kg.<\/p>\n<\/div>\n<\/div>\n<\/div>","protected":false},"excerpt":{"rendered":"<p>Monitor activo de 2 v\u00edas con potencia de 300 watts, woofer de 12\u201d pulgadas y driver de compresi\u00f3n de 1\u201d pulgada, filtro de retroalimentaci\u00f3n, ideal para aplicaciones en vivo, calidad excepcional de sonido, amplia frecuencia de ancho de banda y rango din\u00e1mico, tecnolog\u00eda revolucionaria Clase D, energ\u00eda enorme, funcionamiento s\u00f3nico incre\u00edble y peso s\u00faper ligero, filtro de retroalimentaci\u00f3n ajustable y limitador integrado para un m\u00e1ximo control del sistema y protecci\u00f3n de altavoces, entrada Mic\/Line de ruido ultra bajo con control de volumen y LED de clip ecualizador dedicado de 3 bandas, graves incre\u00edblemente profundos, dise\u00f1o patentado de trompeta para una dispersi\u00f3n de sonido ultra ancha, fuente de alimentaci\u00f3n interna conmutada para audio sin ruido, respuesta transitoria superior y muy bajo consumo de energ\u00eda, polo de 35 mm para montaje en poste y uso como sistema de PA, dimensiones: 360 x 580 x 406 mm, peso: 15 kg.&hellip; <a class=\"kt-excerpt-readmore more-link\" href=\"https:\/\/www.mexicanguitarplayers.com\/en\/tienda\/audio\/bafles-y-bocinas\/bafles\/bafles-activos\/bafle-behringer-monitor-mod-f1320d\/\">Read more<\/a><\/p>","protected":false},"featured_media":29989,"comment_status":"open","ping_status":"closed","template":"","meta":{"kt_blocks_editor_width":""},"pwb-brand":[171],"product_brand":[],"product_cat":[213,222,472,221],"product_tag":[],"class_list":{"0":"post-29993","1":"product","2":"type-product","3":"status-publish","4":"has-post-thumbnail","6":"pwb-brand-behringer","7":"product_cat-audio","8":"product_cat-bafles","9":"product_cat-bafles-activos","10":"product_cat-bafles-y-bocinas","11":"product_shipping_class-15-20-kg","13":"first","14":"outofstock","15":"taxable","16":"shipping-taxable","17":"purchasable","18":"product-type-simple"},"yoast_head":"<!-- This site is optimized with the Yoast SEO plugin v27.5 - https:\/\/yoast.com\/product\/yoast-seo-wordpress\/ -->\n<title>BAFLE BEHRINGER MONITOR MOD. F1320D - Mexican Guitar Players<\/title>\n<meta name=\"description\" content=\"Monitor activo de 2 v\u00edas con potencia de 300 watts, woofer de 12\u201d pulgadas y driver de compresi\u00f3n de 1\u201d pulgada, filtro de retroalimentaci\u00f3n, ideal para aplicaciones en vivo, calidad excepcional de sonido, amplia frecuencia de ancho de banda y rango din\u00e1mico, tecnolog\u00eda revolucionaria Clase D, energ\u00eda enorme, funcionamiento s\u00f3nico incre\u00edble y peso s\u00faper ligero, filtro de retroalimentaci\u00f3n ajustable y limitador integrado para un m\u00e1ximo control del sistema y protecci\u00f3n de altavoces, entrada Mic\/Line de ruido ultra bajo con control de volumen y LED de clip ecualizador dedicado de 3 bandas, graves incre\u00edblemente profundos, dise\u00f1o patentado de trompeta para una dispersi\u00f3n de sonido ultra ancha, fuente de alimentaci\u00f3n interna conmutada para audio sin ruido, respuesta transitoria superior y muy bajo consumo de energ\u00eda, polo de 35 mm para montaje en poste y uso como sistema de PA, dimensiones: 360 x 580 x 406 mm, peso: 15 kg.\" \/>\n<meta name=\"robots\" content=\"index, follow, max-snippet:-1, max-image-preview:large, max-video-preview:-1\" \/>\n<link rel=\"canonical\" href=\"https:\/\/www.mexicanguitarplayers.com\/en\/tienda\/sin%20categor\u00eda\/bafle-behringer-monitor-mod-f1320d\/\" \/>\n<meta property=\"og:locale\" content=\"en_US\" \/>\n<meta property=\"og:type\" content=\"article\" \/>\n<meta property=\"og:title\" content=\"BAFLE BEHRINGER MONITOR MOD. F1320D - Mexican Guitar Players\" \/>\n<meta property=\"og:description\" content=\"Monitor activo de 2 v\u00edas con potencia de 300 watts, woofer de 12\u201d pulgadas y driver de compresi\u00f3n de 1\u201d pulgada, filtro de retroalimentaci\u00f3n, ideal para aplicaciones en vivo, calidad excepcional de sonido, amplia frecuencia de ancho de banda y rango din\u00e1mico, tecnolog\u00eda revolucionaria Clase D, energ\u00eda enorme, funcionamiento s\u00f3nico incre\u00edble y peso s\u00faper ligero, filtro de retroalimentaci\u00f3n ajustable y limitador integrado para un m\u00e1ximo control del sistema y protecci\u00f3n de altavoces, entrada Mic\/Line de ruido ultra bajo con control de volumen y LED de clip ecualizador dedicado de 3 bandas, graves incre\u00edblemente profundos, dise\u00f1o patentado de trompeta para una dispersi\u00f3n de sonido ultra ancha, fuente de alimentaci\u00f3n interna conmutada para audio sin ruido, respuesta transitoria superior y muy bajo consumo de energ\u00eda, polo de 35 mm para montaje en poste y uso como sistema de PA, dimensiones: 360 x 580 x 406 mm, peso: 15 kg.\" \/>\n<meta property=\"og:url\" content=\"https:\/\/www.mexicanguitarplayers.com\/en\/tienda\/sin categor\u00eda\/bafle-behringer-monitor-mod-f1320d\/\" \/>\n<meta property=\"og:site_name\" content=\"Mexican Guitar Players\" \/>\n<meta property=\"article:modified_time\" content=\"2026-04-10T10:37:50+00:00\" \/>\n<meta name=\"twitter:card\" content=\"summary_large_image\" \/>\n<meta name=\"twitter:label1\" content=\"Est. reading time\" \/>\n\t<meta name=\"twitter:data1\" content=\"2 minutes\" \/>\n<script type=\"application\/ld+json\" class=\"yoast-schema-graph\">{\"@context\":\"https:\\\/\\\/schema.org\",\"@graph\":[{\"@type\":[\"WebPage\",\"ItemPage\"],\"@id\":\"https:\\\/\\\/www.mexicanguitarplayers.com\\\/tienda\\\/sin categor\u00eda\\\/bafle-behringer-monitor-mod-f1320d\\\/\",\"url\":\"https:\\\/\\\/www.mexicanguitarplayers.com\\\/tienda\\\/sin categor\u00eda\\\/bafle-behringer-monitor-mod-f1320d\\\/\",\"name\":\"BAFLE BEHRINGER MONITOR MOD. F1320D - Mexican Guitar Players\",\"isPartOf\":{\"@id\":\"https:\\\/\\\/www.mexicanguitarplayers.com\\\/#website\"},\"primaryImageOfPage\":{\"@id\":\"https:\\\/\\\/www.mexicanguitarplayers.com\\\/tienda\\\/sin categor\u00eda\\\/bafle-behringer-monitor-mod-f1320d\\\/#primaryimage\"},\"image\":{\"@id\":\"https:\\\/\\\/www.mexicanguitarplayers.com\\\/tienda\\\/sin categor\u00eda\\\/bafle-behringer-monitor-mod-f1320d\\\/#primaryimage\"},\"thumbnailUrl\":\"https:\\\/\\\/www.mexicanguitarplayers.com\\\/wp-content\\\/uploads\\\/2025\\\/04\\\/IABEHF1320D.jpg\",\"datePublished\":\"2025-04-08T17:04:56+00:00\",\"dateModified\":\"2026-04-10T10:37:50+00:00\",\"description\":\"Monitor activo de 2 v\u00edas con potencia de 300 watts, woofer de 12\u201d pulgadas y driver de compresi\u00f3n de 1\u201d pulgada, filtro de retroalimentaci\u00f3n, ideal para aplicaciones en vivo, calidad excepcional de sonido, amplia frecuencia de ancho de banda y rango din\u00e1mico, tecnolog\u00eda revolucionaria Clase D, energ\u00eda enorme, funcionamiento s\u00f3nico incre\u00edble y peso s\u00faper ligero, filtro de retroalimentaci\u00f3n ajustable y limitador integrado para un m\u00e1ximo control del sistema y protecci\u00f3n de altavoces, entrada Mic\\\/Line de ruido ultra bajo con control de volumen y LED de clip ecualizador dedicado de 3 bandas, graves incre\u00edblemente profundos, dise\u00f1o patentado de trompeta para una dispersi\u00f3n de sonido ultra ancha, fuente de alimentaci\u00f3n interna conmutada para audio sin ruido, respuesta transitoria superior y muy bajo consumo de energ\u00eda, polo de 35 mm para montaje en poste y uso como sistema de PA, dimensiones: 360 x 580 x 406 mm, peso: 15 kg.\",\"breadcrumb\":{\"@id\":\"https:\\\/\\\/www.mexicanguitarplayers.com\\\/tienda\\\/sin categor\u00eda\\\/bafle-behringer-monitor-mod-f1320d\\\/#breadcrumb\"},\"inLanguage\":\"en-US\",\"potentialAction\":[{\"@type\":\"ReadAction\",\"target\":[\"https:\\\/\\\/www.mexicanguitarplayers.com\\\/tienda\\\/sin categor\u00eda\\\/bafle-behringer-monitor-mod-f1320d\\\/\"]}]},{\"@type\":\"ImageObject\",\"inLanguage\":\"en-US\",\"@id\":\"https:\\\/\\\/www.mexicanguitarplayers.com\\\/tienda\\\/sin categor\u00eda\\\/bafle-behringer-monitor-mod-f1320d\\\/#primaryimage\",\"url\":\"https:\\\/\\\/www.mexicanguitarplayers.com\\\/wp-content\\\/uploads\\\/2025\\\/04\\\/IABEHF1320D.jpg\",\"contentUrl\":\"https:\\\/\\\/www.mexicanguitarplayers.com\\\/wp-content\\\/uploads\\\/2025\\\/04\\\/IABEHF1320D.jpg\",\"width\":1600,\"height\":800},{\"@type\":\"BreadcrumbList\",\"@id\":\"https:\\\/\\\/www.mexicanguitarplayers.com\\\/tienda\\\/sin categor\u00eda\\\/bafle-behringer-monitor-mod-f1320d\\\/#breadcrumb\",\"itemListElement\":[{\"@type\":\"ListItem\",\"position\":1,\"name\":\"Portada\",\"item\":\"https:\\\/\\\/www.mexicanguitarplayers.com\\\/\"},{\"@type\":\"ListItem\",\"position\":2,\"name\":\"Tienda\",\"item\":\"https:\\\/\\\/www.mexicanguitarplayers.com\\\/tienda\\\/\"},{\"@type\":\"ListItem\",\"position\":3,\"name\":\"BAFLE BEHRINGER MONITOR MOD. F1320D\"}]},{\"@type\":\"WebSite\",\"@id\":\"https:\\\/\\\/www.mexicanguitarplayers.com\\\/#website\",\"url\":\"https:\\\/\\\/www.mexicanguitarplayers.com\\\/\",\"name\":\"Mexican Guitar Players\",\"description\":\"Website\",\"publisher\":{\"@id\":\"https:\\\/\\\/www.mexicanguitarplayers.com\\\/#organization\"},\"potentialAction\":[{\"@type\":\"SearchAction\",\"target\":{\"@type\":\"EntryPoint\",\"urlTemplate\":\"https:\\\/\\\/www.mexicanguitarplayers.com\\\/?s={search_term_string}\"},\"query-input\":{\"@type\":\"PropertyValueSpecification\",\"valueRequired\":true,\"valueName\":\"search_term_string\"}}],\"inLanguage\":\"en-US\"},{\"@type\":\"Organization\",\"@id\":\"https:\\\/\\\/www.mexicanguitarplayers.com\\\/#organization\",\"name\":\"Mexican Guitar Players\",\"url\":\"https:\\\/\\\/www.mexicanguitarplayers.com\\\/\",\"logo\":{\"@type\":\"ImageObject\",\"inLanguage\":\"en-US\",\"@id\":\"https:\\\/\\\/www.mexicanguitarplayers.com\\\/#\\\/schema\\\/logo\\\/image\\\/\",\"url\":\"\",\"contentUrl\":\"\",\"caption\":\"Mexican Guitar Players\"},\"image\":{\"@id\":\"https:\\\/\\\/www.mexicanguitarplayers.com\\\/#\\\/schema\\\/logo\\\/image\\\/\"}}]}<\/script>\n<!-- \/ Yoast SEO plugin. -->","yoast_head_json":{"title":"BAFLE BEHRINGER MONITOR MOD. F1320D - Mexican Guitar Players","description":"Monitor activo de 2 v\u00edas con potencia de 300 watts, woofer de 12\u201d pulgadas y driver de compresi\u00f3n de 1\u201d pulgada, filtro de retroalimentaci\u00f3n, ideal para aplicaciones en vivo, calidad excepcional de sonido, amplia frecuencia de ancho de banda y rango din\u00e1mico, tecnolog\u00eda revolucionaria Clase D, energ\u00eda enorme, funcionamiento s\u00f3nico incre\u00edble y peso s\u00faper ligero, filtro de retroalimentaci\u00f3n ajustable y limitador integrado para un m\u00e1ximo control del sistema y protecci\u00f3n de altavoces, entrada Mic\/Line de ruido ultra bajo con control de volumen y LED de clip ecualizador dedicado de 3 bandas, graves incre\u00edblemente profundos, dise\u00f1o patentado de trompeta para una dispersi\u00f3n de sonido ultra ancha, fuente de alimentaci\u00f3n interna conmutada para audio sin ruido, respuesta transitoria superior y muy bajo consumo de energ\u00eda, polo de 35 mm para montaje en poste y uso como sistema de PA, dimensiones: 360 x 580 x 406 mm, peso: 15 kg.","robots":{"index":"index","follow":"follow","max-snippet":"max-snippet:-1","max-image-preview":"max-image-preview:large","max-video-preview":"max-video-preview:-1"},"canonical":"https:\/\/www.mexicanguitarplayers.com\/en\/tienda\/sin categor\u00eda\/bafle-behringer-monitor-mod-f1320d\/","og_locale":"en_US","og_type":"article","og_title":"BAFLE BEHRINGER MONITOR MOD. F1320D - Mexican Guitar Players","og_description":"Monitor activo de 2 v\u00edas con potencia de 300 watts, woofer de 12\u201d pulgadas y driver de compresi\u00f3n de 1\u201d pulgada, filtro de retroalimentaci\u00f3n, ideal para aplicaciones en vivo, calidad excepcional de sonido, amplia frecuencia de ancho de banda y rango din\u00e1mico, tecnolog\u00eda revolucionaria Clase D, energ\u00eda enorme, funcionamiento s\u00f3nico incre\u00edble y peso s\u00faper ligero, filtro de retroalimentaci\u00f3n ajustable y limitador integrado para un m\u00e1ximo control del sistema y protecci\u00f3n de altavoces, entrada Mic\/Line de ruido ultra bajo con control de volumen y LED de clip ecualizador dedicado de 3 bandas, graves incre\u00edblemente profundos, dise\u00f1o patentado de trompeta para una dispersi\u00f3n de sonido ultra ancha, fuente de alimentaci\u00f3n interna conmutada para audio sin ruido, respuesta transitoria superior y muy bajo consumo de energ\u00eda, polo de 35 mm para montaje en poste y uso como sistema de PA, dimensiones: 360 x 580 x 406 mm, peso: 15 kg.","og_url":"https:\/\/www.mexicanguitarplayers.com\/en\/tienda\/sin categor\u00eda\/bafle-behringer-monitor-mod-f1320d\/","og_site_name":"Mexican Guitar Players","article_modified_time":"2026-04-10T10:37:50+00:00","twitter_card":"summary_large_image","twitter_misc":{"Est. reading time":"2 minutes"},"schema":{"@context":"https:\/\/schema.org","@graph":[{"@type":["WebPage","ItemPage"],"@id":"https:\/\/www.mexicanguitarplayers.com\/tienda\/sin categor\u00eda\/bafle-behringer-monitor-mod-f1320d\/","url":"https:\/\/www.mexicanguitarplayers.com\/tienda\/sin categor\u00eda\/bafle-behringer-monitor-mod-f1320d\/","name":"BAFLE BEHRINGER MONITOR MOD. F1320D - Mexican Guitar Players","isPartOf":{"@id":"https:\/\/www.mexicanguitarplayers.com\/#website"},"primaryImageOfPage":{"@id":"https:\/\/www.mexicanguitarplayers.com\/tienda\/sin categor\u00eda\/bafle-behringer-monitor-mod-f1320d\/#primaryimage"},"image":{"@id":"https:\/\/www.mexicanguitarplayers.com\/tienda\/sin categor\u00eda\/bafle-behringer-monitor-mod-f1320d\/#primaryimage"},"thumbnailUrl":"https:\/\/www.mexicanguitarplayers.com\/wp-content\/uploads\/2025\/04\/IABEHF1320D.jpg","datePublished":"2025-04-08T17:04:56+00:00","dateModified":"2026-04-10T10:37:50+00:00","description":"Monitor activo de 2 v\u00edas con potencia de 300 watts, woofer de 12\u201d pulgadas y driver de compresi\u00f3n de 1\u201d pulgada, filtro de retroalimentaci\u00f3n, ideal para aplicaciones en vivo, calidad excepcional de sonido, amplia frecuencia de ancho de banda y rango din\u00e1mico, tecnolog\u00eda revolucionaria Clase D, energ\u00eda enorme, funcionamiento s\u00f3nico incre\u00edble y peso s\u00faper ligero, filtro de retroalimentaci\u00f3n ajustable y limitador integrado para un m\u00e1ximo control del sistema y protecci\u00f3n de altavoces, entrada Mic\/Line de ruido ultra bajo con control de volumen y LED de clip ecualizador dedicado de 3 bandas, graves incre\u00edblemente profundos, dise\u00f1o patentado de trompeta para una dispersi\u00f3n de sonido ultra ancha, fuente de alimentaci\u00f3n interna conmutada para audio sin ruido, respuesta transitoria superior y muy bajo consumo de energ\u00eda, polo de 35 mm para montaje en poste y uso como sistema de PA, dimensiones: 360 x 580 x 406 mm, peso: 15 kg.","breadcrumb":{"@id":"https:\/\/www.mexicanguitarplayers.com\/tienda\/sin categor\u00eda\/bafle-behringer-monitor-mod-f1320d\/#breadcrumb"},"inLanguage":"en-US","potentialAction":[{"@type":"ReadAction","target":["https:\/\/www.mexicanguitarplayers.com\/tienda\/sin categor\u00eda\/bafle-behringer-monitor-mod-f1320d\/"]}]},{"@type":"ImageObject","inLanguage":"en-US","@id":"https:\/\/www.mexicanguitarplayers.com\/tienda\/sin categor\u00eda\/bafle-behringer-monitor-mod-f1320d\/#primaryimage","url":"https:\/\/www.mexicanguitarplayers.com\/wp-content\/uploads\/2025\/04\/IABEHF1320D.jpg","contentUrl":"https:\/\/www.mexicanguitarplayers.com\/wp-content\/uploads\/2025\/04\/IABEHF1320D.jpg","width":1600,"height":800},{"@type":"BreadcrumbList","@id":"https:\/\/www.mexicanguitarplayers.com\/tienda\/sin categor\u00eda\/bafle-behringer-monitor-mod-f1320d\/#breadcrumb","itemListElement":[{"@type":"ListItem","position":1,"name":"Portada","item":"https:\/\/www.mexicanguitarplayers.com\/"},{"@type":"ListItem","position":2,"name":"Tienda","item":"https:\/\/www.mexicanguitarplayers.com\/tienda\/"},{"@type":"ListItem","position":3,"name":"BAFLE BEHRINGER MONITOR MOD. F1320D"}]},{"@type":"WebSite","@id":"https:\/\/www.mexicanguitarplayers.com\/#website","url":"https:\/\/www.mexicanguitarplayers.com\/","name":"Mexican Guitar Players","description":"Website","publisher":{"@id":"https:\/\/www.mexicanguitarplayers.com\/#organization"},"potentialAction":[{"@type":"SearchAction","target":{"@type":"EntryPoint","urlTemplate":"https:\/\/www.mexicanguitarplayers.com\/?s={search_term_string}"},"query-input":{"@type":"PropertyValueSpecification","valueRequired":true,"valueName":"search_term_string"}}],"inLanguage":"en-US"},{"@type":"Organization","@id":"https:\/\/www.mexicanguitarplayers.com\/#organization","name":"Mexican Guitar Players","url":"https:\/\/www.mexicanguitarplayers.com\/","logo":{"@type":"ImageObject","inLanguage":"en-US","@id":"https:\/\/www.mexicanguitarplayers.com\/#\/schema\/logo\/image\/","url":"","contentUrl":"","caption":"Mexican Guitar Players"},"image":{"@id":"https:\/\/www.mexicanguitarplayers.com\/#\/schema\/logo\/image\/"}}]}},"brands":[{"id":171,"name":"BEHRINGER","slug":"behringer"}],"_links":{"self":[{"href":"https:\/\/www.mexicanguitarplayers.com\/en\/wp-json\/wp\/v2\/product\/29993","targetHints":{"allow":["GET"]}}],"collection":[{"href":"https:\/\/www.mexicanguitarplayers.com\/en\/wp-json\/wp\/v2\/product"}],"about":[{"href":"https:\/\/www.mexicanguitarplayers.com\/en\/wp-json\/wp\/v2\/types\/product"}],"replies":[{"embeddable":true,"href":"https:\/\/www.mexicanguitarplayers.com\/en\/wp-json\/wp\/v2\/comments?post=29993"}],"wp:featuredmedia":[{"embeddable":true,"href":"https:\/\/www.mexicanguitarplayers.com\/en\/wp-json\/wp\/v2\/media\/29989"}],"wp:attachment":[{"href":"https:\/\/www.mexicanguitarplayers.com\/en\/wp-json\/wp\/v2\/media?parent=29993"}],"wp:term":[{"taxonomy":"pwb-brand","embeddable":true,"href":"https:\/\/www.mexicanguitarplayers.com\/en\/wp-json\/wp\/v2\/pwb-brand?post=29993"},{"taxonomy":"product_brand","embeddable":true,"href":"https:\/\/www.mexicanguitarplayers.com\/en\/wp-json\/wp\/v2\/product_brand?post=29993"},{"taxonomy":"product_cat","embeddable":true,"href":"https:\/\/www.mexicanguitarplayers.com\/en\/wp-json\/wp\/v2\/product_cat?post=29993"},{"taxonomy":"product_tag","embeddable":true,"href":"https:\/\/www.mexicanguitarplayers.com\/en\/wp-json\/wp\/v2\/product_tag?post=29993"}],"curies":[{"name":"wp","href":"https:\/\/api.w.org\/{rel}","templated":true}]}}