{"id":30042,"date":"2025-04-08T11:06:03","date_gmt":"2025-04-08T17:06:03","guid":{"rendered":"https:\/\/www.mexicanguitarplayers.com\/tienda\/sin categor\u00eda\/pedal-nux-nss-3-mini-studio-ir-loader\/"},"modified":"2026-04-10T04:37:46","modified_gmt":"2026-04-10T10:37:46","slug":"pedal-nux-nss-3-mini-studio-ir-loader","status":"publish","type":"product","link":"https:\/\/www.mexicanguitarplayers.com\/en\/tienda\/cuerdas\/efectos\/efectos-individuales\/pedal-nux-nss-3-mini-studio-ir-loader\/","title":{"rendered":"PEDAL NUX NSS-3  MINI STUDIO IR LOADER"},"content":{"rendered":"<div style=\"text-align: justify\">\n<div>\n<h3>Obt\u00e9n 8 gabinetes de guitarra, 8 gabinetes para bajo y 8 IR de guitarra ac\u00fastica.<\/h3>\n<\/div>\n<div>Nux Mini Studio te brinda 8 gabinetes de guitarra, 8 gabinetes para bajo y 8 IR de guitarra ac\u00fastica en un pedal de bolsillo. Cada archivo IR (Impulse Response) capturado de su propia fuente original, se procesa con tecnolog\u00eda de audio de \u00faltima generaci\u00f3n. Al final de la cadena de se\u00f1al, Mini Studio reproduce incre\u00edblemente el sonido del gabinete y mejora la se\u00f1al de audio con buen gusto.<\/div>\n<div>\n<h4>Quick look<\/h4>\n<\/div>\n<ul style=\"margin: 0px 0px 0px 25px\">\n<li style=\"list-style-type: circle;margin: 5px\">Gabinetes de guitarra (Configuraci\u00f3n predeterminada).<\/li>\n<li style=\"list-style-type: circle;margin: 5px\">Gabinetes de bajo.<\/li>\n<li style=\"list-style-type: circle;margin: 5px\">IRs de guitarra ac\u00fastica.<\/li>\n<li style=\"list-style-type: circle;margin: 5px\">Carga tu propio archivo IR favorito.<\/li>\n<li style=\"list-style-type: circle;margin: 5px\">Densidad de tono.<\/li>\n<li style=\"list-style-type: circle;margin: 5px\">Multiprop\u00f3sito.<\/li>\n<li style=\"list-style-type: circle;margin: 5px\">Mini Studio Software.<\/li>\n<li style=\"list-style-type: circle;margin: 5px\">Monitor personal de respuesta plana de rango completo NUX PA-50 (FRFR).<\/li>\n<li style=\"list-style-type: circle;margin: 5px\">Especificaciones.<\/li>\n<\/ul>\n<div>\n<div style=\"font-weight: bold\">Gabinetes de guitarra (Configuraci\u00f3n predeterminada).<\/div>\n<div>\n<p>El LED indicador es rojo, todos los slots IR son gabinetes de guitarra: JZ120: Roland Jazz 120. DR112: Fender Deluxe Reverb. BS410: Fender Bassman 410. A212: VOX AC30 212. TR212: Fender Twin Reverb 212. 1960: Marshall 1960A 412. GB412: Celestion Greenback 412. V412: Celestion Vintage30 412.<\/p>\n<\/div>\n<div style=\"font-weight: bold\">Gabinetes de bajo.<\/div>\n<div>\n<p>Mant\u00e9n presionado el pedal durante 2 segundos, el indicador LED cambia a color naranja y ahora ser\u00e1n los siguientes gabinetes de bajo: AGL DB810: Aguilar DB 810. AMP SV810: Ampeg SV810. MKB 410: Mark Bass 410. TRC 410: Trace Elliot 410. AMP SV410 + Tweeter: Ampeg SV410 + Tweeter. Bassguy 410: Fender Bassman 410. eden 410: EDEN 410. AMP SV212: Ampeg SV212.<\/p>\n<\/div>\n<div style=\"font-weight: bold\">IRs de guitarra ac\u00fastica.<\/div>\n<div>\n<p>Mant\u00e9n presionado el footswitch por 2 segundos nuevamente, el indicador LED cambiar\u00e1 a verde, ahora ser\u00e1n los siguientes IRs de guitarra ac\u00fastica: G HBird EG Magnetic: Gibson Hummingbird for Electric Guitar Magnetic PU. G J15 EG Magnetic: Gibson J15 for Electric Guitar Magnetic PU. M D45 EG Magnetic: Martin D45 for Electric Guitar Magnetic PU. G HBird Piezo: Gibson Hummingbird for Acoustic Guitar Piezo under saddle PU. G J15 Piezo: Gibson J15 for Acoustic Guitar Piezo under saddle PU. M D45 Piezo: Martin D45 for Acoustic Guitar Piezo under saddle PU. M HD28 Piezo: Martin HD28 for Acoustic Guitar Piezo under saddle PU. T 814 Piezo: Taylor 814 for Acoustic Guitar Piezo under saddle PU.<\/p>\n<\/div>\n<div style=\"font-weight: bold\">Carga tu propio archivo IR favorito.<\/div>\n<div>\n<p>Adem\u00e1s de los conocidos preajustes de modelos de altavoces, cada preajuste tambi\u00e9n es un punto de memoria donde puedes cargar tus archivos IR favoritos. Entrega la se\u00f1al de entrada a salida con latencia ultra baja (1.2 milisegundos), en calidad de audio de 24 bits a 44.1 kHz. La longitud de muestreo de Mini Studio es 1024 puntos, lo que significa que obtendr\u00e1s un audio de alta resoluci\u00f3n con un potente sonido de altavoz.<\/p>\n<\/div>\n<div style=\"font-weight: bold\">Densidad de tono.<\/div>\n<div>\n<p>Nux Mini Studio tiene una perilla Space para ajustar la simulaci\u00f3n del tama\u00f1o de la sala del altavoz. Es bastante \u00fatil para simular tu tono como si fuera un micr\u00f3fono en una habitaci\u00f3n ya sea grande o peque\u00f1a. Cuando aumenta el tama\u00f1o de la habitaci\u00f3n, puedes sentir el decay del reflejo como sucede en un entorno de habitaci\u00f3n real.<\/p>\n<\/div>\n<div style=\"font-weight: bold\">Multiprop\u00f3sito.<\/div>\n<div>\n<p>Desde tu pedalera hasta una mezcladora o interfaz de audio, experimentar\u00e1s un sonido de gabinete de altavoces muy realista. Tambi\u00e9n puede convertir cualquier altavoz de monitor personal (se recomiendan amplificadores de respuesta plana de rango completo) en cualquiera de tus amplificadores favoritos. Tambi\u00e9n es un equipo muy \u00fatil para grabar en casa. Simplemente conecta tu pedalera o tu procesador MultiFX a Mini Studio y graba con tu interfaz de audio.<\/p>\n<\/div>\n<div style=\"font-weight: bold\">Mini Studio Software.<\/div>\n<div>\n<p>Puedes controlar el Mini Studio y cargar tus propios archivos IR.<\/p>\n<\/div>\n<div style=\"font-weight: bold\">Monitor personal de respuesta plana de rango completo NUX PA-50 (FRFR).<\/div>\n<div>\n<p>Puedes obtener la experiencia real de Mini Studio con el monitor personal Nux PA-50, el segundo canal del monitor es una entrada de respuesta plana de rango completo. Cuando conectas el Mini Studio a trav\u00e9s de esa entrada, puedes obtener el sonido caracter\u00edstico del perfil de altavoz seleccionado a partir de un archivo IR incorporado o cargado. NUX PA-50 puede reflejar cualquiera de tus sonidos de gabinete de altavoz favorito.<\/p>\n<\/div>\n<div style=\"font-weight: bold\">Especificaciones.<\/div>\n<div>\n<p>8 gabinetes de guitarra, 8 gabinetes para bajo y 8 IR de guitarra ac\u00fastica. Nivel de salida y controles Space. Mini Studio Software para cargar archivos IR. Adaptador de alimentaci\u00f3n externo de 9V DC (no incluido). Dimensiones: 94 x 51 x 53 mm. Peso: 174 g.<\/p>\n<\/div>\n<\/div>\n<\/div>","protected":false},"excerpt":{"rendered":"<p>Pedal Mini Studio IR loader para guitarra, obt\u00e9n 8 gabinetes de guitarra, 8 gabinetes para bajo y 8 IR de guitarra ac\u00fastica, nivel de salida y controles Space, cada preajuste tambi\u00e9n es un punto de memoria donde puedes cargar tus archivos IR favoritos, latencia ultra baja (1.2 milisegundos), calidad de audio de 24 bits a 44.1 kHz, perilla Space para ajustar la simulaci\u00f3n del tama\u00f1o de la sala del altavoz, puedes controlar el Mini Studio y cargar tus propios archivos IR por medio de software,  utiliza un adaptador de alimentaci\u00f3n externo de 9V DC (no incluido), dimensiones: 94 x 51 x 53 mm, peso: 174 g.&hellip; <a class=\"kt-excerpt-readmore more-link\" href=\"https:\/\/www.mexicanguitarplayers.com\/en\/tienda\/cuerdas\/efectos\/efectos-individuales\/pedal-nux-nss-3-mini-studio-ir-loader\/\">Read more<\/a><\/p>","protected":false},"featured_media":30035,"comment_status":"open","ping_status":"closed","template":"","meta":{"kt_blocks_editor_width":""},"pwb-brand":[177],"product_brand":[],"product_cat":[224,241,504],"product_tag":[],"class_list":{"0":"post-30042","1":"product","2":"type-product","3":"status-publish","4":"has-post-thumbnail","6":"pwb-brand-nux","7":"product_cat-cuerdas","8":"product_cat-efectos","9":"product_cat-efectos-individuales","10":"product_shipping_class-0-5-kg","12":"first","13":"outofstock","14":"taxable","15":"shipping-taxable","16":"purchasable","17":"product-type-simple"},"yoast_head":"<!-- This site is optimized with the Yoast SEO plugin v27.5 - https:\/\/yoast.com\/product\/yoast-seo-wordpress\/ -->\n<title>PEDAL NUX NSS-3 MINI STUDIO IR LOADER - Mexican Guitar Players<\/title>\n<meta name=\"description\" content=\"Pedal Mini Studio IR loader para guitarra, obt\u00e9n 8 gabinetes de guitarra, 8 gabinetes para bajo y 8 IR de guitarra ac\u00fastica, nivel de salida y controles Space, cada preajuste tambi\u00e9n es un punto de memoria donde puedes cargar tus archivos IR favoritos, latencia ultra baja (1.2 milisegundos), calidad de audio de 24 bits a 44.1 kHz, perilla Space para ajustar la simulaci\u00f3n del tama\u00f1o de la sala del altavoz, puedes controlar el Mini Studio y cargar tus propios archivos IR por medio de software, utiliza un adaptador de alimentaci\u00f3n externo de 9V DC (no incluido), dimensiones: 94 x 51 x 53 mm, peso: 174 g.\" \/>\n<meta name=\"robots\" content=\"index, follow, max-snippet:-1, max-image-preview:large, max-video-preview:-1\" \/>\n<link rel=\"canonical\" href=\"https:\/\/www.mexicanguitarplayers.com\/en\/tienda\/sin%20categor\u00eda\/pedal-nux-nss-3-mini-studio-ir-loader\/\" \/>\n<meta property=\"og:locale\" content=\"en_US\" \/>\n<meta property=\"og:type\" content=\"article\" \/>\n<meta property=\"og:title\" content=\"PEDAL NUX NSS-3 MINI STUDIO IR LOADER - Mexican Guitar Players\" \/>\n<meta property=\"og:description\" content=\"Pedal Mini Studio IR loader para guitarra, obt\u00e9n 8 gabinetes de guitarra, 8 gabinetes para bajo y 8 IR de guitarra ac\u00fastica, nivel de salida y controles Space, cada preajuste tambi\u00e9n es un punto de memoria donde puedes cargar tus archivos IR favoritos, latencia ultra baja (1.2 milisegundos), calidad de audio de 24 bits a 44.1 kHz, perilla Space para ajustar la simulaci\u00f3n del tama\u00f1o de la sala del altavoz, puedes controlar el Mini Studio y cargar tus propios archivos IR por medio de software, utiliza un adaptador de alimentaci\u00f3n externo de 9V DC (no incluido), dimensiones: 94 x 51 x 53 mm, peso: 174 g.\" \/>\n<meta property=\"og:url\" content=\"https:\/\/www.mexicanguitarplayers.com\/en\/tienda\/sin categor\u00eda\/pedal-nux-nss-3-mini-studio-ir-loader\/\" \/>\n<meta property=\"og:site_name\" content=\"Mexican Guitar Players\" \/>\n<meta property=\"article:modified_time\" content=\"2026-04-10T10:37:46+00:00\" \/>\n<meta name=\"twitter:card\" content=\"summary_large_image\" \/>\n<meta name=\"twitter:label1\" content=\"Est. reading time\" \/>\n\t<meta name=\"twitter:data1\" content=\"4 minutes\" \/>\n<script type=\"application\/ld+json\" class=\"yoast-schema-graph\">{\"@context\":\"https:\\\/\\\/schema.org\",\"@graph\":[{\"@type\":[\"WebPage\",\"ItemPage\"],\"@id\":\"https:\\\/\\\/www.mexicanguitarplayers.com\\\/tienda\\\/sin categor\u00eda\\\/pedal-nux-nss-3-mini-studio-ir-loader\\\/\",\"url\":\"https:\\\/\\\/www.mexicanguitarplayers.com\\\/tienda\\\/sin categor\u00eda\\\/pedal-nux-nss-3-mini-studio-ir-loader\\\/\",\"name\":\"PEDAL NUX NSS-3 MINI STUDIO IR LOADER - Mexican Guitar Players\",\"isPartOf\":{\"@id\":\"https:\\\/\\\/www.mexicanguitarplayers.com\\\/#website\"},\"primaryImageOfPage\":{\"@id\":\"https:\\\/\\\/www.mexicanguitarplayers.com\\\/tienda\\\/sin categor\u00eda\\\/pedal-nux-nss-3-mini-studio-ir-loader\\\/#primaryimage\"},\"image\":{\"@id\":\"https:\\\/\\\/www.mexicanguitarplayers.com\\\/tienda\\\/sin categor\u00eda\\\/pedal-nux-nss-3-mini-studio-ir-loader\\\/#primaryimage\"},\"thumbnailUrl\":\"https:\\\/\\\/www.mexicanguitarplayers.com\\\/wp-content\\\/uploads\\\/2025\\\/04\\\/VANUXNSS3.jpg\",\"datePublished\":\"2025-04-08T17:06:03+00:00\",\"dateModified\":\"2026-04-10T10:37:46+00:00\",\"description\":\"Pedal Mini Studio IR loader para guitarra, obt\u00e9n 8 gabinetes de guitarra, 8 gabinetes para bajo y 8 IR de guitarra ac\u00fastica, nivel de salida y controles Space, cada preajuste tambi\u00e9n es un punto de memoria donde puedes cargar tus archivos IR favoritos, latencia ultra baja (1.2 milisegundos), calidad de audio de 24 bits a 44.1 kHz, perilla Space para ajustar la simulaci\u00f3n del tama\u00f1o de la sala del altavoz, puedes controlar el Mini Studio y cargar tus propios archivos IR por medio de software, utiliza un adaptador de alimentaci\u00f3n externo de 9V DC (no incluido), dimensiones: 94 x 51 x 53 mm, peso: 174 g.\",\"breadcrumb\":{\"@id\":\"https:\\\/\\\/www.mexicanguitarplayers.com\\\/tienda\\\/sin categor\u00eda\\\/pedal-nux-nss-3-mini-studio-ir-loader\\\/#breadcrumb\"},\"inLanguage\":\"en-US\",\"potentialAction\":[{\"@type\":\"ReadAction\",\"target\":[\"https:\\\/\\\/www.mexicanguitarplayers.com\\\/tienda\\\/sin categor\u00eda\\\/pedal-nux-nss-3-mini-studio-ir-loader\\\/\"]}]},{\"@type\":\"ImageObject\",\"inLanguage\":\"en-US\",\"@id\":\"https:\\\/\\\/www.mexicanguitarplayers.com\\\/tienda\\\/sin categor\u00eda\\\/pedal-nux-nss-3-mini-studio-ir-loader\\\/#primaryimage\",\"url\":\"https:\\\/\\\/www.mexicanguitarplayers.com\\\/wp-content\\\/uploads\\\/2025\\\/04\\\/VANUXNSS3.jpg\",\"contentUrl\":\"https:\\\/\\\/www.mexicanguitarplayers.com\\\/wp-content\\\/uploads\\\/2025\\\/04\\\/VANUXNSS3.jpg\",\"width\":1200,\"height\":1200},{\"@type\":\"BreadcrumbList\",\"@id\":\"https:\\\/\\\/www.mexicanguitarplayers.com\\\/tienda\\\/sin categor\u00eda\\\/pedal-nux-nss-3-mini-studio-ir-loader\\\/#breadcrumb\",\"itemListElement\":[{\"@type\":\"ListItem\",\"position\":1,\"name\":\"Portada\",\"item\":\"https:\\\/\\\/www.mexicanguitarplayers.com\\\/\"},{\"@type\":\"ListItem\",\"position\":2,\"name\":\"Tienda\",\"item\":\"https:\\\/\\\/www.mexicanguitarplayers.com\\\/tienda\\\/\"},{\"@type\":\"ListItem\",\"position\":3,\"name\":\"PEDAL NUX NSS-3 MINI STUDIO IR LOADER\"}]},{\"@type\":\"WebSite\",\"@id\":\"https:\\\/\\\/www.mexicanguitarplayers.com\\\/#website\",\"url\":\"https:\\\/\\\/www.mexicanguitarplayers.com\\\/\",\"name\":\"Mexican Guitar Players\",\"description\":\"Website\",\"publisher\":{\"@id\":\"https:\\\/\\\/www.mexicanguitarplayers.com\\\/#organization\"},\"potentialAction\":[{\"@type\":\"SearchAction\",\"target\":{\"@type\":\"EntryPoint\",\"urlTemplate\":\"https:\\\/\\\/www.mexicanguitarplayers.com\\\/?s={search_term_string}\"},\"query-input\":{\"@type\":\"PropertyValueSpecification\",\"valueRequired\":true,\"valueName\":\"search_term_string\"}}],\"inLanguage\":\"en-US\"},{\"@type\":\"Organization\",\"@id\":\"https:\\\/\\\/www.mexicanguitarplayers.com\\\/#organization\",\"name\":\"Mexican Guitar Players\",\"url\":\"https:\\\/\\\/www.mexicanguitarplayers.com\\\/\",\"logo\":{\"@type\":\"ImageObject\",\"inLanguage\":\"en-US\",\"@id\":\"https:\\\/\\\/www.mexicanguitarplayers.com\\\/#\\\/schema\\\/logo\\\/image\\\/\",\"url\":\"\",\"contentUrl\":\"\",\"caption\":\"Mexican Guitar Players\"},\"image\":{\"@id\":\"https:\\\/\\\/www.mexicanguitarplayers.com\\\/#\\\/schema\\\/logo\\\/image\\\/\"}}]}<\/script>\n<!-- \/ Yoast SEO plugin. -->","yoast_head_json":{"title":"PEDAL NUX NSS-3 MINI STUDIO IR LOADER - Mexican Guitar Players","description":"Pedal Mini Studio IR loader para guitarra, obt\u00e9n 8 gabinetes de guitarra, 8 gabinetes para bajo y 8 IR de guitarra ac\u00fastica, nivel de salida y controles Space, cada preajuste tambi\u00e9n es un punto de memoria donde puedes cargar tus archivos IR favoritos, latencia ultra baja (1.2 milisegundos), calidad de audio de 24 bits a 44.1 kHz, perilla Space para ajustar la simulaci\u00f3n del tama\u00f1o de la sala del altavoz, puedes controlar el Mini Studio y cargar tus propios archivos IR por medio de software, utiliza un adaptador de alimentaci\u00f3n externo de 9V DC (no incluido), dimensiones: 94 x 51 x 53 mm, peso: 174 g.","robots":{"index":"index","follow":"follow","max-snippet":"max-snippet:-1","max-image-preview":"max-image-preview:large","max-video-preview":"max-video-preview:-1"},"canonical":"https:\/\/www.mexicanguitarplayers.com\/en\/tienda\/sin categor\u00eda\/pedal-nux-nss-3-mini-studio-ir-loader\/","og_locale":"en_US","og_type":"article","og_title":"PEDAL NUX NSS-3 MINI STUDIO IR LOADER - Mexican Guitar Players","og_description":"Pedal Mini Studio IR loader para guitarra, obt\u00e9n 8 gabinetes de guitarra, 8 gabinetes para bajo y 8 IR de guitarra ac\u00fastica, nivel de salida y controles Space, cada preajuste tambi\u00e9n es un punto de memoria donde puedes cargar tus archivos IR favoritos, latencia ultra baja (1.2 milisegundos), calidad de audio de 24 bits a 44.1 kHz, perilla Space para ajustar la simulaci\u00f3n del tama\u00f1o de la sala del altavoz, puedes controlar el Mini Studio y cargar tus propios archivos IR por medio de software, utiliza un adaptador de alimentaci\u00f3n externo de 9V DC (no incluido), dimensiones: 94 x 51 x 53 mm, peso: 174 g.","og_url":"https:\/\/www.mexicanguitarplayers.com\/en\/tienda\/sin categor\u00eda\/pedal-nux-nss-3-mini-studio-ir-loader\/","og_site_name":"Mexican Guitar Players","article_modified_time":"2026-04-10T10:37:46+00:00","twitter_card":"summary_large_image","twitter_misc":{"Est. reading time":"4 minutes"},"schema":{"@context":"https:\/\/schema.org","@graph":[{"@type":["WebPage","ItemPage"],"@id":"https:\/\/www.mexicanguitarplayers.com\/tienda\/sin categor\u00eda\/pedal-nux-nss-3-mini-studio-ir-loader\/","url":"https:\/\/www.mexicanguitarplayers.com\/tienda\/sin categor\u00eda\/pedal-nux-nss-3-mini-studio-ir-loader\/","name":"PEDAL NUX NSS-3 MINI STUDIO IR LOADER - Mexican Guitar Players","isPartOf":{"@id":"https:\/\/www.mexicanguitarplayers.com\/#website"},"primaryImageOfPage":{"@id":"https:\/\/www.mexicanguitarplayers.com\/tienda\/sin categor\u00eda\/pedal-nux-nss-3-mini-studio-ir-loader\/#primaryimage"},"image":{"@id":"https:\/\/www.mexicanguitarplayers.com\/tienda\/sin categor\u00eda\/pedal-nux-nss-3-mini-studio-ir-loader\/#primaryimage"},"thumbnailUrl":"https:\/\/www.mexicanguitarplayers.com\/wp-content\/uploads\/2025\/04\/VANUXNSS3.jpg","datePublished":"2025-04-08T17:06:03+00:00","dateModified":"2026-04-10T10:37:46+00:00","description":"Pedal Mini Studio IR loader para guitarra, obt\u00e9n 8 gabinetes de guitarra, 8 gabinetes para bajo y 8 IR de guitarra ac\u00fastica, nivel de salida y controles Space, cada preajuste tambi\u00e9n es un punto de memoria donde puedes cargar tus archivos IR favoritos, latencia ultra baja (1.2 milisegundos), calidad de audio de 24 bits a 44.1 kHz, perilla Space para ajustar la simulaci\u00f3n del tama\u00f1o de la sala del altavoz, puedes controlar el Mini Studio y cargar tus propios archivos IR por medio de software, utiliza un adaptador de alimentaci\u00f3n externo de 9V DC (no incluido), dimensiones: 94 x 51 x 53 mm, peso: 174 g.","breadcrumb":{"@id":"https:\/\/www.mexicanguitarplayers.com\/tienda\/sin categor\u00eda\/pedal-nux-nss-3-mini-studio-ir-loader\/#breadcrumb"},"inLanguage":"en-US","potentialAction":[{"@type":"ReadAction","target":["https:\/\/www.mexicanguitarplayers.com\/tienda\/sin categor\u00eda\/pedal-nux-nss-3-mini-studio-ir-loader\/"]}]},{"@type":"ImageObject","inLanguage":"en-US","@id":"https:\/\/www.mexicanguitarplayers.com\/tienda\/sin categor\u00eda\/pedal-nux-nss-3-mini-studio-ir-loader\/#primaryimage","url":"https:\/\/www.mexicanguitarplayers.com\/wp-content\/uploads\/2025\/04\/VANUXNSS3.jpg","contentUrl":"https:\/\/www.mexicanguitarplayers.com\/wp-content\/uploads\/2025\/04\/VANUXNSS3.jpg","width":1200,"height":1200},{"@type":"BreadcrumbList","@id":"https:\/\/www.mexicanguitarplayers.com\/tienda\/sin categor\u00eda\/pedal-nux-nss-3-mini-studio-ir-loader\/#breadcrumb","itemListElement":[{"@type":"ListItem","position":1,"name":"Portada","item":"https:\/\/www.mexicanguitarplayers.com\/"},{"@type":"ListItem","position":2,"name":"Tienda","item":"https:\/\/www.mexicanguitarplayers.com\/tienda\/"},{"@type":"ListItem","position":3,"name":"PEDAL NUX NSS-3 MINI STUDIO IR LOADER"}]},{"@type":"WebSite","@id":"https:\/\/www.mexicanguitarplayers.com\/#website","url":"https:\/\/www.mexicanguitarplayers.com\/","name":"Mexican Guitar Players","description":"Website","publisher":{"@id":"https:\/\/www.mexicanguitarplayers.com\/#organization"},"potentialAction":[{"@type":"SearchAction","target":{"@type":"EntryPoint","urlTemplate":"https:\/\/www.mexicanguitarplayers.com\/?s={search_term_string}"},"query-input":{"@type":"PropertyValueSpecification","valueRequired":true,"valueName":"search_term_string"}}],"inLanguage":"en-US"},{"@type":"Organization","@id":"https:\/\/www.mexicanguitarplayers.com\/#organization","name":"Mexican Guitar Players","url":"https:\/\/www.mexicanguitarplayers.com\/","logo":{"@type":"ImageObject","inLanguage":"en-US","@id":"https:\/\/www.mexicanguitarplayers.com\/#\/schema\/logo\/image\/","url":"","contentUrl":"","caption":"Mexican Guitar Players"},"image":{"@id":"https:\/\/www.mexicanguitarplayers.com\/#\/schema\/logo\/image\/"}}]}},"brands":[{"id":177,"name":"NUX","slug":"nux"}],"_links":{"self":[{"href":"https:\/\/www.mexicanguitarplayers.com\/en\/wp-json\/wp\/v2\/product\/30042","targetHints":{"allow":["GET"]}}],"collection":[{"href":"https:\/\/www.mexicanguitarplayers.com\/en\/wp-json\/wp\/v2\/product"}],"about":[{"href":"https:\/\/www.mexicanguitarplayers.com\/en\/wp-json\/wp\/v2\/types\/product"}],"replies":[{"embeddable":true,"href":"https:\/\/www.mexicanguitarplayers.com\/en\/wp-json\/wp\/v2\/comments?post=30042"}],"wp:featuredmedia":[{"embeddable":true,"href":"https:\/\/www.mexicanguitarplayers.com\/en\/wp-json\/wp\/v2\/media\/30035"}],"wp:attachment":[{"href":"https:\/\/www.mexicanguitarplayers.com\/en\/wp-json\/wp\/v2\/media?parent=30042"}],"wp:term":[{"taxonomy":"pwb-brand","embeddable":true,"href":"https:\/\/www.mexicanguitarplayers.com\/en\/wp-json\/wp\/v2\/pwb-brand?post=30042"},{"taxonomy":"product_brand","embeddable":true,"href":"https:\/\/www.mexicanguitarplayers.com\/en\/wp-json\/wp\/v2\/product_brand?post=30042"},{"taxonomy":"product_cat","embeddable":true,"href":"https:\/\/www.mexicanguitarplayers.com\/en\/wp-json\/wp\/v2\/product_cat?post=30042"},{"taxonomy":"product_tag","embeddable":true,"href":"https:\/\/www.mexicanguitarplayers.com\/en\/wp-json\/wp\/v2\/product_tag?post=30042"}],"curies":[{"name":"wp","href":"https:\/\/api.w.org\/{rel}","templated":true}]}}