{"id":30055,"date":"2025-04-08T11:06:23","date_gmt":"2025-04-08T17:06:23","guid":{"rendered":"https:\/\/www.mexicanguitarplayers.com\/tienda\/sin categor\u00eda\/afinador-nux-electronico-ntu-3\/"},"modified":"2026-04-10T04:37:44","modified_gmt":"2026-04-10T10:37:44","slug":"afinador-nux-electronico-ntu-3","status":"publish","type":"product","link":"https:\/\/www.mexicanguitarplayers.com\/en\/tienda\/accesorios\/estuches-y-fundas\/para-guitarra\/afinador-nux-electronico-ntu-3\/","title":{"rendered":"AFINADOR NUX ELECTRONICO NTU-3"},"content":{"rendered":"<div style=\"text-align: justify\">\n<div>\n<h3>Mini pero grande.<\/h3>\n<\/div>\n<div>NUX Flow Tune tiene un dise\u00f1o compacto con una gran pantalla LCD de alta definici\u00f3n. Todos pueden leer f\u00e1cilmente las notas mientras est\u00e1n parados en el escenario. Es perfecto para guitarristas en vivo. Es f\u00e1cil de instalar y f\u00e1cil de ajustar. Hay 3 modos de visualizaci\u00f3n, incluido un modo Strobo y 2 modos Arrow. La pantalla destacada es v\u00edvida y parece un r\u00edo que fluye. Simplemente fluye en sinton\u00eda con tu guitarra. Pantalla brillante tanto en la luz del sol como en la oscuridad. Con una pantalla LCD brillante y de alta definici\u00f3n, NUX Flow Tune es genial y f\u00e1cil de usar en cualquier escenario. No importa d\u00f3nde est\u00e9s actuando, puedes verificar la informaci\u00f3n de afinaci\u00f3n en la pantalla LCD muy bien a distancia y mantener tu instrumento afinado todo el tiempo. La pantalla LCD del Flow Tune es muy clara a la luz del sol. Disfruta jugando con \u00e9l en un concierto al aire libre. Disfruta tocando con \u00e9l en un escenario completamente oscuro. Cuenta con modos True Bypass, Buffer y Buffer Monitor. En Flow Tune puedes cambiar entre True Bypass, Buffer y Buffer Monitor seg\u00fan tus gustos y entorno. True Bypass: Cuando el afinador est\u00e1 en bypass, el pedal utiliza un circuito true bypass que no influye en la se\u00f1al de salida, cuando el afinador se activa y comienzas a afinar, la salida se silenciar\u00e1. Buffered Bypass: Cuando el afinador est\u00e1 en bypass, la salida de se\u00f1al es impulsada por un circuito buffered bypass, cuando el afinador se activa y comienzas a afinar, la salida se silenciar\u00e1. Buffered Bypass Monitor: La se\u00f1al se maneja exactamente como en el modo Buffered Bypass, mientras que la salida permanece sin silenciar sin importar si el afinador est\u00e1 activado o no. \u00bfPor qu\u00e9 es importante el modo Buffer? El Flow Tune no solo presenta True Bypass para emitir el sonido exactamente como se ingres\u00f3, sino que ahora incluye tambi\u00e9n modo Buffered y Buffered Monitor. La mayor\u00eda de las guitarras el\u00e9ctricas usan pastillas pasivas con una salida de alta impedancia. Cuando est\u00e1s utilizando un cable, hay una p\u00e9rdida de tono, generalmente de alta frecuencia, despu\u00e9s de unos 6 metros y este problema empeora cuanto m\u00e1s largo es el cable. Un buffer aumenta la se\u00f1al a trav\u00e9s de cables largos para evitar la p\u00e9rdida de tono, manteni\u00e9ndola limpia y clara, incluso cuando el pedal est\u00e1 apagado. El Buffer mejora la calidad del sonido en el modo bypass, de modo que a\u00fan puedes mantener la calidad del audio incluso cuando usas un cable largo para conectar el afinador o cuando insertas el afinador en una pedalera compleja. M\u00e1s que eso, en el modo Buffer Monitor, incluso puedes verificar todas las notas que tocas en cualquier momento sin dejar de tocar ni hacer bending. Se adapta a cualquier pedalera. Cuenta con un tama\u00f1o compacto y un peso constante, es f\u00e1cil de colocar en la pedalera con un velcro. Adem\u00e1s, el footswitch especialmente dise\u00f1ado ofrece un feedback de presi\u00f3n c\u00f3moda. Y lo m\u00e1s importante: Es que es rosa.<\/div>\n<div>\n<h4>Quick look<\/h4>\n<\/div>\n<ul style=\"margin: 0px 0px 0px 25px\">\n<li style=\"list-style-type: circle;margin: 5px\">Rango de afinaci\u00f3n.<\/li>\n<li style=\"list-style-type: circle;margin: 5px\">Modos de afinaci\u00f3n.<\/li>\n<li style=\"list-style-type: circle;margin: 5px\">Modos de visualizaci\u00f3n.<\/li>\n<li style=\"list-style-type: circle;margin: 5px\">Modos bypass.<\/li>\n<li style=\"list-style-type: circle;margin: 5px\">Calibraci\u00f3n A4.<\/li>\n<li style=\"list-style-type: circle;margin: 5px\">Precisi\u00f3n de afinaci\u00f3n.<\/li>\n<li style=\"list-style-type: circle;margin: 5px\">Input impedance.<\/li>\n<li style=\"list-style-type: circle;margin: 5px\">Output impedance.<\/li>\n<li style=\"list-style-type: circle;margin: 5px\">Consumo de corriente.<\/li>\n<li style=\"list-style-type: circle;margin: 5px\">Dimensions.<\/li>\n<li style=\"list-style-type: circle;margin: 5px\">Weight.<\/li>\n<\/ul>\n<div>\n<div style=\"font-weight: bold\">Rango de afinaci\u00f3n.<\/div>\n<div>\n<p>A0 (27.5 Hz) &#8211; C8 (4,186 Hz).<\/p>\n<\/div>\n<div style=\"font-weight: bold\">Modos de afinaci\u00f3n.<\/div>\n<div>\n<p>Crom\u00e1tico, guitarra, bajo.<\/p>\n<\/div>\n<div style=\"font-weight: bold\">Modos de visualizaci\u00f3n.<\/div>\n<div>\n<p>Modo Strobo, Modo Arrow 1, Modo Arrow 2.<\/p>\n<\/div>\n<div style=\"font-weight: bold\">Modos bypass.<\/div>\n<div>\n<p>True Bypass, Buffered Bypass, Buffered Bypass Monitor.<\/p>\n<\/div>\n<div style=\"font-weight: bold\">Calibraci\u00f3n A4.<\/div>\n<div>\n<p>430 Hz &#8211; 450 Hz.<\/p>\n<\/div>\n<div style=\"font-weight: bold\">Precisi\u00f3n de afinaci\u00f3n.<\/div>\n<div>\n<p>\u00b10.1 cent.<\/p>\n<\/div>\n<div style=\"font-weight: bold\">Input impedance.<\/div>\n<div>\n<p>10 mili-ohms.<\/p>\n<\/div>\n<div style=\"font-weight: bold\">Output impedance.<\/div>\n<div>\n<p>1 kilo-ohm.<\/p>\n<\/div>\n<div style=\"font-weight: bold\">Consumo de corriente.<\/div>\n<div>\n<p>&lt;100mA.<\/p>\n<\/div>\n<div style=\"font-weight: bold\">Dimensions.<\/div>\n<div>\n<p>97.4 x 43.5 x 41.6 mm.<\/p>\n<\/div>\n<div style=\"font-weight: bold\">Weight.<\/div>\n<div>\n<p>197.4 g.<\/p>\n<\/div>\n<\/div>\n<\/div>","protected":false},"excerpt":{"rendered":"<p>Afinador en formato pedal, dise\u00f1o compacto con una gran pantalla LCD de alta definici\u00f3n, f\u00e1cil de instalar y f\u00e1cil de ajustar, rango de afinaci\u00f3n: A0 (27.5 Hz) &#8211; C8 (4,186 Hz), modos de afinaci\u00f3n: Crom\u00e1tico, guitarra, bajo, modos de visualizaci\u00f3n: Modo Strobo, Modo Arrow 1, Modo Arrow 2, modos bypass: True Bypass, Buffered Bypass, Buffered Bypass Monitor, calibraci\u00f3n A4: 430 Hz &#8211; 450 Hz, precisi\u00f3n de afinaci\u00f3n: \u00b10.1 cent, impedancia de entrada: 10 mili-ohms, impedancia de salida: 1 kilo-ohm, consumo de corriente: &lt;100 mA, dimensiones: 97.4 x 43.5 x 41.6 mm, peso: 197.4 g.&hellip; <a class=\"kt-excerpt-readmore more-link\" href=\"https:\/\/www.mexicanguitarplayers.com\/en\/tienda\/accesorios\/estuches-y-fundas\/para-guitarra\/afinador-nux-electronico-ntu-3\/\">Read more<\/a><\/p>","protected":false},"featured_media":30047,"comment_status":"open","ping_status":"closed","template":"","meta":{"kt_blocks_editor_width":""},"pwb-brand":[177],"product_brand":[],"product_cat":[85,423,422,566],"product_tag":[],"class_list":{"0":"post-30055","1":"product","2":"type-product","3":"status-publish","4":"has-post-thumbnail","6":"pwb-brand-nux","7":"product_cat-accesorios","8":"product_cat-afinadores","9":"product_cat-afinadores-y-metronomos","10":"product_cat-para-guitarra","11":"product_shipping_class-0-5-kg","13":"first","14":"outofstock","15":"taxable","16":"shipping-taxable","17":"purchasable","18":"product-type-simple"},"yoast_head":"<!-- This site is optimized with the Yoast SEO plugin v27.5 - https:\/\/yoast.com\/product\/yoast-seo-wordpress\/ -->\n<title>AFINADOR NUX ELECTRONICO NTU-3 - Mexican Guitar Players<\/title>\n<meta name=\"description\" content=\"Afinador en formato pedal, dise\u00f1o compacto con una gran pantalla LCD de alta definici\u00f3n, f\u00e1cil de instalar y f\u00e1cil de ajustar, rango de afinaci\u00f3n: A0 (27.5 Hz) - C8 (4,186 Hz), modos de afinaci\u00f3n: Crom\u00e1tico, guitarra, bajo, modos de visualizaci\u00f3n: Modo Strobo, Modo Arrow 1, Modo Arrow 2, modos bypass: True Bypass, Buffered Bypass, Buffered Bypass Monitor, calibraci\u00f3n A4: 430 Hz - 450 Hz, precisi\u00f3n de afinaci\u00f3n: \u00b10.1 cent, impedancia de entrada: 10 mili-ohms, impedancia de salida: 1 kilo-ohm, consumo de corriente: &lt;100 mA, dimensiones: 97.4 x 43.5 x 41.6 mm, peso: 197.4 g.\" \/>\n<meta name=\"robots\" content=\"index, follow, max-snippet:-1, max-image-preview:large, max-video-preview:-1\" \/>\n<link rel=\"canonical\" href=\"https:\/\/www.mexicanguitarplayers.com\/en\/tienda\/sin%20categor\u00eda\/afinador-nux-electronico-ntu-3\/\" \/>\n<meta property=\"og:locale\" content=\"en_US\" \/>\n<meta property=\"og:type\" content=\"article\" \/>\n<meta property=\"og:title\" content=\"AFINADOR NUX ELECTRONICO NTU-3 - Mexican Guitar Players\" \/>\n<meta property=\"og:description\" content=\"Afinador en formato pedal, dise\u00f1o compacto con una gran pantalla LCD de alta definici\u00f3n, f\u00e1cil de instalar y f\u00e1cil de ajustar, rango de afinaci\u00f3n: A0 (27.5 Hz) - C8 (4,186 Hz), modos de afinaci\u00f3n: Crom\u00e1tico, guitarra, bajo, modos de visualizaci\u00f3n: Modo Strobo, Modo Arrow 1, Modo Arrow 2, modos bypass: True Bypass, Buffered Bypass, Buffered Bypass Monitor, calibraci\u00f3n A4: 430 Hz - 450 Hz, precisi\u00f3n de afinaci\u00f3n: \u00b10.1 cent, impedancia de entrada: 10 mili-ohms, impedancia de salida: 1 kilo-ohm, consumo de corriente: &lt;100 mA, dimensiones: 97.4 x 43.5 x 41.6 mm, peso: 197.4 g.\" \/>\n<meta property=\"og:url\" content=\"https:\/\/www.mexicanguitarplayers.com\/en\/tienda\/sin categor\u00eda\/afinador-nux-electronico-ntu-3\/\" \/>\n<meta property=\"og:site_name\" content=\"Mexican Guitar Players\" \/>\n<meta property=\"article:modified_time\" content=\"2026-04-10T10:37:44+00:00\" \/>\n<meta name=\"twitter:card\" content=\"summary_large_image\" \/>\n<meta name=\"twitter:label1\" content=\"Est. reading time\" \/>\n\t<meta name=\"twitter:data1\" content=\"3 minutes\" \/>\n<script type=\"application\/ld+json\" class=\"yoast-schema-graph\">{\"@context\":\"https:\\\/\\\/schema.org\",\"@graph\":[{\"@type\":[\"WebPage\",\"ItemPage\"],\"@id\":\"https:\\\/\\\/www.mexicanguitarplayers.com\\\/tienda\\\/sin categor\u00eda\\\/afinador-nux-electronico-ntu-3\\\/\",\"url\":\"https:\\\/\\\/www.mexicanguitarplayers.com\\\/tienda\\\/sin categor\u00eda\\\/afinador-nux-electronico-ntu-3\\\/\",\"name\":\"AFINADOR NUX ELECTRONICO NTU-3 - Mexican Guitar Players\",\"isPartOf\":{\"@id\":\"https:\\\/\\\/www.mexicanguitarplayers.com\\\/#website\"},\"primaryImageOfPage\":{\"@id\":\"https:\\\/\\\/www.mexicanguitarplayers.com\\\/tienda\\\/sin categor\u00eda\\\/afinador-nux-electronico-ntu-3\\\/#primaryimage\"},\"image\":{\"@id\":\"https:\\\/\\\/www.mexicanguitarplayers.com\\\/tienda\\\/sin categor\u00eda\\\/afinador-nux-electronico-ntu-3\\\/#primaryimage\"},\"thumbnailUrl\":\"https:\\\/\\\/www.mexicanguitarplayers.com\\\/wp-content\\\/uploads\\\/2025\\\/04\\\/VANUXNTU3.jpg\",\"datePublished\":\"2025-04-08T17:06:23+00:00\",\"dateModified\":\"2026-04-10T10:37:44+00:00\",\"description\":\"Afinador en formato pedal, dise\u00f1o compacto con una gran pantalla LCD de alta definici\u00f3n, f\u00e1cil de instalar y f\u00e1cil de ajustar, rango de afinaci\u00f3n: A0 (27.5 Hz) - C8 (4,186 Hz), modos de afinaci\u00f3n: Crom\u00e1tico, guitarra, bajo, modos de visualizaci\u00f3n: Modo Strobo, Modo Arrow 1, Modo Arrow 2, modos bypass: True Bypass, Buffered Bypass, Buffered Bypass Monitor, calibraci\u00f3n A4: 430 Hz - 450 Hz, precisi\u00f3n de afinaci\u00f3n: \u00b10.1 cent, impedancia de entrada: 10 mili-ohms, impedancia de salida: 1 kilo-ohm, consumo de corriente: &lt;100 mA, dimensiones: 97.4 x 43.5 x 41.6 mm, peso: 197.4 g.\",\"breadcrumb\":{\"@id\":\"https:\\\/\\\/www.mexicanguitarplayers.com\\\/tienda\\\/sin categor\u00eda\\\/afinador-nux-electronico-ntu-3\\\/#breadcrumb\"},\"inLanguage\":\"en-US\",\"potentialAction\":[{\"@type\":\"ReadAction\",\"target\":[\"https:\\\/\\\/www.mexicanguitarplayers.com\\\/tienda\\\/sin categor\u00eda\\\/afinador-nux-electronico-ntu-3\\\/\"]}]},{\"@type\":\"ImageObject\",\"inLanguage\":\"en-US\",\"@id\":\"https:\\\/\\\/www.mexicanguitarplayers.com\\\/tienda\\\/sin categor\u00eda\\\/afinador-nux-electronico-ntu-3\\\/#primaryimage\",\"url\":\"https:\\\/\\\/www.mexicanguitarplayers.com\\\/wp-content\\\/uploads\\\/2025\\\/04\\\/VANUXNTU3.jpg\",\"contentUrl\":\"https:\\\/\\\/www.mexicanguitarplayers.com\\\/wp-content\\\/uploads\\\/2025\\\/04\\\/VANUXNTU3.jpg\",\"width\":1200,\"height\":1200},{\"@type\":\"BreadcrumbList\",\"@id\":\"https:\\\/\\\/www.mexicanguitarplayers.com\\\/tienda\\\/sin categor\u00eda\\\/afinador-nux-electronico-ntu-3\\\/#breadcrumb\",\"itemListElement\":[{\"@type\":\"ListItem\",\"position\":1,\"name\":\"Portada\",\"item\":\"https:\\\/\\\/www.mexicanguitarplayers.com\\\/\"},{\"@type\":\"ListItem\",\"position\":2,\"name\":\"Tienda\",\"item\":\"https:\\\/\\\/www.mexicanguitarplayers.com\\\/tienda\\\/\"},{\"@type\":\"ListItem\",\"position\":3,\"name\":\"AFINADOR NUX ELECTRONICO NTU-3\"}]},{\"@type\":\"WebSite\",\"@id\":\"https:\\\/\\\/www.mexicanguitarplayers.com\\\/#website\",\"url\":\"https:\\\/\\\/www.mexicanguitarplayers.com\\\/\",\"name\":\"Mexican Guitar Players\",\"description\":\"Website\",\"publisher\":{\"@id\":\"https:\\\/\\\/www.mexicanguitarplayers.com\\\/#organization\"},\"potentialAction\":[{\"@type\":\"SearchAction\",\"target\":{\"@type\":\"EntryPoint\",\"urlTemplate\":\"https:\\\/\\\/www.mexicanguitarplayers.com\\\/?s={search_term_string}\"},\"query-input\":{\"@type\":\"PropertyValueSpecification\",\"valueRequired\":true,\"valueName\":\"search_term_string\"}}],\"inLanguage\":\"en-US\"},{\"@type\":\"Organization\",\"@id\":\"https:\\\/\\\/www.mexicanguitarplayers.com\\\/#organization\",\"name\":\"Mexican Guitar Players\",\"url\":\"https:\\\/\\\/www.mexicanguitarplayers.com\\\/\",\"logo\":{\"@type\":\"ImageObject\",\"inLanguage\":\"en-US\",\"@id\":\"https:\\\/\\\/www.mexicanguitarplayers.com\\\/#\\\/schema\\\/logo\\\/image\\\/\",\"url\":\"\",\"contentUrl\":\"\",\"caption\":\"Mexican Guitar Players\"},\"image\":{\"@id\":\"https:\\\/\\\/www.mexicanguitarplayers.com\\\/#\\\/schema\\\/logo\\\/image\\\/\"}}]}<\/script>\n<!-- \/ Yoast SEO plugin. -->","yoast_head_json":{"title":"AFINADOR NUX ELECTRONICO NTU-3 - Mexican Guitar Players","description":"Afinador en formato pedal, dise\u00f1o compacto con una gran pantalla LCD de alta definici\u00f3n, f\u00e1cil de instalar y f\u00e1cil de ajustar, rango de afinaci\u00f3n: A0 (27.5 Hz) - C8 (4,186 Hz), modos de afinaci\u00f3n: Crom\u00e1tico, guitarra, bajo, modos de visualizaci\u00f3n: Modo Strobo, Modo Arrow 1, Modo Arrow 2, modos bypass: True Bypass, Buffered Bypass, Buffered Bypass Monitor, calibraci\u00f3n A4: 430 Hz - 450 Hz, precisi\u00f3n de afinaci\u00f3n: \u00b10.1 cent, impedancia de entrada: 10 mili-ohms, impedancia de salida: 1 kilo-ohm, consumo de corriente: &lt;100 mA, dimensiones: 97.4 x 43.5 x 41.6 mm, peso: 197.4 g.","robots":{"index":"index","follow":"follow","max-snippet":"max-snippet:-1","max-image-preview":"max-image-preview:large","max-video-preview":"max-video-preview:-1"},"canonical":"https:\/\/www.mexicanguitarplayers.com\/en\/tienda\/sin categor\u00eda\/afinador-nux-electronico-ntu-3\/","og_locale":"en_US","og_type":"article","og_title":"AFINADOR NUX ELECTRONICO NTU-3 - Mexican Guitar Players","og_description":"Afinador en formato pedal, dise\u00f1o compacto con una gran pantalla LCD de alta definici\u00f3n, f\u00e1cil de instalar y f\u00e1cil de ajustar, rango de afinaci\u00f3n: A0 (27.5 Hz) - C8 (4,186 Hz), modos de afinaci\u00f3n: Crom\u00e1tico, guitarra, bajo, modos de visualizaci\u00f3n: Modo Strobo, Modo Arrow 1, Modo Arrow 2, modos bypass: True Bypass, Buffered Bypass, Buffered Bypass Monitor, calibraci\u00f3n A4: 430 Hz - 450 Hz, precisi\u00f3n de afinaci\u00f3n: \u00b10.1 cent, impedancia de entrada: 10 mili-ohms, impedancia de salida: 1 kilo-ohm, consumo de corriente: &lt;100 mA, dimensiones: 97.4 x 43.5 x 41.6 mm, peso: 197.4 g.","og_url":"https:\/\/www.mexicanguitarplayers.com\/en\/tienda\/sin categor\u00eda\/afinador-nux-electronico-ntu-3\/","og_site_name":"Mexican Guitar Players","article_modified_time":"2026-04-10T10:37:44+00:00","twitter_card":"summary_large_image","twitter_misc":{"Est. reading time":"3 minutes"},"schema":{"@context":"https:\/\/schema.org","@graph":[{"@type":["WebPage","ItemPage"],"@id":"https:\/\/www.mexicanguitarplayers.com\/tienda\/sin categor\u00eda\/afinador-nux-electronico-ntu-3\/","url":"https:\/\/www.mexicanguitarplayers.com\/tienda\/sin categor\u00eda\/afinador-nux-electronico-ntu-3\/","name":"AFINADOR NUX ELECTRONICO NTU-3 - Mexican Guitar Players","isPartOf":{"@id":"https:\/\/www.mexicanguitarplayers.com\/#website"},"primaryImageOfPage":{"@id":"https:\/\/www.mexicanguitarplayers.com\/tienda\/sin categor\u00eda\/afinador-nux-electronico-ntu-3\/#primaryimage"},"image":{"@id":"https:\/\/www.mexicanguitarplayers.com\/tienda\/sin categor\u00eda\/afinador-nux-electronico-ntu-3\/#primaryimage"},"thumbnailUrl":"https:\/\/www.mexicanguitarplayers.com\/wp-content\/uploads\/2025\/04\/VANUXNTU3.jpg","datePublished":"2025-04-08T17:06:23+00:00","dateModified":"2026-04-10T10:37:44+00:00","description":"Afinador en formato pedal, dise\u00f1o compacto con una gran pantalla LCD de alta definici\u00f3n, f\u00e1cil de instalar y f\u00e1cil de ajustar, rango de afinaci\u00f3n: A0 (27.5 Hz) - C8 (4,186 Hz), modos de afinaci\u00f3n: Crom\u00e1tico, guitarra, bajo, modos de visualizaci\u00f3n: Modo Strobo, Modo Arrow 1, Modo Arrow 2, modos bypass: True Bypass, Buffered Bypass, Buffered Bypass Monitor, calibraci\u00f3n A4: 430 Hz - 450 Hz, precisi\u00f3n de afinaci\u00f3n: \u00b10.1 cent, impedancia de entrada: 10 mili-ohms, impedancia de salida: 1 kilo-ohm, consumo de corriente: &lt;100 mA, dimensiones: 97.4 x 43.5 x 41.6 mm, peso: 197.4 g.","breadcrumb":{"@id":"https:\/\/www.mexicanguitarplayers.com\/tienda\/sin categor\u00eda\/afinador-nux-electronico-ntu-3\/#breadcrumb"},"inLanguage":"en-US","potentialAction":[{"@type":"ReadAction","target":["https:\/\/www.mexicanguitarplayers.com\/tienda\/sin categor\u00eda\/afinador-nux-electronico-ntu-3\/"]}]},{"@type":"ImageObject","inLanguage":"en-US","@id":"https:\/\/www.mexicanguitarplayers.com\/tienda\/sin categor\u00eda\/afinador-nux-electronico-ntu-3\/#primaryimage","url":"https:\/\/www.mexicanguitarplayers.com\/wp-content\/uploads\/2025\/04\/VANUXNTU3.jpg","contentUrl":"https:\/\/www.mexicanguitarplayers.com\/wp-content\/uploads\/2025\/04\/VANUXNTU3.jpg","width":1200,"height":1200},{"@type":"BreadcrumbList","@id":"https:\/\/www.mexicanguitarplayers.com\/tienda\/sin categor\u00eda\/afinador-nux-electronico-ntu-3\/#breadcrumb","itemListElement":[{"@type":"ListItem","position":1,"name":"Portada","item":"https:\/\/www.mexicanguitarplayers.com\/"},{"@type":"ListItem","position":2,"name":"Tienda","item":"https:\/\/www.mexicanguitarplayers.com\/tienda\/"},{"@type":"ListItem","position":3,"name":"AFINADOR NUX ELECTRONICO NTU-3"}]},{"@type":"WebSite","@id":"https:\/\/www.mexicanguitarplayers.com\/#website","url":"https:\/\/www.mexicanguitarplayers.com\/","name":"Mexican Guitar Players","description":"Website","publisher":{"@id":"https:\/\/www.mexicanguitarplayers.com\/#organization"},"potentialAction":[{"@type":"SearchAction","target":{"@type":"EntryPoint","urlTemplate":"https:\/\/www.mexicanguitarplayers.com\/?s={search_term_string}"},"query-input":{"@type":"PropertyValueSpecification","valueRequired":true,"valueName":"search_term_string"}}],"inLanguage":"en-US"},{"@type":"Organization","@id":"https:\/\/www.mexicanguitarplayers.com\/#organization","name":"Mexican Guitar Players","url":"https:\/\/www.mexicanguitarplayers.com\/","logo":{"@type":"ImageObject","inLanguage":"en-US","@id":"https:\/\/www.mexicanguitarplayers.com\/#\/schema\/logo\/image\/","url":"","contentUrl":"","caption":"Mexican Guitar Players"},"image":{"@id":"https:\/\/www.mexicanguitarplayers.com\/#\/schema\/logo\/image\/"}}]}},"brands":[{"id":177,"name":"NUX","slug":"nux"}],"_links":{"self":[{"href":"https:\/\/www.mexicanguitarplayers.com\/en\/wp-json\/wp\/v2\/product\/30055","targetHints":{"allow":["GET"]}}],"collection":[{"href":"https:\/\/www.mexicanguitarplayers.com\/en\/wp-json\/wp\/v2\/product"}],"about":[{"href":"https:\/\/www.mexicanguitarplayers.com\/en\/wp-json\/wp\/v2\/types\/product"}],"replies":[{"embeddable":true,"href":"https:\/\/www.mexicanguitarplayers.com\/en\/wp-json\/wp\/v2\/comments?post=30055"}],"wp:featuredmedia":[{"embeddable":true,"href":"https:\/\/www.mexicanguitarplayers.com\/en\/wp-json\/wp\/v2\/media\/30047"}],"wp:attachment":[{"href":"https:\/\/www.mexicanguitarplayers.com\/en\/wp-json\/wp\/v2\/media?parent=30055"}],"wp:term":[{"taxonomy":"pwb-brand","embeddable":true,"href":"https:\/\/www.mexicanguitarplayers.com\/en\/wp-json\/wp\/v2\/pwb-brand?post=30055"},{"taxonomy":"product_brand","embeddable":true,"href":"https:\/\/www.mexicanguitarplayers.com\/en\/wp-json\/wp\/v2\/product_brand?post=30055"},{"taxonomy":"product_cat","embeddable":true,"href":"https:\/\/www.mexicanguitarplayers.com\/en\/wp-json\/wp\/v2\/product_cat?post=30055"},{"taxonomy":"product_tag","embeddable":true,"href":"https:\/\/www.mexicanguitarplayers.com\/en\/wp-json\/wp\/v2\/product_tag?post=30055"}],"curies":[{"name":"wp","href":"https:\/\/api.w.org\/{rel}","templated":true}]}}