{"id":30096,"date":"2025-04-08T11:07:19","date_gmt":"2025-04-08T17:07:19","guid":{"rendered":"https:\/\/www.mexicanguitarplayers.com\/tienda\/sin categor\u00eda\/combo-ashdown-p-bajo-origin-al-c112-300\/"},"modified":"2026-04-10T04:37:41","modified_gmt":"2026-04-10T10:37:41","slug":"combo-ashdown-p-bajo-origin-al-c112-300","status":"publish","type":"product","link":"https:\/\/www.mexicanguitarplayers.com\/en\/tienda\/cuerdas\/combos\/combos-para-bajo\/combo-ashdown-p-bajo-origin-al-c112-300\/","title":{"rendered":"COMBO ASHDOWN P\/BAJO ORIGIN-AL C112-300"},"content":{"rendered":"<div style=\"text-align: justify\">\n<div>\n<h3>Ideal tanto para grandes conciertos como para ensayo en casa.<\/h3>\n<\/div>\n<div>Un simple pero poderoso ecualizador. Con la se\u00f1al en su nivel \u00f3ptimo, puedes acceder a un conjunto de caracter\u00edsticas dise\u00f1adas para mejorar tu tono. El OriginAL cuenta con un ecualizador de 5 bandas que controla tus graves, medios y agudos tradicionales con un medio-grave y medio-agudo que se encuentran c\u00f3modamente a cada lado del control medio variable. El control Shape adicional esculpe a\u00fan m\u00e1s tu sonido, elevando las frecuencias que realmente cuentan, como una cara sonriente en un ecualizador gr\u00e1fico. Tonalmente conectado. El control de salida regula el volumen de salida del amplificador y complementa las funciones del panel frontal con una salida DI de f\u00e1cil acceso as\u00ed como un env\u00edo y retorno de FX independiente, lo que permite que el amplificador establezca una ruta muy clara de se\u00f1al sin interrupciones. Crea la plataforma perfecta. En la parte posterior de esta condensada unidad se encuentra considerada una salida de aud\u00edfonos que hace que este cabezal sea ideal tanto para conciertos como un dispositivo para practicar en casa. 2 salidas jack de altavoz con un m\u00ednimo de 4 ohms proporciona opciones de asociaci\u00f3n flexibles con la gama existente de gabinetes de bajo de Ashdown.<\/div>\n<div>\n<h4>Quick look<\/h4>\n<\/div>\n<ul style=\"margin: 0px 0px 0px 25px\">\n<li style=\"list-style-type: circle;margin: 5px\">Output power.<\/li>\n<li style=\"list-style-type: circle;margin: 5px\">Requerimientos de energ\u00eda.<\/li>\n<li style=\"list-style-type: circle;margin: 5px\">Speakers.<\/li>\n<li style=\"list-style-type: circle;margin: 5px\">Entrada de instrumento alta.<\/li>\n<li style=\"list-style-type: circle;margin: 5px\">Entrada de instrumento baja.<\/li>\n<li style=\"list-style-type: circle;margin: 5px\">Line input.<\/li>\n<li style=\"list-style-type: circle;margin: 5px\">DI output.<\/li>\n<li style=\"list-style-type: circle;margin: 5px\">Impedance.<\/li>\n<li style=\"list-style-type: circle;margin: 5px\">Headphone output.<\/li>\n<li style=\"list-style-type: circle;margin: 5px\">Equalizer<\/li>\n<li style=\"list-style-type: circle;margin: 5px\">Env\u00edo de efectos.<\/li>\n<li style=\"list-style-type: circle;margin: 5px\">Retorno de efectos.<\/li>\n<li style=\"list-style-type: circle;margin: 5px\">Dimensions.<\/li>\n<li style=\"list-style-type: circle;margin: 5px\">Weight.<\/li>\n<\/ul>\n<div>\n<div style=\"font-weight: bold\">Output power.<\/div>\n<div>\n<p>300 watts.<\/p>\n<\/div>\n<div style=\"font-weight: bold\">Requerimientos de energ\u00eda.<\/div>\n<div>\n<p>115-230 V.<\/p>\n<\/div>\n<div style=\"font-weight: bold\">Speakers.<\/div>\n<div>\n<p>1 x 12\u201d + Horn.<\/p>\n<\/div>\n<div style=\"font-weight: bold\">Entrada de instrumento alta.<\/div>\n<div>\n<p>Impedancia: 3.9m ohms, rango de entrada 150mV &#8211; 20mV p-p.<\/p>\n<\/div>\n<div style=\"font-weight: bold\">Entrada de instrumento baja.<\/div>\n<div>\n<p>Impedancia \u2013 1 mili-ohms, rango de entrada 150mv a 10v p &#8211; p.<\/p>\n<\/div>\n<div style=\"font-weight: bold\">Line input.<\/div>\n<div>\n<p>Impedancia 10 kilo-ohms, rango de entrada 300mV &#8211; 40V p-p.<\/p>\n<\/div>\n<div style=\"font-weight: bold\">DI output.<\/div>\n<div>\n<p>600 ohms balanceado \/ Nivel -20 dBu nominal.<\/p>\n<\/div>\n<div style=\"font-weight: bold\">Impedance.<\/div>\n<div>\n<p>M\u00ednimo 4 ohms.<\/p>\n<\/div>\n<div style=\"font-weight: bold\">Headphone output.<\/div>\n<div>\n<p>S\u00ed y segura para una pr\u00e1ctica silenciosa.<\/p>\n<\/div>\n<div style=\"font-weight: bold\">Equalizer<\/div>\n<div>\n<p>Bass \u00b115 dB @ 100 Hz Lo Mid \u00b115dB @ 220 Hz Middle \u00b115dB @ 660 Hz Hi Mid \u00b115dB @ 1.6 kHz Treble \u00b115dB @ 7 kHz.<\/p>\n<\/div>\n<div style=\"font-weight: bold\">Env\u00edo de efectos.<\/div>\n<div>\n<p>Impedancia 22 kilo-ohms \/ Nivel 0 dBu nominal.<\/p>\n<\/div>\n<div style=\"font-weight: bold\">Retorno de efectos.<\/div>\n<div>\n<p>Impedancia 22 kilo-ohms \/ Nivel 0 dBu nominal.<\/p>\n<\/div>\n<div style=\"font-weight: bold\">Dimensions.<\/div>\n<div>\n<p>460 x 390 x 380 mm.<\/p>\n<\/div>\n<div style=\"font-weight: bold\">Weight.<\/div>\n<div>\n<p>12.5 kg.<\/p>\n<\/div>\n<\/div>\n<\/div>","protected":false},"excerpt":{"rendered":"<p>Combo para bajo, 300 watts de potencia, un altavoz de 12\u201d + Horn, medidor VU, impedancia m\u00ednima 4 ohms, salida de aud\u00edfonos, dimensiones: 460 x 390 x 380 mm, peso: 12.5 kg.&hellip; <a class=\"kt-excerpt-readmore more-link\" href=\"https:\/\/www.mexicanguitarplayers.com\/en\/tienda\/cuerdas\/combos\/combos-para-bajo\/combo-ashdown-p-bajo-origin-al-c112-300\/\">Read more<\/a><\/p>","protected":false},"featured_media":30091,"comment_status":"open","ping_status":"closed","template":"","meta":{"kt_blocks_editor_width":""},"pwb-brand":[257],"product_brand":[],"product_cat":[236,255,224],"product_tag":[],"class_list":{"0":"post-30096","1":"product","2":"type-product","3":"status-publish","4":"has-post-thumbnail","6":"pwb-brand-ashdown","7":"product_cat-combos","8":"product_cat-combos-para-bajo","9":"product_cat-cuerdas","10":"product_shipping_class-15-20-kg","12":"first","13":"outofstock","14":"taxable","15":"shipping-taxable","16":"purchasable","17":"product-type-simple"},"yoast_head":"<!-- This site is optimized with the Yoast SEO plugin v27.6 - https:\/\/yoast.com\/product\/yoast-seo-wordpress\/ -->\n<title>COMBO ASHDOWN P\/BAJO ORIGIN-AL C112-300 - Mexican Guitar Players<\/title>\n<meta name=\"description\" content=\"Combo para bajo, 300 watts de potencia, un altavoz de 12\u201d + Horn, medidor VU, impedancia m\u00ednima 4 ohms, salida de aud\u00edfonos, dimensiones: 460 x 390 x 380 mm, peso: 12.5 kg.\" \/>\n<meta name=\"robots\" content=\"index, follow, max-snippet:-1, max-image-preview:large, max-video-preview:-1\" \/>\n<link rel=\"canonical\" href=\"https:\/\/www.mexicanguitarplayers.com\/en\/tienda\/sin%20categor\u00eda\/combo-ashdown-p-bajo-origin-al-c112-300\/\" \/>\n<meta property=\"og:locale\" content=\"en_US\" \/>\n<meta property=\"og:type\" content=\"article\" \/>\n<meta property=\"og:title\" content=\"COMBO ASHDOWN P\/BAJO ORIGIN-AL C112-300 - Mexican Guitar Players\" \/>\n<meta property=\"og:description\" content=\"Combo para bajo, 300 watts de potencia, un altavoz de 12\u201d + Horn, medidor VU, impedancia m\u00ednima 4 ohms, salida de aud\u00edfonos, dimensiones: 460 x 390 x 380 mm, peso: 12.5 kg.\" \/>\n<meta property=\"og:url\" content=\"https:\/\/www.mexicanguitarplayers.com\/en\/tienda\/sin categor\u00eda\/combo-ashdown-p-bajo-origin-al-c112-300\/\" \/>\n<meta property=\"og:site_name\" content=\"Mexican Guitar Players\" \/>\n<meta property=\"article:modified_time\" content=\"2026-04-10T10:37:41+00:00\" \/>\n<meta name=\"twitter:card\" content=\"summary_large_image\" \/>\n<meta name=\"twitter:label1\" content=\"Est. reading time\" \/>\n\t<meta name=\"twitter:data1\" content=\"2 minutes\" \/>\n<script type=\"application\/ld+json\" class=\"yoast-schema-graph\">{\"@context\":\"https:\\\/\\\/schema.org\",\"@graph\":[{\"@type\":[\"WebPage\",\"ItemPage\"],\"@id\":\"https:\\\/\\\/www.mexicanguitarplayers.com\\\/tienda\\\/sin categor\u00eda\\\/combo-ashdown-p-bajo-origin-al-c112-300\\\/\",\"url\":\"https:\\\/\\\/www.mexicanguitarplayers.com\\\/tienda\\\/sin categor\u00eda\\\/combo-ashdown-p-bajo-origin-al-c112-300\\\/\",\"name\":\"COMBO ASHDOWN P\\\/BAJO ORIGIN-AL C112-300 - Mexican Guitar Players\",\"isPartOf\":{\"@id\":\"https:\\\/\\\/www.mexicanguitarplayers.com\\\/#website\"},\"primaryImageOfPage\":{\"@id\":\"https:\\\/\\\/www.mexicanguitarplayers.com\\\/tienda\\\/sin categor\u00eda\\\/combo-ashdown-p-bajo-origin-al-c112-300\\\/#primaryimage\"},\"image\":{\"@id\":\"https:\\\/\\\/www.mexicanguitarplayers.com\\\/tienda\\\/sin categor\u00eda\\\/combo-ashdown-p-bajo-origin-al-c112-300\\\/#primaryimage\"},\"thumbnailUrl\":\"https:\\\/\\\/www.mexicanguitarplayers.com\\\/wp-content\\\/uploads\\\/2025\\\/04\\\/ICASORIC112300.jpg\",\"datePublished\":\"2025-04-08T17:07:19+00:00\",\"dateModified\":\"2026-04-10T10:37:41+00:00\",\"description\":\"Combo para bajo, 300 watts de potencia, un altavoz de 12\u201d + Horn, medidor VU, impedancia m\u00ednima 4 ohms, salida de aud\u00edfonos, dimensiones: 460 x 390 x 380 mm, peso: 12.5 kg.\",\"breadcrumb\":{\"@id\":\"https:\\\/\\\/www.mexicanguitarplayers.com\\\/tienda\\\/sin categor\u00eda\\\/combo-ashdown-p-bajo-origin-al-c112-300\\\/#breadcrumb\"},\"inLanguage\":\"en-US\",\"potentialAction\":[{\"@type\":\"ReadAction\",\"target\":[\"https:\\\/\\\/www.mexicanguitarplayers.com\\\/tienda\\\/sin categor\u00eda\\\/combo-ashdown-p-bajo-origin-al-c112-300\\\/\"]}]},{\"@type\":\"ImageObject\",\"inLanguage\":\"en-US\",\"@id\":\"https:\\\/\\\/www.mexicanguitarplayers.com\\\/tienda\\\/sin categor\u00eda\\\/combo-ashdown-p-bajo-origin-al-c112-300\\\/#primaryimage\",\"url\":\"https:\\\/\\\/www.mexicanguitarplayers.com\\\/wp-content\\\/uploads\\\/2025\\\/04\\\/ICASORIC112300.jpg\",\"contentUrl\":\"https:\\\/\\\/www.mexicanguitarplayers.com\\\/wp-content\\\/uploads\\\/2025\\\/04\\\/ICASORIC112300.jpg\",\"width\":1200,\"height\":1200},{\"@type\":\"BreadcrumbList\",\"@id\":\"https:\\\/\\\/www.mexicanguitarplayers.com\\\/tienda\\\/sin categor\u00eda\\\/combo-ashdown-p-bajo-origin-al-c112-300\\\/#breadcrumb\",\"itemListElement\":[{\"@type\":\"ListItem\",\"position\":1,\"name\":\"Portada\",\"item\":\"https:\\\/\\\/www.mexicanguitarplayers.com\\\/\"},{\"@type\":\"ListItem\",\"position\":2,\"name\":\"Tienda\",\"item\":\"https:\\\/\\\/www.mexicanguitarplayers.com\\\/tienda\\\/\"},{\"@type\":\"ListItem\",\"position\":3,\"name\":\"COMBO ASHDOWN P\\\/BAJO ORIGIN-AL C112-300\"}]},{\"@type\":\"WebSite\",\"@id\":\"https:\\\/\\\/www.mexicanguitarplayers.com\\\/#website\",\"url\":\"https:\\\/\\\/www.mexicanguitarplayers.com\\\/\",\"name\":\"Mexican Guitar Players\",\"description\":\"Website\",\"publisher\":{\"@id\":\"https:\\\/\\\/www.mexicanguitarplayers.com\\\/#organization\"},\"potentialAction\":[{\"@type\":\"SearchAction\",\"target\":{\"@type\":\"EntryPoint\",\"urlTemplate\":\"https:\\\/\\\/www.mexicanguitarplayers.com\\\/?s={search_term_string}\"},\"query-input\":{\"@type\":\"PropertyValueSpecification\",\"valueRequired\":true,\"valueName\":\"search_term_string\"}}],\"inLanguage\":\"en-US\"},{\"@type\":\"Organization\",\"@id\":\"https:\\\/\\\/www.mexicanguitarplayers.com\\\/#organization\",\"name\":\"Mexican Guitar Players\",\"url\":\"https:\\\/\\\/www.mexicanguitarplayers.com\\\/\",\"logo\":{\"@type\":\"ImageObject\",\"inLanguage\":\"en-US\",\"@id\":\"https:\\\/\\\/www.mexicanguitarplayers.com\\\/#\\\/schema\\\/logo\\\/image\\\/\",\"url\":\"\",\"contentUrl\":\"\",\"caption\":\"Mexican Guitar Players\"},\"image\":{\"@id\":\"https:\\\/\\\/www.mexicanguitarplayers.com\\\/#\\\/schema\\\/logo\\\/image\\\/\"}}]}<\/script>\n<!-- \/ Yoast SEO plugin. -->","yoast_head_json":{"title":"COMBO ASHDOWN P\/BAJO ORIGIN-AL C112-300 - Mexican Guitar Players","description":"Combo para bajo, 300 watts de potencia, un altavoz de 12\u201d + Horn, medidor VU, impedancia m\u00ednima 4 ohms, salida de aud\u00edfonos, dimensiones: 460 x 390 x 380 mm, peso: 12.5 kg.","robots":{"index":"index","follow":"follow","max-snippet":"max-snippet:-1","max-image-preview":"max-image-preview:large","max-video-preview":"max-video-preview:-1"},"canonical":"https:\/\/www.mexicanguitarplayers.com\/en\/tienda\/sin categor\u00eda\/combo-ashdown-p-bajo-origin-al-c112-300\/","og_locale":"en_US","og_type":"article","og_title":"COMBO ASHDOWN P\/BAJO ORIGIN-AL C112-300 - Mexican Guitar Players","og_description":"Combo para bajo, 300 watts de potencia, un altavoz de 12\u201d + Horn, medidor VU, impedancia m\u00ednima 4 ohms, salida de aud\u00edfonos, dimensiones: 460 x 390 x 380 mm, peso: 12.5 kg.","og_url":"https:\/\/www.mexicanguitarplayers.com\/en\/tienda\/sin categor\u00eda\/combo-ashdown-p-bajo-origin-al-c112-300\/","og_site_name":"Mexican Guitar Players","article_modified_time":"2026-04-10T10:37:41+00:00","twitter_card":"summary_large_image","twitter_misc":{"Est. reading time":"2 minutes"},"schema":{"@context":"https:\/\/schema.org","@graph":[{"@type":["WebPage","ItemPage"],"@id":"https:\/\/www.mexicanguitarplayers.com\/tienda\/sin categor\u00eda\/combo-ashdown-p-bajo-origin-al-c112-300\/","url":"https:\/\/www.mexicanguitarplayers.com\/tienda\/sin categor\u00eda\/combo-ashdown-p-bajo-origin-al-c112-300\/","name":"COMBO ASHDOWN P\/BAJO ORIGIN-AL C112-300 - Mexican Guitar Players","isPartOf":{"@id":"https:\/\/www.mexicanguitarplayers.com\/#website"},"primaryImageOfPage":{"@id":"https:\/\/www.mexicanguitarplayers.com\/tienda\/sin categor\u00eda\/combo-ashdown-p-bajo-origin-al-c112-300\/#primaryimage"},"image":{"@id":"https:\/\/www.mexicanguitarplayers.com\/tienda\/sin categor\u00eda\/combo-ashdown-p-bajo-origin-al-c112-300\/#primaryimage"},"thumbnailUrl":"https:\/\/www.mexicanguitarplayers.com\/wp-content\/uploads\/2025\/04\/ICASORIC112300.jpg","datePublished":"2025-04-08T17:07:19+00:00","dateModified":"2026-04-10T10:37:41+00:00","description":"Combo para bajo, 300 watts de potencia, un altavoz de 12\u201d + Horn, medidor VU, impedancia m\u00ednima 4 ohms, salida de aud\u00edfonos, dimensiones: 460 x 390 x 380 mm, peso: 12.5 kg.","breadcrumb":{"@id":"https:\/\/www.mexicanguitarplayers.com\/tienda\/sin categor\u00eda\/combo-ashdown-p-bajo-origin-al-c112-300\/#breadcrumb"},"inLanguage":"en-US","potentialAction":[{"@type":"ReadAction","target":["https:\/\/www.mexicanguitarplayers.com\/tienda\/sin categor\u00eda\/combo-ashdown-p-bajo-origin-al-c112-300\/"]}]},{"@type":"ImageObject","inLanguage":"en-US","@id":"https:\/\/www.mexicanguitarplayers.com\/tienda\/sin categor\u00eda\/combo-ashdown-p-bajo-origin-al-c112-300\/#primaryimage","url":"https:\/\/www.mexicanguitarplayers.com\/wp-content\/uploads\/2025\/04\/ICASORIC112300.jpg","contentUrl":"https:\/\/www.mexicanguitarplayers.com\/wp-content\/uploads\/2025\/04\/ICASORIC112300.jpg","width":1200,"height":1200},{"@type":"BreadcrumbList","@id":"https:\/\/www.mexicanguitarplayers.com\/tienda\/sin categor\u00eda\/combo-ashdown-p-bajo-origin-al-c112-300\/#breadcrumb","itemListElement":[{"@type":"ListItem","position":1,"name":"Portada","item":"https:\/\/www.mexicanguitarplayers.com\/"},{"@type":"ListItem","position":2,"name":"Tienda","item":"https:\/\/www.mexicanguitarplayers.com\/tienda\/"},{"@type":"ListItem","position":3,"name":"COMBO ASHDOWN P\/BAJO ORIGIN-AL C112-300"}]},{"@type":"WebSite","@id":"https:\/\/www.mexicanguitarplayers.com\/#website","url":"https:\/\/www.mexicanguitarplayers.com\/","name":"Mexican Guitar Players","description":"Website","publisher":{"@id":"https:\/\/www.mexicanguitarplayers.com\/#organization"},"potentialAction":[{"@type":"SearchAction","target":{"@type":"EntryPoint","urlTemplate":"https:\/\/www.mexicanguitarplayers.com\/?s={search_term_string}"},"query-input":{"@type":"PropertyValueSpecification","valueRequired":true,"valueName":"search_term_string"}}],"inLanguage":"en-US"},{"@type":"Organization","@id":"https:\/\/www.mexicanguitarplayers.com\/#organization","name":"Mexican Guitar Players","url":"https:\/\/www.mexicanguitarplayers.com\/","logo":{"@type":"ImageObject","inLanguage":"en-US","@id":"https:\/\/www.mexicanguitarplayers.com\/#\/schema\/logo\/image\/","url":"","contentUrl":"","caption":"Mexican Guitar Players"},"image":{"@id":"https:\/\/www.mexicanguitarplayers.com\/#\/schema\/logo\/image\/"}}]}},"brands":[{"id":257,"name":"ASHDOWN","slug":"ashdown"}],"_links":{"self":[{"href":"https:\/\/www.mexicanguitarplayers.com\/en\/wp-json\/wp\/v2\/product\/30096","targetHints":{"allow":["GET"]}}],"collection":[{"href":"https:\/\/www.mexicanguitarplayers.com\/en\/wp-json\/wp\/v2\/product"}],"about":[{"href":"https:\/\/www.mexicanguitarplayers.com\/en\/wp-json\/wp\/v2\/types\/product"}],"replies":[{"embeddable":true,"href":"https:\/\/www.mexicanguitarplayers.com\/en\/wp-json\/wp\/v2\/comments?post=30096"}],"wp:featuredmedia":[{"embeddable":true,"href":"https:\/\/www.mexicanguitarplayers.com\/en\/wp-json\/wp\/v2\/media\/30091"}],"wp:attachment":[{"href":"https:\/\/www.mexicanguitarplayers.com\/en\/wp-json\/wp\/v2\/media?parent=30096"}],"wp:term":[{"taxonomy":"pwb-brand","embeddable":true,"href":"https:\/\/www.mexicanguitarplayers.com\/en\/wp-json\/wp\/v2\/pwb-brand?post=30096"},{"taxonomy":"product_brand","embeddable":true,"href":"https:\/\/www.mexicanguitarplayers.com\/en\/wp-json\/wp\/v2\/product_brand?post=30096"},{"taxonomy":"product_cat","embeddable":true,"href":"https:\/\/www.mexicanguitarplayers.com\/en\/wp-json\/wp\/v2\/product_cat?post=30096"},{"taxonomy":"product_tag","embeddable":true,"href":"https:\/\/www.mexicanguitarplayers.com\/en\/wp-json\/wp\/v2\/product_tag?post=30096"}],"curies":[{"name":"wp","href":"https:\/\/api.w.org\/{rel}","templated":true}]}}