{"id":30132,"date":"2025-04-08T11:08:02","date_gmt":"2025-04-08T17:08:02","guid":{"rendered":"https:\/\/www.mexicanguitarplayers.com\/tienda\/sin categor\u00eda\/cajon-meinl-subwoofer-mod-jbc6ey\/"},"modified":"2025-04-08T11:08:02","modified_gmt":"2025-04-08T17:08:02","slug":"cajon-meinl-subwoofer-mod-jbc6ey","status":"publish","type":"product","link":"https:\/\/www.mexicanguitarplayers.com\/en\/tienda\/percusiones\/percusiones-mayores\/cajones\/cajon-meinl-subwoofer-mod-jbc6ey\/","title":{"rendered":"CAJON MEINL SUBWOOFER MOD. JBC6EY"},"content":{"rendered":"<div style=\"text-align: justify\">\n<div>\n<h3>Con pedal para intercambiar sonidos.<\/h3>\n<\/div>\n<div>Este caj\u00f3n de \u00e9bano con pedal de Meinl cuenta con un switch de pie para activar el entorchado. Al presionar el pedal, los percusionistas pueden alterar la cantidad de presi\u00f3n que los alambres internos tienen sobre la superficie y tambi\u00e9n se pueden apagar por completo. Es ideal para cambiar entre estilos de caj\u00f3n peruano y flamenco. Una placa frontal de \u00e9bano con sonidos ricos y con una gran respuesta. El cuerpo resonante de abedul le da a caj\u00f3n un ataque con enfoque y con un amplio rango din\u00e1mico de graves y agudos.<\/div>\n<div>\n<h4>Quick look<\/h4>\n<\/div>\n<ul style=\"margin: 0px 0px 0px 25px\">\n<li style=\"list-style-type: circle;margin: 5px\">Dimensions.<\/li>\n<\/ul>\n<div>\n<div style=\"font-weight: bold\">Dimensions.<\/div>\n<div>\n<p>Ancho: 13 1\/4&#8243;. Alto: 19 3\/4&#8243;. Profundidad: 13 1\/2&#8243;.<\/p>\n<\/div>\n<\/div>\n<div>\n<h4>Characteristics<\/h4>\n<\/div>\n<div>\n<ul style=\"margin: 0px 0px 0px 25px\">\n<li style=\"list-style-type: circle;margin: 5px\">Caj\u00f3n h\u00edbrido con pedal.<\/li>\n<li style=\"list-style-type: circle;margin: 5px\">Activa el entorchado y altera la cantidad de presi\u00f3n de los alambres internos.<\/li>\n<li style=\"list-style-type: circle;margin: 5px\">Ideal para cambiar entre estilos peruano y flamenco.<\/li>\n<li style=\"list-style-type: circle;margin: 5px\">Placa frontal de \u00e9bano.<\/li>\n<li style=\"list-style-type: circle;margin: 5px\">Cuerpo resonante de abedul.<\/li>\n<li style=\"list-style-type: circle;margin: 5px\">Cuerpo extra ancho para graves profundos.<\/li>\n<\/ul>\n<\/div>\n<\/div>","protected":false},"excerpt":{"rendered":"<p>Caj\u00f3n h\u00edbrido con pedal para activar el entorchado y para alterar la cantidad de presi\u00f3n de los alambres internos, ideal para cambiar entre estilos de caj\u00f3n peruano y flamenco, placa frontal de \u00e9bano, cuerpo resonante de abedul, cuerpo extra ancho para graves profundos, dimensiones: ancho: 13 1\/4\u201d, alto: 19 3\/4\u201d y profundidad: 13 1\/2\u201d.&hellip; <a class=\"kt-excerpt-readmore more-link\" href=\"https:\/\/www.mexicanguitarplayers.com\/en\/tienda\/percusiones\/percusiones-mayores\/cajones\/cajon-meinl-subwoofer-mod-jbc6ey\/\">Read more<\/a><\/p>","protected":false},"featured_media":30131,"comment_status":"open","ping_status":"closed","template":"","meta":{"kt_blocks_editor_width":""},"pwb-brand":[290],"product_brand":[],"product_cat":[268,208,267],"product_tag":[],"class_list":{"0":"post-30132","1":"product","2":"type-product","3":"status-publish","4":"has-post-thumbnail","6":"pwb-brand-meinl","7":"product_cat-cajones","8":"product_cat-percusiones","9":"product_cat-percusiones-mayores","10":"product_shipping_class-5-10-kg","12":"first","13":"outofstock","14":"taxable","15":"shipping-taxable","16":"purchasable","17":"product-type-simple"},"yoast_head":"<!-- This site is optimized with the Yoast SEO plugin v27.3 - https:\/\/yoast.com\/product\/yoast-seo-wordpress\/ -->\n<title>CAJON MEINL SUBWOOFER MOD. JBC6EY - Mexican Guitar Players<\/title>\n<meta name=\"description\" content=\"Caj\u00f3n h\u00edbrido con pedal para activar el entorchado y para alterar la cantidad de presi\u00f3n de los alambres internos, ideal para cambiar entre estilos de caj\u00f3n peruano y flamenco, placa frontal de \u00e9bano, cuerpo resonante de abedul, cuerpo extra ancho para graves profundos, dimensiones: ancho: 13 1\/4\u201d, alto: 19 3\/4\u201d y profundidad: 13 1\/2\u201d.\" \/>\n<meta name=\"robots\" content=\"index, follow, max-snippet:-1, max-image-preview:large, max-video-preview:-1\" \/>\n<link rel=\"canonical\" href=\"https:\/\/www.mexicanguitarplayers.com\/en\/tienda\/sin%20categor\u00eda\/cajon-meinl-subwoofer-mod-jbc6ey\/\" \/>\n<meta property=\"og:locale\" content=\"en_US\" \/>\n<meta property=\"og:type\" content=\"article\" \/>\n<meta property=\"og:title\" content=\"CAJON MEINL SUBWOOFER MOD. JBC6EY - Mexican Guitar Players\" \/>\n<meta property=\"og:description\" content=\"Caj\u00f3n h\u00edbrido con pedal para activar el entorchado y para alterar la cantidad de presi\u00f3n de los alambres internos, ideal para cambiar entre estilos de caj\u00f3n peruano y flamenco, placa frontal de \u00e9bano, cuerpo resonante de abedul, cuerpo extra ancho para graves profundos, dimensiones: ancho: 13 1\/4\u201d, alto: 19 3\/4\u201d y profundidad: 13 1\/2\u201d.\" \/>\n<meta property=\"og:url\" content=\"https:\/\/www.mexicanguitarplayers.com\/en\/tienda\/sin categor\u00eda\/cajon-meinl-subwoofer-mod-jbc6ey\/\" \/>\n<meta property=\"og:site_name\" content=\"Mexican Guitar Players\" \/>\n<meta name=\"twitter:card\" content=\"summary_large_image\" \/>\n<meta name=\"twitter:label1\" content=\"Est. reading time\" \/>\n\t<meta name=\"twitter:data1\" content=\"1 minute\" \/>\n<script type=\"application\/ld+json\" class=\"yoast-schema-graph\">{\"@context\":\"https:\\\/\\\/schema.org\",\"@graph\":[{\"@type\":[\"WebPage\",\"ItemPage\"],\"@id\":\"https:\\\/\\\/www.mexicanguitarplayers.com\\\/tienda\\\/sin categor\u00eda\\\/cajon-meinl-subwoofer-mod-jbc6ey\\\/\",\"url\":\"https:\\\/\\\/www.mexicanguitarplayers.com\\\/tienda\\\/sin categor\u00eda\\\/cajon-meinl-subwoofer-mod-jbc6ey\\\/\",\"name\":\"CAJON MEINL SUBWOOFER MOD. JBC6EY - Mexican Guitar Players\",\"isPartOf\":{\"@id\":\"https:\\\/\\\/www.mexicanguitarplayers.com\\\/#website\"},\"primaryImageOfPage\":{\"@id\":\"https:\\\/\\\/www.mexicanguitarplayers.com\\\/tienda\\\/sin categor\u00eda\\\/cajon-meinl-subwoofer-mod-jbc6ey\\\/#primaryimage\"},\"image\":{\"@id\":\"https:\\\/\\\/www.mexicanguitarplayers.com\\\/tienda\\\/sin categor\u00eda\\\/cajon-meinl-subwoofer-mod-jbc6ey\\\/#primaryimage\"},\"thumbnailUrl\":\"https:\\\/\\\/www.mexicanguitarplayers.com\\\/wp-content\\\/uploads\\\/2025\\\/04\\\/IPMEIJBC6EY.jpg\",\"datePublished\":\"2025-04-08T17:08:02+00:00\",\"description\":\"Caj\u00f3n h\u00edbrido con pedal para activar el entorchado y para alterar la cantidad de presi\u00f3n de los alambres internos, ideal para cambiar entre estilos de caj\u00f3n peruano y flamenco, placa frontal de \u00e9bano, cuerpo resonante de abedul, cuerpo extra ancho para graves profundos, dimensiones: ancho: 13 1\\\/4\u201d, alto: 19 3\\\/4\u201d y profundidad: 13 1\\\/2\u201d.\",\"breadcrumb\":{\"@id\":\"https:\\\/\\\/www.mexicanguitarplayers.com\\\/tienda\\\/sin categor\u00eda\\\/cajon-meinl-subwoofer-mod-jbc6ey\\\/#breadcrumb\"},\"inLanguage\":\"en-US\",\"potentialAction\":[{\"@type\":\"ReadAction\",\"target\":[\"https:\\\/\\\/www.mexicanguitarplayers.com\\\/tienda\\\/sin categor\u00eda\\\/cajon-meinl-subwoofer-mod-jbc6ey\\\/\"]}]},{\"@type\":\"ImageObject\",\"inLanguage\":\"en-US\",\"@id\":\"https:\\\/\\\/www.mexicanguitarplayers.com\\\/tienda\\\/sin categor\u00eda\\\/cajon-meinl-subwoofer-mod-jbc6ey\\\/#primaryimage\",\"url\":\"https:\\\/\\\/www.mexicanguitarplayers.com\\\/wp-content\\\/uploads\\\/2025\\\/04\\\/IPMEIJBC6EY.jpg\",\"contentUrl\":\"https:\\\/\\\/www.mexicanguitarplayers.com\\\/wp-content\\\/uploads\\\/2025\\\/04\\\/IPMEIJBC6EY.jpg\",\"width\":1200,\"height\":1200},{\"@type\":\"BreadcrumbList\",\"@id\":\"https:\\\/\\\/www.mexicanguitarplayers.com\\\/tienda\\\/sin categor\u00eda\\\/cajon-meinl-subwoofer-mod-jbc6ey\\\/#breadcrumb\",\"itemListElement\":[{\"@type\":\"ListItem\",\"position\":1,\"name\":\"Portada\",\"item\":\"https:\\\/\\\/www.mexicanguitarplayers.com\\\/\"},{\"@type\":\"ListItem\",\"position\":2,\"name\":\"Tienda\",\"item\":\"https:\\\/\\\/www.mexicanguitarplayers.com\\\/tienda\\\/\"},{\"@type\":\"ListItem\",\"position\":3,\"name\":\"CAJON MEINL SUBWOOFER MOD. JBC6EY\"}]},{\"@type\":\"WebSite\",\"@id\":\"https:\\\/\\\/www.mexicanguitarplayers.com\\\/#website\",\"url\":\"https:\\\/\\\/www.mexicanguitarplayers.com\\\/\",\"name\":\"Mexican Guitar Players\",\"description\":\"Website\",\"publisher\":{\"@id\":\"https:\\\/\\\/www.mexicanguitarplayers.com\\\/#organization\"},\"potentialAction\":[{\"@type\":\"SearchAction\",\"target\":{\"@type\":\"EntryPoint\",\"urlTemplate\":\"https:\\\/\\\/www.mexicanguitarplayers.com\\\/?s={search_term_string}\"},\"query-input\":{\"@type\":\"PropertyValueSpecification\",\"valueRequired\":true,\"valueName\":\"search_term_string\"}}],\"inLanguage\":\"en-US\"},{\"@type\":\"Organization\",\"@id\":\"https:\\\/\\\/www.mexicanguitarplayers.com\\\/#organization\",\"name\":\"Mexican Guitar Players\",\"url\":\"https:\\\/\\\/www.mexicanguitarplayers.com\\\/\",\"logo\":{\"@type\":\"ImageObject\",\"inLanguage\":\"en-US\",\"@id\":\"https:\\\/\\\/www.mexicanguitarplayers.com\\\/#\\\/schema\\\/logo\\\/image\\\/\",\"url\":\"\",\"contentUrl\":\"\",\"caption\":\"Mexican Guitar Players\"},\"image\":{\"@id\":\"https:\\\/\\\/www.mexicanguitarplayers.com\\\/#\\\/schema\\\/logo\\\/image\\\/\"}}]}<\/script>\n<!-- \/ Yoast SEO plugin. -->","yoast_head_json":{"title":"CAJON MEINL SUBWOOFER MOD. JBC6EY - Mexican Guitar Players","description":"Caj\u00f3n h\u00edbrido con pedal para activar el entorchado y para alterar la cantidad de presi\u00f3n de los alambres internos, ideal para cambiar entre estilos de caj\u00f3n peruano y flamenco, placa frontal de \u00e9bano, cuerpo resonante de abedul, cuerpo extra ancho para graves profundos, dimensiones: ancho: 13 1\/4\u201d, alto: 19 3\/4\u201d y profundidad: 13 1\/2\u201d.","robots":{"index":"index","follow":"follow","max-snippet":"max-snippet:-1","max-image-preview":"max-image-preview:large","max-video-preview":"max-video-preview:-1"},"canonical":"https:\/\/www.mexicanguitarplayers.com\/en\/tienda\/sin categor\u00eda\/cajon-meinl-subwoofer-mod-jbc6ey\/","og_locale":"en_US","og_type":"article","og_title":"CAJON MEINL SUBWOOFER MOD. JBC6EY - Mexican Guitar Players","og_description":"Caj\u00f3n h\u00edbrido con pedal para activar el entorchado y para alterar la cantidad de presi\u00f3n de los alambres internos, ideal para cambiar entre estilos de caj\u00f3n peruano y flamenco, placa frontal de \u00e9bano, cuerpo resonante de abedul, cuerpo extra ancho para graves profundos, dimensiones: ancho: 13 1\/4\u201d, alto: 19 3\/4\u201d y profundidad: 13 1\/2\u201d.","og_url":"https:\/\/www.mexicanguitarplayers.com\/en\/tienda\/sin categor\u00eda\/cajon-meinl-subwoofer-mod-jbc6ey\/","og_site_name":"Mexican Guitar Players","twitter_card":"summary_large_image","twitter_misc":{"Est. reading time":"1 minute"},"schema":{"@context":"https:\/\/schema.org","@graph":[{"@type":["WebPage","ItemPage"],"@id":"https:\/\/www.mexicanguitarplayers.com\/tienda\/sin categor\u00eda\/cajon-meinl-subwoofer-mod-jbc6ey\/","url":"https:\/\/www.mexicanguitarplayers.com\/tienda\/sin categor\u00eda\/cajon-meinl-subwoofer-mod-jbc6ey\/","name":"CAJON MEINL SUBWOOFER MOD. JBC6EY - Mexican Guitar Players","isPartOf":{"@id":"https:\/\/www.mexicanguitarplayers.com\/#website"},"primaryImageOfPage":{"@id":"https:\/\/www.mexicanguitarplayers.com\/tienda\/sin categor\u00eda\/cajon-meinl-subwoofer-mod-jbc6ey\/#primaryimage"},"image":{"@id":"https:\/\/www.mexicanguitarplayers.com\/tienda\/sin categor\u00eda\/cajon-meinl-subwoofer-mod-jbc6ey\/#primaryimage"},"thumbnailUrl":"https:\/\/www.mexicanguitarplayers.com\/wp-content\/uploads\/2025\/04\/IPMEIJBC6EY.jpg","datePublished":"2025-04-08T17:08:02+00:00","description":"Caj\u00f3n h\u00edbrido con pedal para activar el entorchado y para alterar la cantidad de presi\u00f3n de los alambres internos, ideal para cambiar entre estilos de caj\u00f3n peruano y flamenco, placa frontal de \u00e9bano, cuerpo resonante de abedul, cuerpo extra ancho para graves profundos, dimensiones: ancho: 13 1\/4\u201d, alto: 19 3\/4\u201d y profundidad: 13 1\/2\u201d.","breadcrumb":{"@id":"https:\/\/www.mexicanguitarplayers.com\/tienda\/sin categor\u00eda\/cajon-meinl-subwoofer-mod-jbc6ey\/#breadcrumb"},"inLanguage":"en-US","potentialAction":[{"@type":"ReadAction","target":["https:\/\/www.mexicanguitarplayers.com\/tienda\/sin categor\u00eda\/cajon-meinl-subwoofer-mod-jbc6ey\/"]}]},{"@type":"ImageObject","inLanguage":"en-US","@id":"https:\/\/www.mexicanguitarplayers.com\/tienda\/sin categor\u00eda\/cajon-meinl-subwoofer-mod-jbc6ey\/#primaryimage","url":"https:\/\/www.mexicanguitarplayers.com\/wp-content\/uploads\/2025\/04\/IPMEIJBC6EY.jpg","contentUrl":"https:\/\/www.mexicanguitarplayers.com\/wp-content\/uploads\/2025\/04\/IPMEIJBC6EY.jpg","width":1200,"height":1200},{"@type":"BreadcrumbList","@id":"https:\/\/www.mexicanguitarplayers.com\/tienda\/sin categor\u00eda\/cajon-meinl-subwoofer-mod-jbc6ey\/#breadcrumb","itemListElement":[{"@type":"ListItem","position":1,"name":"Portada","item":"https:\/\/www.mexicanguitarplayers.com\/"},{"@type":"ListItem","position":2,"name":"Tienda","item":"https:\/\/www.mexicanguitarplayers.com\/tienda\/"},{"@type":"ListItem","position":3,"name":"CAJON MEINL SUBWOOFER MOD. JBC6EY"}]},{"@type":"WebSite","@id":"https:\/\/www.mexicanguitarplayers.com\/#website","url":"https:\/\/www.mexicanguitarplayers.com\/","name":"Mexican Guitar Players","description":"Website","publisher":{"@id":"https:\/\/www.mexicanguitarplayers.com\/#organization"},"potentialAction":[{"@type":"SearchAction","target":{"@type":"EntryPoint","urlTemplate":"https:\/\/www.mexicanguitarplayers.com\/?s={search_term_string}"},"query-input":{"@type":"PropertyValueSpecification","valueRequired":true,"valueName":"search_term_string"}}],"inLanguage":"en-US"},{"@type":"Organization","@id":"https:\/\/www.mexicanguitarplayers.com\/#organization","name":"Mexican Guitar Players","url":"https:\/\/www.mexicanguitarplayers.com\/","logo":{"@type":"ImageObject","inLanguage":"en-US","@id":"https:\/\/www.mexicanguitarplayers.com\/#\/schema\/logo\/image\/","url":"","contentUrl":"","caption":"Mexican Guitar Players"},"image":{"@id":"https:\/\/www.mexicanguitarplayers.com\/#\/schema\/logo\/image\/"}}]}},"brands":[{"id":290,"name":"MEINL","slug":"meinl"}],"_links":{"self":[{"href":"https:\/\/www.mexicanguitarplayers.com\/en\/wp-json\/wp\/v2\/product\/30132","targetHints":{"allow":["GET"]}}],"collection":[{"href":"https:\/\/www.mexicanguitarplayers.com\/en\/wp-json\/wp\/v2\/product"}],"about":[{"href":"https:\/\/www.mexicanguitarplayers.com\/en\/wp-json\/wp\/v2\/types\/product"}],"replies":[{"embeddable":true,"href":"https:\/\/www.mexicanguitarplayers.com\/en\/wp-json\/wp\/v2\/comments?post=30132"}],"wp:featuredmedia":[{"embeddable":true,"href":"https:\/\/www.mexicanguitarplayers.com\/en\/wp-json\/wp\/v2\/media\/30131"}],"wp:attachment":[{"href":"https:\/\/www.mexicanguitarplayers.com\/en\/wp-json\/wp\/v2\/media?parent=30132"}],"wp:term":[{"taxonomy":"pwb-brand","embeddable":true,"href":"https:\/\/www.mexicanguitarplayers.com\/en\/wp-json\/wp\/v2\/pwb-brand?post=30132"},{"taxonomy":"product_brand","embeddable":true,"href":"https:\/\/www.mexicanguitarplayers.com\/en\/wp-json\/wp\/v2\/product_brand?post=30132"},{"taxonomy":"product_cat","embeddable":true,"href":"https:\/\/www.mexicanguitarplayers.com\/en\/wp-json\/wp\/v2\/product_cat?post=30132"},{"taxonomy":"product_tag","embeddable":true,"href":"https:\/\/www.mexicanguitarplayers.com\/en\/wp-json\/wp\/v2\/product_tag?post=30132"}],"curies":[{"name":"wp","href":"https:\/\/api.w.org\/{rel}","templated":true}]}}