{"id":30142,"date":"2025-04-08T11:08:16","date_gmt":"2025-04-08T17:08:16","guid":{"rendered":"https:\/\/www.mexicanguitarplayers.com\/tienda\/sin categor\u00eda\/estuche-gator-p-saxofon-alto-gc-altorect\/"},"modified":"2026-04-15T04:20:19","modified_gmt":"2026-04-15T10:20:19","slug":"estuche-gator-p-saxofon-alto-gc-altorect","status":"publish","type":"product","link":"https:\/\/www.mexicanguitarplayers.com\/en\/tienda\/accesorios\/estuches-y-fundas\/para-alientos-estuches-y-fundas\/estuche-gator-p-saxofon-alto-gc-altorect\/","title":{"rendered":"ESTUCHE GATOR P\/SAXOFON ALTO GC-ALTORECT"},"content":{"rendered":"<div style=\"text-align: justify\">\n<div>\n<h3>La mejor manera de llevar tu saxof\u00f3n alto.<\/h3>\n<\/div>\n<div>Este estuche rectangular moldeado para saxof\u00f3n alto de Gator se adapta de forma perfecta a tu instrumento. El exterior duro de ABS combinado con un forro de felpa proporciona un ambiente c\u00f3modo en el que tu saxof\u00f3n alto puede descansar o viajar. El dise\u00f1o rectangular ofrece un enfoque m\u00e1s tradicional y universal para el dise\u00f1o de estuches. Este tipo de dise\u00f1o tambi\u00e9n te permite apilar los instrumentos para su almacenamiento o transporte. Suj\u00e9talo por su fuerte asa atornillada o sujeta una correa de hombro opcional en los anillos D suministrados. La caja est\u00e1 reforzada por hardware triple cromado con pestillos bloqueables.<\/div>\n<div>\n<h4>Quick look<\/h4>\n<\/div>\n<ul style=\"margin: 0px 0px 0px 25px\">\n<li style=\"list-style-type: circle;margin: 5px\">Dimensiones exteriores.<\/li>\n<li style=\"list-style-type: circle;margin: 5px\">Weight.<\/li>\n<\/ul>\n<div>\n<div style=\"font-weight: bold\">Dimensiones exteriores.<\/div>\n<div>\n<p>Longitud exterior: 25&#8243; (635 mm). Ancho exterior: 12.5&#8243; (317.5 mm). Altura exterior: 7.5&#8243; (190.5 mm).<\/p>\n<\/div>\n<div style=\"font-weight: bold\">Weight.<\/div>\n<div>\n<p>4.5 kg.<\/p>\n<\/div>\n<\/div>\n<div>\n<h4>Characteristics<\/h4>\n<\/div>\n<div>\n<ul style=\"margin: 0px 0px 0px 25px\">\n<li style=\"list-style-type: circle;margin: 5px\">Estuche rectangular para saxof\u00f3n alto.<\/li>\n<li style=\"list-style-type: circle;margin: 5px\">Moldeado de lujo.<\/li>\n<li style=\"list-style-type: circle;margin: 5px\">Exterior de pl\u00e1stico ABS.<\/li>\n<li style=\"list-style-type: circle;margin: 5px\">Cenefa de aluminio de alta resistencia.<\/li>\n<li style=\"list-style-type: circle;margin: 5px\">Mango pasante para mayor resistencia.<\/li>\n<li style=\"list-style-type: circle;margin: 5px\">Herraje triple cromado.<\/li>\n<li style=\"list-style-type: circle;margin: 5px\">Pestillos bloqueables.<\/li>\n<li style=\"list-style-type: circle;margin: 5px\">Interior de EPS ajustado<\/li>\n<li style=\"list-style-type: circle;margin: 5px\">Anillos en D para correa de hombro.<\/li>\n<\/ul>\n<\/div>\n<\/div>","protected":false},"excerpt":{"rendered":"<p>Estuche rectangular para saxof\u00f3n alto, moldeado de lujo, exterior de pl\u00e1stico ABS con cenefa de aluminio de alta resistencia, mango pasante para mayor resistencia, herraje triple cromado con pestillos bloqueables, interior EPS ajustado con forro de felpa profunda, anillos en D para agregar una correa de hombro. Dimensiones del producto: 30 x 29 x 66 cm. Peso: 2.60 Kg.&hellip; <a class=\"kt-excerpt-readmore more-link\" href=\"https:\/\/www.mexicanguitarplayers.com\/en\/tienda\/accesorios\/estuches-y-fundas\/para-alientos-estuches-y-fundas\/estuche-gator-p-saxofon-alto-gc-altorect\/\">Read more<\/a><\/p>","protected":false},"featured_media":30133,"comment_status":"open","ping_status":"closed","template":"","meta":{"kt_blocks_editor_width":""},"pwb-brand":[572],"product_brand":[],"product_cat":[85,517,607],"product_tag":[],"class_list":{"0":"post-30142","1":"product","2":"type-product","3":"status-publish","4":"has-post-thumbnail","6":"pwb-brand-gator","7":"product_cat-accesorios","8":"product_cat-estuches-y-fundas","9":"product_cat-para-alientos-estuches-y-fundas","10":"product_shipping_class-0-5-kg","12":"first","13":"outofstock","14":"taxable","15":"shipping-taxable","16":"purchasable","17":"product-type-simple"},"yoast_head":"<!-- This site is optimized with the Yoast SEO plugin v27.5 - https:\/\/yoast.com\/product\/yoast-seo-wordpress\/ -->\n<title>ESTUCHE GATOR P\/SAXOFON ALTO GC-ALTORECT - Mexican Guitar Players<\/title>\n<meta name=\"description\" content=\"Estuche rectangular para saxof\u00f3n alto, moldeado de lujo, exterior de pl\u00e1stico ABS con cenefa de aluminio de alta resistencia, mango pasante para mayor resistencia, herraje triple cromado con pestillos bloqueables, interior EPS ajustado con forro de felpa profunda, anillos en D para agregar una correa de hombro. Dimensiones del producto: 30 x 29 x 66 cm. Peso: 2.60 Kg.\" \/>\n<meta name=\"robots\" content=\"index, follow, max-snippet:-1, max-image-preview:large, max-video-preview:-1\" \/>\n<link rel=\"canonical\" href=\"https:\/\/www.mexicanguitarplayers.com\/en\/tienda\/sin%20categor\u00eda\/estuche-gator-p-saxofon-alto-gc-altorect\/\" \/>\n<meta property=\"og:locale\" content=\"en_US\" \/>\n<meta property=\"og:type\" content=\"article\" \/>\n<meta property=\"og:title\" content=\"ESTUCHE GATOR P\/SAXOFON ALTO GC-ALTORECT - Mexican Guitar Players\" \/>\n<meta property=\"og:description\" content=\"Estuche rectangular para saxof\u00f3n alto, moldeado de lujo, exterior de pl\u00e1stico ABS con cenefa de aluminio de alta resistencia, mango pasante para mayor resistencia, herraje triple cromado con pestillos bloqueables, interior EPS ajustado con forro de felpa profunda, anillos en D para agregar una correa de hombro. Dimensiones del producto: 30 x 29 x 66 cm. Peso: 2.60 Kg.\" \/>\n<meta property=\"og:url\" content=\"https:\/\/www.mexicanguitarplayers.com\/en\/tienda\/sin categor\u00eda\/estuche-gator-p-saxofon-alto-gc-altorect\/\" \/>\n<meta property=\"og:site_name\" content=\"Mexican Guitar Players\" \/>\n<meta property=\"article:modified_time\" content=\"2026-04-15T10:20:19+00:00\" \/>\n<meta name=\"twitter:card\" content=\"summary_large_image\" \/>\n<meta name=\"twitter:label1\" content=\"Est. reading time\" \/>\n\t<meta name=\"twitter:data1\" content=\"1 minute\" \/>\n<script type=\"application\/ld+json\" class=\"yoast-schema-graph\">{\"@context\":\"https:\\\/\\\/schema.org\",\"@graph\":[{\"@type\":[\"WebPage\",\"ItemPage\"],\"@id\":\"https:\\\/\\\/www.mexicanguitarplayers.com\\\/tienda\\\/sin categor\u00eda\\\/estuche-gator-p-saxofon-alto-gc-altorect\\\/\",\"url\":\"https:\\\/\\\/www.mexicanguitarplayers.com\\\/tienda\\\/sin categor\u00eda\\\/estuche-gator-p-saxofon-alto-gc-altorect\\\/\",\"name\":\"ESTUCHE GATOR P\\\/SAXOFON ALTO GC-ALTORECT - Mexican Guitar Players\",\"isPartOf\":{\"@id\":\"https:\\\/\\\/www.mexicanguitarplayers.com\\\/#website\"},\"primaryImageOfPage\":{\"@id\":\"https:\\\/\\\/www.mexicanguitarplayers.com\\\/tienda\\\/sin categor\u00eda\\\/estuche-gator-p-saxofon-alto-gc-altorect\\\/#primaryimage\"},\"image\":{\"@id\":\"https:\\\/\\\/www.mexicanguitarplayers.com\\\/tienda\\\/sin categor\u00eda\\\/estuche-gator-p-saxofon-alto-gc-altorect\\\/#primaryimage\"},\"thumbnailUrl\":\"https:\\\/\\\/www.mexicanguitarplayers.com\\\/wp-content\\\/uploads\\\/2025\\\/04\\\/VAGATGCALTOREC.jpg\",\"datePublished\":\"2025-04-08T17:08:16+00:00\",\"dateModified\":\"2026-04-15T10:20:19+00:00\",\"description\":\"Estuche rectangular para saxof\u00f3n alto, moldeado de lujo, exterior de pl\u00e1stico ABS con cenefa de aluminio de alta resistencia, mango pasante para mayor resistencia, herraje triple cromado con pestillos bloqueables, interior EPS ajustado con forro de felpa profunda, anillos en D para agregar una correa de hombro. Dimensiones del producto: 30 x 29 x 66 cm. Peso: 2.60 Kg.\",\"breadcrumb\":{\"@id\":\"https:\\\/\\\/www.mexicanguitarplayers.com\\\/tienda\\\/sin categor\u00eda\\\/estuche-gator-p-saxofon-alto-gc-altorect\\\/#breadcrumb\"},\"inLanguage\":\"en-US\",\"potentialAction\":[{\"@type\":\"ReadAction\",\"target\":[\"https:\\\/\\\/www.mexicanguitarplayers.com\\\/tienda\\\/sin categor\u00eda\\\/estuche-gator-p-saxofon-alto-gc-altorect\\\/\"]}]},{\"@type\":\"ImageObject\",\"inLanguage\":\"en-US\",\"@id\":\"https:\\\/\\\/www.mexicanguitarplayers.com\\\/tienda\\\/sin categor\u00eda\\\/estuche-gator-p-saxofon-alto-gc-altorect\\\/#primaryimage\",\"url\":\"https:\\\/\\\/www.mexicanguitarplayers.com\\\/wp-content\\\/uploads\\\/2025\\\/04\\\/VAGATGCALTOREC.jpg\",\"contentUrl\":\"https:\\\/\\\/www.mexicanguitarplayers.com\\\/wp-content\\\/uploads\\\/2025\\\/04\\\/VAGATGCALTOREC.jpg\",\"width\":1600,\"height\":800},{\"@type\":\"BreadcrumbList\",\"@id\":\"https:\\\/\\\/www.mexicanguitarplayers.com\\\/tienda\\\/sin categor\u00eda\\\/estuche-gator-p-saxofon-alto-gc-altorect\\\/#breadcrumb\",\"itemListElement\":[{\"@type\":\"ListItem\",\"position\":1,\"name\":\"Portada\",\"item\":\"https:\\\/\\\/www.mexicanguitarplayers.com\\\/\"},{\"@type\":\"ListItem\",\"position\":2,\"name\":\"Tienda\",\"item\":\"https:\\\/\\\/www.mexicanguitarplayers.com\\\/tienda\\\/\"},{\"@type\":\"ListItem\",\"position\":3,\"name\":\"ESTUCHE GATOR P\\\/SAXOFON ALTO GC-ALTORECT\"}]},{\"@type\":\"WebSite\",\"@id\":\"https:\\\/\\\/www.mexicanguitarplayers.com\\\/#website\",\"url\":\"https:\\\/\\\/www.mexicanguitarplayers.com\\\/\",\"name\":\"Mexican Guitar Players\",\"description\":\"Website\",\"publisher\":{\"@id\":\"https:\\\/\\\/www.mexicanguitarplayers.com\\\/#organization\"},\"potentialAction\":[{\"@type\":\"SearchAction\",\"target\":{\"@type\":\"EntryPoint\",\"urlTemplate\":\"https:\\\/\\\/www.mexicanguitarplayers.com\\\/?s={search_term_string}\"},\"query-input\":{\"@type\":\"PropertyValueSpecification\",\"valueRequired\":true,\"valueName\":\"search_term_string\"}}],\"inLanguage\":\"en-US\"},{\"@type\":\"Organization\",\"@id\":\"https:\\\/\\\/www.mexicanguitarplayers.com\\\/#organization\",\"name\":\"Mexican Guitar Players\",\"url\":\"https:\\\/\\\/www.mexicanguitarplayers.com\\\/\",\"logo\":{\"@type\":\"ImageObject\",\"inLanguage\":\"en-US\",\"@id\":\"https:\\\/\\\/www.mexicanguitarplayers.com\\\/#\\\/schema\\\/logo\\\/image\\\/\",\"url\":\"\",\"contentUrl\":\"\",\"caption\":\"Mexican Guitar Players\"},\"image\":{\"@id\":\"https:\\\/\\\/www.mexicanguitarplayers.com\\\/#\\\/schema\\\/logo\\\/image\\\/\"}}]}<\/script>\n<!-- \/ Yoast SEO plugin. -->","yoast_head_json":{"title":"ESTUCHE GATOR P\/SAXOFON ALTO GC-ALTORECT - Mexican Guitar Players","description":"Estuche rectangular para saxof\u00f3n alto, moldeado de lujo, exterior de pl\u00e1stico ABS con cenefa de aluminio de alta resistencia, mango pasante para mayor resistencia, herraje triple cromado con pestillos bloqueables, interior EPS ajustado con forro de felpa profunda, anillos en D para agregar una correa de hombro. Dimensiones del producto: 30 x 29 x 66 cm. Peso: 2.60 Kg.","robots":{"index":"index","follow":"follow","max-snippet":"max-snippet:-1","max-image-preview":"max-image-preview:large","max-video-preview":"max-video-preview:-1"},"canonical":"https:\/\/www.mexicanguitarplayers.com\/en\/tienda\/sin categor\u00eda\/estuche-gator-p-saxofon-alto-gc-altorect\/","og_locale":"en_US","og_type":"article","og_title":"ESTUCHE GATOR P\/SAXOFON ALTO GC-ALTORECT - Mexican Guitar Players","og_description":"Estuche rectangular para saxof\u00f3n alto, moldeado de lujo, exterior de pl\u00e1stico ABS con cenefa de aluminio de alta resistencia, mango pasante para mayor resistencia, herraje triple cromado con pestillos bloqueables, interior EPS ajustado con forro de felpa profunda, anillos en D para agregar una correa de hombro. Dimensiones del producto: 30 x 29 x 66 cm. Peso: 2.60 Kg.","og_url":"https:\/\/www.mexicanguitarplayers.com\/en\/tienda\/sin categor\u00eda\/estuche-gator-p-saxofon-alto-gc-altorect\/","og_site_name":"Mexican Guitar Players","article_modified_time":"2026-04-15T10:20:19+00:00","twitter_card":"summary_large_image","twitter_misc":{"Est. reading time":"1 minute"},"schema":{"@context":"https:\/\/schema.org","@graph":[{"@type":["WebPage","ItemPage"],"@id":"https:\/\/www.mexicanguitarplayers.com\/tienda\/sin categor\u00eda\/estuche-gator-p-saxofon-alto-gc-altorect\/","url":"https:\/\/www.mexicanguitarplayers.com\/tienda\/sin categor\u00eda\/estuche-gator-p-saxofon-alto-gc-altorect\/","name":"ESTUCHE GATOR P\/SAXOFON ALTO GC-ALTORECT - Mexican Guitar Players","isPartOf":{"@id":"https:\/\/www.mexicanguitarplayers.com\/#website"},"primaryImageOfPage":{"@id":"https:\/\/www.mexicanguitarplayers.com\/tienda\/sin categor\u00eda\/estuche-gator-p-saxofon-alto-gc-altorect\/#primaryimage"},"image":{"@id":"https:\/\/www.mexicanguitarplayers.com\/tienda\/sin categor\u00eda\/estuche-gator-p-saxofon-alto-gc-altorect\/#primaryimage"},"thumbnailUrl":"https:\/\/www.mexicanguitarplayers.com\/wp-content\/uploads\/2025\/04\/VAGATGCALTOREC.jpg","datePublished":"2025-04-08T17:08:16+00:00","dateModified":"2026-04-15T10:20:19+00:00","description":"Estuche rectangular para saxof\u00f3n alto, moldeado de lujo, exterior de pl\u00e1stico ABS con cenefa de aluminio de alta resistencia, mango pasante para mayor resistencia, herraje triple cromado con pestillos bloqueables, interior EPS ajustado con forro de felpa profunda, anillos en D para agregar una correa de hombro. Dimensiones del producto: 30 x 29 x 66 cm. Peso: 2.60 Kg.","breadcrumb":{"@id":"https:\/\/www.mexicanguitarplayers.com\/tienda\/sin categor\u00eda\/estuche-gator-p-saxofon-alto-gc-altorect\/#breadcrumb"},"inLanguage":"en-US","potentialAction":[{"@type":"ReadAction","target":["https:\/\/www.mexicanguitarplayers.com\/tienda\/sin categor\u00eda\/estuche-gator-p-saxofon-alto-gc-altorect\/"]}]},{"@type":"ImageObject","inLanguage":"en-US","@id":"https:\/\/www.mexicanguitarplayers.com\/tienda\/sin categor\u00eda\/estuche-gator-p-saxofon-alto-gc-altorect\/#primaryimage","url":"https:\/\/www.mexicanguitarplayers.com\/wp-content\/uploads\/2025\/04\/VAGATGCALTOREC.jpg","contentUrl":"https:\/\/www.mexicanguitarplayers.com\/wp-content\/uploads\/2025\/04\/VAGATGCALTOREC.jpg","width":1600,"height":800},{"@type":"BreadcrumbList","@id":"https:\/\/www.mexicanguitarplayers.com\/tienda\/sin categor\u00eda\/estuche-gator-p-saxofon-alto-gc-altorect\/#breadcrumb","itemListElement":[{"@type":"ListItem","position":1,"name":"Portada","item":"https:\/\/www.mexicanguitarplayers.com\/"},{"@type":"ListItem","position":2,"name":"Tienda","item":"https:\/\/www.mexicanguitarplayers.com\/tienda\/"},{"@type":"ListItem","position":3,"name":"ESTUCHE GATOR P\/SAXOFON ALTO GC-ALTORECT"}]},{"@type":"WebSite","@id":"https:\/\/www.mexicanguitarplayers.com\/#website","url":"https:\/\/www.mexicanguitarplayers.com\/","name":"Mexican Guitar Players","description":"Website","publisher":{"@id":"https:\/\/www.mexicanguitarplayers.com\/#organization"},"potentialAction":[{"@type":"SearchAction","target":{"@type":"EntryPoint","urlTemplate":"https:\/\/www.mexicanguitarplayers.com\/?s={search_term_string}"},"query-input":{"@type":"PropertyValueSpecification","valueRequired":true,"valueName":"search_term_string"}}],"inLanguage":"en-US"},{"@type":"Organization","@id":"https:\/\/www.mexicanguitarplayers.com\/#organization","name":"Mexican Guitar Players","url":"https:\/\/www.mexicanguitarplayers.com\/","logo":{"@type":"ImageObject","inLanguage":"en-US","@id":"https:\/\/www.mexicanguitarplayers.com\/#\/schema\/logo\/image\/","url":"","contentUrl":"","caption":"Mexican Guitar Players"},"image":{"@id":"https:\/\/www.mexicanguitarplayers.com\/#\/schema\/logo\/image\/"}}]}},"brands":[{"id":572,"name":"GATOR","slug":"gator"}],"_links":{"self":[{"href":"https:\/\/www.mexicanguitarplayers.com\/en\/wp-json\/wp\/v2\/product\/30142","targetHints":{"allow":["GET"]}}],"collection":[{"href":"https:\/\/www.mexicanguitarplayers.com\/en\/wp-json\/wp\/v2\/product"}],"about":[{"href":"https:\/\/www.mexicanguitarplayers.com\/en\/wp-json\/wp\/v2\/types\/product"}],"replies":[{"embeddable":true,"href":"https:\/\/www.mexicanguitarplayers.com\/en\/wp-json\/wp\/v2\/comments?post=30142"}],"wp:featuredmedia":[{"embeddable":true,"href":"https:\/\/www.mexicanguitarplayers.com\/en\/wp-json\/wp\/v2\/media\/30133"}],"wp:attachment":[{"href":"https:\/\/www.mexicanguitarplayers.com\/en\/wp-json\/wp\/v2\/media?parent=30142"}],"wp:term":[{"taxonomy":"pwb-brand","embeddable":true,"href":"https:\/\/www.mexicanguitarplayers.com\/en\/wp-json\/wp\/v2\/pwb-brand?post=30142"},{"taxonomy":"product_brand","embeddable":true,"href":"https:\/\/www.mexicanguitarplayers.com\/en\/wp-json\/wp\/v2\/product_brand?post=30142"},{"taxonomy":"product_cat","embeddable":true,"href":"https:\/\/www.mexicanguitarplayers.com\/en\/wp-json\/wp\/v2\/product_cat?post=30142"},{"taxonomy":"product_tag","embeddable":true,"href":"https:\/\/www.mexicanguitarplayers.com\/en\/wp-json\/wp\/v2\/product_tag?post=30142"}],"curies":[{"name":"wp","href":"https:\/\/api.w.org\/{rel}","templated":true}]}}