{"id":30148,"date":"2025-04-08T11:08:23","date_gmt":"2025-04-08T17:08:23","guid":{"rendered":"https:\/\/www.mexicanguitarplayers.com\/tienda\/sin categor\u00eda\/afinador-tc-electronic-unitune-clip-noir\/"},"modified":"2026-04-14T04:16:37","modified_gmt":"2026-04-14T10:16:37","slug":"afinador-tc-electronic-unitune-clip-noir","status":"publish","type":"product","link":"https:\/\/www.mexicanguitarplayers.com\/en\/tienda\/accesorios\/afinadores-y-metronomos\/afinadores\/afinador-tc-electronic-unitune-clip-noir\/","title":{"rendered":"AFINADOR TC ELECTRONIC UNITUNE CLIP NOIR"},"content":{"rendered":"<div style=\"text-align: justify\">\n<div>\n<h3>El afinador de clip esencial.<\/h3>\n<\/div>\n<div>El UNITUNE CLIP NOIR ofrece una calidad de afinaci\u00f3n inigualable y vers\u00e1tiles opciones de afinaci\u00f3n. Con una construcci\u00f3n de alta calidad, un rendimiento r\u00e1pido y receptivo y la m\u00e1xima precisi\u00f3n, UNITUNE CLIP NOIR es el afinador Clip-On esencial para cualquier guitarrista, bajista o ukulelista. Con du dise\u00f1o elegante, simple y resistente, su pantalla incre\u00edblemente brillante y su rendimiento de respuesta r\u00e1pida, UNITUNE CLIP NOIR es el compa\u00f1ero obvio tanto para m\u00fasicos serios como para h\u00e9roes de dormitorio. Es elegante, intuitivo de usar y seguramente aguantar\u00e1 a\u00f1os y a\u00f1os de afinaciones. Afinador estrobosc\u00f3pico extremadamente preciso con una precisi\u00f3n de \u00b10.02 cents. Afinador crom\u00e1tico ultrarr\u00e1pido con una precisi\u00f3n de \u00b10.05 cents. UNITUNE CLIP NOIR presenta un modo de afinaci\u00f3n crom\u00e1tica a la velocidad de la luz que afina tu instrumento en un instante con una pantalla de aguja incre\u00edblemente brillante con una precisi\u00f3n de \u00b10.05 cents. UNITUNE CLIP NOIR te brinda una lectura instant\u00e1nea para esas afinaciones r\u00e1pidas en el escenario en las que no deseas retrasar el concierto por un mal tono. SI la precisi\u00f3n es de suma importancia, elige el modo de afinaci\u00f3n estrobosc\u00f3pica y literalmente acercarte a 2 cents de tu nota. Con una incre\u00edble precisi\u00f3n de afinaci\u00f3n de \u00b10.02 cents, UNITUNE CLIP NOIR se siente como en casa en la parte posterior de tu clavijero, tanto para rockear como para afinar. UNITUNE CLIP NOIR fue construido pensando en la confiabilidad y la longevidad. La carcasa est\u00e1 moldeada a partir de una resina hecho a medida, dise\u00f1ada espec\u00edficamente para proporcionar el tipo de calidad y sensaci\u00f3n que esperar\u00edas de un producto de TC Electronic. El resistente clip de acero inoxidable est\u00e1 pulido con arenado para un agarre seguro al manipularlo y est\u00e1 equipado con un resorte ajustado de grado industrial junto con almohadillas de goma extra adherentes para colocar de forma segura el afinador en el clavijero de la guitarra. Ahora disponible en una elegante carcasa negra con botones rojos complementarios, modos estrobosc\u00f3picos y crom\u00e1ticos ultra precisos, UNITUNE CLIP NOIR es el maestro discreto de la afinaci\u00f3n sencilla del clavijero. Hace exactamente lo que se supone que debe hacer y se ve genial haci\u00e9ndolo. El dise\u00f1o discreto del UNITUNE CLIP NOIR proporciona afinaciones sigilosas en el escenario o el estudio para que vuelvas al tono perfecto antes de que alguien se d\u00e9 cuenta de que est\u00e1s a la deriva. Con UNITUNE CLIP NOIR tu show ser\u00e1 legendario.<\/div>\n<div>\n<h4>Quick look<\/h4>\n<\/div>\n<ul style=\"margin: 0px 0px 0px 25px\">\n<li style=\"list-style-type: circle;margin: 5px\">Kind.<\/li>\n<li style=\"list-style-type: circle;margin: 5px\">Rango de afinaci\u00f3n.<\/li>\n<li style=\"list-style-type: circle;margin: 5px\">Precisi\u00f3n de afinaci\u00f3n.<\/li>\n<li style=\"list-style-type: circle;margin: 5px\">Reference tone.<\/li>\n<li style=\"list-style-type: circle;margin: 5px\">Drums.<\/li>\n<li style=\"list-style-type: circle;margin: 5px\">Dimensions.<\/li>\n<li style=\"list-style-type: circle;margin: 5px\">Weight.<\/li>\n<\/ul>\n<div>\n<div style=\"font-weight: bold\">Kind.<\/div>\n<div>\n<p>Afinador de clip crom\u00e1tico y estrobosc\u00f3pico.<\/p>\n<\/div>\n<div style=\"font-weight: bold\">Rango de afinaci\u00f3n.<\/div>\n<div>\n<p>A0 (27.5 Hz) a C8 (4186 Hz).<\/p>\n<\/div>\n<div style=\"font-weight: bold\">Precisi\u00f3n de afinaci\u00f3n.<\/div>\n<div>\n<p>Modo de afinaci\u00f3n crom\u00e1tica: \u00b10.05 cents. Modo de afinaci\u00f3n estrobosc\u00f3pica: \u00b10.02 cents.<\/p>\n<\/div>\n<div style=\"font-weight: bold\">Reference tone.<\/div>\n<div>\n<p>A4 = 435 a 445 Hz, ajustable en pasos de  1 Hz.<\/p>\n<\/div>\n<div style=\"font-weight: bold\">Drums.<\/div>\n<div>\n<p>CR2032 Li-Mn (incluida).<\/p>\n<\/div>\n<div style=\"font-weight: bold\">Dimensions.<\/div>\n<div>\n<p>28 x 25 x 60 mm.<\/p>\n<\/div>\n<div style=\"font-weight: bold\">Weight.<\/div>\n<div>\n<p>32 g (incluyendo bater\u00eda).<\/p>\n<\/div>\n<\/div>\n<\/div>","protected":false},"excerpt":{"rendered":"<p>Afinador de clip Headline Black, modos estrobosc\u00f3pico y crom\u00e1tico, pantalla Matrix de 108 LED que proporciona una visualizaci\u00f3n de alta precisi\u00f3n en cualquier condici\u00f3n para una calidad de afinaci\u00f3n inigualable, pantalla adaptativa que cambia autom\u00e1ticamente la orientaci\u00f3n para la visualizaci\u00f3n de la mano izquierda y derecha, afinaci\u00f3n ultra precisa que te brinda una resoluci\u00f3n de \u00b10.02 cents para un rendimiento de afinaci\u00f3n m\u00e1ximo, el modo de afinaci\u00f3n crom\u00e1tico ultrarr\u00e1pido permite afinaciones r\u00e1pidas en el escenario, selecci\u00f3n de tono de referencia para una flexibilidad de afinaci\u00f3n total, memoria interna que conserva todas las configuraciones incluido despu\u00e9s de apagar o quitar la bater\u00eda, dise\u00f1o elegante y duradero que complementa todos los instrumentos, clip de acero inoxidable de alta calidad que garantiza una conexi\u00f3n segura para detectar con precisi\u00f3n las vibraciones de las cuerdas, dimensiones: 28 x 25 x 60 mm, peso: 32 g (incluyendo bater\u00eda).&hellip; <a class=\"kt-excerpt-readmore more-link\" href=\"https:\/\/www.mexicanguitarplayers.com\/en\/tienda\/accesorios\/afinadores-y-metronomos\/afinadores\/afinador-tc-electronic-unitune-clip-noir\/\">Read more<\/a><\/p>","protected":false},"featured_media":30143,"comment_status":"open","ping_status":"closed","template":"","meta":{"kt_blocks_editor_width":""},"pwb-brand":[170],"product_brand":[],"product_cat":[85,423,422],"product_tag":[],"class_list":{"0":"post-30148","1":"product","2":"type-product","3":"status-publish","4":"has-post-thumbnail","6":"pwb-brand-tc-electronic","7":"product_cat-accesorios","8":"product_cat-afinadores","9":"product_cat-afinadores-y-metronomos","10":"product_shipping_class-0-5-kg","12":"first","13":"instock","14":"taxable","15":"shipping-taxable","16":"purchasable","17":"product-type-simple"},"yoast_head":"<!-- This site is optimized with the Yoast SEO plugin v27.5 - https:\/\/yoast.com\/product\/yoast-seo-wordpress\/ -->\n<title>AFINADOR TC ELECTRONIC UNITUNE CLIP NOIR - Mexican Guitar Players<\/title>\n<meta name=\"description\" content=\"Afinador de clip Headline Black, modos estrobosc\u00f3pico y crom\u00e1tico, pantalla Matrix de 108 LED que proporciona una visualizaci\u00f3n de alta precisi\u00f3n en cualquier condici\u00f3n para una calidad de afinaci\u00f3n inigualable, pantalla adaptativa que cambia autom\u00e1ticamente la orientaci\u00f3n para la visualizaci\u00f3n de la mano izquierda y derecha, afinaci\u00f3n ultra precisa que te brinda una resoluci\u00f3n de \u00b10.02 cents para un rendimiento de afinaci\u00f3n m\u00e1ximo, el modo de afinaci\u00f3n crom\u00e1tico ultrarr\u00e1pido permite afinaciones r\u00e1pidas en el escenario, selecci\u00f3n de tono de referencia para una flexibilidad de afinaci\u00f3n total, memoria interna que conserva todas las configuraciones incluido despu\u00e9s de apagar o quitar la bater\u00eda, dise\u00f1o elegante y duradero que complementa todos los instrumentos, clip de acero inoxidable de alta calidad que garantiza una conexi\u00f3n segura para detectar con precisi\u00f3n las vibraciones de las cuerdas, dimensiones: 28 x 25 x 60 mm, peso: 32 g (incluyendo bater\u00eda).\" \/>\n<meta name=\"robots\" content=\"index, follow, max-snippet:-1, max-image-preview:large, max-video-preview:-1\" \/>\n<link rel=\"canonical\" href=\"https:\/\/www.mexicanguitarplayers.com\/en\/tienda\/sin%20categor\u00eda\/afinador-tc-electronic-unitune-clip-noir\/\" \/>\n<meta property=\"og:locale\" content=\"en_US\" \/>\n<meta property=\"og:type\" content=\"article\" \/>\n<meta property=\"og:title\" content=\"AFINADOR TC ELECTRONIC UNITUNE CLIP NOIR - Mexican Guitar Players\" \/>\n<meta property=\"og:description\" content=\"Afinador de clip Headline Black, modos estrobosc\u00f3pico y crom\u00e1tico, pantalla Matrix de 108 LED que proporciona una visualizaci\u00f3n de alta precisi\u00f3n en cualquier condici\u00f3n para una calidad de afinaci\u00f3n inigualable, pantalla adaptativa que cambia autom\u00e1ticamente la orientaci\u00f3n para la visualizaci\u00f3n de la mano izquierda y derecha, afinaci\u00f3n ultra precisa que te brinda una resoluci\u00f3n de \u00b10.02 cents para un rendimiento de afinaci\u00f3n m\u00e1ximo, el modo de afinaci\u00f3n crom\u00e1tico ultrarr\u00e1pido permite afinaciones r\u00e1pidas en el escenario, selecci\u00f3n de tono de referencia para una flexibilidad de afinaci\u00f3n total, memoria interna que conserva todas las configuraciones incluido despu\u00e9s de apagar o quitar la bater\u00eda, dise\u00f1o elegante y duradero que complementa todos los instrumentos, clip de acero inoxidable de alta calidad que garantiza una conexi\u00f3n segura para detectar con precisi\u00f3n las vibraciones de las cuerdas, dimensiones: 28 x 25 x 60 mm, peso: 32 g (incluyendo bater\u00eda).\" \/>\n<meta property=\"og:url\" content=\"https:\/\/www.mexicanguitarplayers.com\/en\/tienda\/sin categor\u00eda\/afinador-tc-electronic-unitune-clip-noir\/\" \/>\n<meta property=\"og:site_name\" content=\"Mexican Guitar Players\" \/>\n<meta property=\"article:modified_time\" content=\"2026-04-14T10:16:37+00:00\" \/>\n<meta name=\"twitter:card\" content=\"summary_large_image\" \/>\n<meta name=\"twitter:label1\" content=\"Est. reading time\" \/>\n\t<meta name=\"twitter:data1\" content=\"3 minutes\" \/>\n<script type=\"application\/ld+json\" class=\"yoast-schema-graph\">{\"@context\":\"https:\\\/\\\/schema.org\",\"@graph\":[{\"@type\":[\"WebPage\",\"ItemPage\"],\"@id\":\"https:\\\/\\\/www.mexicanguitarplayers.com\\\/tienda\\\/sin categor\u00eda\\\/afinador-tc-electronic-unitune-clip-noir\\\/\",\"url\":\"https:\\\/\\\/www.mexicanguitarplayers.com\\\/tienda\\\/sin categor\u00eda\\\/afinador-tc-electronic-unitune-clip-noir\\\/\",\"name\":\"AFINADOR TC ELECTRONIC UNITUNE CLIP NOIR - Mexican Guitar Players\",\"isPartOf\":{\"@id\":\"https:\\\/\\\/www.mexicanguitarplayers.com\\\/#website\"},\"primaryImageOfPage\":{\"@id\":\"https:\\\/\\\/www.mexicanguitarplayers.com\\\/tienda\\\/sin categor\u00eda\\\/afinador-tc-electronic-unitune-clip-noir\\\/#primaryimage\"},\"image\":{\"@id\":\"https:\\\/\\\/www.mexicanguitarplayers.com\\\/tienda\\\/sin categor\u00eda\\\/afinador-tc-electronic-unitune-clip-noir\\\/#primaryimage\"},\"thumbnailUrl\":\"https:\\\/\\\/www.mexicanguitarplayers.com\\\/wp-content\\\/uploads\\\/2025\\\/04\\\/RATCEUNITUCLNR.jpg\",\"datePublished\":\"2025-04-08T17:08:23+00:00\",\"dateModified\":\"2026-04-14T10:16:37+00:00\",\"description\":\"Afinador de clip Headline Black, modos estrobosc\u00f3pico y crom\u00e1tico, pantalla Matrix de 108 LED que proporciona una visualizaci\u00f3n de alta precisi\u00f3n en cualquier condici\u00f3n para una calidad de afinaci\u00f3n inigualable, pantalla adaptativa que cambia autom\u00e1ticamente la orientaci\u00f3n para la visualizaci\u00f3n de la mano izquierda y derecha, afinaci\u00f3n ultra precisa que te brinda una resoluci\u00f3n de \u00b10.02 cents para un rendimiento de afinaci\u00f3n m\u00e1ximo, el modo de afinaci\u00f3n crom\u00e1tico ultrarr\u00e1pido permite afinaciones r\u00e1pidas en el escenario, selecci\u00f3n de tono de referencia para una flexibilidad de afinaci\u00f3n total, memoria interna que conserva todas las configuraciones incluido despu\u00e9s de apagar o quitar la bater\u00eda, dise\u00f1o elegante y duradero que complementa todos los instrumentos, clip de acero inoxidable de alta calidad que garantiza una conexi\u00f3n segura para detectar con precisi\u00f3n las vibraciones de las cuerdas, dimensiones: 28 x 25 x 60 mm, peso: 32 g (incluyendo bater\u00eda).\",\"breadcrumb\":{\"@id\":\"https:\\\/\\\/www.mexicanguitarplayers.com\\\/tienda\\\/sin categor\u00eda\\\/afinador-tc-electronic-unitune-clip-noir\\\/#breadcrumb\"},\"inLanguage\":\"en-US\",\"potentialAction\":[{\"@type\":\"ReadAction\",\"target\":[\"https:\\\/\\\/www.mexicanguitarplayers.com\\\/tienda\\\/sin categor\u00eda\\\/afinador-tc-electronic-unitune-clip-noir\\\/\"]}]},{\"@type\":\"ImageObject\",\"inLanguage\":\"en-US\",\"@id\":\"https:\\\/\\\/www.mexicanguitarplayers.com\\\/tienda\\\/sin categor\u00eda\\\/afinador-tc-electronic-unitune-clip-noir\\\/#primaryimage\",\"url\":\"https:\\\/\\\/www.mexicanguitarplayers.com\\\/wp-content\\\/uploads\\\/2025\\\/04\\\/RATCEUNITUCLNR.jpg\",\"contentUrl\":\"https:\\\/\\\/www.mexicanguitarplayers.com\\\/wp-content\\\/uploads\\\/2025\\\/04\\\/RATCEUNITUCLNR.jpg\",\"width\":800,\"height\":1600},{\"@type\":\"BreadcrumbList\",\"@id\":\"https:\\\/\\\/www.mexicanguitarplayers.com\\\/tienda\\\/sin categor\u00eda\\\/afinador-tc-electronic-unitune-clip-noir\\\/#breadcrumb\",\"itemListElement\":[{\"@type\":\"ListItem\",\"position\":1,\"name\":\"Portada\",\"item\":\"https:\\\/\\\/www.mexicanguitarplayers.com\\\/\"},{\"@type\":\"ListItem\",\"position\":2,\"name\":\"Tienda\",\"item\":\"https:\\\/\\\/www.mexicanguitarplayers.com\\\/tienda\\\/\"},{\"@type\":\"ListItem\",\"position\":3,\"name\":\"AFINADOR TC ELECTRONIC UNITUNE CLIP NOIR\"}]},{\"@type\":\"WebSite\",\"@id\":\"https:\\\/\\\/www.mexicanguitarplayers.com\\\/#website\",\"url\":\"https:\\\/\\\/www.mexicanguitarplayers.com\\\/\",\"name\":\"Mexican Guitar Players\",\"description\":\"Website\",\"publisher\":{\"@id\":\"https:\\\/\\\/www.mexicanguitarplayers.com\\\/#organization\"},\"potentialAction\":[{\"@type\":\"SearchAction\",\"target\":{\"@type\":\"EntryPoint\",\"urlTemplate\":\"https:\\\/\\\/www.mexicanguitarplayers.com\\\/?s={search_term_string}\"},\"query-input\":{\"@type\":\"PropertyValueSpecification\",\"valueRequired\":true,\"valueName\":\"search_term_string\"}}],\"inLanguage\":\"en-US\"},{\"@type\":\"Organization\",\"@id\":\"https:\\\/\\\/www.mexicanguitarplayers.com\\\/#organization\",\"name\":\"Mexican Guitar Players\",\"url\":\"https:\\\/\\\/www.mexicanguitarplayers.com\\\/\",\"logo\":{\"@type\":\"ImageObject\",\"inLanguage\":\"en-US\",\"@id\":\"https:\\\/\\\/www.mexicanguitarplayers.com\\\/#\\\/schema\\\/logo\\\/image\\\/\",\"url\":\"\",\"contentUrl\":\"\",\"caption\":\"Mexican Guitar Players\"},\"image\":{\"@id\":\"https:\\\/\\\/www.mexicanguitarplayers.com\\\/#\\\/schema\\\/logo\\\/image\\\/\"}}]}<\/script>\n<!-- \/ Yoast SEO plugin. -->","yoast_head_json":{"title":"AFINADOR TC ELECTRONIC UNITUNE CLIP NOIR - Mexican Guitar Players","description":"Afinador de clip Headline Black, modos estrobosc\u00f3pico y crom\u00e1tico, pantalla Matrix de 108 LED que proporciona una visualizaci\u00f3n de alta precisi\u00f3n en cualquier condici\u00f3n para una calidad de afinaci\u00f3n inigualable, pantalla adaptativa que cambia autom\u00e1ticamente la orientaci\u00f3n para la visualizaci\u00f3n de la mano izquierda y derecha, afinaci\u00f3n ultra precisa que te brinda una resoluci\u00f3n de \u00b10.02 cents para un rendimiento de afinaci\u00f3n m\u00e1ximo, el modo de afinaci\u00f3n crom\u00e1tico ultrarr\u00e1pido permite afinaciones r\u00e1pidas en el escenario, selecci\u00f3n de tono de referencia para una flexibilidad de afinaci\u00f3n total, memoria interna que conserva todas las configuraciones incluido despu\u00e9s de apagar o quitar la bater\u00eda, dise\u00f1o elegante y duradero que complementa todos los instrumentos, clip de acero inoxidable de alta calidad que garantiza una conexi\u00f3n segura para detectar con precisi\u00f3n las vibraciones de las cuerdas, dimensiones: 28 x 25 x 60 mm, peso: 32 g (incluyendo bater\u00eda).","robots":{"index":"index","follow":"follow","max-snippet":"max-snippet:-1","max-image-preview":"max-image-preview:large","max-video-preview":"max-video-preview:-1"},"canonical":"https:\/\/www.mexicanguitarplayers.com\/en\/tienda\/sin categor\u00eda\/afinador-tc-electronic-unitune-clip-noir\/","og_locale":"en_US","og_type":"article","og_title":"AFINADOR TC ELECTRONIC UNITUNE CLIP NOIR - Mexican Guitar Players","og_description":"Afinador de clip Headline Black, modos estrobosc\u00f3pico y crom\u00e1tico, pantalla Matrix de 108 LED que proporciona una visualizaci\u00f3n de alta precisi\u00f3n en cualquier condici\u00f3n para una calidad de afinaci\u00f3n inigualable, pantalla adaptativa que cambia autom\u00e1ticamente la orientaci\u00f3n para la visualizaci\u00f3n de la mano izquierda y derecha, afinaci\u00f3n ultra precisa que te brinda una resoluci\u00f3n de \u00b10.02 cents para un rendimiento de afinaci\u00f3n m\u00e1ximo, el modo de afinaci\u00f3n crom\u00e1tico ultrarr\u00e1pido permite afinaciones r\u00e1pidas en el escenario, selecci\u00f3n de tono de referencia para una flexibilidad de afinaci\u00f3n total, memoria interna que conserva todas las configuraciones incluido despu\u00e9s de apagar o quitar la bater\u00eda, dise\u00f1o elegante y duradero que complementa todos los instrumentos, clip de acero inoxidable de alta calidad que garantiza una conexi\u00f3n segura para detectar con precisi\u00f3n las vibraciones de las cuerdas, dimensiones: 28 x 25 x 60 mm, peso: 32 g (incluyendo bater\u00eda).","og_url":"https:\/\/www.mexicanguitarplayers.com\/en\/tienda\/sin categor\u00eda\/afinador-tc-electronic-unitune-clip-noir\/","og_site_name":"Mexican Guitar Players","article_modified_time":"2026-04-14T10:16:37+00:00","twitter_card":"summary_large_image","twitter_misc":{"Est. reading time":"3 minutes"},"schema":{"@context":"https:\/\/schema.org","@graph":[{"@type":["WebPage","ItemPage"],"@id":"https:\/\/www.mexicanguitarplayers.com\/tienda\/sin categor\u00eda\/afinador-tc-electronic-unitune-clip-noir\/","url":"https:\/\/www.mexicanguitarplayers.com\/tienda\/sin categor\u00eda\/afinador-tc-electronic-unitune-clip-noir\/","name":"AFINADOR TC ELECTRONIC UNITUNE CLIP NOIR - Mexican Guitar Players","isPartOf":{"@id":"https:\/\/www.mexicanguitarplayers.com\/#website"},"primaryImageOfPage":{"@id":"https:\/\/www.mexicanguitarplayers.com\/tienda\/sin categor\u00eda\/afinador-tc-electronic-unitune-clip-noir\/#primaryimage"},"image":{"@id":"https:\/\/www.mexicanguitarplayers.com\/tienda\/sin categor\u00eda\/afinador-tc-electronic-unitune-clip-noir\/#primaryimage"},"thumbnailUrl":"https:\/\/www.mexicanguitarplayers.com\/wp-content\/uploads\/2025\/04\/RATCEUNITUCLNR.jpg","datePublished":"2025-04-08T17:08:23+00:00","dateModified":"2026-04-14T10:16:37+00:00","description":"Afinador de clip Headline Black, modos estrobosc\u00f3pico y crom\u00e1tico, pantalla Matrix de 108 LED que proporciona una visualizaci\u00f3n de alta precisi\u00f3n en cualquier condici\u00f3n para una calidad de afinaci\u00f3n inigualable, pantalla adaptativa que cambia autom\u00e1ticamente la orientaci\u00f3n para la visualizaci\u00f3n de la mano izquierda y derecha, afinaci\u00f3n ultra precisa que te brinda una resoluci\u00f3n de \u00b10.02 cents para un rendimiento de afinaci\u00f3n m\u00e1ximo, el modo de afinaci\u00f3n crom\u00e1tico ultrarr\u00e1pido permite afinaciones r\u00e1pidas en el escenario, selecci\u00f3n de tono de referencia para una flexibilidad de afinaci\u00f3n total, memoria interna que conserva todas las configuraciones incluido despu\u00e9s de apagar o quitar la bater\u00eda, dise\u00f1o elegante y duradero que complementa todos los instrumentos, clip de acero inoxidable de alta calidad que garantiza una conexi\u00f3n segura para detectar con precisi\u00f3n las vibraciones de las cuerdas, dimensiones: 28 x 25 x 60 mm, peso: 32 g (incluyendo bater\u00eda).","breadcrumb":{"@id":"https:\/\/www.mexicanguitarplayers.com\/tienda\/sin categor\u00eda\/afinador-tc-electronic-unitune-clip-noir\/#breadcrumb"},"inLanguage":"en-US","potentialAction":[{"@type":"ReadAction","target":["https:\/\/www.mexicanguitarplayers.com\/tienda\/sin categor\u00eda\/afinador-tc-electronic-unitune-clip-noir\/"]}]},{"@type":"ImageObject","inLanguage":"en-US","@id":"https:\/\/www.mexicanguitarplayers.com\/tienda\/sin categor\u00eda\/afinador-tc-electronic-unitune-clip-noir\/#primaryimage","url":"https:\/\/www.mexicanguitarplayers.com\/wp-content\/uploads\/2025\/04\/RATCEUNITUCLNR.jpg","contentUrl":"https:\/\/www.mexicanguitarplayers.com\/wp-content\/uploads\/2025\/04\/RATCEUNITUCLNR.jpg","width":800,"height":1600},{"@type":"BreadcrumbList","@id":"https:\/\/www.mexicanguitarplayers.com\/tienda\/sin categor\u00eda\/afinador-tc-electronic-unitune-clip-noir\/#breadcrumb","itemListElement":[{"@type":"ListItem","position":1,"name":"Portada","item":"https:\/\/www.mexicanguitarplayers.com\/"},{"@type":"ListItem","position":2,"name":"Tienda","item":"https:\/\/www.mexicanguitarplayers.com\/tienda\/"},{"@type":"ListItem","position":3,"name":"AFINADOR TC ELECTRONIC UNITUNE CLIP NOIR"}]},{"@type":"WebSite","@id":"https:\/\/www.mexicanguitarplayers.com\/#website","url":"https:\/\/www.mexicanguitarplayers.com\/","name":"Mexican Guitar Players","description":"Website","publisher":{"@id":"https:\/\/www.mexicanguitarplayers.com\/#organization"},"potentialAction":[{"@type":"SearchAction","target":{"@type":"EntryPoint","urlTemplate":"https:\/\/www.mexicanguitarplayers.com\/?s={search_term_string}"},"query-input":{"@type":"PropertyValueSpecification","valueRequired":true,"valueName":"search_term_string"}}],"inLanguage":"en-US"},{"@type":"Organization","@id":"https:\/\/www.mexicanguitarplayers.com\/#organization","name":"Mexican Guitar Players","url":"https:\/\/www.mexicanguitarplayers.com\/","logo":{"@type":"ImageObject","inLanguage":"en-US","@id":"https:\/\/www.mexicanguitarplayers.com\/#\/schema\/logo\/image\/","url":"","contentUrl":"","caption":"Mexican Guitar Players"},"image":{"@id":"https:\/\/www.mexicanguitarplayers.com\/#\/schema\/logo\/image\/"}}]}},"brands":[{"id":170,"name":"TC-ELECTRONIC","slug":"tc-electronic"}],"_links":{"self":[{"href":"https:\/\/www.mexicanguitarplayers.com\/en\/wp-json\/wp\/v2\/product\/30148","targetHints":{"allow":["GET"]}}],"collection":[{"href":"https:\/\/www.mexicanguitarplayers.com\/en\/wp-json\/wp\/v2\/product"}],"about":[{"href":"https:\/\/www.mexicanguitarplayers.com\/en\/wp-json\/wp\/v2\/types\/product"}],"replies":[{"embeddable":true,"href":"https:\/\/www.mexicanguitarplayers.com\/en\/wp-json\/wp\/v2\/comments?post=30148"}],"wp:featuredmedia":[{"embeddable":true,"href":"https:\/\/www.mexicanguitarplayers.com\/en\/wp-json\/wp\/v2\/media\/30143"}],"wp:attachment":[{"href":"https:\/\/www.mexicanguitarplayers.com\/en\/wp-json\/wp\/v2\/media?parent=30148"}],"wp:term":[{"taxonomy":"pwb-brand","embeddable":true,"href":"https:\/\/www.mexicanguitarplayers.com\/en\/wp-json\/wp\/v2\/pwb-brand?post=30148"},{"taxonomy":"product_brand","embeddable":true,"href":"https:\/\/www.mexicanguitarplayers.com\/en\/wp-json\/wp\/v2\/product_brand?post=30148"},{"taxonomy":"product_cat","embeddable":true,"href":"https:\/\/www.mexicanguitarplayers.com\/en\/wp-json\/wp\/v2\/product_cat?post=30148"},{"taxonomy":"product_tag","embeddable":true,"href":"https:\/\/www.mexicanguitarplayers.com\/en\/wp-json\/wp\/v2\/product_tag?post=30148"}],"curies":[{"name":"wp","href":"https:\/\/api.w.org\/{rel}","templated":true}]}}