{"id":30165,"date":"2025-04-08T11:08:44","date_gmt":"2025-04-08T17:08:44","guid":{"rendered":"https:\/\/www.mexicanguitarplayers.com\/tienda\/sin categor\u00eda\/pastilla-sd-guit-acustica-sa-6-mag-mic-acoustic-system\/"},"modified":"2026-05-01T07:25:29","modified_gmt":"2026-05-01T13:25:29","slug":"pastilla-sd-guit-acustica-sa-6-mag-mic-acoustic-system","status":"publish","type":"product","link":"https:\/\/www.mexicanguitarplayers.com\/en\/tienda\/accesorios\/para-guitarras\/pastillas-para-guitarra-acustica\/pastilla-sd-guit-acustica-sa-6-mag-mic-acoustic-system\/","title":{"rendered":"PASTILLA SD GUIT.ACUSTICA SA-6 MAG MIC ACOUSTIC SYSTEM"},"content":{"rendered":"<div style=\"text-align: justify\">\n<div>\n<h3>Captura la verdadera voz de tu guitarra con la Mag Mic activa (SA-6).<\/h3>\n<\/div>\n<div>La Mag Mic combina una pastilla Stack magn\u00e9tica con cancelaci\u00f3n de zumbidos de alta calidad con un micr\u00f3fono de condensador omnidireccional que incluye controles de volumen. La pastilla magn\u00e9tica captura el detalle y la din\u00e1mica de tu estilo de interpretaci\u00f3n personal, mientras que el micr\u00f3fono recoge la resonancia ac\u00fastica natural y el aire de tu sonido mientras reverbera dentro de tu guitarra. Juntos brindan un tono ac\u00fastico n\u00edtido que suena como tu guitarra, ya sea que toques con los dedos, con una p\u00faa o con t\u00e9cnicas de percusi\u00f3n y tapping, pero al volumen que necesitas. Mag Mic puede entrar y salir de tu guitarra seg\u00fan sea necesario (con el conector endpin jack soportado por un loop especial de alivio de tensi\u00f3n incorporado) o puede instalarse de forma permanente. Alimentado por una bater\u00eda de 9V o 12V (con clips incluidos), conecta Mag Mic a tu amplificador, pedal, PA, caja directa o consola favorita con un cable de guitarra est\u00e1ndar. Se adapta a guitarra con bocas de 3.75\u201d a 4.2\u201d.<\/div>\n<div>\n<h4>Characteristics<\/h4>\n<\/div>\n<div>\n<ul style=\"margin: 0px 0px 0px 25px\">\n<li style=\"list-style-type: circle;margin: 5px\">Pastilla de boca de guitarra.<\/li>\n<li style=\"list-style-type: circle;margin: 5px\">Calidez natural.<\/li>\n<li style=\"list-style-type: circle;margin: 5px\">Detalles de espectro completo.<\/li>\n<li style=\"list-style-type: circle;margin: 5px\">Pastilla magn\u00e9tica y micr\u00f3fono omnidireccional.<\/li>\n<li style=\"list-style-type: circle;margin: 5px\">Se adapta a guitarra con bocas de 3.75\u201d a 4.2\u201d.<\/li>\n<\/ul>\n<\/div>\n<\/div>","protected":false},"excerpt":{"rendered":"<p>Pastillas para guitarra ac\u00fastica con cuerdas de acero, modelo Mag Mic (SA-6), captura la calidez natural y los detalles de espectro completo de tu guitarra ac\u00fastica con una pastilla magn\u00e9tica en la boca y un micr\u00f3fono omnidireccional, se adapta a guitarra con bocas de 3.75\u201d a 4.2\u201d. NOTA: Al ser magn\u00e9tica, no funcionar\u00e1 en guitarras ac\u00fasticas con cuerdas de nylon.&hellip; <a class=\"kt-excerpt-readmore more-link\" href=\"https:\/\/www.mexicanguitarplayers.com\/en\/tienda\/accesorios\/para-guitarras\/pastillas-para-guitarra-acustica\/pastilla-sd-guit-acustica-sa-6-mag-mic-acoustic-system\/\">Read more<\/a><\/p>","protected":false},"featured_media":30161,"comment_status":"open","ping_status":"closed","template":"","meta":{"kt_blocks_editor_width":""},"pwb-brand":[502],"product_brand":[],"product_cat":[85,336,357],"product_tag":[],"class_list":{"0":"post-30165","1":"product","2":"type-product","3":"status-publish","4":"has-post-thumbnail","6":"pwb-brand-seymour-duncan","7":"product_cat-accesorios","8":"product_cat-para-guitarras","9":"product_cat-pastillas-para-guitarra-acustica","10":"product_shipping_class-0-5-kg","12":"first","13":"instock","14":"taxable","15":"shipping-taxable","16":"purchasable","17":"product-type-simple"},"yoast_head":"<!-- This site is optimized with the Yoast SEO plugin v27.5 - https:\/\/yoast.com\/product\/yoast-seo-wordpress\/ -->\n<title>PASTILLA SD GUIT.ACUSTICA SA-6 MAG MIC ACOUSTIC SYSTEM - Mexican Guitar Players<\/title>\n<meta name=\"description\" content=\"Pastillas para guitarra ac\u00fastica con cuerdas de acero, modelo Mag Mic (SA-6), captura la calidez natural y los detalles de espectro completo de tu guitarra ac\u00fastica con una pastilla magn\u00e9tica en la boca y un micr\u00f3fono omnidireccional, se adapta a guitarra con bocas de 3.75\u201d a 4.2\u201d. NOTA: Al ser magn\u00e9tica, no funcionar\u00e1 en guitarras ac\u00fasticas con cuerdas de nylon.\" \/>\n<meta name=\"robots\" content=\"index, follow, max-snippet:-1, max-image-preview:large, max-video-preview:-1\" \/>\n<link rel=\"canonical\" href=\"https:\/\/www.mexicanguitarplayers.com\/en\/tienda\/sin%20categor\u00eda\/pastilla-sd-guit-acustica-sa-6-mag-mic-acoustic-system\/\" \/>\n<meta property=\"og:locale\" content=\"en_US\" \/>\n<meta property=\"og:type\" content=\"article\" \/>\n<meta property=\"og:title\" content=\"PASTILLA SD GUIT.ACUSTICA SA-6 MAG MIC ACOUSTIC SYSTEM - Mexican Guitar Players\" \/>\n<meta property=\"og:description\" content=\"Pastillas para guitarra ac\u00fastica con cuerdas de acero, modelo Mag Mic (SA-6), captura la calidez natural y los detalles de espectro completo de tu guitarra ac\u00fastica con una pastilla magn\u00e9tica en la boca y un micr\u00f3fono omnidireccional, se adapta a guitarra con bocas de 3.75\u201d a 4.2\u201d. NOTA: Al ser magn\u00e9tica, no funcionar\u00e1 en guitarras ac\u00fasticas con cuerdas de nylon.\" \/>\n<meta property=\"og:url\" content=\"https:\/\/www.mexicanguitarplayers.com\/en\/tienda\/sin categor\u00eda\/pastilla-sd-guit-acustica-sa-6-mag-mic-acoustic-system\/\" \/>\n<meta property=\"og:site_name\" content=\"Mexican Guitar Players\" \/>\n<meta property=\"article:modified_time\" content=\"2026-05-01T13:25:29+00:00\" \/>\n<meta name=\"twitter:card\" content=\"summary_large_image\" \/>\n<meta name=\"twitter:label1\" content=\"Est. reading time\" \/>\n\t<meta name=\"twitter:data1\" content=\"1 minute\" \/>\n<script type=\"application\/ld+json\" class=\"yoast-schema-graph\">{\"@context\":\"https:\\\/\\\/schema.org\",\"@graph\":[{\"@type\":[\"WebPage\",\"ItemPage\"],\"@id\":\"https:\\\/\\\/www.mexicanguitarplayers.com\\\/tienda\\\/sin categor\u00eda\\\/pastilla-sd-guit-acustica-sa-6-mag-mic-acoustic-system\\\/\",\"url\":\"https:\\\/\\\/www.mexicanguitarplayers.com\\\/tienda\\\/sin categor\u00eda\\\/pastilla-sd-guit-acustica-sa-6-mag-mic-acoustic-system\\\/\",\"name\":\"PASTILLA SD GUIT.ACUSTICA SA-6 MAG MIC ACOUSTIC SYSTEM - Mexican Guitar Players\",\"isPartOf\":{\"@id\":\"https:\\\/\\\/www.mexicanguitarplayers.com\\\/#website\"},\"primaryImageOfPage\":{\"@id\":\"https:\\\/\\\/www.mexicanguitarplayers.com\\\/tienda\\\/sin categor\u00eda\\\/pastilla-sd-guit-acustica-sa-6-mag-mic-acoustic-system\\\/#primaryimage\"},\"image\":{\"@id\":\"https:\\\/\\\/www.mexicanguitarplayers.com\\\/tienda\\\/sin categor\u00eda\\\/pastilla-sd-guit-acustica-sa-6-mag-mic-acoustic-system\\\/#primaryimage\"},\"thumbnailUrl\":\"https:\\\/\\\/www.mexicanguitarplayers.com\\\/wp-content\\\/uploads\\\/2025\\\/04\\\/RASEOSA6MAGMIC.jpg\",\"datePublished\":\"2025-04-08T17:08:44+00:00\",\"dateModified\":\"2026-05-01T13:25:29+00:00\",\"description\":\"Pastillas para guitarra ac\u00fastica con cuerdas de acero, modelo Mag Mic (SA-6), captura la calidez natural y los detalles de espectro completo de tu guitarra ac\u00fastica con una pastilla magn\u00e9tica en la boca y un micr\u00f3fono omnidireccional, se adapta a guitarra con bocas de 3.75\u201d a 4.2\u201d. NOTA: Al ser magn\u00e9tica, no funcionar\u00e1 en guitarras ac\u00fasticas con cuerdas de nylon.\",\"breadcrumb\":{\"@id\":\"https:\\\/\\\/www.mexicanguitarplayers.com\\\/tienda\\\/sin categor\u00eda\\\/pastilla-sd-guit-acustica-sa-6-mag-mic-acoustic-system\\\/#breadcrumb\"},\"inLanguage\":\"en-US\",\"potentialAction\":[{\"@type\":\"ReadAction\",\"target\":[\"https:\\\/\\\/www.mexicanguitarplayers.com\\\/tienda\\\/sin categor\u00eda\\\/pastilla-sd-guit-acustica-sa-6-mag-mic-acoustic-system\\\/\"]}]},{\"@type\":\"ImageObject\",\"inLanguage\":\"en-US\",\"@id\":\"https:\\\/\\\/www.mexicanguitarplayers.com\\\/tienda\\\/sin categor\u00eda\\\/pastilla-sd-guit-acustica-sa-6-mag-mic-acoustic-system\\\/#primaryimage\",\"url\":\"https:\\\/\\\/www.mexicanguitarplayers.com\\\/wp-content\\\/uploads\\\/2025\\\/04\\\/RASEOSA6MAGMIC.jpg\",\"contentUrl\":\"https:\\\/\\\/www.mexicanguitarplayers.com\\\/wp-content\\\/uploads\\\/2025\\\/04\\\/RASEOSA6MAGMIC.jpg\",\"width\":1600,\"height\":800},{\"@type\":\"BreadcrumbList\",\"@id\":\"https:\\\/\\\/www.mexicanguitarplayers.com\\\/tienda\\\/sin categor\u00eda\\\/pastilla-sd-guit-acustica-sa-6-mag-mic-acoustic-system\\\/#breadcrumb\",\"itemListElement\":[{\"@type\":\"ListItem\",\"position\":1,\"name\":\"Portada\",\"item\":\"https:\\\/\\\/www.mexicanguitarplayers.com\\\/\"},{\"@type\":\"ListItem\",\"position\":2,\"name\":\"Tienda\",\"item\":\"https:\\\/\\\/www.mexicanguitarplayers.com\\\/tienda\\\/\"},{\"@type\":\"ListItem\",\"position\":3,\"name\":\"PASTILLA SD GUIT.ACUSTICA SA-6 MAG MIC ACOUSTIC SYSTEM\"}]},{\"@type\":\"WebSite\",\"@id\":\"https:\\\/\\\/www.mexicanguitarplayers.com\\\/#website\",\"url\":\"https:\\\/\\\/www.mexicanguitarplayers.com\\\/\",\"name\":\"Mexican Guitar Players\",\"description\":\"Website\",\"publisher\":{\"@id\":\"https:\\\/\\\/www.mexicanguitarplayers.com\\\/#organization\"},\"potentialAction\":[{\"@type\":\"SearchAction\",\"target\":{\"@type\":\"EntryPoint\",\"urlTemplate\":\"https:\\\/\\\/www.mexicanguitarplayers.com\\\/?s={search_term_string}\"},\"query-input\":{\"@type\":\"PropertyValueSpecification\",\"valueRequired\":true,\"valueName\":\"search_term_string\"}}],\"inLanguage\":\"en-US\"},{\"@type\":\"Organization\",\"@id\":\"https:\\\/\\\/www.mexicanguitarplayers.com\\\/#organization\",\"name\":\"Mexican Guitar Players\",\"url\":\"https:\\\/\\\/www.mexicanguitarplayers.com\\\/\",\"logo\":{\"@type\":\"ImageObject\",\"inLanguage\":\"en-US\",\"@id\":\"https:\\\/\\\/www.mexicanguitarplayers.com\\\/#\\\/schema\\\/logo\\\/image\\\/\",\"url\":\"\",\"contentUrl\":\"\",\"caption\":\"Mexican Guitar Players\"},\"image\":{\"@id\":\"https:\\\/\\\/www.mexicanguitarplayers.com\\\/#\\\/schema\\\/logo\\\/image\\\/\"}}]}<\/script>\n<!-- \/ Yoast SEO plugin. -->","yoast_head_json":{"title":"PASTILLA SD GUIT.ACUSTICA SA-6 MAG MIC ACOUSTIC SYSTEM - Mexican Guitar Players","description":"Pastillas para guitarra ac\u00fastica con cuerdas de acero, modelo Mag Mic (SA-6), captura la calidez natural y los detalles de espectro completo de tu guitarra ac\u00fastica con una pastilla magn\u00e9tica en la boca y un micr\u00f3fono omnidireccional, se adapta a guitarra con bocas de 3.75\u201d a 4.2\u201d. NOTA: Al ser magn\u00e9tica, no funcionar\u00e1 en guitarras ac\u00fasticas con cuerdas de nylon.","robots":{"index":"index","follow":"follow","max-snippet":"max-snippet:-1","max-image-preview":"max-image-preview:large","max-video-preview":"max-video-preview:-1"},"canonical":"https:\/\/www.mexicanguitarplayers.com\/en\/tienda\/sin categor\u00eda\/pastilla-sd-guit-acustica-sa-6-mag-mic-acoustic-system\/","og_locale":"en_US","og_type":"article","og_title":"PASTILLA SD GUIT.ACUSTICA SA-6 MAG MIC ACOUSTIC SYSTEM - Mexican Guitar Players","og_description":"Pastillas para guitarra ac\u00fastica con cuerdas de acero, modelo Mag Mic (SA-6), captura la calidez natural y los detalles de espectro completo de tu guitarra ac\u00fastica con una pastilla magn\u00e9tica en la boca y un micr\u00f3fono omnidireccional, se adapta a guitarra con bocas de 3.75\u201d a 4.2\u201d. NOTA: Al ser magn\u00e9tica, no funcionar\u00e1 en guitarras ac\u00fasticas con cuerdas de nylon.","og_url":"https:\/\/www.mexicanguitarplayers.com\/en\/tienda\/sin categor\u00eda\/pastilla-sd-guit-acustica-sa-6-mag-mic-acoustic-system\/","og_site_name":"Mexican Guitar Players","article_modified_time":"2026-05-01T13:25:29+00:00","twitter_card":"summary_large_image","twitter_misc":{"Est. reading time":"1 minute"},"schema":{"@context":"https:\/\/schema.org","@graph":[{"@type":["WebPage","ItemPage"],"@id":"https:\/\/www.mexicanguitarplayers.com\/tienda\/sin categor\u00eda\/pastilla-sd-guit-acustica-sa-6-mag-mic-acoustic-system\/","url":"https:\/\/www.mexicanguitarplayers.com\/tienda\/sin categor\u00eda\/pastilla-sd-guit-acustica-sa-6-mag-mic-acoustic-system\/","name":"PASTILLA SD GUIT.ACUSTICA SA-6 MAG MIC ACOUSTIC SYSTEM - Mexican Guitar Players","isPartOf":{"@id":"https:\/\/www.mexicanguitarplayers.com\/#website"},"primaryImageOfPage":{"@id":"https:\/\/www.mexicanguitarplayers.com\/tienda\/sin categor\u00eda\/pastilla-sd-guit-acustica-sa-6-mag-mic-acoustic-system\/#primaryimage"},"image":{"@id":"https:\/\/www.mexicanguitarplayers.com\/tienda\/sin categor\u00eda\/pastilla-sd-guit-acustica-sa-6-mag-mic-acoustic-system\/#primaryimage"},"thumbnailUrl":"https:\/\/www.mexicanguitarplayers.com\/wp-content\/uploads\/2025\/04\/RASEOSA6MAGMIC.jpg","datePublished":"2025-04-08T17:08:44+00:00","dateModified":"2026-05-01T13:25:29+00:00","description":"Pastillas para guitarra ac\u00fastica con cuerdas de acero, modelo Mag Mic (SA-6), captura la calidez natural y los detalles de espectro completo de tu guitarra ac\u00fastica con una pastilla magn\u00e9tica en la boca y un micr\u00f3fono omnidireccional, se adapta a guitarra con bocas de 3.75\u201d a 4.2\u201d. NOTA: Al ser magn\u00e9tica, no funcionar\u00e1 en guitarras ac\u00fasticas con cuerdas de nylon.","breadcrumb":{"@id":"https:\/\/www.mexicanguitarplayers.com\/tienda\/sin categor\u00eda\/pastilla-sd-guit-acustica-sa-6-mag-mic-acoustic-system\/#breadcrumb"},"inLanguage":"en-US","potentialAction":[{"@type":"ReadAction","target":["https:\/\/www.mexicanguitarplayers.com\/tienda\/sin categor\u00eda\/pastilla-sd-guit-acustica-sa-6-mag-mic-acoustic-system\/"]}]},{"@type":"ImageObject","inLanguage":"en-US","@id":"https:\/\/www.mexicanguitarplayers.com\/tienda\/sin categor\u00eda\/pastilla-sd-guit-acustica-sa-6-mag-mic-acoustic-system\/#primaryimage","url":"https:\/\/www.mexicanguitarplayers.com\/wp-content\/uploads\/2025\/04\/RASEOSA6MAGMIC.jpg","contentUrl":"https:\/\/www.mexicanguitarplayers.com\/wp-content\/uploads\/2025\/04\/RASEOSA6MAGMIC.jpg","width":1600,"height":800},{"@type":"BreadcrumbList","@id":"https:\/\/www.mexicanguitarplayers.com\/tienda\/sin categor\u00eda\/pastilla-sd-guit-acustica-sa-6-mag-mic-acoustic-system\/#breadcrumb","itemListElement":[{"@type":"ListItem","position":1,"name":"Portada","item":"https:\/\/www.mexicanguitarplayers.com\/"},{"@type":"ListItem","position":2,"name":"Tienda","item":"https:\/\/www.mexicanguitarplayers.com\/tienda\/"},{"@type":"ListItem","position":3,"name":"PASTILLA SD GUIT.ACUSTICA SA-6 MAG MIC ACOUSTIC SYSTEM"}]},{"@type":"WebSite","@id":"https:\/\/www.mexicanguitarplayers.com\/#website","url":"https:\/\/www.mexicanguitarplayers.com\/","name":"Mexican Guitar Players","description":"Website","publisher":{"@id":"https:\/\/www.mexicanguitarplayers.com\/#organization"},"potentialAction":[{"@type":"SearchAction","target":{"@type":"EntryPoint","urlTemplate":"https:\/\/www.mexicanguitarplayers.com\/?s={search_term_string}"},"query-input":{"@type":"PropertyValueSpecification","valueRequired":true,"valueName":"search_term_string"}}],"inLanguage":"en-US"},{"@type":"Organization","@id":"https:\/\/www.mexicanguitarplayers.com\/#organization","name":"Mexican Guitar Players","url":"https:\/\/www.mexicanguitarplayers.com\/","logo":{"@type":"ImageObject","inLanguage":"en-US","@id":"https:\/\/www.mexicanguitarplayers.com\/#\/schema\/logo\/image\/","url":"","contentUrl":"","caption":"Mexican Guitar Players"},"image":{"@id":"https:\/\/www.mexicanguitarplayers.com\/#\/schema\/logo\/image\/"}}]}},"brands":[{"id":502,"name":"SEYMOUR DUNCAN","slug":"seymour-duncan"}],"_links":{"self":[{"href":"https:\/\/www.mexicanguitarplayers.com\/en\/wp-json\/wp\/v2\/product\/30165","targetHints":{"allow":["GET"]}}],"collection":[{"href":"https:\/\/www.mexicanguitarplayers.com\/en\/wp-json\/wp\/v2\/product"}],"about":[{"href":"https:\/\/www.mexicanguitarplayers.com\/en\/wp-json\/wp\/v2\/types\/product"}],"replies":[{"embeddable":true,"href":"https:\/\/www.mexicanguitarplayers.com\/en\/wp-json\/wp\/v2\/comments?post=30165"}],"wp:featuredmedia":[{"embeddable":true,"href":"https:\/\/www.mexicanguitarplayers.com\/en\/wp-json\/wp\/v2\/media\/30161"}],"wp:attachment":[{"href":"https:\/\/www.mexicanguitarplayers.com\/en\/wp-json\/wp\/v2\/media?parent=30165"}],"wp:term":[{"taxonomy":"pwb-brand","embeddable":true,"href":"https:\/\/www.mexicanguitarplayers.com\/en\/wp-json\/wp\/v2\/pwb-brand?post=30165"},{"taxonomy":"product_brand","embeddable":true,"href":"https:\/\/www.mexicanguitarplayers.com\/en\/wp-json\/wp\/v2\/product_brand?post=30165"},{"taxonomy":"product_cat","embeddable":true,"href":"https:\/\/www.mexicanguitarplayers.com\/en\/wp-json\/wp\/v2\/product_cat?post=30165"},{"taxonomy":"product_tag","embeddable":true,"href":"https:\/\/www.mexicanguitarplayers.com\/en\/wp-json\/wp\/v2\/product_tag?post=30165"}],"curies":[{"name":"wp","href":"https:\/\/api.w.org\/{rel}","templated":true}]}}