{"id":30232,"date":"2025-04-08T11:10:05","date_gmt":"2025-04-08T17:10:05","guid":{"rendered":"https:\/\/www.mexicanguitarplayers.com\/tienda\/sin categor\u00eda\/bajo-spector-electrico-mod-ns-pulse-4\/"},"modified":"2025-11-12T10:21:36","modified_gmt":"2025-11-12T16:21:36","slug":"bajo-spector-electrico-mod-ns-pulse-4","status":"publish","type":"product","link":"https:\/\/www.mexicanguitarplayers.com\/en\/tienda\/cuerdas\/bajos\/electricos\/electricos-activos\/bajo-spector-electrico-mod-ns-pulse-4\/","title":{"rendered":"BAJO SPECTOR ELECTRICO MOD. NS PULSE 4"},"content":{"rendered":"<div style=\"text-align: justify\">\n<div>\n<h3>Para los bajistas m\u00e1s exigentes.<\/h3>\n<\/div>\n<div>La serie NS-Pulse representa el dise\u00f1o ic\u00f3nico de Spector. El cuerpo tallado en tres dimensiones es una marca registrada de Spector y proporciona una experiencia \u00fanica y c\u00f3moda de toque para los bajistas. Este modelo NS-Pulse cuenta con un cuerpo s\u00f3lido de fresno de pantano combinado con un brazo atornillado de maple tostado de tres piezas y un diapas\u00f3n de \u00e9bano Macassar. El proceso de tostado da como resultado un brazo que proporciona una mayor estabilidad y resonancia, mientras que el diapas\u00f3n de \u00e9bano Macassar garantiza una clara definici\u00f3n y proyecci\u00f3n de las notas. Este modelo tambi\u00e9n est\u00e1 equipado con pastillas activas EMG y el preamplificador activo TonePump Jr, propiedad de Spector. Esta combinaci\u00f3n produce una gama de tonos impresionantes y agresivos sin ruido. Quiz\u00e1s la caracter\u00edstica m\u00e1s llamativa de este bajo es el terminado pulido que resalta el patr\u00f3n de grano \u00fanico de cada instrumento. Cuando se combina con nuestro tinte Cinder Red o Charcoal Grey, el resultado es impresionante.<\/div>\n<div>\n<h4>Quick look<\/h4>\n<\/div>\n<ul style=\"margin: 0px 0px 0px 25px\">\n<li style=\"list-style-type: circle;margin: 5px\">Terminado arenado.<\/li>\n<li style=\"list-style-type: circle;margin: 5px\">Cuerpo.<\/li>\n<li style=\"list-style-type: circle;margin: 5px\">Arm.<\/li>\n<li style=\"list-style-type: circle;margin: 5px\">Diapason.<\/li>\n<li style=\"list-style-type: circle;margin: 5px\">Frets<\/li>\n<li style=\"list-style-type: circle;margin: 5px\">Scale.<\/li>\n<li style=\"list-style-type: circle;margin: 5px\">Nut.<\/li>\n<li style=\"list-style-type: circle;margin: 5px\">Ancho de la cejuela.<\/li>\n<li style=\"list-style-type: circle;margin: 5px\">Scale.<\/li>\n<li style=\"list-style-type: circle;margin: 5px\">Controls<\/li>\n<li style=\"list-style-type: circle;margin: 5px\">Pastillas.<\/li>\n<li style=\"list-style-type: circle;margin: 5px\">Configuraci\u00f3n de pastillas.<\/li>\n<li style=\"list-style-type: circle;margin: 5px\">Sistema de preamp.<\/li>\n<li style=\"list-style-type: circle;margin: 5px\">Hardware.<\/li>\n<li style=\"list-style-type: circle;margin: 5px\">Bridge.<\/li>\n<li style=\"list-style-type: circle;margin: 5px\">Machinery.<\/li>\n<li style=\"list-style-type: circle;margin: 5px\">Strings<\/li>\n<li style=\"list-style-type: circle;margin: 5px\">Espaciado entre las cuerdas.<\/li>\n<\/ul>\n<div>\n<div style=\"font-weight: bold\">Terminado arenado.<\/div>\n<div>\n<p>El bajo NS-Pulse presenta un terminado pulido sandblasted \u00fanico que permite a los m\u00fasicos ver y sentir los patrones de grano \u00fanicos de cada bajo.<\/p>\n<\/div>\n<div style=\"font-weight: bold\">Cuerpo.<\/div>\n<div>\n<p>Fresno de pantano s\u00f3lido.<\/p>\n<\/div>\n<div style=\"font-weight: bold\">Arm.<\/div>\n<div>\n<p>3 piezas de maple tostado, Bolt On.<\/p>\n<\/div>\n<div style=\"font-weight: bold\">Diapason.<\/div>\n<div>\n<p>\u00c9bano de Macassar.<\/p>\n<\/div>\n<div style=\"font-weight: bold\">Frets<\/div>\n<div>\n<p>24.<\/p>\n<\/div>\n<div style=\"font-weight: bold\">Scale.<\/div>\n<div>\n<p>Points.<\/p>\n<\/div>\n<div style=\"font-weight: bold\">Nut.<\/div>\n<div>\n<p>Grafito.<\/p>\n<\/div>\n<div style=\"font-weight: bold\">Ancho de la cejuela.<\/div>\n<div>\n<p>1.57&#8243;.<\/p>\n<\/div>\n<div style=\"font-weight: bold\">Scale.<\/div>\n<div>\n<p>34&#8243;.<\/p>\n<\/div>\n<div style=\"font-weight: bold\">Controls<\/div>\n<div>\n<p>Volumen del puente, volumen del brazo, Bass Boost y Treble Boost.<\/p>\n<\/div>\n<div style=\"font-weight: bold\">Pastillas.<\/div>\n<div>\n<p>Cada NS-Pulse est\u00e1 equipado con pastillas EMG activas y el preamplificador activo TonePump Jr, propiedad de Spector. Brazo: EMG P Split Style. Puente: EMG J Single Coil.<\/p>\n<\/div>\n<div style=\"font-weight: bold\">Configuraci\u00f3n de pastillas.<\/div>\n<div>\n<p>P\/J.<\/p>\n<\/div>\n<div style=\"font-weight: bold\">Sistema de preamp.<\/div>\n<div>\n<p>Spector TonePump Jr. Active Pre-amp.<\/p>\n<\/div>\n<div style=\"font-weight: bold\">Hardware.<\/div>\n<div>\n<p>Black.<\/p>\n<\/div>\n<div style=\"font-weight: bold\">Bridge.<\/div>\n<div>\n<p>Hi-Mass Locking.<\/p>\n<\/div>\n<div style=\"font-weight: bold\">Machinery.<\/div>\n<div>\n<p>Sealed Die-Cast.<\/p>\n<\/div>\n<div style=\"font-weight: bold\">Strings<\/div>\n<div>\n<p>N\u00edquel.<\/p>\n<\/div>\n<div style=\"font-weight: bold\">Espaciado entre las cuerdas.<\/div>\n<div>\n<p>.70&#8243;.<\/p>\n<\/div>\n<\/div>\n<\/div>","protected":false},"excerpt":{"rendered":"<p>Bajo el\u00e9ctrico activo de 4 cuerdas, serie NS Pulse, cuerpo de fresno de pantano s\u00f3lido, brazo bolt-on de 3 piezas de maple tostado, diapas\u00f3n de \u00e9bano de Macassar, 24 trastes, incrustaciones de puntos, cejuela de grafito de 1.57\u201d de ancho, escala: 34\u201d, controles: volumen del puente, volumen del brazo, Bass Boost y Treble Boost, pastilla del brazo: EMG P Split Style, pastilla del puente: EMG J Single Coil, preamp Spector TonePump Jr. Active, hardware negro, puente Hi-Mass Locking, maquinaria Sealed Die-Cast.&hellip; <a class=\"kt-excerpt-readmore more-link\" href=\"https:\/\/www.mexicanguitarplayers.com\/en\/tienda\/cuerdas\/bajos\/electricos\/electricos-activos\/bajo-spector-electrico-mod-ns-pulse-4\/\">Read more<\/a><\/p>","protected":false},"featured_media":30221,"comment_status":"open","ping_status":"closed","template":"","meta":{"kt_blocks_editor_width":""},"pwb-brand":[374],"product_brand":[],"product_cat":[317,224,318,326],"product_tag":[],"class_list":{"0":"post-30232","1":"product","2":"type-product","3":"status-publish","4":"has-post-thumbnail","6":"pwb-brand-spector","7":"product_cat-bajos","8":"product_cat-cuerdas","9":"product_cat-electricos","10":"product_cat-electricos-activos","11":"product_shipping_class-5-10-kg","13":"first","14":"outofstock","15":"taxable","16":"shipping-taxable","17":"purchasable","18":"product-type-simple"},"yoast_head":"<!-- This site is optimized with the Yoast SEO plugin v27.5 - https:\/\/yoast.com\/product\/yoast-seo-wordpress\/ -->\n<title>BAJO SPECTOR ELECTRICO MOD. NS PULSE 4 - Mexican Guitar Players<\/title>\n<meta name=\"description\" content=\"Bajo el\u00e9ctrico activo de 4 cuerdas, serie NS Pulse, cuerpo de fresno de pantano s\u00f3lido, brazo bolt-on de 3 piezas de maple tostado, diapas\u00f3n de \u00e9bano de Macassar, 24 trastes, incrustaciones de puntos, cejuela de grafito de 1.57\u201d de ancho, escala: 34\u201d, controles: volumen del puente, volumen del brazo, Bass Boost y Treble Boost, pastilla del brazo: EMG P Split Style, pastilla del puente: EMG J Single Coil, preamp Spector TonePump Jr. Active, hardware negro, puente Hi-Mass Locking, maquinaria Sealed Die-Cast.\" \/>\n<meta name=\"robots\" content=\"index, follow, max-snippet:-1, max-image-preview:large, max-video-preview:-1\" \/>\n<link rel=\"canonical\" href=\"https:\/\/www.mexicanguitarplayers.com\/en\/tienda\/sin%20categor\u00eda\/bajo-spector-electrico-mod-ns-pulse-4\/\" \/>\n<meta property=\"og:locale\" content=\"en_US\" \/>\n<meta property=\"og:type\" content=\"article\" \/>\n<meta property=\"og:title\" content=\"BAJO SPECTOR ELECTRICO MOD. NS PULSE 4 - Mexican Guitar Players\" \/>\n<meta property=\"og:description\" content=\"Bajo el\u00e9ctrico activo de 4 cuerdas, serie NS Pulse, cuerpo de fresno de pantano s\u00f3lido, brazo bolt-on de 3 piezas de maple tostado, diapas\u00f3n de \u00e9bano de Macassar, 24 trastes, incrustaciones de puntos, cejuela de grafito de 1.57\u201d de ancho, escala: 34\u201d, controles: volumen del puente, volumen del brazo, Bass Boost y Treble Boost, pastilla del brazo: EMG P Split Style, pastilla del puente: EMG J Single Coil, preamp Spector TonePump Jr. Active, hardware negro, puente Hi-Mass Locking, maquinaria Sealed Die-Cast.\" \/>\n<meta property=\"og:url\" content=\"https:\/\/www.mexicanguitarplayers.com\/en\/tienda\/sin categor\u00eda\/bajo-spector-electrico-mod-ns-pulse-4\/\" \/>\n<meta property=\"og:site_name\" content=\"Mexican Guitar Players\" \/>\n<meta property=\"article:modified_time\" content=\"2025-11-12T16:21:36+00:00\" \/>\n<meta name=\"twitter:card\" content=\"summary_large_image\" \/>\n<meta name=\"twitter:label1\" content=\"Est. reading time\" \/>\n\t<meta name=\"twitter:data1\" content=\"2 minutes\" \/>\n<script type=\"application\/ld+json\" class=\"yoast-schema-graph\">{\"@context\":\"https:\\\/\\\/schema.org\",\"@graph\":[{\"@type\":[\"WebPage\",\"ItemPage\"],\"@id\":\"https:\\\/\\\/www.mexicanguitarplayers.com\\\/tienda\\\/sin categor\u00eda\\\/bajo-spector-electrico-mod-ns-pulse-4\\\/\",\"url\":\"https:\\\/\\\/www.mexicanguitarplayers.com\\\/tienda\\\/sin categor\u00eda\\\/bajo-spector-electrico-mod-ns-pulse-4\\\/\",\"name\":\"BAJO SPECTOR ELECTRICO MOD. NS PULSE 4 - Mexican Guitar Players\",\"isPartOf\":{\"@id\":\"https:\\\/\\\/www.mexicanguitarplayers.com\\\/#website\"},\"primaryImageOfPage\":{\"@id\":\"https:\\\/\\\/www.mexicanguitarplayers.com\\\/tienda\\\/sin categor\u00eda\\\/bajo-spector-electrico-mod-ns-pulse-4\\\/#primaryimage\"},\"image\":{\"@id\":\"https:\\\/\\\/www.mexicanguitarplayers.com\\\/tienda\\\/sin categor\u00eda\\\/bajo-spector-electrico-mod-ns-pulse-4\\\/#primaryimage\"},\"thumbnailUrl\":\"https:\\\/\\\/www.mexicanguitarplayers.com\\\/wp-content\\\/uploads\\\/2025\\\/04\\\/ISSPTNSPULS4.jpg\",\"datePublished\":\"2025-04-08T17:10:05+00:00\",\"dateModified\":\"2025-11-12T16:21:36+00:00\",\"description\":\"Bajo el\u00e9ctrico activo de 4 cuerdas, serie NS Pulse, cuerpo de fresno de pantano s\u00f3lido, brazo bolt-on de 3 piezas de maple tostado, diapas\u00f3n de \u00e9bano de Macassar, 24 trastes, incrustaciones de puntos, cejuela de grafito de 1.57\u201d de ancho, escala: 34\u201d, controles: volumen del puente, volumen del brazo, Bass Boost y Treble Boost, pastilla del brazo: EMG P Split Style, pastilla del puente: EMG J Single Coil, preamp Spector TonePump Jr. Active, hardware negro, puente Hi-Mass Locking, maquinaria Sealed Die-Cast.\",\"breadcrumb\":{\"@id\":\"https:\\\/\\\/www.mexicanguitarplayers.com\\\/tienda\\\/sin categor\u00eda\\\/bajo-spector-electrico-mod-ns-pulse-4\\\/#breadcrumb\"},\"inLanguage\":\"en-US\",\"potentialAction\":[{\"@type\":\"ReadAction\",\"target\":[\"https:\\\/\\\/www.mexicanguitarplayers.com\\\/tienda\\\/sin categor\u00eda\\\/bajo-spector-electrico-mod-ns-pulse-4\\\/\"]}]},{\"@type\":\"ImageObject\",\"inLanguage\":\"en-US\",\"@id\":\"https:\\\/\\\/www.mexicanguitarplayers.com\\\/tienda\\\/sin categor\u00eda\\\/bajo-spector-electrico-mod-ns-pulse-4\\\/#primaryimage\",\"url\":\"https:\\\/\\\/www.mexicanguitarplayers.com\\\/wp-content\\\/uploads\\\/2025\\\/04\\\/ISSPTNSPULS4.jpg\",\"contentUrl\":\"https:\\\/\\\/www.mexicanguitarplayers.com\\\/wp-content\\\/uploads\\\/2025\\\/04\\\/ISSPTNSPULS4.jpg\",\"width\":800,\"height\":1600},{\"@type\":\"BreadcrumbList\",\"@id\":\"https:\\\/\\\/www.mexicanguitarplayers.com\\\/tienda\\\/sin categor\u00eda\\\/bajo-spector-electrico-mod-ns-pulse-4\\\/#breadcrumb\",\"itemListElement\":[{\"@type\":\"ListItem\",\"position\":1,\"name\":\"Portada\",\"item\":\"https:\\\/\\\/www.mexicanguitarplayers.com\\\/\"},{\"@type\":\"ListItem\",\"position\":2,\"name\":\"Tienda\",\"item\":\"https:\\\/\\\/www.mexicanguitarplayers.com\\\/tienda\\\/\"},{\"@type\":\"ListItem\",\"position\":3,\"name\":\"BAJO SPECTOR ELECTRICO MOD. NS PULSE 4\"}]},{\"@type\":\"WebSite\",\"@id\":\"https:\\\/\\\/www.mexicanguitarplayers.com\\\/#website\",\"url\":\"https:\\\/\\\/www.mexicanguitarplayers.com\\\/\",\"name\":\"Mexican Guitar Players\",\"description\":\"Website\",\"publisher\":{\"@id\":\"https:\\\/\\\/www.mexicanguitarplayers.com\\\/#organization\"},\"potentialAction\":[{\"@type\":\"SearchAction\",\"target\":{\"@type\":\"EntryPoint\",\"urlTemplate\":\"https:\\\/\\\/www.mexicanguitarplayers.com\\\/?s={search_term_string}\"},\"query-input\":{\"@type\":\"PropertyValueSpecification\",\"valueRequired\":true,\"valueName\":\"search_term_string\"}}],\"inLanguage\":\"en-US\"},{\"@type\":\"Organization\",\"@id\":\"https:\\\/\\\/www.mexicanguitarplayers.com\\\/#organization\",\"name\":\"Mexican Guitar Players\",\"url\":\"https:\\\/\\\/www.mexicanguitarplayers.com\\\/\",\"logo\":{\"@type\":\"ImageObject\",\"inLanguage\":\"en-US\",\"@id\":\"https:\\\/\\\/www.mexicanguitarplayers.com\\\/#\\\/schema\\\/logo\\\/image\\\/\",\"url\":\"\",\"contentUrl\":\"\",\"caption\":\"Mexican Guitar Players\"},\"image\":{\"@id\":\"https:\\\/\\\/www.mexicanguitarplayers.com\\\/#\\\/schema\\\/logo\\\/image\\\/\"}}]}<\/script>\n<!-- \/ Yoast SEO plugin. -->","yoast_head_json":{"title":"BAJO SPECTOR ELECTRICO MOD. NS PULSE 4 - Mexican Guitar Players","description":"Bajo el\u00e9ctrico activo de 4 cuerdas, serie NS Pulse, cuerpo de fresno de pantano s\u00f3lido, brazo bolt-on de 3 piezas de maple tostado, diapas\u00f3n de \u00e9bano de Macassar, 24 trastes, incrustaciones de puntos, cejuela de grafito de 1.57\u201d de ancho, escala: 34\u201d, controles: volumen del puente, volumen del brazo, Bass Boost y Treble Boost, pastilla del brazo: EMG P Split Style, pastilla del puente: EMG J Single Coil, preamp Spector TonePump Jr. Active, hardware negro, puente Hi-Mass Locking, maquinaria Sealed Die-Cast.","robots":{"index":"index","follow":"follow","max-snippet":"max-snippet:-1","max-image-preview":"max-image-preview:large","max-video-preview":"max-video-preview:-1"},"canonical":"https:\/\/www.mexicanguitarplayers.com\/en\/tienda\/sin categor\u00eda\/bajo-spector-electrico-mod-ns-pulse-4\/","og_locale":"en_US","og_type":"article","og_title":"BAJO SPECTOR ELECTRICO MOD. NS PULSE 4 - Mexican Guitar Players","og_description":"Bajo el\u00e9ctrico activo de 4 cuerdas, serie NS Pulse, cuerpo de fresno de pantano s\u00f3lido, brazo bolt-on de 3 piezas de maple tostado, diapas\u00f3n de \u00e9bano de Macassar, 24 trastes, incrustaciones de puntos, cejuela de grafito de 1.57\u201d de ancho, escala: 34\u201d, controles: volumen del puente, volumen del brazo, Bass Boost y Treble Boost, pastilla del brazo: EMG P Split Style, pastilla del puente: EMG J Single Coil, preamp Spector TonePump Jr. Active, hardware negro, puente Hi-Mass Locking, maquinaria Sealed Die-Cast.","og_url":"https:\/\/www.mexicanguitarplayers.com\/en\/tienda\/sin categor\u00eda\/bajo-spector-electrico-mod-ns-pulse-4\/","og_site_name":"Mexican Guitar Players","article_modified_time":"2025-11-12T16:21:36+00:00","twitter_card":"summary_large_image","twitter_misc":{"Est. reading time":"2 minutes"},"schema":{"@context":"https:\/\/schema.org","@graph":[{"@type":["WebPage","ItemPage"],"@id":"https:\/\/www.mexicanguitarplayers.com\/tienda\/sin categor\u00eda\/bajo-spector-electrico-mod-ns-pulse-4\/","url":"https:\/\/www.mexicanguitarplayers.com\/tienda\/sin categor\u00eda\/bajo-spector-electrico-mod-ns-pulse-4\/","name":"BAJO SPECTOR ELECTRICO MOD. NS PULSE 4 - Mexican Guitar Players","isPartOf":{"@id":"https:\/\/www.mexicanguitarplayers.com\/#website"},"primaryImageOfPage":{"@id":"https:\/\/www.mexicanguitarplayers.com\/tienda\/sin categor\u00eda\/bajo-spector-electrico-mod-ns-pulse-4\/#primaryimage"},"image":{"@id":"https:\/\/www.mexicanguitarplayers.com\/tienda\/sin categor\u00eda\/bajo-spector-electrico-mod-ns-pulse-4\/#primaryimage"},"thumbnailUrl":"https:\/\/www.mexicanguitarplayers.com\/wp-content\/uploads\/2025\/04\/ISSPTNSPULS4.jpg","datePublished":"2025-04-08T17:10:05+00:00","dateModified":"2025-11-12T16:21:36+00:00","description":"Bajo el\u00e9ctrico activo de 4 cuerdas, serie NS Pulse, cuerpo de fresno de pantano s\u00f3lido, brazo bolt-on de 3 piezas de maple tostado, diapas\u00f3n de \u00e9bano de Macassar, 24 trastes, incrustaciones de puntos, cejuela de grafito de 1.57\u201d de ancho, escala: 34\u201d, controles: volumen del puente, volumen del brazo, Bass Boost y Treble Boost, pastilla del brazo: EMG P Split Style, pastilla del puente: EMG J Single Coil, preamp Spector TonePump Jr. Active, hardware negro, puente Hi-Mass Locking, maquinaria Sealed Die-Cast.","breadcrumb":{"@id":"https:\/\/www.mexicanguitarplayers.com\/tienda\/sin categor\u00eda\/bajo-spector-electrico-mod-ns-pulse-4\/#breadcrumb"},"inLanguage":"en-US","potentialAction":[{"@type":"ReadAction","target":["https:\/\/www.mexicanguitarplayers.com\/tienda\/sin categor\u00eda\/bajo-spector-electrico-mod-ns-pulse-4\/"]}]},{"@type":"ImageObject","inLanguage":"en-US","@id":"https:\/\/www.mexicanguitarplayers.com\/tienda\/sin categor\u00eda\/bajo-spector-electrico-mod-ns-pulse-4\/#primaryimage","url":"https:\/\/www.mexicanguitarplayers.com\/wp-content\/uploads\/2025\/04\/ISSPTNSPULS4.jpg","contentUrl":"https:\/\/www.mexicanguitarplayers.com\/wp-content\/uploads\/2025\/04\/ISSPTNSPULS4.jpg","width":800,"height":1600},{"@type":"BreadcrumbList","@id":"https:\/\/www.mexicanguitarplayers.com\/tienda\/sin categor\u00eda\/bajo-spector-electrico-mod-ns-pulse-4\/#breadcrumb","itemListElement":[{"@type":"ListItem","position":1,"name":"Portada","item":"https:\/\/www.mexicanguitarplayers.com\/"},{"@type":"ListItem","position":2,"name":"Tienda","item":"https:\/\/www.mexicanguitarplayers.com\/tienda\/"},{"@type":"ListItem","position":3,"name":"BAJO SPECTOR ELECTRICO MOD. NS PULSE 4"}]},{"@type":"WebSite","@id":"https:\/\/www.mexicanguitarplayers.com\/#website","url":"https:\/\/www.mexicanguitarplayers.com\/","name":"Mexican Guitar Players","description":"Website","publisher":{"@id":"https:\/\/www.mexicanguitarplayers.com\/#organization"},"potentialAction":[{"@type":"SearchAction","target":{"@type":"EntryPoint","urlTemplate":"https:\/\/www.mexicanguitarplayers.com\/?s={search_term_string}"},"query-input":{"@type":"PropertyValueSpecification","valueRequired":true,"valueName":"search_term_string"}}],"inLanguage":"en-US"},{"@type":"Organization","@id":"https:\/\/www.mexicanguitarplayers.com\/#organization","name":"Mexican Guitar Players","url":"https:\/\/www.mexicanguitarplayers.com\/","logo":{"@type":"ImageObject","inLanguage":"en-US","@id":"https:\/\/www.mexicanguitarplayers.com\/#\/schema\/logo\/image\/","url":"","contentUrl":"","caption":"Mexican Guitar Players"},"image":{"@id":"https:\/\/www.mexicanguitarplayers.com\/#\/schema\/logo\/image\/"}}]}},"brands":[{"id":374,"name":"SPECTOR","slug":"spector"}],"_links":{"self":[{"href":"https:\/\/www.mexicanguitarplayers.com\/en\/wp-json\/wp\/v2\/product\/30232","targetHints":{"allow":["GET"]}}],"collection":[{"href":"https:\/\/www.mexicanguitarplayers.com\/en\/wp-json\/wp\/v2\/product"}],"about":[{"href":"https:\/\/www.mexicanguitarplayers.com\/en\/wp-json\/wp\/v2\/types\/product"}],"replies":[{"embeddable":true,"href":"https:\/\/www.mexicanguitarplayers.com\/en\/wp-json\/wp\/v2\/comments?post=30232"}],"wp:featuredmedia":[{"embeddable":true,"href":"https:\/\/www.mexicanguitarplayers.com\/en\/wp-json\/wp\/v2\/media\/30221"}],"wp:attachment":[{"href":"https:\/\/www.mexicanguitarplayers.com\/en\/wp-json\/wp\/v2\/media?parent=30232"}],"wp:term":[{"taxonomy":"pwb-brand","embeddable":true,"href":"https:\/\/www.mexicanguitarplayers.com\/en\/wp-json\/wp\/v2\/pwb-brand?post=30232"},{"taxonomy":"product_brand","embeddable":true,"href":"https:\/\/www.mexicanguitarplayers.com\/en\/wp-json\/wp\/v2\/product_brand?post=30232"},{"taxonomy":"product_cat","embeddable":true,"href":"https:\/\/www.mexicanguitarplayers.com\/en\/wp-json\/wp\/v2\/product_cat?post=30232"},{"taxonomy":"product_tag","embeddable":true,"href":"https:\/\/www.mexicanguitarplayers.com\/en\/wp-json\/wp\/v2\/product_tag?post=30232"}],"curies":[{"name":"wp","href":"https:\/\/api.w.org\/{rel}","templated":true}]}}