{"id":30236,"date":"2025-04-08T11:10:10","date_gmt":"2025-04-08T17:10:10","guid":{"rendered":"https:\/\/www.mexicanguitarplayers.com\/tienda\/sin categor\u00eda\/pedal-hotone-mod-bdl-1-binary-eko\/"},"modified":"2026-04-10T04:37:27","modified_gmt":"2026-04-10T10:37:27","slug":"pedal-hotone-mod-bdl-1-binary-eko","status":"publish","type":"product","link":"https:\/\/www.mexicanguitarplayers.com\/en\/tienda\/cuerdas\/efectos\/efectos-individuales\/pedal-hotone-mod-bdl-1-binary-eko\/","title":{"rendered":"PEDAL HOTONE   MOD. BDL-1 BINARY EKO"},"content":{"rendered":"<div style=\"text-align: justify\">\n<div>\n<h3>El mejor pedal Delay de la historia.<\/h3>\n<\/div>\n<div>Producido a partir de la tecnolog\u00eda del XTOMP, la serie Binary de Hotone te ofrece vers\u00e1tiles efectos de nivel profesional en carcasas compactas. Basadas en las mismas bibliotecas de efectos modelados y originales que sorprendi\u00f3 a los usuarios de XTOMP en todo el mundo, la serie Binary est\u00e1 dedicada a reunir una gran cantidad de efectos de alta calidad en una peque\u00f1a caja con precios m\u00e1s competitivos y asequibles. Una carcasa compacta y un dise\u00f1o  de doble footswitch, vers\u00e1tiles entradas y salidas y una pantalla OLED clara que desdibuja la l\u00ednea entre pedales cl\u00e1sicos y multi-efectos. En el n\u00facleo de la serie de pedales Binary, una poderosa plataforma DSP dual y un sistema de modelado CDCM (Modelado Completo de Circuitos Din\u00e1micos) que asegura una experiencia m\u00e1s realista al tocar. El sistema CDCM est\u00e1 construido sobre una matriz de variaci\u00f3n din\u00e1mica extremadamente compleja, capaz de expresar de manera realista cada cambio detallado que ocurre durante el proceso operacional de los circuitos reales: Todo est\u00e1 en VIVO y funciona como su original. El Binary Eko es un pedal de efectos de Delay con E\/S est\u00e9reo y soporte de pedal de expresi\u00f3n para ofrecer aut\u00e9nticos sonidos de delay originales, as\u00ed como tambi\u00e9n 17 nuevos e inspiradores tipos de efectos de Delay de alta calidad que incluyen analog, digital, tape, dual, ping pong, filtered, modulated, slap back y m\u00e1s. <\/div>\n<div>\n<h4>Quick look<\/h4>\n<\/div>\n<ul style=\"margin: 0px 0px 0px 25px\">\n<li style=\"list-style-type: circle;margin: 5px\">Number of effects.<\/li>\n<li style=\"list-style-type: circle;margin: 5px\">Number of patches.<\/li>\n<li style=\"list-style-type: circle;margin: 5px\">Tiempo m\u00e1ximo de Delay.<\/li>\n<li style=\"list-style-type: circle;margin: 5px\">Digital processing.<\/li>\n<li style=\"list-style-type: circle;margin: 5px\">Respuesta de frecuencia,<\/li>\n<li style=\"list-style-type: circle;margin: 5px\">Signal to noise ratio.<\/li>\n<li style=\"list-style-type: circle;margin: 5px\">Input impedance.<\/li>\n<li style=\"list-style-type: circle;margin: 5px\">Output impedance.<\/li>\n<li style=\"list-style-type: circle;margin: 5px\">Requerimientos de energ\u00eda.<\/li>\n<li style=\"list-style-type: circle;margin: 5px\">Energy consumption.<\/li>\n<li style=\"list-style-type: circle;margin: 5px\">Dimensions.<\/li>\n<li style=\"list-style-type: circle;margin: 5px\">Weight.<\/li>\n<\/ul>\n<div>\n<div style=\"font-weight: bold\">Number of effects.<\/div>\n<div>\n<p>17.<\/p>\n<\/div>\n<div style=\"font-weight: bold\">Number of patches.<\/div>\n<div>\n<p>10 (2 bancos x 5 patches).<\/p>\n<\/div>\n<div style=\"font-weight: bold\">Tiempo m\u00e1ximo de Delay.<\/div>\n<div>\n<p>4000 ms.<\/p>\n<\/div>\n<div style=\"font-weight: bold\">Digital processing.<\/div>\n<div>\n<p>24-bit A \/ D \/ A conversion, 44.1 kHz sampling rate.<\/p>\n<\/div>\n<div style=\"font-weight: bold\">Respuesta de frecuencia,<\/div>\n<div>\n<p>20 Hz - 20 kHz.<\/p>\n<\/div>\n<div style=\"font-weight: bold\">Signal to noise ratio.<\/div>\n<div>\n<p>Up to 110 dB.<\/p>\n<\/div>\n<div style=\"font-weight: bold\">Input impedance.<\/div>\n<div>\n<p>1 milli-ohm.<\/p>\n<\/div>\n<div style=\"font-weight: bold\">Output impedance.<\/div>\n<div>\n<p>100 ohms.<\/p>\n<\/div>\n<div style=\"font-weight: bold\">Requerimientos de energ\u00eda.<\/div>\n<div>\n<p>DC 9V, center negative.<\/p>\n<\/div>\n<div style=\"font-weight: bold\">Energy consumption.<\/div>\n<div>\n<p>M\u00ednimo 200 mA.<\/p>\n<\/div>\n<div style=\"font-weight: bold\">Dimensions.<\/div>\n<div>\n<p>121 x  72 x 47 mm.<\/p>\n<\/div>\n<div style=\"font-weight: bold\">Weight.<\/div>\n<div>\n<p>340 g.<\/p>\n<\/div>\n<\/div>\n<\/div>","protected":false},"excerpt":{"rendered":"<p>Pedal de efecto Delay para guitarra, compacto y sencillo de usar, doble footswitch, avanzado sistema de modelado CDCM (Modelado Completo de Circuitos Din\u00e1micos) que asegura una experiencia realista, plataforma con alimentaci\u00f3n DSP dual que garantiza una alta calidad de sonido, conversi\u00f3n A\/D\/A de 24 bits, relaci\u00f3n se\u00f1al a ruido de hasta 110 dB, 17 efectos Delay de alta calidad que incluyen efectos basados en CDCM y originales de Hotone, tiempo de Delay m\u00e1ximo variable que oscila entre 1000 y 4000 ms, funci\u00f3n Tap-Tempo, E\/S est\u00e9reo, jack EXP para controlar pedal de expresi\u00f3n, entrada USB para actualizaci\u00f3n de firmware y cargar o administrar efectos por medio de software para MAC o PC, 10 pre-ajustes (5 pre-ajustes x 2 bancos), pantalla OLED con display claro, Switching Pure Analog Buffered Bypass con respuesta de frecuencia plana, 5 perillas transl\u00facidas con LED, dimensiones: 121 x 72 x 47 mm, peso: 340 g.&hellip; <a class=\"kt-excerpt-readmore more-link\" href=\"https:\/\/www.mexicanguitarplayers.com\/en\/tienda\/cuerdas\/efectos\/efectos-individuales\/pedal-hotone-mod-bdl-1-binary-eko\/\">Read more<\/a><\/p>","protected":false},"featured_media":30233,"comment_status":"open","ping_status":"closed","template":"","meta":{"kt_blocks_editor_width":""},"pwb-brand":[183],"product_brand":[],"product_cat":[224,241,504],"product_tag":[],"class_list":{"0":"post-30236","1":"product","2":"type-product","3":"status-publish","4":"has-post-thumbnail","6":"pwb-brand-hotone","7":"product_cat-cuerdas","8":"product_cat-efectos","9":"product_cat-efectos-individuales","10":"product_shipping_class-0-5-kg","12":"first","13":"outofstock","14":"taxable","15":"shipping-taxable","16":"purchasable","17":"product-type-simple"},"yoast_head":"<!-- This site is optimized with the Yoast SEO plugin v27.5 - https:\/\/yoast.com\/product\/yoast-seo-wordpress\/ -->\n<title>PEDAL HOTONE  MOD. BDL-1 BINARY EKO - Mexican Guitar Players<\/title>\n<meta name=\"description\" content=\"Pedal de efecto Delay para guitarra, compacto y sencillo de usar, doble footswitch, avanzado sistema de modelado CDCM (Modelado Completo de Circuitos Din\u00e1micos) que asegura una experiencia realista, plataforma con alimentaci\u00f3n DSP dual que garantiza una alta calidad de sonido, conversi\u00f3n A\/D\/A de 24 bits, relaci\u00f3n se\u00f1al a ruido de hasta 110 dB, 17 efectos Delay de alta calidad que incluyen efectos basados en CDCM y originales de Hotone, tiempo de Delay m\u00e1ximo variable que oscila entre 1000 y 4000 ms, funci\u00f3n Tap-Tempo, E\/S est\u00e9reo, jack EXP para controlar pedal de expresi\u00f3n, entrada USB para actualizaci\u00f3n de firmware y cargar o administrar efectos por medio de software para MAC o PC, 10 pre-ajustes (5 pre-ajustes x 2 bancos), pantalla OLED con display claro, Switching Pure Analog Buffered Bypass con respuesta de frecuencia plana, 5 perillas transl\u00facidas con LED, dimensiones: 121 x 72 x 47 mm, peso: 340 g.\" \/>\n<meta name=\"robots\" content=\"index, follow, max-snippet:-1, max-image-preview:large, max-video-preview:-1\" \/>\n<link rel=\"canonical\" href=\"https:\/\/www.mexicanguitarplayers.com\/en\/tienda\/sin%20categor\u00eda\/pedal-hotone-mod-bdl-1-binary-eko\/\" \/>\n<meta property=\"og:locale\" content=\"en_US\" \/>\n<meta property=\"og:type\" content=\"article\" \/>\n<meta property=\"og:title\" content=\"PEDAL HOTONE  MOD. BDL-1 BINARY EKO - Mexican Guitar Players\" \/>\n<meta property=\"og:description\" content=\"Pedal de efecto Delay para guitarra, compacto y sencillo de usar, doble footswitch, avanzado sistema de modelado CDCM (Modelado Completo de Circuitos Din\u00e1micos) que asegura una experiencia realista, plataforma con alimentaci\u00f3n DSP dual que garantiza una alta calidad de sonido, conversi\u00f3n A\/D\/A de 24 bits, relaci\u00f3n se\u00f1al a ruido de hasta 110 dB, 17 efectos Delay de alta calidad que incluyen efectos basados en CDCM y originales de Hotone, tiempo de Delay m\u00e1ximo variable que oscila entre 1000 y 4000 ms, funci\u00f3n Tap-Tempo, E\/S est\u00e9reo, jack EXP para controlar pedal de expresi\u00f3n, entrada USB para actualizaci\u00f3n de firmware y cargar o administrar efectos por medio de software para MAC o PC, 10 pre-ajustes (5 pre-ajustes x 2 bancos), pantalla OLED con display claro, Switching Pure Analog Buffered Bypass con respuesta de frecuencia plana, 5 perillas transl\u00facidas con LED, dimensiones: 121 x 72 x 47 mm, peso: 340 g.\" \/>\n<meta property=\"og:url\" content=\"https:\/\/www.mexicanguitarplayers.com\/en\/tienda\/sin categor\u00eda\/pedal-hotone-mod-bdl-1-binary-eko\/\" \/>\n<meta property=\"og:site_name\" content=\"Mexican Guitar Players\" \/>\n<meta property=\"article:modified_time\" content=\"2026-04-10T10:37:27+00:00\" \/>\n<meta name=\"twitter:card\" content=\"summary_large_image\" \/>\n<meta name=\"twitter:label1\" content=\"Est. reading time\" \/>\n\t<meta name=\"twitter:data1\" content=\"2 minutes\" \/>\n<script type=\"application\/ld+json\" class=\"yoast-schema-graph\">{\"@context\":\"https:\\\/\\\/schema.org\",\"@graph\":[{\"@type\":[\"WebPage\",\"ItemPage\"],\"@id\":\"https:\\\/\\\/www.mexicanguitarplayers.com\\\/tienda\\\/sin categor\u00eda\\\/pedal-hotone-mod-bdl-1-binary-eko\\\/\",\"url\":\"https:\\\/\\\/www.mexicanguitarplayers.com\\\/tienda\\\/sin categor\u00eda\\\/pedal-hotone-mod-bdl-1-binary-eko\\\/\",\"name\":\"PEDAL HOTONE MOD. BDL-1 BINARY EKO - Mexican Guitar Players\",\"isPartOf\":{\"@id\":\"https:\\\/\\\/www.mexicanguitarplayers.com\\\/#website\"},\"primaryImageOfPage\":{\"@id\":\"https:\\\/\\\/www.mexicanguitarplayers.com\\\/tienda\\\/sin categor\u00eda\\\/pedal-hotone-mod-bdl-1-binary-eko\\\/#primaryimage\"},\"image\":{\"@id\":\"https:\\\/\\\/www.mexicanguitarplayers.com\\\/tienda\\\/sin categor\u00eda\\\/pedal-hotone-mod-bdl-1-binary-eko\\\/#primaryimage\"},\"thumbnailUrl\":\"https:\\\/\\\/www.mexicanguitarplayers.com\\\/wp-content\\\/uploads\\\/2025\\\/04\\\/VAHOTBDL1.jpg\",\"datePublished\":\"2025-04-08T17:10:10+00:00\",\"dateModified\":\"2026-04-10T10:37:27+00:00\",\"description\":\"Pedal de efecto Delay para guitarra, compacto y sencillo de usar, doble footswitch, avanzado sistema de modelado CDCM (Modelado Completo de Circuitos Din\u00e1micos) que asegura una experiencia realista, plataforma con alimentaci\u00f3n DSP dual que garantiza una alta calidad de sonido, conversi\u00f3n A\\\/D\\\/A de 24 bits, relaci\u00f3n se\u00f1al a ruido de hasta 110 dB, 17 efectos Delay de alta calidad que incluyen efectos basados en CDCM y originales de Hotone, tiempo de Delay m\u00e1ximo variable que oscila entre 1000 y 4000 ms, funci\u00f3n Tap-Tempo, E\\\/S est\u00e9reo, jack EXP para controlar pedal de expresi\u00f3n, entrada USB para actualizaci\u00f3n de firmware y cargar o administrar efectos por medio de software para MAC o PC, 10 pre-ajustes (5 pre-ajustes x 2 bancos), pantalla OLED con display claro, Switching Pure Analog Buffered Bypass con respuesta de frecuencia plana, 5 perillas transl\u00facidas con LED, dimensiones: 121 x 72 x 47 mm, peso: 340 g.\",\"breadcrumb\":{\"@id\":\"https:\\\/\\\/www.mexicanguitarplayers.com\\\/tienda\\\/sin categor\u00eda\\\/pedal-hotone-mod-bdl-1-binary-eko\\\/#breadcrumb\"},\"inLanguage\":\"en-US\",\"potentialAction\":[{\"@type\":\"ReadAction\",\"target\":[\"https:\\\/\\\/www.mexicanguitarplayers.com\\\/tienda\\\/sin categor\u00eda\\\/pedal-hotone-mod-bdl-1-binary-eko\\\/\"]}]},{\"@type\":\"ImageObject\",\"inLanguage\":\"en-US\",\"@id\":\"https:\\\/\\\/www.mexicanguitarplayers.com\\\/tienda\\\/sin categor\u00eda\\\/pedal-hotone-mod-bdl-1-binary-eko\\\/#primaryimage\",\"url\":\"https:\\\/\\\/www.mexicanguitarplayers.com\\\/wp-content\\\/uploads\\\/2025\\\/04\\\/VAHOTBDL1.jpg\",\"contentUrl\":\"https:\\\/\\\/www.mexicanguitarplayers.com\\\/wp-content\\\/uploads\\\/2025\\\/04\\\/VAHOTBDL1.jpg\",\"width\":1200,\"height\":1200},{\"@type\":\"BreadcrumbList\",\"@id\":\"https:\\\/\\\/www.mexicanguitarplayers.com\\\/tienda\\\/sin categor\u00eda\\\/pedal-hotone-mod-bdl-1-binary-eko\\\/#breadcrumb\",\"itemListElement\":[{\"@type\":\"ListItem\",\"position\":1,\"name\":\"Portada\",\"item\":\"https:\\\/\\\/www.mexicanguitarplayers.com\\\/\"},{\"@type\":\"ListItem\",\"position\":2,\"name\":\"Tienda\",\"item\":\"https:\\\/\\\/www.mexicanguitarplayers.com\\\/tienda\\\/\"},{\"@type\":\"ListItem\",\"position\":3,\"name\":\"PEDAL HOTONE MOD. BDL-1 BINARY EKO\"}]},{\"@type\":\"WebSite\",\"@id\":\"https:\\\/\\\/www.mexicanguitarplayers.com\\\/#website\",\"url\":\"https:\\\/\\\/www.mexicanguitarplayers.com\\\/\",\"name\":\"Mexican Guitar Players\",\"description\":\"Website\",\"publisher\":{\"@id\":\"https:\\\/\\\/www.mexicanguitarplayers.com\\\/#organization\"},\"potentialAction\":[{\"@type\":\"SearchAction\",\"target\":{\"@type\":\"EntryPoint\",\"urlTemplate\":\"https:\\\/\\\/www.mexicanguitarplayers.com\\\/?s={search_term_string}\"},\"query-input\":{\"@type\":\"PropertyValueSpecification\",\"valueRequired\":true,\"valueName\":\"search_term_string\"}}],\"inLanguage\":\"en-US\"},{\"@type\":\"Organization\",\"@id\":\"https:\\\/\\\/www.mexicanguitarplayers.com\\\/#organization\",\"name\":\"Mexican Guitar Players\",\"url\":\"https:\\\/\\\/www.mexicanguitarplayers.com\\\/\",\"logo\":{\"@type\":\"ImageObject\",\"inLanguage\":\"en-US\",\"@id\":\"https:\\\/\\\/www.mexicanguitarplayers.com\\\/#\\\/schema\\\/logo\\\/image\\\/\",\"url\":\"\",\"contentUrl\":\"\",\"caption\":\"Mexican Guitar Players\"},\"image\":{\"@id\":\"https:\\\/\\\/www.mexicanguitarplayers.com\\\/#\\\/schema\\\/logo\\\/image\\\/\"}}]}<\/script>\n<!-- \/ Yoast SEO plugin. -->","yoast_head_json":{"title":"PEDAL HOTONE  MOD. BDL-1 BINARY EKO - Mexican Guitar Players","description":"Pedal de efecto Delay para guitarra, compacto y sencillo de usar, doble footswitch, avanzado sistema de modelado CDCM (Modelado Completo de Circuitos Din\u00e1micos) que asegura una experiencia realista, plataforma con alimentaci\u00f3n DSP dual que garantiza una alta calidad de sonido, conversi\u00f3n A\/D\/A de 24 bits, relaci\u00f3n se\u00f1al a ruido de hasta 110 dB, 17 efectos Delay de alta calidad que incluyen efectos basados en CDCM y originales de Hotone, tiempo de Delay m\u00e1ximo variable que oscila entre 1000 y 4000 ms, funci\u00f3n Tap-Tempo, E\/S est\u00e9reo, jack EXP para controlar pedal de expresi\u00f3n, entrada USB para actualizaci\u00f3n de firmware y cargar o administrar efectos por medio de software para MAC o PC, 10 pre-ajustes (5 pre-ajustes x 2 bancos), pantalla OLED con display claro, Switching Pure Analog Buffered Bypass con respuesta de frecuencia plana, 5 perillas transl\u00facidas con LED, dimensiones: 121 x 72 x 47 mm, peso: 340 g.","robots":{"index":"index","follow":"follow","max-snippet":"max-snippet:-1","max-image-preview":"max-image-preview:large","max-video-preview":"max-video-preview:-1"},"canonical":"https:\/\/www.mexicanguitarplayers.com\/en\/tienda\/sin categor\u00eda\/pedal-hotone-mod-bdl-1-binary-eko\/","og_locale":"en_US","og_type":"article","og_title":"PEDAL HOTONE  MOD. BDL-1 BINARY EKO - Mexican Guitar Players","og_description":"Pedal de efecto Delay para guitarra, compacto y sencillo de usar, doble footswitch, avanzado sistema de modelado CDCM (Modelado Completo de Circuitos Din\u00e1micos) que asegura una experiencia realista, plataforma con alimentaci\u00f3n DSP dual que garantiza una alta calidad de sonido, conversi\u00f3n A\/D\/A de 24 bits, relaci\u00f3n se\u00f1al a ruido de hasta 110 dB, 17 efectos Delay de alta calidad que incluyen efectos basados en CDCM y originales de Hotone, tiempo de Delay m\u00e1ximo variable que oscila entre 1000 y 4000 ms, funci\u00f3n Tap-Tempo, E\/S est\u00e9reo, jack EXP para controlar pedal de expresi\u00f3n, entrada USB para actualizaci\u00f3n de firmware y cargar o administrar efectos por medio de software para MAC o PC, 10 pre-ajustes (5 pre-ajustes x 2 bancos), pantalla OLED con display claro, Switching Pure Analog Buffered Bypass con respuesta de frecuencia plana, 5 perillas transl\u00facidas con LED, dimensiones: 121 x 72 x 47 mm, peso: 340 g.","og_url":"https:\/\/www.mexicanguitarplayers.com\/en\/tienda\/sin categor\u00eda\/pedal-hotone-mod-bdl-1-binary-eko\/","og_site_name":"Mexican Guitar Players","article_modified_time":"2026-04-10T10:37:27+00:00","twitter_card":"summary_large_image","twitter_misc":{"Est. reading time":"2 minutes"},"schema":{"@context":"https:\/\/schema.org","@graph":[{"@type":["WebPage","ItemPage"],"@id":"https:\/\/www.mexicanguitarplayers.com\/tienda\/sin categor\u00eda\/pedal-hotone-mod-bdl-1-binary-eko\/","url":"https:\/\/www.mexicanguitarplayers.com\/tienda\/sin categor\u00eda\/pedal-hotone-mod-bdl-1-binary-eko\/","name":"PEDAL HOTONE MOD. BDL-1 BINARY EKO - Mexican Guitar Players","isPartOf":{"@id":"https:\/\/www.mexicanguitarplayers.com\/#website"},"primaryImageOfPage":{"@id":"https:\/\/www.mexicanguitarplayers.com\/tienda\/sin categor\u00eda\/pedal-hotone-mod-bdl-1-binary-eko\/#primaryimage"},"image":{"@id":"https:\/\/www.mexicanguitarplayers.com\/tienda\/sin categor\u00eda\/pedal-hotone-mod-bdl-1-binary-eko\/#primaryimage"},"thumbnailUrl":"https:\/\/www.mexicanguitarplayers.com\/wp-content\/uploads\/2025\/04\/VAHOTBDL1.jpg","datePublished":"2025-04-08T17:10:10+00:00","dateModified":"2026-04-10T10:37:27+00:00","description":"Pedal de efecto Delay para guitarra, compacto y sencillo de usar, doble footswitch, avanzado sistema de modelado CDCM (Modelado Completo de Circuitos Din\u00e1micos) que asegura una experiencia realista, plataforma con alimentaci\u00f3n DSP dual que garantiza una alta calidad de sonido, conversi\u00f3n A\/D\/A de 24 bits, relaci\u00f3n se\u00f1al a ruido de hasta 110 dB, 17 efectos Delay de alta calidad que incluyen efectos basados en CDCM y originales de Hotone, tiempo de Delay m\u00e1ximo variable que oscila entre 1000 y 4000 ms, funci\u00f3n Tap-Tempo, E\/S est\u00e9reo, jack EXP para controlar pedal de expresi\u00f3n, entrada USB para actualizaci\u00f3n de firmware y cargar o administrar efectos por medio de software para MAC o PC, 10 pre-ajustes (5 pre-ajustes x 2 bancos), pantalla OLED con display claro, Switching Pure Analog Buffered Bypass con respuesta de frecuencia plana, 5 perillas transl\u00facidas con LED, dimensiones: 121 x 72 x 47 mm, peso: 340 g.","breadcrumb":{"@id":"https:\/\/www.mexicanguitarplayers.com\/tienda\/sin categor\u00eda\/pedal-hotone-mod-bdl-1-binary-eko\/#breadcrumb"},"inLanguage":"en-US","potentialAction":[{"@type":"ReadAction","target":["https:\/\/www.mexicanguitarplayers.com\/tienda\/sin categor\u00eda\/pedal-hotone-mod-bdl-1-binary-eko\/"]}]},{"@type":"ImageObject","inLanguage":"en-US","@id":"https:\/\/www.mexicanguitarplayers.com\/tienda\/sin categor\u00eda\/pedal-hotone-mod-bdl-1-binary-eko\/#primaryimage","url":"https:\/\/www.mexicanguitarplayers.com\/wp-content\/uploads\/2025\/04\/VAHOTBDL1.jpg","contentUrl":"https:\/\/www.mexicanguitarplayers.com\/wp-content\/uploads\/2025\/04\/VAHOTBDL1.jpg","width":1200,"height":1200},{"@type":"BreadcrumbList","@id":"https:\/\/www.mexicanguitarplayers.com\/tienda\/sin categor\u00eda\/pedal-hotone-mod-bdl-1-binary-eko\/#breadcrumb","itemListElement":[{"@type":"ListItem","position":1,"name":"Portada","item":"https:\/\/www.mexicanguitarplayers.com\/"},{"@type":"ListItem","position":2,"name":"Tienda","item":"https:\/\/www.mexicanguitarplayers.com\/tienda\/"},{"@type":"ListItem","position":3,"name":"PEDAL HOTONE MOD. BDL-1 BINARY EKO"}]},{"@type":"WebSite","@id":"https:\/\/www.mexicanguitarplayers.com\/#website","url":"https:\/\/www.mexicanguitarplayers.com\/","name":"Mexican Guitar Players","description":"Website","publisher":{"@id":"https:\/\/www.mexicanguitarplayers.com\/#organization"},"potentialAction":[{"@type":"SearchAction","target":{"@type":"EntryPoint","urlTemplate":"https:\/\/www.mexicanguitarplayers.com\/?s={search_term_string}"},"query-input":{"@type":"PropertyValueSpecification","valueRequired":true,"valueName":"search_term_string"}}],"inLanguage":"en-US"},{"@type":"Organization","@id":"https:\/\/www.mexicanguitarplayers.com\/#organization","name":"Mexican Guitar Players","url":"https:\/\/www.mexicanguitarplayers.com\/","logo":{"@type":"ImageObject","inLanguage":"en-US","@id":"https:\/\/www.mexicanguitarplayers.com\/#\/schema\/logo\/image\/","url":"","contentUrl":"","caption":"Mexican Guitar Players"},"image":{"@id":"https:\/\/www.mexicanguitarplayers.com\/#\/schema\/logo\/image\/"}}]}},"brands":[{"id":183,"name":"HOTONE","slug":"hotone"}],"_links":{"self":[{"href":"https:\/\/www.mexicanguitarplayers.com\/en\/wp-json\/wp\/v2\/product\/30236","targetHints":{"allow":["GET"]}}],"collection":[{"href":"https:\/\/www.mexicanguitarplayers.com\/en\/wp-json\/wp\/v2\/product"}],"about":[{"href":"https:\/\/www.mexicanguitarplayers.com\/en\/wp-json\/wp\/v2\/types\/product"}],"replies":[{"embeddable":true,"href":"https:\/\/www.mexicanguitarplayers.com\/en\/wp-json\/wp\/v2\/comments?post=30236"}],"wp:featuredmedia":[{"embeddable":true,"href":"https:\/\/www.mexicanguitarplayers.com\/en\/wp-json\/wp\/v2\/media\/30233"}],"wp:attachment":[{"href":"https:\/\/www.mexicanguitarplayers.com\/en\/wp-json\/wp\/v2\/media?parent=30236"}],"wp:term":[{"taxonomy":"pwb-brand","embeddable":true,"href":"https:\/\/www.mexicanguitarplayers.com\/en\/wp-json\/wp\/v2\/pwb-brand?post=30236"},{"taxonomy":"product_brand","embeddable":true,"href":"https:\/\/www.mexicanguitarplayers.com\/en\/wp-json\/wp\/v2\/product_brand?post=30236"},{"taxonomy":"product_cat","embeddable":true,"href":"https:\/\/www.mexicanguitarplayers.com\/en\/wp-json\/wp\/v2\/product_cat?post=30236"},{"taxonomy":"product_tag","embeddable":true,"href":"https:\/\/www.mexicanguitarplayers.com\/en\/wp-json\/wp\/v2\/product_tag?post=30236"}],"curies":[{"name":"wp","href":"https:\/\/api.w.org\/{rel}","templated":true}]}}