{"id":30240,"date":"2025-04-08T11:10:15","date_gmt":"2025-04-08T17:10:15","guid":{"rendered":"https:\/\/www.mexicanguitarplayers.com\/tienda\/sin categor\u00eda\/procesador-t-c-el-critical-mass\/"},"modified":"2026-05-01T07:25:25","modified_gmt":"2026-05-01T13:25:25","slug":"procesador-t-c-el-critical-mass","status":"publish","type":"product","link":"https:\/\/www.mexicanguitarplayers.com\/en\/tienda\/audio\/procesadores\/procesador-t-c-el-critical-mass\/","title":{"rendered":"PROCESADOR T.C. EL. CRITICAL MASS"},"content":{"rendered":"<div style=\"text-align: justify\">\n<div>\n<h3>Tu mejor show.<\/h3>\n<\/div>\n<div>La magia a tus pies. No hay nada como tener una audiencia grande y entusiasta cantando junto a ti. CRITICAL MASS pone esa magia a tus pies en un stompbox f\u00e1cil de usar. Estilo sing-along. Ya sea que est\u00e9s cantando un himno en un estadio o liderando los temas en tu iglesia, tener voces grupales te permite establecer el estado de \u00e1nimo y comprometer a toda tu audiencia. Escoge entre estilos vocales \u201cmelodic\u201d o \u201cgang\u201d que se adaptan a cualquier estilo musical sin necesidad de introducir la clave o la escala. Reverb con calidad de estudio. El reverb simula un espacio f\u00edsico, permitiendo que tu voz encaje perfectamente en la m\u00fasica. Ya sea que se trate del ambiente en una habitaci\u00f3n peque\u00f1a como de la reverberaci\u00f3n masiva de una sala de conciertos, CRITICAL MASS siempre saca lo mejor de tu voz. T\u00e9cnico personal de sonido. CRITICAL MASS tono adaptativo (ecualizaci\u00f3n) con compresi\u00f3n, de-esser y gate controlan autom\u00e1ticamente el timbre y la forma de tu sonido, asegurando que cada nota sea pr\u00edstinamente clara e inteligible. Cuando la multitud escucha exactamente lo que est\u00e1s cantando, ellos pueden unirse\u2026 y no hay nada mejor que eso. F\u00e1cil de usar. Erres un cantante en primer lugar, por lo que llegar lejos en tecnolog\u00eda, probablemente no es lo que tu concierto pide. Es por eso que el XRITICAL MASS ajusta autom\u00e1ticamente la ganancia de tu micr\u00f3fono al nivel \u00f3ptimo, lo que te permite concentrarte en dar tu mejor show noche tras noche. Opciones de energ\u00eda. CRITICAL MASS te ofrece la opci\u00f3n de conectar la alimentaci\u00f3n a trav\u00e9s del adaptador POWERPLUG 9 V opcional o puede funcionar por medio de pilas para aquellas ocasiones en las que deseas hacer un set corto o la energ\u00eda no est\u00e1 disponible f\u00e1cilmente.<\/div>\n<div>\n<h4>Quick look<\/h4>\n<\/div>\n<ul style=\"margin: 0px 0px 0px 25px\">\n<li style=\"list-style-type: circle;margin: 5px\">Efectos incluidos.<\/li>\n<li style=\"list-style-type: circle;margin: 5px\">Control.<\/li>\n<li style=\"list-style-type: circle;margin: 5px\">Dimensions.<\/li>\n<li style=\"list-style-type: circle;margin: 5px\">Weight.<\/li>\n<li style=\"list-style-type: circle;margin: 5px\">Construcci\u00f3n.<\/li>\n<li style=\"list-style-type: circle;margin: 5px\">Conexiones.<\/li>\n<li style=\"list-style-type: circle;margin: 5px\">Energy.<\/li>\n<li style=\"list-style-type: circle;margin: 5px\">Seguridad.<\/li>\n<li style=\"list-style-type: circle;margin: 5px\">Ambiental.<\/li>\n<\/ul>\n<div>\n<div style=\"font-weight: bold\">Efectos incluidos.<\/div>\n<div>\n<p>Grupo vocal. Reverb. Tono.<\/p>\n<\/div>\n<div style=\"font-weight: bold\">Control.<\/div>\n<div>\n<p>8 estilos de grupo vocal mel\u00f3dico y gang style, incluyendo opciones up\/down. Mezcla Lead\/Group. 3 estilos de reverb vocalmente afinados con nivel ajustable. Tono adaptativo On\/Off. Micr\u00f3fono de control de grupo vocal On\/Off. Footswitch de grupo vocal On\/Off.<\/p>\n<\/div>\n<div style=\"font-weight: bold\">Dimensions.<\/div>\n<div>\n<p>Altura: 140 mm. Ancho: 90 mm. Profundidad: 60 mm.<\/p>\n<\/div>\n<div style=\"font-weight: bold\">Weight.<\/div>\n<div>\n<p>0.42 kg.<\/p>\n<\/div>\n<div style=\"font-weight: bold\">Construcci\u00f3n.<\/div>\n<div>\n<p>Dos partes de metal fundido. Pies de goma adhesiva.<\/p>\n<\/div>\n<div style=\"font-weight: bold\">Conexiones.<\/div>\n<div>\n<p>Mic In a Out: Conector de entrada: XLR hembra, balanceado. Impedancia de entrada: 3k1 ohms. Sensibilidad de entrada clip: -1 dBu. Relaci\u00f3n se\u00f1al a ruido (ponderado A): &gt;114 dB. Alimentaci\u00f3n phantom: 24V (siempre encendido). Conector de salida: XLR macho, impedancia balanceada, pin 2 hot. Impedancia de salida: 200 ohms. Nivel total de escala de salida: +7.5 dBu. Respuesta de frecuencia de entrada a salida: +0\/-0.3 dB, 20 Hz to 20 kHz.<\/p>\n<\/div>\n<div style=\"font-weight: bold\">Energy.<\/div>\n<div>\n<p>Fuente de alimentaci\u00f3n (no incluida): 9V 670mA. Consumo de energ\u00eda: 6 watts.<\/p>\n<\/div>\n<div style=\"font-weight: bold\">Seguridad.<\/div>\n<div>\n<p>EMC &#8211; Cumple con EN 55103-1 y EN 55103-2 FCC parte 15, Clase B, CISPR 22, Clase B. Seguridad &#8211; Certificado para IEC 65, EN 60065, UL6500 y CSA IEC 65, EN 60065, UL6500 y CSA.<\/p>\n<\/div>\n<div style=\"font-weight: bold\">Ambiental.<\/div>\n<div>\n<p>Temperatura de funcionamiento: 0\u00b0C a 50\u00b0C) Temperatura de almacenamiento: -30\u00b0C a 70\u00b0C. Humedad: M\u00e1ximo 90% sin condensaci\u00f3n.<\/p>\n<\/div>\n<\/div>\n<\/div>","protected":false},"excerpt":{"rendered":"<p>Procesador para voz, 4 estilos mel\u00f3dicos de coro, 4 estilos vocales gang, 3 tipos de reverb (room, club, hall), tono adaptativo, funcionamiento con pilas AA o con adaptador de corriente Powerplug 9V (vs 12V) para acomodarse a fuentes de alimentaci\u00f3n comunes de pedaleras, f\u00e1cil conexi\u00f3n entre micr\u00f3fono est\u00e1ndar y la mezcladora, alimentaci\u00f3n phantom siempre disponible, preamplificador de micr\u00f3fono de bajo ruido, ganancia de entrada autom\u00e1tica (no m\u00e1s ajustes de ganancia de entrada), chasis met\u00e1lico resistente, Mic Control para conmutaci\u00f3n remota On\/Off con micr\u00f3fonos TC Helicon MP-75, MP-76 (solamente bot\u00f3n main) y Sennheiser e835 FX (no incluidos), selecci\u00f3n de estilos individuales y controles de mezcla para voces gang, conexi\u00f3n USB a aplicaci\u00f3n Voice Support para actualizaciones, especificaciones de producto, noticias y m\u00e1s, dimensiones: 140 x 90 x 60 mm, peso: 0.42 kg.&hellip; <a class=\"kt-excerpt-readmore more-link\" href=\"https:\/\/www.mexicanguitarplayers.com\/en\/tienda\/audio\/procesadores\/procesador-t-c-el-critical-mass\/\">Read more<\/a><\/p>","protected":false},"featured_media":30237,"comment_status":"open","ping_status":"closed","template":"","meta":{"kt_blocks_editor_width":""},"pwb-brand":[170],"product_brand":[],"product_cat":[213,493],"product_tag":[],"class_list":{"0":"post-30240","1":"product","2":"type-product","3":"status-publish","4":"has-post-thumbnail","6":"pwb-brand-tc-electronic","7":"product_cat-audio","8":"product_cat-procesadores","9":"product_shipping_class-0-5-kg","11":"first","12":"instock","13":"taxable","14":"shipping-taxable","15":"purchasable","16":"product-type-simple"},"yoast_head":"<!-- This site is optimized with the Yoast SEO plugin v27.6 - https:\/\/yoast.com\/product\/yoast-seo-wordpress\/ -->\n<title>PROCESADOR T.C. EL. CRITICAL MASS - Mexican Guitar Players<\/title>\n<meta name=\"description\" content=\"Procesador para voz, 4 estilos mel\u00f3dicos de coro, 4 estilos vocales gang, 3 tipos de reverb (room, club, hall), tono adaptativo, funcionamiento con pilas AA o con adaptador de corriente Powerplug 9V (vs 12V) para acomodarse a fuentes de alimentaci\u00f3n comunes de pedaleras, f\u00e1cil conexi\u00f3n entre micr\u00f3fono est\u00e1ndar y la mezcladora, alimentaci\u00f3n phantom siempre disponible, preamplificador de micr\u00f3fono de bajo ruido, ganancia de entrada autom\u00e1tica (no m\u00e1s ajustes de ganancia de entrada), chasis met\u00e1lico resistente, Mic Control para conmutaci\u00f3n remota On\/Off con micr\u00f3fonos TC Helicon MP-75, MP-76 (solamente bot\u00f3n main) y Sennheiser e835 FX (no incluidos), selecci\u00f3n de estilos individuales y controles de mezcla para voces gang, conexi\u00f3n USB a aplicaci\u00f3n Voice Support para actualizaciones, especificaciones de producto, noticias y m\u00e1s, dimensiones: 140 x 90 x 60 mm, peso: 0.42 kg.\" \/>\n<meta name=\"robots\" content=\"index, follow, max-snippet:-1, max-image-preview:large, max-video-preview:-1\" \/>\n<link rel=\"canonical\" href=\"https:\/\/www.mexicanguitarplayers.com\/en\/tienda\/sin%20categor\u00eda\/procesador-t-c-el-critical-mass\/\" \/>\n<meta property=\"og:locale\" content=\"en_US\" \/>\n<meta property=\"og:type\" content=\"article\" \/>\n<meta property=\"og:title\" content=\"PROCESADOR T.C. EL. CRITICAL MASS - Mexican Guitar Players\" \/>\n<meta property=\"og:description\" content=\"Procesador para voz, 4 estilos mel\u00f3dicos de coro, 4 estilos vocales gang, 3 tipos de reverb (room, club, hall), tono adaptativo, funcionamiento con pilas AA o con adaptador de corriente Powerplug 9V (vs 12V) para acomodarse a fuentes de alimentaci\u00f3n comunes de pedaleras, f\u00e1cil conexi\u00f3n entre micr\u00f3fono est\u00e1ndar y la mezcladora, alimentaci\u00f3n phantom siempre disponible, preamplificador de micr\u00f3fono de bajo ruido, ganancia de entrada autom\u00e1tica (no m\u00e1s ajustes de ganancia de entrada), chasis met\u00e1lico resistente, Mic Control para conmutaci\u00f3n remota On\/Off con micr\u00f3fonos TC Helicon MP-75, MP-76 (solamente bot\u00f3n main) y Sennheiser e835 FX (no incluidos), selecci\u00f3n de estilos individuales y controles de mezcla para voces gang, conexi\u00f3n USB a aplicaci\u00f3n Voice Support para actualizaciones, especificaciones de producto, noticias y m\u00e1s, dimensiones: 140 x 90 x 60 mm, peso: 0.42 kg.\" \/>\n<meta property=\"og:url\" content=\"https:\/\/www.mexicanguitarplayers.com\/en\/tienda\/sin categor\u00eda\/procesador-t-c-el-critical-mass\/\" \/>\n<meta property=\"og:site_name\" content=\"Mexican Guitar Players\" \/>\n<meta property=\"article:modified_time\" content=\"2026-05-01T13:25:25+00:00\" \/>\n<meta name=\"twitter:card\" content=\"summary_large_image\" \/>\n<meta name=\"twitter:label1\" content=\"Est. reading time\" \/>\n\t<meta name=\"twitter:data1\" content=\"3 minutes\" \/>\n<script type=\"application\/ld+json\" class=\"yoast-schema-graph\">{\"@context\":\"https:\\\/\\\/schema.org\",\"@graph\":[{\"@type\":[\"WebPage\",\"ItemPage\"],\"@id\":\"https:\\\/\\\/www.mexicanguitarplayers.com\\\/tienda\\\/sin categor\u00eda\\\/procesador-t-c-el-critical-mass\\\/\",\"url\":\"https:\\\/\\\/www.mexicanguitarplayers.com\\\/tienda\\\/sin categor\u00eda\\\/procesador-t-c-el-critical-mass\\\/\",\"name\":\"PROCESADOR T.C. EL. CRITICAL MASS - Mexican Guitar Players\",\"isPartOf\":{\"@id\":\"https:\\\/\\\/www.mexicanguitarplayers.com\\\/#website\"},\"primaryImageOfPage\":{\"@id\":\"https:\\\/\\\/www.mexicanguitarplayers.com\\\/tienda\\\/sin categor\u00eda\\\/procesador-t-c-el-critical-mass\\\/#primaryimage\"},\"image\":{\"@id\":\"https:\\\/\\\/www.mexicanguitarplayers.com\\\/tienda\\\/sin categor\u00eda\\\/procesador-t-c-el-critical-mass\\\/#primaryimage\"},\"thumbnailUrl\":\"https:\\\/\\\/www.mexicanguitarplayers.com\\\/wp-content\\\/uploads\\\/2025\\\/04\\\/IATCECRITIMASS.jpg\",\"datePublished\":\"2025-04-08T17:10:15+00:00\",\"dateModified\":\"2026-05-01T13:25:25+00:00\",\"description\":\"Procesador para voz, 4 estilos mel\u00f3dicos de coro, 4 estilos vocales gang, 3 tipos de reverb (room, club, hall), tono adaptativo, funcionamiento con pilas AA o con adaptador de corriente Powerplug 9V (vs 12V) para acomodarse a fuentes de alimentaci\u00f3n comunes de pedaleras, f\u00e1cil conexi\u00f3n entre micr\u00f3fono est\u00e1ndar y la mezcladora, alimentaci\u00f3n phantom siempre disponible, preamplificador de micr\u00f3fono de bajo ruido, ganancia de entrada autom\u00e1tica (no m\u00e1s ajustes de ganancia de entrada), chasis met\u00e1lico resistente, Mic Control para conmutaci\u00f3n remota On\\\/Off con micr\u00f3fonos TC Helicon MP-75, MP-76 (solamente bot\u00f3n main) y Sennheiser e835 FX (no incluidos), selecci\u00f3n de estilos individuales y controles de mezcla para voces gang, conexi\u00f3n USB a aplicaci\u00f3n Voice Support para actualizaciones, especificaciones de producto, noticias y m\u00e1s, dimensiones: 140 x 90 x 60 mm, peso: 0.42 kg.\",\"breadcrumb\":{\"@id\":\"https:\\\/\\\/www.mexicanguitarplayers.com\\\/tienda\\\/sin categor\u00eda\\\/procesador-t-c-el-critical-mass\\\/#breadcrumb\"},\"inLanguage\":\"en-US\",\"potentialAction\":[{\"@type\":\"ReadAction\",\"target\":[\"https:\\\/\\\/www.mexicanguitarplayers.com\\\/tienda\\\/sin categor\u00eda\\\/procesador-t-c-el-critical-mass\\\/\"]}]},{\"@type\":\"ImageObject\",\"inLanguage\":\"en-US\",\"@id\":\"https:\\\/\\\/www.mexicanguitarplayers.com\\\/tienda\\\/sin categor\u00eda\\\/procesador-t-c-el-critical-mass\\\/#primaryimage\",\"url\":\"https:\\\/\\\/www.mexicanguitarplayers.com\\\/wp-content\\\/uploads\\\/2025\\\/04\\\/IATCECRITIMASS.jpg\",\"contentUrl\":\"https:\\\/\\\/www.mexicanguitarplayers.com\\\/wp-content\\\/uploads\\\/2025\\\/04\\\/IATCECRITIMASS.jpg\",\"width\":1200,\"height\":1200},{\"@type\":\"BreadcrumbList\",\"@id\":\"https:\\\/\\\/www.mexicanguitarplayers.com\\\/tienda\\\/sin categor\u00eda\\\/procesador-t-c-el-critical-mass\\\/#breadcrumb\",\"itemListElement\":[{\"@type\":\"ListItem\",\"position\":1,\"name\":\"Portada\",\"item\":\"https:\\\/\\\/www.mexicanguitarplayers.com\\\/\"},{\"@type\":\"ListItem\",\"position\":2,\"name\":\"Tienda\",\"item\":\"https:\\\/\\\/www.mexicanguitarplayers.com\\\/tienda\\\/\"},{\"@type\":\"ListItem\",\"position\":3,\"name\":\"PROCESADOR T.C. EL. CRITICAL MASS\"}]},{\"@type\":\"WebSite\",\"@id\":\"https:\\\/\\\/www.mexicanguitarplayers.com\\\/#website\",\"url\":\"https:\\\/\\\/www.mexicanguitarplayers.com\\\/\",\"name\":\"Mexican Guitar Players\",\"description\":\"Website\",\"publisher\":{\"@id\":\"https:\\\/\\\/www.mexicanguitarplayers.com\\\/#organization\"},\"potentialAction\":[{\"@type\":\"SearchAction\",\"target\":{\"@type\":\"EntryPoint\",\"urlTemplate\":\"https:\\\/\\\/www.mexicanguitarplayers.com\\\/?s={search_term_string}\"},\"query-input\":{\"@type\":\"PropertyValueSpecification\",\"valueRequired\":true,\"valueName\":\"search_term_string\"}}],\"inLanguage\":\"en-US\"},{\"@type\":\"Organization\",\"@id\":\"https:\\\/\\\/www.mexicanguitarplayers.com\\\/#organization\",\"name\":\"Mexican Guitar Players\",\"url\":\"https:\\\/\\\/www.mexicanguitarplayers.com\\\/\",\"logo\":{\"@type\":\"ImageObject\",\"inLanguage\":\"en-US\",\"@id\":\"https:\\\/\\\/www.mexicanguitarplayers.com\\\/#\\\/schema\\\/logo\\\/image\\\/\",\"url\":\"\",\"contentUrl\":\"\",\"caption\":\"Mexican Guitar Players\"},\"image\":{\"@id\":\"https:\\\/\\\/www.mexicanguitarplayers.com\\\/#\\\/schema\\\/logo\\\/image\\\/\"}}]}<\/script>\n<!-- \/ Yoast SEO plugin. -->","yoast_head_json":{"title":"PROCESADOR T.C. EL. CRITICAL MASS - Mexican Guitar Players","description":"Procesador para voz, 4 estilos mel\u00f3dicos de coro, 4 estilos vocales gang, 3 tipos de reverb (room, club, hall), tono adaptativo, funcionamiento con pilas AA o con adaptador de corriente Powerplug 9V (vs 12V) para acomodarse a fuentes de alimentaci\u00f3n comunes de pedaleras, f\u00e1cil conexi\u00f3n entre micr\u00f3fono est\u00e1ndar y la mezcladora, alimentaci\u00f3n phantom siempre disponible, preamplificador de micr\u00f3fono de bajo ruido, ganancia de entrada autom\u00e1tica (no m\u00e1s ajustes de ganancia de entrada), chasis met\u00e1lico resistente, Mic Control para conmutaci\u00f3n remota On\/Off con micr\u00f3fonos TC Helicon MP-75, MP-76 (solamente bot\u00f3n main) y Sennheiser e835 FX (no incluidos), selecci\u00f3n de estilos individuales y controles de mezcla para voces gang, conexi\u00f3n USB a aplicaci\u00f3n Voice Support para actualizaciones, especificaciones de producto, noticias y m\u00e1s, dimensiones: 140 x 90 x 60 mm, peso: 0.42 kg.","robots":{"index":"index","follow":"follow","max-snippet":"max-snippet:-1","max-image-preview":"max-image-preview:large","max-video-preview":"max-video-preview:-1"},"canonical":"https:\/\/www.mexicanguitarplayers.com\/en\/tienda\/sin categor\u00eda\/procesador-t-c-el-critical-mass\/","og_locale":"en_US","og_type":"article","og_title":"PROCESADOR T.C. EL. CRITICAL MASS - Mexican Guitar Players","og_description":"Procesador para voz, 4 estilos mel\u00f3dicos de coro, 4 estilos vocales gang, 3 tipos de reverb (room, club, hall), tono adaptativo, funcionamiento con pilas AA o con adaptador de corriente Powerplug 9V (vs 12V) para acomodarse a fuentes de alimentaci\u00f3n comunes de pedaleras, f\u00e1cil conexi\u00f3n entre micr\u00f3fono est\u00e1ndar y la mezcladora, alimentaci\u00f3n phantom siempre disponible, preamplificador de micr\u00f3fono de bajo ruido, ganancia de entrada autom\u00e1tica (no m\u00e1s ajustes de ganancia de entrada), chasis met\u00e1lico resistente, Mic Control para conmutaci\u00f3n remota On\/Off con micr\u00f3fonos TC Helicon MP-75, MP-76 (solamente bot\u00f3n main) y Sennheiser e835 FX (no incluidos), selecci\u00f3n de estilos individuales y controles de mezcla para voces gang, conexi\u00f3n USB a aplicaci\u00f3n Voice Support para actualizaciones, especificaciones de producto, noticias y m\u00e1s, dimensiones: 140 x 90 x 60 mm, peso: 0.42 kg.","og_url":"https:\/\/www.mexicanguitarplayers.com\/en\/tienda\/sin categor\u00eda\/procesador-t-c-el-critical-mass\/","og_site_name":"Mexican Guitar Players","article_modified_time":"2026-05-01T13:25:25+00:00","twitter_card":"summary_large_image","twitter_misc":{"Est. reading time":"3 minutes"},"schema":{"@context":"https:\/\/schema.org","@graph":[{"@type":["WebPage","ItemPage"],"@id":"https:\/\/www.mexicanguitarplayers.com\/tienda\/sin categor\u00eda\/procesador-t-c-el-critical-mass\/","url":"https:\/\/www.mexicanguitarplayers.com\/tienda\/sin categor\u00eda\/procesador-t-c-el-critical-mass\/","name":"PROCESADOR T.C. EL. CRITICAL MASS - Mexican Guitar Players","isPartOf":{"@id":"https:\/\/www.mexicanguitarplayers.com\/#website"},"primaryImageOfPage":{"@id":"https:\/\/www.mexicanguitarplayers.com\/tienda\/sin categor\u00eda\/procesador-t-c-el-critical-mass\/#primaryimage"},"image":{"@id":"https:\/\/www.mexicanguitarplayers.com\/tienda\/sin categor\u00eda\/procesador-t-c-el-critical-mass\/#primaryimage"},"thumbnailUrl":"https:\/\/www.mexicanguitarplayers.com\/wp-content\/uploads\/2025\/04\/IATCECRITIMASS.jpg","datePublished":"2025-04-08T17:10:15+00:00","dateModified":"2026-05-01T13:25:25+00:00","description":"Procesador para voz, 4 estilos mel\u00f3dicos de coro, 4 estilos vocales gang, 3 tipos de reverb (room, club, hall), tono adaptativo, funcionamiento con pilas AA o con adaptador de corriente Powerplug 9V (vs 12V) para acomodarse a fuentes de alimentaci\u00f3n comunes de pedaleras, f\u00e1cil conexi\u00f3n entre micr\u00f3fono est\u00e1ndar y la mezcladora, alimentaci\u00f3n phantom siempre disponible, preamplificador de micr\u00f3fono de bajo ruido, ganancia de entrada autom\u00e1tica (no m\u00e1s ajustes de ganancia de entrada), chasis met\u00e1lico resistente, Mic Control para conmutaci\u00f3n remota On\/Off con micr\u00f3fonos TC Helicon MP-75, MP-76 (solamente bot\u00f3n main) y Sennheiser e835 FX (no incluidos), selecci\u00f3n de estilos individuales y controles de mezcla para voces gang, conexi\u00f3n USB a aplicaci\u00f3n Voice Support para actualizaciones, especificaciones de producto, noticias y m\u00e1s, dimensiones: 140 x 90 x 60 mm, peso: 0.42 kg.","breadcrumb":{"@id":"https:\/\/www.mexicanguitarplayers.com\/tienda\/sin categor\u00eda\/procesador-t-c-el-critical-mass\/#breadcrumb"},"inLanguage":"en-US","potentialAction":[{"@type":"ReadAction","target":["https:\/\/www.mexicanguitarplayers.com\/tienda\/sin categor\u00eda\/procesador-t-c-el-critical-mass\/"]}]},{"@type":"ImageObject","inLanguage":"en-US","@id":"https:\/\/www.mexicanguitarplayers.com\/tienda\/sin categor\u00eda\/procesador-t-c-el-critical-mass\/#primaryimage","url":"https:\/\/www.mexicanguitarplayers.com\/wp-content\/uploads\/2025\/04\/IATCECRITIMASS.jpg","contentUrl":"https:\/\/www.mexicanguitarplayers.com\/wp-content\/uploads\/2025\/04\/IATCECRITIMASS.jpg","width":1200,"height":1200},{"@type":"BreadcrumbList","@id":"https:\/\/www.mexicanguitarplayers.com\/tienda\/sin categor\u00eda\/procesador-t-c-el-critical-mass\/#breadcrumb","itemListElement":[{"@type":"ListItem","position":1,"name":"Portada","item":"https:\/\/www.mexicanguitarplayers.com\/"},{"@type":"ListItem","position":2,"name":"Tienda","item":"https:\/\/www.mexicanguitarplayers.com\/tienda\/"},{"@type":"ListItem","position":3,"name":"PROCESADOR T.C. EL. CRITICAL MASS"}]},{"@type":"WebSite","@id":"https:\/\/www.mexicanguitarplayers.com\/#website","url":"https:\/\/www.mexicanguitarplayers.com\/","name":"Mexican Guitar Players","description":"Website","publisher":{"@id":"https:\/\/www.mexicanguitarplayers.com\/#organization"},"potentialAction":[{"@type":"SearchAction","target":{"@type":"EntryPoint","urlTemplate":"https:\/\/www.mexicanguitarplayers.com\/?s={search_term_string}"},"query-input":{"@type":"PropertyValueSpecification","valueRequired":true,"valueName":"search_term_string"}}],"inLanguage":"en-US"},{"@type":"Organization","@id":"https:\/\/www.mexicanguitarplayers.com\/#organization","name":"Mexican Guitar Players","url":"https:\/\/www.mexicanguitarplayers.com\/","logo":{"@type":"ImageObject","inLanguage":"en-US","@id":"https:\/\/www.mexicanguitarplayers.com\/#\/schema\/logo\/image\/","url":"","contentUrl":"","caption":"Mexican Guitar Players"},"image":{"@id":"https:\/\/www.mexicanguitarplayers.com\/#\/schema\/logo\/image\/"}}]}},"brands":[{"id":170,"name":"TC-ELECTRONIC","slug":"tc-electronic"}],"_links":{"self":[{"href":"https:\/\/www.mexicanguitarplayers.com\/en\/wp-json\/wp\/v2\/product\/30240","targetHints":{"allow":["GET"]}}],"collection":[{"href":"https:\/\/www.mexicanguitarplayers.com\/en\/wp-json\/wp\/v2\/product"}],"about":[{"href":"https:\/\/www.mexicanguitarplayers.com\/en\/wp-json\/wp\/v2\/types\/product"}],"replies":[{"embeddable":true,"href":"https:\/\/www.mexicanguitarplayers.com\/en\/wp-json\/wp\/v2\/comments?post=30240"}],"wp:featuredmedia":[{"embeddable":true,"href":"https:\/\/www.mexicanguitarplayers.com\/en\/wp-json\/wp\/v2\/media\/30237"}],"wp:attachment":[{"href":"https:\/\/www.mexicanguitarplayers.com\/en\/wp-json\/wp\/v2\/media?parent=30240"}],"wp:term":[{"taxonomy":"pwb-brand","embeddable":true,"href":"https:\/\/www.mexicanguitarplayers.com\/en\/wp-json\/wp\/v2\/pwb-brand?post=30240"},{"taxonomy":"product_brand","embeddable":true,"href":"https:\/\/www.mexicanguitarplayers.com\/en\/wp-json\/wp\/v2\/product_brand?post=30240"},{"taxonomy":"product_cat","embeddable":true,"href":"https:\/\/www.mexicanguitarplayers.com\/en\/wp-json\/wp\/v2\/product_cat?post=30240"},{"taxonomy":"product_tag","embeddable":true,"href":"https:\/\/www.mexicanguitarplayers.com\/en\/wp-json\/wp\/v2\/product_tag?post=30240"}],"curies":[{"name":"wp","href":"https:\/\/api.w.org\/{rel}","templated":true}]}}