{"id":30277,"date":"2025-04-08T11:11:00","date_gmt":"2025-04-08T17:11:00","guid":{"rendered":"https:\/\/www.mexicanguitarplayers.com\/tienda\/sin categor\u00eda\/pedal-blackstar-p-guitarra-lt-dual\/"},"modified":"2026-04-10T04:37:22","modified_gmt":"2026-04-10T10:37:22","slug":"pedal-blackstar-p-guitarra-lt-dual","status":"publish","type":"product","link":"https:\/\/www.mexicanguitarplayers.com\/en\/tienda\/cuerdas\/efectos\/efectos-individuales\/pedal-blackstar-p-guitarra-lt-dual\/","title":{"rendered":"PEDAL BLACKSTAR P\/GUITARRA LT-DUAL"},"content":{"rendered":"<div style=\"text-align: justify\">\n<div>\n<h3>Un pedal flexible de dos canales.<\/h3>\n<\/div>\n<div>El pedal LT DUAL ofrece lo \u00faltimo en flexibilidad de distorsi\u00f3n. El canal 1 te permite moverte desde el limpio, boost y overdrive y el canal 2 desde super crunch hasta un screaming lead. Su funci\u00f3n de switch \u00fanica transformar\u00e1 un simple canal de amplificador en una m\u00e1quina de tono de 3 canales. Su circuito patentado ISF (Infinite Shape Feature) te da un ajuste infinito sobre las caracter\u00edsticas del control de tono, llev\u00e1ndote desde USA hasta UK y todo lo que hay en medio, mientras ofrece un tono y una compresi\u00f3n sorprendentes para una amplia variedad de estilos.<\/div>\n<div>\n<h4>Quick look<\/h4>\n<\/div>\n<ul style=\"margin: 0px 0px 0px 25px\">\n<li style=\"list-style-type: circle;margin: 5px\">Circuito ISF.<\/li>\n<\/ul>\n<div>\n<div style=\"font-weight: bold\">Circuito ISF.<\/div>\n<div>\n<p>(Infinite Shape Feature), para tener un sonido americano o brit\u00e1nico<\/p>\n<\/div>\n<\/div>\n<div>\n<h4>Characteristics<\/h4>\n<\/div>\n<div>\n<ul style=\"margin: 0px 0px 0px 25px\">\n<li style=\"list-style-type: circle;margin: 5px\">2 canales equipados de nivel y ganancia.<\/li>\n<li style=\"list-style-type: circle;margin: 5px\">Tono compartido.<\/li>\n<li style=\"list-style-type: circle;margin: 5px\">Desde boost limpio a ganancia alta en un solo pedal.<\/li>\n<li style=\"list-style-type: circle;margin: 5px\">Construcci\u00f3n robusta.<\/li>\n<li style=\"list-style-type: circle;margin: 5px\">1 entrada por instrumento.<\/li>\n<li style=\"list-style-type: circle;margin: 5px\">Salidas de 1\/4&#8243;.<\/li>\n<li style=\"list-style-type: circle;margin: 5px\">No incluye fuente de poder.<\/li>\n<li style=\"list-style-type: circle;margin: 5px\">Bater\u00edas: 1 de 9V.<\/li>\n<li style=\"list-style-type: circle;margin: 5px\">Dimensiones: 90 x 54.5 x 122 mm.<\/li>\n<li style=\"list-style-type: circle;margin: 5px\">Peso: 0.6 kg.<\/li>\n<\/ul>\n<\/div>\n<\/div>","protected":false},"excerpt":{"rendered":"<p>Pedal para guitarra el\u00e9ctrica, 2 canales: Canal 1: Permite pasar de guitarra limpia, Boost y Overdrive, Canal 2: Desde super Crunch hasta Screaming Lead, funci\u00f3n \u00fanica de switch, control patentado ISF, factor de forma peque\u00f1o, ideal para pedaleras, construcci\u00f3n robusta, dimensiones: 90 x 54.5 x 122 mm, peso: 0.6 kg.&hellip; <a class=\"kt-excerpt-readmore more-link\" href=\"https:\/\/www.mexicanguitarplayers.com\/en\/tienda\/cuerdas\/efectos\/efectos-individuales\/pedal-blackstar-p-guitarra-lt-dual\/\">Read more<\/a><\/p>","protected":false},"featured_media":30275,"comment_status":"open","ping_status":"closed","template":"","meta":{"kt_blocks_editor_width":""},"pwb-brand":[172],"product_brand":[],"product_cat":[224,241,504],"product_tag":[],"class_list":{"0":"post-30277","1":"product","2":"type-product","3":"status-publish","4":"has-post-thumbnail","6":"pwb-brand-blackstar","7":"product_cat-cuerdas","8":"product_cat-efectos","9":"product_cat-efectos-individuales","10":"product_shipping_class-0-5-kg","12":"first","13":"outofstock","14":"taxable","15":"shipping-taxable","16":"purchasable","17":"product-type-simple"},"yoast_head":"<!-- This site is optimized with the Yoast SEO plugin v27.5 - https:\/\/yoast.com\/product\/yoast-seo-wordpress\/ -->\n<title>PEDAL BLACKSTAR P\/GUITARRA LT-DUAL - Mexican Guitar Players<\/title>\n<meta name=\"description\" content=\"Pedal para guitarra el\u00e9ctrica, 2 canales: Canal 1: Permite pasar de guitarra limpia, Boost y Overdrive, Canal 2: Desde super Crunch hasta Screaming Lead, funci\u00f3n \u00fanica de switch, control patentado ISF, factor de forma peque\u00f1o, ideal para pedaleras, construcci\u00f3n robusta, dimensiones: 90 x 54.5 x 122 mm, peso: 0.6 kg.\" \/>\n<meta name=\"robots\" content=\"index, follow, max-snippet:-1, max-image-preview:large, max-video-preview:-1\" \/>\n<link rel=\"canonical\" href=\"https:\/\/www.mexicanguitarplayers.com\/en\/tienda\/sin%20categor\u00eda\/pedal-blackstar-p-guitarra-lt-dual\/\" \/>\n<meta property=\"og:locale\" content=\"en_US\" \/>\n<meta property=\"og:type\" content=\"article\" \/>\n<meta property=\"og:title\" content=\"PEDAL BLACKSTAR P\/GUITARRA LT-DUAL - Mexican Guitar Players\" \/>\n<meta property=\"og:description\" content=\"Pedal para guitarra el\u00e9ctrica, 2 canales: Canal 1: Permite pasar de guitarra limpia, Boost y Overdrive, Canal 2: Desde super Crunch hasta Screaming Lead, funci\u00f3n \u00fanica de switch, control patentado ISF, factor de forma peque\u00f1o, ideal para pedaleras, construcci\u00f3n robusta, dimensiones: 90 x 54.5 x 122 mm, peso: 0.6 kg.\" \/>\n<meta property=\"og:url\" content=\"https:\/\/www.mexicanguitarplayers.com\/en\/tienda\/sin categor\u00eda\/pedal-blackstar-p-guitarra-lt-dual\/\" \/>\n<meta property=\"og:site_name\" content=\"Mexican Guitar Players\" \/>\n<meta property=\"article:modified_time\" content=\"2026-04-10T10:37:22+00:00\" \/>\n<meta name=\"twitter:card\" content=\"summary_large_image\" \/>\n<meta name=\"twitter:label1\" content=\"Est. reading time\" \/>\n\t<meta name=\"twitter:data1\" content=\"1 minute\" \/>\n<script type=\"application\/ld+json\" class=\"yoast-schema-graph\">{\"@context\":\"https:\\\/\\\/schema.org\",\"@graph\":[{\"@type\":[\"WebPage\",\"ItemPage\"],\"@id\":\"https:\\\/\\\/www.mexicanguitarplayers.com\\\/tienda\\\/sin categor\u00eda\\\/pedal-blackstar-p-guitarra-lt-dual\\\/\",\"url\":\"https:\\\/\\\/www.mexicanguitarplayers.com\\\/tienda\\\/sin categor\u00eda\\\/pedal-blackstar-p-guitarra-lt-dual\\\/\",\"name\":\"PEDAL BLACKSTAR P\\\/GUITARRA LT-DUAL - Mexican Guitar Players\",\"isPartOf\":{\"@id\":\"https:\\\/\\\/www.mexicanguitarplayers.com\\\/#website\"},\"primaryImageOfPage\":{\"@id\":\"https:\\\/\\\/www.mexicanguitarplayers.com\\\/tienda\\\/sin categor\u00eda\\\/pedal-blackstar-p-guitarra-lt-dual\\\/#primaryimage\"},\"image\":{\"@id\":\"https:\\\/\\\/www.mexicanguitarplayers.com\\\/tienda\\\/sin categor\u00eda\\\/pedal-blackstar-p-guitarra-lt-dual\\\/#primaryimage\"},\"thumbnailUrl\":\"https:\\\/\\\/www.mexicanguitarplayers.com\\\/wp-content\\\/uploads\\\/2025\\\/04\\\/VABLSLTDUAL.jpg\",\"datePublished\":\"2025-04-08T17:11:00+00:00\",\"dateModified\":\"2026-04-10T10:37:22+00:00\",\"description\":\"Pedal para guitarra el\u00e9ctrica, 2 canales: Canal 1: Permite pasar de guitarra limpia, Boost y Overdrive, Canal 2: Desde super Crunch hasta Screaming Lead, funci\u00f3n \u00fanica de switch, control patentado ISF, factor de forma peque\u00f1o, ideal para pedaleras, construcci\u00f3n robusta, dimensiones: 90 x 54.5 x 122 mm, peso: 0.6 kg.\",\"breadcrumb\":{\"@id\":\"https:\\\/\\\/www.mexicanguitarplayers.com\\\/tienda\\\/sin categor\u00eda\\\/pedal-blackstar-p-guitarra-lt-dual\\\/#breadcrumb\"},\"inLanguage\":\"en-US\",\"potentialAction\":[{\"@type\":\"ReadAction\",\"target\":[\"https:\\\/\\\/www.mexicanguitarplayers.com\\\/tienda\\\/sin categor\u00eda\\\/pedal-blackstar-p-guitarra-lt-dual\\\/\"]}]},{\"@type\":\"ImageObject\",\"inLanguage\":\"en-US\",\"@id\":\"https:\\\/\\\/www.mexicanguitarplayers.com\\\/tienda\\\/sin categor\u00eda\\\/pedal-blackstar-p-guitarra-lt-dual\\\/#primaryimage\",\"url\":\"https:\\\/\\\/www.mexicanguitarplayers.com\\\/wp-content\\\/uploads\\\/2025\\\/04\\\/VABLSLTDUAL.jpg\",\"contentUrl\":\"https:\\\/\\\/www.mexicanguitarplayers.com\\\/wp-content\\\/uploads\\\/2025\\\/04\\\/VABLSLTDUAL.jpg\",\"width\":1200,\"height\":1200},{\"@type\":\"BreadcrumbList\",\"@id\":\"https:\\\/\\\/www.mexicanguitarplayers.com\\\/tienda\\\/sin categor\u00eda\\\/pedal-blackstar-p-guitarra-lt-dual\\\/#breadcrumb\",\"itemListElement\":[{\"@type\":\"ListItem\",\"position\":1,\"name\":\"Portada\",\"item\":\"https:\\\/\\\/www.mexicanguitarplayers.com\\\/\"},{\"@type\":\"ListItem\",\"position\":2,\"name\":\"Tienda\",\"item\":\"https:\\\/\\\/www.mexicanguitarplayers.com\\\/tienda\\\/\"},{\"@type\":\"ListItem\",\"position\":3,\"name\":\"PEDAL BLACKSTAR P\\\/GUITARRA LT-DUAL\"}]},{\"@type\":\"WebSite\",\"@id\":\"https:\\\/\\\/www.mexicanguitarplayers.com\\\/#website\",\"url\":\"https:\\\/\\\/www.mexicanguitarplayers.com\\\/\",\"name\":\"Mexican Guitar Players\",\"description\":\"Website\",\"publisher\":{\"@id\":\"https:\\\/\\\/www.mexicanguitarplayers.com\\\/#organization\"},\"potentialAction\":[{\"@type\":\"SearchAction\",\"target\":{\"@type\":\"EntryPoint\",\"urlTemplate\":\"https:\\\/\\\/www.mexicanguitarplayers.com\\\/?s={search_term_string}\"},\"query-input\":{\"@type\":\"PropertyValueSpecification\",\"valueRequired\":true,\"valueName\":\"search_term_string\"}}],\"inLanguage\":\"en-US\"},{\"@type\":\"Organization\",\"@id\":\"https:\\\/\\\/www.mexicanguitarplayers.com\\\/#organization\",\"name\":\"Mexican Guitar Players\",\"url\":\"https:\\\/\\\/www.mexicanguitarplayers.com\\\/\",\"logo\":{\"@type\":\"ImageObject\",\"inLanguage\":\"en-US\",\"@id\":\"https:\\\/\\\/www.mexicanguitarplayers.com\\\/#\\\/schema\\\/logo\\\/image\\\/\",\"url\":\"\",\"contentUrl\":\"\",\"caption\":\"Mexican Guitar Players\"},\"image\":{\"@id\":\"https:\\\/\\\/www.mexicanguitarplayers.com\\\/#\\\/schema\\\/logo\\\/image\\\/\"}}]}<\/script>\n<!-- \/ Yoast SEO plugin. -->","yoast_head_json":{"title":"PEDAL BLACKSTAR P\/GUITARRA LT-DUAL - Mexican Guitar Players","description":"Pedal para guitarra el\u00e9ctrica, 2 canales: Canal 1: Permite pasar de guitarra limpia, Boost y Overdrive, Canal 2: Desde super Crunch hasta Screaming Lead, funci\u00f3n \u00fanica de switch, control patentado ISF, factor de forma peque\u00f1o, ideal para pedaleras, construcci\u00f3n robusta, dimensiones: 90 x 54.5 x 122 mm, peso: 0.6 kg.","robots":{"index":"index","follow":"follow","max-snippet":"max-snippet:-1","max-image-preview":"max-image-preview:large","max-video-preview":"max-video-preview:-1"},"canonical":"https:\/\/www.mexicanguitarplayers.com\/en\/tienda\/sin categor\u00eda\/pedal-blackstar-p-guitarra-lt-dual\/","og_locale":"en_US","og_type":"article","og_title":"PEDAL BLACKSTAR P\/GUITARRA LT-DUAL - Mexican Guitar Players","og_description":"Pedal para guitarra el\u00e9ctrica, 2 canales: Canal 1: Permite pasar de guitarra limpia, Boost y Overdrive, Canal 2: Desde super Crunch hasta Screaming Lead, funci\u00f3n \u00fanica de switch, control patentado ISF, factor de forma peque\u00f1o, ideal para pedaleras, construcci\u00f3n robusta, dimensiones: 90 x 54.5 x 122 mm, peso: 0.6 kg.","og_url":"https:\/\/www.mexicanguitarplayers.com\/en\/tienda\/sin categor\u00eda\/pedal-blackstar-p-guitarra-lt-dual\/","og_site_name":"Mexican Guitar Players","article_modified_time":"2026-04-10T10:37:22+00:00","twitter_card":"summary_large_image","twitter_misc":{"Est. reading time":"1 minute"},"schema":{"@context":"https:\/\/schema.org","@graph":[{"@type":["WebPage","ItemPage"],"@id":"https:\/\/www.mexicanguitarplayers.com\/tienda\/sin categor\u00eda\/pedal-blackstar-p-guitarra-lt-dual\/","url":"https:\/\/www.mexicanguitarplayers.com\/tienda\/sin categor\u00eda\/pedal-blackstar-p-guitarra-lt-dual\/","name":"PEDAL BLACKSTAR P\/GUITARRA LT-DUAL - Mexican Guitar Players","isPartOf":{"@id":"https:\/\/www.mexicanguitarplayers.com\/#website"},"primaryImageOfPage":{"@id":"https:\/\/www.mexicanguitarplayers.com\/tienda\/sin categor\u00eda\/pedal-blackstar-p-guitarra-lt-dual\/#primaryimage"},"image":{"@id":"https:\/\/www.mexicanguitarplayers.com\/tienda\/sin categor\u00eda\/pedal-blackstar-p-guitarra-lt-dual\/#primaryimage"},"thumbnailUrl":"https:\/\/www.mexicanguitarplayers.com\/wp-content\/uploads\/2025\/04\/VABLSLTDUAL.jpg","datePublished":"2025-04-08T17:11:00+00:00","dateModified":"2026-04-10T10:37:22+00:00","description":"Pedal para guitarra el\u00e9ctrica, 2 canales: Canal 1: Permite pasar de guitarra limpia, Boost y Overdrive, Canal 2: Desde super Crunch hasta Screaming Lead, funci\u00f3n \u00fanica de switch, control patentado ISF, factor de forma peque\u00f1o, ideal para pedaleras, construcci\u00f3n robusta, dimensiones: 90 x 54.5 x 122 mm, peso: 0.6 kg.","breadcrumb":{"@id":"https:\/\/www.mexicanguitarplayers.com\/tienda\/sin categor\u00eda\/pedal-blackstar-p-guitarra-lt-dual\/#breadcrumb"},"inLanguage":"en-US","potentialAction":[{"@type":"ReadAction","target":["https:\/\/www.mexicanguitarplayers.com\/tienda\/sin categor\u00eda\/pedal-blackstar-p-guitarra-lt-dual\/"]}]},{"@type":"ImageObject","inLanguage":"en-US","@id":"https:\/\/www.mexicanguitarplayers.com\/tienda\/sin categor\u00eda\/pedal-blackstar-p-guitarra-lt-dual\/#primaryimage","url":"https:\/\/www.mexicanguitarplayers.com\/wp-content\/uploads\/2025\/04\/VABLSLTDUAL.jpg","contentUrl":"https:\/\/www.mexicanguitarplayers.com\/wp-content\/uploads\/2025\/04\/VABLSLTDUAL.jpg","width":1200,"height":1200},{"@type":"BreadcrumbList","@id":"https:\/\/www.mexicanguitarplayers.com\/tienda\/sin categor\u00eda\/pedal-blackstar-p-guitarra-lt-dual\/#breadcrumb","itemListElement":[{"@type":"ListItem","position":1,"name":"Portada","item":"https:\/\/www.mexicanguitarplayers.com\/"},{"@type":"ListItem","position":2,"name":"Tienda","item":"https:\/\/www.mexicanguitarplayers.com\/tienda\/"},{"@type":"ListItem","position":3,"name":"PEDAL BLACKSTAR P\/GUITARRA LT-DUAL"}]},{"@type":"WebSite","@id":"https:\/\/www.mexicanguitarplayers.com\/#website","url":"https:\/\/www.mexicanguitarplayers.com\/","name":"Mexican Guitar Players","description":"Website","publisher":{"@id":"https:\/\/www.mexicanguitarplayers.com\/#organization"},"potentialAction":[{"@type":"SearchAction","target":{"@type":"EntryPoint","urlTemplate":"https:\/\/www.mexicanguitarplayers.com\/?s={search_term_string}"},"query-input":{"@type":"PropertyValueSpecification","valueRequired":true,"valueName":"search_term_string"}}],"inLanguage":"en-US"},{"@type":"Organization","@id":"https:\/\/www.mexicanguitarplayers.com\/#organization","name":"Mexican Guitar Players","url":"https:\/\/www.mexicanguitarplayers.com\/","logo":{"@type":"ImageObject","inLanguage":"en-US","@id":"https:\/\/www.mexicanguitarplayers.com\/#\/schema\/logo\/image\/","url":"","contentUrl":"","caption":"Mexican Guitar Players"},"image":{"@id":"https:\/\/www.mexicanguitarplayers.com\/#\/schema\/logo\/image\/"}}]}},"brands":[{"id":172,"name":"BLACKSTAR","slug":"blackstar"}],"_links":{"self":[{"href":"https:\/\/www.mexicanguitarplayers.com\/en\/wp-json\/wp\/v2\/product\/30277","targetHints":{"allow":["GET"]}}],"collection":[{"href":"https:\/\/www.mexicanguitarplayers.com\/en\/wp-json\/wp\/v2\/product"}],"about":[{"href":"https:\/\/www.mexicanguitarplayers.com\/en\/wp-json\/wp\/v2\/types\/product"}],"replies":[{"embeddable":true,"href":"https:\/\/www.mexicanguitarplayers.com\/en\/wp-json\/wp\/v2\/comments?post=30277"}],"wp:featuredmedia":[{"embeddable":true,"href":"https:\/\/www.mexicanguitarplayers.com\/en\/wp-json\/wp\/v2\/media\/30275"}],"wp:attachment":[{"href":"https:\/\/www.mexicanguitarplayers.com\/en\/wp-json\/wp\/v2\/media?parent=30277"}],"wp:term":[{"taxonomy":"pwb-brand","embeddable":true,"href":"https:\/\/www.mexicanguitarplayers.com\/en\/wp-json\/wp\/v2\/pwb-brand?post=30277"},{"taxonomy":"product_brand","embeddable":true,"href":"https:\/\/www.mexicanguitarplayers.com\/en\/wp-json\/wp\/v2\/product_brand?post=30277"},{"taxonomy":"product_cat","embeddable":true,"href":"https:\/\/www.mexicanguitarplayers.com\/en\/wp-json\/wp\/v2\/product_cat?post=30277"},{"taxonomy":"product_tag","embeddable":true,"href":"https:\/\/www.mexicanguitarplayers.com\/en\/wp-json\/wp\/v2\/product_tag?post=30277"}],"curies":[{"name":"wp","href":"https:\/\/api.w.org\/{rel}","templated":true}]}}