{"id":30279,"date":"2025-04-08T11:11:02","date_gmt":"2025-04-08T17:11:02","guid":{"rendered":"https:\/\/www.mexicanguitarplayers.com\/tienda\/sin categor\u00eda\/piano-kurzweil-stage-mod-sp2\/"},"modified":"2025-04-08T11:11:02","modified_gmt":"2025-04-08T17:11:02","slug":"piano-kurzweil-stage-mod-sp2","status":"publish","type":"product","link":"https:\/\/www.mexicanguitarplayers.com\/en\/tienda\/teclas\/pianos\/stage-piano\/piano-kurzweil-stage-mod-sp2\/","title":{"rendered":"PIANO KURZWEIL STAGE   MOD. SP2"},"content":{"rendered":"<div style=\"text-align: justify\">\n<div>\n<h3>Excelencia en sonido.<\/h3>\n<\/div>\n<div>El SP2 ofrece el legendario sonido Kurzweil, con todos sus detalles y el refinamiento en un piano de escenario digital, que es a la vez profesional y f\u00e1cil de usar. Uso de la pr\u00f3xima generaci\u00f3n de tecnolog\u00eda de Kurzweil, el SP2 proporciona algunos de nuestros mejores sonidos: pianos, EPs, cuerdas, pads, mazos y las voces, todas disponibles con s\u00f3lo pulsar un bot\u00f3n. Controladores, Stage Pianos, Sintetizadores y una amplia gama de teclados de todo tipo con una calidad profesional reconocida en todo el mundo.<\/div>\n<div>\n<h4>Quick look<\/h4>\n<\/div>\n<ul style=\"margin: 0px 0px 0px 25px\">\n<li style=\"list-style-type: circle;margin: 5px\">Teclas.<\/li>\n<li style=\"list-style-type: circle;margin: 5px\">Polifonia.<\/li>\n<li style=\"list-style-type: circle;margin: 5px\">Tonos.<\/li>\n<\/ul>\n<div>\n<div style=\"font-weight: bold\">Teclas.<\/div>\n<div>\n<p>76 con peso real de piano.<\/p>\n<\/div>\n<div style=\"font-weight: bold\">Polifonia.<\/div>\n<div>\n<p>64 notas.<\/p>\n<\/div>\n<div style=\"font-weight: bold\">Tonos.<\/div>\n<div>\n<p>64 Sonidos.<\/p>\n<\/div>\n<\/div>\n<\/div>","protected":false},"excerpt":{"rendered":"<p>Piano Kurzweil Stage  mod. SP2 STAGE PIANO de 76 teclas con peso real de piano ac\u00fastico, 64 sonidos kurzweil. Ecualizador de 4 bandas y polifon\u00eda de 64 notas. 64 ritmos preprogramados, entradas midi, puerto USB, banco general midi y multitimbrico a 16 canales midi, 4 osciladores.&hellip; <a class=\"kt-excerpt-readmore more-link\" href=\"https:\/\/www.mexicanguitarplayers.com\/en\/tienda\/teclas\/pianos\/stage-piano\/piano-kurzweil-stage-mod-sp2\/\">Read more<\/a><\/p>","protected":false},"featured_media":30278,"comment_status":"open","ping_status":"closed","template":"","meta":{"kt_blocks_editor_width":""},"pwb-brand":[397],"product_brand":[],"product_cat":[377,379,376],"product_tag":[],"class_list":{"0":"post-30279","1":"product","2":"type-product","3":"status-publish","4":"has-post-thumbnail","6":"pwb-brand-kurzweil","7":"product_cat-pianos","8":"product_cat-stage-piano","9":"product_cat-teclas","10":"product_shipping_class-0-5-kg","12":"first","13":"outofstock","14":"taxable","15":"shipping-taxable","16":"purchasable","17":"product-type-simple"},"yoast_head":"<!-- This site is optimized with the Yoast SEO plugin v27.3 - https:\/\/yoast.com\/product\/yoast-seo-wordpress\/ -->\n<title>PIANO KURZWEIL STAGE  MOD. SP2 - Mexican Guitar Players<\/title>\n<meta name=\"description\" content=\"Piano Kurzweil Stage mod. SP2 STAGE PIANO de 76 teclas con peso real de piano ac\u00fastico, 64 sonidos kurzweil. Ecualizador de 4 bandas y polifon\u00eda de 64 notas. 64 ritmos preprogramados, entradas midi, puerto USB, banco general midi y multitimbrico a 16 canales midi, 4 osciladores.\" \/>\n<meta name=\"robots\" content=\"index, follow, max-snippet:-1, max-image-preview:large, max-video-preview:-1\" \/>\n<link rel=\"canonical\" href=\"https:\/\/www.mexicanguitarplayers.com\/en\/tienda\/sin%20categor\u00eda\/piano-kurzweil-stage-mod-sp2\/\" \/>\n<meta property=\"og:locale\" content=\"en_US\" \/>\n<meta property=\"og:type\" content=\"article\" \/>\n<meta property=\"og:title\" content=\"PIANO KURZWEIL STAGE  MOD. SP2 - Mexican Guitar Players\" \/>\n<meta property=\"og:description\" content=\"Piano Kurzweil Stage mod. SP2 STAGE PIANO de 76 teclas con peso real de piano ac\u00fastico, 64 sonidos kurzweil. Ecualizador de 4 bandas y polifon\u00eda de 64 notas. 64 ritmos preprogramados, entradas midi, puerto USB, banco general midi y multitimbrico a 16 canales midi, 4 osciladores.\" \/>\n<meta property=\"og:url\" content=\"https:\/\/www.mexicanguitarplayers.com\/en\/tienda\/sin categor\u00eda\/piano-kurzweil-stage-mod-sp2\/\" \/>\n<meta property=\"og:site_name\" content=\"Mexican Guitar Players\" \/>\n<meta name=\"twitter:card\" content=\"summary_large_image\" \/>\n<meta name=\"twitter:label1\" content=\"Est. reading time\" \/>\n\t<meta name=\"twitter:data1\" content=\"1 minute\" \/>\n<script type=\"application\/ld+json\" class=\"yoast-schema-graph\">{\"@context\":\"https:\\\/\\\/schema.org\",\"@graph\":[{\"@type\":[\"WebPage\",\"ItemPage\"],\"@id\":\"https:\\\/\\\/www.mexicanguitarplayers.com\\\/tienda\\\/sin categor\u00eda\\\/piano-kurzweil-stage-mod-sp2\\\/\",\"url\":\"https:\\\/\\\/www.mexicanguitarplayers.com\\\/tienda\\\/sin categor\u00eda\\\/piano-kurzweil-stage-mod-sp2\\\/\",\"name\":\"PIANO KURZWEIL STAGE MOD. SP2 - Mexican Guitar Players\",\"isPartOf\":{\"@id\":\"https:\\\/\\\/www.mexicanguitarplayers.com\\\/#website\"},\"primaryImageOfPage\":{\"@id\":\"https:\\\/\\\/www.mexicanguitarplayers.com\\\/tienda\\\/sin categor\u00eda\\\/piano-kurzweil-stage-mod-sp2\\\/#primaryimage\"},\"image\":{\"@id\":\"https:\\\/\\\/www.mexicanguitarplayers.com\\\/tienda\\\/sin categor\u00eda\\\/piano-kurzweil-stage-mod-sp2\\\/#primaryimage\"},\"thumbnailUrl\":\"https:\\\/\\\/www.mexicanguitarplayers.com\\\/wp-content\\\/uploads\\\/2025\\\/04\\\/ITKURSP2.jpg\",\"datePublished\":\"2025-04-08T17:11:02+00:00\",\"description\":\"Piano Kurzweil Stage mod. SP2 STAGE PIANO de 76 teclas con peso real de piano ac\u00fastico, 64 sonidos kurzweil. Ecualizador de 4 bandas y polifon\u00eda de 64 notas. 64 ritmos preprogramados, entradas midi, puerto USB, banco general midi y multitimbrico a 16 canales midi, 4 osciladores.\",\"breadcrumb\":{\"@id\":\"https:\\\/\\\/www.mexicanguitarplayers.com\\\/tienda\\\/sin categor\u00eda\\\/piano-kurzweil-stage-mod-sp2\\\/#breadcrumb\"},\"inLanguage\":\"en-US\",\"potentialAction\":[{\"@type\":\"ReadAction\",\"target\":[\"https:\\\/\\\/www.mexicanguitarplayers.com\\\/tienda\\\/sin categor\u00eda\\\/piano-kurzweil-stage-mod-sp2\\\/\"]}]},{\"@type\":\"ImageObject\",\"inLanguage\":\"en-US\",\"@id\":\"https:\\\/\\\/www.mexicanguitarplayers.com\\\/tienda\\\/sin categor\u00eda\\\/piano-kurzweil-stage-mod-sp2\\\/#primaryimage\",\"url\":\"https:\\\/\\\/www.mexicanguitarplayers.com\\\/wp-content\\\/uploads\\\/2025\\\/04\\\/ITKURSP2.jpg\",\"contentUrl\":\"https:\\\/\\\/www.mexicanguitarplayers.com\\\/wp-content\\\/uploads\\\/2025\\\/04\\\/ITKURSP2.jpg\",\"width\":1008,\"height\":1008},{\"@type\":\"BreadcrumbList\",\"@id\":\"https:\\\/\\\/www.mexicanguitarplayers.com\\\/tienda\\\/sin categor\u00eda\\\/piano-kurzweil-stage-mod-sp2\\\/#breadcrumb\",\"itemListElement\":[{\"@type\":\"ListItem\",\"position\":1,\"name\":\"Portada\",\"item\":\"https:\\\/\\\/www.mexicanguitarplayers.com\\\/\"},{\"@type\":\"ListItem\",\"position\":2,\"name\":\"Tienda\",\"item\":\"https:\\\/\\\/www.mexicanguitarplayers.com\\\/tienda\\\/\"},{\"@type\":\"ListItem\",\"position\":3,\"name\":\"PIANO KURZWEIL STAGE MOD. SP2\"}]},{\"@type\":\"WebSite\",\"@id\":\"https:\\\/\\\/www.mexicanguitarplayers.com\\\/#website\",\"url\":\"https:\\\/\\\/www.mexicanguitarplayers.com\\\/\",\"name\":\"Mexican Guitar Players\",\"description\":\"Website\",\"publisher\":{\"@id\":\"https:\\\/\\\/www.mexicanguitarplayers.com\\\/#organization\"},\"potentialAction\":[{\"@type\":\"SearchAction\",\"target\":{\"@type\":\"EntryPoint\",\"urlTemplate\":\"https:\\\/\\\/www.mexicanguitarplayers.com\\\/?s={search_term_string}\"},\"query-input\":{\"@type\":\"PropertyValueSpecification\",\"valueRequired\":true,\"valueName\":\"search_term_string\"}}],\"inLanguage\":\"en-US\"},{\"@type\":\"Organization\",\"@id\":\"https:\\\/\\\/www.mexicanguitarplayers.com\\\/#organization\",\"name\":\"Mexican Guitar Players\",\"url\":\"https:\\\/\\\/www.mexicanguitarplayers.com\\\/\",\"logo\":{\"@type\":\"ImageObject\",\"inLanguage\":\"en-US\",\"@id\":\"https:\\\/\\\/www.mexicanguitarplayers.com\\\/#\\\/schema\\\/logo\\\/image\\\/\",\"url\":\"\",\"contentUrl\":\"\",\"caption\":\"Mexican Guitar Players\"},\"image\":{\"@id\":\"https:\\\/\\\/www.mexicanguitarplayers.com\\\/#\\\/schema\\\/logo\\\/image\\\/\"}}]}<\/script>\n<!-- \/ Yoast SEO plugin. -->","yoast_head_json":{"title":"PIANO KURZWEIL STAGE  MOD. SP2 - Mexican Guitar Players","description":"Piano Kurzweil Stage mod. SP2 STAGE PIANO de 76 teclas con peso real de piano ac\u00fastico, 64 sonidos kurzweil. Ecualizador de 4 bandas y polifon\u00eda de 64 notas. 64 ritmos preprogramados, entradas midi, puerto USB, banco general midi y multitimbrico a 16 canales midi, 4 osciladores.","robots":{"index":"index","follow":"follow","max-snippet":"max-snippet:-1","max-image-preview":"max-image-preview:large","max-video-preview":"max-video-preview:-1"},"canonical":"https:\/\/www.mexicanguitarplayers.com\/en\/tienda\/sin categor\u00eda\/piano-kurzweil-stage-mod-sp2\/","og_locale":"en_US","og_type":"article","og_title":"PIANO KURZWEIL STAGE  MOD. SP2 - Mexican Guitar Players","og_description":"Piano Kurzweil Stage mod. SP2 STAGE PIANO de 76 teclas con peso real de piano ac\u00fastico, 64 sonidos kurzweil. Ecualizador de 4 bandas y polifon\u00eda de 64 notas. 64 ritmos preprogramados, entradas midi, puerto USB, banco general midi y multitimbrico a 16 canales midi, 4 osciladores.","og_url":"https:\/\/www.mexicanguitarplayers.com\/en\/tienda\/sin categor\u00eda\/piano-kurzweil-stage-mod-sp2\/","og_site_name":"Mexican Guitar Players","twitter_card":"summary_large_image","twitter_misc":{"Est. reading time":"1 minute"},"schema":{"@context":"https:\/\/schema.org","@graph":[{"@type":["WebPage","ItemPage"],"@id":"https:\/\/www.mexicanguitarplayers.com\/tienda\/sin categor\u00eda\/piano-kurzweil-stage-mod-sp2\/","url":"https:\/\/www.mexicanguitarplayers.com\/tienda\/sin categor\u00eda\/piano-kurzweil-stage-mod-sp2\/","name":"PIANO KURZWEIL STAGE MOD. SP2 - Mexican Guitar Players","isPartOf":{"@id":"https:\/\/www.mexicanguitarplayers.com\/#website"},"primaryImageOfPage":{"@id":"https:\/\/www.mexicanguitarplayers.com\/tienda\/sin categor\u00eda\/piano-kurzweil-stage-mod-sp2\/#primaryimage"},"image":{"@id":"https:\/\/www.mexicanguitarplayers.com\/tienda\/sin categor\u00eda\/piano-kurzweil-stage-mod-sp2\/#primaryimage"},"thumbnailUrl":"https:\/\/www.mexicanguitarplayers.com\/wp-content\/uploads\/2025\/04\/ITKURSP2.jpg","datePublished":"2025-04-08T17:11:02+00:00","description":"Piano Kurzweil Stage mod. SP2 STAGE PIANO de 76 teclas con peso real de piano ac\u00fastico, 64 sonidos kurzweil. Ecualizador de 4 bandas y polifon\u00eda de 64 notas. 64 ritmos preprogramados, entradas midi, puerto USB, banco general midi y multitimbrico a 16 canales midi, 4 osciladores.","breadcrumb":{"@id":"https:\/\/www.mexicanguitarplayers.com\/tienda\/sin categor\u00eda\/piano-kurzweil-stage-mod-sp2\/#breadcrumb"},"inLanguage":"en-US","potentialAction":[{"@type":"ReadAction","target":["https:\/\/www.mexicanguitarplayers.com\/tienda\/sin categor\u00eda\/piano-kurzweil-stage-mod-sp2\/"]}]},{"@type":"ImageObject","inLanguage":"en-US","@id":"https:\/\/www.mexicanguitarplayers.com\/tienda\/sin categor\u00eda\/piano-kurzweil-stage-mod-sp2\/#primaryimage","url":"https:\/\/www.mexicanguitarplayers.com\/wp-content\/uploads\/2025\/04\/ITKURSP2.jpg","contentUrl":"https:\/\/www.mexicanguitarplayers.com\/wp-content\/uploads\/2025\/04\/ITKURSP2.jpg","width":1008,"height":1008},{"@type":"BreadcrumbList","@id":"https:\/\/www.mexicanguitarplayers.com\/tienda\/sin categor\u00eda\/piano-kurzweil-stage-mod-sp2\/#breadcrumb","itemListElement":[{"@type":"ListItem","position":1,"name":"Portada","item":"https:\/\/www.mexicanguitarplayers.com\/"},{"@type":"ListItem","position":2,"name":"Tienda","item":"https:\/\/www.mexicanguitarplayers.com\/tienda\/"},{"@type":"ListItem","position":3,"name":"PIANO KURZWEIL STAGE MOD. SP2"}]},{"@type":"WebSite","@id":"https:\/\/www.mexicanguitarplayers.com\/#website","url":"https:\/\/www.mexicanguitarplayers.com\/","name":"Mexican Guitar Players","description":"Website","publisher":{"@id":"https:\/\/www.mexicanguitarplayers.com\/#organization"},"potentialAction":[{"@type":"SearchAction","target":{"@type":"EntryPoint","urlTemplate":"https:\/\/www.mexicanguitarplayers.com\/?s={search_term_string}"},"query-input":{"@type":"PropertyValueSpecification","valueRequired":true,"valueName":"search_term_string"}}],"inLanguage":"en-US"},{"@type":"Organization","@id":"https:\/\/www.mexicanguitarplayers.com\/#organization","name":"Mexican Guitar Players","url":"https:\/\/www.mexicanguitarplayers.com\/","logo":{"@type":"ImageObject","inLanguage":"en-US","@id":"https:\/\/www.mexicanguitarplayers.com\/#\/schema\/logo\/image\/","url":"","contentUrl":"","caption":"Mexican Guitar Players"},"image":{"@id":"https:\/\/www.mexicanguitarplayers.com\/#\/schema\/logo\/image\/"}}]}},"brands":[{"id":397,"name":"KURZWEIL","slug":"kurzweil"}],"_links":{"self":[{"href":"https:\/\/www.mexicanguitarplayers.com\/en\/wp-json\/wp\/v2\/product\/30279","targetHints":{"allow":["GET"]}}],"collection":[{"href":"https:\/\/www.mexicanguitarplayers.com\/en\/wp-json\/wp\/v2\/product"}],"about":[{"href":"https:\/\/www.mexicanguitarplayers.com\/en\/wp-json\/wp\/v2\/types\/product"}],"replies":[{"embeddable":true,"href":"https:\/\/www.mexicanguitarplayers.com\/en\/wp-json\/wp\/v2\/comments?post=30279"}],"wp:featuredmedia":[{"embeddable":true,"href":"https:\/\/www.mexicanguitarplayers.com\/en\/wp-json\/wp\/v2\/media\/30278"}],"wp:attachment":[{"href":"https:\/\/www.mexicanguitarplayers.com\/en\/wp-json\/wp\/v2\/media?parent=30279"}],"wp:term":[{"taxonomy":"pwb-brand","embeddable":true,"href":"https:\/\/www.mexicanguitarplayers.com\/en\/wp-json\/wp\/v2\/pwb-brand?post=30279"},{"taxonomy":"product_brand","embeddable":true,"href":"https:\/\/www.mexicanguitarplayers.com\/en\/wp-json\/wp\/v2\/product_brand?post=30279"},{"taxonomy":"product_cat","embeddable":true,"href":"https:\/\/www.mexicanguitarplayers.com\/en\/wp-json\/wp\/v2\/product_cat?post=30279"},{"taxonomy":"product_tag","embeddable":true,"href":"https:\/\/www.mexicanguitarplayers.com\/en\/wp-json\/wp\/v2\/product_tag?post=30279"}],"curies":[{"name":"wp","href":"https:\/\/api.w.org\/{rel}","templated":true}]}}