{"id":30284,"date":"2025-04-08T11:11:08","date_gmt":"2025-04-08T17:11:08","guid":{"rendered":"https:\/\/www.mexicanguitarplayers.com\/tienda\/sin categor\u00eda\/amplificador-bugera-p-guit-t5-infinium\/"},"modified":"2026-04-10T04:37:21","modified_gmt":"2026-04-10T10:37:21","slug":"amplificador-bugera-p-guit-t5-infinium","status":"publish","type":"product","link":"https:\/\/www.mexicanguitarplayers.com\/en\/tienda\/cuerdas\/amplificadores-cuerdas\/amps-para-guitarra\/amplificador-bugera-p-guit-t5-infinium\/","title":{"rendered":"AMPLIFICADOR BUGERA P\/GUIT. T5 INFINIUM"},"content":{"rendered":"<div style=\"text-align: justify\">\n<div>\n<h3>El peque\u00f1o pero poderoso T5 INFINIUM.<\/h3>\n<\/div>\n<div>El dise\u00f1o y el sonido intemporales del amplificador de bulbos han dejado su huella indeleble en innumerables pistas amadas que abarcan la historia de la guitarra el\u00e9ctrica. Con la b\u00fasqueda definitiva de esos tonos vintage maravillosamente saturados y mantecosos en mente, presentamos con orgullo el amplificador T5. Con un aspecto y sensaci\u00f3n magn\u00edficos, el T5 ofrece 5 hermosos watts Clase A en bulbos en todos tus sabores favoritos y presenta nuestra revolucionaria tecnolog\u00eda INFINIUM Tube Life Multiplier, que no solamente controla el estado de tu bulbo de salida sino que puede extender su vida \u00fatil hasta por 20 veces. Un atenuador de potencia de 2 v\u00edas incorporado te permite lograr el mejor sonido en cualquier volumen, hasta 0.1 watts y el ecualizador vintage ultra f\u00e1cil de usar (graves y agudos) lo har\u00e1 marcar el tono de tus sue\u00f1os. Completamos todo con un reverb de alta definici\u00f3n y un sonido dulce que brinda un aire de atemporalidad a tus partes de solo y ritmo y un switch Phat para aumentar a\u00fan m\u00e1s el car\u00e1cter de sonido de tu guitarra. Todo se suma a un amplificador de bulbo con estilo vintage y tono escandaloso. El T5 INFINIUM presenta una verdadera tecnolog\u00eda de clase A con un front-end 12AX7 y una etapa de potencia EL84. Un amplificador a bulbos totalmente artesanal y magistral, el T5 proporciona arm\u00f3nicos dulcemente equilibrados y compresi\u00f3n de bulbo natural, lo que resulta en la distorsi\u00f3n c\u00e1lida y el brake-up que te encantan de esos megalitos vintage de anta\u00f1o, s\u00f3lo que en un paquete mucho m\u00e1s port\u00e1til y atractivo. El bulbo de preamp 12AX7 seleccionado a mano en el preamp cl\u00e1sico de la era de los 60s del T5 ofrece de todo, desde azules dulcemente ronroneantes hasta un alucinante crunch. A menudo empleado en amplificadores de estilo brit\u00e1nico, el bulbo de salida EL84 es conocido por su calidad tonal n\u00edtida y sonora, cuando se lleva al m\u00e1ximo y el T5 aprovecha esa potencia a trav\u00e9s del atenuador de potencia incorporado para obtener el tono de guitarra definitico en cualquier volumen.<\/div>\n<div>\n<h4>Quick look<\/h4>\n<\/div>\n<ul style=\"margin: 0px 0px 0px 25px\">\n<li style=\"list-style-type: circle;margin: 5px\">Preamp section.<\/li>\n<li style=\"list-style-type: circle;margin: 5px\">Amplifier section.<\/li>\n<li style=\"list-style-type: circle;margin: 5px\">Energy.<\/li>\n<li style=\"list-style-type: circle;margin: 5px\">Dimensions.<\/li>\n<li style=\"list-style-type: circle;margin: 5px\">Weight.<\/li>\n<\/ul>\n<div>\n<div style=\"font-weight: bold\">Preamp section.<\/div>\n<div>\n<p>Tipo de bulbos: 12AX7. Conector de entrada: TS 1\/4&#8243; desbalanceado. Impedancia de entrada: 1 mili-ohm.<\/p>\n<\/div>\n<div style=\"font-weight: bold\">Amplifier section.<\/div>\n<div>\n<p>Tipo de bulbo: EL84. Potencia de salida: 5 watts. Atenuador de potencia conmutable: 5 watts, 1 watt, 0.1 watts. Impedancia de carga: 4 ohms. Conectores de altavoz: TS 1\/4&#8243; desbalanceado. Salidas de aud\u00edfono est\u00e9reo: TS 1\/4&#8243; desbalanceado.<\/p>\n<\/div>\n<div style=\"font-weight: bold\">Energy.<\/div>\n<div>\n<p>Consumo de energ\u00eda a 1\/8&#8243; de su m\u00e1xima potencia: 40 watts. Fusible: 100-120 V T 1A H 250 V. Conector de energ\u00eda: Recept\u00e1culo IEC est\u00e1ndar.<\/p>\n<\/div>\n<div style=\"font-weight: bold\">Dimensions.<\/div>\n<div>\n<p>155 x 223 x 165 mm.<\/p>\n<\/div>\n<div style=\"font-weight: bold\">Weight.<\/div>\n<div>\n<p>4.1 kg.<\/p>\n<\/div>\n<\/div>\n<\/div>","protected":false},"excerpt":{"rendered":"<p>Amplificador de bulbos para guitarra estilo jaula de 5 watts, un bulbo 12AX7 y un bulbo EL84, aut\u00e9ntico dise\u00f1o de preamplificador (todo desde el tradicional clean\/crunch hasta sonidos modernos de guitarra de alta ganancia), revolucionaria tecnolog\u00eda INFINIUM para multiplicar la vida del bulbo hasta 20 veces, y proporciona una incre\u00edble confiabilidad y un tono constante, supervisa el rendimiento del bulbo de alimentaci\u00f3n continuamente y muestra el bulbo defectuoso para permitir un f\u00e1cil reemplazo, reverb integrada de alta definici\u00f3n con control de reverb dedicado, secci\u00f3n de ecualizador vintage con controles dedicados de graves y agudos, fant\u00e1stico switch para aumentar el car\u00e1cter de sonido de tu guitarra, atenuador de potencia de 2 v\u00edas incorporado que te permite obtener el mejor sonido a cualquier volumen, terminado en espejo met\u00e1lico estilo jaula y asa tipo maleta que recuerda el sabor vintage, dimensiones: 155 x 223 x 165 mm, peso: 4.1 kg.&hellip; <a class=\"kt-excerpt-readmore more-link\" href=\"https:\/\/www.mexicanguitarplayers.com\/en\/tienda\/cuerdas\/amplificadores-cuerdas\/amps-para-guitarra\/amplificador-bugera-p-guit-t5-infinium\/\">Read more<\/a><\/p>","protected":false},"featured_media":30280,"comment_status":"open","ping_status":"closed","template":"","meta":{"kt_blocks_editor_width":""},"pwb-brand":[173],"product_brand":[],"product_cat":[219,226,224],"product_tag":[],"class_list":{"0":"post-30284","1":"product","2":"type-product","3":"status-publish","4":"has-post-thumbnail","6":"pwb-brand-bugera","7":"product_cat-amplificadores-audio","8":"product_cat-amps-para-guitarra","9":"product_cat-cuerdas","10":"product_shipping_class-5-10-kg","12":"first","13":"outofstock","14":"taxable","15":"shipping-taxable","16":"purchasable","17":"product-type-simple"},"yoast_head":"<!-- This site is optimized with the Yoast SEO plugin v27.5 - https:\/\/yoast.com\/product\/yoast-seo-wordpress\/ -->\n<title>AMPLIFICADOR BUGERA P\/GUIT. T5 INFINIUM - Mexican Guitar Players<\/title>\n<meta name=\"description\" content=\"Amplificador de bulbos para guitarra estilo jaula de 5 watts, un bulbo 12AX7 y un bulbo EL84, aut\u00e9ntico dise\u00f1o de preamplificador (todo desde el tradicional clean\/crunch hasta sonidos modernos de guitarra de alta ganancia), revolucionaria tecnolog\u00eda INFINIUM para multiplicar la vida del bulbo hasta 20 veces, y proporciona una incre\u00edble confiabilidad y un tono constante, supervisa el rendimiento del bulbo de alimentaci\u00f3n continuamente y muestra el bulbo defectuoso para permitir un f\u00e1cil reemplazo, reverb integrada de alta definici\u00f3n con control de reverb dedicado, secci\u00f3n de ecualizador vintage con controles dedicados de graves y agudos, fant\u00e1stico switch para aumentar el car\u00e1cter de sonido de tu guitarra, atenuador de potencia de 2 v\u00edas incorporado que te permite obtener el mejor sonido a cualquier volumen, terminado en espejo met\u00e1lico estilo jaula y asa tipo maleta que recuerda el sabor vintage, dimensiones: 155 x 223 x 165 mm, peso: 4.1 kg.\" \/>\n<meta name=\"robots\" content=\"index, follow, max-snippet:-1, max-image-preview:large, max-video-preview:-1\" \/>\n<link rel=\"canonical\" href=\"https:\/\/www.mexicanguitarplayers.com\/en\/tienda\/sin%20categor\u00eda\/amplificador-bugera-p-guit-t5-infinium\/\" \/>\n<meta property=\"og:locale\" content=\"en_US\" \/>\n<meta property=\"og:type\" content=\"article\" \/>\n<meta property=\"og:title\" content=\"AMPLIFICADOR BUGERA P\/GUIT. T5 INFINIUM - Mexican Guitar Players\" \/>\n<meta property=\"og:description\" content=\"Amplificador de bulbos para guitarra estilo jaula de 5 watts, un bulbo 12AX7 y un bulbo EL84, aut\u00e9ntico dise\u00f1o de preamplificador (todo desde el tradicional clean\/crunch hasta sonidos modernos de guitarra de alta ganancia), revolucionaria tecnolog\u00eda INFINIUM para multiplicar la vida del bulbo hasta 20 veces, y proporciona una incre\u00edble confiabilidad y un tono constante, supervisa el rendimiento del bulbo de alimentaci\u00f3n continuamente y muestra el bulbo defectuoso para permitir un f\u00e1cil reemplazo, reverb integrada de alta definici\u00f3n con control de reverb dedicado, secci\u00f3n de ecualizador vintage con controles dedicados de graves y agudos, fant\u00e1stico switch para aumentar el car\u00e1cter de sonido de tu guitarra, atenuador de potencia de 2 v\u00edas incorporado que te permite obtener el mejor sonido a cualquier volumen, terminado en espejo met\u00e1lico estilo jaula y asa tipo maleta que recuerda el sabor vintage, dimensiones: 155 x 223 x 165 mm, peso: 4.1 kg.\" \/>\n<meta property=\"og:url\" content=\"https:\/\/www.mexicanguitarplayers.com\/en\/tienda\/sin categor\u00eda\/amplificador-bugera-p-guit-t5-infinium\/\" \/>\n<meta property=\"og:site_name\" content=\"Mexican Guitar Players\" \/>\n<meta property=\"article:modified_time\" content=\"2026-04-10T10:37:21+00:00\" \/>\n<meta name=\"twitter:card\" content=\"summary_large_image\" \/>\n<meta name=\"twitter:label1\" content=\"Est. reading time\" \/>\n\t<meta name=\"twitter:data1\" content=\"2 minutes\" \/>\n<script type=\"application\/ld+json\" class=\"yoast-schema-graph\">{\"@context\":\"https:\\\/\\\/schema.org\",\"@graph\":[{\"@type\":[\"WebPage\",\"ItemPage\"],\"@id\":\"https:\\\/\\\/www.mexicanguitarplayers.com\\\/tienda\\\/sin categor\u00eda\\\/amplificador-bugera-p-guit-t5-infinium\\\/\",\"url\":\"https:\\\/\\\/www.mexicanguitarplayers.com\\\/tienda\\\/sin categor\u00eda\\\/amplificador-bugera-p-guit-t5-infinium\\\/\",\"name\":\"AMPLIFICADOR BUGERA P\\\/GUIT. T5 INFINIUM - Mexican Guitar Players\",\"isPartOf\":{\"@id\":\"https:\\\/\\\/www.mexicanguitarplayers.com\\\/#website\"},\"primaryImageOfPage\":{\"@id\":\"https:\\\/\\\/www.mexicanguitarplayers.com\\\/tienda\\\/sin categor\u00eda\\\/amplificador-bugera-p-guit-t5-infinium\\\/#primaryimage\"},\"image\":{\"@id\":\"https:\\\/\\\/www.mexicanguitarplayers.com\\\/tienda\\\/sin categor\u00eda\\\/amplificador-bugera-p-guit-t5-infinium\\\/#primaryimage\"},\"thumbnailUrl\":\"https:\\\/\\\/www.mexicanguitarplayers.com\\\/wp-content\\\/uploads\\\/2025\\\/04\\\/ICBUGT5INFINIU.jpg\",\"datePublished\":\"2025-04-08T17:11:08+00:00\",\"dateModified\":\"2026-04-10T10:37:21+00:00\",\"description\":\"Amplificador de bulbos para guitarra estilo jaula de 5 watts, un bulbo 12AX7 y un bulbo EL84, aut\u00e9ntico dise\u00f1o de preamplificador (todo desde el tradicional clean\\\/crunch hasta sonidos modernos de guitarra de alta ganancia), revolucionaria tecnolog\u00eda INFINIUM para multiplicar la vida del bulbo hasta 20 veces, y proporciona una incre\u00edble confiabilidad y un tono constante, supervisa el rendimiento del bulbo de alimentaci\u00f3n continuamente y muestra el bulbo defectuoso para permitir un f\u00e1cil reemplazo, reverb integrada de alta definici\u00f3n con control de reverb dedicado, secci\u00f3n de ecualizador vintage con controles dedicados de graves y agudos, fant\u00e1stico switch para aumentar el car\u00e1cter de sonido de tu guitarra, atenuador de potencia de 2 v\u00edas incorporado que te permite obtener el mejor sonido a cualquier volumen, terminado en espejo met\u00e1lico estilo jaula y asa tipo maleta que recuerda el sabor vintage, dimensiones: 155 x 223 x 165 mm, peso: 4.1 kg.\",\"breadcrumb\":{\"@id\":\"https:\\\/\\\/www.mexicanguitarplayers.com\\\/tienda\\\/sin categor\u00eda\\\/amplificador-bugera-p-guit-t5-infinium\\\/#breadcrumb\"},\"inLanguage\":\"en-US\",\"potentialAction\":[{\"@type\":\"ReadAction\",\"target\":[\"https:\\\/\\\/www.mexicanguitarplayers.com\\\/tienda\\\/sin categor\u00eda\\\/amplificador-bugera-p-guit-t5-infinium\\\/\"]}]},{\"@type\":\"ImageObject\",\"inLanguage\":\"en-US\",\"@id\":\"https:\\\/\\\/www.mexicanguitarplayers.com\\\/tienda\\\/sin categor\u00eda\\\/amplificador-bugera-p-guit-t5-infinium\\\/#primaryimage\",\"url\":\"https:\\\/\\\/www.mexicanguitarplayers.com\\\/wp-content\\\/uploads\\\/2025\\\/04\\\/ICBUGT5INFINIU.jpg\",\"contentUrl\":\"https:\\\/\\\/www.mexicanguitarplayers.com\\\/wp-content\\\/uploads\\\/2025\\\/04\\\/ICBUGT5INFINIU.jpg\",\"width\":1200,\"height\":1200},{\"@type\":\"BreadcrumbList\",\"@id\":\"https:\\\/\\\/www.mexicanguitarplayers.com\\\/tienda\\\/sin categor\u00eda\\\/amplificador-bugera-p-guit-t5-infinium\\\/#breadcrumb\",\"itemListElement\":[{\"@type\":\"ListItem\",\"position\":1,\"name\":\"Portada\",\"item\":\"https:\\\/\\\/www.mexicanguitarplayers.com\\\/\"},{\"@type\":\"ListItem\",\"position\":2,\"name\":\"Tienda\",\"item\":\"https:\\\/\\\/www.mexicanguitarplayers.com\\\/tienda\\\/\"},{\"@type\":\"ListItem\",\"position\":3,\"name\":\"AMPLIFICADOR BUGERA P\\\/GUIT. T5 INFINIUM\"}]},{\"@type\":\"WebSite\",\"@id\":\"https:\\\/\\\/www.mexicanguitarplayers.com\\\/#website\",\"url\":\"https:\\\/\\\/www.mexicanguitarplayers.com\\\/\",\"name\":\"Mexican Guitar Players\",\"description\":\"Website\",\"publisher\":{\"@id\":\"https:\\\/\\\/www.mexicanguitarplayers.com\\\/#organization\"},\"potentialAction\":[{\"@type\":\"SearchAction\",\"target\":{\"@type\":\"EntryPoint\",\"urlTemplate\":\"https:\\\/\\\/www.mexicanguitarplayers.com\\\/?s={search_term_string}\"},\"query-input\":{\"@type\":\"PropertyValueSpecification\",\"valueRequired\":true,\"valueName\":\"search_term_string\"}}],\"inLanguage\":\"en-US\"},{\"@type\":\"Organization\",\"@id\":\"https:\\\/\\\/www.mexicanguitarplayers.com\\\/#organization\",\"name\":\"Mexican Guitar Players\",\"url\":\"https:\\\/\\\/www.mexicanguitarplayers.com\\\/\",\"logo\":{\"@type\":\"ImageObject\",\"inLanguage\":\"en-US\",\"@id\":\"https:\\\/\\\/www.mexicanguitarplayers.com\\\/#\\\/schema\\\/logo\\\/image\\\/\",\"url\":\"\",\"contentUrl\":\"\",\"caption\":\"Mexican Guitar Players\"},\"image\":{\"@id\":\"https:\\\/\\\/www.mexicanguitarplayers.com\\\/#\\\/schema\\\/logo\\\/image\\\/\"}}]}<\/script>\n<!-- \/ Yoast SEO plugin. -->","yoast_head_json":{"title":"AMPLIFICADOR BUGERA P\/GUIT. T5 INFINIUM - Mexican Guitar Players","description":"5-watt cage-style guitar amp, one 12AX7 and one EL84 bulb, authentic preamp design (everything from traditional clean \/ crunch to modern high-gain guitar sounds), revolutionary INFINIUM technology to multiply the life of the bulb up to 20 times, and provides incredible reliability and consistent tone, continuously monitors power bulb performance and displays faulty bulb to allow easy replacement, built-in high definition reverb with dedicated reverb control, vintage EQ section with controls dedicated bass and treble, fantastic switch to increase the sound character of your guitar, built-in 2-way power attenuator that allows you to obtain the best sound at any volume, cage-style metal mirror finish and a suitcase-style handle that remembers the flavor vintage, dimensions: 155 x 223 x 165 mm, weight: 4.1 kg.","robots":{"index":"index","follow":"follow","max-snippet":"max-snippet:-1","max-image-preview":"max-image-preview:large","max-video-preview":"max-video-preview:-1"},"canonical":"https:\/\/www.mexicanguitarplayers.com\/en\/tienda\/sin categor\u00eda\/amplificador-bugera-p-guit-t5-infinium\/","og_locale":"en_US","og_type":"article","og_title":"AMPLIFICADOR BUGERA P\/GUIT. T5 INFINIUM - Mexican Guitar Players","og_description":"Amplificador de bulbos para guitarra estilo jaula de 5 watts, un bulbo 12AX7 y un bulbo EL84, aut\u00e9ntico dise\u00f1o de preamplificador (todo desde el tradicional clean\/crunch hasta sonidos modernos de guitarra de alta ganancia), revolucionaria tecnolog\u00eda INFINIUM para multiplicar la vida del bulbo hasta 20 veces, y proporciona una incre\u00edble confiabilidad y un tono constante, supervisa el rendimiento del bulbo de alimentaci\u00f3n continuamente y muestra el bulbo defectuoso para permitir un f\u00e1cil reemplazo, reverb integrada de alta definici\u00f3n con control de reverb dedicado, secci\u00f3n de ecualizador vintage con controles dedicados de graves y agudos, fant\u00e1stico switch para aumentar el car\u00e1cter de sonido de tu guitarra, atenuador de potencia de 2 v\u00edas incorporado que te permite obtener el mejor sonido a cualquier volumen, terminado en espejo met\u00e1lico estilo jaula y asa tipo maleta que recuerda el sabor vintage, dimensiones: 155 x 223 x 165 mm, peso: 4.1 kg.","og_url":"https:\/\/www.mexicanguitarplayers.com\/en\/tienda\/sin categor\u00eda\/amplificador-bugera-p-guit-t5-infinium\/","og_site_name":"Mexican Guitar Players","article_modified_time":"2026-04-10T10:37:21+00:00","twitter_card":"summary_large_image","twitter_misc":{"Est. reading time":"2 minutes"},"schema":{"@context":"https:\/\/schema.org","@graph":[{"@type":["WebPage","ItemPage"],"@id":"https:\/\/www.mexicanguitarplayers.com\/tienda\/sin categor\u00eda\/amplificador-bugera-p-guit-t5-infinium\/","url":"https:\/\/www.mexicanguitarplayers.com\/tienda\/sin categor\u00eda\/amplificador-bugera-p-guit-t5-infinium\/","name":"AMPLIFICADOR BUGERA P\/GUIT. T5 INFINIUM - Mexican Guitar Players","isPartOf":{"@id":"https:\/\/www.mexicanguitarplayers.com\/#website"},"primaryImageOfPage":{"@id":"https:\/\/www.mexicanguitarplayers.com\/tienda\/sin categor\u00eda\/amplificador-bugera-p-guit-t5-infinium\/#primaryimage"},"image":{"@id":"https:\/\/www.mexicanguitarplayers.com\/tienda\/sin categor\u00eda\/amplificador-bugera-p-guit-t5-infinium\/#primaryimage"},"thumbnailUrl":"https:\/\/www.mexicanguitarplayers.com\/wp-content\/uploads\/2025\/04\/ICBUGT5INFINIU.jpg","datePublished":"2025-04-08T17:11:08+00:00","dateModified":"2026-04-10T10:37:21+00:00","description":"5-watt cage-style guitar amp, one 12AX7 and one EL84 bulb, authentic preamp design (everything from traditional clean \/ crunch to modern high-gain guitar sounds), revolutionary INFINIUM technology to multiply the life of the bulb up to 20 times, and provides incredible reliability and consistent tone, continuously monitors power bulb performance and displays faulty bulb to allow easy replacement, built-in high definition reverb with dedicated reverb control, vintage EQ section with controls dedicated bass and treble, fantastic switch to increase the sound character of your guitar, built-in 2-way power attenuator that allows you to obtain the best sound at any volume, cage-style metal mirror finish and a suitcase-style handle that remembers the flavor vintage, dimensions: 155 x 223 x 165 mm, weight: 4.1 kg.","breadcrumb":{"@id":"https:\/\/www.mexicanguitarplayers.com\/tienda\/sin categor\u00eda\/amplificador-bugera-p-guit-t5-infinium\/#breadcrumb"},"inLanguage":"en-US","potentialAction":[{"@type":"ReadAction","target":["https:\/\/www.mexicanguitarplayers.com\/tienda\/sin categor\u00eda\/amplificador-bugera-p-guit-t5-infinium\/"]}]},{"@type":"ImageObject","inLanguage":"en-US","@id":"https:\/\/www.mexicanguitarplayers.com\/tienda\/sin categor\u00eda\/amplificador-bugera-p-guit-t5-infinium\/#primaryimage","url":"https:\/\/www.mexicanguitarplayers.com\/wp-content\/uploads\/2025\/04\/ICBUGT5INFINIU.jpg","contentUrl":"https:\/\/www.mexicanguitarplayers.com\/wp-content\/uploads\/2025\/04\/ICBUGT5INFINIU.jpg","width":1200,"height":1200},{"@type":"BreadcrumbList","@id":"https:\/\/www.mexicanguitarplayers.com\/tienda\/sin categor\u00eda\/amplificador-bugera-p-guit-t5-infinium\/#breadcrumb","itemListElement":[{"@type":"ListItem","position":1,"name":"Portada","item":"https:\/\/www.mexicanguitarplayers.com\/"},{"@type":"ListItem","position":2,"name":"Tienda","item":"https:\/\/www.mexicanguitarplayers.com\/tienda\/"},{"@type":"ListItem","position":3,"name":"AMPLIFICADOR BUGERA P\/GUIT. T5 INFINIUM"}]},{"@type":"WebSite","@id":"https:\/\/www.mexicanguitarplayers.com\/#website","url":"https:\/\/www.mexicanguitarplayers.com\/","name":"Mexican Guitar Players","description":"Website","publisher":{"@id":"https:\/\/www.mexicanguitarplayers.com\/#organization"},"potentialAction":[{"@type":"SearchAction","target":{"@type":"EntryPoint","urlTemplate":"https:\/\/www.mexicanguitarplayers.com\/?s={search_term_string}"},"query-input":{"@type":"PropertyValueSpecification","valueRequired":true,"valueName":"search_term_string"}}],"inLanguage":"en-US"},{"@type":"Organization","@id":"https:\/\/www.mexicanguitarplayers.com\/#organization","name":"Mexican Guitar Players","url":"https:\/\/www.mexicanguitarplayers.com\/","logo":{"@type":"ImageObject","inLanguage":"en-US","@id":"https:\/\/www.mexicanguitarplayers.com\/#\/schema\/logo\/image\/","url":"","contentUrl":"","caption":"Mexican Guitar Players"},"image":{"@id":"https:\/\/www.mexicanguitarplayers.com\/#\/schema\/logo\/image\/"}}]}},"brands":[{"id":173,"name":"BUGERA","slug":"bugera"}],"_links":{"self":[{"href":"https:\/\/www.mexicanguitarplayers.com\/en\/wp-json\/wp\/v2\/product\/30284","targetHints":{"allow":["GET"]}}],"collection":[{"href":"https:\/\/www.mexicanguitarplayers.com\/en\/wp-json\/wp\/v2\/product"}],"about":[{"href":"https:\/\/www.mexicanguitarplayers.com\/en\/wp-json\/wp\/v2\/types\/product"}],"replies":[{"embeddable":true,"href":"https:\/\/www.mexicanguitarplayers.com\/en\/wp-json\/wp\/v2\/comments?post=30284"}],"wp:featuredmedia":[{"embeddable":true,"href":"https:\/\/www.mexicanguitarplayers.com\/en\/wp-json\/wp\/v2\/media\/30280"}],"wp:attachment":[{"href":"https:\/\/www.mexicanguitarplayers.com\/en\/wp-json\/wp\/v2\/media?parent=30284"}],"wp:term":[{"taxonomy":"pwb-brand","embeddable":true,"href":"https:\/\/www.mexicanguitarplayers.com\/en\/wp-json\/wp\/v2\/pwb-brand?post=30284"},{"taxonomy":"product_brand","embeddable":true,"href":"https:\/\/www.mexicanguitarplayers.com\/en\/wp-json\/wp\/v2\/product_brand?post=30284"},{"taxonomy":"product_cat","embeddable":true,"href":"https:\/\/www.mexicanguitarplayers.com\/en\/wp-json\/wp\/v2\/product_cat?post=30284"},{"taxonomy":"product_tag","embeddable":true,"href":"https:\/\/www.mexicanguitarplayers.com\/en\/wp-json\/wp\/v2\/product_tag?post=30284"}],"curies":[{"name":"wp","href":"https:\/\/api.w.org\/{rel}","templated":true}]}}