{"id":30339,"date":"2025-04-08T11:12:20","date_gmt":"2025-04-08T17:12:20","guid":{"rendered":"https:\/\/www.mexicanguitarplayers.com\/tienda\/sin categor\u00eda\/controlador-stanton-mod-scs1m\/"},"modified":"2026-05-01T07:25:18","modified_gmt":"2026-05-01T13:25:18","slug":"controlador-stanton-mod-scs1m","status":"publish","type":"product","link":"https:\/\/www.mexicanguitarplayers.com\/en\/tienda\/audio\/equipo-de-dj\/controladores-equipo-de-dj\/mixer\/controlador-stanton-mod-scs1m\/","title":{"rendered":"CONTROLADOR STANTON  MOD. SCS1M"},"content":{"rendered":"<div style=\"text-align: justify\">\n<div>\n<h3>Cuando se encuentran el control y estilo en tus mezclas.<\/h3>\n<\/div>\n<div>Hace tiempo los DJs no habr\u00edan considerado girar sus tornamesas desde una computadora. Pero ahora, la escritura no se encuentra solo en las paredes, son brillantes letras de ne\u00f3n de 20 pies. Gracias a su portabilidad, capacidad de procesamiento, almacenamiento de m\u00fasica y sus r\u00e1pidos avances en el software de DJ, las computadoras port\u00e1tiles est\u00e1n aqu\u00ed para quedarse. Con esto en mente, Stanton audazmente introduce al mundo el sistema mundial de control de DJ dise\u00f1ado para potenciar plenamente a los DJ y productores de laptop y computadoras de escritorio. Introduciendo el sistema SC. El futuro del DJing digital en Mac y PC.  El sistema SC va mucho m\u00e1s all\u00e1 de simples controladores &#8220;todo-en-uno&#8221;, gracias a sus componentes decks y mezcladoras separados. Esto permite m\u00faltiples configuraciones, con limpias l\u00edneas trazadas entre funciones de cada unidad. Permite tambi\u00e9n una caracter\u00edstica premium, incluyendo conexiones firewire, un plato motorizado, faders motorizados, codificadores rotatorios, flexibilidad m\u00e1xima e integraci\u00f3n al software de DJ con avanzada retroalimentaci\u00f3n de doble v\u00eda. EN conjunto, estas caracter\u00edsticas permiten que el sistema SC pueda ir a donde ning\u00fan otro producto de DJ ha ido antes. El SCS1M es una mezcladora con tarjeta de sonido firewire de 24 bits\/96 kHz incorporada, para una mayor rapidez en la transmisi\u00f3n de datos, asegura la compatibilidad con cualquier software  que soporte aprendizaje Midi, la mezcladora tambi\u00e9n dispone de entrada de l\u00ednea y salidas balanceadas, tiene leds asignables en los knobs para el software que sea capaz de dar feedback para las luces de knobs.<\/div>\n<div>\n<h4>Characteristics<\/h4>\n<\/div>\n<div>\n<ul style=\"margin: 0px 0px 0px 25px\">\n<li style=\"list-style-type: circle;margin: 5px\">Novedad en redcoon.<\/li>\n<li style=\"list-style-type: circle;margin: 5px\">El primer controlador\/mixer dise\u00f1ado \u00edntegramente para DJ Digital.<\/li>\n<li style=\"list-style-type: circle;margin: 5px\">Dise\u00f1o familiar de 4 canales.<\/li>\n<li style=\"list-style-type: circle;margin: 5px\">Secci\u00f3n de knobs asignables.<\/li>\n<li style=\"list-style-type: circle;margin: 5px\">LCD con comunicaci\u00f3n de 2 v\u00edas.<\/li>\n<li style=\"list-style-type: circle;margin: 5px\">Mapeado sencillo con la mayor\u00eda de software DJ o VJ.<\/li>\n<li style=\"list-style-type: circle;margin: 5px\">Secci\u00f3n de navegaci\u00f3n para consulta remota de playlists.<\/li>\n<li style=\"list-style-type: circle;margin: 5px\">Entradas de Micro\/Phono\/L\u00ednea.<\/li>\n<li style=\"list-style-type: circle;margin: 5px\">Conexi\u00f3n Firewire integrada.<\/li>\n<li style=\"list-style-type: circle;margin: 5px\">Compatibilidad Windows y MAC OS.<\/li>\n<li style=\"list-style-type: circle;margin: 5px\">Perfecto como m\u00f3dulo separado o junto a SCS.1D.<\/li>\n<li style=\"list-style-type: circle;margin: 5px\">Main Outs TRS balanceados.<\/li>\n<li style=\"list-style-type: circle;margin: 5px\">Entrada de pedal.<\/li>\n<li style=\"list-style-type: circle;margin: 5px\">Integraci\u00f3n y asignaci\u00f3n total MIDI.<\/li>\n<\/ul>\n<\/div>\n<\/div>","protected":false},"excerpt":{"rendered":"<p>Superficie de control para software de DJ, 4 canales, medidores de alta precisi\u00f3n, potenci\u00f3metros programables con indicadores de leds de 360\u00b0 por canal, asignaci\u00f3n sencilla de elementos del controlador a elementos de los software de DJ m\u00e1spopulares, conexi\u00f3n firewire y compatibilidad con MAC y PC, salida main en 1\/4balanceados, salida de booth en RCA, salida de aud\u00edfono en 1\/4.&hellip; <a class=\"kt-excerpt-readmore more-link\" href=\"https:\/\/www.mexicanguitarplayers.com\/en\/tienda\/audio\/equipo-de-dj\/controladores-equipo-de-dj\/mixer\/controlador-stanton-mod-scs1m\/\">Read more<\/a><\/p>","protected":false},"featured_media":30336,"comment_status":"open","ping_status":"closed","template":"","meta":{"kt_blocks_editor_width":""},"pwb-brand":[554],"product_brand":[],"product_cat":[213,407,483,545],"product_tag":[],"class_list":{"0":"post-30339","1":"product","2":"type-product","3":"status-publish","4":"has-post-thumbnail","6":"pwb-brand-stanton","7":"product_cat-audio","8":"product_cat-controladores","9":"product_cat-equipo-de-dj","10":"product_cat-mixer","11":"product_shipping_class-0-5-kg","13":"first","14":"instock","15":"taxable","16":"shipping-taxable","17":"purchasable","18":"product-type-simple"},"yoast_head":"<!-- This site is optimized with the Yoast SEO plugin v27.6 - https:\/\/yoast.com\/product\/yoast-seo-wordpress\/ -->\n<title>CONTROLADOR STANTON MOD. SCS1M - Mexican Guitar Players<\/title>\n<meta name=\"description\" content=\"Superficie de control para software de DJ, 4 canales, medidores de alta precisi\u00f3n, potenci\u00f3metros programables con indicadores de leds de 360\u00b0 por canal, asignaci\u00f3n sencilla de elementos del controlador a elementos de los software de DJ m\u00e1spopulares, conexi\u00f3n firewire y compatibilidad con MAC y PC, salida main en 1\/4balanceados, salida de booth en RCA, salida de aud\u00edfono en 1\/4.\" \/>\n<meta name=\"robots\" content=\"index, follow, max-snippet:-1, max-image-preview:large, max-video-preview:-1\" \/>\n<link rel=\"canonical\" href=\"https:\/\/www.mexicanguitarplayers.com\/en\/tienda\/sin%20categor\u00eda\/controlador-stanton-mod-scs1m\/\" \/>\n<meta property=\"og:locale\" content=\"en_US\" \/>\n<meta property=\"og:type\" content=\"article\" \/>\n<meta property=\"og:title\" content=\"CONTROLADOR STANTON MOD. SCS1M - Mexican Guitar Players\" \/>\n<meta property=\"og:description\" content=\"Superficie de control para software de DJ, 4 canales, medidores de alta precisi\u00f3n, potenci\u00f3metros programables con indicadores de leds de 360\u00b0 por canal, asignaci\u00f3n sencilla de elementos del controlador a elementos de los software de DJ m\u00e1spopulares, conexi\u00f3n firewire y compatibilidad con MAC y PC, salida main en 1\/4balanceados, salida de booth en RCA, salida de aud\u00edfono en 1\/4.\" \/>\n<meta property=\"og:url\" content=\"https:\/\/www.mexicanguitarplayers.com\/en\/tienda\/sin categor\u00eda\/controlador-stanton-mod-scs1m\/\" \/>\n<meta property=\"og:site_name\" content=\"Mexican Guitar Players\" \/>\n<meta property=\"article:modified_time\" content=\"2026-05-01T13:25:18+00:00\" \/>\n<meta name=\"twitter:card\" content=\"summary_large_image\" \/>\n<meta name=\"twitter:label1\" content=\"Est. reading time\" \/>\n\t<meta name=\"twitter:data1\" content=\"2 minutes\" \/>\n<script type=\"application\/ld+json\" class=\"yoast-schema-graph\">{\"@context\":\"https:\\\/\\\/schema.org\",\"@graph\":[{\"@type\":[\"WebPage\",\"ItemPage\"],\"@id\":\"https:\\\/\\\/www.mexicanguitarplayers.com\\\/tienda\\\/sin categor\u00eda\\\/controlador-stanton-mod-scs1m\\\/\",\"url\":\"https:\\\/\\\/www.mexicanguitarplayers.com\\\/tienda\\\/sin categor\u00eda\\\/controlador-stanton-mod-scs1m\\\/\",\"name\":\"CONTROLADOR STANTON MOD. SCS1M - Mexican Guitar Players\",\"isPartOf\":{\"@id\":\"https:\\\/\\\/www.mexicanguitarplayers.com\\\/#website\"},\"primaryImageOfPage\":{\"@id\":\"https:\\\/\\\/www.mexicanguitarplayers.com\\\/tienda\\\/sin categor\u00eda\\\/controlador-stanton-mod-scs1m\\\/#primaryimage\"},\"image\":{\"@id\":\"https:\\\/\\\/www.mexicanguitarplayers.com\\\/tienda\\\/sin categor\u00eda\\\/controlador-stanton-mod-scs1m\\\/#primaryimage\"},\"thumbnailUrl\":\"https:\\\/\\\/www.mexicanguitarplayers.com\\\/wp-content\\\/uploads\\\/2025\\\/04\\\/IASTNSCS1M.jpg\",\"datePublished\":\"2025-04-08T17:12:20+00:00\",\"dateModified\":\"2026-05-01T13:25:18+00:00\",\"description\":\"Superficie de control para software de DJ, 4 canales, medidores de alta precisi\u00f3n, potenci\u00f3metros programables con indicadores de leds de 360\u00b0 por canal, asignaci\u00f3n sencilla de elementos del controlador a elementos de los software de DJ m\u00e1spopulares, conexi\u00f3n firewire y compatibilidad con MAC y PC, salida main en 1\\\/4balanceados, salida de booth en RCA, salida de aud\u00edfono en 1\\\/4.\",\"breadcrumb\":{\"@id\":\"https:\\\/\\\/www.mexicanguitarplayers.com\\\/tienda\\\/sin categor\u00eda\\\/controlador-stanton-mod-scs1m\\\/#breadcrumb\"},\"inLanguage\":\"en-US\",\"potentialAction\":[{\"@type\":\"ReadAction\",\"target\":[\"https:\\\/\\\/www.mexicanguitarplayers.com\\\/tienda\\\/sin categor\u00eda\\\/controlador-stanton-mod-scs1m\\\/\"]}]},{\"@type\":\"ImageObject\",\"inLanguage\":\"en-US\",\"@id\":\"https:\\\/\\\/www.mexicanguitarplayers.com\\\/tienda\\\/sin categor\u00eda\\\/controlador-stanton-mod-scs1m\\\/#primaryimage\",\"url\":\"https:\\\/\\\/www.mexicanguitarplayers.com\\\/wp-content\\\/uploads\\\/2025\\\/04\\\/IASTNSCS1M.jpg\",\"contentUrl\":\"https:\\\/\\\/www.mexicanguitarplayers.com\\\/wp-content\\\/uploads\\\/2025\\\/04\\\/IASTNSCS1M.jpg\",\"width\":1600,\"height\":800},{\"@type\":\"BreadcrumbList\",\"@id\":\"https:\\\/\\\/www.mexicanguitarplayers.com\\\/tienda\\\/sin categor\u00eda\\\/controlador-stanton-mod-scs1m\\\/#breadcrumb\",\"itemListElement\":[{\"@type\":\"ListItem\",\"position\":1,\"name\":\"Portada\",\"item\":\"https:\\\/\\\/www.mexicanguitarplayers.com\\\/\"},{\"@type\":\"ListItem\",\"position\":2,\"name\":\"Tienda\",\"item\":\"https:\\\/\\\/www.mexicanguitarplayers.com\\\/tienda\\\/\"},{\"@type\":\"ListItem\",\"position\":3,\"name\":\"CONTROLADOR STANTON MOD. SCS1M\"}]},{\"@type\":\"WebSite\",\"@id\":\"https:\\\/\\\/www.mexicanguitarplayers.com\\\/#website\",\"url\":\"https:\\\/\\\/www.mexicanguitarplayers.com\\\/\",\"name\":\"Mexican Guitar Players\",\"description\":\"Website\",\"publisher\":{\"@id\":\"https:\\\/\\\/www.mexicanguitarplayers.com\\\/#organization\"},\"potentialAction\":[{\"@type\":\"SearchAction\",\"target\":{\"@type\":\"EntryPoint\",\"urlTemplate\":\"https:\\\/\\\/www.mexicanguitarplayers.com\\\/?s={search_term_string}\"},\"query-input\":{\"@type\":\"PropertyValueSpecification\",\"valueRequired\":true,\"valueName\":\"search_term_string\"}}],\"inLanguage\":\"en-US\"},{\"@type\":\"Organization\",\"@id\":\"https:\\\/\\\/www.mexicanguitarplayers.com\\\/#organization\",\"name\":\"Mexican Guitar Players\",\"url\":\"https:\\\/\\\/www.mexicanguitarplayers.com\\\/\",\"logo\":{\"@type\":\"ImageObject\",\"inLanguage\":\"en-US\",\"@id\":\"https:\\\/\\\/www.mexicanguitarplayers.com\\\/#\\\/schema\\\/logo\\\/image\\\/\",\"url\":\"\",\"contentUrl\":\"\",\"caption\":\"Mexican Guitar Players\"},\"image\":{\"@id\":\"https:\\\/\\\/www.mexicanguitarplayers.com\\\/#\\\/schema\\\/logo\\\/image\\\/\"}}]}<\/script>\n<!-- \/ Yoast SEO plugin. -->","yoast_head_json":{"title":"CONTROLADOR STANTON MOD. SCS1M - Mexican Guitar Players","description":"Superficie de control para software de DJ, 4 canales, medidores de alta precisi\u00f3n, potenci\u00f3metros programables con indicadores de leds de 360\u00b0 por canal, asignaci\u00f3n sencilla de elementos del controlador a elementos de los software de DJ m\u00e1spopulares, conexi\u00f3n firewire y compatibilidad con MAC y PC, salida main en 1\/4balanceados, salida de booth en RCA, salida de aud\u00edfono en 1\/4.","robots":{"index":"index","follow":"follow","max-snippet":"max-snippet:-1","max-image-preview":"max-image-preview:large","max-video-preview":"max-video-preview:-1"},"canonical":"https:\/\/www.mexicanguitarplayers.com\/en\/tienda\/sin categor\u00eda\/controlador-stanton-mod-scs1m\/","og_locale":"en_US","og_type":"article","og_title":"CONTROLADOR STANTON MOD. SCS1M - Mexican Guitar Players","og_description":"Superficie de control para software de DJ, 4 canales, medidores de alta precisi\u00f3n, potenci\u00f3metros programables con indicadores de leds de 360\u00b0 por canal, asignaci\u00f3n sencilla de elementos del controlador a elementos de los software de DJ m\u00e1spopulares, conexi\u00f3n firewire y compatibilidad con MAC y PC, salida main en 1\/4balanceados, salida de booth en RCA, salida de aud\u00edfono en 1\/4.","og_url":"https:\/\/www.mexicanguitarplayers.com\/en\/tienda\/sin categor\u00eda\/controlador-stanton-mod-scs1m\/","og_site_name":"Mexican Guitar Players","article_modified_time":"2026-05-01T13:25:18+00:00","twitter_card":"summary_large_image","twitter_misc":{"Est. reading time":"2 minutes"},"schema":{"@context":"https:\/\/schema.org","@graph":[{"@type":["WebPage","ItemPage"],"@id":"https:\/\/www.mexicanguitarplayers.com\/tienda\/sin categor\u00eda\/controlador-stanton-mod-scs1m\/","url":"https:\/\/www.mexicanguitarplayers.com\/tienda\/sin categor\u00eda\/controlador-stanton-mod-scs1m\/","name":"CONTROLADOR STANTON MOD. SCS1M - Mexican Guitar Players","isPartOf":{"@id":"https:\/\/www.mexicanguitarplayers.com\/#website"},"primaryImageOfPage":{"@id":"https:\/\/www.mexicanguitarplayers.com\/tienda\/sin categor\u00eda\/controlador-stanton-mod-scs1m\/#primaryimage"},"image":{"@id":"https:\/\/www.mexicanguitarplayers.com\/tienda\/sin categor\u00eda\/controlador-stanton-mod-scs1m\/#primaryimage"},"thumbnailUrl":"https:\/\/www.mexicanguitarplayers.com\/wp-content\/uploads\/2025\/04\/IASTNSCS1M.jpg","datePublished":"2025-04-08T17:12:20+00:00","dateModified":"2026-05-01T13:25:18+00:00","description":"Superficie de control para software de DJ, 4 canales, medidores de alta precisi\u00f3n, potenci\u00f3metros programables con indicadores de leds de 360\u00b0 por canal, asignaci\u00f3n sencilla de elementos del controlador a elementos de los software de DJ m\u00e1spopulares, conexi\u00f3n firewire y compatibilidad con MAC y PC, salida main en 1\/4balanceados, salida de booth en RCA, salida de aud\u00edfono en 1\/4.","breadcrumb":{"@id":"https:\/\/www.mexicanguitarplayers.com\/tienda\/sin categor\u00eda\/controlador-stanton-mod-scs1m\/#breadcrumb"},"inLanguage":"en-US","potentialAction":[{"@type":"ReadAction","target":["https:\/\/www.mexicanguitarplayers.com\/tienda\/sin categor\u00eda\/controlador-stanton-mod-scs1m\/"]}]},{"@type":"ImageObject","inLanguage":"en-US","@id":"https:\/\/www.mexicanguitarplayers.com\/tienda\/sin categor\u00eda\/controlador-stanton-mod-scs1m\/#primaryimage","url":"https:\/\/www.mexicanguitarplayers.com\/wp-content\/uploads\/2025\/04\/IASTNSCS1M.jpg","contentUrl":"https:\/\/www.mexicanguitarplayers.com\/wp-content\/uploads\/2025\/04\/IASTNSCS1M.jpg","width":1600,"height":800},{"@type":"BreadcrumbList","@id":"https:\/\/www.mexicanguitarplayers.com\/tienda\/sin categor\u00eda\/controlador-stanton-mod-scs1m\/#breadcrumb","itemListElement":[{"@type":"ListItem","position":1,"name":"Portada","item":"https:\/\/www.mexicanguitarplayers.com\/"},{"@type":"ListItem","position":2,"name":"Tienda","item":"https:\/\/www.mexicanguitarplayers.com\/tienda\/"},{"@type":"ListItem","position":3,"name":"CONTROLADOR STANTON MOD. SCS1M"}]},{"@type":"WebSite","@id":"https:\/\/www.mexicanguitarplayers.com\/#website","url":"https:\/\/www.mexicanguitarplayers.com\/","name":"Mexican Guitar Players","description":"Website","publisher":{"@id":"https:\/\/www.mexicanguitarplayers.com\/#organization"},"potentialAction":[{"@type":"SearchAction","target":{"@type":"EntryPoint","urlTemplate":"https:\/\/www.mexicanguitarplayers.com\/?s={search_term_string}"},"query-input":{"@type":"PropertyValueSpecification","valueRequired":true,"valueName":"search_term_string"}}],"inLanguage":"en-US"},{"@type":"Organization","@id":"https:\/\/www.mexicanguitarplayers.com\/#organization","name":"Mexican Guitar Players","url":"https:\/\/www.mexicanguitarplayers.com\/","logo":{"@type":"ImageObject","inLanguage":"en-US","@id":"https:\/\/www.mexicanguitarplayers.com\/#\/schema\/logo\/image\/","url":"","contentUrl":"","caption":"Mexican Guitar Players"},"image":{"@id":"https:\/\/www.mexicanguitarplayers.com\/#\/schema\/logo\/image\/"}}]}},"brands":[{"id":554,"name":"STANTON","slug":"stanton"}],"_links":{"self":[{"href":"https:\/\/www.mexicanguitarplayers.com\/en\/wp-json\/wp\/v2\/product\/30339","targetHints":{"allow":["GET"]}}],"collection":[{"href":"https:\/\/www.mexicanguitarplayers.com\/en\/wp-json\/wp\/v2\/product"}],"about":[{"href":"https:\/\/www.mexicanguitarplayers.com\/en\/wp-json\/wp\/v2\/types\/product"}],"replies":[{"embeddable":true,"href":"https:\/\/www.mexicanguitarplayers.com\/en\/wp-json\/wp\/v2\/comments?post=30339"}],"wp:featuredmedia":[{"embeddable":true,"href":"https:\/\/www.mexicanguitarplayers.com\/en\/wp-json\/wp\/v2\/media\/30336"}],"wp:attachment":[{"href":"https:\/\/www.mexicanguitarplayers.com\/en\/wp-json\/wp\/v2\/media?parent=30339"}],"wp:term":[{"taxonomy":"pwb-brand","embeddable":true,"href":"https:\/\/www.mexicanguitarplayers.com\/en\/wp-json\/wp\/v2\/pwb-brand?post=30339"},{"taxonomy":"product_brand","embeddable":true,"href":"https:\/\/www.mexicanguitarplayers.com\/en\/wp-json\/wp\/v2\/product_brand?post=30339"},{"taxonomy":"product_cat","embeddable":true,"href":"https:\/\/www.mexicanguitarplayers.com\/en\/wp-json\/wp\/v2\/product_cat?post=30339"},{"taxonomy":"product_tag","embeddable":true,"href":"https:\/\/www.mexicanguitarplayers.com\/en\/wp-json\/wp\/v2\/product_tag?post=30339"}],"curies":[{"name":"wp","href":"https:\/\/api.w.org\/{rel}","templated":true}]}}