{"id":30362,"date":"2025-04-08T11:12:47","date_gmt":"2025-04-08T17:12:47","guid":{"rendered":"https:\/\/www.mexicanguitarplayers.com\/tienda\/sin categor\u00eda\/mezcladora-behringer-mod-xenyx-1202sfx\/"},"modified":"2026-04-10T04:37:08","modified_gmt":"2026-04-10T10:37:08","slug":"mezcladora-behringer-mod-xenyx-1202sfx","status":"publish","type":"product","link":"https:\/\/www.mexicanguitarplayers.com\/en\/tienda\/audio\/mezcladoras\/mezcladoras-digitales\/superficies-de-control\/mezcladora-behringer-mod-xenyx-1202sfx\/","title":{"rendered":"MEZCLADORA BEHRINGER MOD. XENYX 1202SFX"},"content":{"rendered":"<div style=\"text-align: justify\">\n<div>\n<h3>XENYX 1202SFX<\/h3>\n<\/div>\n<div>Mezclador anal\u00f3gico premium de 12 entradas con interfaz de transmisi\u00f3n USB y efectos Klark Teknik<\/div>\n<div>\n<h4>Characteristics<\/h4>\n<\/div>\n<div>\n<ul style=\"margin: 0px 0px 0px 25px\">\n<li style=\"list-style-type: circle;margin: 5px\">Microphone Input<\/li>\n<li style=\"list-style-type: circle;margin: 5px\">Mono Line Inputs<\/li>\n<li style=\"list-style-type: circle;margin: 5px\">Stereo Line<\/li>\n<li style=\"list-style-type: circle;margin: 5px\">STREAM Inputs (Analog)<\/li>\n<li style=\"list-style-type: circle;margin: 5px\">EQUALIZER<\/li>\n<li style=\"list-style-type: circle;margin: 5px\">Main, Monitor &amp; FX Send Outputs<\/li>\n<li style=\"list-style-type: circle;margin: 5px\">Phones Out<\/li>\n<li style=\"list-style-type: circle;margin: 5px\">STREAM out (Analog)<\/li>\n<li style=\"list-style-type: circle;margin: 5px\">FX Section<\/li>\n<li style=\"list-style-type: circle;margin: 5px\">USB<\/li>\n<\/ul>\n<\/div>\n<\/div>","protected":false},"excerpt":{"rendered":"<p>El mezclador anal\u00f3gico XENYX 1202SFX cuenta con 12 entradas para transmisi\u00f3n, podcasting o aplicaciones en vivo, preamplificadores de micr\u00f3fono XENYX con alimentaci\u00f3n fantasma de 48 V para conectar incluso micr\u00f3fonos de estudio de gama alta. La serie XENYX \u201dS\u201d se puede conectar a cualquier computadora o dispositivo m\u00f3vil, y utilizar como un submezclador. Cuenta con cuatro canales mono con EQ y Low Cut, m\u00e1s 4 canales est\u00e9reo, una entrada de transmisi\u00f3n RCA est\u00e9reo y una entrada USB est\u00e9reo para combinar un total de 16 se\u00f1ales de audio para transmisi\u00f3n, monitoreo a trav\u00e9s de auriculares o salidas TRS. y el procesador Klark Teknik FX.  El 1202SFX cuenta con controles de nivel, panorama\/balance y env\u00edo de efectos en todos los canales y los canales mono tienen controles de ganancia adicionales y ecualizador de 3 bandas con corte de graves conmutable, mientras que los canales de nivel de l\u00ednea est\u00e9reo ofrecen un refuerzo de 12 dB conmutable.Cuando no hay nada conectado a las entradas de l\u00ednea est\u00e9reo 11\/12, el canal est\u00e9reo 11\/12 recibir\u00e1 la se\u00f1al de entrada USB y su control se puede usar para ajustar el nivel USB convenientemente y un fader principal de 60 mm.&hellip; <a class=\"kt-excerpt-readmore more-link\" href=\"https:\/\/www.mexicanguitarplayers.com\/en\/tienda\/audio\/mezcladoras\/mezcladoras-digitales\/superficies-de-control\/mezcladora-behringer-mod-xenyx-1202sfx\/\">Read more<\/a><\/p>","protected":false},"featured_media":30358,"comment_status":"open","ping_status":"closed","template":"","meta":{"kt_blocks_editor_width":""},"pwb-brand":[171],"product_brand":[],"product_cat":[213,491,526,537],"product_tag":[],"class_list":{"0":"post-30362","1":"product","2":"type-product","3":"status-publish","4":"has-post-thumbnail","6":"pwb-brand-behringer","7":"product_cat-audio","8":"product_cat-mezcladoras","9":"product_cat-mezcladoras-digitales","10":"product_cat-superficies-de-control","11":"product_shipping_class-0-5-kg","13":"first","14":"outofstock","15":"taxable","16":"shipping-taxable","17":"purchasable","18":"product-type-simple"},"yoast_head":"<!-- This site is optimized with the Yoast SEO plugin v27.5 - https:\/\/yoast.com\/product\/yoast-seo-wordpress\/ -->\n<title>MEZCLADORA BEHRINGER MOD. XENYX 1202SFX - Mexican Guitar Players<\/title>\n<meta name=\"description\" content=\"El mezclador anal\u00f3gico XENYX 1202SFX cuenta con 12 entradas para transmisi\u00f3n, podcasting o aplicaciones en vivo, preamplificadores de micr\u00f3fono XENYX con alimentaci\u00f3n fantasma de 48 V para conectar incluso micr\u00f3fonos de estudio de gama alta. La serie XENYX \u201dS\u201d se puede conectar a cualquier computadora o dispositivo m\u00f3vil, y utilizar como un submezclador. Cuenta con cuatro canales mono con EQ y Low Cut, m\u00e1s 4 canales est\u00e9reo, una entrada de transmisi\u00f3n RCA est\u00e9reo y una entrada USB est\u00e9reo para combinar un total de 16 se\u00f1ales de audio para transmisi\u00f3n, monitoreo a trav\u00e9s de auriculares o salidas TRS. y el procesador Klark Teknik FX. El 1202SFX cuenta con controles de nivel, panorama\/balance y env\u00edo de efectos en todos los canales y los canales mono tienen controles de ganancia adicionales y ecualizador de 3 bandas con corte de graves conmutable, mientras que los canales de nivel de l\u00ednea est\u00e9reo ofrecen un refuerzo de 12 dB conmutable.Cuando no hay nada conectado a las entradas de l\u00ednea est\u00e9reo 11\/12, el canal est\u00e9reo 11\/12 recibir\u00e1 la se\u00f1al de entrada USB y su control se puede usar para ajustar el nivel USB convenientemente y un fader principal de 60 mm.\" \/>\n<meta name=\"robots\" content=\"index, follow, max-snippet:-1, max-image-preview:large, max-video-preview:-1\" \/>\n<link rel=\"canonical\" href=\"https:\/\/www.mexicanguitarplayers.com\/en\/tienda\/sin%20categor\u00eda\/mezcladora-behringer-mod-xenyx-1202sfx\/\" \/>\n<meta property=\"og:locale\" content=\"en_US\" \/>\n<meta property=\"og:type\" content=\"article\" \/>\n<meta property=\"og:title\" content=\"MEZCLADORA BEHRINGER MOD. XENYX 1202SFX - Mexican Guitar Players\" \/>\n<meta property=\"og:description\" content=\"El mezclador anal\u00f3gico XENYX 1202SFX cuenta con 12 entradas para transmisi\u00f3n, podcasting o aplicaciones en vivo, preamplificadores de micr\u00f3fono XENYX con alimentaci\u00f3n fantasma de 48 V para conectar incluso micr\u00f3fonos de estudio de gama alta. La serie XENYX \u201dS\u201d se puede conectar a cualquier computadora o dispositivo m\u00f3vil, y utilizar como un submezclador. Cuenta con cuatro canales mono con EQ y Low Cut, m\u00e1s 4 canales est\u00e9reo, una entrada de transmisi\u00f3n RCA est\u00e9reo y una entrada USB est\u00e9reo para combinar un total de 16 se\u00f1ales de audio para transmisi\u00f3n, monitoreo a trav\u00e9s de auriculares o salidas TRS. y el procesador Klark Teknik FX. El 1202SFX cuenta con controles de nivel, panorama\/balance y env\u00edo de efectos en todos los canales y los canales mono tienen controles de ganancia adicionales y ecualizador de 3 bandas con corte de graves conmutable, mientras que los canales de nivel de l\u00ednea est\u00e9reo ofrecen un refuerzo de 12 dB conmutable.Cuando no hay nada conectado a las entradas de l\u00ednea est\u00e9reo 11\/12, el canal est\u00e9reo 11\/12 recibir\u00e1 la se\u00f1al de entrada USB y su control se puede usar para ajustar el nivel USB convenientemente y un fader principal de 60 mm.\" \/>\n<meta property=\"og:url\" content=\"https:\/\/www.mexicanguitarplayers.com\/en\/tienda\/sin categor\u00eda\/mezcladora-behringer-mod-xenyx-1202sfx\/\" \/>\n<meta property=\"og:site_name\" content=\"Mexican Guitar Players\" \/>\n<meta property=\"article:modified_time\" content=\"2026-04-10T10:37:08+00:00\" \/>\n<meta name=\"twitter:card\" content=\"summary_large_image\" \/>\n<script type=\"application\/ld+json\" class=\"yoast-schema-graph\">{\"@context\":\"https:\\\/\\\/schema.org\",\"@graph\":[{\"@type\":[\"WebPage\",\"ItemPage\"],\"@id\":\"https:\\\/\\\/www.mexicanguitarplayers.com\\\/tienda\\\/sin categor\u00eda\\\/mezcladora-behringer-mod-xenyx-1202sfx\\\/\",\"url\":\"https:\\\/\\\/www.mexicanguitarplayers.com\\\/tienda\\\/sin categor\u00eda\\\/mezcladora-behringer-mod-xenyx-1202sfx\\\/\",\"name\":\"MEZCLADORA BEHRINGER MOD. XENYX 1202SFX - Mexican Guitar Players\",\"isPartOf\":{\"@id\":\"https:\\\/\\\/www.mexicanguitarplayers.com\\\/#website\"},\"primaryImageOfPage\":{\"@id\":\"https:\\\/\\\/www.mexicanguitarplayers.com\\\/tienda\\\/sin categor\u00eda\\\/mezcladora-behringer-mod-xenyx-1202sfx\\\/#primaryimage\"},\"image\":{\"@id\":\"https:\\\/\\\/www.mexicanguitarplayers.com\\\/tienda\\\/sin categor\u00eda\\\/mezcladora-behringer-mod-xenyx-1202sfx\\\/#primaryimage\"},\"thumbnailUrl\":\"https:\\\/\\\/www.mexicanguitarplayers.com\\\/wp-content\\\/uploads\\\/2025\\\/04\\\/IABEHXY1202SFX.jpg\",\"datePublished\":\"2025-04-08T17:12:47+00:00\",\"dateModified\":\"2026-04-10T10:37:08+00:00\",\"description\":\"El mezclador anal\u00f3gico XENYX 1202SFX cuenta con 12 entradas para transmisi\u00f3n, podcasting o aplicaciones en vivo, preamplificadores de micr\u00f3fono XENYX con alimentaci\u00f3n fantasma de 48 V para conectar incluso micr\u00f3fonos de estudio de gama alta. La serie XENYX \u201dS\u201d se puede conectar a cualquier computadora o dispositivo m\u00f3vil, y utilizar como un submezclador. Cuenta con cuatro canales mono con EQ y Low Cut, m\u00e1s 4 canales est\u00e9reo, una entrada de transmisi\u00f3n RCA est\u00e9reo y una entrada USB est\u00e9reo para combinar un total de 16 se\u00f1ales de audio para transmisi\u00f3n, monitoreo a trav\u00e9s de auriculares o salidas TRS. y el procesador Klark Teknik FX. El 1202SFX cuenta con controles de nivel, panorama\\\/balance y env\u00edo de efectos en todos los canales y los canales mono tienen controles de ganancia adicionales y ecualizador de 3 bandas con corte de graves conmutable, mientras que los canales de nivel de l\u00ednea est\u00e9reo ofrecen un refuerzo de 12 dB conmutable.Cuando no hay nada conectado a las entradas de l\u00ednea est\u00e9reo 11\\\/12, el canal est\u00e9reo 11\\\/12 recibir\u00e1 la se\u00f1al de entrada USB y su control se puede usar para ajustar el nivel USB convenientemente y un fader principal de 60 mm.\",\"breadcrumb\":{\"@id\":\"https:\\\/\\\/www.mexicanguitarplayers.com\\\/tienda\\\/sin categor\u00eda\\\/mezcladora-behringer-mod-xenyx-1202sfx\\\/#breadcrumb\"},\"inLanguage\":\"en-US\",\"potentialAction\":[{\"@type\":\"ReadAction\",\"target\":[\"https:\\\/\\\/www.mexicanguitarplayers.com\\\/tienda\\\/sin categor\u00eda\\\/mezcladora-behringer-mod-xenyx-1202sfx\\\/\"]}]},{\"@type\":\"ImageObject\",\"inLanguage\":\"en-US\",\"@id\":\"https:\\\/\\\/www.mexicanguitarplayers.com\\\/tienda\\\/sin categor\u00eda\\\/mezcladora-behringer-mod-xenyx-1202sfx\\\/#primaryimage\",\"url\":\"https:\\\/\\\/www.mexicanguitarplayers.com\\\/wp-content\\\/uploads\\\/2025\\\/04\\\/IABEHXY1202SFX.jpg\",\"contentUrl\":\"https:\\\/\\\/www.mexicanguitarplayers.com\\\/wp-content\\\/uploads\\\/2025\\\/04\\\/IABEHXY1202SFX.jpg\",\"width\":1200,\"height\":1200},{\"@type\":\"BreadcrumbList\",\"@id\":\"https:\\\/\\\/www.mexicanguitarplayers.com\\\/tienda\\\/sin categor\u00eda\\\/mezcladora-behringer-mod-xenyx-1202sfx\\\/#breadcrumb\",\"itemListElement\":[{\"@type\":\"ListItem\",\"position\":1,\"name\":\"Portada\",\"item\":\"https:\\\/\\\/www.mexicanguitarplayers.com\\\/\"},{\"@type\":\"ListItem\",\"position\":2,\"name\":\"Tienda\",\"item\":\"https:\\\/\\\/www.mexicanguitarplayers.com\\\/tienda\\\/\"},{\"@type\":\"ListItem\",\"position\":3,\"name\":\"MEZCLADORA BEHRINGER MOD. XENYX 1202SFX\"}]},{\"@type\":\"WebSite\",\"@id\":\"https:\\\/\\\/www.mexicanguitarplayers.com\\\/#website\",\"url\":\"https:\\\/\\\/www.mexicanguitarplayers.com\\\/\",\"name\":\"Mexican Guitar Players\",\"description\":\"Website\",\"publisher\":{\"@id\":\"https:\\\/\\\/www.mexicanguitarplayers.com\\\/#organization\"},\"potentialAction\":[{\"@type\":\"SearchAction\",\"target\":{\"@type\":\"EntryPoint\",\"urlTemplate\":\"https:\\\/\\\/www.mexicanguitarplayers.com\\\/?s={search_term_string}\"},\"query-input\":{\"@type\":\"PropertyValueSpecification\",\"valueRequired\":true,\"valueName\":\"search_term_string\"}}],\"inLanguage\":\"en-US\"},{\"@type\":\"Organization\",\"@id\":\"https:\\\/\\\/www.mexicanguitarplayers.com\\\/#organization\",\"name\":\"Mexican Guitar Players\",\"url\":\"https:\\\/\\\/www.mexicanguitarplayers.com\\\/\",\"logo\":{\"@type\":\"ImageObject\",\"inLanguage\":\"en-US\",\"@id\":\"https:\\\/\\\/www.mexicanguitarplayers.com\\\/#\\\/schema\\\/logo\\\/image\\\/\",\"url\":\"\",\"contentUrl\":\"\",\"caption\":\"Mexican Guitar Players\"},\"image\":{\"@id\":\"https:\\\/\\\/www.mexicanguitarplayers.com\\\/#\\\/schema\\\/logo\\\/image\\\/\"}}]}<\/script>\n<!-- \/ Yoast SEO plugin. -->","yoast_head_json":{"title":"MEZCLADORA BEHRINGER MOD. XENYX 1202SFX - Mexican Guitar Players","description":"El mezclador anal\u00f3gico XENYX 1202SFX cuenta con 12 entradas para transmisi\u00f3n, podcasting o aplicaciones en vivo, preamplificadores de micr\u00f3fono XENYX con alimentaci\u00f3n fantasma de 48 V para conectar incluso micr\u00f3fonos de estudio de gama alta. La serie XENYX \u201dS\u201d se puede conectar a cualquier computadora o dispositivo m\u00f3vil, y utilizar como un submezclador. Cuenta con cuatro canales mono con EQ y Low Cut, m\u00e1s 4 canales est\u00e9reo, una entrada de transmisi\u00f3n RCA est\u00e9reo y una entrada USB est\u00e9reo para combinar un total de 16 se\u00f1ales de audio para transmisi\u00f3n, monitoreo a trav\u00e9s de auriculares o salidas TRS. y el procesador Klark Teknik FX. El 1202SFX cuenta con controles de nivel, panorama\/balance y env\u00edo de efectos en todos los canales y los canales mono tienen controles de ganancia adicionales y ecualizador de 3 bandas con corte de graves conmutable, mientras que los canales de nivel de l\u00ednea est\u00e9reo ofrecen un refuerzo de 12 dB conmutable.Cuando no hay nada conectado a las entradas de l\u00ednea est\u00e9reo 11\/12, el canal est\u00e9reo 11\/12 recibir\u00e1 la se\u00f1al de entrada USB y su control se puede usar para ajustar el nivel USB convenientemente y un fader principal de 60 mm.","robots":{"index":"index","follow":"follow","max-snippet":"max-snippet:-1","max-image-preview":"max-image-preview:large","max-video-preview":"max-video-preview:-1"},"canonical":"https:\/\/www.mexicanguitarplayers.com\/en\/tienda\/sin categor\u00eda\/mezcladora-behringer-mod-xenyx-1202sfx\/","og_locale":"en_US","og_type":"article","og_title":"MEZCLADORA BEHRINGER MOD. XENYX 1202SFX - Mexican Guitar Players","og_description":"El mezclador anal\u00f3gico XENYX 1202SFX cuenta con 12 entradas para transmisi\u00f3n, podcasting o aplicaciones en vivo, preamplificadores de micr\u00f3fono XENYX con alimentaci\u00f3n fantasma de 48 V para conectar incluso micr\u00f3fonos de estudio de gama alta. La serie XENYX \u201dS\u201d se puede conectar a cualquier computadora o dispositivo m\u00f3vil, y utilizar como un submezclador. Cuenta con cuatro canales mono con EQ y Low Cut, m\u00e1s 4 canales est\u00e9reo, una entrada de transmisi\u00f3n RCA est\u00e9reo y una entrada USB est\u00e9reo para combinar un total de 16 se\u00f1ales de audio para transmisi\u00f3n, monitoreo a trav\u00e9s de auriculares o salidas TRS. y el procesador Klark Teknik FX. El 1202SFX cuenta con controles de nivel, panorama\/balance y env\u00edo de efectos en todos los canales y los canales mono tienen controles de ganancia adicionales y ecualizador de 3 bandas con corte de graves conmutable, mientras que los canales de nivel de l\u00ednea est\u00e9reo ofrecen un refuerzo de 12 dB conmutable.Cuando no hay nada conectado a las entradas de l\u00ednea est\u00e9reo 11\/12, el canal est\u00e9reo 11\/12 recibir\u00e1 la se\u00f1al de entrada USB y su control se puede usar para ajustar el nivel USB convenientemente y un fader principal de 60 mm.","og_url":"https:\/\/www.mexicanguitarplayers.com\/en\/tienda\/sin categor\u00eda\/mezcladora-behringer-mod-xenyx-1202sfx\/","og_site_name":"Mexican Guitar Players","article_modified_time":"2026-04-10T10:37:08+00:00","twitter_card":"summary_large_image","schema":{"@context":"https:\/\/schema.org","@graph":[{"@type":["WebPage","ItemPage"],"@id":"https:\/\/www.mexicanguitarplayers.com\/tienda\/sin categor\u00eda\/mezcladora-behringer-mod-xenyx-1202sfx\/","url":"https:\/\/www.mexicanguitarplayers.com\/tienda\/sin categor\u00eda\/mezcladora-behringer-mod-xenyx-1202sfx\/","name":"MEZCLADORA BEHRINGER MOD. XENYX 1202SFX - Mexican Guitar Players","isPartOf":{"@id":"https:\/\/www.mexicanguitarplayers.com\/#website"},"primaryImageOfPage":{"@id":"https:\/\/www.mexicanguitarplayers.com\/tienda\/sin categor\u00eda\/mezcladora-behringer-mod-xenyx-1202sfx\/#primaryimage"},"image":{"@id":"https:\/\/www.mexicanguitarplayers.com\/tienda\/sin categor\u00eda\/mezcladora-behringer-mod-xenyx-1202sfx\/#primaryimage"},"thumbnailUrl":"https:\/\/www.mexicanguitarplayers.com\/wp-content\/uploads\/2025\/04\/IABEHXY1202SFX.jpg","datePublished":"2025-04-08T17:12:47+00:00","dateModified":"2026-04-10T10:37:08+00:00","description":"El mezclador anal\u00f3gico XENYX 1202SFX cuenta con 12 entradas para transmisi\u00f3n, podcasting o aplicaciones en vivo, preamplificadores de micr\u00f3fono XENYX con alimentaci\u00f3n fantasma de 48 V para conectar incluso micr\u00f3fonos de estudio de gama alta. La serie XENYX \u201dS\u201d se puede conectar a cualquier computadora o dispositivo m\u00f3vil, y utilizar como un submezclador. Cuenta con cuatro canales mono con EQ y Low Cut, m\u00e1s 4 canales est\u00e9reo, una entrada de transmisi\u00f3n RCA est\u00e9reo y una entrada USB est\u00e9reo para combinar un total de 16 se\u00f1ales de audio para transmisi\u00f3n, monitoreo a trav\u00e9s de auriculares o salidas TRS. y el procesador Klark Teknik FX. El 1202SFX cuenta con controles de nivel, panorama\/balance y env\u00edo de efectos en todos los canales y los canales mono tienen controles de ganancia adicionales y ecualizador de 3 bandas con corte de graves conmutable, mientras que los canales de nivel de l\u00ednea est\u00e9reo ofrecen un refuerzo de 12 dB conmutable.Cuando no hay nada conectado a las entradas de l\u00ednea est\u00e9reo 11\/12, el canal est\u00e9reo 11\/12 recibir\u00e1 la se\u00f1al de entrada USB y su control se puede usar para ajustar el nivel USB convenientemente y un fader principal de 60 mm.","breadcrumb":{"@id":"https:\/\/www.mexicanguitarplayers.com\/tienda\/sin categor\u00eda\/mezcladora-behringer-mod-xenyx-1202sfx\/#breadcrumb"},"inLanguage":"en-US","potentialAction":[{"@type":"ReadAction","target":["https:\/\/www.mexicanguitarplayers.com\/tienda\/sin categor\u00eda\/mezcladora-behringer-mod-xenyx-1202sfx\/"]}]},{"@type":"ImageObject","inLanguage":"en-US","@id":"https:\/\/www.mexicanguitarplayers.com\/tienda\/sin categor\u00eda\/mezcladora-behringer-mod-xenyx-1202sfx\/#primaryimage","url":"https:\/\/www.mexicanguitarplayers.com\/wp-content\/uploads\/2025\/04\/IABEHXY1202SFX.jpg","contentUrl":"https:\/\/www.mexicanguitarplayers.com\/wp-content\/uploads\/2025\/04\/IABEHXY1202SFX.jpg","width":1200,"height":1200},{"@type":"BreadcrumbList","@id":"https:\/\/www.mexicanguitarplayers.com\/tienda\/sin categor\u00eda\/mezcladora-behringer-mod-xenyx-1202sfx\/#breadcrumb","itemListElement":[{"@type":"ListItem","position":1,"name":"Portada","item":"https:\/\/www.mexicanguitarplayers.com\/"},{"@type":"ListItem","position":2,"name":"Tienda","item":"https:\/\/www.mexicanguitarplayers.com\/tienda\/"},{"@type":"ListItem","position":3,"name":"MEZCLADORA BEHRINGER MOD. XENYX 1202SFX"}]},{"@type":"WebSite","@id":"https:\/\/www.mexicanguitarplayers.com\/#website","url":"https:\/\/www.mexicanguitarplayers.com\/","name":"Mexican Guitar Players","description":"Website","publisher":{"@id":"https:\/\/www.mexicanguitarplayers.com\/#organization"},"potentialAction":[{"@type":"SearchAction","target":{"@type":"EntryPoint","urlTemplate":"https:\/\/www.mexicanguitarplayers.com\/?s={search_term_string}"},"query-input":{"@type":"PropertyValueSpecification","valueRequired":true,"valueName":"search_term_string"}}],"inLanguage":"en-US"},{"@type":"Organization","@id":"https:\/\/www.mexicanguitarplayers.com\/#organization","name":"Mexican Guitar Players","url":"https:\/\/www.mexicanguitarplayers.com\/","logo":{"@type":"ImageObject","inLanguage":"en-US","@id":"https:\/\/www.mexicanguitarplayers.com\/#\/schema\/logo\/image\/","url":"","contentUrl":"","caption":"Mexican Guitar Players"},"image":{"@id":"https:\/\/www.mexicanguitarplayers.com\/#\/schema\/logo\/image\/"}}]}},"brands":[{"id":171,"name":"BEHRINGER","slug":"behringer"}],"_links":{"self":[{"href":"https:\/\/www.mexicanguitarplayers.com\/en\/wp-json\/wp\/v2\/product\/30362","targetHints":{"allow":["GET"]}}],"collection":[{"href":"https:\/\/www.mexicanguitarplayers.com\/en\/wp-json\/wp\/v2\/product"}],"about":[{"href":"https:\/\/www.mexicanguitarplayers.com\/en\/wp-json\/wp\/v2\/types\/product"}],"replies":[{"embeddable":true,"href":"https:\/\/www.mexicanguitarplayers.com\/en\/wp-json\/wp\/v2\/comments?post=30362"}],"wp:featuredmedia":[{"embeddable":true,"href":"https:\/\/www.mexicanguitarplayers.com\/en\/wp-json\/wp\/v2\/media\/30358"}],"wp:attachment":[{"href":"https:\/\/www.mexicanguitarplayers.com\/en\/wp-json\/wp\/v2\/media?parent=30362"}],"wp:term":[{"taxonomy":"pwb-brand","embeddable":true,"href":"https:\/\/www.mexicanguitarplayers.com\/en\/wp-json\/wp\/v2\/pwb-brand?post=30362"},{"taxonomy":"product_brand","embeddable":true,"href":"https:\/\/www.mexicanguitarplayers.com\/en\/wp-json\/wp\/v2\/product_brand?post=30362"},{"taxonomy":"product_cat","embeddable":true,"href":"https:\/\/www.mexicanguitarplayers.com\/en\/wp-json\/wp\/v2\/product_cat?post=30362"},{"taxonomy":"product_tag","embeddable":true,"href":"https:\/\/www.mexicanguitarplayers.com\/en\/wp-json\/wp\/v2\/product_tag?post=30362"}],"curies":[{"name":"wp","href":"https:\/\/api.w.org\/{rel}","templated":true}]}}