{"id":30366,"date":"2025-04-08T11:12:52","date_gmt":"2025-04-08T17:12:52","guid":{"rendered":"https:\/\/www.mexicanguitarplayers.com\/tienda\/sin categor\u00eda\/bocina-eighteen-sound-12-12nlw9300-8\/"},"modified":"2026-04-15T04:20:13","modified_gmt":"2026-04-15T10:20:13","slug":"bocina-eighteen-sound-12-12nlw9300-8","status":"publish","type":"product","link":"https:\/\/www.mexicanguitarplayers.com\/en\/tienda\/audio\/bafles-y-bocinas\/bocinas-y-componentes\/medios\/bocina-eighteen-sound-12-12nlw9300-8\/","title":{"rendered":"BOCINA EIGHTEEN SOUND 12  12NLW9300\/8"},"content":{"rendered":"<div style=\"text-align: justify\">\n<div>\n<h3>El perfecto control de tu sonido.<\/h3>\n<\/div>\n<div>El 12NLW9300 es un altavoz de neodimio de baja frecuencia y alto rendimiento. Est\u00e1 pensado como un woofer para sistemas de dos v\u00edas y funciona extremadamente bien en recintos ventilados compactos (30 &#8211; 70 litros). El conjunto externo del im\u00e1n de neodimio asegura una alta concentraci\u00f3n de flujo, una compresi\u00f3n de baja potencia y un excelente intercambio de calor. La configuraci\u00f3n del im\u00e1n externo es considerablemente m\u00e1s eficiente que la topolog\u00eda de im\u00e1n debajo del polo tradicional. Esto permite altos niveles de factor de fuerza y manejo de potencia con una relaci\u00f3n potencia\/peso en el nivel superior. El disipador de calor de aluminio ha sido estudiado seg\u00fan simuladores F.E.A. mejorando la transferencia de calor de la bobina m\u00f3vil. Es una mejora fundamental en la disipaci\u00f3n de calor, aumentando el manejo de potencia y disminuyendo las cifras de compresi\u00f3n de potencia. Tambi\u00e9n se ha insertado un difractor especial de aire de varias celdas de baja densidad en el orificio de ventilaci\u00f3n de la placa posterior, que act\u00faa como un sistema de enfriamiento, lo que aumenta a\u00fan m\u00e1s la capacidad de manejo de potencia y reduce la compresi\u00f3n de la potencia. Una bobina m\u00f3vil Sandwich Voice (ISV) de vanguardia proporciona altos niveles de estabilidad t\u00e9rmica y durabilidad. La tecnolog\u00eda ISV se basa en una fibra de vidrio de alta resistencia. Los anillos de doble demodulaci\u00f3n (DDR), est\u00e1n dise\u00f1ados para reducir dr\u00e1sticamente la intermodulaci\u00f3n y la distorsi\u00f3n arm\u00f3nica al tiempo que mejoran la respuesta transitoria. El dise\u00f1o 12NLW9300 presenta un exclusivo cono exclusivo acanalado reforzado con fibra de carbono. <\/div>\n<div>\n<h4>Quick look<\/h4>\n<\/div>\n<ul style=\"margin: 0px 0px 0px 25px\">\n<li style=\"list-style-type: circle;margin: 5px\">Di\u00e1metro nominal.<\/li>\n<li style=\"list-style-type: circle;margin: 5px\">Nominal impedance.<\/li>\n<li style=\"list-style-type: circle;margin: 5px\">Power.<\/li>\n<li style=\"list-style-type: circle;margin: 5px\">Sensitivity.<\/li>\n<li style=\"list-style-type: circle;margin: 5px\">Rango de frecuencia.<\/li>\n<li style=\"list-style-type: circle;margin: 5px\">Compresi\u00f3n.<\/li>\n<li style=\"list-style-type: circle;margin: 5px\">Frecuencia m\u00e1xima recomendada.<\/li>\n<li style=\"list-style-type: circle;margin: 5px\">Volumen recomendado del gabinete.<\/li>\n<li style=\"list-style-type: circle;margin: 5px\">Impedancia m\u00ednima.<\/li>\n<li style=\"list-style-type: circle;margin: 5px\">Excursi\u00f3n m\u00e1xima pico a pico.<\/li>\n<li style=\"list-style-type: circle;margin: 5px\">Di\u00e1metro de la bobina m\u00f3vil.<\/li>\n<li style=\"list-style-type: circle;margin: 5px\">Material de la bobina m\u00f3vil.<\/li>\n<li style=\"list-style-type: circle;margin: 5px\">Suspensi\u00f3n.<\/li>\n<li style=\"list-style-type: circle;margin: 5px\">Cono.<\/li>\n<li style=\"list-style-type: circle;margin: 5px\">FS (Frecuencia de resonancia).<\/li>\n<li style=\"list-style-type: circle;margin: 5px\">Resistencia DC.<\/li>\n<li style=\"list-style-type: circle;margin: 5px\">SD (Superficie efectiva).<\/li>\n<li style=\"list-style-type: circle;margin: 5px\">QMS (Factor de calidad mec\u00e1nica).<\/li>\n<li style=\"list-style-type: circle;margin: 5px\">QES (Factor de calidad el\u00e9ctrica).<\/li>\n<li style=\"list-style-type: circle;margin: 5px\">QTS (Factor de calidad total).<\/li>\n<li style=\"list-style-type: circle;margin: 5px\">VAS (Volumen de aire equivalente a CMS).<\/li>\n<li style=\"list-style-type: circle;margin: 5px\">MMS (Masa total del cono).<\/li>\n<li style=\"list-style-type: circle;margin: 5px\">Factor BL <\/li>\n<li style=\"list-style-type: circle;margin: 5px\">XMAX (Desplazamiento m\u00e1ximo).<\/li>\n<li style=\"list-style-type: circle;margin: 5px\">Inductancia de la bobina m\u00f3vil (Le @ 1kHz).<\/li>\n<li style=\"list-style-type: circle;margin: 5px\">Referencia de eficiencia 1W\/1m (espacio medio).<\/li>\n<li style=\"list-style-type: circle;margin: 5px\">Di\u00e1metro total.<\/li>\n<li style=\"list-style-type: circle;margin: 5px\">Numero de agujeros de montaje y tornillo.<\/li>\n<li style=\"list-style-type: circle;margin: 5px\">Di\u00e1metro de los agujeros de montaje.<\/li>\n<li style=\"list-style-type: circle;margin: 5px\">Di\u00e1metro del c\u00edrculo del perno.<\/li>\n<li style=\"list-style-type: circle;margin: 5px\">Corte de montaje frontal del bafle.<\/li>\n<li style=\"list-style-type: circle;margin: 5px\">Corte de montaje posterior del bafle.<\/li>\n<li style=\"list-style-type: circle;margin: 5px\">Profundidad total.<\/li>\n<li style=\"list-style-type: circle;margin: 5px\">Espesor de  brida y junta.<\/li>\n<li style=\"list-style-type: circle;margin: 5px\">Weight.<\/li>\n<\/ul>\n<div>\n<div style=\"font-weight: bold\">Di\u00e1metro nominal.<\/div>\n<div>\n<p>12 pulgadas (300 mm).<\/p>\n<\/div>\n<div style=\"font-weight: bold\">Nominal impedance.<\/div>\n<div>\n<p>8 ohms.<\/p>\n<\/div>\n<div style=\"font-weight: bold\">Power.<\/div>\n<div>\n<p>AES: 800 W. Programa: 1,200 W. Pico: 2,400 W.<\/p>\n<\/div>\n<div style=\"font-weight: bold\">Sensitivity.<\/div>\n<div>\n<p>97 dB.<\/p>\n<\/div>\n<div style=\"font-weight: bold\">Rango de frecuencia.<\/div>\n<div>\n<p>45 &#8211; 3,200 Hz.<\/p>\n<\/div>\n<div style=\"font-weight: bold\">Compresi\u00f3n.<\/div>\n<div>\n<p>A -10 dB: 0.8 dB. A -3 dB: 2.5 dB. A potencia total: 3.1 dB.<\/p>\n<\/div>\n<div style=\"font-weight: bold\">Frecuencia m\u00e1xima recomendada.<\/div>\n<div>\n<p>1,500 Hz<\/p>\n<\/div>\n<div style=\"font-weight: bold\">Volumen recomendado del gabinete.<\/div>\n<div>\n<p>30 &#8211; 70 lt. (1.06 &#8211; 2.47 pies c\u00fabicos).<\/p>\n<\/div>\n<div style=\"font-weight: bold\">Impedancia m\u00ednima.<\/div>\n<div>\n<p>6.2 ohms a 25\u00b0C.<\/p>\n<\/div>\n<div style=\"font-weight: bold\">Excursi\u00f3n m\u00e1xima pico a pico.<\/div>\n<div>\n<p>1.46\u201d pulgadas (37 mm).<\/p>\n<\/div>\n<div style=\"font-weight: bold\">Di\u00e1metro de la bobina m\u00f3vil.<\/div>\n<div>\n<p>3.94\u201d pulgadas (100 mm).<\/p>\n<\/div>\n<div style=\"font-weight: bold\">Material de la bobina m\u00f3vil.<\/div>\n<div>\n<p>Aluminio.<\/p>\n<\/div>\n<div style=\"font-weight: bold\">Suspensi\u00f3n.<\/div>\n<div>\n<p>Triple rollo, poli algod\u00f3n.<\/p>\n<\/div>\n<div style=\"font-weight: bold\">Cono.<\/div>\n<div>\n<p>Costilla recta, papel.<\/p>\n<\/div>\n<div style=\"font-weight: bold\">FS (Frecuencia de resonancia).<\/div>\n<div>\n<p>40 Hz.<\/p>\n<\/div>\n<div style=\"font-weight: bold\">Resistencia DC.<\/div>\n<div>\n<p>4.7 ohms.<\/p>\n<\/div>\n<div style=\"font-weight: bold\">SD (Superficie efectiva).<\/div>\n<div>\n<p>0.053 sq.mt. (82.15 sq.in.).<\/p>\n<\/div>\n<div style=\"font-weight: bold\">QMS (Factor de calidad mec\u00e1nica).<\/div>\n<div>\n<p>4.67.<\/p>\n<\/div>\n<div style=\"font-weight: bold\">QES (Factor de calidad el\u00e9ctrica).<\/div>\n<div>\n<p>0.25.<\/p>\n<\/div>\n<div style=\"font-weight: bold\">QTS (Factor de calidad total).<\/div>\n<div>\n<p>0.24.<\/p>\n<\/div>\n<div style=\"font-weight: bold\">VAS (Volumen de aire equivalente a CMS).<\/div>\n<div>\n<p>87 lt.<\/p>\n<\/div>\n<div style=\"font-weight: bold\">MMS (Masa total del cono).<\/div>\n<div>\n<p>72 gr.<\/p>\n<\/div>\n<div style=\"font-weight: bold\">Factor BL <\/div>\n<div>\n<p>18 Tm.<\/p>\n<\/div>\n<div style=\"font-weight: bold\">XMAX (Desplazamiento m\u00e1ximo).<\/div>\n<div>\n<p>\u00b18 mm (\u00b10.31\u201d pulgadas).<\/p>\n<\/div>\n<div style=\"font-weight: bold\">Inductancia de la bobina m\u00f3vil (Le @ 1kHz).<\/div>\n<div>\n<p>0.49 mH.<\/p>\n<\/div>\n<div style=\"font-weight: bold\">Referencia de eficiencia 1W\/1m (espacio medio).<\/div>\n<div>\n<p>95.4 dB.<\/p>\n<\/div>\n<div style=\"font-weight: bold\">Di\u00e1metro total.<\/div>\n<div>\n<p>12.4\u201d pulgadas (315 mm).<\/p>\n<\/div>\n<div style=\"font-weight: bold\">Numero de agujeros de montaje y tornillo.<\/div>\n<div>\n<p>8.<\/p>\n<\/div>\n<div style=\"font-weight: bold\">Di\u00e1metro de los agujeros de montaje.<\/div>\n<div>\n<p>0.28\u201d pulgadas (7.15 mm).<\/p>\n<\/div>\n<div style=\"font-weight: bold\">Di\u00e1metro del c\u00edrculo del perno.<\/div>\n<div>\n<p>11.65\u201d &#8211; 11.8\u201d pulgadas (296 &#8211; 300 mm).<\/p>\n<\/div>\n<div style=\"font-weight: bold\">Corte de montaje frontal del bafle.<\/div>\n<div>\n<p>\u00d8 11.1\u201d pulgadas (282 mm).<\/p>\n<\/div>\n<div style=\"font-weight: bold\">Corte de montaje posterior del bafle.<\/div>\n<div>\n<p>\u00d8 11.1\u201d pulgadas (282 mm).<\/p>\n<\/div>\n<div style=\"font-weight: bold\">Profundidad total.<\/div>\n<div>\n<p>6.02\u201d pulgadas (153 mm).<\/p>\n<\/div>\n<div style=\"font-weight: bold\">Espesor de  brida y junta.<\/div>\n<div>\n<p>0.67\u201d pulgadas (17 mm).<\/p>\n<\/div>\n<div style=\"font-weight: bold\">Weight.<\/div>\n<div>\n<p>6.2 kg.<\/p>\n<\/div>\n<\/div>\n<\/div>","protected":false},"excerpt":{"rendered":"<p>Bocina de 12\u201d pulgadas, im\u00e1n de neodimio, cono reforzado de fibra de vidrio, anillos de doble demodulaci\u00f3n (DDR) para una menor distorsi\u00f3n, conos y platos protegidos contra la intemperie para uso en exteriores, disipaci\u00f3n mejorada a trav\u00e9s del disipador t\u00e9rmico de aluminio incorporado y difractor de aire de varias celdas, recomendado para sistemas de dos v\u00eda y sistemas multi v\u00eda, impedancia: 8 ohms, potencia AES: 800 W, programa: 1,200 W, pico: 2,400 W, sensibilidad: 97 dB, rango de frecuencia: 45 &#8211; 3,200 Hz, bobina m\u00f3vil de aluminio de 3.94\u201d pulgadas (100 mm), peso: 6.2 kg.&hellip; <a class=\"kt-excerpt-readmore more-link\" href=\"https:\/\/www.mexicanguitarplayers.com\/en\/tienda\/audio\/bafles-y-bocinas\/bocinas-y-componentes\/medios\/bocina-eighteen-sound-12-12nlw9300-8\/\">Read more<\/a><\/p>","protected":false},"featured_media":30363,"comment_status":"open","ping_status":"closed","template":"","meta":{"kt_blocks_editor_width":""},"pwb-brand":[533],"product_brand":[],"product_cat":[213,221,474,534],"product_tag":[],"class_list":{"0":"post-30366","1":"product","2":"type-product","3":"status-publish","4":"has-post-thumbnail","6":"pwb-brand-eighteen-sound","7":"product_cat-audio","8":"product_cat-bafles-y-bocinas","9":"product_cat-bocinas-y-componentes","10":"product_cat-medios","11":"product_shipping_class-5-10-kg","13":"first","14":"outofstock","15":"taxable","16":"shipping-taxable","17":"purchasable","18":"product-type-simple"},"yoast_head":"<!-- This site is optimized with the Yoast SEO plugin v27.5 - https:\/\/yoast.com\/product\/yoast-seo-wordpress\/ -->\n<title>BOCINA EIGHTEEN SOUND 12 12NLW9300\/8 - Mexican Guitar Players<\/title>\n<meta name=\"description\" content=\"Bocina de 12\u201d pulgadas, im\u00e1n de neodimio, cono reforzado de fibra de vidrio, anillos de doble demodulaci\u00f3n (DDR) para una menor distorsi\u00f3n, conos y platos protegidos contra la intemperie para uso en exteriores, disipaci\u00f3n mejorada a trav\u00e9s del disipador t\u00e9rmico de aluminio incorporado y difractor de aire de varias celdas, recomendado para sistemas de dos v\u00eda y sistemas multi v\u00eda, impedancia: 8 ohms, potencia AES: 800 W, programa: 1,200 W, pico: 2,400 W, sensibilidad: 97 dB, rango de frecuencia: 45 - 3,200 Hz, bobina m\u00f3vil de aluminio de 3.94\u201d pulgadas (100 mm), peso: 6.2 kg.\" \/>\n<meta name=\"robots\" content=\"index, follow, max-snippet:-1, max-image-preview:large, max-video-preview:-1\" \/>\n<link rel=\"canonical\" href=\"https:\/\/www.mexicanguitarplayers.com\/en\/tienda\/sin%20categor\u00eda\/bocina-eighteen-sound-12-12nlw9300-8\/\" \/>\n<meta property=\"og:locale\" content=\"en_US\" \/>\n<meta property=\"og:type\" content=\"article\" \/>\n<meta property=\"og:title\" content=\"BOCINA EIGHTEEN SOUND 12 12NLW9300\/8 - Mexican Guitar Players\" \/>\n<meta property=\"og:description\" content=\"Bocina de 12\u201d pulgadas, im\u00e1n de neodimio, cono reforzado de fibra de vidrio, anillos de doble demodulaci\u00f3n (DDR) para una menor distorsi\u00f3n, conos y platos protegidos contra la intemperie para uso en exteriores, disipaci\u00f3n mejorada a trav\u00e9s del disipador t\u00e9rmico de aluminio incorporado y difractor de aire de varias celdas, recomendado para sistemas de dos v\u00eda y sistemas multi v\u00eda, impedancia: 8 ohms, potencia AES: 800 W, programa: 1,200 W, pico: 2,400 W, sensibilidad: 97 dB, rango de frecuencia: 45 - 3,200 Hz, bobina m\u00f3vil de aluminio de 3.94\u201d pulgadas (100 mm), peso: 6.2 kg.\" \/>\n<meta property=\"og:url\" content=\"https:\/\/www.mexicanguitarplayers.com\/en\/tienda\/sin categor\u00eda\/bocina-eighteen-sound-12-12nlw9300-8\/\" \/>\n<meta property=\"og:site_name\" content=\"Mexican Guitar Players\" \/>\n<meta property=\"article:modified_time\" content=\"2026-04-15T10:20:13+00:00\" \/>\n<meta name=\"twitter:card\" content=\"summary_large_image\" \/>\n<meta name=\"twitter:label1\" content=\"Est. reading time\" \/>\n\t<meta name=\"twitter:data1\" content=\"3 minutes\" \/>\n<script type=\"application\/ld+json\" class=\"yoast-schema-graph\">{\"@context\":\"https:\\\/\\\/schema.org\",\"@graph\":[{\"@type\":[\"WebPage\",\"ItemPage\"],\"@id\":\"https:\\\/\\\/www.mexicanguitarplayers.com\\\/tienda\\\/sin categor\u00eda\\\/bocina-eighteen-sound-12-12nlw9300-8\\\/\",\"url\":\"https:\\\/\\\/www.mexicanguitarplayers.com\\\/tienda\\\/sin categor\u00eda\\\/bocina-eighteen-sound-12-12nlw9300-8\\\/\",\"name\":\"BOCINA EIGHTEEN SOUND 12 12NLW9300\\\/8 - Mexican Guitar Players\",\"isPartOf\":{\"@id\":\"https:\\\/\\\/www.mexicanguitarplayers.com\\\/#website\"},\"primaryImageOfPage\":{\"@id\":\"https:\\\/\\\/www.mexicanguitarplayers.com\\\/tienda\\\/sin categor\u00eda\\\/bocina-eighteen-sound-12-12nlw9300-8\\\/#primaryimage\"},\"image\":{\"@id\":\"https:\\\/\\\/www.mexicanguitarplayers.com\\\/tienda\\\/sin categor\u00eda\\\/bocina-eighteen-sound-12-12nlw9300-8\\\/#primaryimage\"},\"thumbnailUrl\":\"https:\\\/\\\/www.mexicanguitarplayers.com\\\/wp-content\\\/uploads\\\/2025\\\/04\\\/IAEIG12NLW9300.jpg\",\"datePublished\":\"2025-04-08T17:12:52+00:00\",\"dateModified\":\"2026-04-15T10:20:13+00:00\",\"description\":\"Bocina de 12\u201d pulgadas, im\u00e1n de neodimio, cono reforzado de fibra de vidrio, anillos de doble demodulaci\u00f3n (DDR) para una menor distorsi\u00f3n, conos y platos protegidos contra la intemperie para uso en exteriores, disipaci\u00f3n mejorada a trav\u00e9s del disipador t\u00e9rmico de aluminio incorporado y difractor de aire de varias celdas, recomendado para sistemas de dos v\u00eda y sistemas multi v\u00eda, impedancia: 8 ohms, potencia AES: 800 W, programa: 1,200 W, pico: 2,400 W, sensibilidad: 97 dB, rango de frecuencia: 45 - 3,200 Hz, bobina m\u00f3vil de aluminio de 3.94\u201d pulgadas (100 mm), peso: 6.2 kg.\",\"breadcrumb\":{\"@id\":\"https:\\\/\\\/www.mexicanguitarplayers.com\\\/tienda\\\/sin categor\u00eda\\\/bocina-eighteen-sound-12-12nlw9300-8\\\/#breadcrumb\"},\"inLanguage\":\"en-US\",\"potentialAction\":[{\"@type\":\"ReadAction\",\"target\":[\"https:\\\/\\\/www.mexicanguitarplayers.com\\\/tienda\\\/sin categor\u00eda\\\/bocina-eighteen-sound-12-12nlw9300-8\\\/\"]}]},{\"@type\":\"ImageObject\",\"inLanguage\":\"en-US\",\"@id\":\"https:\\\/\\\/www.mexicanguitarplayers.com\\\/tienda\\\/sin categor\u00eda\\\/bocina-eighteen-sound-12-12nlw9300-8\\\/#primaryimage\",\"url\":\"https:\\\/\\\/www.mexicanguitarplayers.com\\\/wp-content\\\/uploads\\\/2025\\\/04\\\/IAEIG12NLW9300.jpg\",\"contentUrl\":\"https:\\\/\\\/www.mexicanguitarplayers.com\\\/wp-content\\\/uploads\\\/2025\\\/04\\\/IAEIG12NLW9300.jpg\",\"width\":1200,\"height\":1200},{\"@type\":\"BreadcrumbList\",\"@id\":\"https:\\\/\\\/www.mexicanguitarplayers.com\\\/tienda\\\/sin categor\u00eda\\\/bocina-eighteen-sound-12-12nlw9300-8\\\/#breadcrumb\",\"itemListElement\":[{\"@type\":\"ListItem\",\"position\":1,\"name\":\"Portada\",\"item\":\"https:\\\/\\\/www.mexicanguitarplayers.com\\\/\"},{\"@type\":\"ListItem\",\"position\":2,\"name\":\"Tienda\",\"item\":\"https:\\\/\\\/www.mexicanguitarplayers.com\\\/tienda\\\/\"},{\"@type\":\"ListItem\",\"position\":3,\"name\":\"BOCINA EIGHTEEN SOUND 12 12NLW9300\\\/8\"}]},{\"@type\":\"WebSite\",\"@id\":\"https:\\\/\\\/www.mexicanguitarplayers.com\\\/#website\",\"url\":\"https:\\\/\\\/www.mexicanguitarplayers.com\\\/\",\"name\":\"Mexican Guitar Players\",\"description\":\"Website\",\"publisher\":{\"@id\":\"https:\\\/\\\/www.mexicanguitarplayers.com\\\/#organization\"},\"potentialAction\":[{\"@type\":\"SearchAction\",\"target\":{\"@type\":\"EntryPoint\",\"urlTemplate\":\"https:\\\/\\\/www.mexicanguitarplayers.com\\\/?s={search_term_string}\"},\"query-input\":{\"@type\":\"PropertyValueSpecification\",\"valueRequired\":true,\"valueName\":\"search_term_string\"}}],\"inLanguage\":\"en-US\"},{\"@type\":\"Organization\",\"@id\":\"https:\\\/\\\/www.mexicanguitarplayers.com\\\/#organization\",\"name\":\"Mexican Guitar Players\",\"url\":\"https:\\\/\\\/www.mexicanguitarplayers.com\\\/\",\"logo\":{\"@type\":\"ImageObject\",\"inLanguage\":\"en-US\",\"@id\":\"https:\\\/\\\/www.mexicanguitarplayers.com\\\/#\\\/schema\\\/logo\\\/image\\\/\",\"url\":\"\",\"contentUrl\":\"\",\"caption\":\"Mexican Guitar Players\"},\"image\":{\"@id\":\"https:\\\/\\\/www.mexicanguitarplayers.com\\\/#\\\/schema\\\/logo\\\/image\\\/\"}}]}<\/script>\n<!-- \/ Yoast SEO plugin. -->","yoast_head_json":{"title":"BOCINA EIGHTEEN SOUND 12 12NLW9300\/8 - Mexican Guitar Players","description":"Bocina de 12\u201d pulgadas, im\u00e1n de neodimio, cono reforzado de fibra de vidrio, anillos de doble demodulaci\u00f3n (DDR) para una menor distorsi\u00f3n, conos y platos protegidos contra la intemperie para uso en exteriores, disipaci\u00f3n mejorada a trav\u00e9s del disipador t\u00e9rmico de aluminio incorporado y difractor de aire de varias celdas, recomendado para sistemas de dos v\u00eda y sistemas multi v\u00eda, impedancia: 8 ohms, potencia AES: 800 W, programa: 1,200 W, pico: 2,400 W, sensibilidad: 97 dB, rango de frecuencia: 45 - 3,200 Hz, bobina m\u00f3vil de aluminio de 3.94\u201d pulgadas (100 mm), peso: 6.2 kg.","robots":{"index":"index","follow":"follow","max-snippet":"max-snippet:-1","max-image-preview":"max-image-preview:large","max-video-preview":"max-video-preview:-1"},"canonical":"https:\/\/www.mexicanguitarplayers.com\/en\/tienda\/sin categor\u00eda\/bocina-eighteen-sound-12-12nlw9300-8\/","og_locale":"en_US","og_type":"article","og_title":"BOCINA EIGHTEEN SOUND 12 12NLW9300\/8 - Mexican Guitar Players","og_description":"Bocina de 12\u201d pulgadas, im\u00e1n de neodimio, cono reforzado de fibra de vidrio, anillos de doble demodulaci\u00f3n (DDR) para una menor distorsi\u00f3n, conos y platos protegidos contra la intemperie para uso en exteriores, disipaci\u00f3n mejorada a trav\u00e9s del disipador t\u00e9rmico de aluminio incorporado y difractor de aire de varias celdas, recomendado para sistemas de dos v\u00eda y sistemas multi v\u00eda, impedancia: 8 ohms, potencia AES: 800 W, programa: 1,200 W, pico: 2,400 W, sensibilidad: 97 dB, rango de frecuencia: 45 - 3,200 Hz, bobina m\u00f3vil de aluminio de 3.94\u201d pulgadas (100 mm), peso: 6.2 kg.","og_url":"https:\/\/www.mexicanguitarplayers.com\/en\/tienda\/sin categor\u00eda\/bocina-eighteen-sound-12-12nlw9300-8\/","og_site_name":"Mexican Guitar Players","article_modified_time":"2026-04-15T10:20:13+00:00","twitter_card":"summary_large_image","twitter_misc":{"Est. reading time":"3 minutes"},"schema":{"@context":"https:\/\/schema.org","@graph":[{"@type":["WebPage","ItemPage"],"@id":"https:\/\/www.mexicanguitarplayers.com\/tienda\/sin categor\u00eda\/bocina-eighteen-sound-12-12nlw9300-8\/","url":"https:\/\/www.mexicanguitarplayers.com\/tienda\/sin categor\u00eda\/bocina-eighteen-sound-12-12nlw9300-8\/","name":"BOCINA EIGHTEEN SOUND 12 12NLW9300\/8 - Mexican Guitar Players","isPartOf":{"@id":"https:\/\/www.mexicanguitarplayers.com\/#website"},"primaryImageOfPage":{"@id":"https:\/\/www.mexicanguitarplayers.com\/tienda\/sin categor\u00eda\/bocina-eighteen-sound-12-12nlw9300-8\/#primaryimage"},"image":{"@id":"https:\/\/www.mexicanguitarplayers.com\/tienda\/sin categor\u00eda\/bocina-eighteen-sound-12-12nlw9300-8\/#primaryimage"},"thumbnailUrl":"https:\/\/www.mexicanguitarplayers.com\/wp-content\/uploads\/2025\/04\/IAEIG12NLW9300.jpg","datePublished":"2025-04-08T17:12:52+00:00","dateModified":"2026-04-15T10:20:13+00:00","description":"Bocina de 12\u201d pulgadas, im\u00e1n de neodimio, cono reforzado de fibra de vidrio, anillos de doble demodulaci\u00f3n (DDR) para una menor distorsi\u00f3n, conos y platos protegidos contra la intemperie para uso en exteriores, disipaci\u00f3n mejorada a trav\u00e9s del disipador t\u00e9rmico de aluminio incorporado y difractor de aire de varias celdas, recomendado para sistemas de dos v\u00eda y sistemas multi v\u00eda, impedancia: 8 ohms, potencia AES: 800 W, programa: 1,200 W, pico: 2,400 W, sensibilidad: 97 dB, rango de frecuencia: 45 - 3,200 Hz, bobina m\u00f3vil de aluminio de 3.94\u201d pulgadas (100 mm), peso: 6.2 kg.","breadcrumb":{"@id":"https:\/\/www.mexicanguitarplayers.com\/tienda\/sin categor\u00eda\/bocina-eighteen-sound-12-12nlw9300-8\/#breadcrumb"},"inLanguage":"en-US","potentialAction":[{"@type":"ReadAction","target":["https:\/\/www.mexicanguitarplayers.com\/tienda\/sin categor\u00eda\/bocina-eighteen-sound-12-12nlw9300-8\/"]}]},{"@type":"ImageObject","inLanguage":"en-US","@id":"https:\/\/www.mexicanguitarplayers.com\/tienda\/sin categor\u00eda\/bocina-eighteen-sound-12-12nlw9300-8\/#primaryimage","url":"https:\/\/www.mexicanguitarplayers.com\/wp-content\/uploads\/2025\/04\/IAEIG12NLW9300.jpg","contentUrl":"https:\/\/www.mexicanguitarplayers.com\/wp-content\/uploads\/2025\/04\/IAEIG12NLW9300.jpg","width":1200,"height":1200},{"@type":"BreadcrumbList","@id":"https:\/\/www.mexicanguitarplayers.com\/tienda\/sin categor\u00eda\/bocina-eighteen-sound-12-12nlw9300-8\/#breadcrumb","itemListElement":[{"@type":"ListItem","position":1,"name":"Portada","item":"https:\/\/www.mexicanguitarplayers.com\/"},{"@type":"ListItem","position":2,"name":"Tienda","item":"https:\/\/www.mexicanguitarplayers.com\/tienda\/"},{"@type":"ListItem","position":3,"name":"BOCINA EIGHTEEN SOUND 12 12NLW9300\/8"}]},{"@type":"WebSite","@id":"https:\/\/www.mexicanguitarplayers.com\/#website","url":"https:\/\/www.mexicanguitarplayers.com\/","name":"Mexican Guitar Players","description":"Website","publisher":{"@id":"https:\/\/www.mexicanguitarplayers.com\/#organization"},"potentialAction":[{"@type":"SearchAction","target":{"@type":"EntryPoint","urlTemplate":"https:\/\/www.mexicanguitarplayers.com\/?s={search_term_string}"},"query-input":{"@type":"PropertyValueSpecification","valueRequired":true,"valueName":"search_term_string"}}],"inLanguage":"en-US"},{"@type":"Organization","@id":"https:\/\/www.mexicanguitarplayers.com\/#organization","name":"Mexican Guitar Players","url":"https:\/\/www.mexicanguitarplayers.com\/","logo":{"@type":"ImageObject","inLanguage":"en-US","@id":"https:\/\/www.mexicanguitarplayers.com\/#\/schema\/logo\/image\/","url":"","contentUrl":"","caption":"Mexican Guitar Players"},"image":{"@id":"https:\/\/www.mexicanguitarplayers.com\/#\/schema\/logo\/image\/"}}]}},"brands":[{"id":533,"name":"EIGHTEEN SOUND","slug":"eighteen-sound"}],"_links":{"self":[{"href":"https:\/\/www.mexicanguitarplayers.com\/en\/wp-json\/wp\/v2\/product\/30366","targetHints":{"allow":["GET"]}}],"collection":[{"href":"https:\/\/www.mexicanguitarplayers.com\/en\/wp-json\/wp\/v2\/product"}],"about":[{"href":"https:\/\/www.mexicanguitarplayers.com\/en\/wp-json\/wp\/v2\/types\/product"}],"replies":[{"embeddable":true,"href":"https:\/\/www.mexicanguitarplayers.com\/en\/wp-json\/wp\/v2\/comments?post=30366"}],"wp:featuredmedia":[{"embeddable":true,"href":"https:\/\/www.mexicanguitarplayers.com\/en\/wp-json\/wp\/v2\/media\/30363"}],"wp:attachment":[{"href":"https:\/\/www.mexicanguitarplayers.com\/en\/wp-json\/wp\/v2\/media?parent=30366"}],"wp:term":[{"taxonomy":"pwb-brand","embeddable":true,"href":"https:\/\/www.mexicanguitarplayers.com\/en\/wp-json\/wp\/v2\/pwb-brand?post=30366"},{"taxonomy":"product_brand","embeddable":true,"href":"https:\/\/www.mexicanguitarplayers.com\/en\/wp-json\/wp\/v2\/product_brand?post=30366"},{"taxonomy":"product_cat","embeddable":true,"href":"https:\/\/www.mexicanguitarplayers.com\/en\/wp-json\/wp\/v2\/product_cat?post=30366"},{"taxonomy":"product_tag","embeddable":true,"href":"https:\/\/www.mexicanguitarplayers.com\/en\/wp-json\/wp\/v2\/product_tag?post=30366"}],"curies":[{"name":"wp","href":"https:\/\/api.w.org\/{rel}","templated":true}]}}