{"id":30378,"date":"2025-04-08T11:13:08","date_gmt":"2025-04-08T17:13:08","guid":{"rendered":"https:\/\/www.mexicanguitarplayers.com\/tienda\/sin categor\u00eda\/guitarra-washburn-clasica-wc760sw\/"},"modified":"2026-04-10T04:37:05","modified_gmt":"2026-04-10T10:37:05","slug":"guitarra-washburn-clasica-wc760sw","status":"publish","type":"product","link":"https:\/\/www.mexicanguitarplayers.com\/en\/tienda\/cuerdas\/guitarras-cuerdas\/acusticas\/guitarras-clasicas\/guitarra-washburn-clasica-wc760sw\/","title":{"rendered":"GUITARRA WASHBURN CLASICA  WC760SW"},"content":{"rendered":"<div style=\"text-align: justify\">\n<div>\n<h3>Una obra de arte musical&#8230;para conocedores.<\/h3>\n<\/div>\n<div>Guitarra electro-cl\u00e1sica Washburn mod.WC750SW. Solid Wood Series, Fin\u00edsima guitarra electro-cl\u00e1sica con tapa de cedro s\u00f3lido, aros y fondo de ovangkol, brazo de fina caoba, diapas\u00f3n de rosewood, Maquinaria dorada de engrane abierto con botones de ebonita. Escala de 25.5&#8243;. Su tapa de cedro solido produce una c\u00e1lida e inmejorable resonancia y sustain. Su brazo de caoba es c\u00f3modo y su diapas\u00f3n es \u00e1gil y preciso. Encordada con D&#8217;Addario. <\/div>\n<div>\n<h4>Quick look<\/h4>\n<\/div>\n<ul style=\"margin: 0px 0px 0px 25px\">\n<li style=\"list-style-type: circle;margin: 5px\">Tapa de Solid Cedar (cedro s\u00f3lido):<\/li>\n<li style=\"list-style-type: circle;margin: 5px\">Aros y fondo de ovangkol:<\/li>\n<\/ul>\n<div>\n<div style=\"font-weight: bold\">Tapa de Solid Cedar (cedro s\u00f3lido):<\/div>\n<div>\n<p>Al ser s\u00f3lida y en una sola pieza, esta tapa de abeto produce una resonancia pareja con mucho sustain y calidez sonora.<\/p>\n<\/div>\n<div style=\"font-weight: bold\">Aros y fondo de ovangkol:<\/div>\n<div>\n<p>Excelente madera r\u00edgida y reflectiva. Gran proyecci\u00f3 en toda la gama de frecuencias.<\/p>\n<\/div>\n<\/div>\n<div>\n<h4>Characteristics<\/h4>\n<\/div>\n<div>\n<ul style=\"margin: 0px 0px 0px 25px\">\n<li style=\"list-style-type: circle;margin: 5px\">Maquinaria dorada de engrane abierto con botones de ebonita.<\/li>\n<li style=\"list-style-type: circle;margin: 5px\">Alma de acero de 2 v\u00edas.<\/li>\n<\/ul>\n<\/div>\n<\/div>","protected":false},"excerpt":{"rendered":"<p>Guitarra electro-cl\u00e1sica Washburn mod.WC750SW. Solid Wood Series, Fin\u00edsima guitarra electro-cl\u00e1sica con tapa de solid cedar, aros y fondo de ovangkol, brazo defina caoba, diapas\u00f3n de rosewood,  Maquinaria dorada de engrane abierto con botones de ebonita. Escala de 25.5\u201d. Alma de acero de 2 v\u00edas.&hellip; <a class=\"kt-excerpt-readmore more-link\" href=\"https:\/\/www.mexicanguitarplayers.com\/en\/tienda\/cuerdas\/guitarras-cuerdas\/acusticas\/guitarras-clasicas\/guitarra-washburn-clasica-wc760sw\/\">Read more<\/a><\/p>","protected":false},"featured_media":30377,"comment_status":"open","ping_status":"closed","template":"","meta":{"kt_blocks_editor_width":""},"pwb-brand":[178],"product_brand":[],"product_cat":[315,224,312,330],"product_tag":[],"class_list":{"0":"post-30378","1":"product","2":"type-product","3":"status-publish","4":"has-post-thumbnail","6":"pwb-brand-washburn","7":"product_cat-acusticas","8":"product_cat-cuerdas","9":"product_cat-guitarras-cuerdas","10":"product_cat-guitarras-clasicas","11":"product_shipping_class-0-5-kg","13":"first","14":"outofstock","15":"taxable","16":"shipping-taxable","17":"purchasable","18":"product-type-simple"},"yoast_head":"<!-- This site is optimized with the Yoast SEO plugin v27.5 - https:\/\/yoast.com\/product\/yoast-seo-wordpress\/ -->\n<title>GUITARRA WASHBURN CLASICA WC760SW - Mexican Guitar Players<\/title>\n<meta name=\"description\" content=\"Guitarra electro-cl\u00e1sica Washburn mod.WC750SW. Solid Wood Series, Fin\u00edsima guitarra electro-cl\u00e1sica con tapa de solid cedar, aros y fondo de ovangkol, brazo defina caoba, diapas\u00f3n de rosewood, Maquinaria dorada de engrane abierto con botones de ebonita. Escala de 25.5\u201d. Alma de acero de 2 v\u00edas.\" \/>\n<meta name=\"robots\" content=\"index, follow, max-snippet:-1, max-image-preview:large, max-video-preview:-1\" \/>\n<link rel=\"canonical\" href=\"https:\/\/www.mexicanguitarplayers.com\/en\/tienda\/sin%20categor\u00eda\/guitarra-washburn-clasica-wc760sw\/\" \/>\n<meta property=\"og:locale\" content=\"en_US\" \/>\n<meta property=\"og:type\" content=\"article\" \/>\n<meta property=\"og:title\" content=\"GUITARRA WASHBURN CLASICA WC760SW - Mexican Guitar Players\" \/>\n<meta property=\"og:description\" content=\"Guitarra electro-cl\u00e1sica Washburn mod.WC750SW. Solid Wood Series, Fin\u00edsima guitarra electro-cl\u00e1sica con tapa de solid cedar, aros y fondo de ovangkol, brazo defina caoba, diapas\u00f3n de rosewood, Maquinaria dorada de engrane abierto con botones de ebonita. Escala de 25.5\u201d. Alma de acero de 2 v\u00edas.\" \/>\n<meta property=\"og:url\" content=\"https:\/\/www.mexicanguitarplayers.com\/en\/tienda\/sin categor\u00eda\/guitarra-washburn-clasica-wc760sw\/\" \/>\n<meta property=\"og:site_name\" content=\"Mexican Guitar Players\" \/>\n<meta property=\"article:modified_time\" content=\"2026-04-10T10:37:05+00:00\" \/>\n<meta name=\"twitter:card\" content=\"summary_large_image\" \/>\n<meta name=\"twitter:label1\" content=\"Est. reading time\" \/>\n\t<meta name=\"twitter:data1\" content=\"1 minute\" \/>\n<script type=\"application\/ld+json\" class=\"yoast-schema-graph\">{\"@context\":\"https:\\\/\\\/schema.org\",\"@graph\":[{\"@type\":[\"WebPage\",\"ItemPage\"],\"@id\":\"https:\\\/\\\/www.mexicanguitarplayers.com\\\/tienda\\\/sin categor\u00eda\\\/guitarra-washburn-clasica-wc760sw\\\/\",\"url\":\"https:\\\/\\\/www.mexicanguitarplayers.com\\\/tienda\\\/sin categor\u00eda\\\/guitarra-washburn-clasica-wc760sw\\\/\",\"name\":\"GUITARRA WASHBURN CLASICA WC760SW - Mexican Guitar Players\",\"isPartOf\":{\"@id\":\"https:\\\/\\\/www.mexicanguitarplayers.com\\\/#website\"},\"primaryImageOfPage\":{\"@id\":\"https:\\\/\\\/www.mexicanguitarplayers.com\\\/tienda\\\/sin categor\u00eda\\\/guitarra-washburn-clasica-wc760sw\\\/#primaryimage\"},\"image\":{\"@id\":\"https:\\\/\\\/www.mexicanguitarplayers.com\\\/tienda\\\/sin categor\u00eda\\\/guitarra-washburn-clasica-wc760sw\\\/#primaryimage\"},\"thumbnailUrl\":\"https:\\\/\\\/www.mexicanguitarplayers.com\\\/wp-content\\\/uploads\\\/2025\\\/04\\\/ISWASWC760SW.jpg\",\"datePublished\":\"2025-04-08T17:13:08+00:00\",\"dateModified\":\"2026-04-10T10:37:05+00:00\",\"description\":\"Guitarra electro-cl\u00e1sica Washburn mod.WC750SW. Solid Wood Series, Fin\u00edsima guitarra electro-cl\u00e1sica con tapa de solid cedar, aros y fondo de ovangkol, brazo defina caoba, diapas\u00f3n de rosewood, Maquinaria dorada de engrane abierto con botones de ebonita. Escala de 25.5\u201d. Alma de acero de 2 v\u00edas.\",\"breadcrumb\":{\"@id\":\"https:\\\/\\\/www.mexicanguitarplayers.com\\\/tienda\\\/sin categor\u00eda\\\/guitarra-washburn-clasica-wc760sw\\\/#breadcrumb\"},\"inLanguage\":\"en-US\",\"potentialAction\":[{\"@type\":\"ReadAction\",\"target\":[\"https:\\\/\\\/www.mexicanguitarplayers.com\\\/tienda\\\/sin categor\u00eda\\\/guitarra-washburn-clasica-wc760sw\\\/\"]}]},{\"@type\":\"ImageObject\",\"inLanguage\":\"en-US\",\"@id\":\"https:\\\/\\\/www.mexicanguitarplayers.com\\\/tienda\\\/sin categor\u00eda\\\/guitarra-washburn-clasica-wc760sw\\\/#primaryimage\",\"url\":\"https:\\\/\\\/www.mexicanguitarplayers.com\\\/wp-content\\\/uploads\\\/2025\\\/04\\\/ISWASWC760SW.jpg\",\"contentUrl\":\"https:\\\/\\\/www.mexicanguitarplayers.com\\\/wp-content\\\/uploads\\\/2025\\\/04\\\/ISWASWC760SW.jpg\",\"width\":300,\"height\":300},{\"@type\":\"BreadcrumbList\",\"@id\":\"https:\\\/\\\/www.mexicanguitarplayers.com\\\/tienda\\\/sin categor\u00eda\\\/guitarra-washburn-clasica-wc760sw\\\/#breadcrumb\",\"itemListElement\":[{\"@type\":\"ListItem\",\"position\":1,\"name\":\"Portada\",\"item\":\"https:\\\/\\\/www.mexicanguitarplayers.com\\\/\"},{\"@type\":\"ListItem\",\"position\":2,\"name\":\"Tienda\",\"item\":\"https:\\\/\\\/www.mexicanguitarplayers.com\\\/tienda\\\/\"},{\"@type\":\"ListItem\",\"position\":3,\"name\":\"GUITARRA WASHBURN CLASICA WC760SW\"}]},{\"@type\":\"WebSite\",\"@id\":\"https:\\\/\\\/www.mexicanguitarplayers.com\\\/#website\",\"url\":\"https:\\\/\\\/www.mexicanguitarplayers.com\\\/\",\"name\":\"Mexican Guitar Players\",\"description\":\"Website\",\"publisher\":{\"@id\":\"https:\\\/\\\/www.mexicanguitarplayers.com\\\/#organization\"},\"potentialAction\":[{\"@type\":\"SearchAction\",\"target\":{\"@type\":\"EntryPoint\",\"urlTemplate\":\"https:\\\/\\\/www.mexicanguitarplayers.com\\\/?s={search_term_string}\"},\"query-input\":{\"@type\":\"PropertyValueSpecification\",\"valueRequired\":true,\"valueName\":\"search_term_string\"}}],\"inLanguage\":\"en-US\"},{\"@type\":\"Organization\",\"@id\":\"https:\\\/\\\/www.mexicanguitarplayers.com\\\/#organization\",\"name\":\"Mexican Guitar Players\",\"url\":\"https:\\\/\\\/www.mexicanguitarplayers.com\\\/\",\"logo\":{\"@type\":\"ImageObject\",\"inLanguage\":\"en-US\",\"@id\":\"https:\\\/\\\/www.mexicanguitarplayers.com\\\/#\\\/schema\\\/logo\\\/image\\\/\",\"url\":\"\",\"contentUrl\":\"\",\"caption\":\"Mexican Guitar Players\"},\"image\":{\"@id\":\"https:\\\/\\\/www.mexicanguitarplayers.com\\\/#\\\/schema\\\/logo\\\/image\\\/\"}}]}<\/script>\n<!-- \/ Yoast SEO plugin. -->","yoast_head_json":{"title":"GUITARRA WASHBURN CLASICA WC760SW - Mexican Guitar Players","description":"Guitarra electro-cl\u00e1sica Washburn mod.WC750SW. Solid Wood Series, Fin\u00edsima guitarra electro-cl\u00e1sica con tapa de solid cedar, aros y fondo de ovangkol, brazo defina caoba, diapas\u00f3n de rosewood, Maquinaria dorada de engrane abierto con botones de ebonita. Escala de 25.5\u201d. Alma de acero de 2 v\u00edas.","robots":{"index":"index","follow":"follow","max-snippet":"max-snippet:-1","max-image-preview":"max-image-preview:large","max-video-preview":"max-video-preview:-1"},"canonical":"https:\/\/www.mexicanguitarplayers.com\/en\/tienda\/sin categor\u00eda\/guitarra-washburn-clasica-wc760sw\/","og_locale":"en_US","og_type":"article","og_title":"GUITARRA WASHBURN CLASICA WC760SW - Mexican Guitar Players","og_description":"Guitarra electro-cl\u00e1sica Washburn mod.WC750SW. Solid Wood Series, Fin\u00edsima guitarra electro-cl\u00e1sica con tapa de solid cedar, aros y fondo de ovangkol, brazo defina caoba, diapas\u00f3n de rosewood, Maquinaria dorada de engrane abierto con botones de ebonita. Escala de 25.5\u201d. Alma de acero de 2 v\u00edas.","og_url":"https:\/\/www.mexicanguitarplayers.com\/en\/tienda\/sin categor\u00eda\/guitarra-washburn-clasica-wc760sw\/","og_site_name":"Mexican Guitar Players","article_modified_time":"2026-04-10T10:37:05+00:00","twitter_card":"summary_large_image","twitter_misc":{"Est. reading time":"1 minute"},"schema":{"@context":"https:\/\/schema.org","@graph":[{"@type":["WebPage","ItemPage"],"@id":"https:\/\/www.mexicanguitarplayers.com\/tienda\/sin categor\u00eda\/guitarra-washburn-clasica-wc760sw\/","url":"https:\/\/www.mexicanguitarplayers.com\/tienda\/sin categor\u00eda\/guitarra-washburn-clasica-wc760sw\/","name":"GUITARRA WASHBURN CLASICA WC760SW - Mexican Guitar Players","isPartOf":{"@id":"https:\/\/www.mexicanguitarplayers.com\/#website"},"primaryImageOfPage":{"@id":"https:\/\/www.mexicanguitarplayers.com\/tienda\/sin categor\u00eda\/guitarra-washburn-clasica-wc760sw\/#primaryimage"},"image":{"@id":"https:\/\/www.mexicanguitarplayers.com\/tienda\/sin categor\u00eda\/guitarra-washburn-clasica-wc760sw\/#primaryimage"},"thumbnailUrl":"https:\/\/www.mexicanguitarplayers.com\/wp-content\/uploads\/2025\/04\/ISWASWC760SW.jpg","datePublished":"2025-04-08T17:13:08+00:00","dateModified":"2026-04-10T10:37:05+00:00","description":"Guitarra electro-cl\u00e1sica Washburn mod.WC750SW. Solid Wood Series, Fin\u00edsima guitarra electro-cl\u00e1sica con tapa de solid cedar, aros y fondo de ovangkol, brazo defina caoba, diapas\u00f3n de rosewood, Maquinaria dorada de engrane abierto con botones de ebonita. Escala de 25.5\u201d. Alma de acero de 2 v\u00edas.","breadcrumb":{"@id":"https:\/\/www.mexicanguitarplayers.com\/tienda\/sin categor\u00eda\/guitarra-washburn-clasica-wc760sw\/#breadcrumb"},"inLanguage":"en-US","potentialAction":[{"@type":"ReadAction","target":["https:\/\/www.mexicanguitarplayers.com\/tienda\/sin categor\u00eda\/guitarra-washburn-clasica-wc760sw\/"]}]},{"@type":"ImageObject","inLanguage":"en-US","@id":"https:\/\/www.mexicanguitarplayers.com\/tienda\/sin categor\u00eda\/guitarra-washburn-clasica-wc760sw\/#primaryimage","url":"https:\/\/www.mexicanguitarplayers.com\/wp-content\/uploads\/2025\/04\/ISWASWC760SW.jpg","contentUrl":"https:\/\/www.mexicanguitarplayers.com\/wp-content\/uploads\/2025\/04\/ISWASWC760SW.jpg","width":300,"height":300},{"@type":"BreadcrumbList","@id":"https:\/\/www.mexicanguitarplayers.com\/tienda\/sin categor\u00eda\/guitarra-washburn-clasica-wc760sw\/#breadcrumb","itemListElement":[{"@type":"ListItem","position":1,"name":"Portada","item":"https:\/\/www.mexicanguitarplayers.com\/"},{"@type":"ListItem","position":2,"name":"Tienda","item":"https:\/\/www.mexicanguitarplayers.com\/tienda\/"},{"@type":"ListItem","position":3,"name":"GUITARRA WASHBURN CLASICA WC760SW"}]},{"@type":"WebSite","@id":"https:\/\/www.mexicanguitarplayers.com\/#website","url":"https:\/\/www.mexicanguitarplayers.com\/","name":"Mexican Guitar Players","description":"Website","publisher":{"@id":"https:\/\/www.mexicanguitarplayers.com\/#organization"},"potentialAction":[{"@type":"SearchAction","target":{"@type":"EntryPoint","urlTemplate":"https:\/\/www.mexicanguitarplayers.com\/?s={search_term_string}"},"query-input":{"@type":"PropertyValueSpecification","valueRequired":true,"valueName":"search_term_string"}}],"inLanguage":"en-US"},{"@type":"Organization","@id":"https:\/\/www.mexicanguitarplayers.com\/#organization","name":"Mexican Guitar Players","url":"https:\/\/www.mexicanguitarplayers.com\/","logo":{"@type":"ImageObject","inLanguage":"en-US","@id":"https:\/\/www.mexicanguitarplayers.com\/#\/schema\/logo\/image\/","url":"","contentUrl":"","caption":"Mexican Guitar Players"},"image":{"@id":"https:\/\/www.mexicanguitarplayers.com\/#\/schema\/logo\/image\/"}}]}},"brands":[{"id":178,"name":"WASHBURN","slug":"washburn"}],"_links":{"self":[{"href":"https:\/\/www.mexicanguitarplayers.com\/en\/wp-json\/wp\/v2\/product\/30378","targetHints":{"allow":["GET"]}}],"collection":[{"href":"https:\/\/www.mexicanguitarplayers.com\/en\/wp-json\/wp\/v2\/product"}],"about":[{"href":"https:\/\/www.mexicanguitarplayers.com\/en\/wp-json\/wp\/v2\/types\/product"}],"replies":[{"embeddable":true,"href":"https:\/\/www.mexicanguitarplayers.com\/en\/wp-json\/wp\/v2\/comments?post=30378"}],"wp:featuredmedia":[{"embeddable":true,"href":"https:\/\/www.mexicanguitarplayers.com\/en\/wp-json\/wp\/v2\/media\/30377"}],"wp:attachment":[{"href":"https:\/\/www.mexicanguitarplayers.com\/en\/wp-json\/wp\/v2\/media?parent=30378"}],"wp:term":[{"taxonomy":"pwb-brand","embeddable":true,"href":"https:\/\/www.mexicanguitarplayers.com\/en\/wp-json\/wp\/v2\/pwb-brand?post=30378"},{"taxonomy":"product_brand","embeddable":true,"href":"https:\/\/www.mexicanguitarplayers.com\/en\/wp-json\/wp\/v2\/product_brand?post=30378"},{"taxonomy":"product_cat","embeddable":true,"href":"https:\/\/www.mexicanguitarplayers.com\/en\/wp-json\/wp\/v2\/product_cat?post=30378"},{"taxonomy":"product_tag","embeddable":true,"href":"https:\/\/www.mexicanguitarplayers.com\/en\/wp-json\/wp\/v2\/product_tag?post=30378"}],"curies":[{"name":"wp","href":"https:\/\/api.w.org\/{rel}","templated":true}]}}