{"id":30416,"date":"2025-04-08T11:13:53","date_gmt":"2025-04-08T17:13:53","guid":{"rendered":"https:\/\/www.mexicanguitarplayers.com\/tienda\/sin categor\u00eda\/bocina-eighteen-sound-12-12lw1400-8\/"},"modified":"2026-04-15T04:20:12","modified_gmt":"2026-04-15T10:20:12","slug":"bocina-eighteen-sound-12-12lw1400-8","status":"publish","type":"product","link":"https:\/\/www.mexicanguitarplayers.com\/en\/tienda\/audio\/bafles-y-bocinas\/bocinas-y-componentes\/medios\/bocina-eighteen-sound-12-12lw1400-8\/","title":{"rendered":"BOCINA EIGHTEEN SOUND 12  12LW1400\/8"},"content":{"rendered":"<div style=\"text-align: justify\">\n<div>\n<h3>El perfecto control de tu sonido.<\/h3>\n<\/div>\n<div>El 12LW1400 es un altavoz extendido de baja frecuencia que establece un nuevo est\u00e1ndar de la industria en los transductores de alto rendimiento de 12\u201d pulgadas (300 mm) con bobina m\u00f3vil de 4\u201d pulgadas, junto con los modelos 15LW1400 y 18LW1400 respectivamente. El transductor ha sido dise\u00f1ado para su uso en subwoofer o componentes de baja frecuencia en sistemas de m\u00faltiples v\u00edas donde se requieren cantidades considerables de potencia y baja distorsi\u00f3n. 12LW1400 es ideal para gabinetes de carga muy alta, tales como configuraciones bandpass, horn loaded o compact reflex. En su configuraci\u00f3n reflex, el 12LW1400 se puede usar en recintos extremadamente compactos (30 &#8211; 60 lt), lo que lo convierte en la opci\u00f3n ideal para aplicaciones de giras, refuerzo de sonido o instalaciones fijas, incluidos sistemas de refuerzo para conciertos en interiores y exteriores. La fuerza m\u00e1xima, la respuesta suave y el movimiento del pist\u00f3n de alto desplazamiento se obtienen utilizando la tecnolog\u00eda Double Silicon Spider (DSS) y un envolvente de gran excursi\u00f3n. Se ha utilizado un material de cono de formulaci\u00f3n especial para permitirle soportar picos de alta carga y alta potencia. El sistema de suspensi\u00f3n ha sido dise\u00f1ado para proporcionar un comportamiento de se\u00f1al grande sim\u00e9trico en todo el rango de trabajo, proporcionando una baja distorsi\u00f3n arm\u00f3nica en diferentes niveles de excitaci\u00f3n. Una bobina m\u00f3vil interna de aluminio, basada en la bobina m\u00f3vil intercalada S\u00e1ndwich (ISV) proporciona altos niveles de estabilidad t\u00e9rmica y durabilidad. La tecnolog\u00eda ISV se basa en un embobinador de fibra de vidrio de alta resistencia con la mitad de la bobina enrollada en el exterior y la otra mitad en el interior, lo que garantiza una disipaci\u00f3n t\u00e9rmica uniforme en ambos lados. Se une mediante un adhesivo de resina de alta temperatura para lograr una unidad de motor lineal equilibrada y s\u00f3lida. La tecnolog\u00eda de doble anillo de modulaci\u00f3n (DDR) reduce dr\u00e1sticamente la intermodulaci\u00f3n y la distorsi\u00f3n arm\u00f3nica al tiempo que mejora la respuesta transitoria. El dise\u00f1o de la placa superior y la placa posterior se han optimizado para la excursi\u00f3n del cono y el factor de fuerza sim\u00e9trica m\u00e1xima mediante el uso del software interno de simulaci\u00f3n magn\u00e9tica FEA. Adem\u00e1s, se ha logrado una excelente disipaci\u00f3n del calor gracias al dise\u00f1o especial de la canasta, que incorpora canales de aire entre la canasta y la placa superior magn\u00e9tica. El exclusivo tratamiento de cono 12LW1400 mejora la resistencia de la pulpa y otorga propiedades repelentes al agua a ambos lados del cono. Adem\u00e1s, el recubrimiento especial de las placas superior y posterior la hace mucho m\u00e1s resistentes a los efectos corrosivos de las sales y la oxidaci\u00f3n que el tratamiento est\u00e1ndar recubierto con zinc.<\/div>\n<div>\n<h4>Quick look<\/h4>\n<\/div>\n<ul style=\"margin: 0px 0px 0px 25px\">\n<li style=\"list-style-type: circle;margin: 5px\">Di\u00e1metro nominal.<\/li>\n<li style=\"list-style-type: circle;margin: 5px\">Nominal impedance.<\/li>\n<li style=\"list-style-type: circle;margin: 5px\">Power.<\/li>\n<li style=\"list-style-type: circle;margin: 5px\">Sensitivity.<\/li>\n<li style=\"list-style-type: circle;margin: 5px\">Rango de frecuencia.<\/li>\n<li style=\"list-style-type: circle;margin: 5px\">Compresi\u00f3n.<\/li>\n<li style=\"list-style-type: circle;margin: 5px\">Frecuencia m\u00e1xima recomendada.<\/li>\n<li style=\"list-style-type: circle;margin: 5px\">Volumen recomendado del gabinete.<\/li>\n<li style=\"list-style-type: circle;margin: 5px\">Impedancia m\u00ednima.<\/li>\n<li style=\"list-style-type: circle;margin: 5px\">Excursi\u00f3n m\u00e1xima pico a pico.<\/li>\n<li style=\"list-style-type: circle;margin: 5px\">Di\u00e1metro de la bobina m\u00f3vil.<\/li>\n<li style=\"list-style-type: circle;margin: 5px\">Material de la bobina m\u00f3vil.<\/li>\n<li style=\"list-style-type: circle;margin: 5px\">Suspensi\u00f3n.<\/li>\n<li style=\"list-style-type: circle;margin: 5px\">Cono.<\/li>\n<li style=\"list-style-type: circle;margin: 5px\">FS (Frecuencia de resonancia).<\/li>\n<li style=\"list-style-type: circle;margin: 5px\">Resistencia DC.<\/li>\n<li style=\"list-style-type: circle;margin: 5px\">SD (Superficie efectiva).<\/li>\n<li style=\"list-style-type: circle;margin: 5px\">QMS (Factor de calidad mec\u00e1nica).<\/li>\n<li style=\"list-style-type: circle;margin: 5px\">QES (Factor de calidad el\u00e9ctrica).<\/li>\n<li style=\"list-style-type: circle;margin: 5px\">QTS (Factor de calidad total).<\/li>\n<li style=\"list-style-type: circle;margin: 5px\">VAS (Volumen de aire equivalente a CMS).<\/li>\n<li style=\"list-style-type: circle;margin: 5px\">MMS (Masa total del cono).<\/li>\n<li style=\"list-style-type: circle;margin: 5px\">Factor BL <\/li>\n<li style=\"list-style-type: circle;margin: 5px\">XMAX (Desplazamiento m\u00e1ximo).<\/li>\n<li style=\"list-style-type: circle;margin: 5px\">Inductancia de la bobina m\u00f3vil (Le @ 1kHz).<\/li>\n<li style=\"list-style-type: circle;margin: 5px\">Referencia de eficiencia 1W\/1m (espacio medio).<\/li>\n<li style=\"list-style-type: circle;margin: 5px\">Di\u00e1metro total.<\/li>\n<li style=\"list-style-type: circle;margin: 5px\">Numero de agujeros de montaje y tornillo.<\/li>\n<li style=\"list-style-type: circle;margin: 5px\">Di\u00e1metro de los agujeros de montaje.<\/li>\n<li style=\"list-style-type: circle;margin: 5px\">Di\u00e1metro del c\u00edrculo del perno.<\/li>\n<li style=\"list-style-type: circle;margin: 5px\">Corte de montaje frontal del bafle.<\/li>\n<li style=\"list-style-type: circle;margin: 5px\">Corte de montaje posterior del bafle.<\/li>\n<li style=\"list-style-type: circle;margin: 5px\">Profundidad total.<\/li>\n<li style=\"list-style-type: circle;margin: 5px\">Espesor de  brida y junta.<\/li>\n<li style=\"list-style-type: circle;margin: 5px\">Weight.<\/li>\n<\/ul>\n<div>\n<div style=\"font-weight: bold\">Di\u00e1metro nominal.<\/div>\n<div>\n<p>12\u201d pulgadas (300 mm).<\/p>\n<\/div>\n<div style=\"font-weight: bold\">Nominal impedance.<\/div>\n<div>\n<p>8 ohms.<\/p>\n<\/div>\n<div style=\"font-weight: bold\">Power.<\/div>\n<div>\n<p>AES: 900 W. Programa: 1,400 W. Pico: 6,000 W.<\/p>\n<\/div>\n<div style=\"font-weight: bold\">Sensitivity.<\/div>\n<div>\n<p>96 dB.<\/p>\n<\/div>\n<div style=\"font-weight: bold\">Rango de frecuencia.<\/div>\n<div>\n<p>51 &#8211; 4,000 Hz.<\/p>\n<\/div>\n<div style=\"font-weight: bold\">Compresi\u00f3n.<\/div>\n<div>\n<p>A -10 dB: 0.5 dB. A -3 dB: 2.2 dB.<\/p>\n<\/div>\n<div style=\"font-weight: bold\">Frecuencia m\u00e1xima recomendada.<\/div>\n<div>\n<p>1,000 Hz.<\/p>\n<\/div>\n<div style=\"font-weight: bold\">Volumen recomendado del gabinete.<\/div>\n<div>\n<p>30 &#8211; 60 lt. (1.06 \u2013 2.12 pies c\u00fabicos).<\/p>\n<\/div>\n<div style=\"font-weight: bold\">Impedancia m\u00ednima.<\/div>\n<div>\n<p>6.8 ohms a 25\u00b0C.<\/p>\n<\/div>\n<div style=\"font-weight: bold\">Excursi\u00f3n m\u00e1xima pico a pico.<\/div>\n<div>\n<p>1.4\u201d pulgadas (36 mm).<\/p>\n<\/div>\n<div style=\"font-weight: bold\">Di\u00e1metro de la bobina m\u00f3vil.<\/div>\n<div>\n<p>4\u201d pulgadas (100 mm).<\/p>\n<\/div>\n<div style=\"font-weight: bold\">Material de la bobina m\u00f3vil.<\/div>\n<div>\n<p>Aluminio.<\/p>\n<\/div>\n<div style=\"font-weight: bold\">Suspensi\u00f3n.<\/div>\n<div>\n<p>Triple rollo, poli algod\u00f3n.<\/p>\n<\/div>\n<div style=\"font-weight: bold\">Cono.<\/div>\n<div>\n<p>Recto, papel.<\/p>\n<\/div>\n<div style=\"font-weight: bold\">FS (Frecuencia de resonancia).<\/div>\n<div>\n<p>45 Hz.<\/p>\n<\/div>\n<div style=\"font-weight: bold\">Resistencia DC.<\/div>\n<div>\n<p>5.2 ohms.<\/p>\n<\/div>\n<div style=\"font-weight: bold\">SD (Superficie efectiva).<\/div>\n<div>\n<p>0.053 sq.mt. (82.15 sq.in.).<\/p>\n<\/div>\n<div style=\"font-weight: bold\">QMS (Factor de calidad mec\u00e1nica).<\/div>\n<div>\n<p>5.<\/p>\n<\/div>\n<div style=\"font-weight: bold\">QES (Factor de calidad el\u00e9ctrica).<\/div>\n<div>\n<p>0.32.<\/p>\n<\/div>\n<div style=\"font-weight: bold\">QTS (Factor de calidad total).<\/div>\n<div>\n<p>0.3.<\/p>\n<\/div>\n<div style=\"font-weight: bold\">VAS (Volumen de aire equivalente a CMS).<\/div>\n<div>\n<p>55 lt. (1.94 pies c\u00fabicos).<\/p>\n<\/div>\n<div style=\"font-weight: bold\">MMS (Masa total del cono).<\/div>\n<div>\n<p>88 gr.<\/p>\n<\/div>\n<div style=\"font-weight: bold\">Factor BL <\/div>\n<div>\n<p>20 Tm.<\/p>\n<\/div>\n<div style=\"font-weight: bold\">XMAX (Desplazamiento m\u00e1ximo).<\/div>\n<div>\n<p>\u00b1 8.25 mm (\u00b1 0.32\u201d pulgadas).<\/p>\n<\/div>\n<div style=\"font-weight: bold\">Inductancia de la bobina m\u00f3vil (Le @ 1kHz).<\/div>\n<div>\n<p>1.5 mH.<\/p>\n<\/div>\n<div style=\"font-weight: bold\">Referencia de eficiencia 1W\/1m (espacio medio).<\/div>\n<div>\n<p>1.5% (94 dB).<\/p>\n<\/div>\n<div style=\"font-weight: bold\">Di\u00e1metro total.<\/div>\n<div>\n<p>12.4\u201d pulgadas (315 mm).<\/p>\n<\/div>\n<div style=\"font-weight: bold\">Numero de agujeros de montaje y tornillo.<\/div>\n<div>\n<p>8.<\/p>\n<\/div>\n<div style=\"font-weight: bold\">Di\u00e1metro de los agujeros de montaje.<\/div>\n<div>\n<p>0.28\u201d pulgadas (7.15 mm).<\/p>\n<\/div>\n<div style=\"font-weight: bold\">Di\u00e1metro del c\u00edrculo del perno.<\/div>\n<div>\n<p>11.65 &#8211; 11.8\u201d pulgadas (296 &#8211; 300 mm).<\/p>\n<\/div>\n<div style=\"font-weight: bold\">Corte de montaje frontal del bafle.<\/div>\n<div>\n<p>\u00d8 11.1\u201d pulgadas (282 mm).<\/p>\n<\/div>\n<div style=\"font-weight: bold\">Corte de montaje posterior del bafle.<\/div>\n<div>\n<p>\u00d8 11.1\u201d pulgadas (282 mm).<\/p>\n<\/div>\n<div style=\"font-weight: bold\">Profundidad total.<\/div>\n<div>\n<p>5.55\u201d pulgadas (141 mm).<\/p>\n<\/div>\n<div style=\"font-weight: bold\">Espesor de  brida y junta.<\/div>\n<div>\n<p>0.69\u201d pulgadas (17.5 mm).<\/p>\n<\/div>\n<div style=\"font-weight: bold\">Weight.<\/div>\n<div>\n<p>10.9 kg.<\/p>\n<\/div>\n<\/div>\n<\/div>","protected":false},"excerpt":{"rendered":"<p>Bocina de 12\u201d pulgadas, im\u00e1n de ferrita, doble Silic\u00f3n Spider (DSS) para mejorar el control de excursiones y la linealidad, anillos de doble demodulaci\u00f3n (DDR) para una menor distorsi\u00f3n, disipaci\u00f3n de calor mejorada a trav\u00e9s del dise\u00f1o \u00fanico de la canasta, conos y platos protegidos contra la intemperie para uso en exteriores, especialmente dise\u00f1ado para subwoofers compactos de alta carga, impedancia: 8 ohms, potencia AES: 900 W, programa: 1,400 W, pico: 6,000 W, sensibilidad: 96 dB, rango de frecuencia: 51 &#8211; 4,000 Hz, bobina m\u00f3vil de aluminio de 4\u201d pulgadas, peso: 10.9 kg.&hellip; <a class=\"kt-excerpt-readmore more-link\" href=\"https:\/\/www.mexicanguitarplayers.com\/en\/tienda\/audio\/bafles-y-bocinas\/bocinas-y-componentes\/medios\/bocina-eighteen-sound-12-12lw1400-8\/\">Read more<\/a><\/p>","protected":false},"featured_media":30411,"comment_status":"open","ping_status":"closed","template":"","meta":{"kt_blocks_editor_width":""},"pwb-brand":[533],"product_brand":[],"product_cat":[213,221,474,534],"product_tag":[],"class_list":{"0":"post-30416","1":"product","2":"type-product","3":"status-publish","4":"has-post-thumbnail","6":"pwb-brand-eighteen-sound","7":"product_cat-audio","8":"product_cat-bafles-y-bocinas","9":"product_cat-bocinas-y-componentes","10":"product_cat-medios","11":"product_shipping_class-10-15-kg","13":"first","14":"outofstock","15":"taxable","16":"shipping-taxable","17":"purchasable","18":"product-type-simple"},"yoast_head":"<!-- This site is optimized with the Yoast SEO plugin v27.5 - https:\/\/yoast.com\/product\/yoast-seo-wordpress\/ -->\n<title>BOCINA EIGHTEEN SOUND 12 12LW1400\/8 - Mexican Guitar Players<\/title>\n<meta name=\"description\" content=\"Bocina de 12\u201d pulgadas, im\u00e1n de ferrita, doble Silic\u00f3n Spider (DSS) para mejorar el control de excursiones y la linealidad, anillos de doble demodulaci\u00f3n (DDR) para una menor distorsi\u00f3n, disipaci\u00f3n de calor mejorada a trav\u00e9s del dise\u00f1o \u00fanico de la canasta, conos y platos protegidos contra la intemperie para uso en exteriores, especialmente dise\u00f1ado para subwoofers compactos de alta carga, impedancia: 8 ohms, potencia AES: 900 W, programa: 1,400 W, pico: 6,000 W, sensibilidad: 96 dB, rango de frecuencia: 51 - 4,000 Hz, bobina m\u00f3vil de aluminio de 4\u201d pulgadas, peso: 10.9 kg.\" \/>\n<meta name=\"robots\" content=\"index, follow, max-snippet:-1, max-image-preview:large, max-video-preview:-1\" \/>\n<link rel=\"canonical\" href=\"https:\/\/www.mexicanguitarplayers.com\/en\/tienda\/sin%20categor\u00eda\/bocina-eighteen-sound-12-12lw1400-8\/\" \/>\n<meta property=\"og:locale\" content=\"en_US\" \/>\n<meta property=\"og:type\" content=\"article\" \/>\n<meta property=\"og:title\" content=\"BOCINA EIGHTEEN SOUND 12 12LW1400\/8 - Mexican Guitar Players\" \/>\n<meta property=\"og:description\" content=\"Bocina de 12\u201d pulgadas, im\u00e1n de ferrita, doble Silic\u00f3n Spider (DSS) para mejorar el control de excursiones y la linealidad, anillos de doble demodulaci\u00f3n (DDR) para una menor distorsi\u00f3n, disipaci\u00f3n de calor mejorada a trav\u00e9s del dise\u00f1o \u00fanico de la canasta, conos y platos protegidos contra la intemperie para uso en exteriores, especialmente dise\u00f1ado para subwoofers compactos de alta carga, impedancia: 8 ohms, potencia AES: 900 W, programa: 1,400 W, pico: 6,000 W, sensibilidad: 96 dB, rango de frecuencia: 51 - 4,000 Hz, bobina m\u00f3vil de aluminio de 4\u201d pulgadas, peso: 10.9 kg.\" \/>\n<meta property=\"og:url\" content=\"https:\/\/www.mexicanguitarplayers.com\/en\/tienda\/sin categor\u00eda\/bocina-eighteen-sound-12-12lw1400-8\/\" \/>\n<meta property=\"og:site_name\" content=\"Mexican Guitar Players\" \/>\n<meta property=\"article:modified_time\" content=\"2026-04-15T10:20:12+00:00\" \/>\n<meta name=\"twitter:card\" content=\"summary_large_image\" \/>\n<meta name=\"twitter:label1\" content=\"Est. reading time\" \/>\n\t<meta name=\"twitter:data1\" content=\"4 minutes\" \/>\n<script type=\"application\/ld+json\" class=\"yoast-schema-graph\">{\"@context\":\"https:\\\/\\\/schema.org\",\"@graph\":[{\"@type\":[\"WebPage\",\"ItemPage\"],\"@id\":\"https:\\\/\\\/www.mexicanguitarplayers.com\\\/tienda\\\/sin categor\u00eda\\\/bocina-eighteen-sound-12-12lw1400-8\\\/\",\"url\":\"https:\\\/\\\/www.mexicanguitarplayers.com\\\/tienda\\\/sin categor\u00eda\\\/bocina-eighteen-sound-12-12lw1400-8\\\/\",\"name\":\"BOCINA EIGHTEEN SOUND 12 12LW1400\\\/8 - Mexican Guitar Players\",\"isPartOf\":{\"@id\":\"https:\\\/\\\/www.mexicanguitarplayers.com\\\/#website\"},\"primaryImageOfPage\":{\"@id\":\"https:\\\/\\\/www.mexicanguitarplayers.com\\\/tienda\\\/sin categor\u00eda\\\/bocina-eighteen-sound-12-12lw1400-8\\\/#primaryimage\"},\"image\":{\"@id\":\"https:\\\/\\\/www.mexicanguitarplayers.com\\\/tienda\\\/sin categor\u00eda\\\/bocina-eighteen-sound-12-12lw1400-8\\\/#primaryimage\"},\"thumbnailUrl\":\"https:\\\/\\\/www.mexicanguitarplayers.com\\\/wp-content\\\/uploads\\\/2025\\\/04\\\/IAEIG12LW14008.jpg\",\"datePublished\":\"2025-04-08T17:13:53+00:00\",\"dateModified\":\"2026-04-15T10:20:12+00:00\",\"description\":\"Bocina de 12\u201d pulgadas, im\u00e1n de ferrita, doble Silic\u00f3n Spider (DSS) para mejorar el control de excursiones y la linealidad, anillos de doble demodulaci\u00f3n (DDR) para una menor distorsi\u00f3n, disipaci\u00f3n de calor mejorada a trav\u00e9s del dise\u00f1o \u00fanico de la canasta, conos y platos protegidos contra la intemperie para uso en exteriores, especialmente dise\u00f1ado para subwoofers compactos de alta carga, impedancia: 8 ohms, potencia AES: 900 W, programa: 1,400 W, pico: 6,000 W, sensibilidad: 96 dB, rango de frecuencia: 51 - 4,000 Hz, bobina m\u00f3vil de aluminio de 4\u201d pulgadas, peso: 10.9 kg.\",\"breadcrumb\":{\"@id\":\"https:\\\/\\\/www.mexicanguitarplayers.com\\\/tienda\\\/sin categor\u00eda\\\/bocina-eighteen-sound-12-12lw1400-8\\\/#breadcrumb\"},\"inLanguage\":\"en-US\",\"potentialAction\":[{\"@type\":\"ReadAction\",\"target\":[\"https:\\\/\\\/www.mexicanguitarplayers.com\\\/tienda\\\/sin categor\u00eda\\\/bocina-eighteen-sound-12-12lw1400-8\\\/\"]}]},{\"@type\":\"ImageObject\",\"inLanguage\":\"en-US\",\"@id\":\"https:\\\/\\\/www.mexicanguitarplayers.com\\\/tienda\\\/sin categor\u00eda\\\/bocina-eighteen-sound-12-12lw1400-8\\\/#primaryimage\",\"url\":\"https:\\\/\\\/www.mexicanguitarplayers.com\\\/wp-content\\\/uploads\\\/2025\\\/04\\\/IAEIG12LW14008.jpg\",\"contentUrl\":\"https:\\\/\\\/www.mexicanguitarplayers.com\\\/wp-content\\\/uploads\\\/2025\\\/04\\\/IAEIG12LW14008.jpg\",\"width\":1200,\"height\":1200},{\"@type\":\"BreadcrumbList\",\"@id\":\"https:\\\/\\\/www.mexicanguitarplayers.com\\\/tienda\\\/sin categor\u00eda\\\/bocina-eighteen-sound-12-12lw1400-8\\\/#breadcrumb\",\"itemListElement\":[{\"@type\":\"ListItem\",\"position\":1,\"name\":\"Portada\",\"item\":\"https:\\\/\\\/www.mexicanguitarplayers.com\\\/\"},{\"@type\":\"ListItem\",\"position\":2,\"name\":\"Tienda\",\"item\":\"https:\\\/\\\/www.mexicanguitarplayers.com\\\/tienda\\\/\"},{\"@type\":\"ListItem\",\"position\":3,\"name\":\"BOCINA EIGHTEEN SOUND 12 12LW1400\\\/8\"}]},{\"@type\":\"WebSite\",\"@id\":\"https:\\\/\\\/www.mexicanguitarplayers.com\\\/#website\",\"url\":\"https:\\\/\\\/www.mexicanguitarplayers.com\\\/\",\"name\":\"Mexican Guitar Players\",\"description\":\"Website\",\"publisher\":{\"@id\":\"https:\\\/\\\/www.mexicanguitarplayers.com\\\/#organization\"},\"potentialAction\":[{\"@type\":\"SearchAction\",\"target\":{\"@type\":\"EntryPoint\",\"urlTemplate\":\"https:\\\/\\\/www.mexicanguitarplayers.com\\\/?s={search_term_string}\"},\"query-input\":{\"@type\":\"PropertyValueSpecification\",\"valueRequired\":true,\"valueName\":\"search_term_string\"}}],\"inLanguage\":\"en-US\"},{\"@type\":\"Organization\",\"@id\":\"https:\\\/\\\/www.mexicanguitarplayers.com\\\/#organization\",\"name\":\"Mexican Guitar Players\",\"url\":\"https:\\\/\\\/www.mexicanguitarplayers.com\\\/\",\"logo\":{\"@type\":\"ImageObject\",\"inLanguage\":\"en-US\",\"@id\":\"https:\\\/\\\/www.mexicanguitarplayers.com\\\/#\\\/schema\\\/logo\\\/image\\\/\",\"url\":\"\",\"contentUrl\":\"\",\"caption\":\"Mexican Guitar Players\"},\"image\":{\"@id\":\"https:\\\/\\\/www.mexicanguitarplayers.com\\\/#\\\/schema\\\/logo\\\/image\\\/\"}}]}<\/script>\n<!-- \/ Yoast SEO plugin. -->","yoast_head_json":{"title":"BOCINA EIGHTEEN SOUND 12 12LW1400\/8 - Mexican Guitar Players","description":"Bocina de 12\u201d pulgadas, im\u00e1n de ferrita, doble Silic\u00f3n Spider (DSS) para mejorar el control de excursiones y la linealidad, anillos de doble demodulaci\u00f3n (DDR) para una menor distorsi\u00f3n, disipaci\u00f3n de calor mejorada a trav\u00e9s del dise\u00f1o \u00fanico de la canasta, conos y platos protegidos contra la intemperie para uso en exteriores, especialmente dise\u00f1ado para subwoofers compactos de alta carga, impedancia: 8 ohms, potencia AES: 900 W, programa: 1,400 W, pico: 6,000 W, sensibilidad: 96 dB, rango de frecuencia: 51 - 4,000 Hz, bobina m\u00f3vil de aluminio de 4\u201d pulgadas, peso: 10.9 kg.","robots":{"index":"index","follow":"follow","max-snippet":"max-snippet:-1","max-image-preview":"max-image-preview:large","max-video-preview":"max-video-preview:-1"},"canonical":"https:\/\/www.mexicanguitarplayers.com\/en\/tienda\/sin categor\u00eda\/bocina-eighteen-sound-12-12lw1400-8\/","og_locale":"en_US","og_type":"article","og_title":"BOCINA EIGHTEEN SOUND 12 12LW1400\/8 - Mexican Guitar Players","og_description":"Bocina de 12\u201d pulgadas, im\u00e1n de ferrita, doble Silic\u00f3n Spider (DSS) para mejorar el control de excursiones y la linealidad, anillos de doble demodulaci\u00f3n (DDR) para una menor distorsi\u00f3n, disipaci\u00f3n de calor mejorada a trav\u00e9s del dise\u00f1o \u00fanico de la canasta, conos y platos protegidos contra la intemperie para uso en exteriores, especialmente dise\u00f1ado para subwoofers compactos de alta carga, impedancia: 8 ohms, potencia AES: 900 W, programa: 1,400 W, pico: 6,000 W, sensibilidad: 96 dB, rango de frecuencia: 51 - 4,000 Hz, bobina m\u00f3vil de aluminio de 4\u201d pulgadas, peso: 10.9 kg.","og_url":"https:\/\/www.mexicanguitarplayers.com\/en\/tienda\/sin categor\u00eda\/bocina-eighteen-sound-12-12lw1400-8\/","og_site_name":"Mexican Guitar Players","article_modified_time":"2026-04-15T10:20:12+00:00","twitter_card":"summary_large_image","twitter_misc":{"Est. reading time":"4 minutes"},"schema":{"@context":"https:\/\/schema.org","@graph":[{"@type":["WebPage","ItemPage"],"@id":"https:\/\/www.mexicanguitarplayers.com\/tienda\/sin categor\u00eda\/bocina-eighteen-sound-12-12lw1400-8\/","url":"https:\/\/www.mexicanguitarplayers.com\/tienda\/sin categor\u00eda\/bocina-eighteen-sound-12-12lw1400-8\/","name":"BOCINA EIGHTEEN SOUND 12 12LW1400\/8 - Mexican Guitar Players","isPartOf":{"@id":"https:\/\/www.mexicanguitarplayers.com\/#website"},"primaryImageOfPage":{"@id":"https:\/\/www.mexicanguitarplayers.com\/tienda\/sin categor\u00eda\/bocina-eighteen-sound-12-12lw1400-8\/#primaryimage"},"image":{"@id":"https:\/\/www.mexicanguitarplayers.com\/tienda\/sin categor\u00eda\/bocina-eighteen-sound-12-12lw1400-8\/#primaryimage"},"thumbnailUrl":"https:\/\/www.mexicanguitarplayers.com\/wp-content\/uploads\/2025\/04\/IAEIG12LW14008.jpg","datePublished":"2025-04-08T17:13:53+00:00","dateModified":"2026-04-15T10:20:12+00:00","description":"Bocina de 12\u201d pulgadas, im\u00e1n de ferrita, doble Silic\u00f3n Spider (DSS) para mejorar el control de excursiones y la linealidad, anillos de doble demodulaci\u00f3n (DDR) para una menor distorsi\u00f3n, disipaci\u00f3n de calor mejorada a trav\u00e9s del dise\u00f1o \u00fanico de la canasta, conos y platos protegidos contra la intemperie para uso en exteriores, especialmente dise\u00f1ado para subwoofers compactos de alta carga, impedancia: 8 ohms, potencia AES: 900 W, programa: 1,400 W, pico: 6,000 W, sensibilidad: 96 dB, rango de frecuencia: 51 - 4,000 Hz, bobina m\u00f3vil de aluminio de 4\u201d pulgadas, peso: 10.9 kg.","breadcrumb":{"@id":"https:\/\/www.mexicanguitarplayers.com\/tienda\/sin categor\u00eda\/bocina-eighteen-sound-12-12lw1400-8\/#breadcrumb"},"inLanguage":"en-US","potentialAction":[{"@type":"ReadAction","target":["https:\/\/www.mexicanguitarplayers.com\/tienda\/sin categor\u00eda\/bocina-eighteen-sound-12-12lw1400-8\/"]}]},{"@type":"ImageObject","inLanguage":"en-US","@id":"https:\/\/www.mexicanguitarplayers.com\/tienda\/sin categor\u00eda\/bocina-eighteen-sound-12-12lw1400-8\/#primaryimage","url":"https:\/\/www.mexicanguitarplayers.com\/wp-content\/uploads\/2025\/04\/IAEIG12LW14008.jpg","contentUrl":"https:\/\/www.mexicanguitarplayers.com\/wp-content\/uploads\/2025\/04\/IAEIG12LW14008.jpg","width":1200,"height":1200},{"@type":"BreadcrumbList","@id":"https:\/\/www.mexicanguitarplayers.com\/tienda\/sin categor\u00eda\/bocina-eighteen-sound-12-12lw1400-8\/#breadcrumb","itemListElement":[{"@type":"ListItem","position":1,"name":"Portada","item":"https:\/\/www.mexicanguitarplayers.com\/"},{"@type":"ListItem","position":2,"name":"Tienda","item":"https:\/\/www.mexicanguitarplayers.com\/tienda\/"},{"@type":"ListItem","position":3,"name":"BOCINA EIGHTEEN SOUND 12 12LW1400\/8"}]},{"@type":"WebSite","@id":"https:\/\/www.mexicanguitarplayers.com\/#website","url":"https:\/\/www.mexicanguitarplayers.com\/","name":"Mexican Guitar Players","description":"Website","publisher":{"@id":"https:\/\/www.mexicanguitarplayers.com\/#organization"},"potentialAction":[{"@type":"SearchAction","target":{"@type":"EntryPoint","urlTemplate":"https:\/\/www.mexicanguitarplayers.com\/?s={search_term_string}"},"query-input":{"@type":"PropertyValueSpecification","valueRequired":true,"valueName":"search_term_string"}}],"inLanguage":"en-US"},{"@type":"Organization","@id":"https:\/\/www.mexicanguitarplayers.com\/#organization","name":"Mexican Guitar Players","url":"https:\/\/www.mexicanguitarplayers.com\/","logo":{"@type":"ImageObject","inLanguage":"en-US","@id":"https:\/\/www.mexicanguitarplayers.com\/#\/schema\/logo\/image\/","url":"","contentUrl":"","caption":"Mexican Guitar Players"},"image":{"@id":"https:\/\/www.mexicanguitarplayers.com\/#\/schema\/logo\/image\/"}}]}},"brands":[{"id":533,"name":"EIGHTEEN SOUND","slug":"eighteen-sound"}],"_links":{"self":[{"href":"https:\/\/www.mexicanguitarplayers.com\/en\/wp-json\/wp\/v2\/product\/30416","targetHints":{"allow":["GET"]}}],"collection":[{"href":"https:\/\/www.mexicanguitarplayers.com\/en\/wp-json\/wp\/v2\/product"}],"about":[{"href":"https:\/\/www.mexicanguitarplayers.com\/en\/wp-json\/wp\/v2\/types\/product"}],"replies":[{"embeddable":true,"href":"https:\/\/www.mexicanguitarplayers.com\/en\/wp-json\/wp\/v2\/comments?post=30416"}],"wp:featuredmedia":[{"embeddable":true,"href":"https:\/\/www.mexicanguitarplayers.com\/en\/wp-json\/wp\/v2\/media\/30411"}],"wp:attachment":[{"href":"https:\/\/www.mexicanguitarplayers.com\/en\/wp-json\/wp\/v2\/media?parent=30416"}],"wp:term":[{"taxonomy":"pwb-brand","embeddable":true,"href":"https:\/\/www.mexicanguitarplayers.com\/en\/wp-json\/wp\/v2\/pwb-brand?post=30416"},{"taxonomy":"product_brand","embeddable":true,"href":"https:\/\/www.mexicanguitarplayers.com\/en\/wp-json\/wp\/v2\/product_brand?post=30416"},{"taxonomy":"product_cat","embeddable":true,"href":"https:\/\/www.mexicanguitarplayers.com\/en\/wp-json\/wp\/v2\/product_cat?post=30416"},{"taxonomy":"product_tag","embeddable":true,"href":"https:\/\/www.mexicanguitarplayers.com\/en\/wp-json\/wp\/v2\/product_tag?post=30416"}],"curies":[{"name":"wp","href":"https:\/\/api.w.org\/{rel}","templated":true}]}}