{"id":30440,"date":"2025-04-08T11:14:24","date_gmt":"2025-04-08T17:14:24","guid":{"rendered":"https:\/\/www.mexicanguitarplayers.com\/tienda\/sin categor\u00eda\/procesador-behringer-mod-brains\/"},"modified":"2026-04-10T04:36:58","modified_gmt":"2026-04-10T10:36:58","slug":"procesador-behringer-mod-brains","status":"publish","type":"product","link":"https:\/\/www.mexicanguitarplayers.com\/en\/tienda\/teclas\/sintetizador-y-controlador\/sintetizador\/procesador-behringer-mod-brains\/","title":{"rendered":"PROCESADOR BEHRINGER MOD. BRAINS"},"content":{"rendered":"<div style=\"text-align: justify\">\n<div>\n<h3>Cuatro perillas para todo.<\/h3>\n<\/div>\n<div>BRAINS de Behringer es una fuente de sonido digital incre\u00edblemente vers\u00e1til para crear sonidos de percusi\u00f3n, leads y basses as\u00ed como bater\u00edas, drones y soundscapes. Con 20 modos de oscilador digital, que incluyen muchos motores de control diferentes, tiene una gran cantidad de sonidos y timbres diferentes para crear algunos parches salvajes y fuera de este mundo usando acordes, oscilaci\u00f3n arm\u00f3nica, ruido de part\u00edculas, bombo anal\u00f3gico, tarola, Hi-Hat e incluso discurso. BRAINS viene con controles multifuncionales de Timbre, Harmonics, Frequency y Morph que se pueden usar para ajustar cada uno de los 20 modelos de sintetizador. Simplemente selecciona el modo de sintetizador activo con el bot\u00f3n de modelo y luego comienza a girar los controles para cambiar el car\u00e1cter de tu fuente de sonido hasta que obtengas el tono deseado. Configura cualquiera de los 20 sintetizadores o motores de percusi\u00f3n y ruido de BRAINS, como Virtual Analog, Waveshaper, FM, Grains, Rain, Noise, Dust, Modal Strings, Bass, Snare o Hi Hat para generar ritmos oscuros y pulsantes, tonos brillantes y especiados, acordes exuberantes o pads et\u00e9reos para darle vida a tu m\u00fasica. Si tener 20 modos de oscilador no fuera lo suficientemente bueno, BRAINS tiene una pantalla OLED integrada e inspiradora para que puedas visualizar y ajustar las formas de onda exactamente como quieres que sean. Adem\u00e1s, tener una pantalla con formas de onda danzantes en tu sintetizador es simplemente incre\u00edble. Junto con sus m\u00f3dulos de sintetizador incre\u00edblemente modificables, BRAINS tambi\u00e9n viene con una gran cantidad de conectores de entrada de 3.5 mm para canalizar voltajes de control que ampl\u00edan las capacidades de BRAINS. Tambi\u00e9n hay disponibles dos salidas de audio separadas para tu sonido principal y una variante din\u00e1mica que se puede enrutar a otros m\u00f3dulos para crear sonidos est\u00e9reo a\u00fan m\u00e1s interesantes y a menudo amplios. BRAINS est\u00e1 dise\u00f1ado para caber en un estuche Eurorack est\u00e1ndar. Simplemente conecta los cables de alimentaci\u00f3n a la fuente de alimentaci\u00f3n y monta el m\u00f3dulo con los tornillos incluidos. Esto permite que los BRAINS se mezclan con otros m\u00f3dulos de sintetizados para una configuraci\u00f3n verdaderamente \u00fanica. Usa tus BRAINS ya sea que te est\u00e9s iniciando en los sintetizadores modulares o est\u00e9s buscando completar tu colecci\u00f3n. Este m\u00f3dulo de Behringer es una gran herramienta para tener en tu arsenal cuando creas m\u00fasica incre\u00edble.<\/div>\n<div>\n<h4>Quick look<\/h4>\n<\/div>\n<ul style=\"margin: 0px 0px 0px 25px\">\n<li style=\"list-style-type: circle;margin: 5px\">Tickets.<\/li>\n<li style=\"list-style-type: circle;margin: 5px\">Departures.<\/li>\n<li style=\"list-style-type: circle;margin: 5px\">Controls<\/li>\n<li style=\"list-style-type: circle;margin: 5px\">Digital processing.<\/li>\n<li style=\"list-style-type: circle;margin: 5px\">USB.<\/li>\n<li style=\"list-style-type: circle;margin: 5px\">Energy.<\/li>\n<li style=\"list-style-type: circle;margin: 5px\">Dimensions.<\/li>\n<li style=\"list-style-type: circle;margin: 5px\">Unidades de rack.<\/li>\n<li style=\"list-style-type: circle;margin: 5px\">Weight.<\/li>\n<\/ul>\n<div>\n<div style=\"font-weight: bold\">Tickets.<\/div>\n<div>\n<p>Entrada CV Timber:  Tipo: 3.5 mm TS jack. DC a 2 kHz. Impedancia: 50 kilo-ohms. Nivel de entrada m\u00e1ximo: \u00b18V. Entrada CV Harmonics: Tipo: 3.5 mm TS jack. DC a 2 kHz. Impedancia: 100 kilo-ohms. Nivel de entrada m\u00e1ximo: \u00b15V. Entrada CV Freq. Tipo: 3.5 mm TS jack. DC a 2 kHz. Impedancia: 50 kilo-ohms. Nivel de entrada m\u00e1ximo: \u00b18V. Entrada CV Morph. Tipo: 3.5 mm TS jack.  DC a 2 kHz. Impedancia: 50 kilo-ohms. Nivel de entrada m\u00e1ximo: \u00b18V. Entrada CD Model: Tipo: 3.5 mm TS jack. DC a 2 kHz. Impedancia: 100 kilo-ohms. Nivel de entrada m\u00e1ximo: \u00b15V. Entrada V\/oct: Tipo: 3.5 mm TS jack. DC a 2 kHz. Impedancia: 100 kilo-ohms. Nivel de entrada m\u00e1ximo: -3 a +7 V. Entrada de nivel: Tipo: 3.5 mm TS jack. DC a 2 kHz. Impedancia: 50 kilo-ohms. Nivel de entrada m\u00e1ximo: 0 a +8 V. Entrada Trig: Tipo: 3.5 mm TS jack. DC a 2 kHz. Impedancia: 50 kilo-ohms. Nivel de entrada m\u00e1ximo: 0 a +8 V.<\/p>\n<\/div>\n<div style=\"font-weight: bold\">Departures.<\/div>\n<div>\n<p>Salida 1: Tipo: 3.5 mm TS jack. DC coupled. Impedancia: 1 kilo-ohm. Nivel de salida m\u00e1ximo: 6.2 V. Salida 2: Tipo: 3.5 mm TS jack. DC coupled. Impedancia: 1 kilo-ohm. Nivel de salida m\u00e1ximo: 6.2 V.<\/p>\n<\/div>\n<div style=\"font-weight: bold\">Controls<\/div>\n<div>\n<p>Timbre: Contenido m\u00e1s oscuro o m\u00e1s brillante. Harmonics: Distribuci\u00f3n de frecuencia o balance tonal. Freq: Ajuste de frecuencia. Morph: Paneo o car\u00e1cter. Bank: Alterna la banda A y B. Model: Se desplaza por los modelos en el banco activo.<\/p>\n<\/div>\n<div style=\"font-weight: bold\">Digital processing.<\/div>\n<div>\n<p>Convertidor A\/D: Resoluci\u00f3n: 16 bits. Convertidor D\/A: Resoluci\u00f3n: 16 bits. Tasa de muestreo: 96 kHz. Procesamiento interno: 32-bit floating point.<\/p>\n<\/div>\n<div style=\"font-weight: bold\">USB.<\/div>\n<div>\n<p>Tipo: USB 2.0, tipo B.<\/p>\n<\/div>\n<div style=\"font-weight: bold\">Energy.<\/div>\n<div>\n<p>Fuente de alimentaci\u00f3n: Eurorack. Consumo de corriente: 130 mA (+12 V), 10 mA (-12 V).<\/p>\n<\/div>\n<div style=\"font-weight: bold\">Dimensions.<\/div>\n<div>\n<p>129 x 81 x 42 mm.<\/p>\n<\/div>\n<div style=\"font-weight: bold\">Unidades de rack.<\/div>\n<div>\n<p>16 HP.<\/p>\n<\/div>\n<div style=\"font-weight: bold\">Weight.<\/div>\n<div>\n<p>0.16 kg.<\/p>\n<\/div>\n<\/div>\n<\/div>","protected":false},"excerpt":{"rendered":"<p>M\u00f3dulo oscilador multimotor de alta resoluci\u00f3n para Eurorack con 20 motores de s\u00edntesis, calidad de sonido de 96 kHz y osciloscopio OLED, incre\u00edble potencia de sonido para cualquier cosa, desde percusi\u00f3n, leads y basses to bater\u00edas, drones y soundscapes, 20 osciladores digitales que incluyen 15 motores Mutable Instruments Plaits para una creaci\u00f3n de sonido infinita, s\u00edntesis de alta resoluci\u00f3n de 96 kHz para una calidad de sonido insuperable, inspirador osciloscopio OLED para visualizaci\u00f3n de formas de onda, modelos de s\u00edntesis dise\u00f1ados para sonidos afinador como ripping leads, lush chords y ethereal pads, 10 motores de s\u00edntesis: Virtual Analog, Waveshaper, FM, Grains, Additive, Chords, Speech, Karplus, Hypersaw y Wavetable, 10 motores de percusi\u00f3n y ruido: Rain, Noise, Dust, Modal Strings, FM Drum, Bass, Snare, Hi Hat, Cowbell y Tom, controles de timbre arm\u00f3nicos multifuncionales para s\u00edntesis complejas, control Morph para cambiar sin problemas el car\u00e1cter de las fuentes de sonido seleccionadas, 2 salidas de audio independientes para el sonido principal y una variante din\u00e1mica, conector USB para una f\u00e1cil actualizaci\u00f3n de firmware, especificaciones Eurorack: 16HP, 130mA +12V, 10mA -12V, dimensiones: 129 x 81 x 42 mm, peso: 0.16 kg.&hellip; <a class=\"kt-excerpt-readmore more-link\" href=\"https:\/\/www.mexicanguitarplayers.com\/en\/tienda\/teclas\/sintetizador-y-controlador\/sintetizador\/procesador-behringer-mod-brains\/\">Read more<\/a><\/p>","protected":false},"featured_media":30434,"comment_status":"open","ping_status":"closed","template":"","meta":{"kt_blocks_editor_width":""},"pwb-brand":[171],"product_brand":[],"product_cat":[393,386,376],"product_tag":[],"class_list":{"0":"post-30440","1":"product","2":"type-product","3":"status-publish","4":"has-post-thumbnail","6":"pwb-brand-behringer","7":"product_cat-sintetizador","8":"product_cat-sintetizador-y-controlador","9":"product_cat-teclas","10":"product_shipping_class-0-5-kg","12":"first","13":"outofstock","14":"taxable","15":"shipping-taxable","16":"purchasable","17":"product-type-simple"},"yoast_head":"<!-- This site is optimized with the Yoast SEO plugin v27.5 - https:\/\/yoast.com\/product\/yoast-seo-wordpress\/ -->\n<title>PROCESADOR BEHRINGER MOD. BRAINS - Mexican Guitar Players<\/title>\n<meta name=\"description\" content=\"M\u00f3dulo oscilador multimotor de alta resoluci\u00f3n para Eurorack con 20 motores de s\u00edntesis, calidad de sonido de 96 kHz y osciloscopio OLED, incre\u00edble potencia de sonido para cualquier cosa, desde percusi\u00f3n, leads y basses to bater\u00edas, drones y soundscapes, 20 osciladores digitales que incluyen 15 motores Mutable Instruments Plaits para una creaci\u00f3n de sonido infinita, s\u00edntesis de alta resoluci\u00f3n de 96 kHz para una calidad de sonido insuperable, inspirador osciloscopio OLED para visualizaci\u00f3n de formas de onda, modelos de s\u00edntesis dise\u00f1ados para sonidos afinador como ripping leads, lush chords y ethereal pads, 10 motores de s\u00edntesis: Virtual Analog, Waveshaper, FM, Grains, Additive, Chords, Speech, Karplus, Hypersaw y Wavetable, 10 motores de percusi\u00f3n y ruido: Rain, Noise, Dust, Modal Strings, FM Drum, Bass, Snare, Hi Hat, Cowbell y Tom, controles de timbre arm\u00f3nicos multifuncionales para s\u00edntesis complejas, control Morph para cambiar sin problemas el car\u00e1cter de las fuentes de sonido seleccionadas, 2 salidas de audio independientes para el sonido principal y una variante din\u00e1mica, conector USB para una f\u00e1cil actualizaci\u00f3n de firmware, especificaciones Eurorack: 16HP, 130mA +12V, 10mA -12V, dimensiones: 129 x 81 x 42 mm, peso: 0.16 kg.\" \/>\n<meta name=\"robots\" content=\"index, follow, max-snippet:-1, max-image-preview:large, max-video-preview:-1\" \/>\n<link rel=\"canonical\" href=\"https:\/\/www.mexicanguitarplayers.com\/en\/tienda\/sin%20categor\u00eda\/procesador-behringer-mod-brains\/\" \/>\n<meta property=\"og:locale\" content=\"en_US\" \/>\n<meta property=\"og:type\" content=\"article\" \/>\n<meta property=\"og:title\" content=\"PROCESADOR BEHRINGER MOD. BRAINS - Mexican Guitar Players\" \/>\n<meta property=\"og:description\" content=\"M\u00f3dulo oscilador multimotor de alta resoluci\u00f3n para Eurorack con 20 motores de s\u00edntesis, calidad de sonido de 96 kHz y osciloscopio OLED, incre\u00edble potencia de sonido para cualquier cosa, desde percusi\u00f3n, leads y basses to bater\u00edas, drones y soundscapes, 20 osciladores digitales que incluyen 15 motores Mutable Instruments Plaits para una creaci\u00f3n de sonido infinita, s\u00edntesis de alta resoluci\u00f3n de 96 kHz para una calidad de sonido insuperable, inspirador osciloscopio OLED para visualizaci\u00f3n de formas de onda, modelos de s\u00edntesis dise\u00f1ados para sonidos afinador como ripping leads, lush chords y ethereal pads, 10 motores de s\u00edntesis: Virtual Analog, Waveshaper, FM, Grains, Additive, Chords, Speech, Karplus, Hypersaw y Wavetable, 10 motores de percusi\u00f3n y ruido: Rain, Noise, Dust, Modal Strings, FM Drum, Bass, Snare, Hi Hat, Cowbell y Tom, controles de timbre arm\u00f3nicos multifuncionales para s\u00edntesis complejas, control Morph para cambiar sin problemas el car\u00e1cter de las fuentes de sonido seleccionadas, 2 salidas de audio independientes para el sonido principal y una variante din\u00e1mica, conector USB para una f\u00e1cil actualizaci\u00f3n de firmware, especificaciones Eurorack: 16HP, 130mA +12V, 10mA -12V, dimensiones: 129 x 81 x 42 mm, peso: 0.16 kg.\" \/>\n<meta property=\"og:url\" content=\"https:\/\/www.mexicanguitarplayers.com\/en\/tienda\/sin categor\u00eda\/procesador-behringer-mod-brains\/\" \/>\n<meta property=\"og:site_name\" content=\"Mexican Guitar Players\" \/>\n<meta property=\"article:modified_time\" content=\"2026-04-10T10:36:58+00:00\" \/>\n<meta name=\"twitter:card\" content=\"summary_large_image\" \/>\n<meta name=\"twitter:label1\" content=\"Est. reading time\" \/>\n\t<meta name=\"twitter:data1\" content=\"4 minutes\" \/>\n<script type=\"application\/ld+json\" class=\"yoast-schema-graph\">{\"@context\":\"https:\\\/\\\/schema.org\",\"@graph\":[{\"@type\":[\"WebPage\",\"ItemPage\"],\"@id\":\"https:\\\/\\\/www.mexicanguitarplayers.com\\\/tienda\\\/sin categor\u00eda\\\/procesador-behringer-mod-brains\\\/\",\"url\":\"https:\\\/\\\/www.mexicanguitarplayers.com\\\/tienda\\\/sin categor\u00eda\\\/procesador-behringer-mod-brains\\\/\",\"name\":\"PROCESADOR BEHRINGER MOD. BRAINS - Mexican Guitar Players\",\"isPartOf\":{\"@id\":\"https:\\\/\\\/www.mexicanguitarplayers.com\\\/#website\"},\"primaryImageOfPage\":{\"@id\":\"https:\\\/\\\/www.mexicanguitarplayers.com\\\/tienda\\\/sin categor\u00eda\\\/procesador-behringer-mod-brains\\\/#primaryimage\"},\"image\":{\"@id\":\"https:\\\/\\\/www.mexicanguitarplayers.com\\\/tienda\\\/sin categor\u00eda\\\/procesador-behringer-mod-brains\\\/#primaryimage\"},\"thumbnailUrl\":\"https:\\\/\\\/www.mexicanguitarplayers.com\\\/wp-content\\\/uploads\\\/2025\\\/04\\\/IABEHBRAINS.jpg\",\"datePublished\":\"2025-04-08T17:14:24+00:00\",\"dateModified\":\"2026-04-10T10:36:58+00:00\",\"description\":\"M\u00f3dulo oscilador multimotor de alta resoluci\u00f3n para Eurorack con 20 motores de s\u00edntesis, calidad de sonido de 96 kHz y osciloscopio OLED, incre\u00edble potencia de sonido para cualquier cosa, desde percusi\u00f3n, leads y basses to bater\u00edas, drones y soundscapes, 20 osciladores digitales que incluyen 15 motores Mutable Instruments Plaits para una creaci\u00f3n de sonido infinita, s\u00edntesis de alta resoluci\u00f3n de 96 kHz para una calidad de sonido insuperable, inspirador osciloscopio OLED para visualizaci\u00f3n de formas de onda, modelos de s\u00edntesis dise\u00f1ados para sonidos afinador como ripping leads, lush chords y ethereal pads, 10 motores de s\u00edntesis: Virtual Analog, Waveshaper, FM, Grains, Additive, Chords, Speech, Karplus, Hypersaw y Wavetable, 10 motores de percusi\u00f3n y ruido: Rain, Noise, Dust, Modal Strings, FM Drum, Bass, Snare, Hi Hat, Cowbell y Tom, controles de timbre arm\u00f3nicos multifuncionales para s\u00edntesis complejas, control Morph para cambiar sin problemas el car\u00e1cter de las fuentes de sonido seleccionadas, 2 salidas de audio independientes para el sonido principal y una variante din\u00e1mica, conector USB para una f\u00e1cil actualizaci\u00f3n de firmware, especificaciones Eurorack: 16HP, 130mA +12V, 10mA -12V, dimensiones: 129 x 81 x 42 mm, peso: 0.16 kg.\",\"breadcrumb\":{\"@id\":\"https:\\\/\\\/www.mexicanguitarplayers.com\\\/tienda\\\/sin categor\u00eda\\\/procesador-behringer-mod-brains\\\/#breadcrumb\"},\"inLanguage\":\"en-US\",\"potentialAction\":[{\"@type\":\"ReadAction\",\"target\":[\"https:\\\/\\\/www.mexicanguitarplayers.com\\\/tienda\\\/sin categor\u00eda\\\/procesador-behringer-mod-brains\\\/\"]}]},{\"@type\":\"ImageObject\",\"inLanguage\":\"en-US\",\"@id\":\"https:\\\/\\\/www.mexicanguitarplayers.com\\\/tienda\\\/sin categor\u00eda\\\/procesador-behringer-mod-brains\\\/#primaryimage\",\"url\":\"https:\\\/\\\/www.mexicanguitarplayers.com\\\/wp-content\\\/uploads\\\/2025\\\/04\\\/IABEHBRAINS.jpg\",\"contentUrl\":\"https:\\\/\\\/www.mexicanguitarplayers.com\\\/wp-content\\\/uploads\\\/2025\\\/04\\\/IABEHBRAINS.jpg\",\"width\":1200,\"height\":1200},{\"@type\":\"BreadcrumbList\",\"@id\":\"https:\\\/\\\/www.mexicanguitarplayers.com\\\/tienda\\\/sin categor\u00eda\\\/procesador-behringer-mod-brains\\\/#breadcrumb\",\"itemListElement\":[{\"@type\":\"ListItem\",\"position\":1,\"name\":\"Portada\",\"item\":\"https:\\\/\\\/www.mexicanguitarplayers.com\\\/\"},{\"@type\":\"ListItem\",\"position\":2,\"name\":\"Tienda\",\"item\":\"https:\\\/\\\/www.mexicanguitarplayers.com\\\/tienda\\\/\"},{\"@type\":\"ListItem\",\"position\":3,\"name\":\"PROCESADOR BEHRINGER MOD. BRAINS\"}]},{\"@type\":\"WebSite\",\"@id\":\"https:\\\/\\\/www.mexicanguitarplayers.com\\\/#website\",\"url\":\"https:\\\/\\\/www.mexicanguitarplayers.com\\\/\",\"name\":\"Mexican Guitar Players\",\"description\":\"Website\",\"publisher\":{\"@id\":\"https:\\\/\\\/www.mexicanguitarplayers.com\\\/#organization\"},\"potentialAction\":[{\"@type\":\"SearchAction\",\"target\":{\"@type\":\"EntryPoint\",\"urlTemplate\":\"https:\\\/\\\/www.mexicanguitarplayers.com\\\/?s={search_term_string}\"},\"query-input\":{\"@type\":\"PropertyValueSpecification\",\"valueRequired\":true,\"valueName\":\"search_term_string\"}}],\"inLanguage\":\"en-US\"},{\"@type\":\"Organization\",\"@id\":\"https:\\\/\\\/www.mexicanguitarplayers.com\\\/#organization\",\"name\":\"Mexican Guitar Players\",\"url\":\"https:\\\/\\\/www.mexicanguitarplayers.com\\\/\",\"logo\":{\"@type\":\"ImageObject\",\"inLanguage\":\"en-US\",\"@id\":\"https:\\\/\\\/www.mexicanguitarplayers.com\\\/#\\\/schema\\\/logo\\\/image\\\/\",\"url\":\"\",\"contentUrl\":\"\",\"caption\":\"Mexican Guitar Players\"},\"image\":{\"@id\":\"https:\\\/\\\/www.mexicanguitarplayers.com\\\/#\\\/schema\\\/logo\\\/image\\\/\"}}]}<\/script>\n<!-- \/ Yoast SEO plugin. -->","yoast_head_json":{"title":"PROCESADOR BEHRINGER MOD. BRAINS - Mexican Guitar Players","description":"M\u00f3dulo oscilador multimotor de alta resoluci\u00f3n para Eurorack con 20 motores de s\u00edntesis, calidad de sonido de 96 kHz y osciloscopio OLED, incre\u00edble potencia de sonido para cualquier cosa, desde percusi\u00f3n, leads y basses to bater\u00edas, drones y soundscapes, 20 osciladores digitales que incluyen 15 motores Mutable Instruments Plaits para una creaci\u00f3n de sonido infinita, s\u00edntesis de alta resoluci\u00f3n de 96 kHz para una calidad de sonido insuperable, inspirador osciloscopio OLED para visualizaci\u00f3n de formas de onda, modelos de s\u00edntesis dise\u00f1ados para sonidos afinador como ripping leads, lush chords y ethereal pads, 10 motores de s\u00edntesis: Virtual Analog, Waveshaper, FM, Grains, Additive, Chords, Speech, Karplus, Hypersaw y Wavetable, 10 motores de percusi\u00f3n y ruido: Rain, Noise, Dust, Modal Strings, FM Drum, Bass, Snare, Hi Hat, Cowbell y Tom, controles de timbre arm\u00f3nicos multifuncionales para s\u00edntesis complejas, control Morph para cambiar sin problemas el car\u00e1cter de las fuentes de sonido seleccionadas, 2 salidas de audio independientes para el sonido principal y una variante din\u00e1mica, conector USB para una f\u00e1cil actualizaci\u00f3n de firmware, especificaciones Eurorack: 16HP, 130mA +12V, 10mA -12V, dimensiones: 129 x 81 x 42 mm, peso: 0.16 kg.","robots":{"index":"index","follow":"follow","max-snippet":"max-snippet:-1","max-image-preview":"max-image-preview:large","max-video-preview":"max-video-preview:-1"},"canonical":"https:\/\/www.mexicanguitarplayers.com\/en\/tienda\/sin categor\u00eda\/procesador-behringer-mod-brains\/","og_locale":"en_US","og_type":"article","og_title":"PROCESADOR BEHRINGER MOD. BRAINS - Mexican Guitar Players","og_description":"M\u00f3dulo oscilador multimotor de alta resoluci\u00f3n para Eurorack con 20 motores de s\u00edntesis, calidad de sonido de 96 kHz y osciloscopio OLED, incre\u00edble potencia de sonido para cualquier cosa, desde percusi\u00f3n, leads y basses to bater\u00edas, drones y soundscapes, 20 osciladores digitales que incluyen 15 motores Mutable Instruments Plaits para una creaci\u00f3n de sonido infinita, s\u00edntesis de alta resoluci\u00f3n de 96 kHz para una calidad de sonido insuperable, inspirador osciloscopio OLED para visualizaci\u00f3n de formas de onda, modelos de s\u00edntesis dise\u00f1ados para sonidos afinador como ripping leads, lush chords y ethereal pads, 10 motores de s\u00edntesis: Virtual Analog, Waveshaper, FM, Grains, Additive, Chords, Speech, Karplus, Hypersaw y Wavetable, 10 motores de percusi\u00f3n y ruido: Rain, Noise, Dust, Modal Strings, FM Drum, Bass, Snare, Hi Hat, Cowbell y Tom, controles de timbre arm\u00f3nicos multifuncionales para s\u00edntesis complejas, control Morph para cambiar sin problemas el car\u00e1cter de las fuentes de sonido seleccionadas, 2 salidas de audio independientes para el sonido principal y una variante din\u00e1mica, conector USB para una f\u00e1cil actualizaci\u00f3n de firmware, especificaciones Eurorack: 16HP, 130mA +12V, 10mA -12V, dimensiones: 129 x 81 x 42 mm, peso: 0.16 kg.","og_url":"https:\/\/www.mexicanguitarplayers.com\/en\/tienda\/sin categor\u00eda\/procesador-behringer-mod-brains\/","og_site_name":"Mexican Guitar Players","article_modified_time":"2026-04-10T10:36:58+00:00","twitter_card":"summary_large_image","twitter_misc":{"Est. reading time":"4 minutes"},"schema":{"@context":"https:\/\/schema.org","@graph":[{"@type":["WebPage","ItemPage"],"@id":"https:\/\/www.mexicanguitarplayers.com\/tienda\/sin categor\u00eda\/procesador-behringer-mod-brains\/","url":"https:\/\/www.mexicanguitarplayers.com\/tienda\/sin categor\u00eda\/procesador-behringer-mod-brains\/","name":"PROCESADOR BEHRINGER MOD. BRAINS - Mexican Guitar Players","isPartOf":{"@id":"https:\/\/www.mexicanguitarplayers.com\/#website"},"primaryImageOfPage":{"@id":"https:\/\/www.mexicanguitarplayers.com\/tienda\/sin categor\u00eda\/procesador-behringer-mod-brains\/#primaryimage"},"image":{"@id":"https:\/\/www.mexicanguitarplayers.com\/tienda\/sin categor\u00eda\/procesador-behringer-mod-brains\/#primaryimage"},"thumbnailUrl":"https:\/\/www.mexicanguitarplayers.com\/wp-content\/uploads\/2025\/04\/IABEHBRAINS.jpg","datePublished":"2025-04-08T17:14:24+00:00","dateModified":"2026-04-10T10:36:58+00:00","description":"M\u00f3dulo oscilador multimotor de alta resoluci\u00f3n para Eurorack con 20 motores de s\u00edntesis, calidad de sonido de 96 kHz y osciloscopio OLED, incre\u00edble potencia de sonido para cualquier cosa, desde percusi\u00f3n, leads y basses to bater\u00edas, drones y soundscapes, 20 osciladores digitales que incluyen 15 motores Mutable Instruments Plaits para una creaci\u00f3n de sonido infinita, s\u00edntesis de alta resoluci\u00f3n de 96 kHz para una calidad de sonido insuperable, inspirador osciloscopio OLED para visualizaci\u00f3n de formas de onda, modelos de s\u00edntesis dise\u00f1ados para sonidos afinador como ripping leads, lush chords y ethereal pads, 10 motores de s\u00edntesis: Virtual Analog, Waveshaper, FM, Grains, Additive, Chords, Speech, Karplus, Hypersaw y Wavetable, 10 motores de percusi\u00f3n y ruido: Rain, Noise, Dust, Modal Strings, FM Drum, Bass, Snare, Hi Hat, Cowbell y Tom, controles de timbre arm\u00f3nicos multifuncionales para s\u00edntesis complejas, control Morph para cambiar sin problemas el car\u00e1cter de las fuentes de sonido seleccionadas, 2 salidas de audio independientes para el sonido principal y una variante din\u00e1mica, conector USB para una f\u00e1cil actualizaci\u00f3n de firmware, especificaciones Eurorack: 16HP, 130mA +12V, 10mA -12V, dimensiones: 129 x 81 x 42 mm, peso: 0.16 kg.","breadcrumb":{"@id":"https:\/\/www.mexicanguitarplayers.com\/tienda\/sin categor\u00eda\/procesador-behringer-mod-brains\/#breadcrumb"},"inLanguage":"en-US","potentialAction":[{"@type":"ReadAction","target":["https:\/\/www.mexicanguitarplayers.com\/tienda\/sin categor\u00eda\/procesador-behringer-mod-brains\/"]}]},{"@type":"ImageObject","inLanguage":"en-US","@id":"https:\/\/www.mexicanguitarplayers.com\/tienda\/sin categor\u00eda\/procesador-behringer-mod-brains\/#primaryimage","url":"https:\/\/www.mexicanguitarplayers.com\/wp-content\/uploads\/2025\/04\/IABEHBRAINS.jpg","contentUrl":"https:\/\/www.mexicanguitarplayers.com\/wp-content\/uploads\/2025\/04\/IABEHBRAINS.jpg","width":1200,"height":1200},{"@type":"BreadcrumbList","@id":"https:\/\/www.mexicanguitarplayers.com\/tienda\/sin categor\u00eda\/procesador-behringer-mod-brains\/#breadcrumb","itemListElement":[{"@type":"ListItem","position":1,"name":"Portada","item":"https:\/\/www.mexicanguitarplayers.com\/"},{"@type":"ListItem","position":2,"name":"Tienda","item":"https:\/\/www.mexicanguitarplayers.com\/tienda\/"},{"@type":"ListItem","position":3,"name":"PROCESADOR BEHRINGER MOD. BRAINS"}]},{"@type":"WebSite","@id":"https:\/\/www.mexicanguitarplayers.com\/#website","url":"https:\/\/www.mexicanguitarplayers.com\/","name":"Mexican Guitar Players","description":"Website","publisher":{"@id":"https:\/\/www.mexicanguitarplayers.com\/#organization"},"potentialAction":[{"@type":"SearchAction","target":{"@type":"EntryPoint","urlTemplate":"https:\/\/www.mexicanguitarplayers.com\/?s={search_term_string}"},"query-input":{"@type":"PropertyValueSpecification","valueRequired":true,"valueName":"search_term_string"}}],"inLanguage":"en-US"},{"@type":"Organization","@id":"https:\/\/www.mexicanguitarplayers.com\/#organization","name":"Mexican Guitar Players","url":"https:\/\/www.mexicanguitarplayers.com\/","logo":{"@type":"ImageObject","inLanguage":"en-US","@id":"https:\/\/www.mexicanguitarplayers.com\/#\/schema\/logo\/image\/","url":"","contentUrl":"","caption":"Mexican Guitar Players"},"image":{"@id":"https:\/\/www.mexicanguitarplayers.com\/#\/schema\/logo\/image\/"}}]}},"brands":[{"id":171,"name":"BEHRINGER","slug":"behringer"}],"_links":{"self":[{"href":"https:\/\/www.mexicanguitarplayers.com\/en\/wp-json\/wp\/v2\/product\/30440","targetHints":{"allow":["GET"]}}],"collection":[{"href":"https:\/\/www.mexicanguitarplayers.com\/en\/wp-json\/wp\/v2\/product"}],"about":[{"href":"https:\/\/www.mexicanguitarplayers.com\/en\/wp-json\/wp\/v2\/types\/product"}],"replies":[{"embeddable":true,"href":"https:\/\/www.mexicanguitarplayers.com\/en\/wp-json\/wp\/v2\/comments?post=30440"}],"wp:featuredmedia":[{"embeddable":true,"href":"https:\/\/www.mexicanguitarplayers.com\/en\/wp-json\/wp\/v2\/media\/30434"}],"wp:attachment":[{"href":"https:\/\/www.mexicanguitarplayers.com\/en\/wp-json\/wp\/v2\/media?parent=30440"}],"wp:term":[{"taxonomy":"pwb-brand","embeddable":true,"href":"https:\/\/www.mexicanguitarplayers.com\/en\/wp-json\/wp\/v2\/pwb-brand?post=30440"},{"taxonomy":"product_brand","embeddable":true,"href":"https:\/\/www.mexicanguitarplayers.com\/en\/wp-json\/wp\/v2\/product_brand?post=30440"},{"taxonomy":"product_cat","embeddable":true,"href":"https:\/\/www.mexicanguitarplayers.com\/en\/wp-json\/wp\/v2\/product_cat?post=30440"},{"taxonomy":"product_tag","embeddable":true,"href":"https:\/\/www.mexicanguitarplayers.com\/en\/wp-json\/wp\/v2\/product_tag?post=30440"}],"curies":[{"name":"wp","href":"https:\/\/api.w.org\/{rel}","templated":true}]}}