{"id":30460,"date":"2025-04-08T11:14:46","date_gmt":"2025-04-08T17:14:46","guid":{"rendered":"https:\/\/www.mexicanguitarplayers.com\/tienda\/sin categor\u00eda\/consola-mezcladora-wharfedale-pmx-500\/"},"modified":"2026-04-10T04:36:56","modified_gmt":"2026-04-10T10:36:56","slug":"consola-mezcladora-wharfedale-pmx-500","status":"publish","type":"product","link":"https:\/\/www.mexicanguitarplayers.com\/en\/tienda\/audio\/mezcladoras\/consola-mezcladora-wharfedale-pmx-500\/","title":{"rendered":"CONSOLA MEZCLADORA  WHARFEDALE  PMX-500"},"content":{"rendered":"<div style=\"text-align: justify\">\n<div>\n<h3>Portabilidad compacta para aplicaciones port\u00e1tiles.<\/h3>\n<\/div>\n<div>La mezcladora PMX-500 de Wharfedale Pro es l\u00edder en su clase, una mezcladora amplificada portable y compacta. Dise\u00f1ada para ser un perfecto equilibrio de portabilidad y potencia, la PMX-500 es adecuada para su uso en una amplia gama de aplicaciones port\u00e1tiles de sonido. Todo lo que necesitas para mezclar y amplificar micr\u00f3fonos y fuentes de nivel de l\u00ednea est\u00e1 incluido en una caja, con un asa ergon\u00f3mica para facilitar su transportaci\u00f3n. El concepto de una caja acelera el tiempo de tu configuraci\u00f3n y te permite comenzar un presentaci\u00f3n mucho m\u00e1s r\u00e1pido que nunca. Las funciones incorporadas de procesamiento digital para procesar efectos en la mezcladora amplificada PMX-500, expanden tu creatividad y mejoran la calidad de tu sonido sin necesidad de otros procesadores m\u00e1s caros y a menudo engorrosos. Un ecualizador gr\u00e1fico te permite un ajuste fino de la mezcla global. 4 entradas con poder phantom para entradas XLR para micr\u00f3fono, te permiten conectar cualquier tipo de micr\u00f3fono, las entradas de nivel de l\u00ednea est\u00e1n disponibles con conectores RCA o Jack de 1\/4&#8243;. Las salidas principales utilizan una combinaci\u00f3n de Speakon\/Jack 1\/4&#8243; para un m\u00e1ximo rendimiento y versatilidad.<\/div>\n<div>\n<h4>Quick look<\/h4>\n<\/div>\n<ul style=\"margin: 0px 0px 0px 25px\">\n<li style=\"list-style-type: circle;margin: 5px\">Dimensions.<\/li>\n<li style=\"list-style-type: circle;margin: 5px\">Nivel m\u00e1ximo de salida.<\/li>\n<li style=\"list-style-type: circle;margin: 5px\">Distorsi\u00f3n arm\u00f3nica total (THD).<\/li>\n<li style=\"list-style-type: circle;margin: 5px\">Level meters.<\/li>\n<li style=\"list-style-type: circle;margin: 5px\">Efectos digitales.<\/li>\n<li style=\"list-style-type: circle;margin: 5px\">Power.<\/li>\n<li style=\"list-style-type: circle;margin: 5px\">Weight.<\/li>\n<li style=\"list-style-type: circle;margin: 5px\">Output power.<\/li>\n<li style=\"list-style-type: circle;margin: 5px\">Zumbido y ruido.<\/li>\n<li style=\"list-style-type: circle;margin: 5px\">Canal de entrada.<\/li>\n<li style=\"list-style-type: circle;margin: 5px\">Ecualizaci\u00f3n.<\/li>\n<li style=\"list-style-type: circle;margin: 5px\">Ecualizador gr\u00e1fico.<\/li>\n<li style=\"list-style-type: circle;margin: 5px\">Indicador de l\u00edmite.<\/li>\n<\/ul>\n<div>\n<div style=\"font-weight: bold\">Dimensions.<\/div>\n<div>\n<p>392 X 261 X 243 mm.<\/p>\n<\/div>\n<div style=\"font-weight: bold\">Nivel m\u00e1ximo de salida.<\/div>\n<div>\n<p>+22dBu mix out.<\/p>\n<\/div>\n<div style=\"font-weight: bold\">Distorsi\u00f3n arm\u00f3nica total (THD).<\/div>\n<div>\n<p>=0.4% (40Hz-20KHz 100w\/4O speaker output); =0.02% (20Hz-30KHz +14dBu line out).<\/p>\n<\/div>\n<div style=\"font-weight: bold\">Level meters.<\/div>\n<div>\n<p>4 Segment LED (0dB output 0dBu on meter mix output).<\/p>\n<\/div>\n<div style=\"font-weight: bold\">Efectos digitales.<\/div>\n<div>\n<p>16 efectos (Hall1; Hall2; Room1; Room2; Room3; Plate Reverb1; Plate Reverb2; Plate Reverb3; Chorus; Flange; Delay1; Delay2; Chorus\/Room1; Chorus\/Room2; Vocal Cancel; Rotary Speaker).<\/p>\n<\/div>\n<div style=\"font-weight: bold\">Power.<\/div>\n<div>\n<p>AC 100 &#8211; 120 V ~ 230 &#8211; 240 V 50 Hz \/ 60 Hz.<\/p>\n<\/div>\n<div style=\"font-weight: bold\">Weight.<\/div>\n<div>\n<p>4.65 kg.<\/p>\n<\/div>\n<div style=\"font-weight: bold\">Output power.<\/div>\n<div>\n<p>150 watts RMS en 4 O.<\/p>\n<\/div>\n<div style=\"font-weight: bold\">Zumbido y ruido.<\/div>\n<div>\n<p>-50 dB (salida de altavoz) -83 dB (l\u00ednea de salida) ruido residual de salida.<\/p>\n<\/div>\n<div style=\"font-weight: bold\">Canal de entrada.<\/div>\n<div>\n<p>\u00b115 dB m\u00e1ximo.<\/p>\n<\/div>\n<div style=\"font-weight: bold\">Ecualizaci\u00f3n.<\/div>\n<div>\n<p>High 12kHz Shelving; Low 100Hz Shelving.<\/p>\n<\/div>\n<div style=\"font-weight: bold\">Ecualizador gr\u00e1fico.<\/div>\n<div>\n<p>Banda dual (60 Hz, 120 Hz, 480 Hz, 1 kHz, 4 kHz, 8 kHz, 16 kHz) \u00b1 12 dB ganancia.<\/p>\n<\/div>\n<div style=\"font-weight: bold\">Indicador de l\u00edmite.<\/div>\n<div>\n<p>Encendido en aproximadamente +6 dBu {Comp=140W salida de altavoz) cada canal}.<\/p>\n<\/div>\n<\/div>\n<\/div>","protected":false},"excerpt":{"rendered":"<p>Mezcladora Wharfedale. Modelo: PMX-500. 4 canales mono XLR  y 1 stereo RCA s\u00faperligero. Compacto y port\u00e1til. Con asa para facilitar el transporte. Ecualizadorgr\u00e1fico y phantom power en los canales mono. 150 Watts a 4 ohms. 16 efectos. De110 v a 220 v.&hellip; <a class=\"kt-excerpt-readmore more-link\" href=\"https:\/\/www.mexicanguitarplayers.com\/en\/tienda\/audio\/mezcladoras\/consola-mezcladora-wharfedale-pmx-500\/\">Read more<\/a><\/p>","protected":false},"featured_media":30459,"comment_status":"open","ping_status":"closed","template":"","meta":{"kt_blocks_editor_width":""},"pwb-brand":[555],"product_brand":[],"product_cat":[213,491],"product_tag":[],"class_list":{"0":"post-30460","1":"product","2":"type-product","3":"status-publish","4":"has-post-thumbnail","6":"pwb-brand-wharfedale","7":"product_cat-audio","8":"product_cat-mezcladoras","9":"product_shipping_class-5-10-kg","11":"first","12":"outofstock","13":"taxable","14":"shipping-taxable","15":"purchasable","16":"product-type-simple"},"yoast_head":"<!-- This site is optimized with the Yoast SEO plugin v27.5 - https:\/\/yoast.com\/product\/yoast-seo-wordpress\/ -->\n<title>CONSOLA MEZCLADORA WHARFEDALE PMX-500 - Mexican Guitar Players<\/title>\n<meta name=\"description\" content=\"Mezcladora Wharfedale. Modelo: PMX-500. 4 canales mono XLR y 1 stereo RCA s\u00faperligero. Compacto y port\u00e1til. Con asa para facilitar el transporte. Ecualizadorgr\u00e1fico y phantom power en los canales mono. 150 Watts a 4 ohms. 16 efectos. De110 v a 220 v.\" \/>\n<meta name=\"robots\" content=\"index, follow, max-snippet:-1, max-image-preview:large, max-video-preview:-1\" \/>\n<link rel=\"canonical\" href=\"https:\/\/www.mexicanguitarplayers.com\/en\/tienda\/sin%20categor\u00eda\/consola-mezcladora-wharfedale-pmx-500\/\" \/>\n<meta property=\"og:locale\" content=\"en_US\" \/>\n<meta property=\"og:type\" content=\"article\" \/>\n<meta property=\"og:title\" content=\"CONSOLA MEZCLADORA WHARFEDALE PMX-500 - Mexican Guitar Players\" \/>\n<meta property=\"og:description\" content=\"Mezcladora Wharfedale. Modelo: PMX-500. 4 canales mono XLR y 1 stereo RCA s\u00faperligero. Compacto y port\u00e1til. Con asa para facilitar el transporte. Ecualizadorgr\u00e1fico y phantom power en los canales mono. 150 Watts a 4 ohms. 16 efectos. De110 v a 220 v.\" \/>\n<meta property=\"og:url\" content=\"https:\/\/www.mexicanguitarplayers.com\/en\/tienda\/sin categor\u00eda\/consola-mezcladora-wharfedale-pmx-500\/\" \/>\n<meta property=\"og:site_name\" content=\"Mexican Guitar Players\" \/>\n<meta property=\"article:modified_time\" content=\"2026-04-10T10:36:56+00:00\" \/>\n<meta name=\"twitter:card\" content=\"summary_large_image\" \/>\n<meta name=\"twitter:label1\" content=\"Est. reading time\" \/>\n\t<meta name=\"twitter:data1\" content=\"2 minutes\" \/>\n<script type=\"application\/ld+json\" class=\"yoast-schema-graph\">{\"@context\":\"https:\\\/\\\/schema.org\",\"@graph\":[{\"@type\":[\"WebPage\",\"ItemPage\"],\"@id\":\"https:\\\/\\\/www.mexicanguitarplayers.com\\\/tienda\\\/sin categor\u00eda\\\/consola-mezcladora-wharfedale-pmx-500\\\/\",\"url\":\"https:\\\/\\\/www.mexicanguitarplayers.com\\\/tienda\\\/sin categor\u00eda\\\/consola-mezcladora-wharfedale-pmx-500\\\/\",\"name\":\"CONSOLA MEZCLADORA WHARFEDALE PMX-500 - Mexican Guitar Players\",\"isPartOf\":{\"@id\":\"https:\\\/\\\/www.mexicanguitarplayers.com\\\/#website\"},\"primaryImageOfPage\":{\"@id\":\"https:\\\/\\\/www.mexicanguitarplayers.com\\\/tienda\\\/sin categor\u00eda\\\/consola-mezcladora-wharfedale-pmx-500\\\/#primaryimage\"},\"image\":{\"@id\":\"https:\\\/\\\/www.mexicanguitarplayers.com\\\/tienda\\\/sin categor\u00eda\\\/consola-mezcladora-wharfedale-pmx-500\\\/#primaryimage\"},\"thumbnailUrl\":\"https:\\\/\\\/www.mexicanguitarplayers.com\\\/wp-content\\\/uploads\\\/2025\\\/04\\\/IAWHAPMX500.jpg\",\"datePublished\":\"2025-04-08T17:14:46+00:00\",\"dateModified\":\"2026-04-10T10:36:56+00:00\",\"description\":\"Mezcladora Wharfedale. Modelo: PMX-500. 4 canales mono XLR y 1 stereo RCA s\u00faperligero. Compacto y port\u00e1til. Con asa para facilitar el transporte. Ecualizadorgr\u00e1fico y phantom power en los canales mono. 150 Watts a 4 ohms. 16 efectos. De110 v a 220 v.\",\"breadcrumb\":{\"@id\":\"https:\\\/\\\/www.mexicanguitarplayers.com\\\/tienda\\\/sin categor\u00eda\\\/consola-mezcladora-wharfedale-pmx-500\\\/#breadcrumb\"},\"inLanguage\":\"en-US\",\"potentialAction\":[{\"@type\":\"ReadAction\",\"target\":[\"https:\\\/\\\/www.mexicanguitarplayers.com\\\/tienda\\\/sin categor\u00eda\\\/consola-mezcladora-wharfedale-pmx-500\\\/\"]}]},{\"@type\":\"ImageObject\",\"inLanguage\":\"en-US\",\"@id\":\"https:\\\/\\\/www.mexicanguitarplayers.com\\\/tienda\\\/sin categor\u00eda\\\/consola-mezcladora-wharfedale-pmx-500\\\/#primaryimage\",\"url\":\"https:\\\/\\\/www.mexicanguitarplayers.com\\\/wp-content\\\/uploads\\\/2025\\\/04\\\/IAWHAPMX500.jpg\",\"contentUrl\":\"https:\\\/\\\/www.mexicanguitarplayers.com\\\/wp-content\\\/uploads\\\/2025\\\/04\\\/IAWHAPMX500.jpg\",\"width\":1200,\"height\":1200},{\"@type\":\"BreadcrumbList\",\"@id\":\"https:\\\/\\\/www.mexicanguitarplayers.com\\\/tienda\\\/sin categor\u00eda\\\/consola-mezcladora-wharfedale-pmx-500\\\/#breadcrumb\",\"itemListElement\":[{\"@type\":\"ListItem\",\"position\":1,\"name\":\"Portada\",\"item\":\"https:\\\/\\\/www.mexicanguitarplayers.com\\\/\"},{\"@type\":\"ListItem\",\"position\":2,\"name\":\"Tienda\",\"item\":\"https:\\\/\\\/www.mexicanguitarplayers.com\\\/tienda\\\/\"},{\"@type\":\"ListItem\",\"position\":3,\"name\":\"CONSOLA MEZCLADORA WHARFEDALE PMX-500\"}]},{\"@type\":\"WebSite\",\"@id\":\"https:\\\/\\\/www.mexicanguitarplayers.com\\\/#website\",\"url\":\"https:\\\/\\\/www.mexicanguitarplayers.com\\\/\",\"name\":\"Mexican Guitar Players\",\"description\":\"Website\",\"publisher\":{\"@id\":\"https:\\\/\\\/www.mexicanguitarplayers.com\\\/#organization\"},\"potentialAction\":[{\"@type\":\"SearchAction\",\"target\":{\"@type\":\"EntryPoint\",\"urlTemplate\":\"https:\\\/\\\/www.mexicanguitarplayers.com\\\/?s={search_term_string}\"},\"query-input\":{\"@type\":\"PropertyValueSpecification\",\"valueRequired\":true,\"valueName\":\"search_term_string\"}}],\"inLanguage\":\"en-US\"},{\"@type\":\"Organization\",\"@id\":\"https:\\\/\\\/www.mexicanguitarplayers.com\\\/#organization\",\"name\":\"Mexican Guitar Players\",\"url\":\"https:\\\/\\\/www.mexicanguitarplayers.com\\\/\",\"logo\":{\"@type\":\"ImageObject\",\"inLanguage\":\"en-US\",\"@id\":\"https:\\\/\\\/www.mexicanguitarplayers.com\\\/#\\\/schema\\\/logo\\\/image\\\/\",\"url\":\"\",\"contentUrl\":\"\",\"caption\":\"Mexican Guitar Players\"},\"image\":{\"@id\":\"https:\\\/\\\/www.mexicanguitarplayers.com\\\/#\\\/schema\\\/logo\\\/image\\\/\"}}]}<\/script>\n<!-- \/ Yoast SEO plugin. -->","yoast_head_json":{"title":"CONSOLA MEZCLADORA WHARFEDALE PMX-500 - Mexican Guitar Players","description":"Mezcladora Wharfedale. Modelo: PMX-500. 4 canales mono XLR y 1 stereo RCA s\u00faperligero. Compacto y port\u00e1til. Con asa para facilitar el transporte. Ecualizadorgr\u00e1fico y phantom power en los canales mono. 150 Watts a 4 ohms. 16 efectos. De110 v a 220 v.","robots":{"index":"index","follow":"follow","max-snippet":"max-snippet:-1","max-image-preview":"max-image-preview:large","max-video-preview":"max-video-preview:-1"},"canonical":"https:\/\/www.mexicanguitarplayers.com\/en\/tienda\/sin categor\u00eda\/consola-mezcladora-wharfedale-pmx-500\/","og_locale":"en_US","og_type":"article","og_title":"CONSOLA MEZCLADORA WHARFEDALE PMX-500 - Mexican Guitar Players","og_description":"Mezcladora Wharfedale. Modelo: PMX-500. 4 canales mono XLR y 1 stereo RCA s\u00faperligero. Compacto y port\u00e1til. Con asa para facilitar el transporte. Ecualizadorgr\u00e1fico y phantom power en los canales mono. 150 Watts a 4 ohms. 16 efectos. De110 v a 220 v.","og_url":"https:\/\/www.mexicanguitarplayers.com\/en\/tienda\/sin categor\u00eda\/consola-mezcladora-wharfedale-pmx-500\/","og_site_name":"Mexican Guitar Players","article_modified_time":"2026-04-10T10:36:56+00:00","twitter_card":"summary_large_image","twitter_misc":{"Est. reading time":"2 minutes"},"schema":{"@context":"https:\/\/schema.org","@graph":[{"@type":["WebPage","ItemPage"],"@id":"https:\/\/www.mexicanguitarplayers.com\/tienda\/sin categor\u00eda\/consola-mezcladora-wharfedale-pmx-500\/","url":"https:\/\/www.mexicanguitarplayers.com\/tienda\/sin categor\u00eda\/consola-mezcladora-wharfedale-pmx-500\/","name":"CONSOLA MEZCLADORA WHARFEDALE PMX-500 - Mexican Guitar Players","isPartOf":{"@id":"https:\/\/www.mexicanguitarplayers.com\/#website"},"primaryImageOfPage":{"@id":"https:\/\/www.mexicanguitarplayers.com\/tienda\/sin categor\u00eda\/consola-mezcladora-wharfedale-pmx-500\/#primaryimage"},"image":{"@id":"https:\/\/www.mexicanguitarplayers.com\/tienda\/sin categor\u00eda\/consola-mezcladora-wharfedale-pmx-500\/#primaryimage"},"thumbnailUrl":"https:\/\/www.mexicanguitarplayers.com\/wp-content\/uploads\/2025\/04\/IAWHAPMX500.jpg","datePublished":"2025-04-08T17:14:46+00:00","dateModified":"2026-04-10T10:36:56+00:00","description":"Mezcladora Wharfedale. Modelo: PMX-500. 4 canales mono XLR y 1 stereo RCA s\u00faperligero. Compacto y port\u00e1til. Con asa para facilitar el transporte. Ecualizadorgr\u00e1fico y phantom power en los canales mono. 150 Watts a 4 ohms. 16 efectos. De110 v a 220 v.","breadcrumb":{"@id":"https:\/\/www.mexicanguitarplayers.com\/tienda\/sin categor\u00eda\/consola-mezcladora-wharfedale-pmx-500\/#breadcrumb"},"inLanguage":"en-US","potentialAction":[{"@type":"ReadAction","target":["https:\/\/www.mexicanguitarplayers.com\/tienda\/sin categor\u00eda\/consola-mezcladora-wharfedale-pmx-500\/"]}]},{"@type":"ImageObject","inLanguage":"en-US","@id":"https:\/\/www.mexicanguitarplayers.com\/tienda\/sin categor\u00eda\/consola-mezcladora-wharfedale-pmx-500\/#primaryimage","url":"https:\/\/www.mexicanguitarplayers.com\/wp-content\/uploads\/2025\/04\/IAWHAPMX500.jpg","contentUrl":"https:\/\/www.mexicanguitarplayers.com\/wp-content\/uploads\/2025\/04\/IAWHAPMX500.jpg","width":1200,"height":1200},{"@type":"BreadcrumbList","@id":"https:\/\/www.mexicanguitarplayers.com\/tienda\/sin categor\u00eda\/consola-mezcladora-wharfedale-pmx-500\/#breadcrumb","itemListElement":[{"@type":"ListItem","position":1,"name":"Portada","item":"https:\/\/www.mexicanguitarplayers.com\/"},{"@type":"ListItem","position":2,"name":"Tienda","item":"https:\/\/www.mexicanguitarplayers.com\/tienda\/"},{"@type":"ListItem","position":3,"name":"CONSOLA MEZCLADORA WHARFEDALE PMX-500"}]},{"@type":"WebSite","@id":"https:\/\/www.mexicanguitarplayers.com\/#website","url":"https:\/\/www.mexicanguitarplayers.com\/","name":"Mexican Guitar Players","description":"Website","publisher":{"@id":"https:\/\/www.mexicanguitarplayers.com\/#organization"},"potentialAction":[{"@type":"SearchAction","target":{"@type":"EntryPoint","urlTemplate":"https:\/\/www.mexicanguitarplayers.com\/?s={search_term_string}"},"query-input":{"@type":"PropertyValueSpecification","valueRequired":true,"valueName":"search_term_string"}}],"inLanguage":"en-US"},{"@type":"Organization","@id":"https:\/\/www.mexicanguitarplayers.com\/#organization","name":"Mexican Guitar Players","url":"https:\/\/www.mexicanguitarplayers.com\/","logo":{"@type":"ImageObject","inLanguage":"en-US","@id":"https:\/\/www.mexicanguitarplayers.com\/#\/schema\/logo\/image\/","url":"","contentUrl":"","caption":"Mexican Guitar Players"},"image":{"@id":"https:\/\/www.mexicanguitarplayers.com\/#\/schema\/logo\/image\/"}}]}},"brands":[{"id":555,"name":"WHARFEDALE","slug":"wharfedale"}],"_links":{"self":[{"href":"https:\/\/www.mexicanguitarplayers.com\/en\/wp-json\/wp\/v2\/product\/30460","targetHints":{"allow":["GET"]}}],"collection":[{"href":"https:\/\/www.mexicanguitarplayers.com\/en\/wp-json\/wp\/v2\/product"}],"about":[{"href":"https:\/\/www.mexicanguitarplayers.com\/en\/wp-json\/wp\/v2\/types\/product"}],"replies":[{"embeddable":true,"href":"https:\/\/www.mexicanguitarplayers.com\/en\/wp-json\/wp\/v2\/comments?post=30460"}],"wp:featuredmedia":[{"embeddable":true,"href":"https:\/\/www.mexicanguitarplayers.com\/en\/wp-json\/wp\/v2\/media\/30459"}],"wp:attachment":[{"href":"https:\/\/www.mexicanguitarplayers.com\/en\/wp-json\/wp\/v2\/media?parent=30460"}],"wp:term":[{"taxonomy":"pwb-brand","embeddable":true,"href":"https:\/\/www.mexicanguitarplayers.com\/en\/wp-json\/wp\/v2\/pwb-brand?post=30460"},{"taxonomy":"product_brand","embeddable":true,"href":"https:\/\/www.mexicanguitarplayers.com\/en\/wp-json\/wp\/v2\/product_brand?post=30460"},{"taxonomy":"product_cat","embeddable":true,"href":"https:\/\/www.mexicanguitarplayers.com\/en\/wp-json\/wp\/v2\/product_cat?post=30460"},{"taxonomy":"product_tag","embeddable":true,"href":"https:\/\/www.mexicanguitarplayers.com\/en\/wp-json\/wp\/v2\/product_tag?post=30460"}],"curies":[{"name":"wp","href":"https:\/\/api.w.org\/{rel}","templated":true}]}}