{"id":30462,"date":"2025-04-08T11:14:48","date_gmt":"2025-04-08T17:14:48","guid":{"rendered":"https:\/\/www.mexicanguitarplayers.com\/tienda\/sin categor\u00eda\/tambor-meinl-doumbek-mod-he-3018\/"},"modified":"2026-01-26T13:15:39","modified_gmt":"2026-01-26T19:15:39","slug":"tambor-meinl-doumbek-mod-he-3018","status":"publish","type":"product","link":"https:\/\/www.mexicanguitarplayers.com\/en\/tienda\/accesorios\/para-percusion\/parches-para-percusion\/darbukas-parches-para-percusion\/tambor-meinl-doumbek-mod-he-3018\/","title":{"rendered":"TAMBOR MEINL (DOUMBEK) MOD. HE-3018"},"content":{"rendered":"<div style=\"text-align: justify\">\n<div>\n<h3>Sonido oriental reproducido perfectamente.<\/h3>\n<\/div>\n<div>El Doumbek Meinl est\u00e1 fabricado a mano con la tradicional metodolog\u00eda para conseguir el sonido caracter\u00edstico de la regi\u00f3n del medio oriente de donde proviene. Su sonido ha logrado ser reproducido fielmente gracias a los materiales y la manufactura que Meinl ha desarrollado como su trabajo hecho a mano, el aluminio de alta calidad y su parche sint\u00e9tico.<\/div>\n<div>\n<h4>Quick look<\/h4>\n<\/div>\n<ul style=\"margin: 0px 0px 0px 25px\">\n<li style=\"list-style-type: circle;margin: 5px\">Incluye.<\/li>\n<li style=\"list-style-type: circle;margin: 5px\">Dimensions.<\/li>\n<li style=\"list-style-type: circle;margin: 5px\">Parche sint\u00e9tico. <\/li>\n<li style=\"list-style-type: circle;margin: 5px\">Vaso grabado a mano. <\/li>\n<li style=\"list-style-type: circle;margin: 5px\">Fabricado con aluminio. <\/li>\n<\/ul>\n<div>\n<div style=\"font-weight: bold\">Incluye.<\/div>\n<div>\n<p>Llave de afinaci\u00f3n. <\/p>\n<\/div>\n<div style=\"font-weight: bold\">Dimensions.<\/div>\n<div>\n<p>8 1\/2 &#8221; pulgadas de di\u00e1metro. 17 1\/8&#8243; pulgadas de altura.<\/p>\n<\/div>\n<div style=\"font-weight: bold\">Parche sint\u00e9tico. <\/div>\n<div>\n<p>El parche tiene el calibre adecuado para obtener la mejor resonancia de tu instrumento y la impresi\u00f3n es por la parte de abajo para evitar que se despinte con el uso.<\/p>\n<\/div>\n<div style=\"font-weight: bold\">Vaso grabado a mano. <\/div>\n<div>\n<p>El trabajo de este doumbek es totalmente artesanal ya que est\u00e1 fabricado y decorado totalmente a mano para lograr el sonido tradicional.<\/p>\n<\/div>\n<div style=\"font-weight: bold\">Fabricado con aluminio. <\/div>\n<div>\n<p>El aluminio premium con el que Meinl fabrica este doumbek le da la ligereza y la resonancia necesaria para reproducir los sonidos tradicionales de medio oriente.<\/p>\n<\/div>\n<\/div>\n<\/div>","protected":false},"excerpt":{"rendered":"<p>Doumbek de aluminio con parche sint\u00e9tico, vaso grabado a mano, incluye llave de afinaci\u00f3n, dimensiones: di\u00e1metro: 8 1\/2\u201d pulgadas, altura: 17 1\/8\u201d pulgadas.&hellip; <a class=\"kt-excerpt-readmore more-link\" href=\"https:\/\/www.mexicanguitarplayers.com\/en\/tienda\/accesorios\/para-percusion\/parches-para-percusion\/darbukas-parches-para-percusion\/tambor-meinl-doumbek-mod-he-3018\/\">Read more<\/a><\/p>","protected":false},"featured_media":30461,"comment_status":"open","ping_status":"closed","template":"","meta":{"kt_blocks_editor_width":""},"pwb-brand":[290],"product_brand":[],"product_cat":[614,208,449,267],"product_tag":[],"class_list":{"0":"post-30462","1":"product","2":"type-product","3":"status-publish","4":"has-post-thumbnail","6":"pwb-brand-meinl","7":"product_cat-darbukas-parches-para-percusion","8":"product_cat-percusiones","9":"product_cat-percusiones-del-mundo-percusiones-menores","10":"product_cat-percusiones-mayores","11":"product_shipping_class-0-5-kg","13":"first","14":"outofstock","15":"taxable","16":"shipping-taxable","17":"purchasable","18":"product-type-simple"},"yoast_head":"<!-- This site is optimized with the Yoast SEO plugin v27.5 - https:\/\/yoast.com\/product\/yoast-seo-wordpress\/ -->\n<title>TAMBOR MEINL (DOUMBEK) MOD. HE-3018 - Mexican Guitar Players<\/title>\n<meta name=\"description\" content=\"Doumbek de aluminio con parche sint\u00e9tico, vaso grabado a mano, incluye llave de afinaci\u00f3n, dimensiones: di\u00e1metro: 8 1\/2\u201d pulgadas, altura: 17 1\/8\u201d pulgadas.\" \/>\n<meta name=\"robots\" content=\"index, follow, max-snippet:-1, max-image-preview:large, max-video-preview:-1\" \/>\n<link rel=\"canonical\" href=\"https:\/\/www.mexicanguitarplayers.com\/en\/tienda\/sin%20categor\u00eda\/tambor-meinl-doumbek-mod-he-3018\/\" \/>\n<meta property=\"og:locale\" content=\"en_US\" \/>\n<meta property=\"og:type\" content=\"article\" \/>\n<meta property=\"og:title\" content=\"TAMBOR MEINL (DOUMBEK) MOD. HE-3018 - Mexican Guitar Players\" \/>\n<meta property=\"og:description\" content=\"Doumbek de aluminio con parche sint\u00e9tico, vaso grabado a mano, incluye llave de afinaci\u00f3n, dimensiones: di\u00e1metro: 8 1\/2\u201d pulgadas, altura: 17 1\/8\u201d pulgadas.\" \/>\n<meta property=\"og:url\" content=\"https:\/\/www.mexicanguitarplayers.com\/en\/tienda\/sin categor\u00eda\/tambor-meinl-doumbek-mod-he-3018\/\" \/>\n<meta property=\"og:site_name\" content=\"Mexican Guitar Players\" \/>\n<meta property=\"article:modified_time\" content=\"2026-01-26T19:15:39+00:00\" \/>\n<meta name=\"twitter:card\" content=\"summary_large_image\" \/>\n<meta name=\"twitter:label1\" content=\"Est. reading time\" \/>\n\t<meta name=\"twitter:data1\" content=\"1 minute\" \/>\n<script type=\"application\/ld+json\" class=\"yoast-schema-graph\">{\"@context\":\"https:\\\/\\\/schema.org\",\"@graph\":[{\"@type\":[\"WebPage\",\"ItemPage\"],\"@id\":\"https:\\\/\\\/www.mexicanguitarplayers.com\\\/tienda\\\/sin categor\u00eda\\\/tambor-meinl-doumbek-mod-he-3018\\\/\",\"url\":\"https:\\\/\\\/www.mexicanguitarplayers.com\\\/tienda\\\/sin categor\u00eda\\\/tambor-meinl-doumbek-mod-he-3018\\\/\",\"name\":\"TAMBOR MEINL (DOUMBEK) MOD. HE-3018 - Mexican Guitar Players\",\"isPartOf\":{\"@id\":\"https:\\\/\\\/www.mexicanguitarplayers.com\\\/#website\"},\"primaryImageOfPage\":{\"@id\":\"https:\\\/\\\/www.mexicanguitarplayers.com\\\/tienda\\\/sin categor\u00eda\\\/tambor-meinl-doumbek-mod-he-3018\\\/#primaryimage\"},\"image\":{\"@id\":\"https:\\\/\\\/www.mexicanguitarplayers.com\\\/tienda\\\/sin categor\u00eda\\\/tambor-meinl-doumbek-mod-he-3018\\\/#primaryimage\"},\"thumbnailUrl\":\"https:\\\/\\\/www.mexicanguitarplayers.com\\\/wp-content\\\/uploads\\\/2025\\\/04\\\/IPMEIHE3018.jpg\",\"datePublished\":\"2025-04-08T17:14:48+00:00\",\"dateModified\":\"2026-01-26T19:15:39+00:00\",\"description\":\"Doumbek de aluminio con parche sint\u00e9tico, vaso grabado a mano, incluye llave de afinaci\u00f3n, dimensiones: di\u00e1metro: 8 1\\\/2\u201d pulgadas, altura: 17 1\\\/8\u201d pulgadas.\",\"breadcrumb\":{\"@id\":\"https:\\\/\\\/www.mexicanguitarplayers.com\\\/tienda\\\/sin categor\u00eda\\\/tambor-meinl-doumbek-mod-he-3018\\\/#breadcrumb\"},\"inLanguage\":\"en-US\",\"potentialAction\":[{\"@type\":\"ReadAction\",\"target\":[\"https:\\\/\\\/www.mexicanguitarplayers.com\\\/tienda\\\/sin categor\u00eda\\\/tambor-meinl-doumbek-mod-he-3018\\\/\"]}]},{\"@type\":\"ImageObject\",\"inLanguage\":\"en-US\",\"@id\":\"https:\\\/\\\/www.mexicanguitarplayers.com\\\/tienda\\\/sin categor\u00eda\\\/tambor-meinl-doumbek-mod-he-3018\\\/#primaryimage\",\"url\":\"https:\\\/\\\/www.mexicanguitarplayers.com\\\/wp-content\\\/uploads\\\/2025\\\/04\\\/IPMEIHE3018.jpg\",\"contentUrl\":\"https:\\\/\\\/www.mexicanguitarplayers.com\\\/wp-content\\\/uploads\\\/2025\\\/04\\\/IPMEIHE3018.jpg\",\"width\":1200,\"height\":1200},{\"@type\":\"BreadcrumbList\",\"@id\":\"https:\\\/\\\/www.mexicanguitarplayers.com\\\/tienda\\\/sin categor\u00eda\\\/tambor-meinl-doumbek-mod-he-3018\\\/#breadcrumb\",\"itemListElement\":[{\"@type\":\"ListItem\",\"position\":1,\"name\":\"Portada\",\"item\":\"https:\\\/\\\/www.mexicanguitarplayers.com\\\/\"},{\"@type\":\"ListItem\",\"position\":2,\"name\":\"Tienda\",\"item\":\"https:\\\/\\\/www.mexicanguitarplayers.com\\\/tienda\\\/\"},{\"@type\":\"ListItem\",\"position\":3,\"name\":\"TAMBOR MEINL (DOUMBEK) MOD. HE-3018\"}]},{\"@type\":\"WebSite\",\"@id\":\"https:\\\/\\\/www.mexicanguitarplayers.com\\\/#website\",\"url\":\"https:\\\/\\\/www.mexicanguitarplayers.com\\\/\",\"name\":\"Mexican Guitar Players\",\"description\":\"Website\",\"publisher\":{\"@id\":\"https:\\\/\\\/www.mexicanguitarplayers.com\\\/#organization\"},\"potentialAction\":[{\"@type\":\"SearchAction\",\"target\":{\"@type\":\"EntryPoint\",\"urlTemplate\":\"https:\\\/\\\/www.mexicanguitarplayers.com\\\/?s={search_term_string}\"},\"query-input\":{\"@type\":\"PropertyValueSpecification\",\"valueRequired\":true,\"valueName\":\"search_term_string\"}}],\"inLanguage\":\"en-US\"},{\"@type\":\"Organization\",\"@id\":\"https:\\\/\\\/www.mexicanguitarplayers.com\\\/#organization\",\"name\":\"Mexican Guitar Players\",\"url\":\"https:\\\/\\\/www.mexicanguitarplayers.com\\\/\",\"logo\":{\"@type\":\"ImageObject\",\"inLanguage\":\"en-US\",\"@id\":\"https:\\\/\\\/www.mexicanguitarplayers.com\\\/#\\\/schema\\\/logo\\\/image\\\/\",\"url\":\"\",\"contentUrl\":\"\",\"caption\":\"Mexican Guitar Players\"},\"image\":{\"@id\":\"https:\\\/\\\/www.mexicanguitarplayers.com\\\/#\\\/schema\\\/logo\\\/image\\\/\"}}]}<\/script>\n<!-- \/ Yoast SEO plugin. -->","yoast_head_json":{"title":"TAMBOR MEINL (DOUMBEK) MOD. HE-3018 - Mexican Guitar Players","description":"Doumbek de aluminio con parche sint\u00e9tico, vaso grabado a mano, incluye llave de afinaci\u00f3n, dimensiones: di\u00e1metro: 8 1\/2\u201d pulgadas, altura: 17 1\/8\u201d pulgadas.","robots":{"index":"index","follow":"follow","max-snippet":"max-snippet:-1","max-image-preview":"max-image-preview:large","max-video-preview":"max-video-preview:-1"},"canonical":"https:\/\/www.mexicanguitarplayers.com\/en\/tienda\/sin categor\u00eda\/tambor-meinl-doumbek-mod-he-3018\/","og_locale":"en_US","og_type":"article","og_title":"TAMBOR MEINL (DOUMBEK) MOD. HE-3018 - Mexican Guitar Players","og_description":"Doumbek de aluminio con parche sint\u00e9tico, vaso grabado a mano, incluye llave de afinaci\u00f3n, dimensiones: di\u00e1metro: 8 1\/2\u201d pulgadas, altura: 17 1\/8\u201d pulgadas.","og_url":"https:\/\/www.mexicanguitarplayers.com\/en\/tienda\/sin categor\u00eda\/tambor-meinl-doumbek-mod-he-3018\/","og_site_name":"Mexican Guitar Players","article_modified_time":"2026-01-26T19:15:39+00:00","twitter_card":"summary_large_image","twitter_misc":{"Est. reading time":"1 minute"},"schema":{"@context":"https:\/\/schema.org","@graph":[{"@type":["WebPage","ItemPage"],"@id":"https:\/\/www.mexicanguitarplayers.com\/tienda\/sin categor\u00eda\/tambor-meinl-doumbek-mod-he-3018\/","url":"https:\/\/www.mexicanguitarplayers.com\/tienda\/sin categor\u00eda\/tambor-meinl-doumbek-mod-he-3018\/","name":"TAMBOR MEINL (DOUMBEK) MOD. HE-3018 - Mexican Guitar Players","isPartOf":{"@id":"https:\/\/www.mexicanguitarplayers.com\/#website"},"primaryImageOfPage":{"@id":"https:\/\/www.mexicanguitarplayers.com\/tienda\/sin categor\u00eda\/tambor-meinl-doumbek-mod-he-3018\/#primaryimage"},"image":{"@id":"https:\/\/www.mexicanguitarplayers.com\/tienda\/sin categor\u00eda\/tambor-meinl-doumbek-mod-he-3018\/#primaryimage"},"thumbnailUrl":"https:\/\/www.mexicanguitarplayers.com\/wp-content\/uploads\/2025\/04\/IPMEIHE3018.jpg","datePublished":"2025-04-08T17:14:48+00:00","dateModified":"2026-01-26T19:15:39+00:00","description":"Doumbek de aluminio con parche sint\u00e9tico, vaso grabado a mano, incluye llave de afinaci\u00f3n, dimensiones: di\u00e1metro: 8 1\/2\u201d pulgadas, altura: 17 1\/8\u201d pulgadas.","breadcrumb":{"@id":"https:\/\/www.mexicanguitarplayers.com\/tienda\/sin categor\u00eda\/tambor-meinl-doumbek-mod-he-3018\/#breadcrumb"},"inLanguage":"en-US","potentialAction":[{"@type":"ReadAction","target":["https:\/\/www.mexicanguitarplayers.com\/tienda\/sin categor\u00eda\/tambor-meinl-doumbek-mod-he-3018\/"]}]},{"@type":"ImageObject","inLanguage":"en-US","@id":"https:\/\/www.mexicanguitarplayers.com\/tienda\/sin categor\u00eda\/tambor-meinl-doumbek-mod-he-3018\/#primaryimage","url":"https:\/\/www.mexicanguitarplayers.com\/wp-content\/uploads\/2025\/04\/IPMEIHE3018.jpg","contentUrl":"https:\/\/www.mexicanguitarplayers.com\/wp-content\/uploads\/2025\/04\/IPMEIHE3018.jpg","width":1200,"height":1200},{"@type":"BreadcrumbList","@id":"https:\/\/www.mexicanguitarplayers.com\/tienda\/sin categor\u00eda\/tambor-meinl-doumbek-mod-he-3018\/#breadcrumb","itemListElement":[{"@type":"ListItem","position":1,"name":"Portada","item":"https:\/\/www.mexicanguitarplayers.com\/"},{"@type":"ListItem","position":2,"name":"Tienda","item":"https:\/\/www.mexicanguitarplayers.com\/tienda\/"},{"@type":"ListItem","position":3,"name":"TAMBOR MEINL (DOUMBEK) MOD. HE-3018"}]},{"@type":"WebSite","@id":"https:\/\/www.mexicanguitarplayers.com\/#website","url":"https:\/\/www.mexicanguitarplayers.com\/","name":"Mexican Guitar Players","description":"Website","publisher":{"@id":"https:\/\/www.mexicanguitarplayers.com\/#organization"},"potentialAction":[{"@type":"SearchAction","target":{"@type":"EntryPoint","urlTemplate":"https:\/\/www.mexicanguitarplayers.com\/?s={search_term_string}"},"query-input":{"@type":"PropertyValueSpecification","valueRequired":true,"valueName":"search_term_string"}}],"inLanguage":"en-US"},{"@type":"Organization","@id":"https:\/\/www.mexicanguitarplayers.com\/#organization","name":"Mexican Guitar Players","url":"https:\/\/www.mexicanguitarplayers.com\/","logo":{"@type":"ImageObject","inLanguage":"en-US","@id":"https:\/\/www.mexicanguitarplayers.com\/#\/schema\/logo\/image\/","url":"","contentUrl":"","caption":"Mexican Guitar Players"},"image":{"@id":"https:\/\/www.mexicanguitarplayers.com\/#\/schema\/logo\/image\/"}}]}},"brands":[{"id":290,"name":"MEINL","slug":"meinl"}],"_links":{"self":[{"href":"https:\/\/www.mexicanguitarplayers.com\/en\/wp-json\/wp\/v2\/product\/30462","targetHints":{"allow":["GET"]}}],"collection":[{"href":"https:\/\/www.mexicanguitarplayers.com\/en\/wp-json\/wp\/v2\/product"}],"about":[{"href":"https:\/\/www.mexicanguitarplayers.com\/en\/wp-json\/wp\/v2\/types\/product"}],"replies":[{"embeddable":true,"href":"https:\/\/www.mexicanguitarplayers.com\/en\/wp-json\/wp\/v2\/comments?post=30462"}],"wp:featuredmedia":[{"embeddable":true,"href":"https:\/\/www.mexicanguitarplayers.com\/en\/wp-json\/wp\/v2\/media\/30461"}],"wp:attachment":[{"href":"https:\/\/www.mexicanguitarplayers.com\/en\/wp-json\/wp\/v2\/media?parent=30462"}],"wp:term":[{"taxonomy":"pwb-brand","embeddable":true,"href":"https:\/\/www.mexicanguitarplayers.com\/en\/wp-json\/wp\/v2\/pwb-brand?post=30462"},{"taxonomy":"product_brand","embeddable":true,"href":"https:\/\/www.mexicanguitarplayers.com\/en\/wp-json\/wp\/v2\/product_brand?post=30462"},{"taxonomy":"product_cat","embeddable":true,"href":"https:\/\/www.mexicanguitarplayers.com\/en\/wp-json\/wp\/v2\/product_cat?post=30462"},{"taxonomy":"product_tag","embeddable":true,"href":"https:\/\/www.mexicanguitarplayers.com\/en\/wp-json\/wp\/v2\/product_tag?post=30462"}],"curies":[{"name":"wp","href":"https:\/\/api.w.org\/{rel}","templated":true}]}}