{"id":30511,"date":"2025-04-08T11:17:33","date_gmt":"2025-04-08T17:17:33","guid":{"rendered":"https:\/\/www.mexicanguitarplayers.com\/tienda\/sin categor\u00eda\/pedal-behringer-nr300-noise-reducer\/"},"modified":"2026-04-10T04:36:53","modified_gmt":"2026-04-10T10:36:53","slug":"pedal-behringer-nr300-noise-reducer","status":"publish","type":"product","link":"https:\/\/www.mexicanguitarplayers.com\/en\/tienda\/cuerdas\/efectos\/efectos-individuales\/pedal-behringer-nr300-noise-reducer\/","title":{"rendered":"PEDAL BEHRINGER NR300 NOISE REDUCER"},"content":{"rendered":"<div style=\"text-align: justify\">\n<div>\n<h3>Perfect and noiseless executions.<\/h3>\n<\/div>\n<div>As\u00ed que te encanta el bite, el twang y el sonido de las pastillas single-coil, pero no puedes soportar el zumbido de 60 ciclos que viene a lo largo del viaje. Conecta tu pedal NOISE REDUCTER NR300 y dile adi\u00f3s al ruido no deseado para siempre. El NR300 conserva el ataque y el sonido original mientras deja tu toque y tu din\u00e1mica intactos, ayud\u00e1ndote a mantener tu mente en tu show. D\u00fao din\u00e1mico. El NR300 funciona realmente como dos pedales en uno. En modo reducci\u00f3n, puedes ajustar las perillas Threshold y Decay para mantener intactos tu sonido y tus din\u00e1micas y eliminar con eficacia el zumbido completamente. En modo Mute, el NR300 se convierte en un interruptor de On\/Off s\u00faper silencioso para tu instrumento. F\u00e1cil de usar. La operaci\u00f3n no podr\u00eda ser m\u00e1s sencilla. El NR300 cuenta con dos LEDs: Uno para indicar cuando est\u00e1 activado y el otro para indicar cuando se suprime el ruido. Puedes alimentar este pedal por medio de una pila de 9V o utilizando un adaptador de corriente PSU-SB DC de Behringer (no incluido). Su interruptor On\/Off de alta calidad, mantiene un funcionamiento absolutamente libre de ruido.<\/div>\n<div>\n<h4>Quick look<\/h4>\n<\/div>\n<ul style=\"margin: 0px 0px 0px 25px\">\n<li style=\"list-style-type: circle;margin: 5px\">Entrance.<\/li>\n<li style=\"list-style-type: circle;margin: 5px\">Departure.<\/li>\n<li style=\"list-style-type: circle;margin: 5px\">Send.<\/li>\n<li style=\"list-style-type: circle;margin: 5px\">Return.<\/li>\n<li style=\"list-style-type: circle;margin: 5px\">Power supply.<\/li>\n<li style=\"list-style-type: circle;margin: 5px\">Dimensions.<\/li>\n<li style=\"list-style-type: circle;margin: 5px\">Weight.<\/li>\n<\/ul>\n<div>\n<div style=\"font-weight: bold\">Entrance.<\/div>\n<div>\n<p>Conector: Jack mono de 6.3 mm.Impedancia: 500 kohms.<\/p>\n<\/div>\n<div style=\"font-weight: bold\">Departure.<\/div>\n<div>\n<p>Conector: Jack mono de 6.3 mm.Impedancia: 1 kohm.<\/p>\n<\/div>\n<div style=\"font-weight: bold\">Send.<\/div>\n<div>\n<p>Conector: Jack mono de 6.3 mm.Impedancia: 1 kohm.<\/p>\n<\/div>\n<div style=\"font-weight: bold\">Return.<\/div>\n<div>\n<p>Conector: Jack mono de 6.3 mm.Impedancia 50 kohms.<\/p>\n<\/div>\n<div style=\"font-weight: bold\">Power supply.<\/div>\n<div>\n<p>9V~, 100 mA regulada.120V~, 60 Hz.Conector de alimentaci\u00f3n: Jack DC de 2 mm, centro negativo.Bater\u00eda: 9V tipo 6LR61.Consumo de energ\u00eda: 30 mA.<\/p>\n<\/div>\n<div style=\"font-weight: bold\">Dimensions.<\/div>\n<div>\n<p>54 x 70 x 123 mm.<\/p>\n<\/div>\n<div style=\"font-weight: bold\">Weight.<\/div>\n<div>\n<p>0.33 kg.<\/p>\n<\/div>\n<\/div>\n<\/div>","protected":false},"excerpt":{"rendered":"<p>Pedal de reducci\u00f3n de ruido para guitarra, elimina con eficacia el ruido no deseado y el zumbido sin alterar el sonido de tu guitarra, preserva el ataque original y deja tu din\u00e1mica intacta, controles dedicados Threshold y Decay y un bot\u00f3nMute para una flexibilidad impresionante, loop de env\u00edo\/retorno adicional para supresi\u00f3n de ruido de unidades de efecto externas, LED de estado para activar y desactivar el efecto y checar la bater\u00eda, funciona con una pila de 9V o con un adaptador de corriente PSU-SB DC de Behringer (no incluido), interruptor On\/Off deprimera clase para mayor integridad de la se\u00f1al en modo bypass, dimensiones: 54x 70 x 123 mm, pes. 0.33 kg.&hellip; <a class=\"kt-excerpt-readmore more-link\" href=\"https:\/\/www.mexicanguitarplayers.com\/en\/tienda\/cuerdas\/efectos\/efectos-individuales\/pedal-behringer-nr300-noise-reducer\/\">Read more<\/a><\/p>","protected":false},"featured_media":30508,"comment_status":"open","ping_status":"closed","template":"","meta":{"kt_blocks_editor_width":""},"pwb-brand":[171],"product_brand":[],"product_cat":[224,241,504],"product_tag":[],"class_list":{"0":"post-30511","1":"product","2":"type-product","3":"status-publish","4":"has-post-thumbnail","6":"pwb-brand-behringer","7":"product_cat-cuerdas","8":"product_cat-efectos","9":"product_cat-efectos-individuales","10":"product_shipping_class-0-5-kg","12":"first","13":"outofstock","14":"taxable","15":"shipping-taxable","16":"purchasable","17":"product-type-simple"},"yoast_head":"<!-- This site is optimized with the Yoast SEO plugin v27.5 - https:\/\/yoast.com\/product\/yoast-seo-wordpress\/ -->\n<title>PEDAL BEHRINGER NR300 NOISE REDUCER - Mexican Guitar Players<\/title>\n<meta name=\"description\" content=\"Pedal de reducci\u00f3n de ruido para guitarra, elimina con eficacia el ruido no deseado y el zumbido sin alterar el sonido de tu guitarra, preserva el ataque original y deja tu din\u00e1mica intacta, controles dedicados Threshold y Decay y un bot\u00f3nMute para una flexibilidad impresionante, loop de env\u00edo\/retorno adicional para supresi\u00f3n de ruido de unidades de efecto externas, LED de estado para activar y desactivar el efecto y checar la bater\u00eda, funciona con una pila de 9V o con un adaptador de corriente PSU-SB DC de Behringer (no incluido), interruptor On\/Off deprimera clase para mayor integridad de la se\u00f1al en modo bypass, dimensiones: 54x 70 x 123 mm, pes. 0.33 kg.\" \/>\n<meta name=\"robots\" content=\"index, follow, max-snippet:-1, max-image-preview:large, max-video-preview:-1\" \/>\n<link rel=\"canonical\" href=\"https:\/\/www.mexicanguitarplayers.com\/en\/tienda\/sin%20categor\u00eda\/pedal-behringer-nr300-noise-reducer\/\" \/>\n<meta property=\"og:locale\" content=\"en_US\" \/>\n<meta property=\"og:type\" content=\"article\" \/>\n<meta property=\"og:title\" content=\"PEDAL BEHRINGER NR300 NOISE REDUCER - Mexican Guitar Players\" \/>\n<meta property=\"og:description\" content=\"Pedal de reducci\u00f3n de ruido para guitarra, elimina con eficacia el ruido no deseado y el zumbido sin alterar el sonido de tu guitarra, preserva el ataque original y deja tu din\u00e1mica intacta, controles dedicados Threshold y Decay y un bot\u00f3nMute para una flexibilidad impresionante, loop de env\u00edo\/retorno adicional para supresi\u00f3n de ruido de unidades de efecto externas, LED de estado para activar y desactivar el efecto y checar la bater\u00eda, funciona con una pila de 9V o con un adaptador de corriente PSU-SB DC de Behringer (no incluido), interruptor On\/Off deprimera clase para mayor integridad de la se\u00f1al en modo bypass, dimensiones: 54x 70 x 123 mm, pes. 0.33 kg.\" \/>\n<meta property=\"og:url\" content=\"https:\/\/www.mexicanguitarplayers.com\/en\/tienda\/sin categor\u00eda\/pedal-behringer-nr300-noise-reducer\/\" \/>\n<meta property=\"og:site_name\" content=\"Mexican Guitar Players\" \/>\n<meta property=\"article:modified_time\" content=\"2026-04-10T10:36:53+00:00\" \/>\n<meta name=\"twitter:card\" content=\"summary_large_image\" \/>\n<meta name=\"twitter:label1\" content=\"Est. reading time\" \/>\n\t<meta name=\"twitter:data1\" content=\"1 minute\" \/>\n<script type=\"application\/ld+json\" class=\"yoast-schema-graph\">{\"@context\":\"https:\\\/\\\/schema.org\",\"@graph\":[{\"@type\":[\"WebPage\",\"ItemPage\"],\"@id\":\"https:\\\/\\\/www.mexicanguitarplayers.com\\\/tienda\\\/sin categor\u00eda\\\/pedal-behringer-nr300-noise-reducer\\\/\",\"url\":\"https:\\\/\\\/www.mexicanguitarplayers.com\\\/tienda\\\/sin categor\u00eda\\\/pedal-behringer-nr300-noise-reducer\\\/\",\"name\":\"PEDAL BEHRINGER NR300 NOISE REDUCER - Mexican Guitar Players\",\"isPartOf\":{\"@id\":\"https:\\\/\\\/www.mexicanguitarplayers.com\\\/#website\"},\"primaryImageOfPage\":{\"@id\":\"https:\\\/\\\/www.mexicanguitarplayers.com\\\/tienda\\\/sin categor\u00eda\\\/pedal-behringer-nr300-noise-reducer\\\/#primaryimage\"},\"image\":{\"@id\":\"https:\\\/\\\/www.mexicanguitarplayers.com\\\/tienda\\\/sin categor\u00eda\\\/pedal-behringer-nr300-noise-reducer\\\/#primaryimage\"},\"thumbnailUrl\":\"https:\\\/\\\/www.mexicanguitarplayers.com\\\/wp-content\\\/uploads\\\/2025\\\/04\\\/VABEHNR300.jpg\",\"datePublished\":\"2025-04-08T17:17:33+00:00\",\"dateModified\":\"2026-04-10T10:36:53+00:00\",\"description\":\"Pedal de reducci\u00f3n de ruido para guitarra, elimina con eficacia el ruido no deseado y el zumbido sin alterar el sonido de tu guitarra, preserva el ataque original y deja tu din\u00e1mica intacta, controles dedicados Threshold y Decay y un bot\u00f3nMute para una flexibilidad impresionante, loop de env\u00edo\\\/retorno adicional para supresi\u00f3n de ruido de unidades de efecto externas, LED de estado para activar y desactivar el efecto y checar la bater\u00eda, funciona con una pila de 9V o con un adaptador de corriente PSU-SB DC de Behringer (no incluido), interruptor On\\\/Off deprimera clase para mayor integridad de la se\u00f1al en modo bypass, dimensiones: 54x 70 x 123 mm, pes. 0.33 kg.\",\"breadcrumb\":{\"@id\":\"https:\\\/\\\/www.mexicanguitarplayers.com\\\/tienda\\\/sin categor\u00eda\\\/pedal-behringer-nr300-noise-reducer\\\/#breadcrumb\"},\"inLanguage\":\"en-US\",\"potentialAction\":[{\"@type\":\"ReadAction\",\"target\":[\"https:\\\/\\\/www.mexicanguitarplayers.com\\\/tienda\\\/sin categor\u00eda\\\/pedal-behringer-nr300-noise-reducer\\\/\"]}]},{\"@type\":\"ImageObject\",\"inLanguage\":\"en-US\",\"@id\":\"https:\\\/\\\/www.mexicanguitarplayers.com\\\/tienda\\\/sin categor\u00eda\\\/pedal-behringer-nr300-noise-reducer\\\/#primaryimage\",\"url\":\"https:\\\/\\\/www.mexicanguitarplayers.com\\\/wp-content\\\/uploads\\\/2025\\\/04\\\/VABEHNR300.jpg\",\"contentUrl\":\"https:\\\/\\\/www.mexicanguitarplayers.com\\\/wp-content\\\/uploads\\\/2025\\\/04\\\/VABEHNR300.jpg\",\"width\":1200,\"height\":1200},{\"@type\":\"BreadcrumbList\",\"@id\":\"https:\\\/\\\/www.mexicanguitarplayers.com\\\/tienda\\\/sin categor\u00eda\\\/pedal-behringer-nr300-noise-reducer\\\/#breadcrumb\",\"itemListElement\":[{\"@type\":\"ListItem\",\"position\":1,\"name\":\"Portada\",\"item\":\"https:\\\/\\\/www.mexicanguitarplayers.com\\\/\"},{\"@type\":\"ListItem\",\"position\":2,\"name\":\"Tienda\",\"item\":\"https:\\\/\\\/www.mexicanguitarplayers.com\\\/tienda\\\/\"},{\"@type\":\"ListItem\",\"position\":3,\"name\":\"PEDAL BEHRINGER NR300 NOISE REDUCER\"}]},{\"@type\":\"WebSite\",\"@id\":\"https:\\\/\\\/www.mexicanguitarplayers.com\\\/#website\",\"url\":\"https:\\\/\\\/www.mexicanguitarplayers.com\\\/\",\"name\":\"Mexican Guitar Players\",\"description\":\"Website\",\"publisher\":{\"@id\":\"https:\\\/\\\/www.mexicanguitarplayers.com\\\/#organization\"},\"potentialAction\":[{\"@type\":\"SearchAction\",\"target\":{\"@type\":\"EntryPoint\",\"urlTemplate\":\"https:\\\/\\\/www.mexicanguitarplayers.com\\\/?s={search_term_string}\"},\"query-input\":{\"@type\":\"PropertyValueSpecification\",\"valueRequired\":true,\"valueName\":\"search_term_string\"}}],\"inLanguage\":\"en-US\"},{\"@type\":\"Organization\",\"@id\":\"https:\\\/\\\/www.mexicanguitarplayers.com\\\/#organization\",\"name\":\"Mexican Guitar Players\",\"url\":\"https:\\\/\\\/www.mexicanguitarplayers.com\\\/\",\"logo\":{\"@type\":\"ImageObject\",\"inLanguage\":\"en-US\",\"@id\":\"https:\\\/\\\/www.mexicanguitarplayers.com\\\/#\\\/schema\\\/logo\\\/image\\\/\",\"url\":\"\",\"contentUrl\":\"\",\"caption\":\"Mexican Guitar Players\"},\"image\":{\"@id\":\"https:\\\/\\\/www.mexicanguitarplayers.com\\\/#\\\/schema\\\/logo\\\/image\\\/\"}}]}<\/script>\n<!-- \/ Yoast SEO plugin. -->","yoast_head_json":{"title":"PEDAL BEHRINGER NR300 NOISE REDUCER - Mexican Guitar Players","description":"Pedal de reducci\u00f3n de ruido para guitarra, elimina con eficacia el ruido no deseado y el zumbido sin alterar el sonido de tu guitarra, preserva el ataque original y deja tu din\u00e1mica intacta, controles dedicados Threshold y Decay y un bot\u00f3nMute para una flexibilidad impresionante, loop de env\u00edo\/retorno adicional para supresi\u00f3n de ruido de unidades de efecto externas, LED de estado para activar y desactivar el efecto y checar la bater\u00eda, funciona con una pila de 9V o con un adaptador de corriente PSU-SB DC de Behringer (no incluido), interruptor On\/Off deprimera clase para mayor integridad de la se\u00f1al en modo bypass, dimensiones: 54x 70 x 123 mm, pes. 0.33 kg.","robots":{"index":"index","follow":"follow","max-snippet":"max-snippet:-1","max-image-preview":"max-image-preview:large","max-video-preview":"max-video-preview:-1"},"canonical":"https:\/\/www.mexicanguitarplayers.com\/en\/tienda\/sin categor\u00eda\/pedal-behringer-nr300-noise-reducer\/","og_locale":"en_US","og_type":"article","og_title":"PEDAL BEHRINGER NR300 NOISE REDUCER - Mexican Guitar Players","og_description":"Pedal de reducci\u00f3n de ruido para guitarra, elimina con eficacia el ruido no deseado y el zumbido sin alterar el sonido de tu guitarra, preserva el ataque original y deja tu din\u00e1mica intacta, controles dedicados Threshold y Decay y un bot\u00f3nMute para una flexibilidad impresionante, loop de env\u00edo\/retorno adicional para supresi\u00f3n de ruido de unidades de efecto externas, LED de estado para activar y desactivar el efecto y checar la bater\u00eda, funciona con una pila de 9V o con un adaptador de corriente PSU-SB DC de Behringer (no incluido), interruptor On\/Off deprimera clase para mayor integridad de la se\u00f1al en modo bypass, dimensiones: 54x 70 x 123 mm, pes. 0.33 kg.","og_url":"https:\/\/www.mexicanguitarplayers.com\/en\/tienda\/sin categor\u00eda\/pedal-behringer-nr300-noise-reducer\/","og_site_name":"Mexican Guitar Players","article_modified_time":"2026-04-10T10:36:53+00:00","twitter_card":"summary_large_image","twitter_misc":{"Est. reading time":"1 minute"},"schema":{"@context":"https:\/\/schema.org","@graph":[{"@type":["WebPage","ItemPage"],"@id":"https:\/\/www.mexicanguitarplayers.com\/tienda\/sin categor\u00eda\/pedal-behringer-nr300-noise-reducer\/","url":"https:\/\/www.mexicanguitarplayers.com\/tienda\/sin categor\u00eda\/pedal-behringer-nr300-noise-reducer\/","name":"PEDAL BEHRINGER NR300 NOISE REDUCER - Mexican Guitar Players","isPartOf":{"@id":"https:\/\/www.mexicanguitarplayers.com\/#website"},"primaryImageOfPage":{"@id":"https:\/\/www.mexicanguitarplayers.com\/tienda\/sin categor\u00eda\/pedal-behringer-nr300-noise-reducer\/#primaryimage"},"image":{"@id":"https:\/\/www.mexicanguitarplayers.com\/tienda\/sin categor\u00eda\/pedal-behringer-nr300-noise-reducer\/#primaryimage"},"thumbnailUrl":"https:\/\/www.mexicanguitarplayers.com\/wp-content\/uploads\/2025\/04\/VABEHNR300.jpg","datePublished":"2025-04-08T17:17:33+00:00","dateModified":"2026-04-10T10:36:53+00:00","description":"Pedal de reducci\u00f3n de ruido para guitarra, elimina con eficacia el ruido no deseado y el zumbido sin alterar el sonido de tu guitarra, preserva el ataque original y deja tu din\u00e1mica intacta, controles dedicados Threshold y Decay y un bot\u00f3nMute para una flexibilidad impresionante, loop de env\u00edo\/retorno adicional para supresi\u00f3n de ruido de unidades de efecto externas, LED de estado para activar y desactivar el efecto y checar la bater\u00eda, funciona con una pila de 9V o con un adaptador de corriente PSU-SB DC de Behringer (no incluido), interruptor On\/Off deprimera clase para mayor integridad de la se\u00f1al en modo bypass, dimensiones: 54x 70 x 123 mm, pes. 0.33 kg.","breadcrumb":{"@id":"https:\/\/www.mexicanguitarplayers.com\/tienda\/sin categor\u00eda\/pedal-behringer-nr300-noise-reducer\/#breadcrumb"},"inLanguage":"en-US","potentialAction":[{"@type":"ReadAction","target":["https:\/\/www.mexicanguitarplayers.com\/tienda\/sin categor\u00eda\/pedal-behringer-nr300-noise-reducer\/"]}]},{"@type":"ImageObject","inLanguage":"en-US","@id":"https:\/\/www.mexicanguitarplayers.com\/tienda\/sin categor\u00eda\/pedal-behringer-nr300-noise-reducer\/#primaryimage","url":"https:\/\/www.mexicanguitarplayers.com\/wp-content\/uploads\/2025\/04\/VABEHNR300.jpg","contentUrl":"https:\/\/www.mexicanguitarplayers.com\/wp-content\/uploads\/2025\/04\/VABEHNR300.jpg","width":1200,"height":1200},{"@type":"BreadcrumbList","@id":"https:\/\/www.mexicanguitarplayers.com\/tienda\/sin categor\u00eda\/pedal-behringer-nr300-noise-reducer\/#breadcrumb","itemListElement":[{"@type":"ListItem","position":1,"name":"Portada","item":"https:\/\/www.mexicanguitarplayers.com\/"},{"@type":"ListItem","position":2,"name":"Tienda","item":"https:\/\/www.mexicanguitarplayers.com\/tienda\/"},{"@type":"ListItem","position":3,"name":"PEDAL BEHRINGER NR300 NOISE REDUCER"}]},{"@type":"WebSite","@id":"https:\/\/www.mexicanguitarplayers.com\/#website","url":"https:\/\/www.mexicanguitarplayers.com\/","name":"Mexican Guitar Players","description":"Website","publisher":{"@id":"https:\/\/www.mexicanguitarplayers.com\/#organization"},"potentialAction":[{"@type":"SearchAction","target":{"@type":"EntryPoint","urlTemplate":"https:\/\/www.mexicanguitarplayers.com\/?s={search_term_string}"},"query-input":{"@type":"PropertyValueSpecification","valueRequired":true,"valueName":"search_term_string"}}],"inLanguage":"en-US"},{"@type":"Organization","@id":"https:\/\/www.mexicanguitarplayers.com\/#organization","name":"Mexican Guitar Players","url":"https:\/\/www.mexicanguitarplayers.com\/","logo":{"@type":"ImageObject","inLanguage":"en-US","@id":"https:\/\/www.mexicanguitarplayers.com\/#\/schema\/logo\/image\/","url":"","contentUrl":"","caption":"Mexican Guitar Players"},"image":{"@id":"https:\/\/www.mexicanguitarplayers.com\/#\/schema\/logo\/image\/"}}]}},"brands":[{"id":171,"name":"BEHRINGER","slug":"behringer"}],"_links":{"self":[{"href":"https:\/\/www.mexicanguitarplayers.com\/en\/wp-json\/wp\/v2\/product\/30511","targetHints":{"allow":["GET"]}}],"collection":[{"href":"https:\/\/www.mexicanguitarplayers.com\/en\/wp-json\/wp\/v2\/product"}],"about":[{"href":"https:\/\/www.mexicanguitarplayers.com\/en\/wp-json\/wp\/v2\/types\/product"}],"replies":[{"embeddable":true,"href":"https:\/\/www.mexicanguitarplayers.com\/en\/wp-json\/wp\/v2\/comments?post=30511"}],"wp:featuredmedia":[{"embeddable":true,"href":"https:\/\/www.mexicanguitarplayers.com\/en\/wp-json\/wp\/v2\/media\/30508"}],"wp:attachment":[{"href":"https:\/\/www.mexicanguitarplayers.com\/en\/wp-json\/wp\/v2\/media?parent=30511"}],"wp:term":[{"taxonomy":"pwb-brand","embeddable":true,"href":"https:\/\/www.mexicanguitarplayers.com\/en\/wp-json\/wp\/v2\/pwb-brand?post=30511"},{"taxonomy":"product_brand","embeddable":true,"href":"https:\/\/www.mexicanguitarplayers.com\/en\/wp-json\/wp\/v2\/product_brand?post=30511"},{"taxonomy":"product_cat","embeddable":true,"href":"https:\/\/www.mexicanguitarplayers.com\/en\/wp-json\/wp\/v2\/product_cat?post=30511"},{"taxonomy":"product_tag","embeddable":true,"href":"https:\/\/www.mexicanguitarplayers.com\/en\/wp-json\/wp\/v2\/product_tag?post=30511"}],"curies":[{"name":"wp","href":"https:\/\/api.w.org\/{rel}","templated":true}]}}