{"id":30532,"date":"2025-04-08T11:18:19","date_gmt":"2025-04-08T17:18:19","guid":{"rendered":"https:\/\/www.mexicanguitarplayers.com\/tienda\/sin categor\u00eda\/probador-cables-behringer-mod-ct-200\/"},"modified":"2026-05-01T07:25:04","modified_gmt":"2026-05-01T13:25:04","slug":"probador-cables-behringer-mod-ct-200","status":"publish","type":"product","link":"https:\/\/www.mexicanguitarplayers.com\/en\/tienda\/accesorios\/para-audio\/probador-de-cables\/probador-cables-behringer-mod-ct-200\/","title":{"rendered":"PROBADOR CABLES BEHRINGER MOD. CT-200"},"content":{"rendered":"<div style=\"text-align: justify\">\n<div>\n<h3>No limites tu seguridad en el escenario.<\/h3>\n<\/div>\n<div>Aseg\u00farate de que todo tu arsenal de cables est\u00e1 en buen estado con el invaluable probador de cables CT200 de Behringer. Esta incre\u00edble soluci\u00f3n portable es una herramienta imprescindible tanto para m\u00fasicos como para ingenieros de audio. Este probador acepta todos los tipos de cable que pueden utilizarse en una grabaci\u00f3n o en alguna situaci\u00f3n en vivo: XLR, Speakon*, TRS (\u00bc&#8221;, 1\/8&#8243;), RCA, RJ45, MIDI y USB. Escoge entre 3 modos de diagn\u00f3stico: Test de cable, Prueba de cable instalado o Tono. El CT200 puede checar continuidad, intermitencia o cortos, presencia de phantom y tierra. Debido a que esta pr\u00e1ctica herramienta funciona con dos pilas AA, se puede llevar en el bolsillo para poder solucionar cualquier problema en cualquier momento.<\/div>\n<div>\n<h4>Quick look<\/h4>\n<\/div>\n<ul style=\"margin: 0px 0px 0px 25px\">\n<li style=\"list-style-type: circle;margin: 5px\">3 modos.<\/li>\n<li style=\"list-style-type: circle;margin: 5px\">Tipo de conectores.<\/li>\n<li style=\"list-style-type: circle;margin: 5px\">Funcionamiento.<\/li>\n<li style=\"list-style-type: circle;margin: 5px\">Pruebas.<\/li>\n<li style=\"list-style-type: circle;margin: 5px\">Generador de test de tono.<\/li>\n<li style=\"list-style-type: circle;margin: 5px\">Energy.<\/li>\n<\/ul>\n<div>\n<div style=\"font-weight: bold\">3 modos.<\/div>\n<div>\n<p>Cable, prueba de cable instalado y modo de test de tono.<\/p>\n<\/div>\n<div style=\"font-weight: bold\">Tipo de conectores.<\/div>\n<div>\n<p>XLR, Speakon*, TRS (1\/4&#8243;, 1\/8&#8243;), RCA, RJ45, MIDI y USB.<\/p>\n<\/div>\n<div style=\"font-weight: bold\">Funcionamiento.<\/div>\n<div>\n<p>Operaci\u00f3n sencilla e intuitiva con pantalla LED.<\/p>\n<\/div>\n<div style=\"font-weight: bold\">Pruebas.<\/div>\n<div>\n<p>Control de continuidad y detecci\u00f3n de contacto intermitente. Potencia phantom y verificaci\u00f3n de tierra.<\/p>\n<\/div>\n<div style=\"font-weight: bold\">Generador de test de tono.<\/div>\n<div>\n<p>1 kHz o 440 Hz a +4 dBu, -10 dBV o -50 dBV.<\/p>\n<\/div>\n<div style=\"font-weight: bold\">Energy.<\/div>\n<div>\n<p>Funciona con 2 bater\u00edas AA (no incluidas).<\/p>\n<\/div>\n<\/div>\n<\/div>","protected":false},"excerpt":{"rendered":"<p>Probador de cables con 3 modos: Cable, prueba de cable instalado y modo de test de tono, acepta todos los conectores est\u00e1ndar: XLR, Speakon*, TRS (1\/4\u201d, 1\/8\u201d),RCA, RJ45, MIDI y USB, operaci\u00f3n sencilla e intuitiva con pantalla LED, control de continuidad y detecci\u00f3n de contacto intermitente, potencia phantom y verificaci\u00f3n de tierra, generador de test de tono: 1 kHz o 440 Hz a +4 dBu, -10 dBV o -50 dBV, funciona con 2 bater\u00edas AA (no incluidas), hecho en Alemania.&hellip; <a class=\"kt-excerpt-readmore more-link\" href=\"https:\/\/www.mexicanguitarplayers.com\/en\/tienda\/accesorios\/para-audio\/probador-de-cables\/probador-cables-behringer-mod-ct-200\/\">Read more<\/a><\/p>","protected":false},"featured_media":30526,"comment_status":"open","ping_status":"closed","template":"","meta":{"kt_blocks_editor_width":""},"pwb-brand":[171],"product_brand":[],"product_cat":[85,410,508],"product_tag":[],"class_list":{"0":"post-30532","1":"product","2":"type-product","3":"status-publish","4":"has-post-thumbnail","6":"pwb-brand-behringer","7":"product_cat-accesorios","8":"product_cat-para-audio","9":"product_cat-probador-de-cables","10":"product_shipping_class-0-5-kg","12":"first","13":"instock","14":"taxable","15":"shipping-taxable","16":"purchasable","17":"product-type-simple"},"yoast_head":"<!-- This site is optimized with the Yoast SEO plugin v27.5 - https:\/\/yoast.com\/product\/yoast-seo-wordpress\/ -->\n<title>PROBADOR CABLES BEHRINGER MOD. CT-200 - Mexican Guitar Players<\/title>\n<meta name=\"description\" content=\"Probador de cables con 3 modos: Cable, prueba de cable instalado y modo de test de tono, acepta todos los conectores est\u00e1ndar: XLR, Speakon*, TRS (1\/4\u201d, 1\/8\u201d),RCA, RJ45, MIDI y USB, operaci\u00f3n sencilla e intuitiva con pantalla LED, control de continuidad y detecci\u00f3n de contacto intermitente, potencia phantom y verificaci\u00f3n de tierra, generador de test de tono: 1 kHz o 440 Hz a +4 dBu, -10 dBV o -50 dBV, funciona con 2 bater\u00edas AA (no incluidas), hecho en Alemania.\" \/>\n<meta name=\"robots\" content=\"index, follow, max-snippet:-1, max-image-preview:large, max-video-preview:-1\" \/>\n<link rel=\"canonical\" href=\"https:\/\/www.mexicanguitarplayers.com\/en\/tienda\/sin%20categor\u00eda\/probador-cables-behringer-mod-ct-200\/\" \/>\n<meta property=\"og:locale\" content=\"en_US\" \/>\n<meta property=\"og:type\" content=\"article\" \/>\n<meta property=\"og:title\" content=\"PROBADOR CABLES BEHRINGER MOD. CT-200 - Mexican Guitar Players\" \/>\n<meta property=\"og:description\" content=\"Probador de cables con 3 modos: Cable, prueba de cable instalado y modo de test de tono, acepta todos los conectores est\u00e1ndar: XLR, Speakon*, TRS (1\/4\u201d, 1\/8\u201d),RCA, RJ45, MIDI y USB, operaci\u00f3n sencilla e intuitiva con pantalla LED, control de continuidad y detecci\u00f3n de contacto intermitente, potencia phantom y verificaci\u00f3n de tierra, generador de test de tono: 1 kHz o 440 Hz a +4 dBu, -10 dBV o -50 dBV, funciona con 2 bater\u00edas AA (no incluidas), hecho en Alemania.\" \/>\n<meta property=\"og:url\" content=\"https:\/\/www.mexicanguitarplayers.com\/en\/tienda\/sin categor\u00eda\/probador-cables-behringer-mod-ct-200\/\" \/>\n<meta property=\"og:site_name\" content=\"Mexican Guitar Players\" \/>\n<meta property=\"article:modified_time\" content=\"2026-05-01T13:25:04+00:00\" \/>\n<meta name=\"twitter:card\" content=\"summary_large_image\" \/>\n<meta name=\"twitter:label1\" content=\"Est. reading time\" \/>\n\t<meta name=\"twitter:data1\" content=\"1 minute\" \/>\n<script type=\"application\/ld+json\" class=\"yoast-schema-graph\">{\"@context\":\"https:\\\/\\\/schema.org\",\"@graph\":[{\"@type\":[\"WebPage\",\"ItemPage\"],\"@id\":\"https:\\\/\\\/www.mexicanguitarplayers.com\\\/tienda\\\/sin categor\u00eda\\\/probador-cables-behringer-mod-ct-200\\\/\",\"url\":\"https:\\\/\\\/www.mexicanguitarplayers.com\\\/tienda\\\/sin categor\u00eda\\\/probador-cables-behringer-mod-ct-200\\\/\",\"name\":\"PROBADOR CABLES BEHRINGER MOD. CT-200 - Mexican Guitar Players\",\"isPartOf\":{\"@id\":\"https:\\\/\\\/www.mexicanguitarplayers.com\\\/#website\"},\"primaryImageOfPage\":{\"@id\":\"https:\\\/\\\/www.mexicanguitarplayers.com\\\/tienda\\\/sin categor\u00eda\\\/probador-cables-behringer-mod-ct-200\\\/#primaryimage\"},\"image\":{\"@id\":\"https:\\\/\\\/www.mexicanguitarplayers.com\\\/tienda\\\/sin categor\u00eda\\\/probador-cables-behringer-mod-ct-200\\\/#primaryimage\"},\"thumbnailUrl\":\"https:\\\/\\\/www.mexicanguitarplayers.com\\\/wp-content\\\/uploads\\\/2025\\\/04\\\/VABEHCT200.jpg\",\"datePublished\":\"2025-04-08T17:18:19+00:00\",\"dateModified\":\"2026-05-01T13:25:04+00:00\",\"description\":\"Probador de cables con 3 modos: Cable, prueba de cable instalado y modo de test de tono, acepta todos los conectores est\u00e1ndar: XLR, Speakon*, TRS (1\\\/4\u201d, 1\\\/8\u201d),RCA, RJ45, MIDI y USB, operaci\u00f3n sencilla e intuitiva con pantalla LED, control de continuidad y detecci\u00f3n de contacto intermitente, potencia phantom y verificaci\u00f3n de tierra, generador de test de tono: 1 kHz o 440 Hz a +4 dBu, -10 dBV o -50 dBV, funciona con 2 bater\u00edas AA (no incluidas), hecho en Alemania.\",\"breadcrumb\":{\"@id\":\"https:\\\/\\\/www.mexicanguitarplayers.com\\\/tienda\\\/sin categor\u00eda\\\/probador-cables-behringer-mod-ct-200\\\/#breadcrumb\"},\"inLanguage\":\"en-US\",\"potentialAction\":[{\"@type\":\"ReadAction\",\"target\":[\"https:\\\/\\\/www.mexicanguitarplayers.com\\\/tienda\\\/sin categor\u00eda\\\/probador-cables-behringer-mod-ct-200\\\/\"]}]},{\"@type\":\"ImageObject\",\"inLanguage\":\"en-US\",\"@id\":\"https:\\\/\\\/www.mexicanguitarplayers.com\\\/tienda\\\/sin categor\u00eda\\\/probador-cables-behringer-mod-ct-200\\\/#primaryimage\",\"url\":\"https:\\\/\\\/www.mexicanguitarplayers.com\\\/wp-content\\\/uploads\\\/2025\\\/04\\\/VABEHCT200.jpg\",\"contentUrl\":\"https:\\\/\\\/www.mexicanguitarplayers.com\\\/wp-content\\\/uploads\\\/2025\\\/04\\\/VABEHCT200.jpg\",\"width\":1200,\"height\":1200},{\"@type\":\"BreadcrumbList\",\"@id\":\"https:\\\/\\\/www.mexicanguitarplayers.com\\\/tienda\\\/sin categor\u00eda\\\/probador-cables-behringer-mod-ct-200\\\/#breadcrumb\",\"itemListElement\":[{\"@type\":\"ListItem\",\"position\":1,\"name\":\"Portada\",\"item\":\"https:\\\/\\\/www.mexicanguitarplayers.com\\\/\"},{\"@type\":\"ListItem\",\"position\":2,\"name\":\"Tienda\",\"item\":\"https:\\\/\\\/www.mexicanguitarplayers.com\\\/tienda\\\/\"},{\"@type\":\"ListItem\",\"position\":3,\"name\":\"PROBADOR CABLES BEHRINGER MOD. CT-200\"}]},{\"@type\":\"WebSite\",\"@id\":\"https:\\\/\\\/www.mexicanguitarplayers.com\\\/#website\",\"url\":\"https:\\\/\\\/www.mexicanguitarplayers.com\\\/\",\"name\":\"Mexican Guitar Players\",\"description\":\"Website\",\"publisher\":{\"@id\":\"https:\\\/\\\/www.mexicanguitarplayers.com\\\/#organization\"},\"potentialAction\":[{\"@type\":\"SearchAction\",\"target\":{\"@type\":\"EntryPoint\",\"urlTemplate\":\"https:\\\/\\\/www.mexicanguitarplayers.com\\\/?s={search_term_string}\"},\"query-input\":{\"@type\":\"PropertyValueSpecification\",\"valueRequired\":true,\"valueName\":\"search_term_string\"}}],\"inLanguage\":\"en-US\"},{\"@type\":\"Organization\",\"@id\":\"https:\\\/\\\/www.mexicanguitarplayers.com\\\/#organization\",\"name\":\"Mexican Guitar Players\",\"url\":\"https:\\\/\\\/www.mexicanguitarplayers.com\\\/\",\"logo\":{\"@type\":\"ImageObject\",\"inLanguage\":\"en-US\",\"@id\":\"https:\\\/\\\/www.mexicanguitarplayers.com\\\/#\\\/schema\\\/logo\\\/image\\\/\",\"url\":\"\",\"contentUrl\":\"\",\"caption\":\"Mexican Guitar Players\"},\"image\":{\"@id\":\"https:\\\/\\\/www.mexicanguitarplayers.com\\\/#\\\/schema\\\/logo\\\/image\\\/\"}}]}<\/script>\n<!-- \/ Yoast SEO plugin. -->","yoast_head_json":{"title":"PROBADOR CABLES BEHRINGER MOD. CT-200 - Mexican Guitar Players","description":"Probador de cables con 3 modos: Cable, prueba de cable instalado y modo de test de tono, acepta todos los conectores est\u00e1ndar: XLR, Speakon*, TRS (1\/4\u201d, 1\/8\u201d),RCA, RJ45, MIDI y USB, operaci\u00f3n sencilla e intuitiva con pantalla LED, control de continuidad y detecci\u00f3n de contacto intermitente, potencia phantom y verificaci\u00f3n de tierra, generador de test de tono: 1 kHz o 440 Hz a +4 dBu, -10 dBV o -50 dBV, funciona con 2 bater\u00edas AA (no incluidas), hecho en Alemania.","robots":{"index":"index","follow":"follow","max-snippet":"max-snippet:-1","max-image-preview":"max-image-preview:large","max-video-preview":"max-video-preview:-1"},"canonical":"https:\/\/www.mexicanguitarplayers.com\/en\/tienda\/sin categor\u00eda\/probador-cables-behringer-mod-ct-200\/","og_locale":"en_US","og_type":"article","og_title":"PROBADOR CABLES BEHRINGER MOD. CT-200 - Mexican Guitar Players","og_description":"Probador de cables con 3 modos: Cable, prueba de cable instalado y modo de test de tono, acepta todos los conectores est\u00e1ndar: XLR, Speakon*, TRS (1\/4\u201d, 1\/8\u201d),RCA, RJ45, MIDI y USB, operaci\u00f3n sencilla e intuitiva con pantalla LED, control de continuidad y detecci\u00f3n de contacto intermitente, potencia phantom y verificaci\u00f3n de tierra, generador de test de tono: 1 kHz o 440 Hz a +4 dBu, -10 dBV o -50 dBV, funciona con 2 bater\u00edas AA (no incluidas), hecho en Alemania.","og_url":"https:\/\/www.mexicanguitarplayers.com\/en\/tienda\/sin categor\u00eda\/probador-cables-behringer-mod-ct-200\/","og_site_name":"Mexican Guitar Players","article_modified_time":"2026-05-01T13:25:04+00:00","twitter_card":"summary_large_image","twitter_misc":{"Est. reading time":"1 minute"},"schema":{"@context":"https:\/\/schema.org","@graph":[{"@type":["WebPage","ItemPage"],"@id":"https:\/\/www.mexicanguitarplayers.com\/tienda\/sin categor\u00eda\/probador-cables-behringer-mod-ct-200\/","url":"https:\/\/www.mexicanguitarplayers.com\/tienda\/sin categor\u00eda\/probador-cables-behringer-mod-ct-200\/","name":"PROBADOR CABLES BEHRINGER MOD. CT-200 - Mexican Guitar Players","isPartOf":{"@id":"https:\/\/www.mexicanguitarplayers.com\/#website"},"primaryImageOfPage":{"@id":"https:\/\/www.mexicanguitarplayers.com\/tienda\/sin categor\u00eda\/probador-cables-behringer-mod-ct-200\/#primaryimage"},"image":{"@id":"https:\/\/www.mexicanguitarplayers.com\/tienda\/sin categor\u00eda\/probador-cables-behringer-mod-ct-200\/#primaryimage"},"thumbnailUrl":"https:\/\/www.mexicanguitarplayers.com\/wp-content\/uploads\/2025\/04\/VABEHCT200.jpg","datePublished":"2025-04-08T17:18:19+00:00","dateModified":"2026-05-01T13:25:04+00:00","description":"Probador de cables con 3 modos: Cable, prueba de cable instalado y modo de test de tono, acepta todos los conectores est\u00e1ndar: XLR, Speakon*, TRS (1\/4\u201d, 1\/8\u201d),RCA, RJ45, MIDI y USB, operaci\u00f3n sencilla e intuitiva con pantalla LED, control de continuidad y detecci\u00f3n de contacto intermitente, potencia phantom y verificaci\u00f3n de tierra, generador de test de tono: 1 kHz o 440 Hz a +4 dBu, -10 dBV o -50 dBV, funciona con 2 bater\u00edas AA (no incluidas), hecho en Alemania.","breadcrumb":{"@id":"https:\/\/www.mexicanguitarplayers.com\/tienda\/sin categor\u00eda\/probador-cables-behringer-mod-ct-200\/#breadcrumb"},"inLanguage":"en-US","potentialAction":[{"@type":"ReadAction","target":["https:\/\/www.mexicanguitarplayers.com\/tienda\/sin categor\u00eda\/probador-cables-behringer-mod-ct-200\/"]}]},{"@type":"ImageObject","inLanguage":"en-US","@id":"https:\/\/www.mexicanguitarplayers.com\/tienda\/sin categor\u00eda\/probador-cables-behringer-mod-ct-200\/#primaryimage","url":"https:\/\/www.mexicanguitarplayers.com\/wp-content\/uploads\/2025\/04\/VABEHCT200.jpg","contentUrl":"https:\/\/www.mexicanguitarplayers.com\/wp-content\/uploads\/2025\/04\/VABEHCT200.jpg","width":1200,"height":1200},{"@type":"BreadcrumbList","@id":"https:\/\/www.mexicanguitarplayers.com\/tienda\/sin categor\u00eda\/probador-cables-behringer-mod-ct-200\/#breadcrumb","itemListElement":[{"@type":"ListItem","position":1,"name":"Portada","item":"https:\/\/www.mexicanguitarplayers.com\/"},{"@type":"ListItem","position":2,"name":"Tienda","item":"https:\/\/www.mexicanguitarplayers.com\/tienda\/"},{"@type":"ListItem","position":3,"name":"PROBADOR CABLES BEHRINGER MOD. CT-200"}]},{"@type":"WebSite","@id":"https:\/\/www.mexicanguitarplayers.com\/#website","url":"https:\/\/www.mexicanguitarplayers.com\/","name":"Mexican Guitar Players","description":"Website","publisher":{"@id":"https:\/\/www.mexicanguitarplayers.com\/#organization"},"potentialAction":[{"@type":"SearchAction","target":{"@type":"EntryPoint","urlTemplate":"https:\/\/www.mexicanguitarplayers.com\/?s={search_term_string}"},"query-input":{"@type":"PropertyValueSpecification","valueRequired":true,"valueName":"search_term_string"}}],"inLanguage":"en-US"},{"@type":"Organization","@id":"https:\/\/www.mexicanguitarplayers.com\/#organization","name":"Mexican Guitar Players","url":"https:\/\/www.mexicanguitarplayers.com\/","logo":{"@type":"ImageObject","inLanguage":"en-US","@id":"https:\/\/www.mexicanguitarplayers.com\/#\/schema\/logo\/image\/","url":"","contentUrl":"","caption":"Mexican Guitar Players"},"image":{"@id":"https:\/\/www.mexicanguitarplayers.com\/#\/schema\/logo\/image\/"}}]}},"brands":[{"id":171,"name":"BEHRINGER","slug":"behringer"}],"_links":{"self":[{"href":"https:\/\/www.mexicanguitarplayers.com\/en\/wp-json\/wp\/v2\/product\/30532","targetHints":{"allow":["GET"]}}],"collection":[{"href":"https:\/\/www.mexicanguitarplayers.com\/en\/wp-json\/wp\/v2\/product"}],"about":[{"href":"https:\/\/www.mexicanguitarplayers.com\/en\/wp-json\/wp\/v2\/types\/product"}],"replies":[{"embeddable":true,"href":"https:\/\/www.mexicanguitarplayers.com\/en\/wp-json\/wp\/v2\/comments?post=30532"}],"wp:featuredmedia":[{"embeddable":true,"href":"https:\/\/www.mexicanguitarplayers.com\/en\/wp-json\/wp\/v2\/media\/30526"}],"wp:attachment":[{"href":"https:\/\/www.mexicanguitarplayers.com\/en\/wp-json\/wp\/v2\/media?parent=30532"}],"wp:term":[{"taxonomy":"pwb-brand","embeddable":true,"href":"https:\/\/www.mexicanguitarplayers.com\/en\/wp-json\/wp\/v2\/pwb-brand?post=30532"},{"taxonomy":"product_brand","embeddable":true,"href":"https:\/\/www.mexicanguitarplayers.com\/en\/wp-json\/wp\/v2\/product_brand?post=30532"},{"taxonomy":"product_cat","embeddable":true,"href":"https:\/\/www.mexicanguitarplayers.com\/en\/wp-json\/wp\/v2\/product_cat?post=30532"},{"taxonomy":"product_tag","embeddable":true,"href":"https:\/\/www.mexicanguitarplayers.com\/en\/wp-json\/wp\/v2\/product_tag?post=30532"}],"curies":[{"name":"wp","href":"https:\/\/api.w.org\/{rel}","templated":true}]}}