{"id":30549,"date":"2025-04-08T11:18:43","date_gmt":"2025-04-08T17:18:43","guid":{"rendered":"https:\/\/www.mexicanguitarplayers.com\/tienda\/sin categor\u00eda\/combo-cruzer-p-guitarra-mod-cr-15g\/"},"modified":"2026-04-10T04:36:48","modified_gmt":"2026-04-10T10:36:48","slug":"combo-cruzer-p-guitarra-mod-cr-15g","status":"publish","type":"product","link":"https:\/\/www.mexicanguitarplayers.com\/en\/tienda\/cuerdas\/combos\/combos-para-guitarra\/combo-cruzer-p-guitarra-mod-cr-15g\/","title":{"rendered":"COMBO CRUZER  P\/GUITARRA  MOD. CR-15G"},"content":{"rendered":"<div style=\"text-align: justify\">\n<div>\n<h3>El combo ideal para viajar.<\/h3>\n<\/div>\n<div>El  CR15G combo para guitarra de  Cruiser, seas principiante o  avanzado   tendr\u00e1s  la potencia que  estas  buscando, 15W puros, funcional para practicas personales y ensayos en lugares peque\u00f1os. Brillo, definici\u00f3n y nitidez en cualquiera de tus ejecuciones y lo  mejor es que no hallar\u00e1s saturaci\u00f3n. Fidelidad en cada nota, en cada ritmo, en cada pieza, en cada solo. Ideal para cualquier g\u00e9nero, definici\u00f3n perfecta segundo a segundo. Ideal para cualquier estilo. F\u00e1cil de transportar. Gran variedad en bajos y guitarras el\u00e9ctricas con formas tradicionales y vanguardistas con los mejores componentes del mercado. Guitarras cl\u00e1sicas, ac\u00fasticas y electroac\u00fasticas en bellos dise\u00f1os concebidos por los artesanos de Crafter Guitars empleando maderas finas y la mejor mano de obra. Combos para bajo y guitarra el\u00e9ctrica, guitarras ac\u00fasticas y bajos. Pedales de efectos y afinadores de gran calidad y precisi\u00f3n, todo con el respaldo de Crafter Guitars. <\/div>\n<div>\n<h4>Quick look<\/h4>\n<\/div>\n<ul style=\"margin: 0px 0px 0px 25px\">\n<li style=\"list-style-type: circle;margin: 5px\">Entrada para aud\u00edfonos. <\/li>\n<li style=\"list-style-type: circle;margin: 5px\">Volumen maestro. <\/li>\n<\/ul>\n<div>\n<div style=\"font-weight: bold\">Entrada para aud\u00edfonos. <\/div>\n<div>\n<p>La entra da para aud\u00edfonos es sumamente \u00fatil para la practica personal o verificar  a detalle efectos externos, riff imprecisos y frases. <\/p>\n<\/div>\n<div style=\"font-weight: bold\">Volumen maestro. <\/div>\n<div>\n<p>El volumen maestro nos permite controlar y dosificar a nuestro gusto o necesidad la cantidad que requerimos para nuestros  ensayos o presentaciones en vivo, adem\u00e1s que no interfiere con la intensidad de nuestra ganancia.<\/p>\n<\/div>\n<\/div>\n<\/div>","protected":false},"excerpt":{"rendered":"<p>Amplificador para guitarra 15 Watts RMS, 1 entrada, volumen maestro,  Pre EQ de3 bandas, entrada para aud\u00edfonos.&hellip; <a class=\"kt-excerpt-readmore more-link\" href=\"https:\/\/www.mexicanguitarplayers.com\/en\/tienda\/cuerdas\/combos\/combos-para-guitarra\/combo-cruzer-p-guitarra-mod-cr-15g\/\">Read more<\/a><\/p>","protected":false},"featured_media":30548,"comment_status":"open","ping_status":"closed","template":"","meta":{"kt_blocks_editor_width":""},"pwb-brand":[259],"product_brand":[],"product_cat":[236,237,224],"product_tag":[],"class_list":{"0":"post-30549","1":"product","2":"type-product","3":"status-publish","4":"has-post-thumbnail","6":"pwb-brand-cruzer","7":"product_cat-combos","8":"product_cat-combos-para-guitarra","9":"product_cat-cuerdas","10":"product_shipping_class-5-10-kg","12":"first","13":"outofstock","14":"taxable","15":"shipping-taxable","16":"purchasable","17":"product-type-simple"},"yoast_head":"<!-- This site is optimized with the Yoast SEO plugin v27.5 - https:\/\/yoast.com\/product\/yoast-seo-wordpress\/ -->\n<title>COMBO CRUZER P\/GUITARRA MOD. CR-15G - Mexican Guitar Players<\/title>\n<meta name=\"description\" content=\"Amplificador para guitarra 15 Watts RMS, 1 entrada, volumen maestro, Pre EQ de3 bandas, entrada para aud\u00edfonos.\" \/>\n<meta name=\"robots\" content=\"index, follow, max-snippet:-1, max-image-preview:large, max-video-preview:-1\" \/>\n<link rel=\"canonical\" href=\"https:\/\/www.mexicanguitarplayers.com\/en\/tienda\/sin%20categor\u00eda\/combo-cruzer-p-guitarra-mod-cr-15g\/\" \/>\n<meta property=\"og:locale\" content=\"en_US\" \/>\n<meta property=\"og:type\" content=\"article\" \/>\n<meta property=\"og:title\" content=\"COMBO CRUZER P\/GUITARRA MOD. CR-15G - Mexican Guitar Players\" \/>\n<meta property=\"og:description\" content=\"Amplificador para guitarra 15 Watts RMS, 1 entrada, volumen maestro, Pre EQ de3 bandas, entrada para aud\u00edfonos.\" \/>\n<meta property=\"og:url\" content=\"https:\/\/www.mexicanguitarplayers.com\/en\/tienda\/sin categor\u00eda\/combo-cruzer-p-guitarra-mod-cr-15g\/\" \/>\n<meta property=\"og:site_name\" content=\"Mexican Guitar Players\" \/>\n<meta property=\"article:modified_time\" content=\"2026-04-10T10:36:48+00:00\" \/>\n<meta name=\"twitter:card\" content=\"summary_large_image\" \/>\n<meta name=\"twitter:label1\" content=\"Est. reading time\" \/>\n\t<meta name=\"twitter:data1\" content=\"1 minute\" \/>\n<script type=\"application\/ld+json\" class=\"yoast-schema-graph\">{\"@context\":\"https:\\\/\\\/schema.org\",\"@graph\":[{\"@type\":[\"WebPage\",\"ItemPage\"],\"@id\":\"https:\\\/\\\/www.mexicanguitarplayers.com\\\/tienda\\\/sin categor\u00eda\\\/combo-cruzer-p-guitarra-mod-cr-15g\\\/\",\"url\":\"https:\\\/\\\/www.mexicanguitarplayers.com\\\/tienda\\\/sin categor\u00eda\\\/combo-cruzer-p-guitarra-mod-cr-15g\\\/\",\"name\":\"COMBO CRUZER P\\\/GUITARRA MOD. CR-15G - Mexican Guitar Players\",\"isPartOf\":{\"@id\":\"https:\\\/\\\/www.mexicanguitarplayers.com\\\/#website\"},\"primaryImageOfPage\":{\"@id\":\"https:\\\/\\\/www.mexicanguitarplayers.com\\\/tienda\\\/sin categor\u00eda\\\/combo-cruzer-p-guitarra-mod-cr-15g\\\/#primaryimage\"},\"image\":{\"@id\":\"https:\\\/\\\/www.mexicanguitarplayers.com\\\/tienda\\\/sin categor\u00eda\\\/combo-cruzer-p-guitarra-mod-cr-15g\\\/#primaryimage\"},\"thumbnailUrl\":\"https:\\\/\\\/www.mexicanguitarplayers.com\\\/wp-content\\\/uploads\\\/2025\\\/04\\\/ICCRZCR15G.jpg\",\"datePublished\":\"2025-04-08T17:18:43+00:00\",\"dateModified\":\"2026-04-10T10:36:48+00:00\",\"description\":\"Amplificador para guitarra 15 Watts RMS, 1 entrada, volumen maestro, Pre EQ de3 bandas, entrada para aud\u00edfonos.\",\"breadcrumb\":{\"@id\":\"https:\\\/\\\/www.mexicanguitarplayers.com\\\/tienda\\\/sin categor\u00eda\\\/combo-cruzer-p-guitarra-mod-cr-15g\\\/#breadcrumb\"},\"inLanguage\":\"en-US\",\"potentialAction\":[{\"@type\":\"ReadAction\",\"target\":[\"https:\\\/\\\/www.mexicanguitarplayers.com\\\/tienda\\\/sin categor\u00eda\\\/combo-cruzer-p-guitarra-mod-cr-15g\\\/\"]}]},{\"@type\":\"ImageObject\",\"inLanguage\":\"en-US\",\"@id\":\"https:\\\/\\\/www.mexicanguitarplayers.com\\\/tienda\\\/sin categor\u00eda\\\/combo-cruzer-p-guitarra-mod-cr-15g\\\/#primaryimage\",\"url\":\"https:\\\/\\\/www.mexicanguitarplayers.com\\\/wp-content\\\/uploads\\\/2025\\\/04\\\/ICCRZCR15G.jpg\",\"contentUrl\":\"https:\\\/\\\/www.mexicanguitarplayers.com\\\/wp-content\\\/uploads\\\/2025\\\/04\\\/ICCRZCR15G.jpg\",\"width\":300,\"height\":300},{\"@type\":\"BreadcrumbList\",\"@id\":\"https:\\\/\\\/www.mexicanguitarplayers.com\\\/tienda\\\/sin categor\u00eda\\\/combo-cruzer-p-guitarra-mod-cr-15g\\\/#breadcrumb\",\"itemListElement\":[{\"@type\":\"ListItem\",\"position\":1,\"name\":\"Portada\",\"item\":\"https:\\\/\\\/www.mexicanguitarplayers.com\\\/\"},{\"@type\":\"ListItem\",\"position\":2,\"name\":\"Tienda\",\"item\":\"https:\\\/\\\/www.mexicanguitarplayers.com\\\/tienda\\\/\"},{\"@type\":\"ListItem\",\"position\":3,\"name\":\"COMBO CRUZER P\\\/GUITARRA MOD. CR-15G\"}]},{\"@type\":\"WebSite\",\"@id\":\"https:\\\/\\\/www.mexicanguitarplayers.com\\\/#website\",\"url\":\"https:\\\/\\\/www.mexicanguitarplayers.com\\\/\",\"name\":\"Mexican Guitar Players\",\"description\":\"Website\",\"publisher\":{\"@id\":\"https:\\\/\\\/www.mexicanguitarplayers.com\\\/#organization\"},\"potentialAction\":[{\"@type\":\"SearchAction\",\"target\":{\"@type\":\"EntryPoint\",\"urlTemplate\":\"https:\\\/\\\/www.mexicanguitarplayers.com\\\/?s={search_term_string}\"},\"query-input\":{\"@type\":\"PropertyValueSpecification\",\"valueRequired\":true,\"valueName\":\"search_term_string\"}}],\"inLanguage\":\"en-US\"},{\"@type\":\"Organization\",\"@id\":\"https:\\\/\\\/www.mexicanguitarplayers.com\\\/#organization\",\"name\":\"Mexican Guitar Players\",\"url\":\"https:\\\/\\\/www.mexicanguitarplayers.com\\\/\",\"logo\":{\"@type\":\"ImageObject\",\"inLanguage\":\"en-US\",\"@id\":\"https:\\\/\\\/www.mexicanguitarplayers.com\\\/#\\\/schema\\\/logo\\\/image\\\/\",\"url\":\"\",\"contentUrl\":\"\",\"caption\":\"Mexican Guitar Players\"},\"image\":{\"@id\":\"https:\\\/\\\/www.mexicanguitarplayers.com\\\/#\\\/schema\\\/logo\\\/image\\\/\"}}]}<\/script>\n<!-- \/ Yoast SEO plugin. -->","yoast_head_json":{"title":"COMBO CRUZER P\/GUITARRA MOD. CR-15G - Mexican Guitar Players","description":"Amplificador para guitarra 15 Watts RMS, 1 entrada, volumen maestro, Pre EQ de3 bandas, entrada para aud\u00edfonos.","robots":{"index":"index","follow":"follow","max-snippet":"max-snippet:-1","max-image-preview":"max-image-preview:large","max-video-preview":"max-video-preview:-1"},"canonical":"https:\/\/www.mexicanguitarplayers.com\/en\/tienda\/sin categor\u00eda\/combo-cruzer-p-guitarra-mod-cr-15g\/","og_locale":"en_US","og_type":"article","og_title":"COMBO CRUZER P\/GUITARRA MOD. CR-15G - Mexican Guitar Players","og_description":"Amplificador para guitarra 15 Watts RMS, 1 entrada, volumen maestro, Pre EQ de3 bandas, entrada para aud\u00edfonos.","og_url":"https:\/\/www.mexicanguitarplayers.com\/en\/tienda\/sin categor\u00eda\/combo-cruzer-p-guitarra-mod-cr-15g\/","og_site_name":"Mexican Guitar Players","article_modified_time":"2026-04-10T10:36:48+00:00","twitter_card":"summary_large_image","twitter_misc":{"Est. reading time":"1 minute"},"schema":{"@context":"https:\/\/schema.org","@graph":[{"@type":["WebPage","ItemPage"],"@id":"https:\/\/www.mexicanguitarplayers.com\/tienda\/sin categor\u00eda\/combo-cruzer-p-guitarra-mod-cr-15g\/","url":"https:\/\/www.mexicanguitarplayers.com\/tienda\/sin categor\u00eda\/combo-cruzer-p-guitarra-mod-cr-15g\/","name":"COMBO CRUZER P\/GUITARRA MOD. CR-15G - Mexican Guitar Players","isPartOf":{"@id":"https:\/\/www.mexicanguitarplayers.com\/#website"},"primaryImageOfPage":{"@id":"https:\/\/www.mexicanguitarplayers.com\/tienda\/sin categor\u00eda\/combo-cruzer-p-guitarra-mod-cr-15g\/#primaryimage"},"image":{"@id":"https:\/\/www.mexicanguitarplayers.com\/tienda\/sin categor\u00eda\/combo-cruzer-p-guitarra-mod-cr-15g\/#primaryimage"},"thumbnailUrl":"https:\/\/www.mexicanguitarplayers.com\/wp-content\/uploads\/2025\/04\/ICCRZCR15G.jpg","datePublished":"2025-04-08T17:18:43+00:00","dateModified":"2026-04-10T10:36:48+00:00","description":"Amplificador para guitarra 15 Watts RMS, 1 entrada, volumen maestro, Pre EQ de3 bandas, entrada para aud\u00edfonos.","breadcrumb":{"@id":"https:\/\/www.mexicanguitarplayers.com\/tienda\/sin categor\u00eda\/combo-cruzer-p-guitarra-mod-cr-15g\/#breadcrumb"},"inLanguage":"en-US","potentialAction":[{"@type":"ReadAction","target":["https:\/\/www.mexicanguitarplayers.com\/tienda\/sin categor\u00eda\/combo-cruzer-p-guitarra-mod-cr-15g\/"]}]},{"@type":"ImageObject","inLanguage":"en-US","@id":"https:\/\/www.mexicanguitarplayers.com\/tienda\/sin categor\u00eda\/combo-cruzer-p-guitarra-mod-cr-15g\/#primaryimage","url":"https:\/\/www.mexicanguitarplayers.com\/wp-content\/uploads\/2025\/04\/ICCRZCR15G.jpg","contentUrl":"https:\/\/www.mexicanguitarplayers.com\/wp-content\/uploads\/2025\/04\/ICCRZCR15G.jpg","width":300,"height":300},{"@type":"BreadcrumbList","@id":"https:\/\/www.mexicanguitarplayers.com\/tienda\/sin categor\u00eda\/combo-cruzer-p-guitarra-mod-cr-15g\/#breadcrumb","itemListElement":[{"@type":"ListItem","position":1,"name":"Portada","item":"https:\/\/www.mexicanguitarplayers.com\/"},{"@type":"ListItem","position":2,"name":"Tienda","item":"https:\/\/www.mexicanguitarplayers.com\/tienda\/"},{"@type":"ListItem","position":3,"name":"COMBO CRUZER P\/GUITARRA MOD. CR-15G"}]},{"@type":"WebSite","@id":"https:\/\/www.mexicanguitarplayers.com\/#website","url":"https:\/\/www.mexicanguitarplayers.com\/","name":"Mexican Guitar Players","description":"Website","publisher":{"@id":"https:\/\/www.mexicanguitarplayers.com\/#organization"},"potentialAction":[{"@type":"SearchAction","target":{"@type":"EntryPoint","urlTemplate":"https:\/\/www.mexicanguitarplayers.com\/?s={search_term_string}"},"query-input":{"@type":"PropertyValueSpecification","valueRequired":true,"valueName":"search_term_string"}}],"inLanguage":"en-US"},{"@type":"Organization","@id":"https:\/\/www.mexicanguitarplayers.com\/#organization","name":"Mexican Guitar Players","url":"https:\/\/www.mexicanguitarplayers.com\/","logo":{"@type":"ImageObject","inLanguage":"en-US","@id":"https:\/\/www.mexicanguitarplayers.com\/#\/schema\/logo\/image\/","url":"","contentUrl":"","caption":"Mexican Guitar Players"},"image":{"@id":"https:\/\/www.mexicanguitarplayers.com\/#\/schema\/logo\/image\/"}}]}},"brands":[{"id":259,"name":"CRUISE","slug":"cruzer"}],"_links":{"self":[{"href":"https:\/\/www.mexicanguitarplayers.com\/en\/wp-json\/wp\/v2\/product\/30549","targetHints":{"allow":["GET"]}}],"collection":[{"href":"https:\/\/www.mexicanguitarplayers.com\/en\/wp-json\/wp\/v2\/product"}],"about":[{"href":"https:\/\/www.mexicanguitarplayers.com\/en\/wp-json\/wp\/v2\/types\/product"}],"replies":[{"embeddable":true,"href":"https:\/\/www.mexicanguitarplayers.com\/en\/wp-json\/wp\/v2\/comments?post=30549"}],"wp:featuredmedia":[{"embeddable":true,"href":"https:\/\/www.mexicanguitarplayers.com\/en\/wp-json\/wp\/v2\/media\/30548"}],"wp:attachment":[{"href":"https:\/\/www.mexicanguitarplayers.com\/en\/wp-json\/wp\/v2\/media?parent=30549"}],"wp:term":[{"taxonomy":"pwb-brand","embeddable":true,"href":"https:\/\/www.mexicanguitarplayers.com\/en\/wp-json\/wp\/v2\/pwb-brand?post=30549"},{"taxonomy":"product_brand","embeddable":true,"href":"https:\/\/www.mexicanguitarplayers.com\/en\/wp-json\/wp\/v2\/product_brand?post=30549"},{"taxonomy":"product_cat","embeddable":true,"href":"https:\/\/www.mexicanguitarplayers.com\/en\/wp-json\/wp\/v2\/product_cat?post=30549"},{"taxonomy":"product_tag","embeddable":true,"href":"https:\/\/www.mexicanguitarplayers.com\/en\/wp-json\/wp\/v2\/product_tag?post=30549"}],"curies":[{"name":"wp","href":"https:\/\/api.w.org\/{rel}","templated":true}]}}