{"id":30566,"date":"2025-04-08T11:19:30","date_gmt":"2025-04-08T17:19:30","guid":{"rendered":"https:\/\/www.mexicanguitarplayers.com\/tienda\/sin categor\u00eda\/rack-gator-3-unidades-gr-retrorack-3bk\/"},"modified":"2026-04-15T04:20:09","modified_gmt":"2026-04-15T10:20:09","slug":"rack-gator-3-unidades-gr-retrorack-3bk","status":"publish","type":"product","link":"https:\/\/www.mexicanguitarplayers.com\/en\/tienda\/accesorios\/estuches-y-fundas\/cases\/rack-gator-3-unidades-gr-retrorack-3bk\/","title":{"rendered":"RACK GATOR 3 UNIDADES GR-RETRORACK-3BK"},"content":{"rendered":"<div style=\"text-align: justify\">\n<div>\n<h3>Resistente estuche vintage para tu amplificador.<\/h3>\n<\/div>\n<div>El estuche de madera de estilo cl\u00e1sico de Gator ofrece a los usuarios una combinaci\u00f3n de protecci\u00f3n fiable y la apariencia cl\u00e1sica de los amplificadores de la era de los a\u00f1os 50 y 60. Carga tu amplificador de modelado favorito, procesador de efectos o equipo de grabaci\u00f3n con hasta 3 unidades de espacio en rack y 12.5&#8243; pulgadas de profundidad en rack. Este estuche est\u00e1 envuelto con tolex negro y cuenta con un soporte debajo para inclinar el rack hacia los usuarios para evitar la flexi\u00f3n innecesaria para acceder a los controles y visibilidad. Una cubierta de polvo extra\u00edble forrada con un pa\u00f1o de parrilla estilo Salt and Pepper enmascara de forma segura tu equipo con el aspecto y el tacto de un amplificador cl\u00e1sico, junto con los espaciadores de panel de 1 y 2 unidades. Tambi\u00e9n incluye asas laterales con resorte y un asa superior de piel para permitir un f\u00e1cil levantamiento y carga y esquinas de metal para mayor estabilidad. Las patas de goma en la parte inferior proporcionan suficiente espacio para que el recinto se sienta c\u00f3modamente en amplificadores de guitarra y armarios, escritorios y otras superficies. La serie de bastidores retro de Gator ayuda a combinar sus componentes de montaje en rack modernos con los pedales de boutique y los efectos perif\u00e9ricos de su colecci\u00f3n.<\/div>\n<div>\n<h4>Quick look<\/h4>\n<\/div>\n<ul style=\"margin: 0px 0px 0px 25px\">\n<li style=\"list-style-type: circle;margin: 5px\">Dimensiones interiores.<\/li>\n<li style=\"list-style-type: circle;margin: 5px\">Dimensiones exteriores.<\/li>\n<li style=\"list-style-type: circle;margin: 5px\">Weight.<\/li>\n<\/ul>\n<div>\n<div style=\"font-weight: bold\">Dimensiones interiores.<\/div>\n<div>\n<p>Longitud interior: 19&#8243; (482.6 mm). Ancho interior: 12.5&#8243; (317.5 mm). Altura interior: 5.25&#8243; (133.35 mm).<\/p>\n<\/div>\n<div style=\"font-weight: bold\">Dimensiones exteriores.<\/div>\n<div>\n<p>Longitud exterior: 21.25&#8243; (539.75 mm). Ancho exterior: 14&#8243; (355.6 mm). Altura exterior: 8.75&#8243; (222.25 mm).<\/p>\n<\/div>\n<div style=\"font-weight: bold\">Weight.<\/div>\n<div>\n<p>6.5 kg.<\/p>\n<\/div>\n<\/div>\n<div>\n<h4>Characteristics<\/h4>\n<\/div>\n<div>\n<ul style=\"margin: 0px 0px 0px 25px\">\n<li style=\"list-style-type: circle;margin: 5px\">Rack vintage de madera.<\/li>\n<li style=\"list-style-type: circle;margin: 5px\">3 unidades de rack.<\/li>\n<li style=\"list-style-type: circle;margin: 5px\">Profundidad de 12.5&#8243; pulgadas.<\/li>\n<li style=\"list-style-type: circle;margin: 5px\">Cubierta anti polvo removible.<\/li>\n<li style=\"list-style-type: circle;margin: 5px\">Cubierta de tela con gancho.<\/li>\n<li style=\"list-style-type: circle;margin: 5px\">Asa con parilla Salt and Pepper.<\/li>\n<li style=\"list-style-type: circle;margin: 5px\">Manijas laterales con resorte.<\/li>\n<li style=\"list-style-type: circle;margin: 5px\">Asa de transporte de cuero de primera calidad.<\/li>\n<li style=\"list-style-type: circle;margin: 5px\">Patas de goma.<\/li>\n<\/ul>\n<\/div>\n<\/div>","protected":false},"excerpt":{"rendered":"<p>Rack vintage de madera de 3 unidades para amplificador, ideal para amplificadores y modeladores de guitarra, efectos y equipo de estudio, profundidad de 12.5\u201d pulgadas para acomodar equipos de montaje en rack de tama\u00f1o est\u00e1ndar, cubierta anti polvo removible cubierta de tela con gancho y asa con parilla Salt and Pepper, incluye separadores de panel de 1U y 2U con cubierta de tela a juego, kickstand en la parte inferior para inclinar el amplificador hacia arriba del usuario, manijas laterales con resorte y asa de transporte de cuero de primera calidad para levantar y cargar, patas de goma que permiten que la unidad se siente c\u00f3modamente en el amplificador, gabinete o escritorio, incluye tornillos de rack.&hellip; <a class=\"kt-excerpt-readmore more-link\" href=\"https:\/\/www.mexicanguitarplayers.com\/en\/tienda\/accesorios\/estuches-y-fundas\/cases\/rack-gator-3-unidades-gr-retrorack-3bk\/\">Read more<\/a><\/p>","protected":false},"featured_media":30550,"comment_status":"open","ping_status":"closed","template":"","meta":{"kt_blocks_editor_width":""},"pwb-brand":[572],"product_brand":[],"product_cat":[85,564,517],"product_tag":[],"class_list":{"0":"post-30566","1":"product","2":"type-product","3":"status-publish","4":"has-post-thumbnail","6":"pwb-brand-gator","7":"product_cat-accesorios","8":"product_cat-cases","9":"product_cat-estuches-y-fundas","10":"product_shipping_class-5-10-kg","12":"first","13":"outofstock","14":"taxable","15":"shipping-taxable","16":"purchasable","17":"product-type-simple"},"yoast_head":"<!-- This site is optimized with the Yoast SEO plugin v27.5 - https:\/\/yoast.com\/product\/yoast-seo-wordpress\/ -->\n<title>RACK GATOR 3 UNIDADES GR-RETRORACK-3BK - Mexican Guitar Players<\/title>\n<meta name=\"description\" content=\"Rack vintage de madera de 3 unidades para amplificador, ideal para amplificadores y modeladores de guitarra, efectos y equipo de estudio, profundidad de 12.5\u201d pulgadas para acomodar equipos de montaje en rack de tama\u00f1o est\u00e1ndar, cubierta anti polvo removible cubierta de tela con gancho y asa con parilla Salt and Pepper, incluye separadores de panel de 1U y 2U con cubierta de tela a juego, kickstand en la parte inferior para inclinar el amplificador hacia arriba del usuario, manijas laterales con resorte y asa de transporte de cuero de primera calidad para levantar y cargar, patas de goma que permiten que la unidad se siente c\u00f3modamente en el amplificador, gabinete o escritorio, incluye tornillos de rack.\" \/>\n<meta name=\"robots\" content=\"index, follow, max-snippet:-1, max-image-preview:large, max-video-preview:-1\" \/>\n<link rel=\"canonical\" href=\"https:\/\/www.mexicanguitarplayers.com\/en\/tienda\/sin%20categor\u00eda\/rack-gator-3-unidades-gr-retrorack-3bk\/\" \/>\n<meta property=\"og:locale\" content=\"en_US\" \/>\n<meta property=\"og:type\" content=\"article\" \/>\n<meta property=\"og:title\" content=\"RACK GATOR 3 UNIDADES GR-RETRORACK-3BK - Mexican Guitar Players\" \/>\n<meta property=\"og:description\" content=\"Rack vintage de madera de 3 unidades para amplificador, ideal para amplificadores y modeladores de guitarra, efectos y equipo de estudio, profundidad de 12.5\u201d pulgadas para acomodar equipos de montaje en rack de tama\u00f1o est\u00e1ndar, cubierta anti polvo removible cubierta de tela con gancho y asa con parilla Salt and Pepper, incluye separadores de panel de 1U y 2U con cubierta de tela a juego, kickstand en la parte inferior para inclinar el amplificador hacia arriba del usuario, manijas laterales con resorte y asa de transporte de cuero de primera calidad para levantar y cargar, patas de goma que permiten que la unidad se siente c\u00f3modamente en el amplificador, gabinete o escritorio, incluye tornillos de rack.\" \/>\n<meta property=\"og:url\" content=\"https:\/\/www.mexicanguitarplayers.com\/en\/tienda\/sin categor\u00eda\/rack-gator-3-unidades-gr-retrorack-3bk\/\" \/>\n<meta property=\"og:site_name\" content=\"Mexican Guitar Players\" \/>\n<meta property=\"article:modified_time\" content=\"2026-04-15T10:20:09+00:00\" \/>\n<meta name=\"twitter:card\" content=\"summary_large_image\" \/>\n<meta name=\"twitter:label1\" content=\"Est. reading time\" \/>\n\t<meta name=\"twitter:data1\" content=\"2 minutes\" \/>\n<script type=\"application\/ld+json\" class=\"yoast-schema-graph\">{\"@context\":\"https:\\\/\\\/schema.org\",\"@graph\":[{\"@type\":[\"WebPage\",\"ItemPage\"],\"@id\":\"https:\\\/\\\/www.mexicanguitarplayers.com\\\/tienda\\\/sin categor\u00eda\\\/rack-gator-3-unidades-gr-retrorack-3bk\\\/\",\"url\":\"https:\\\/\\\/www.mexicanguitarplayers.com\\\/tienda\\\/sin categor\u00eda\\\/rack-gator-3-unidades-gr-retrorack-3bk\\\/\",\"name\":\"RACK GATOR 3 UNIDADES GR-RETRORACK-3BK - Mexican Guitar Players\",\"isPartOf\":{\"@id\":\"https:\\\/\\\/www.mexicanguitarplayers.com\\\/#website\"},\"primaryImageOfPage\":{\"@id\":\"https:\\\/\\\/www.mexicanguitarplayers.com\\\/tienda\\\/sin categor\u00eda\\\/rack-gator-3-unidades-gr-retrorack-3bk\\\/#primaryimage\"},\"image\":{\"@id\":\"https:\\\/\\\/www.mexicanguitarplayers.com\\\/tienda\\\/sin categor\u00eda\\\/rack-gator-3-unidades-gr-retrorack-3bk\\\/#primaryimage\"},\"thumbnailUrl\":\"https:\\\/\\\/www.mexicanguitarplayers.com\\\/wp-content\\\/uploads\\\/2025\\\/04\\\/VAGATGRRETROR3.jpg\",\"datePublished\":\"2025-04-08T17:19:30+00:00\",\"dateModified\":\"2026-04-15T10:20:09+00:00\",\"description\":\"Rack vintage de madera de 3 unidades para amplificador, ideal para amplificadores y modeladores de guitarra, efectos y equipo de estudio, profundidad de 12.5\u201d pulgadas para acomodar equipos de montaje en rack de tama\u00f1o est\u00e1ndar, cubierta anti polvo removible cubierta de tela con gancho y asa con parilla Salt and Pepper, incluye separadores de panel de 1U y 2U con cubierta de tela a juego, kickstand en la parte inferior para inclinar el amplificador hacia arriba del usuario, manijas laterales con resorte y asa de transporte de cuero de primera calidad para levantar y cargar, patas de goma que permiten que la unidad se siente c\u00f3modamente en el amplificador, gabinete o escritorio, incluye tornillos de rack.\",\"breadcrumb\":{\"@id\":\"https:\\\/\\\/www.mexicanguitarplayers.com\\\/tienda\\\/sin categor\u00eda\\\/rack-gator-3-unidades-gr-retrorack-3bk\\\/#breadcrumb\"},\"inLanguage\":\"en-US\",\"potentialAction\":[{\"@type\":\"ReadAction\",\"target\":[\"https:\\\/\\\/www.mexicanguitarplayers.com\\\/tienda\\\/sin categor\u00eda\\\/rack-gator-3-unidades-gr-retrorack-3bk\\\/\"]}]},{\"@type\":\"ImageObject\",\"inLanguage\":\"en-US\",\"@id\":\"https:\\\/\\\/www.mexicanguitarplayers.com\\\/tienda\\\/sin categor\u00eda\\\/rack-gator-3-unidades-gr-retrorack-3bk\\\/#primaryimage\",\"url\":\"https:\\\/\\\/www.mexicanguitarplayers.com\\\/wp-content\\\/uploads\\\/2025\\\/04\\\/VAGATGRRETROR3.jpg\",\"contentUrl\":\"https:\\\/\\\/www.mexicanguitarplayers.com\\\/wp-content\\\/uploads\\\/2025\\\/04\\\/VAGATGRRETROR3.jpg\",\"width\":1600,\"height\":800},{\"@type\":\"BreadcrumbList\",\"@id\":\"https:\\\/\\\/www.mexicanguitarplayers.com\\\/tienda\\\/sin categor\u00eda\\\/rack-gator-3-unidades-gr-retrorack-3bk\\\/#breadcrumb\",\"itemListElement\":[{\"@type\":\"ListItem\",\"position\":1,\"name\":\"Portada\",\"item\":\"https:\\\/\\\/www.mexicanguitarplayers.com\\\/\"},{\"@type\":\"ListItem\",\"position\":2,\"name\":\"Tienda\",\"item\":\"https:\\\/\\\/www.mexicanguitarplayers.com\\\/tienda\\\/\"},{\"@type\":\"ListItem\",\"position\":3,\"name\":\"RACK GATOR 3 UNIDADES GR-RETRORACK-3BK\"}]},{\"@type\":\"WebSite\",\"@id\":\"https:\\\/\\\/www.mexicanguitarplayers.com\\\/#website\",\"url\":\"https:\\\/\\\/www.mexicanguitarplayers.com\\\/\",\"name\":\"Mexican Guitar Players\",\"description\":\"Website\",\"publisher\":{\"@id\":\"https:\\\/\\\/www.mexicanguitarplayers.com\\\/#organization\"},\"potentialAction\":[{\"@type\":\"SearchAction\",\"target\":{\"@type\":\"EntryPoint\",\"urlTemplate\":\"https:\\\/\\\/www.mexicanguitarplayers.com\\\/?s={search_term_string}\"},\"query-input\":{\"@type\":\"PropertyValueSpecification\",\"valueRequired\":true,\"valueName\":\"search_term_string\"}}],\"inLanguage\":\"en-US\"},{\"@type\":\"Organization\",\"@id\":\"https:\\\/\\\/www.mexicanguitarplayers.com\\\/#organization\",\"name\":\"Mexican Guitar Players\",\"url\":\"https:\\\/\\\/www.mexicanguitarplayers.com\\\/\",\"logo\":{\"@type\":\"ImageObject\",\"inLanguage\":\"en-US\",\"@id\":\"https:\\\/\\\/www.mexicanguitarplayers.com\\\/#\\\/schema\\\/logo\\\/image\\\/\",\"url\":\"\",\"contentUrl\":\"\",\"caption\":\"Mexican Guitar Players\"},\"image\":{\"@id\":\"https:\\\/\\\/www.mexicanguitarplayers.com\\\/#\\\/schema\\\/logo\\\/image\\\/\"}}]}<\/script>\n<!-- \/ Yoast SEO plugin. -->","yoast_head_json":{"title":"RACK GATOR 3 UNIDADES GR-RETRORACK-3BK - Mexican Guitar Players","description":"Rack vintage de madera de 3 unidades para amplificador, ideal para amplificadores y modeladores de guitarra, efectos y equipo de estudio, profundidad de 12.5\u201d pulgadas para acomodar equipos de montaje en rack de tama\u00f1o est\u00e1ndar, cubierta anti polvo removible cubierta de tela con gancho y asa con parilla Salt and Pepper, incluye separadores de panel de 1U y 2U con cubierta de tela a juego, kickstand en la parte inferior para inclinar el amplificador hacia arriba del usuario, manijas laterales con resorte y asa de transporte de cuero de primera calidad para levantar y cargar, patas de goma que permiten que la unidad se siente c\u00f3modamente en el amplificador, gabinete o escritorio, incluye tornillos de rack.","robots":{"index":"index","follow":"follow","max-snippet":"max-snippet:-1","max-image-preview":"max-image-preview:large","max-video-preview":"max-video-preview:-1"},"canonical":"https:\/\/www.mexicanguitarplayers.com\/en\/tienda\/sin categor\u00eda\/rack-gator-3-unidades-gr-retrorack-3bk\/","og_locale":"en_US","og_type":"article","og_title":"RACK GATOR 3 UNIDADES GR-RETRORACK-3BK - Mexican Guitar Players","og_description":"Rack vintage de madera de 3 unidades para amplificador, ideal para amplificadores y modeladores de guitarra, efectos y equipo de estudio, profundidad de 12.5\u201d pulgadas para acomodar equipos de montaje en rack de tama\u00f1o est\u00e1ndar, cubierta anti polvo removible cubierta de tela con gancho y asa con parilla Salt and Pepper, incluye separadores de panel de 1U y 2U con cubierta de tela a juego, kickstand en la parte inferior para inclinar el amplificador hacia arriba del usuario, manijas laterales con resorte y asa de transporte de cuero de primera calidad para levantar y cargar, patas de goma que permiten que la unidad se siente c\u00f3modamente en el amplificador, gabinete o escritorio, incluye tornillos de rack.","og_url":"https:\/\/www.mexicanguitarplayers.com\/en\/tienda\/sin categor\u00eda\/rack-gator-3-unidades-gr-retrorack-3bk\/","og_site_name":"Mexican Guitar Players","article_modified_time":"2026-04-15T10:20:09+00:00","twitter_card":"summary_large_image","twitter_misc":{"Est. reading time":"2 minutes"},"schema":{"@context":"https:\/\/schema.org","@graph":[{"@type":["WebPage","ItemPage"],"@id":"https:\/\/www.mexicanguitarplayers.com\/tienda\/sin categor\u00eda\/rack-gator-3-unidades-gr-retrorack-3bk\/","url":"https:\/\/www.mexicanguitarplayers.com\/tienda\/sin categor\u00eda\/rack-gator-3-unidades-gr-retrorack-3bk\/","name":"RACK GATOR 3 UNIDADES GR-RETRORACK-3BK - Mexican Guitar Players","isPartOf":{"@id":"https:\/\/www.mexicanguitarplayers.com\/#website"},"primaryImageOfPage":{"@id":"https:\/\/www.mexicanguitarplayers.com\/tienda\/sin categor\u00eda\/rack-gator-3-unidades-gr-retrorack-3bk\/#primaryimage"},"image":{"@id":"https:\/\/www.mexicanguitarplayers.com\/tienda\/sin categor\u00eda\/rack-gator-3-unidades-gr-retrorack-3bk\/#primaryimage"},"thumbnailUrl":"https:\/\/www.mexicanguitarplayers.com\/wp-content\/uploads\/2025\/04\/VAGATGRRETROR3.jpg","datePublished":"2025-04-08T17:19:30+00:00","dateModified":"2026-04-15T10:20:09+00:00","description":"Rack vintage de madera de 3 unidades para amplificador, ideal para amplificadores y modeladores de guitarra, efectos y equipo de estudio, profundidad de 12.5\u201d pulgadas para acomodar equipos de montaje en rack de tama\u00f1o est\u00e1ndar, cubierta anti polvo removible cubierta de tela con gancho y asa con parilla Salt and Pepper, incluye separadores de panel de 1U y 2U con cubierta de tela a juego, kickstand en la parte inferior para inclinar el amplificador hacia arriba del usuario, manijas laterales con resorte y asa de transporte de cuero de primera calidad para levantar y cargar, patas de goma que permiten que la unidad se siente c\u00f3modamente en el amplificador, gabinete o escritorio, incluye tornillos de rack.","breadcrumb":{"@id":"https:\/\/www.mexicanguitarplayers.com\/tienda\/sin categor\u00eda\/rack-gator-3-unidades-gr-retrorack-3bk\/#breadcrumb"},"inLanguage":"en-US","potentialAction":[{"@type":"ReadAction","target":["https:\/\/www.mexicanguitarplayers.com\/tienda\/sin categor\u00eda\/rack-gator-3-unidades-gr-retrorack-3bk\/"]}]},{"@type":"ImageObject","inLanguage":"en-US","@id":"https:\/\/www.mexicanguitarplayers.com\/tienda\/sin categor\u00eda\/rack-gator-3-unidades-gr-retrorack-3bk\/#primaryimage","url":"https:\/\/www.mexicanguitarplayers.com\/wp-content\/uploads\/2025\/04\/VAGATGRRETROR3.jpg","contentUrl":"https:\/\/www.mexicanguitarplayers.com\/wp-content\/uploads\/2025\/04\/VAGATGRRETROR3.jpg","width":1600,"height":800},{"@type":"BreadcrumbList","@id":"https:\/\/www.mexicanguitarplayers.com\/tienda\/sin categor\u00eda\/rack-gator-3-unidades-gr-retrorack-3bk\/#breadcrumb","itemListElement":[{"@type":"ListItem","position":1,"name":"Portada","item":"https:\/\/www.mexicanguitarplayers.com\/"},{"@type":"ListItem","position":2,"name":"Tienda","item":"https:\/\/www.mexicanguitarplayers.com\/tienda\/"},{"@type":"ListItem","position":3,"name":"RACK GATOR 3 UNIDADES GR-RETRORACK-3BK"}]},{"@type":"WebSite","@id":"https:\/\/www.mexicanguitarplayers.com\/#website","url":"https:\/\/www.mexicanguitarplayers.com\/","name":"Mexican Guitar Players","description":"Website","publisher":{"@id":"https:\/\/www.mexicanguitarplayers.com\/#organization"},"potentialAction":[{"@type":"SearchAction","target":{"@type":"EntryPoint","urlTemplate":"https:\/\/www.mexicanguitarplayers.com\/?s={search_term_string}"},"query-input":{"@type":"PropertyValueSpecification","valueRequired":true,"valueName":"search_term_string"}}],"inLanguage":"en-US"},{"@type":"Organization","@id":"https:\/\/www.mexicanguitarplayers.com\/#organization","name":"Mexican Guitar Players","url":"https:\/\/www.mexicanguitarplayers.com\/","logo":{"@type":"ImageObject","inLanguage":"en-US","@id":"https:\/\/www.mexicanguitarplayers.com\/#\/schema\/logo\/image\/","url":"","contentUrl":"","caption":"Mexican Guitar Players"},"image":{"@id":"https:\/\/www.mexicanguitarplayers.com\/#\/schema\/logo\/image\/"}}]}},"brands":[{"id":572,"name":"GATOR","slug":"gator"}],"_links":{"self":[{"href":"https:\/\/www.mexicanguitarplayers.com\/en\/wp-json\/wp\/v2\/product\/30566","targetHints":{"allow":["GET"]}}],"collection":[{"href":"https:\/\/www.mexicanguitarplayers.com\/en\/wp-json\/wp\/v2\/product"}],"about":[{"href":"https:\/\/www.mexicanguitarplayers.com\/en\/wp-json\/wp\/v2\/types\/product"}],"replies":[{"embeddable":true,"href":"https:\/\/www.mexicanguitarplayers.com\/en\/wp-json\/wp\/v2\/comments?post=30566"}],"wp:featuredmedia":[{"embeddable":true,"href":"https:\/\/www.mexicanguitarplayers.com\/en\/wp-json\/wp\/v2\/media\/30550"}],"wp:attachment":[{"href":"https:\/\/www.mexicanguitarplayers.com\/en\/wp-json\/wp\/v2\/media?parent=30566"}],"wp:term":[{"taxonomy":"pwb-brand","embeddable":true,"href":"https:\/\/www.mexicanguitarplayers.com\/en\/wp-json\/wp\/v2\/pwb-brand?post=30566"},{"taxonomy":"product_brand","embeddable":true,"href":"https:\/\/www.mexicanguitarplayers.com\/en\/wp-json\/wp\/v2\/product_brand?post=30566"},{"taxonomy":"product_cat","embeddable":true,"href":"https:\/\/www.mexicanguitarplayers.com\/en\/wp-json\/wp\/v2\/product_cat?post=30566"},{"taxonomy":"product_tag","embeddable":true,"href":"https:\/\/www.mexicanguitarplayers.com\/en\/wp-json\/wp\/v2\/product_tag?post=30566"}],"curies":[{"name":"wp","href":"https:\/\/api.w.org\/{rel}","templated":true}]}}