{"id":30587,"date":"2025-04-08T11:20:05","date_gmt":"2025-04-08T17:20:05","guid":{"rendered":"https:\/\/www.mexicanguitarplayers.com\/tienda\/sin categor\u00eda\/pastilla-sd-brazo-sjb-2n-hot-for-jazz-bass\/"},"modified":"2026-05-01T07:25:02","modified_gmt":"2026-05-01T13:25:02","slug":"pastilla-sd-brazo-sjb-2n-hot-for-jazz-bass","status":"publish","type":"product","link":"https:\/\/www.mexicanguitarplayers.com\/en\/tienda\/accesorios\/estuches-y-fundas\/para-bajo-estuches-y-fundas\/pastilla-sd-brazo-sjb-2n-hot-for-jazz-bass\/","title":{"rendered":"PASTILLA SD BRAZO SJB-2N HOT FOR JAZZ BASS"},"content":{"rendered":"<div style=\"text-align: justify\">\n<div>\n<h3>HIGH OUTPUT JAZZ BASS PICKUPS Hot Jazz Bass<\/h3>\n<\/div>\n<div>La pastilla Hot Jazz Bass (SJB-2) es una versi\u00f3n hot-rodded de la cl\u00e1sica pastilla de bobina simple Jazz Bass con mayor calidez y gru\u00f1ido en el puente y m\u00e1s fuerza en la posici\u00f3n del m\u00e1stil.<\/div>\n<div>\n<h4>Characteristics<\/h4>\n<\/div>\n<div>\n<ul style=\"margin: 0px 0px 0px 25px\">\n<li style=\"list-style-type: circle;margin: 5px\">RCD<\/li>\n<li style=\"list-style-type: circle;margin: 5px\">Im\u00e1n<\/li>\n<li style=\"list-style-type: circle;margin: 5px\">Cable<\/li>\n<li style=\"list-style-type: circle;margin: 5px\">Kind<\/li>\n<\/ul>\n<\/div>\n<\/div>","protected":false},"excerpt":{"rendered":"<p>Estas pastillas tienen un sonido un poco m\u00e1s bajo que un jazz tradicional, por sus imanes de varilla de alnico 5 rectificados a mano y el viento de bobina personalizado que brindan un tono Jazz Bass m\u00e1s c\u00e1lido y grueso con un gru\u00f1ido de rango medio m\u00e1s bajo. La pastilla del m\u00e1stil tiene bobinado RWRP para que cancele el zumbido cuando se usa junto con la pastilla del puente. Estas pastillas son reemplazos directos para cualquier American Standard Jazz Bass. Construidas a mano en Santa B\u00e1rbara, CA, las pastillas Hot for Jazz Bass utilizan imanes de varilla de alnico de 5 rectificados a mano, forbon flatwork, y est\u00e1n recubiertas de cera para un funcionamiento sin chirridos. Ambas pastillas vienen con cubiertas de logotipo negro.&hellip; <a class=\"kt-excerpt-readmore more-link\" href=\"https:\/\/www.mexicanguitarplayers.com\/en\/tienda\/accesorios\/estuches-y-fundas\/para-bajo-estuches-y-fundas\/pastilla-sd-brazo-sjb-2n-hot-for-jazz-bass\/\">Read more<\/a><\/p>","protected":false},"featured_media":30584,"comment_status":"open","ping_status":"closed","template":"","meta":{"kt_blocks_editor_width":""},"pwb-brand":[502],"product_brand":[],"product_cat":[85,578,610],"product_tag":[],"class_list":{"0":"post-30587","1":"product","2":"type-product","3":"status-publish","4":"has-post-thumbnail","6":"pwb-brand-seymour-duncan","7":"product_cat-accesorios","8":"product_cat-para-bajo-estuches-y-fundas","9":"product_cat-pastillas-para-inst-orquestales","10":"product_shipping_class-0-5-kg","12":"first","13":"instock","14":"taxable","15":"shipping-taxable","16":"purchasable","17":"product-type-simple"},"yoast_head":"<!-- This site is optimized with the Yoast SEO plugin v27.5 - https:\/\/yoast.com\/product\/yoast-seo-wordpress\/ -->\n<title>PASTILLA SD BRAZO SJB-2N HOT FOR JAZZ BASS - Mexican Guitar Players<\/title>\n<meta name=\"description\" content=\"Estas pastillas tienen un sonido un poco m\u00e1s bajo que un jazz tradicional, por sus imanes de varilla de alnico 5 rectificados a mano y el viento de bobina personalizado que brindan un tono Jazz Bass m\u00e1s c\u00e1lido y grueso con un gru\u00f1ido de rango medio m\u00e1s bajo. La pastilla del m\u00e1stil tiene bobinado RWRP para que cancele el zumbido cuando se usa junto con la pastilla del puente. Estas pastillas son reemplazos directos para cualquier American Standard Jazz Bass. Construidas a mano en Santa B\u00e1rbara, CA, las pastillas Hot for Jazz Bass utilizan imanes de varilla de alnico de 5 rectificados a mano, forbon flatwork, y est\u00e1n recubiertas de cera para un funcionamiento sin chirridos. Ambas pastillas vienen con cubiertas de logotipo negro.\" \/>\n<meta name=\"robots\" content=\"index, follow, max-snippet:-1, max-image-preview:large, max-video-preview:-1\" \/>\n<link rel=\"canonical\" href=\"https:\/\/www.mexicanguitarplayers.com\/en\/tienda\/sin%20categor\u00eda\/pastilla-sd-brazo-sjb-2n-hot-for-jazz-bass\/\" \/>\n<meta property=\"og:locale\" content=\"en_US\" \/>\n<meta property=\"og:type\" content=\"article\" \/>\n<meta property=\"og:title\" content=\"PASTILLA SD BRAZO SJB-2N HOT FOR JAZZ BASS - Mexican Guitar Players\" \/>\n<meta property=\"og:description\" content=\"Estas pastillas tienen un sonido un poco m\u00e1s bajo que un jazz tradicional, por sus imanes de varilla de alnico 5 rectificados a mano y el viento de bobina personalizado que brindan un tono Jazz Bass m\u00e1s c\u00e1lido y grueso con un gru\u00f1ido de rango medio m\u00e1s bajo. La pastilla del m\u00e1stil tiene bobinado RWRP para que cancele el zumbido cuando se usa junto con la pastilla del puente. Estas pastillas son reemplazos directos para cualquier American Standard Jazz Bass. Construidas a mano en Santa B\u00e1rbara, CA, las pastillas Hot for Jazz Bass utilizan imanes de varilla de alnico de 5 rectificados a mano, forbon flatwork, y est\u00e1n recubiertas de cera para un funcionamiento sin chirridos. Ambas pastillas vienen con cubiertas de logotipo negro.\" \/>\n<meta property=\"og:url\" content=\"https:\/\/www.mexicanguitarplayers.com\/en\/tienda\/sin categor\u00eda\/pastilla-sd-brazo-sjb-2n-hot-for-jazz-bass\/\" \/>\n<meta property=\"og:site_name\" content=\"Mexican Guitar Players\" \/>\n<meta property=\"article:modified_time\" content=\"2026-05-01T13:25:02+00:00\" \/>\n<meta name=\"twitter:card\" content=\"summary_large_image\" \/>\n<script type=\"application\/ld+json\" class=\"yoast-schema-graph\">{\"@context\":\"https:\\\/\\\/schema.org\",\"@graph\":[{\"@type\":[\"WebPage\",\"ItemPage\"],\"@id\":\"https:\\\/\\\/www.mexicanguitarplayers.com\\\/tienda\\\/sin categor\u00eda\\\/pastilla-sd-brazo-sjb-2n-hot-for-jazz-bass\\\/\",\"url\":\"https:\\\/\\\/www.mexicanguitarplayers.com\\\/tienda\\\/sin categor\u00eda\\\/pastilla-sd-brazo-sjb-2n-hot-for-jazz-bass\\\/\",\"name\":\"PASTILLA SD BRAZO SJB-2N HOT FOR JAZZ BASS - Mexican Guitar Players\",\"isPartOf\":{\"@id\":\"https:\\\/\\\/www.mexicanguitarplayers.com\\\/#website\"},\"primaryImageOfPage\":{\"@id\":\"https:\\\/\\\/www.mexicanguitarplayers.com\\\/tienda\\\/sin categor\u00eda\\\/pastilla-sd-brazo-sjb-2n-hot-for-jazz-bass\\\/#primaryimage\"},\"image\":{\"@id\":\"https:\\\/\\\/www.mexicanguitarplayers.com\\\/tienda\\\/sin categor\u00eda\\\/pastilla-sd-brazo-sjb-2n-hot-for-jazz-bass\\\/#primaryimage\"},\"thumbnailUrl\":\"https:\\\/\\\/www.mexicanguitarplayers.com\\\/wp-content\\\/uploads\\\/2025\\\/04\\\/RASEOSJB2NHOBS.jpg\",\"datePublished\":\"2025-04-08T17:20:05+00:00\",\"dateModified\":\"2026-05-01T13:25:02+00:00\",\"description\":\"Estas pastillas tienen un sonido un poco m\u00e1s bajo que un jazz tradicional, por sus imanes de varilla de alnico 5 rectificados a mano y el viento de bobina personalizado que brindan un tono Jazz Bass m\u00e1s c\u00e1lido y grueso con un gru\u00f1ido de rango medio m\u00e1s bajo. La pastilla del m\u00e1stil tiene bobinado RWRP para que cancele el zumbido cuando se usa junto con la pastilla del puente. Estas pastillas son reemplazos directos para cualquier American Standard Jazz Bass. Construidas a mano en Santa B\u00e1rbara, CA, las pastillas Hot for Jazz Bass utilizan imanes de varilla de alnico de 5 rectificados a mano, forbon flatwork, y est\u00e1n recubiertas de cera para un funcionamiento sin chirridos. Ambas pastillas vienen con cubiertas de logotipo negro.\",\"breadcrumb\":{\"@id\":\"https:\\\/\\\/www.mexicanguitarplayers.com\\\/tienda\\\/sin categor\u00eda\\\/pastilla-sd-brazo-sjb-2n-hot-for-jazz-bass\\\/#breadcrumb\"},\"inLanguage\":\"en-US\",\"potentialAction\":[{\"@type\":\"ReadAction\",\"target\":[\"https:\\\/\\\/www.mexicanguitarplayers.com\\\/tienda\\\/sin categor\u00eda\\\/pastilla-sd-brazo-sjb-2n-hot-for-jazz-bass\\\/\"]}]},{\"@type\":\"ImageObject\",\"inLanguage\":\"en-US\",\"@id\":\"https:\\\/\\\/www.mexicanguitarplayers.com\\\/tienda\\\/sin categor\u00eda\\\/pastilla-sd-brazo-sjb-2n-hot-for-jazz-bass\\\/#primaryimage\",\"url\":\"https:\\\/\\\/www.mexicanguitarplayers.com\\\/wp-content\\\/uploads\\\/2025\\\/04\\\/RASEOSJB2NHOBS.jpg\",\"contentUrl\":\"https:\\\/\\\/www.mexicanguitarplayers.com\\\/wp-content\\\/uploads\\\/2025\\\/04\\\/RASEOSJB2NHOBS.jpg\",\"width\":1600,\"height\":800},{\"@type\":\"BreadcrumbList\",\"@id\":\"https:\\\/\\\/www.mexicanguitarplayers.com\\\/tienda\\\/sin categor\u00eda\\\/pastilla-sd-brazo-sjb-2n-hot-for-jazz-bass\\\/#breadcrumb\",\"itemListElement\":[{\"@type\":\"ListItem\",\"position\":1,\"name\":\"Portada\",\"item\":\"https:\\\/\\\/www.mexicanguitarplayers.com\\\/\"},{\"@type\":\"ListItem\",\"position\":2,\"name\":\"Tienda\",\"item\":\"https:\\\/\\\/www.mexicanguitarplayers.com\\\/tienda\\\/\"},{\"@type\":\"ListItem\",\"position\":3,\"name\":\"PASTILLA SD BRAZO SJB-2N HOT FOR JAZZ BASS\"}]},{\"@type\":\"WebSite\",\"@id\":\"https:\\\/\\\/www.mexicanguitarplayers.com\\\/#website\",\"url\":\"https:\\\/\\\/www.mexicanguitarplayers.com\\\/\",\"name\":\"Mexican Guitar Players\",\"description\":\"Website\",\"publisher\":{\"@id\":\"https:\\\/\\\/www.mexicanguitarplayers.com\\\/#organization\"},\"potentialAction\":[{\"@type\":\"SearchAction\",\"target\":{\"@type\":\"EntryPoint\",\"urlTemplate\":\"https:\\\/\\\/www.mexicanguitarplayers.com\\\/?s={search_term_string}\"},\"query-input\":{\"@type\":\"PropertyValueSpecification\",\"valueRequired\":true,\"valueName\":\"search_term_string\"}}],\"inLanguage\":\"en-US\"},{\"@type\":\"Organization\",\"@id\":\"https:\\\/\\\/www.mexicanguitarplayers.com\\\/#organization\",\"name\":\"Mexican Guitar Players\",\"url\":\"https:\\\/\\\/www.mexicanguitarplayers.com\\\/\",\"logo\":{\"@type\":\"ImageObject\",\"inLanguage\":\"en-US\",\"@id\":\"https:\\\/\\\/www.mexicanguitarplayers.com\\\/#\\\/schema\\\/logo\\\/image\\\/\",\"url\":\"\",\"contentUrl\":\"\",\"caption\":\"Mexican Guitar Players\"},\"image\":{\"@id\":\"https:\\\/\\\/www.mexicanguitarplayers.com\\\/#\\\/schema\\\/logo\\\/image\\\/\"}}]}<\/script>\n<!-- \/ Yoast SEO plugin. -->","yoast_head_json":{"title":"PASTILLA SD BRAZO SJB-2N HOT FOR JAZZ BASS - Mexican Guitar Players","description":"Estas pastillas tienen un sonido un poco m\u00e1s bajo que un jazz tradicional, por sus imanes de varilla de alnico 5 rectificados a mano y el viento de bobina personalizado que brindan un tono Jazz Bass m\u00e1s c\u00e1lido y grueso con un gru\u00f1ido de rango medio m\u00e1s bajo. La pastilla del m\u00e1stil tiene bobinado RWRP para que cancele el zumbido cuando se usa junto con la pastilla del puente. Estas pastillas son reemplazos directos para cualquier American Standard Jazz Bass. Construidas a mano en Santa B\u00e1rbara, CA, las pastillas Hot for Jazz Bass utilizan imanes de varilla de alnico de 5 rectificados a mano, forbon flatwork, y est\u00e1n recubiertas de cera para un funcionamiento sin chirridos. Ambas pastillas vienen con cubiertas de logotipo negro.","robots":{"index":"index","follow":"follow","max-snippet":"max-snippet:-1","max-image-preview":"max-image-preview:large","max-video-preview":"max-video-preview:-1"},"canonical":"https:\/\/www.mexicanguitarplayers.com\/en\/tienda\/sin categor\u00eda\/pastilla-sd-brazo-sjb-2n-hot-for-jazz-bass\/","og_locale":"en_US","og_type":"article","og_title":"PASTILLA SD BRAZO SJB-2N HOT FOR JAZZ BASS - Mexican Guitar Players","og_description":"Estas pastillas tienen un sonido un poco m\u00e1s bajo que un jazz tradicional, por sus imanes de varilla de alnico 5 rectificados a mano y el viento de bobina personalizado que brindan un tono Jazz Bass m\u00e1s c\u00e1lido y grueso con un gru\u00f1ido de rango medio m\u00e1s bajo. La pastilla del m\u00e1stil tiene bobinado RWRP para que cancele el zumbido cuando se usa junto con la pastilla del puente. Estas pastillas son reemplazos directos para cualquier American Standard Jazz Bass. Construidas a mano en Santa B\u00e1rbara, CA, las pastillas Hot for Jazz Bass utilizan imanes de varilla de alnico de 5 rectificados a mano, forbon flatwork, y est\u00e1n recubiertas de cera para un funcionamiento sin chirridos. Ambas pastillas vienen con cubiertas de logotipo negro.","og_url":"https:\/\/www.mexicanguitarplayers.com\/en\/tienda\/sin categor\u00eda\/pastilla-sd-brazo-sjb-2n-hot-for-jazz-bass\/","og_site_name":"Mexican Guitar Players","article_modified_time":"2026-05-01T13:25:02+00:00","twitter_card":"summary_large_image","schema":{"@context":"https:\/\/schema.org","@graph":[{"@type":["WebPage","ItemPage"],"@id":"https:\/\/www.mexicanguitarplayers.com\/tienda\/sin categor\u00eda\/pastilla-sd-brazo-sjb-2n-hot-for-jazz-bass\/","url":"https:\/\/www.mexicanguitarplayers.com\/tienda\/sin categor\u00eda\/pastilla-sd-brazo-sjb-2n-hot-for-jazz-bass\/","name":"PASTILLA SD BRAZO SJB-2N HOT FOR JAZZ BASS - Mexican Guitar Players","isPartOf":{"@id":"https:\/\/www.mexicanguitarplayers.com\/#website"},"primaryImageOfPage":{"@id":"https:\/\/www.mexicanguitarplayers.com\/tienda\/sin categor\u00eda\/pastilla-sd-brazo-sjb-2n-hot-for-jazz-bass\/#primaryimage"},"image":{"@id":"https:\/\/www.mexicanguitarplayers.com\/tienda\/sin categor\u00eda\/pastilla-sd-brazo-sjb-2n-hot-for-jazz-bass\/#primaryimage"},"thumbnailUrl":"https:\/\/www.mexicanguitarplayers.com\/wp-content\/uploads\/2025\/04\/RASEOSJB2NHOBS.jpg","datePublished":"2025-04-08T17:20:05+00:00","dateModified":"2026-05-01T13:25:02+00:00","description":"Estas pastillas tienen un sonido un poco m\u00e1s bajo que un jazz tradicional, por sus imanes de varilla de alnico 5 rectificados a mano y el viento de bobina personalizado que brindan un tono Jazz Bass m\u00e1s c\u00e1lido y grueso con un gru\u00f1ido de rango medio m\u00e1s bajo. La pastilla del m\u00e1stil tiene bobinado RWRP para que cancele el zumbido cuando se usa junto con la pastilla del puente. Estas pastillas son reemplazos directos para cualquier American Standard Jazz Bass. Construidas a mano en Santa B\u00e1rbara, CA, las pastillas Hot for Jazz Bass utilizan imanes de varilla de alnico de 5 rectificados a mano, forbon flatwork, y est\u00e1n recubiertas de cera para un funcionamiento sin chirridos. Ambas pastillas vienen con cubiertas de logotipo negro.","breadcrumb":{"@id":"https:\/\/www.mexicanguitarplayers.com\/tienda\/sin categor\u00eda\/pastilla-sd-brazo-sjb-2n-hot-for-jazz-bass\/#breadcrumb"},"inLanguage":"en-US","potentialAction":[{"@type":"ReadAction","target":["https:\/\/www.mexicanguitarplayers.com\/tienda\/sin categor\u00eda\/pastilla-sd-brazo-sjb-2n-hot-for-jazz-bass\/"]}]},{"@type":"ImageObject","inLanguage":"en-US","@id":"https:\/\/www.mexicanguitarplayers.com\/tienda\/sin categor\u00eda\/pastilla-sd-brazo-sjb-2n-hot-for-jazz-bass\/#primaryimage","url":"https:\/\/www.mexicanguitarplayers.com\/wp-content\/uploads\/2025\/04\/RASEOSJB2NHOBS.jpg","contentUrl":"https:\/\/www.mexicanguitarplayers.com\/wp-content\/uploads\/2025\/04\/RASEOSJB2NHOBS.jpg","width":1600,"height":800},{"@type":"BreadcrumbList","@id":"https:\/\/www.mexicanguitarplayers.com\/tienda\/sin categor\u00eda\/pastilla-sd-brazo-sjb-2n-hot-for-jazz-bass\/#breadcrumb","itemListElement":[{"@type":"ListItem","position":1,"name":"Portada","item":"https:\/\/www.mexicanguitarplayers.com\/"},{"@type":"ListItem","position":2,"name":"Tienda","item":"https:\/\/www.mexicanguitarplayers.com\/tienda\/"},{"@type":"ListItem","position":3,"name":"PASTILLA SD BRAZO SJB-2N HOT FOR JAZZ BASS"}]},{"@type":"WebSite","@id":"https:\/\/www.mexicanguitarplayers.com\/#website","url":"https:\/\/www.mexicanguitarplayers.com\/","name":"Mexican Guitar Players","description":"Website","publisher":{"@id":"https:\/\/www.mexicanguitarplayers.com\/#organization"},"potentialAction":[{"@type":"SearchAction","target":{"@type":"EntryPoint","urlTemplate":"https:\/\/www.mexicanguitarplayers.com\/?s={search_term_string}"},"query-input":{"@type":"PropertyValueSpecification","valueRequired":true,"valueName":"search_term_string"}}],"inLanguage":"en-US"},{"@type":"Organization","@id":"https:\/\/www.mexicanguitarplayers.com\/#organization","name":"Mexican Guitar Players","url":"https:\/\/www.mexicanguitarplayers.com\/","logo":{"@type":"ImageObject","inLanguage":"en-US","@id":"https:\/\/www.mexicanguitarplayers.com\/#\/schema\/logo\/image\/","url":"","contentUrl":"","caption":"Mexican Guitar Players"},"image":{"@id":"https:\/\/www.mexicanguitarplayers.com\/#\/schema\/logo\/image\/"}}]}},"brands":[{"id":502,"name":"SEYMOUR DUNCAN","slug":"seymour-duncan"}],"_links":{"self":[{"href":"https:\/\/www.mexicanguitarplayers.com\/en\/wp-json\/wp\/v2\/product\/30587","targetHints":{"allow":["GET"]}}],"collection":[{"href":"https:\/\/www.mexicanguitarplayers.com\/en\/wp-json\/wp\/v2\/product"}],"about":[{"href":"https:\/\/www.mexicanguitarplayers.com\/en\/wp-json\/wp\/v2\/types\/product"}],"replies":[{"embeddable":true,"href":"https:\/\/www.mexicanguitarplayers.com\/en\/wp-json\/wp\/v2\/comments?post=30587"}],"wp:featuredmedia":[{"embeddable":true,"href":"https:\/\/www.mexicanguitarplayers.com\/en\/wp-json\/wp\/v2\/media\/30584"}],"wp:attachment":[{"href":"https:\/\/www.mexicanguitarplayers.com\/en\/wp-json\/wp\/v2\/media?parent=30587"}],"wp:term":[{"taxonomy":"pwb-brand","embeddable":true,"href":"https:\/\/www.mexicanguitarplayers.com\/en\/wp-json\/wp\/v2\/pwb-brand?post=30587"},{"taxonomy":"product_brand","embeddable":true,"href":"https:\/\/www.mexicanguitarplayers.com\/en\/wp-json\/wp\/v2\/product_brand?post=30587"},{"taxonomy":"product_cat","embeddable":true,"href":"https:\/\/www.mexicanguitarplayers.com\/en\/wp-json\/wp\/v2\/product_cat?post=30587"},{"taxonomy":"product_tag","embeddable":true,"href":"https:\/\/www.mexicanguitarplayers.com\/en\/wp-json\/wp\/v2\/product_tag?post=30587"}],"curies":[{"name":"wp","href":"https:\/\/api.w.org\/{rel}","templated":true}]}}