{"id":30603,"date":"2025-04-08T11:20:28","date_gmt":"2025-04-08T17:20:28","guid":{"rendered":"https:\/\/www.mexicanguitarplayers.com\/tienda\/sin categor\u00eda\/bajo-spector-electrico-mod-coda-5-pro\/"},"modified":"2025-04-08T11:20:28","modified_gmt":"2025-04-08T17:20:28","slug":"bajo-spector-electrico-mod-coda-5-pro","status":"publish","type":"product","link":"https:\/\/www.mexicanguitarplayers.com\/en\/tienda\/cuerdas\/bajos\/electricos\/bajo-spector-electrico-mod-coda-5-pro\/","title":{"rendered":"BAJO SPECTOR ELECTRICO MOD. CODA 5 PRO"},"content":{"rendered":"<div style=\"text-align: justify\">\n<div>\n<h3>Un sonido cl\u00e1sico con rendimiento moderno.<\/h3>\n<\/div>\n<div>Los bajos de la serie Legend y CodaBass Pro de Spector est\u00e1n dise\u00f1ados para durar toda la vida. Estos bajos han sido fabricados con precisi\u00f3n y cuidado en la misma f\u00e1brica y por los mismos constructores por d\u00e9cadas. Como los primeros adaptadores de artesan\u00eda asi\u00e1tica, Stuart Spector y su equipo de lauderos de confianza, han establecido una f\u00e1brica de primera clase que produce consistentemente bajos s\u00f3lidos de alta calidad a precios que est\u00e1n al alcance de todos los bajistas. Una cosa \u00fanica en el codiciado dise\u00f1o de estos bajos, es que ofrecen caracter\u00edsticas de tono y calidad que han hecho a Spector uno de los nombres m\u00e1s respetados en bajos. La serie CodaBass Pro de Spector se basa en el dise\u00f1o del bajo el\u00e9ctrico American para dise\u00f1ar un verdadero cl\u00e1sico moderno. Elaborado con maderas escogidas, cada bajo de esta serie cuenta con una impresionante tapa de maple flameado, cuerpo de aliso s\u00f3lido y un brazo de maple de una sola pieza con un diapas\u00f3n de palo de rosa de 20 trastes. Equipado con pastillas Spector reci\u00e9n dise\u00f1adas y un set de control activo TonePump Jr. de Spector, el CodaBass 5 Pro es capaz de lograrlo todo, desde graves sonidos cl\u00e1sicos hasta una definici\u00f3n moderna. Esta serie es ideal para el bajista con una gran apreciaci\u00f3n del pasado, pero que requiere el rendimiento de un instrumento moderno.<\/div>\n<div>\n<h4>Quick look<\/h4>\n<\/div>\n<ul style=\"margin: 0px 0px 0px 25px\">\n<li style=\"list-style-type: circle;margin: 5px\">Arm.<\/li>\n<li style=\"list-style-type: circle;margin: 5px\">Cuerpo.<\/li>\n<li style=\"list-style-type: circle;margin: 5px\">Pastillas y electr\u00f3nicos.<\/li>\n<li style=\"list-style-type: circle;margin: 5px\">Hardware.<\/li>\n<\/ul>\n<div>\n<div style=\"font-weight: bold\">Arm.<\/div>\n<div>\n<p>Madera: 1 pieza de maple, bolt-on. Diapas\u00f3n: Palo de rosa con incrustaciones de puntos. Trastes: 20. Escala: 34&#8243;. Radio: 16&#8243;. Ancho de la cejuela: 1.79&#8243;.<\/p>\n<\/div>\n<div style=\"font-weight: bold\">Cuerpo.<\/div>\n<div>\n<p>Forma Coda estilo vintage. Madera: Maple genuino flameado sobre aliso. Terminado: Alto brillo.<\/p>\n<\/div>\n<div style=\"font-weight: bold\">Pastillas y electr\u00f3nicos.<\/div>\n<div>\n<p>Pastilla del brazo: Spector Alnico single coil. Pastilla del puente: Spector Alnico single coil. Controles de tono activos: Spector TonePump Jr\u2122. +\/-12 dB boost solamente, graves y agudos. Controles: Volumen pastilla del brazo, volumen pastilla del puente, boost grave y boost agudo.<\/p>\n<\/div>\n<div style=\"font-weight: bold\">Hardware.<\/div>\n<div>\n<p>Terminado: Negro. Puente: Spector locking die-cast. Espaciado de cuerdas en el puente: 0.66&#8243;. Botones de tahal\u00ed: Est\u00e1ndar.<\/p>\n<\/div>\n<\/div>\n<\/div>","protected":false},"excerpt":{"rendered":"<p>Bajo el\u00e9ctrico activo de 5 cuerdas, forma CodaP estilo vintage, cuerpo de maple tallado sobre aliso, terminado al alto brillo, brazo de una sola pieza de maple, construcci\u00f3n bolt-on, diapas\u00f3n de palo de rosa sin marcadores, 20 trastes, escala: 34\u201d, radio: 16\u201d, ancho en la cejuela: 1.79\u201d, hardware negro, puente Spector locking die-cast, espaciado de cuerdas en puente: .66\u201d, botones de tahal\u00ed: est\u00e1ndar, pastillas Spector split-coil Alnico, controles de tono activos: Spector TonePump Jr\u2122, +\/-12 dB s\u00f3lo boost, grave y agudo, controles: volumen de pastilla del puente, volumen de pastilla del brazo, boost agudo y boost grave.&hellip; <a class=\"kt-excerpt-readmore more-link\" href=\"https:\/\/www.mexicanguitarplayers.com\/en\/tienda\/cuerdas\/bajos\/electricos\/bajo-spector-electrico-mod-coda-5-pro\/\">Read more<\/a><\/p>","protected":false},"featured_media":30602,"comment_status":"open","ping_status":"closed","template":"","meta":{"kt_blocks_editor_width":""},"pwb-brand":[374],"product_brand":[],"product_cat":[317,224,318,295],"product_tag":[],"class_list":{"0":"post-30603","1":"product","2":"type-product","3":"status-publish","4":"has-post-thumbnail","6":"pwb-brand-spector","7":"product_cat-bajos","8":"product_cat-cuerdas","9":"product_cat-electricos","10":"product_cat-hibridos","11":"product_shipping_class-5-10-kg","13":"first","14":"outofstock","15":"taxable","16":"shipping-taxable","17":"purchasable","18":"product-type-simple"},"yoast_head":"<!-- This site is optimized with the Yoast SEO plugin v27.3 - https:\/\/yoast.com\/product\/yoast-seo-wordpress\/ -->\n<title>BAJO SPECTOR ELECTRICO MOD. CODA 5 PRO - Mexican Guitar Players<\/title>\n<meta name=\"description\" content=\"Bajo el\u00e9ctrico activo de 5 cuerdas, forma CodaP estilo vintage, cuerpo de maple tallado sobre aliso, terminado al alto brillo, brazo de una sola pieza de maple, construcci\u00f3n bolt-on, diapas\u00f3n de palo de rosa sin marcadores, 20 trastes, escala: 34\u201d, radio: 16\u201d, ancho en la cejuela: 1.79\u201d, hardware negro, puente Spector locking die-cast, espaciado de cuerdas en puente: .66\u201d, botones de tahal\u00ed: est\u00e1ndar, pastillas Spector split-coil Alnico, controles de tono activos: Spector TonePump Jr\u2122, +\/-12 dB s\u00f3lo boost, grave y agudo, controles: volumen de pastilla del puente, volumen de pastilla del brazo, boost agudo y boost grave.\" \/>\n<meta name=\"robots\" content=\"index, follow, max-snippet:-1, max-image-preview:large, max-video-preview:-1\" \/>\n<link rel=\"canonical\" href=\"https:\/\/www.mexicanguitarplayers.com\/en\/tienda\/sin%20categor\u00eda\/bajo-spector-electrico-mod-coda-5-pro\/\" \/>\n<meta property=\"og:locale\" content=\"en_US\" \/>\n<meta property=\"og:type\" content=\"article\" \/>\n<meta property=\"og:title\" content=\"BAJO SPECTOR ELECTRICO MOD. CODA 5 PRO - Mexican Guitar Players\" \/>\n<meta property=\"og:description\" content=\"Bajo el\u00e9ctrico activo de 5 cuerdas, forma CodaP estilo vintage, cuerpo de maple tallado sobre aliso, terminado al alto brillo, brazo de una sola pieza de maple, construcci\u00f3n bolt-on, diapas\u00f3n de palo de rosa sin marcadores, 20 trastes, escala: 34\u201d, radio: 16\u201d, ancho en la cejuela: 1.79\u201d, hardware negro, puente Spector locking die-cast, espaciado de cuerdas en puente: .66\u201d, botones de tahal\u00ed: est\u00e1ndar, pastillas Spector split-coil Alnico, controles de tono activos: Spector TonePump Jr\u2122, +\/-12 dB s\u00f3lo boost, grave y agudo, controles: volumen de pastilla del puente, volumen de pastilla del brazo, boost agudo y boost grave.\" \/>\n<meta property=\"og:url\" content=\"https:\/\/www.mexicanguitarplayers.com\/en\/tienda\/sin categor\u00eda\/bajo-spector-electrico-mod-coda-5-pro\/\" \/>\n<meta property=\"og:site_name\" content=\"Mexican Guitar Players\" \/>\n<meta name=\"twitter:card\" content=\"summary_large_image\" \/>\n<meta name=\"twitter:label1\" content=\"Est. reading time\" \/>\n\t<meta name=\"twitter:data1\" content=\"2 minutes\" \/>\n<script type=\"application\/ld+json\" class=\"yoast-schema-graph\">{\"@context\":\"https:\\\/\\\/schema.org\",\"@graph\":[{\"@type\":[\"WebPage\",\"ItemPage\"],\"@id\":\"https:\\\/\\\/www.mexicanguitarplayers.com\\\/tienda\\\/sin categor\u00eda\\\/bajo-spector-electrico-mod-coda-5-pro\\\/\",\"url\":\"https:\\\/\\\/www.mexicanguitarplayers.com\\\/tienda\\\/sin categor\u00eda\\\/bajo-spector-electrico-mod-coda-5-pro\\\/\",\"name\":\"BAJO SPECTOR ELECTRICO MOD. CODA 5 PRO - Mexican Guitar Players\",\"isPartOf\":{\"@id\":\"https:\\\/\\\/www.mexicanguitarplayers.com\\\/#website\"},\"primaryImageOfPage\":{\"@id\":\"https:\\\/\\\/www.mexicanguitarplayers.com\\\/tienda\\\/sin categor\u00eda\\\/bajo-spector-electrico-mod-coda-5-pro\\\/#primaryimage\"},\"image\":{\"@id\":\"https:\\\/\\\/www.mexicanguitarplayers.com\\\/tienda\\\/sin categor\u00eda\\\/bajo-spector-electrico-mod-coda-5-pro\\\/#primaryimage\"},\"thumbnailUrl\":\"https:\\\/\\\/www.mexicanguitarplayers.com\\\/wp-content\\\/uploads\\\/2025\\\/04\\\/ISSPTCODA5PRO.jpg\",\"datePublished\":\"2025-04-08T17:20:28+00:00\",\"description\":\"Bajo el\u00e9ctrico activo de 5 cuerdas, forma CodaP estilo vintage, cuerpo de maple tallado sobre aliso, terminado al alto brillo, brazo de una sola pieza de maple, construcci\u00f3n bolt-on, diapas\u00f3n de palo de rosa sin marcadores, 20 trastes, escala: 34\u201d, radio: 16\u201d, ancho en la cejuela: 1.79\u201d, hardware negro, puente Spector locking die-cast, espaciado de cuerdas en puente: .66\u201d, botones de tahal\u00ed: est\u00e1ndar, pastillas Spector split-coil Alnico, controles de tono activos: Spector TonePump Jr\u2122, +\\\/-12 dB s\u00f3lo boost, grave y agudo, controles: volumen de pastilla del puente, volumen de pastilla del brazo, boost agudo y boost grave.\",\"breadcrumb\":{\"@id\":\"https:\\\/\\\/www.mexicanguitarplayers.com\\\/tienda\\\/sin categor\u00eda\\\/bajo-spector-electrico-mod-coda-5-pro\\\/#breadcrumb\"},\"inLanguage\":\"en-US\",\"potentialAction\":[{\"@type\":\"ReadAction\",\"target\":[\"https:\\\/\\\/www.mexicanguitarplayers.com\\\/tienda\\\/sin categor\u00eda\\\/bajo-spector-electrico-mod-coda-5-pro\\\/\"]}]},{\"@type\":\"ImageObject\",\"inLanguage\":\"en-US\",\"@id\":\"https:\\\/\\\/www.mexicanguitarplayers.com\\\/tienda\\\/sin categor\u00eda\\\/bajo-spector-electrico-mod-coda-5-pro\\\/#primaryimage\",\"url\":\"https:\\\/\\\/www.mexicanguitarplayers.com\\\/wp-content\\\/uploads\\\/2025\\\/04\\\/ISSPTCODA5PRO.jpg\",\"contentUrl\":\"https:\\\/\\\/www.mexicanguitarplayers.com\\\/wp-content\\\/uploads\\\/2025\\\/04\\\/ISSPTCODA5PRO.jpg\",\"width\":800,\"height\":1600},{\"@type\":\"BreadcrumbList\",\"@id\":\"https:\\\/\\\/www.mexicanguitarplayers.com\\\/tienda\\\/sin categor\u00eda\\\/bajo-spector-electrico-mod-coda-5-pro\\\/#breadcrumb\",\"itemListElement\":[{\"@type\":\"ListItem\",\"position\":1,\"name\":\"Portada\",\"item\":\"https:\\\/\\\/www.mexicanguitarplayers.com\\\/\"},{\"@type\":\"ListItem\",\"position\":2,\"name\":\"Tienda\",\"item\":\"https:\\\/\\\/www.mexicanguitarplayers.com\\\/tienda\\\/\"},{\"@type\":\"ListItem\",\"position\":3,\"name\":\"BAJO SPECTOR ELECTRICO MOD. CODA 5 PRO\"}]},{\"@type\":\"WebSite\",\"@id\":\"https:\\\/\\\/www.mexicanguitarplayers.com\\\/#website\",\"url\":\"https:\\\/\\\/www.mexicanguitarplayers.com\\\/\",\"name\":\"Mexican Guitar Players\",\"description\":\"Website\",\"publisher\":{\"@id\":\"https:\\\/\\\/www.mexicanguitarplayers.com\\\/#organization\"},\"potentialAction\":[{\"@type\":\"SearchAction\",\"target\":{\"@type\":\"EntryPoint\",\"urlTemplate\":\"https:\\\/\\\/www.mexicanguitarplayers.com\\\/?s={search_term_string}\"},\"query-input\":{\"@type\":\"PropertyValueSpecification\",\"valueRequired\":true,\"valueName\":\"search_term_string\"}}],\"inLanguage\":\"en-US\"},{\"@type\":\"Organization\",\"@id\":\"https:\\\/\\\/www.mexicanguitarplayers.com\\\/#organization\",\"name\":\"Mexican Guitar Players\",\"url\":\"https:\\\/\\\/www.mexicanguitarplayers.com\\\/\",\"logo\":{\"@type\":\"ImageObject\",\"inLanguage\":\"en-US\",\"@id\":\"https:\\\/\\\/www.mexicanguitarplayers.com\\\/#\\\/schema\\\/logo\\\/image\\\/\",\"url\":\"\",\"contentUrl\":\"\",\"caption\":\"Mexican Guitar Players\"},\"image\":{\"@id\":\"https:\\\/\\\/www.mexicanguitarplayers.com\\\/#\\\/schema\\\/logo\\\/image\\\/\"}}]}<\/script>\n<!-- \/ Yoast SEO plugin. -->","yoast_head_json":{"title":"BAJO SPECTOR ELECTRICO MOD. CODA 5 PRO - Mexican Guitar Players","description":"Bajo el\u00e9ctrico activo de 5 cuerdas, forma CodaP estilo vintage, cuerpo de maple tallado sobre aliso, terminado al alto brillo, brazo de una sola pieza de maple, construcci\u00f3n bolt-on, diapas\u00f3n de palo de rosa sin marcadores, 20 trastes, escala: 34\u201d, radio: 16\u201d, ancho en la cejuela: 1.79\u201d, hardware negro, puente Spector locking die-cast, espaciado de cuerdas en puente: .66\u201d, botones de tahal\u00ed: est\u00e1ndar, pastillas Spector split-coil Alnico, controles de tono activos: Spector TonePump Jr\u2122, +\/-12 dB s\u00f3lo boost, grave y agudo, controles: volumen de pastilla del puente, volumen de pastilla del brazo, boost agudo y boost grave.","robots":{"index":"index","follow":"follow","max-snippet":"max-snippet:-1","max-image-preview":"max-image-preview:large","max-video-preview":"max-video-preview:-1"},"canonical":"https:\/\/www.mexicanguitarplayers.com\/en\/tienda\/sin categor\u00eda\/bajo-spector-electrico-mod-coda-5-pro\/","og_locale":"en_US","og_type":"article","og_title":"BAJO SPECTOR ELECTRICO MOD. CODA 5 PRO - Mexican Guitar Players","og_description":"Bajo el\u00e9ctrico activo de 5 cuerdas, forma CodaP estilo vintage, cuerpo de maple tallado sobre aliso, terminado al alto brillo, brazo de una sola pieza de maple, construcci\u00f3n bolt-on, diapas\u00f3n de palo de rosa sin marcadores, 20 trastes, escala: 34\u201d, radio: 16\u201d, ancho en la cejuela: 1.79\u201d, hardware negro, puente Spector locking die-cast, espaciado de cuerdas en puente: .66\u201d, botones de tahal\u00ed: est\u00e1ndar, pastillas Spector split-coil Alnico, controles de tono activos: Spector TonePump Jr\u2122, +\/-12 dB s\u00f3lo boost, grave y agudo, controles: volumen de pastilla del puente, volumen de pastilla del brazo, boost agudo y boost grave.","og_url":"https:\/\/www.mexicanguitarplayers.com\/en\/tienda\/sin categor\u00eda\/bajo-spector-electrico-mod-coda-5-pro\/","og_site_name":"Mexican Guitar Players","twitter_card":"summary_large_image","twitter_misc":{"Est. reading time":"2 minutes"},"schema":{"@context":"https:\/\/schema.org","@graph":[{"@type":["WebPage","ItemPage"],"@id":"https:\/\/www.mexicanguitarplayers.com\/tienda\/sin categor\u00eda\/bajo-spector-electrico-mod-coda-5-pro\/","url":"https:\/\/www.mexicanguitarplayers.com\/tienda\/sin categor\u00eda\/bajo-spector-electrico-mod-coda-5-pro\/","name":"BAJO SPECTOR ELECTRICO MOD. CODA 5 PRO - Mexican Guitar Players","isPartOf":{"@id":"https:\/\/www.mexicanguitarplayers.com\/#website"},"primaryImageOfPage":{"@id":"https:\/\/www.mexicanguitarplayers.com\/tienda\/sin categor\u00eda\/bajo-spector-electrico-mod-coda-5-pro\/#primaryimage"},"image":{"@id":"https:\/\/www.mexicanguitarplayers.com\/tienda\/sin categor\u00eda\/bajo-spector-electrico-mod-coda-5-pro\/#primaryimage"},"thumbnailUrl":"https:\/\/www.mexicanguitarplayers.com\/wp-content\/uploads\/2025\/04\/ISSPTCODA5PRO.jpg","datePublished":"2025-04-08T17:20:28+00:00","description":"Bajo el\u00e9ctrico activo de 5 cuerdas, forma CodaP estilo vintage, cuerpo de maple tallado sobre aliso, terminado al alto brillo, brazo de una sola pieza de maple, construcci\u00f3n bolt-on, diapas\u00f3n de palo de rosa sin marcadores, 20 trastes, escala: 34\u201d, radio: 16\u201d, ancho en la cejuela: 1.79\u201d, hardware negro, puente Spector locking die-cast, espaciado de cuerdas en puente: .66\u201d, botones de tahal\u00ed: est\u00e1ndar, pastillas Spector split-coil Alnico, controles de tono activos: Spector TonePump Jr\u2122, +\/-12 dB s\u00f3lo boost, grave y agudo, controles: volumen de pastilla del puente, volumen de pastilla del brazo, boost agudo y boost grave.","breadcrumb":{"@id":"https:\/\/www.mexicanguitarplayers.com\/tienda\/sin categor\u00eda\/bajo-spector-electrico-mod-coda-5-pro\/#breadcrumb"},"inLanguage":"en-US","potentialAction":[{"@type":"ReadAction","target":["https:\/\/www.mexicanguitarplayers.com\/tienda\/sin categor\u00eda\/bajo-spector-electrico-mod-coda-5-pro\/"]}]},{"@type":"ImageObject","inLanguage":"en-US","@id":"https:\/\/www.mexicanguitarplayers.com\/tienda\/sin categor\u00eda\/bajo-spector-electrico-mod-coda-5-pro\/#primaryimage","url":"https:\/\/www.mexicanguitarplayers.com\/wp-content\/uploads\/2025\/04\/ISSPTCODA5PRO.jpg","contentUrl":"https:\/\/www.mexicanguitarplayers.com\/wp-content\/uploads\/2025\/04\/ISSPTCODA5PRO.jpg","width":800,"height":1600},{"@type":"BreadcrumbList","@id":"https:\/\/www.mexicanguitarplayers.com\/tienda\/sin categor\u00eda\/bajo-spector-electrico-mod-coda-5-pro\/#breadcrumb","itemListElement":[{"@type":"ListItem","position":1,"name":"Portada","item":"https:\/\/www.mexicanguitarplayers.com\/"},{"@type":"ListItem","position":2,"name":"Tienda","item":"https:\/\/www.mexicanguitarplayers.com\/tienda\/"},{"@type":"ListItem","position":3,"name":"BAJO SPECTOR ELECTRICO MOD. CODA 5 PRO"}]},{"@type":"WebSite","@id":"https:\/\/www.mexicanguitarplayers.com\/#website","url":"https:\/\/www.mexicanguitarplayers.com\/","name":"Mexican Guitar Players","description":"Website","publisher":{"@id":"https:\/\/www.mexicanguitarplayers.com\/#organization"},"potentialAction":[{"@type":"SearchAction","target":{"@type":"EntryPoint","urlTemplate":"https:\/\/www.mexicanguitarplayers.com\/?s={search_term_string}"},"query-input":{"@type":"PropertyValueSpecification","valueRequired":true,"valueName":"search_term_string"}}],"inLanguage":"en-US"},{"@type":"Organization","@id":"https:\/\/www.mexicanguitarplayers.com\/#organization","name":"Mexican Guitar Players","url":"https:\/\/www.mexicanguitarplayers.com\/","logo":{"@type":"ImageObject","inLanguage":"en-US","@id":"https:\/\/www.mexicanguitarplayers.com\/#\/schema\/logo\/image\/","url":"","contentUrl":"","caption":"Mexican Guitar Players"},"image":{"@id":"https:\/\/www.mexicanguitarplayers.com\/#\/schema\/logo\/image\/"}}]}},"brands":[{"id":374,"name":"SPECTOR","slug":"spector"}],"_links":{"self":[{"href":"https:\/\/www.mexicanguitarplayers.com\/en\/wp-json\/wp\/v2\/product\/30603","targetHints":{"allow":["GET"]}}],"collection":[{"href":"https:\/\/www.mexicanguitarplayers.com\/en\/wp-json\/wp\/v2\/product"}],"about":[{"href":"https:\/\/www.mexicanguitarplayers.com\/en\/wp-json\/wp\/v2\/types\/product"}],"replies":[{"embeddable":true,"href":"https:\/\/www.mexicanguitarplayers.com\/en\/wp-json\/wp\/v2\/comments?post=30603"}],"wp:featuredmedia":[{"embeddable":true,"href":"https:\/\/www.mexicanguitarplayers.com\/en\/wp-json\/wp\/v2\/media\/30602"}],"wp:attachment":[{"href":"https:\/\/www.mexicanguitarplayers.com\/en\/wp-json\/wp\/v2\/media?parent=30603"}],"wp:term":[{"taxonomy":"pwb-brand","embeddable":true,"href":"https:\/\/www.mexicanguitarplayers.com\/en\/wp-json\/wp\/v2\/pwb-brand?post=30603"},{"taxonomy":"product_brand","embeddable":true,"href":"https:\/\/www.mexicanguitarplayers.com\/en\/wp-json\/wp\/v2\/product_brand?post=30603"},{"taxonomy":"product_cat","embeddable":true,"href":"https:\/\/www.mexicanguitarplayers.com\/en\/wp-json\/wp\/v2\/product_cat?post=30603"},{"taxonomy":"product_tag","embeddable":true,"href":"https:\/\/www.mexicanguitarplayers.com\/en\/wp-json\/wp\/v2\/product_tag?post=30603"}],"curies":[{"name":"wp","href":"https:\/\/api.w.org\/{rel}","templated":true}]}}