{"id":30605,"date":"2025-04-08T11:20:31","date_gmt":"2025-04-08T17:20:31","guid":{"rendered":"https:\/\/www.mexicanguitarplayers.com\/tienda\/sin categor\u00eda\/bafle-proel-mod-ax2010p\/"},"modified":"2026-05-01T07:25:00","modified_gmt":"2026-05-01T13:25:00","slug":"bafle-proel-mod-ax2010p","status":"publish","type":"product","link":"https:\/\/www.mexicanguitarplayers.com\/en\/tienda\/audio\/bafles-y-bocinas\/bafles\/lineal\/bafle-proel-mod-ax2010p\/","title":{"rendered":"BAFLE PROEL          MOD. AX2010P"},"content":{"rendered":"<div style=\"text-align: justify\">\n<div>\n<h3>Potente y claro.<\/h3>\n<\/div>\n<div>El arreglo lineal vertical AX2010P est\u00e1 dise\u00f1ado para una amplia gama de aplicaciones de refuerzo sonoro en donde la flexibilidad y el uso sencillo de arreglos verticales es necesario. Este sistema combina una calidad de sonido superior y flexibilidad en un sistema sencillo con una relaci\u00f3n precio-rendimiento muy conveniente. El AX2010P fue dise\u00f1ado para un uso sencillo tanto en aplicaciones de sonido en vivo  como alquiler o instalaciones fijas sin renunciar para nada a la buena calidad y rendimiento del sonido. El rango alto de frecuencias es producido por dos drivers de compresi\u00f3n de baja distorsi\u00f3n, equipado con diafragmas ligeros. Se utilizan dos l\u00edneas de transmisi\u00f3n de formaci\u00f3n de onda de gu\u00edas de onda para cargar los drivers de alta frecuencia, con el fin de proporcionar un sonido n\u00edtido y natural para lograr una capacidad de proyecci\u00f3n HF de larga distancia. Dos woofers de 10&#8243; pulgadas empleados en la reproducci\u00f3n de rango medio-grave, est\u00e1n equipados con conos muy ligeros. La ligereza del diafragma est\u00e1 adem\u00e1s mejorada por el uso de una bobina m\u00f3vil de aluminio en lugar de la convencional de cobre. Esto asegura una r\u00e1pida reproducci\u00f3n en los pasajes de rango medio y rango grave, mejorando tambi\u00e9n la capacidad t\u00e9rmica de la bobina m\u00f3vil y por consecuencia el control de la compresi\u00f3n de la potencia total. Los dos woofers de 10&#8243; pulgadas est\u00e1n concentrados por una l\u00ednea de transmisi\u00f3n h\u00edbrida corta que minimiza el efecto de la caja de resonancia y reduce el sonido cuadrado medio-grave, com\u00fanmente obtenido en gabinetes Bass Reflex regulares. El AX2010P ofrece un dise\u00f1o simple pero innovador en elementos de arreglo lineal. El concepto simple del WTW sim\u00e9trico se implemente de manera eficaz con el fin de minimizar los efectos de los fen\u00f3menos radiantes potenciales alrededor de la frecuencia de crossover. Para minimizar estos efectos, muchos diversos detalles han sido dise\u00f1ados cuidadosamente, el primero de ellos es la elecci\u00f3n de los drivers de altavoz de alta frecuencia. El diafragma especial ligero que se utiliza en estos controladores ofrece una mec\u00e1nica muy baja de resonancia, esto permite que el punto de frecuencia de crossover relativamente bajo se coloque en un rango de 900 Hz. Por otra parte, la orientaci\u00f3n de los dos woofers permite minimizar el efecto de interferencia entre ellos, mientras que el uso de un filtro de poliuretano mec\u00e1nico-ac\u00fastico represente una ayuda adicional para minimizar el enfoque de rango medio. El enfoque del filtro de crossover se basa en una t\u00e9cnica de potencia constante. Gracias a la combinaci\u00f3n particular de fase entre las dos v\u00edas alrededor de la frecuencia de crossovers, este enfoque es capaz de proporcionar una cobertura horizontal muy estable y una imagen muy estable del sonido fuera del eje, tambi\u00e9n minimiza los efectos no deseados alrededor de la frecuencia de crossover. La aplicaci\u00f3n de t\u00e9cnicas de linealizaci\u00f3n de fase combinadas con una potencia constante del crossover, dan una respuesta de fase linear y un tiempo de respuesta coherente. Esto permite una percepci\u00f3n natural de los instrumentos ac\u00fasticos y voces y una profundidad mejorada de la imagen sonora.<\/div>\n<div>\n<h4>Quick look<\/h4>\n<\/div>\n<ul style=\"margin: 0px 0px 0px 25px\">\n<li style=\"list-style-type: circle;margin: 5px\">Respuesta de frecuencia (\u00b13dB).<\/li>\n<li style=\"list-style-type: circle;margin: 5px\">Impedancia normal.<\/li>\n<li style=\"list-style-type: circle;margin: 5px\">Impedancia m\u00ednima.<\/li>\n<li style=\"list-style-type: circle;margin: 5px\">Sensibilidad (2.83V @ 1m, 2Pi).<\/li>\n<li style=\"list-style-type: circle;margin: 5px\">\u00c1ngulo de cobertura horizontal.<\/li>\n<li style=\"list-style-type: circle;margin: 5px\">\u00c1ngulo de cobertura vertical.<\/li>\n<li style=\"list-style-type: circle;margin: 5px\">SPL m\u00e1ximo a 1 m.<\/li>\n<li style=\"list-style-type: circle;margin: 5px\">Transductor LF.<\/li>\n<li style=\"list-style-type: circle;margin: 5px\">Transductor HF.<\/li>\n<li style=\"list-style-type: circle;margin: 5px\">Power. <\/li>\n<li style=\"list-style-type: circle;margin: 5px\">Dimensions.<\/li>\n<li style=\"list-style-type: circle;margin: 5px\">Material del gabinete.<\/li>\n<li style=\"list-style-type: circle;margin: 5px\">Pintura.<\/li>\n<li style=\"list-style-type: circle;margin: 5px\">Sistema de suspensi\u00f3n.<\/li>\n<li style=\"list-style-type: circle;margin: 5px\">Weight. <\/li>\n<\/ul>\n<div>\n<div style=\"font-weight: bold\">Respuesta de frecuencia (\u00b13dB).<\/div>\n<div>\n<p>75 Hz &#8211; 18 kHz (procesados).<\/p>\n<\/div>\n<div style=\"font-weight: bold\">Impedancia normal.<\/div>\n<div>\n<p>8 O (LF) + 8 O (HF).<\/p>\n<\/div>\n<div style=\"font-weight: bold\">Impedancia m\u00ednima.<\/div>\n<div>\n<p>7.5 O @ 300 Hz (LF); 7 O @ 2.5 kHz (HF).<\/p>\n<\/div>\n<div style=\"font-weight: bold\">Sensibilidad (2.83V @ 1m, 2Pi).<\/div>\n<div>\n<p>99 dB SPL (LF); 108 dB SPL (HF).<\/p>\n<\/div>\n<div style=\"font-weight: bold\">\u00c1ngulo de cobertura horizontal.<\/div>\n<div>\n<p>110\u00b0 (-6 dB).<\/p>\n<\/div>\n<div style=\"font-weight: bold\">\u00c1ngulo de cobertura vertical.<\/div>\n<div>\n<p>10\u00b0 (-6 dB).<\/p>\n<\/div>\n<div style=\"font-weight: bold\">SPL m\u00e1ximo a 1 m.<\/div>\n<div>\n<p>130 dB.<\/p>\n<\/div>\n<div style=\"font-weight: bold\">Transductor LF.<\/div>\n<div>\n<p>Dos de 10\u201d (260 mm), bobina m\u00f3vil de aluminio de 2.5\u201d (64 mm), 16 O cada uno, en paralelo.<\/p>\n<\/div>\n<div style=\"font-weight: bold\">Transductor HF.<\/div>\n<div>\n<p>Dos drivers de 1.4\u201d pulgadas, 2.5\u201d (64 mm) bobinado de lado, diafragma de titanio, 16 O cada uno, en paralelo.<\/p>\n<\/div>\n<div style=\"font-weight: bold\">Power. <\/div>\n<div>\n<p>AES: 700 + 150 watts. Programa: 1400 + 300 watts.<\/p>\n<\/div>\n<div style=\"font-weight: bold\">Dimensions.<\/div>\n<div>\n<p>Ancho: 746 mm (29.37\u201d pulgadas). Altura: 341 mm (13.42\u201d pulgadas). Profundidad: 530 mm (20.86\u201d pulgadas).<\/p>\n<\/div>\n<div style=\"font-weight: bold\">Material del gabinete.<\/div>\n<div>\n<p>Abedul fen\u00f3lico reforzado de 15 mm.<\/p>\n<\/div>\n<div style=\"font-weight: bold\">Pintura.<\/div>\n<div>\n<p>Pintura a base de agua de alta resistencia.<\/p>\n<\/div>\n<div style=\"font-weight: bold\">Sistema de suspensi\u00f3n.<\/div>\n<div>\n<p>Suspensi\u00f3n frontal: Estructura de aluminio de enlace r\u00e1pido. Suspensi\u00f3n trasera: Acero de alta resistencia con Fast Pin \u00bc.<\/p>\n<\/div>\n<div style=\"font-weight: bold\">Weight. <\/div>\n<div>\n<p>39.9 Kg.<\/p>\n<\/div>\n<\/div>\n<div>\n<h4>Characteristics<\/h4>\n<\/div>\n<div>\n<ul style=\"margin: 0px 0px 0px 25px\">\n<li style=\"list-style-type: circle;margin: 5px\">Elemento de arreglo lineal de alta salida.<\/li>\n<li style=\"list-style-type: circle;margin: 5px\">Tama\u00f1o compacto.<\/li>\n<li style=\"list-style-type: circle;margin: 5px\">Buena relaci\u00f3n salida\/peso.<\/li>\n<li style=\"list-style-type: circle;margin: 5px\">Alta calidad.<\/li>\n<li style=\"list-style-type: circle;margin: 5px\">Compresi\u00f3n baja.<\/li>\n<li style=\"list-style-type: circle;margin: 5px\">Driver de alta frecuencia de baja distorsi\u00f3n.<\/li>\n<li style=\"list-style-type: circle;margin: 5px\">Cobertura horizontal muy estable.<\/li>\n<li style=\"list-style-type: circle;margin: 5px\">Incluye pines para colgado.<\/li>\n<li style=\"list-style-type: circle;margin: 5px\">Conexi\u00f3n de entrada NL4.<\/li>\n<li style=\"list-style-type: circle;margin: 5px\">Sonido natural.<\/li>\n<\/ul>\n<\/div>\n<\/div>","protected":false},"excerpt":{"rendered":"<p>Bafle pasivo para arreglo lineal, dos componentes de 10\u201d y dos de 1.4\u201d pulgadas, tama\u00f1o compacto, alta calidad, compresi\u00f3n baja, driver de alta frecuencia de baja distorsi\u00f3n, cobertura horizontal muy estable, sonido natural, respuesta de frecuencia: 75 Hz &#8211; 18 kHz, impedancia: 8 ohms, sensibilidad: 99 dB, SPL m\u00e1ximo: 130 dB, potencia AES: 700 + 150 watts, potencia programa: 1400 +300 watts.&hellip; <a class=\"kt-excerpt-readmore more-link\" href=\"https:\/\/www.mexicanguitarplayers.com\/en\/tienda\/audio\/bafles-y-bocinas\/bafles\/lineal\/bafle-proel-mod-ax2010p\/\">Read more<\/a><\/p>","protected":false},"featured_media":30604,"comment_status":"open","ping_status":"closed","template":"","meta":{"kt_blocks_editor_width":""},"pwb-brand":[252],"product_brand":[],"product_cat":[213,222,221,520],"product_tag":[],"class_list":{"0":"post-30605","1":"product","2":"type-product","3":"status-publish","4":"has-post-thumbnail","6":"pwb-brand-proel","7":"product_cat-audio","8":"product_cat-bafles","9":"product_cat-bafles-y-bocinas","10":"product_cat-lineal","12":"first","13":"instock","14":"taxable","15":"shipping-taxable","16":"purchasable","17":"product-type-simple"},"yoast_head":"<!-- This site is optimized with the Yoast SEO plugin v27.6 - https:\/\/yoast.com\/product\/yoast-seo-wordpress\/ -->\n<title>BAFLE PROEL     MOD. AX2010P - Mexican Guitar Players<\/title>\n<meta name=\"description\" content=\"Bafle pasivo para arreglo lineal, dos componentes de 10\u201d y dos de 1.4\u201d pulgadas, tama\u00f1o compacto, alta calidad, compresi\u00f3n baja, driver de alta frecuencia de baja distorsi\u00f3n, cobertura horizontal muy estable, sonido natural, respuesta de frecuencia: 75 Hz - 18 kHz, impedancia: 8 ohms, sensibilidad: 99 dB, SPL m\u00e1ximo: 130 dB, potencia AES: 700 + 150 watts, potencia programa: 1400 +300 watts.\" \/>\n<meta name=\"robots\" content=\"index, follow, max-snippet:-1, max-image-preview:large, max-video-preview:-1\" \/>\n<link rel=\"canonical\" href=\"https:\/\/www.mexicanguitarplayers.com\/en\/tienda\/sin%20categor\u00eda\/bafle-proel-mod-ax2010p\/\" \/>\n<meta property=\"og:locale\" content=\"en_US\" \/>\n<meta property=\"og:type\" content=\"article\" \/>\n<meta property=\"og:title\" content=\"BAFLE PROEL     MOD. AX2010P - Mexican Guitar Players\" \/>\n<meta property=\"og:description\" content=\"Bafle pasivo para arreglo lineal, dos componentes de 10\u201d y dos de 1.4\u201d pulgadas, tama\u00f1o compacto, alta calidad, compresi\u00f3n baja, driver de alta frecuencia de baja distorsi\u00f3n, cobertura horizontal muy estable, sonido natural, respuesta de frecuencia: 75 Hz - 18 kHz, impedancia: 8 ohms, sensibilidad: 99 dB, SPL m\u00e1ximo: 130 dB, potencia AES: 700 + 150 watts, potencia programa: 1400 +300 watts.\" \/>\n<meta property=\"og:url\" content=\"https:\/\/www.mexicanguitarplayers.com\/en\/tienda\/sin categor\u00eda\/bafle-proel-mod-ax2010p\/\" \/>\n<meta property=\"og:site_name\" content=\"Mexican Guitar Players\" \/>\n<meta property=\"article:modified_time\" content=\"2026-05-01T13:25:00+00:00\" \/>\n<meta name=\"twitter:card\" content=\"summary_large_image\" \/>\n<meta name=\"twitter:label1\" content=\"Est. reading time\" \/>\n\t<meta name=\"twitter:data1\" content=\"4 minutes\" \/>\n<script type=\"application\/ld+json\" class=\"yoast-schema-graph\">{\"@context\":\"https:\\\/\\\/schema.org\",\"@graph\":[{\"@type\":[\"WebPage\",\"ItemPage\"],\"@id\":\"https:\\\/\\\/www.mexicanguitarplayers.com\\\/tienda\\\/sin categor\u00eda\\\/bafle-proel-mod-ax2010p\\\/\",\"url\":\"https:\\\/\\\/www.mexicanguitarplayers.com\\\/tienda\\\/sin categor\u00eda\\\/bafle-proel-mod-ax2010p\\\/\",\"name\":\"BAFLE PROEL MOD. AX2010P - Mexican Guitar Players\",\"isPartOf\":{\"@id\":\"https:\\\/\\\/www.mexicanguitarplayers.com\\\/#website\"},\"primaryImageOfPage\":{\"@id\":\"https:\\\/\\\/www.mexicanguitarplayers.com\\\/tienda\\\/sin categor\u00eda\\\/bafle-proel-mod-ax2010p\\\/#primaryimage\"},\"image\":{\"@id\":\"https:\\\/\\\/www.mexicanguitarplayers.com\\\/tienda\\\/sin categor\u00eda\\\/bafle-proel-mod-ax2010p\\\/#primaryimage\"},\"thumbnailUrl\":\"https:\\\/\\\/www.mexicanguitarplayers.com\\\/wp-content\\\/uploads\\\/2025\\\/04\\\/IAPREAX2010P.jpg\",\"datePublished\":\"2025-04-08T17:20:31+00:00\",\"dateModified\":\"2026-05-01T13:25:00+00:00\",\"description\":\"Bafle pasivo para arreglo lineal, dos componentes de 10\u201d y dos de 1.4\u201d pulgadas, tama\u00f1o compacto, alta calidad, compresi\u00f3n baja, driver de alta frecuencia de baja distorsi\u00f3n, cobertura horizontal muy estable, sonido natural, respuesta de frecuencia: 75 Hz - 18 kHz, impedancia: 8 ohms, sensibilidad: 99 dB, SPL m\u00e1ximo: 130 dB, potencia AES: 700 + 150 watts, potencia programa: 1400 +300 watts.\",\"breadcrumb\":{\"@id\":\"https:\\\/\\\/www.mexicanguitarplayers.com\\\/tienda\\\/sin categor\u00eda\\\/bafle-proel-mod-ax2010p\\\/#breadcrumb\"},\"inLanguage\":\"en-US\",\"potentialAction\":[{\"@type\":\"ReadAction\",\"target\":[\"https:\\\/\\\/www.mexicanguitarplayers.com\\\/tienda\\\/sin categor\u00eda\\\/bafle-proel-mod-ax2010p\\\/\"]}]},{\"@type\":\"ImageObject\",\"inLanguage\":\"en-US\",\"@id\":\"https:\\\/\\\/www.mexicanguitarplayers.com\\\/tienda\\\/sin categor\u00eda\\\/bafle-proel-mod-ax2010p\\\/#primaryimage\",\"url\":\"https:\\\/\\\/www.mexicanguitarplayers.com\\\/wp-content\\\/uploads\\\/2025\\\/04\\\/IAPREAX2010P.jpg\",\"contentUrl\":\"https:\\\/\\\/www.mexicanguitarplayers.com\\\/wp-content\\\/uploads\\\/2025\\\/04\\\/IAPREAX2010P.jpg\",\"width\":1200,\"height\":1200},{\"@type\":\"BreadcrumbList\",\"@id\":\"https:\\\/\\\/www.mexicanguitarplayers.com\\\/tienda\\\/sin categor\u00eda\\\/bafle-proel-mod-ax2010p\\\/#breadcrumb\",\"itemListElement\":[{\"@type\":\"ListItem\",\"position\":1,\"name\":\"Portada\",\"item\":\"https:\\\/\\\/www.mexicanguitarplayers.com\\\/\"},{\"@type\":\"ListItem\",\"position\":2,\"name\":\"Tienda\",\"item\":\"https:\\\/\\\/www.mexicanguitarplayers.com\\\/tienda\\\/\"},{\"@type\":\"ListItem\",\"position\":3,\"name\":\"BAFLE PROEL MOD. AX2010P\"}]},{\"@type\":\"WebSite\",\"@id\":\"https:\\\/\\\/www.mexicanguitarplayers.com\\\/#website\",\"url\":\"https:\\\/\\\/www.mexicanguitarplayers.com\\\/\",\"name\":\"Mexican Guitar Players\",\"description\":\"Website\",\"publisher\":{\"@id\":\"https:\\\/\\\/www.mexicanguitarplayers.com\\\/#organization\"},\"potentialAction\":[{\"@type\":\"SearchAction\",\"target\":{\"@type\":\"EntryPoint\",\"urlTemplate\":\"https:\\\/\\\/www.mexicanguitarplayers.com\\\/?s={search_term_string}\"},\"query-input\":{\"@type\":\"PropertyValueSpecification\",\"valueRequired\":true,\"valueName\":\"search_term_string\"}}],\"inLanguage\":\"en-US\"},{\"@type\":\"Organization\",\"@id\":\"https:\\\/\\\/www.mexicanguitarplayers.com\\\/#organization\",\"name\":\"Mexican Guitar Players\",\"url\":\"https:\\\/\\\/www.mexicanguitarplayers.com\\\/\",\"logo\":{\"@type\":\"ImageObject\",\"inLanguage\":\"en-US\",\"@id\":\"https:\\\/\\\/www.mexicanguitarplayers.com\\\/#\\\/schema\\\/logo\\\/image\\\/\",\"url\":\"\",\"contentUrl\":\"\",\"caption\":\"Mexican Guitar Players\"},\"image\":{\"@id\":\"https:\\\/\\\/www.mexicanguitarplayers.com\\\/#\\\/schema\\\/logo\\\/image\\\/\"}}]}<\/script>\n<!-- \/ Yoast SEO plugin. -->","yoast_head_json":{"title":"BAFLE PROEL     MOD. AX2010P - Mexican Guitar Players","description":"Bafle pasivo para arreglo lineal, dos componentes de 10\u201d y dos de 1.4\u201d pulgadas, tama\u00f1o compacto, alta calidad, compresi\u00f3n baja, driver de alta frecuencia de baja distorsi\u00f3n, cobertura horizontal muy estable, sonido natural, respuesta de frecuencia: 75 Hz - 18 kHz, impedancia: 8 ohms, sensibilidad: 99 dB, SPL m\u00e1ximo: 130 dB, potencia AES: 700 + 150 watts, potencia programa: 1400 +300 watts.","robots":{"index":"index","follow":"follow","max-snippet":"max-snippet:-1","max-image-preview":"max-image-preview:large","max-video-preview":"max-video-preview:-1"},"canonical":"https:\/\/www.mexicanguitarplayers.com\/en\/tienda\/sin categor\u00eda\/bafle-proel-mod-ax2010p\/","og_locale":"en_US","og_type":"article","og_title":"BAFLE PROEL     MOD. AX2010P - Mexican Guitar Players","og_description":"Bafle pasivo para arreglo lineal, dos componentes de 10\u201d y dos de 1.4\u201d pulgadas, tama\u00f1o compacto, alta calidad, compresi\u00f3n baja, driver de alta frecuencia de baja distorsi\u00f3n, cobertura horizontal muy estable, sonido natural, respuesta de frecuencia: 75 Hz - 18 kHz, impedancia: 8 ohms, sensibilidad: 99 dB, SPL m\u00e1ximo: 130 dB, potencia AES: 700 + 150 watts, potencia programa: 1400 +300 watts.","og_url":"https:\/\/www.mexicanguitarplayers.com\/en\/tienda\/sin categor\u00eda\/bafle-proel-mod-ax2010p\/","og_site_name":"Mexican Guitar Players","article_modified_time":"2026-05-01T13:25:00+00:00","twitter_card":"summary_large_image","twitter_misc":{"Est. reading time":"4 minutes"},"schema":{"@context":"https:\/\/schema.org","@graph":[{"@type":["WebPage","ItemPage"],"@id":"https:\/\/www.mexicanguitarplayers.com\/tienda\/sin categor\u00eda\/bafle-proel-mod-ax2010p\/","url":"https:\/\/www.mexicanguitarplayers.com\/tienda\/sin categor\u00eda\/bafle-proel-mod-ax2010p\/","name":"BAFLE PROEL MOD. AX2010P - Mexican Guitar Players","isPartOf":{"@id":"https:\/\/www.mexicanguitarplayers.com\/#website"},"primaryImageOfPage":{"@id":"https:\/\/www.mexicanguitarplayers.com\/tienda\/sin categor\u00eda\/bafle-proel-mod-ax2010p\/#primaryimage"},"image":{"@id":"https:\/\/www.mexicanguitarplayers.com\/tienda\/sin categor\u00eda\/bafle-proel-mod-ax2010p\/#primaryimage"},"thumbnailUrl":"https:\/\/www.mexicanguitarplayers.com\/wp-content\/uploads\/2025\/04\/IAPREAX2010P.jpg","datePublished":"2025-04-08T17:20:31+00:00","dateModified":"2026-05-01T13:25:00+00:00","description":"Bafle pasivo para arreglo lineal, dos componentes de 10\u201d y dos de 1.4\u201d pulgadas, tama\u00f1o compacto, alta calidad, compresi\u00f3n baja, driver de alta frecuencia de baja distorsi\u00f3n, cobertura horizontal muy estable, sonido natural, respuesta de frecuencia: 75 Hz - 18 kHz, impedancia: 8 ohms, sensibilidad: 99 dB, SPL m\u00e1ximo: 130 dB, potencia AES: 700 + 150 watts, potencia programa: 1400 +300 watts.","breadcrumb":{"@id":"https:\/\/www.mexicanguitarplayers.com\/tienda\/sin categor\u00eda\/bafle-proel-mod-ax2010p\/#breadcrumb"},"inLanguage":"en-US","potentialAction":[{"@type":"ReadAction","target":["https:\/\/www.mexicanguitarplayers.com\/tienda\/sin categor\u00eda\/bafle-proel-mod-ax2010p\/"]}]},{"@type":"ImageObject","inLanguage":"en-US","@id":"https:\/\/www.mexicanguitarplayers.com\/tienda\/sin categor\u00eda\/bafle-proel-mod-ax2010p\/#primaryimage","url":"https:\/\/www.mexicanguitarplayers.com\/wp-content\/uploads\/2025\/04\/IAPREAX2010P.jpg","contentUrl":"https:\/\/www.mexicanguitarplayers.com\/wp-content\/uploads\/2025\/04\/IAPREAX2010P.jpg","width":1200,"height":1200},{"@type":"BreadcrumbList","@id":"https:\/\/www.mexicanguitarplayers.com\/tienda\/sin categor\u00eda\/bafle-proel-mod-ax2010p\/#breadcrumb","itemListElement":[{"@type":"ListItem","position":1,"name":"Portada","item":"https:\/\/www.mexicanguitarplayers.com\/"},{"@type":"ListItem","position":2,"name":"Tienda","item":"https:\/\/www.mexicanguitarplayers.com\/tienda\/"},{"@type":"ListItem","position":3,"name":"BAFLE PROEL MOD. AX2010P"}]},{"@type":"WebSite","@id":"https:\/\/www.mexicanguitarplayers.com\/#website","url":"https:\/\/www.mexicanguitarplayers.com\/","name":"Mexican Guitar Players","description":"Website","publisher":{"@id":"https:\/\/www.mexicanguitarplayers.com\/#organization"},"potentialAction":[{"@type":"SearchAction","target":{"@type":"EntryPoint","urlTemplate":"https:\/\/www.mexicanguitarplayers.com\/?s={search_term_string}"},"query-input":{"@type":"PropertyValueSpecification","valueRequired":true,"valueName":"search_term_string"}}],"inLanguage":"en-US"},{"@type":"Organization","@id":"https:\/\/www.mexicanguitarplayers.com\/#organization","name":"Mexican Guitar Players","url":"https:\/\/www.mexicanguitarplayers.com\/","logo":{"@type":"ImageObject","inLanguage":"en-US","@id":"https:\/\/www.mexicanguitarplayers.com\/#\/schema\/logo\/image\/","url":"","contentUrl":"","caption":"Mexican Guitar Players"},"image":{"@id":"https:\/\/www.mexicanguitarplayers.com\/#\/schema\/logo\/image\/"}}]}},"brands":[{"id":252,"name":"PROEL","slug":"proel"}],"_links":{"self":[{"href":"https:\/\/www.mexicanguitarplayers.com\/en\/wp-json\/wp\/v2\/product\/30605","targetHints":{"allow":["GET"]}}],"collection":[{"href":"https:\/\/www.mexicanguitarplayers.com\/en\/wp-json\/wp\/v2\/product"}],"about":[{"href":"https:\/\/www.mexicanguitarplayers.com\/en\/wp-json\/wp\/v2\/types\/product"}],"replies":[{"embeddable":true,"href":"https:\/\/www.mexicanguitarplayers.com\/en\/wp-json\/wp\/v2\/comments?post=30605"}],"wp:featuredmedia":[{"embeddable":true,"href":"https:\/\/www.mexicanguitarplayers.com\/en\/wp-json\/wp\/v2\/media\/30604"}],"wp:attachment":[{"href":"https:\/\/www.mexicanguitarplayers.com\/en\/wp-json\/wp\/v2\/media?parent=30605"}],"wp:term":[{"taxonomy":"pwb-brand","embeddable":true,"href":"https:\/\/www.mexicanguitarplayers.com\/en\/wp-json\/wp\/v2\/pwb-brand?post=30605"},{"taxonomy":"product_brand","embeddable":true,"href":"https:\/\/www.mexicanguitarplayers.com\/en\/wp-json\/wp\/v2\/product_brand?post=30605"},{"taxonomy":"product_cat","embeddable":true,"href":"https:\/\/www.mexicanguitarplayers.com\/en\/wp-json\/wp\/v2\/product_cat?post=30605"},{"taxonomy":"product_tag","embeddable":true,"href":"https:\/\/www.mexicanguitarplayers.com\/en\/wp-json\/wp\/v2\/product_tag?post=30605"}],"curies":[{"name":"wp","href":"https:\/\/api.w.org\/{rel}","templated":true}]}}