{"id":30611,"date":"2025-04-08T11:20:39","date_gmt":"2025-04-08T17:20:39","guid":{"rendered":"https:\/\/www.mexicanguitarplayers.com\/tienda\/sin categor\u00eda\/bafle-proel-c-poder-lt15a\/"},"modified":"2026-04-10T04:36:40","modified_gmt":"2026-04-10T10:36:40","slug":"bafle-proel-c-poder-lt15a","status":"publish","type":"product","link":"https:\/\/www.mexicanguitarplayers.com\/en\/tienda\/audio\/bafles-y-bocinas\/bafles\/bafles-activos\/bafle-proel-c-poder-lt15a\/","title":{"rendered":"BAFLE PROEL      C\/PODER   LT15A"},"content":{"rendered":"<div style=\"text-align: justify\">\n<div>\n<h3>Sistemas activos y pasivos de alta gama.<\/h3>\n<\/div>\n<div>La nueva serie LITE de Proel es una amplia gama de sistemas de altavoces activos y pasivos con gabinete de madera contrachapada que ofrece el famoso sonido Proel y un rendimiento de alto nivel en un paquete fiable y asequible. Para la construcci\u00f3n de los gabinetes, hemos utilizado madera contrachapada, un material ligero y durable que hace que el movimiento y la instalaci\u00f3n de estos altavoces sea sencilla y r\u00e1pida. Protecci\u00f3n con pintura anti ara\u00f1azos y fuertes rejillas de acero con una capa de espuma interna ofrecen a\u00f1os de servicio. El agujero de montaje de \u00e1ngulo doble en los modelos de 8&#8243;, 10&#8243;, 12&#8243; y 15&#8243; pulgadas ofrecen la posibilidad de obtener una cobertura m\u00e1s uniforme de toda la audiencia. Para la reproducci\u00f3n de altas frecuencias de la serie LITE, hemos dise\u00f1ado trompetas de ancha dispersi\u00f3n, capaces de proporcionar una cobertura constante para grandes audiencias y una respuesta detallada con baja distorsi\u00f3n. Los woofers de alta excursi\u00f3n junto con gabinetes cuidadosamente ventilados, ofrecen una respuesta extendida con bajos profundos y estrechos. La serie LITE incluye 6 modelos activos woofers que van desde 6.5&#8243; hasta woofers dobles de 15&#8243; pulgadas, m\u00e1s 1 sat\u00e9lite y sistema de subwoofers. Los m\u00f3dulos de potencia extremadamente ligeros utilizados en los modelos activos cuentan con las \u00faltimas tecnolog\u00edas para amplificaci\u00f3n, como la fuente de alimentaci\u00f3n conmutada y etapas de salida de clase D, que proporciona una gran cantidad de potencia con un peso reducido. Los m\u00f3dulos de potencia est\u00e1n alojados en cajas de aluminio fundido totalmente selladas que ofrecen protecci\u00f3n, perfecto aislamiento de la cabina desde el exterior y una refrigeraci\u00f3n extremadamente eficiente. Cada m\u00f3dulo incluye una sofisticada secci\u00f3n de pre amplificaci\u00f3n con filtros de crossover de fase alineada de hasta 24 dB \/ oct y filtros de ecualizaci\u00f3n activos para una sinton\u00eda fina del sistema. El circuito de limitaci\u00f3n dual asegura un sonido libre de distorsi\u00f3n incluso en el nivel m\u00e1s alto y una protecci\u00f3n total de los altavoces. Los sistemas de  altavoz LITE se pueden combinar con los subwoofers SW, disponibles en 5 modelos y son capaces de proporcionar una extensi\u00f3n perfecta de baja frecuencia para cada modelo de la serie. <\/div>\n<div>\n<h4>Quick look<\/h4>\n<\/div>\n<ul style=\"margin: 0px 0px 0px 25px\">\n<li style=\"list-style-type: circle;margin: 5px\">Tipo de sistema.<\/li>\n<li style=\"list-style-type: circle;margin: 5px\">Dispositivo de alta frecuencia.<\/li>\n<li style=\"list-style-type: circle;margin: 5px\">Dispositivo de baja frecuencia.<\/li>\n<li style=\"list-style-type: circle;margin: 5px\">Cobertura nominal.<\/li>\n<li style=\"list-style-type: circle;margin: 5px\">Potencia pico total.<\/li>\n<li style=\"list-style-type: circle;margin: 5px\">Potencia continua del amplificador HF.<\/li>\n<li style=\"list-style-type: circle;margin: 5px\">Potencia continua del amplificador LF.<\/li>\n<li style=\"list-style-type: circle;margin: 5px\">Power supply.<\/li>\n<li style=\"list-style-type: circle;margin: 5px\">Procesamiento.<\/li>\n<li style=\"list-style-type: circle;margin: 5px\">Frequency response.<\/li>\n<li style=\"list-style-type: circle;margin: 5px\">Maximum SPL.<\/li>\n<li style=\"list-style-type: circle;margin: 5px\">Connectors.<\/li>\n<li style=\"list-style-type: circle;margin: 5px\">Controls<\/li>\n<li style=\"list-style-type: circle;margin: 5px\">Sistema de suspensi\u00f3n.<\/li>\n<li style=\"list-style-type: circle;margin: 5px\">Construcci\u00f3n.<\/li>\n<li style=\"list-style-type: circle;margin: 5px\">Color del gabinete.<\/li>\n<li style=\"list-style-type: circle;margin: 5px\">Manijas.<\/li>\n<li style=\"list-style-type: circle;margin: 5px\">Montaje en poste.<\/li>\n<li style=\"list-style-type: circle;margin: 5px\">Power supply.<\/li>\n<li style=\"list-style-type: circle;margin: 5px\">Dimensions.<\/li>\n<li style=\"list-style-type: circle;margin: 5px\">Weight.<\/li>\n<\/ul>\n<div>\n<div style=\"font-weight: bold\">Tipo de sistema.<\/div>\n<div>\n<p>Bafle activo de 2 v\u00edas con recinto ventilado.<\/p>\n<\/div>\n<div style=\"font-weight: bold\">Dispositivo de alta frecuencia.<\/div>\n<div>\n<p>Driver de compresi\u00f3n de 1\u201d pulgada con bobina m\u00f3vil de 1.35&#8243; pulgadas.<\/p>\n<\/div>\n<div style=\"font-weight: bold\">Dispositivo de baja frecuencia.<\/div>\n<div>\n<p>Woofer de 15\u201d pulgadas con bobina m\u00f3vil de 2.5\u201d pulgadas.<\/p>\n<\/div>\n<div style=\"font-weight: bold\">Cobertura nominal.<\/div>\n<div>\n<p>90\u00b0 H x 60\u00b0 V.<\/p>\n<\/div>\n<div style=\"font-weight: bold\">Potencia pico total.<\/div>\n<div>\n<p>600 watts.<\/p>\n<\/div>\n<div style=\"font-weight: bold\">Potencia continua del amplificador HF.<\/div>\n<div>\n<p>50 watts clase AB.<\/p>\n<\/div>\n<div style=\"font-weight: bold\">Potencia continua del amplificador LF.<\/div>\n<div>\n<p>250 watts clase D.<\/p>\n<\/div>\n<div style=\"font-weight: bold\">Power supply.<\/div>\n<div>\n<p>SMPS.<\/p>\n<\/div>\n<div style=\"font-weight: bold\">Procesamiento.<\/div>\n<div>\n<p>Analogous.<\/p>\n<\/div>\n<div style=\"font-weight: bold\">Frequency response.<\/div>\n<div>\n<p>45 Hz &#8211; 20 kHz.<\/p>\n<\/div>\n<div style=\"font-weight: bold\">Maximum SPL.<\/div>\n<div>\n<p>126 dB.<\/p>\n<\/div>\n<div style=\"font-weight: bold\">Connectors.<\/div>\n<div>\n<p>Entrada: Combo. Link: XLR macho.<\/p>\n<\/div>\n<div style=\"font-weight: bold\">Controls<\/div>\n<div>\n<p>Nivel, selector L\u00ednea\/Micr\u00f3fono, Ecualizador grave, Ecualizador agudo, Ground Lift, Selector de LED frontal.<\/p>\n<\/div>\n<div style=\"font-weight: bold\">Sistema de suspensi\u00f3n.<\/div>\n<div>\n<p>4 x M10 arriba \/ abajo.<\/p>\n<\/div>\n<div style=\"font-weight: bold\">Construcci\u00f3n.<\/div>\n<div>\n<p>Plywood.<\/p>\n<\/div>\n<div style=\"font-weight: bold\">Color del gabinete.<\/div>\n<div>\n<p>Black.<\/p>\n<\/div>\n<div style=\"font-weight: bold\">Manijas.<\/div>\n<div>\n<p>2 manijas a los lados.<\/p>\n<\/div>\n<div style=\"font-weight: bold\">Montaje en poste.<\/div>\n<div>\n<p>1 debajo, \u00e1ngulo dual.<\/p>\n<\/div>\n<div style=\"font-weight: bold\">Power supply.<\/div>\n<div>\n<p>230 o 120 VAC 50\/60 Hz con selector de voltaje de l\u00ednea.<\/p>\n<\/div>\n<div style=\"font-weight: bold\">Dimensions.<\/div>\n<div>\n<p>448 x 670 x 410 mm.<\/p>\n<\/div>\n<div style=\"font-weight: bold\">Weight.<\/div>\n<div>\n<p>21 kg.<\/p>\n<\/div>\n<\/div>\n<\/div>","protected":false},"excerpt":{"rendered":"<p>Bafle activo de 15\u201d pulgadas a 2 v\u00edas, bobina m\u00f3vil de 2.5\u201d pulgadas, driver de compresi\u00f3n de 1\u201d pulgada con driver de compresi\u00f3n de 1.35\u201d pulgadas, cobertura de 90\u00b0 x 60\u00b0, potencia pico total: 600 watts, potencia continua del amplificador HF: 50 watts clase AB, potencia continua del amplificador LF: 250 watts clase D, respuesta de frecuencia: 45 Hz &#8211; 20 kHz, SPL m\u00e1ximo: 126 dB, gabinete de madera contrachapada, dimensiones: 448 x 670 x 410 mm, peso: 21 kg.&hellip; <a class=\"kt-excerpt-readmore more-link\" href=\"https:\/\/www.mexicanguitarplayers.com\/en\/tienda\/audio\/bafles-y-bocinas\/bafles\/bafles-activos\/bafle-proel-c-poder-lt15a\/\">Read more<\/a><\/p>","protected":false},"featured_media":30606,"comment_status":"open","ping_status":"closed","template":"","meta":{"kt_blocks_editor_width":""},"pwb-brand":[252],"product_brand":[],"product_cat":[213,222,472,221],"product_tag":[],"class_list":{"0":"post-30611","1":"product","2":"type-product","3":"status-publish","4":"has-post-thumbnail","6":"pwb-brand-proel","7":"product_cat-audio","8":"product_cat-bafles","9":"product_cat-bafles-activos","10":"product_cat-bafles-y-bocinas","11":"product_shipping_class-25-30-kg","13":"first","14":"outofstock","15":"taxable","16":"shipping-taxable","17":"purchasable","18":"product-type-simple"},"yoast_head":"<!-- This site is optimized with the Yoast SEO plugin v27.5 - https:\/\/yoast.com\/product\/yoast-seo-wordpress\/ -->\n<title>BAFLE PROEL   C\/PODER  LT15A - Mexican Guitar Players<\/title>\n<meta name=\"description\" content=\"Bafle activo de 15\u201d pulgadas a 2 v\u00edas, bobina m\u00f3vil de 2.5\u201d pulgadas, driver de compresi\u00f3n de 1\u201d pulgada con driver de compresi\u00f3n de 1.35\u201d pulgadas, cobertura de 90\u00b0 x 60\u00b0, potencia pico total: 600 watts, potencia continua del amplificador HF: 50 watts clase AB, potencia continua del amplificador LF: 250 watts clase D, respuesta de frecuencia: 45 Hz - 20 kHz, SPL m\u00e1ximo: 126 dB, gabinete de madera contrachapada, dimensiones: 448 x 670 x 410 mm, peso: 21 kg.\" \/>\n<meta name=\"robots\" content=\"index, follow, max-snippet:-1, max-image-preview:large, max-video-preview:-1\" \/>\n<link rel=\"canonical\" href=\"https:\/\/www.mexicanguitarplayers.com\/en\/tienda\/sin%20categor\u00eda\/bafle-proel-c-poder-lt15a\/\" \/>\n<meta property=\"og:locale\" content=\"en_US\" \/>\n<meta property=\"og:type\" content=\"article\" \/>\n<meta property=\"og:title\" content=\"BAFLE PROEL   C\/PODER  LT15A - Mexican Guitar Players\" \/>\n<meta property=\"og:description\" content=\"Bafle activo de 15\u201d pulgadas a 2 v\u00edas, bobina m\u00f3vil de 2.5\u201d pulgadas, driver de compresi\u00f3n de 1\u201d pulgada con driver de compresi\u00f3n de 1.35\u201d pulgadas, cobertura de 90\u00b0 x 60\u00b0, potencia pico total: 600 watts, potencia continua del amplificador HF: 50 watts clase AB, potencia continua del amplificador LF: 250 watts clase D, respuesta de frecuencia: 45 Hz - 20 kHz, SPL m\u00e1ximo: 126 dB, gabinete de madera contrachapada, dimensiones: 448 x 670 x 410 mm, peso: 21 kg.\" \/>\n<meta property=\"og:url\" content=\"https:\/\/www.mexicanguitarplayers.com\/en\/tienda\/sin categor\u00eda\/bafle-proel-c-poder-lt15a\/\" \/>\n<meta property=\"og:site_name\" content=\"Mexican Guitar Players\" \/>\n<meta property=\"article:modified_time\" content=\"2026-04-10T10:36:40+00:00\" \/>\n<meta name=\"twitter:card\" content=\"summary_large_image\" \/>\n<meta name=\"twitter:label1\" content=\"Est. reading time\" \/>\n\t<meta name=\"twitter:data1\" content=\"3 minutes\" \/>\n<script type=\"application\/ld+json\" class=\"yoast-schema-graph\">{\"@context\":\"https:\\\/\\\/schema.org\",\"@graph\":[{\"@type\":[\"WebPage\",\"ItemPage\"],\"@id\":\"https:\\\/\\\/www.mexicanguitarplayers.com\\\/tienda\\\/sin categor\u00eda\\\/bafle-proel-c-poder-lt15a\\\/\",\"url\":\"https:\\\/\\\/www.mexicanguitarplayers.com\\\/tienda\\\/sin categor\u00eda\\\/bafle-proel-c-poder-lt15a\\\/\",\"name\":\"BAFLE PROEL C\\\/PODER LT15A - Mexican Guitar Players\",\"isPartOf\":{\"@id\":\"https:\\\/\\\/www.mexicanguitarplayers.com\\\/#website\"},\"primaryImageOfPage\":{\"@id\":\"https:\\\/\\\/www.mexicanguitarplayers.com\\\/tienda\\\/sin categor\u00eda\\\/bafle-proel-c-poder-lt15a\\\/#primaryimage\"},\"image\":{\"@id\":\"https:\\\/\\\/www.mexicanguitarplayers.com\\\/tienda\\\/sin categor\u00eda\\\/bafle-proel-c-poder-lt15a\\\/#primaryimage\"},\"thumbnailUrl\":\"https:\\\/\\\/www.mexicanguitarplayers.com\\\/wp-content\\\/uploads\\\/2025\\\/04\\\/IAPRELT15A.jpg\",\"datePublished\":\"2025-04-08T17:20:39+00:00\",\"dateModified\":\"2026-04-10T10:36:40+00:00\",\"description\":\"Bafle activo de 15\u201d pulgadas a 2 v\u00edas, bobina m\u00f3vil de 2.5\u201d pulgadas, driver de compresi\u00f3n de 1\u201d pulgada con driver de compresi\u00f3n de 1.35\u201d pulgadas, cobertura de 90\u00b0 x 60\u00b0, potencia pico total: 600 watts, potencia continua del amplificador HF: 50 watts clase AB, potencia continua del amplificador LF: 250 watts clase D, respuesta de frecuencia: 45 Hz - 20 kHz, SPL m\u00e1ximo: 126 dB, gabinete de madera contrachapada, dimensiones: 448 x 670 x 410 mm, peso: 21 kg.\",\"breadcrumb\":{\"@id\":\"https:\\\/\\\/www.mexicanguitarplayers.com\\\/tienda\\\/sin categor\u00eda\\\/bafle-proel-c-poder-lt15a\\\/#breadcrumb\"},\"inLanguage\":\"en-US\",\"potentialAction\":[{\"@type\":\"ReadAction\",\"target\":[\"https:\\\/\\\/www.mexicanguitarplayers.com\\\/tienda\\\/sin categor\u00eda\\\/bafle-proel-c-poder-lt15a\\\/\"]}]},{\"@type\":\"ImageObject\",\"inLanguage\":\"en-US\",\"@id\":\"https:\\\/\\\/www.mexicanguitarplayers.com\\\/tienda\\\/sin categor\u00eda\\\/bafle-proel-c-poder-lt15a\\\/#primaryimage\",\"url\":\"https:\\\/\\\/www.mexicanguitarplayers.com\\\/wp-content\\\/uploads\\\/2025\\\/04\\\/IAPRELT15A.jpg\",\"contentUrl\":\"https:\\\/\\\/www.mexicanguitarplayers.com\\\/wp-content\\\/uploads\\\/2025\\\/04\\\/IAPRELT15A.jpg\",\"width\":1200,\"height\":1200},{\"@type\":\"BreadcrumbList\",\"@id\":\"https:\\\/\\\/www.mexicanguitarplayers.com\\\/tienda\\\/sin categor\u00eda\\\/bafle-proel-c-poder-lt15a\\\/#breadcrumb\",\"itemListElement\":[{\"@type\":\"ListItem\",\"position\":1,\"name\":\"Portada\",\"item\":\"https:\\\/\\\/www.mexicanguitarplayers.com\\\/\"},{\"@type\":\"ListItem\",\"position\":2,\"name\":\"Tienda\",\"item\":\"https:\\\/\\\/www.mexicanguitarplayers.com\\\/tienda\\\/\"},{\"@type\":\"ListItem\",\"position\":3,\"name\":\"BAFLE PROEL C\\\/PODER LT15A\"}]},{\"@type\":\"WebSite\",\"@id\":\"https:\\\/\\\/www.mexicanguitarplayers.com\\\/#website\",\"url\":\"https:\\\/\\\/www.mexicanguitarplayers.com\\\/\",\"name\":\"Mexican Guitar Players\",\"description\":\"Website\",\"publisher\":{\"@id\":\"https:\\\/\\\/www.mexicanguitarplayers.com\\\/#organization\"},\"potentialAction\":[{\"@type\":\"SearchAction\",\"target\":{\"@type\":\"EntryPoint\",\"urlTemplate\":\"https:\\\/\\\/www.mexicanguitarplayers.com\\\/?s={search_term_string}\"},\"query-input\":{\"@type\":\"PropertyValueSpecification\",\"valueRequired\":true,\"valueName\":\"search_term_string\"}}],\"inLanguage\":\"en-US\"},{\"@type\":\"Organization\",\"@id\":\"https:\\\/\\\/www.mexicanguitarplayers.com\\\/#organization\",\"name\":\"Mexican Guitar Players\",\"url\":\"https:\\\/\\\/www.mexicanguitarplayers.com\\\/\",\"logo\":{\"@type\":\"ImageObject\",\"inLanguage\":\"en-US\",\"@id\":\"https:\\\/\\\/www.mexicanguitarplayers.com\\\/#\\\/schema\\\/logo\\\/image\\\/\",\"url\":\"\",\"contentUrl\":\"\",\"caption\":\"Mexican Guitar Players\"},\"image\":{\"@id\":\"https:\\\/\\\/www.mexicanguitarplayers.com\\\/#\\\/schema\\\/logo\\\/image\\\/\"}}]}<\/script>\n<!-- \/ Yoast SEO plugin. -->","yoast_head_json":{"title":"BAFLE PROEL   C\/PODER  LT15A - Mexican Guitar Players","description":"Bafle activo de 15\u201d pulgadas a 2 v\u00edas, bobina m\u00f3vil de 2.5\u201d pulgadas, driver de compresi\u00f3n de 1\u201d pulgada con driver de compresi\u00f3n de 1.35\u201d pulgadas, cobertura de 90\u00b0 x 60\u00b0, potencia pico total: 600 watts, potencia continua del amplificador HF: 50 watts clase AB, potencia continua del amplificador LF: 250 watts clase D, respuesta de frecuencia: 45 Hz - 20 kHz, SPL m\u00e1ximo: 126 dB, gabinete de madera contrachapada, dimensiones: 448 x 670 x 410 mm, peso: 21 kg.","robots":{"index":"index","follow":"follow","max-snippet":"max-snippet:-1","max-image-preview":"max-image-preview:large","max-video-preview":"max-video-preview:-1"},"canonical":"https:\/\/www.mexicanguitarplayers.com\/en\/tienda\/sin categor\u00eda\/bafle-proel-c-poder-lt15a\/","og_locale":"en_US","og_type":"article","og_title":"BAFLE PROEL   C\/PODER  LT15A - Mexican Guitar Players","og_description":"Bafle activo de 15\u201d pulgadas a 2 v\u00edas, bobina m\u00f3vil de 2.5\u201d pulgadas, driver de compresi\u00f3n de 1\u201d pulgada con driver de compresi\u00f3n de 1.35\u201d pulgadas, cobertura de 90\u00b0 x 60\u00b0, potencia pico total: 600 watts, potencia continua del amplificador HF: 50 watts clase AB, potencia continua del amplificador LF: 250 watts clase D, respuesta de frecuencia: 45 Hz - 20 kHz, SPL m\u00e1ximo: 126 dB, gabinete de madera contrachapada, dimensiones: 448 x 670 x 410 mm, peso: 21 kg.","og_url":"https:\/\/www.mexicanguitarplayers.com\/en\/tienda\/sin categor\u00eda\/bafle-proel-c-poder-lt15a\/","og_site_name":"Mexican Guitar Players","article_modified_time":"2026-04-10T10:36:40+00:00","twitter_card":"summary_large_image","twitter_misc":{"Est. reading time":"3 minutes"},"schema":{"@context":"https:\/\/schema.org","@graph":[{"@type":["WebPage","ItemPage"],"@id":"https:\/\/www.mexicanguitarplayers.com\/tienda\/sin categor\u00eda\/bafle-proel-c-poder-lt15a\/","url":"https:\/\/www.mexicanguitarplayers.com\/tienda\/sin categor\u00eda\/bafle-proel-c-poder-lt15a\/","name":"BAFLE PROEL C\/PODER LT15A - Mexican Guitar Players","isPartOf":{"@id":"https:\/\/www.mexicanguitarplayers.com\/#website"},"primaryImageOfPage":{"@id":"https:\/\/www.mexicanguitarplayers.com\/tienda\/sin categor\u00eda\/bafle-proel-c-poder-lt15a\/#primaryimage"},"image":{"@id":"https:\/\/www.mexicanguitarplayers.com\/tienda\/sin categor\u00eda\/bafle-proel-c-poder-lt15a\/#primaryimage"},"thumbnailUrl":"https:\/\/www.mexicanguitarplayers.com\/wp-content\/uploads\/2025\/04\/IAPRELT15A.jpg","datePublished":"2025-04-08T17:20:39+00:00","dateModified":"2026-04-10T10:36:40+00:00","description":"Bafle activo de 15\u201d pulgadas a 2 v\u00edas, bobina m\u00f3vil de 2.5\u201d pulgadas, driver de compresi\u00f3n de 1\u201d pulgada con driver de compresi\u00f3n de 1.35\u201d pulgadas, cobertura de 90\u00b0 x 60\u00b0, potencia pico total: 600 watts, potencia continua del amplificador HF: 50 watts clase AB, potencia continua del amplificador LF: 250 watts clase D, respuesta de frecuencia: 45 Hz - 20 kHz, SPL m\u00e1ximo: 126 dB, gabinete de madera contrachapada, dimensiones: 448 x 670 x 410 mm, peso: 21 kg.","breadcrumb":{"@id":"https:\/\/www.mexicanguitarplayers.com\/tienda\/sin categor\u00eda\/bafle-proel-c-poder-lt15a\/#breadcrumb"},"inLanguage":"en-US","potentialAction":[{"@type":"ReadAction","target":["https:\/\/www.mexicanguitarplayers.com\/tienda\/sin categor\u00eda\/bafle-proel-c-poder-lt15a\/"]}]},{"@type":"ImageObject","inLanguage":"en-US","@id":"https:\/\/www.mexicanguitarplayers.com\/tienda\/sin categor\u00eda\/bafle-proel-c-poder-lt15a\/#primaryimage","url":"https:\/\/www.mexicanguitarplayers.com\/wp-content\/uploads\/2025\/04\/IAPRELT15A.jpg","contentUrl":"https:\/\/www.mexicanguitarplayers.com\/wp-content\/uploads\/2025\/04\/IAPRELT15A.jpg","width":1200,"height":1200},{"@type":"BreadcrumbList","@id":"https:\/\/www.mexicanguitarplayers.com\/tienda\/sin categor\u00eda\/bafle-proel-c-poder-lt15a\/#breadcrumb","itemListElement":[{"@type":"ListItem","position":1,"name":"Portada","item":"https:\/\/www.mexicanguitarplayers.com\/"},{"@type":"ListItem","position":2,"name":"Tienda","item":"https:\/\/www.mexicanguitarplayers.com\/tienda\/"},{"@type":"ListItem","position":3,"name":"BAFLE PROEL C\/PODER LT15A"}]},{"@type":"WebSite","@id":"https:\/\/www.mexicanguitarplayers.com\/#website","url":"https:\/\/www.mexicanguitarplayers.com\/","name":"Mexican Guitar Players","description":"Website","publisher":{"@id":"https:\/\/www.mexicanguitarplayers.com\/#organization"},"potentialAction":[{"@type":"SearchAction","target":{"@type":"EntryPoint","urlTemplate":"https:\/\/www.mexicanguitarplayers.com\/?s={search_term_string}"},"query-input":{"@type":"PropertyValueSpecification","valueRequired":true,"valueName":"search_term_string"}}],"inLanguage":"en-US"},{"@type":"Organization","@id":"https:\/\/www.mexicanguitarplayers.com\/#organization","name":"Mexican Guitar Players","url":"https:\/\/www.mexicanguitarplayers.com\/","logo":{"@type":"ImageObject","inLanguage":"en-US","@id":"https:\/\/www.mexicanguitarplayers.com\/#\/schema\/logo\/image\/","url":"","contentUrl":"","caption":"Mexican Guitar Players"},"image":{"@id":"https:\/\/www.mexicanguitarplayers.com\/#\/schema\/logo\/image\/"}}]}},"brands":[{"id":252,"name":"PROEL","slug":"proel"}],"_links":{"self":[{"href":"https:\/\/www.mexicanguitarplayers.com\/en\/wp-json\/wp\/v2\/product\/30611","targetHints":{"allow":["GET"]}}],"collection":[{"href":"https:\/\/www.mexicanguitarplayers.com\/en\/wp-json\/wp\/v2\/product"}],"about":[{"href":"https:\/\/www.mexicanguitarplayers.com\/en\/wp-json\/wp\/v2\/types\/product"}],"replies":[{"embeddable":true,"href":"https:\/\/www.mexicanguitarplayers.com\/en\/wp-json\/wp\/v2\/comments?post=30611"}],"wp:featuredmedia":[{"embeddable":true,"href":"https:\/\/www.mexicanguitarplayers.com\/en\/wp-json\/wp\/v2\/media\/30606"}],"wp:attachment":[{"href":"https:\/\/www.mexicanguitarplayers.com\/en\/wp-json\/wp\/v2\/media?parent=30611"}],"wp:term":[{"taxonomy":"pwb-brand","embeddable":true,"href":"https:\/\/www.mexicanguitarplayers.com\/en\/wp-json\/wp\/v2\/pwb-brand?post=30611"},{"taxonomy":"product_brand","embeddable":true,"href":"https:\/\/www.mexicanguitarplayers.com\/en\/wp-json\/wp\/v2\/product_brand?post=30611"},{"taxonomy":"product_cat","embeddable":true,"href":"https:\/\/www.mexicanguitarplayers.com\/en\/wp-json\/wp\/v2\/product_cat?post=30611"},{"taxonomy":"product_tag","embeddable":true,"href":"https:\/\/www.mexicanguitarplayers.com\/en\/wp-json\/wp\/v2\/product_tag?post=30611"}],"curies":[{"name":"wp","href":"https:\/\/api.w.org\/{rel}","templated":true}]}}