{"id":30660,"date":"2025-04-08T11:22:03","date_gmt":"2025-04-08T17:22:03","guid":{"rendered":"https:\/\/www.mexicanguitarplayers.com\/tienda\/sin categor\u00eda\/amplificador-blackstar-p-bajo-unity-elite-700h\/"},"modified":"2025-05-09T07:28:09","modified_gmt":"2025-05-09T13:28:09","slug":"amplificador-blackstar-p-bajo-unity-elite-700h","status":"publish","type":"product","link":"https:\/\/www.mexicanguitarplayers.com\/en\/tienda\/cuerdas\/amplificadores-cuerdas\/amps-para-bajo\/amplificador-blackstar-p-bajo-unity-elite-700h\/","title":{"rendered":"AMPLIFICADOR BLACKSTAR P\/BAJO UNITY ELITE 700H"},"content":{"rendered":"<div style=\"text-align: justify\">\n<div>\n<h3>Es hora de entusiasmarse con el bajo.<\/h3>\n<\/div>\n<div>El sistema Unity Pro de Blackstar ha establecido el est\u00e1ndar de potencia y flexibilidad en combos compactos para bajo. El nuevo cabezal y gabinetes Unity Elite de gama alta brindan un tono que llena el estadio en un formato conveniente y liviano. El cabezal de gran headroom ofrece una suficiente claridad tonal para cualquier situaci\u00f3n en vivo. Los gabinetes Elite utilizan una construcci\u00f3n de madera maciza incre\u00edblemente fuerte y liviana combinada con drivers de cer\u00e1mica Eminance premium como est\u00e1ndar para obtener sonidos aut\u00e9nticos y una ligereza l\u00edder en su clase. La funci\u00f3n Response recrea con precisi\u00f3n la respuesta de dos venerados bulbos de salida, el 6550 y el 6L6. El overdrive y los efectos con calidad de estudio se pueden conmutar mediante el footswitch FS-13 de 2 botones (incluido) o el driver controlador de pedal FS-12 opcional (no incluido) con funcionalidad y afinador ampliados. El cabezal de bajo Unity 700H Elite es un equipo din\u00e1mico de alto headroom. Con 700W de potencia disponible al alcance de tu mano, aqu\u00ed hay suficiente para cualquier tipo de situaci\u00f3n en vivo, ya sea que est\u00e9s tocando en un lugar m\u00e1s \u00edntimo o en un espacio al aire libre m\u00e1s grande. Es el compa\u00f1ero tonal perfecto para los gabinetes de bajo pasivos Unity Elite.<\/div>\n<div>\n<h4>Quick look<\/h4>\n<\/div>\n<ul style=\"margin: 0px 0px 0px 25px\">\n<li style=\"list-style-type: circle;margin: 5px\">Kind.<\/li>\n<li style=\"list-style-type: circle;margin: 5px\">Power.<\/li>\n<li style=\"list-style-type: circle;margin: 5px\">Voz.<\/li>\n<li style=\"list-style-type: circle;margin: 5px\">Drive.<\/li>\n<li style=\"list-style-type: circle;margin: 5px\">Equalizer<\/li>\n<li style=\"list-style-type: circle;margin: 5px\">Respuesta.<\/li>\n<li style=\"list-style-type: circle;margin: 5px\">Effects.<\/li>\n<li style=\"list-style-type: circle;margin: 5px\">Compressor.<\/li>\n<li style=\"list-style-type: circle;margin: 5px\">Line in.<\/li>\n<li style=\"list-style-type: circle;margin: 5px\">Line out.<\/li>\n<li style=\"list-style-type: circle;margin: 5px\">Footswitch.<\/li>\n<li style=\"list-style-type: circle;margin: 5px\">Effects loop.<\/li>\n<li style=\"list-style-type: circle;margin: 5px\">Salida de altavoces.<\/li>\n<li style=\"list-style-type: circle;margin: 5px\">Dimensions.<\/li>\n<li style=\"list-style-type: circle;margin: 5px\">Weight.<\/li>\n<\/ul>\n<div>\n<div style=\"font-weight: bold\">Kind.<\/div>\n<div>\n<p>Amplificador para bajo.<\/p>\n<\/div>\n<div style=\"font-weight: bold\">Power.<\/div>\n<div>\n<p>700W.<\/p>\n<\/div>\n<div style=\"font-weight: bold\">Voz.<\/div>\n<div>\n<p>Classic, Modern, Flat.<\/p>\n<\/div>\n<div style=\"font-weight: bold\">Drive.<\/div>\n<div>\n<p>OD, Dist, Fuzz.<\/p>\n<\/div>\n<div style=\"font-weight: bold\">Equalizer<\/div>\n<div>\n<p>Semi param\u00e9trico: grave, medio, frecuencia media, agudo.<\/p>\n<\/div>\n<div style=\"font-weight: bold\">Respuesta.<\/div>\n<div>\n<p>Lineal, 6L6, 6550.<\/p>\n<\/div>\n<div style=\"font-weight: bold\">Effects.<\/div>\n<div>\n<p>Chorus, octava (Up\/Down).<\/p>\n<\/div>\n<div style=\"font-weight: bold\">Compressor.<\/div>\n<div>\n<p>S\u00ed (Control de nivel, On\/Off).<\/p>\n<\/div>\n<div style=\"font-weight: bold\">Line in.<\/div>\n<div>\n<p>Yes.<\/p>\n<\/div>\n<div style=\"font-weight: bold\">Line out.<\/div>\n<div>\n<p>USB, aud\u00edfonos, XLR (Em Out o DI).<\/p>\n<\/div>\n<div style=\"font-weight: bold\">Footswitch.<\/div>\n<div>\n<p>S\u00ed (FS-13 incluido, FS-12 opcional no incluido).<\/p>\n<\/div>\n<div style=\"font-weight: bold\">Effects loop.<\/div>\n<div>\n<p>S\u00ed (Series).<\/p>\n<\/div>\n<div style=\"font-weight: bold\">Salida de altavoces.<\/div>\n<div>\n<p>SpeakON (gabinetes pasivos) o Cab Link XLR (U250ACT gabinetes activos).<\/p>\n<\/div>\n<div style=\"font-weight: bold\">Dimensions.<\/div>\n<div>\n<p>378 x 77  x 245 mm.<\/p>\n<\/div>\n<div style=\"font-weight: bold\">Weight.<\/div>\n<div>\n<p>4.2 kg.<\/p>\n<\/div>\n<\/div>\n<\/div>","protected":false},"excerpt":{"rendered":"<p>Amplificador para bajo, 700W de potencia, 3 voces (Classic, Modern, Flat), 3 unidades conmutables por pedal con mezcla controlable por el usuario (Overdrive \/ Distortion \/ Fuzz), ecualizador de 3 bandas con medios semiparam\u00e9tricos, control de respuesta \u00fanico: lineal, 6L6 y 6550, chorus y octava conmutables por pedal con control de nivel ajustable, compresor, ganancia de entrada con indicaci\u00f3n de clip, pad switch para instrumentos activos\/pasivos, volumen master, link al gabinete activo de la serie Unity Bass, salida de audio USB para grabaci\u00f3n directa, loop de efectos en serie, MP3\/Line in, XLR + 1\/4\u201d line out\/aud\u00edfonos con control de nivel independiente, D.I. \/ salidas de l\u00ednea emuladas de gabinete, dimensiones: 378 x 77 x 245 mm, peso: 4.2 kg.&hellip; <a class=\"kt-excerpt-readmore more-link\" href=\"https:\/\/www.mexicanguitarplayers.com\/en\/tienda\/cuerdas\/amplificadores-cuerdas\/amps-para-bajo\/amplificador-blackstar-p-bajo-unity-elite-700h\/\">Read more<\/a><\/p>","protected":false},"featured_media":30654,"comment_status":"open","ping_status":"closed","template":"","meta":{"kt_blocks_editor_width":""},"pwb-brand":[172],"product_brand":[],"product_cat":[219,254,224],"product_tag":[],"class_list":{"0":"post-30660","1":"product","2":"type-product","3":"status-publish","4":"has-post-thumbnail","6":"pwb-brand-blackstar","7":"product_cat-amplificadores-audio","8":"product_cat-amps-para-bajo","9":"product_cat-cuerdas","10":"product_shipping_class-5-10-kg","12":"first","13":"outofstock","14":"taxable","15":"shipping-taxable","16":"purchasable","17":"product-type-simple"},"yoast_head":"<!-- This site is optimized with the Yoast SEO plugin v27.3 - https:\/\/yoast.com\/product\/yoast-seo-wordpress\/ -->\n<title>AMPLIFICADOR BLACKSTAR P\/BAJO UNITY ELITE 700H - Mexican Guitar Players<\/title>\n<meta name=\"description\" content=\"Amplificador para bajo, 700W de potencia, 3 voces (Classic, Modern, Flat), 3 unidades conmutables por pedal con mezcla controlable por el usuario (Overdrive \/ Distortion \/ Fuzz), ecualizador de 3 bandas con medios semiparam\u00e9tricos, control de respuesta \u00fanico: lineal, 6L6 y 6550, chorus y octava conmutables por pedal con control de nivel ajustable, compresor, ganancia de entrada con indicaci\u00f3n de clip, pad switch para instrumentos activos\/pasivos, volumen master, link al gabinete activo de la serie Unity Bass, salida de audio USB para grabaci\u00f3n directa, loop de efectos en serie, MP3\/Line in, XLR + 1\/4\u201d line out\/aud\u00edfonos con control de nivel independiente, D.I. \/ salidas de l\u00ednea emuladas de gabinete, dimensiones: 378 x 77 x 245 mm, peso: 4.2 kg.\" \/>\n<meta name=\"robots\" content=\"index, follow, max-snippet:-1, max-image-preview:large, max-video-preview:-1\" \/>\n<link rel=\"canonical\" href=\"https:\/\/www.mexicanguitarplayers.com\/en\/tienda\/sin%20categor\u00eda\/amplificador-blackstar-p-bajo-unity-elite-700h\/\" \/>\n<meta property=\"og:locale\" content=\"en_US\" \/>\n<meta property=\"og:type\" content=\"article\" \/>\n<meta property=\"og:title\" content=\"AMPLIFICADOR BLACKSTAR P\/BAJO UNITY ELITE 700H - Mexican Guitar Players\" \/>\n<meta property=\"og:description\" content=\"Amplificador para bajo, 700W de potencia, 3 voces (Classic, Modern, Flat), 3 unidades conmutables por pedal con mezcla controlable por el usuario (Overdrive \/ Distortion \/ Fuzz), ecualizador de 3 bandas con medios semiparam\u00e9tricos, control de respuesta \u00fanico: lineal, 6L6 y 6550, chorus y octava conmutables por pedal con control de nivel ajustable, compresor, ganancia de entrada con indicaci\u00f3n de clip, pad switch para instrumentos activos\/pasivos, volumen master, link al gabinete activo de la serie Unity Bass, salida de audio USB para grabaci\u00f3n directa, loop de efectos en serie, MP3\/Line in, XLR + 1\/4\u201d line out\/aud\u00edfonos con control de nivel independiente, D.I. \/ salidas de l\u00ednea emuladas de gabinete, dimensiones: 378 x 77 x 245 mm, peso: 4.2 kg.\" \/>\n<meta property=\"og:url\" content=\"https:\/\/www.mexicanguitarplayers.com\/en\/tienda\/sin categor\u00eda\/amplificador-blackstar-p-bajo-unity-elite-700h\/\" \/>\n<meta property=\"og:site_name\" content=\"Mexican Guitar Players\" \/>\n<meta property=\"article:modified_time\" content=\"2025-05-09T13:28:09+00:00\" \/>\n<meta name=\"twitter:card\" content=\"summary_large_image\" \/>\n<meta name=\"twitter:label1\" content=\"Est. reading time\" \/>\n\t<meta name=\"twitter:data1\" content=\"2 minutes\" \/>\n<script type=\"application\/ld+json\" class=\"yoast-schema-graph\">{\"@context\":\"https:\\\/\\\/schema.org\",\"@graph\":[{\"@type\":[\"WebPage\",\"ItemPage\"],\"@id\":\"https:\\\/\\\/www.mexicanguitarplayers.com\\\/tienda\\\/sin categor\u00eda\\\/amplificador-blackstar-p-bajo-unity-elite-700h\\\/\",\"url\":\"https:\\\/\\\/www.mexicanguitarplayers.com\\\/tienda\\\/sin categor\u00eda\\\/amplificador-blackstar-p-bajo-unity-elite-700h\\\/\",\"name\":\"AMPLIFICADOR BLACKSTAR P\\\/BAJO UNITY ELITE 700H - Mexican Guitar Players\",\"isPartOf\":{\"@id\":\"https:\\\/\\\/www.mexicanguitarplayers.com\\\/#website\"},\"primaryImageOfPage\":{\"@id\":\"https:\\\/\\\/www.mexicanguitarplayers.com\\\/tienda\\\/sin categor\u00eda\\\/amplificador-blackstar-p-bajo-unity-elite-700h\\\/#primaryimage\"},\"image\":{\"@id\":\"https:\\\/\\\/www.mexicanguitarplayers.com\\\/tienda\\\/sin categor\u00eda\\\/amplificador-blackstar-p-bajo-unity-elite-700h\\\/#primaryimage\"},\"thumbnailUrl\":\"https:\\\/\\\/www.mexicanguitarplayers.com\\\/wp-content\\\/uploads\\\/2025\\\/04\\\/ICBLSUNITY700H.jpg\",\"datePublished\":\"2025-04-08T17:22:03+00:00\",\"dateModified\":\"2025-05-09T13:28:09+00:00\",\"description\":\"Amplificador para bajo, 700W de potencia, 3 voces (Classic, Modern, Flat), 3 unidades conmutables por pedal con mezcla controlable por el usuario (Overdrive \\\/ Distortion \\\/ Fuzz), ecualizador de 3 bandas con medios semiparam\u00e9tricos, control de respuesta \u00fanico: lineal, 6L6 y 6550, chorus y octava conmutables por pedal con control de nivel ajustable, compresor, ganancia de entrada con indicaci\u00f3n de clip, pad switch para instrumentos activos\\\/pasivos, volumen master, link al gabinete activo de la serie Unity Bass, salida de audio USB para grabaci\u00f3n directa, loop de efectos en serie, MP3\\\/Line in, XLR + 1\\\/4\u201d line out\\\/aud\u00edfonos con control de nivel independiente, D.I. \\\/ salidas de l\u00ednea emuladas de gabinete, dimensiones: 378 x 77 x 245 mm, peso: 4.2 kg.\",\"breadcrumb\":{\"@id\":\"https:\\\/\\\/www.mexicanguitarplayers.com\\\/tienda\\\/sin categor\u00eda\\\/amplificador-blackstar-p-bajo-unity-elite-700h\\\/#breadcrumb\"},\"inLanguage\":\"en-US\",\"potentialAction\":[{\"@type\":\"ReadAction\",\"target\":[\"https:\\\/\\\/www.mexicanguitarplayers.com\\\/tienda\\\/sin categor\u00eda\\\/amplificador-blackstar-p-bajo-unity-elite-700h\\\/\"]}]},{\"@type\":\"ImageObject\",\"inLanguage\":\"en-US\",\"@id\":\"https:\\\/\\\/www.mexicanguitarplayers.com\\\/tienda\\\/sin categor\u00eda\\\/amplificador-blackstar-p-bajo-unity-elite-700h\\\/#primaryimage\",\"url\":\"https:\\\/\\\/www.mexicanguitarplayers.com\\\/wp-content\\\/uploads\\\/2025\\\/04\\\/ICBLSUNITY700H.jpg\",\"contentUrl\":\"https:\\\/\\\/www.mexicanguitarplayers.com\\\/wp-content\\\/uploads\\\/2025\\\/04\\\/ICBLSUNITY700H.jpg\",\"width\":1600,\"height\":800},{\"@type\":\"BreadcrumbList\",\"@id\":\"https:\\\/\\\/www.mexicanguitarplayers.com\\\/tienda\\\/sin categor\u00eda\\\/amplificador-blackstar-p-bajo-unity-elite-700h\\\/#breadcrumb\",\"itemListElement\":[{\"@type\":\"ListItem\",\"position\":1,\"name\":\"Portada\",\"item\":\"https:\\\/\\\/www.mexicanguitarplayers.com\\\/\"},{\"@type\":\"ListItem\",\"position\":2,\"name\":\"Tienda\",\"item\":\"https:\\\/\\\/www.mexicanguitarplayers.com\\\/tienda\\\/\"},{\"@type\":\"ListItem\",\"position\":3,\"name\":\"AMPLIFICADOR BLACKSTAR P\\\/BAJO UNITY ELITE 700H\"}]},{\"@type\":\"WebSite\",\"@id\":\"https:\\\/\\\/www.mexicanguitarplayers.com\\\/#website\",\"url\":\"https:\\\/\\\/www.mexicanguitarplayers.com\\\/\",\"name\":\"Mexican Guitar Players\",\"description\":\"Website\",\"publisher\":{\"@id\":\"https:\\\/\\\/www.mexicanguitarplayers.com\\\/#organization\"},\"potentialAction\":[{\"@type\":\"SearchAction\",\"target\":{\"@type\":\"EntryPoint\",\"urlTemplate\":\"https:\\\/\\\/www.mexicanguitarplayers.com\\\/?s={search_term_string}\"},\"query-input\":{\"@type\":\"PropertyValueSpecification\",\"valueRequired\":true,\"valueName\":\"search_term_string\"}}],\"inLanguage\":\"en-US\"},{\"@type\":\"Organization\",\"@id\":\"https:\\\/\\\/www.mexicanguitarplayers.com\\\/#organization\",\"name\":\"Mexican Guitar Players\",\"url\":\"https:\\\/\\\/www.mexicanguitarplayers.com\\\/\",\"logo\":{\"@type\":\"ImageObject\",\"inLanguage\":\"en-US\",\"@id\":\"https:\\\/\\\/www.mexicanguitarplayers.com\\\/#\\\/schema\\\/logo\\\/image\\\/\",\"url\":\"\",\"contentUrl\":\"\",\"caption\":\"Mexican Guitar Players\"},\"image\":{\"@id\":\"https:\\\/\\\/www.mexicanguitarplayers.com\\\/#\\\/schema\\\/logo\\\/image\\\/\"}}]}<\/script>\n<!-- \/ Yoast SEO plugin. -->","yoast_head_json":{"title":"AMPLIFICADOR BLACKSTAR P\/BAJO UNITY ELITE 700H - Mexican Guitar Players","description":"Amplificador para bajo, 700W de potencia, 3 voces (Classic, Modern, Flat), 3 unidades conmutables por pedal con mezcla controlable por el usuario (Overdrive \/ Distortion \/ Fuzz), ecualizador de 3 bandas con medios semiparam\u00e9tricos, control de respuesta \u00fanico: lineal, 6L6 y 6550, chorus y octava conmutables por pedal con control de nivel ajustable, compresor, ganancia de entrada con indicaci\u00f3n de clip, pad switch para instrumentos activos\/pasivos, volumen master, link al gabinete activo de la serie Unity Bass, salida de audio USB para grabaci\u00f3n directa, loop de efectos en serie, MP3\/Line in, XLR + 1\/4\u201d line out\/aud\u00edfonos con control de nivel independiente, D.I. \/ salidas de l\u00ednea emuladas de gabinete, dimensiones: 378 x 77 x 245 mm, peso: 4.2 kg.","robots":{"index":"index","follow":"follow","max-snippet":"max-snippet:-1","max-image-preview":"max-image-preview:large","max-video-preview":"max-video-preview:-1"},"canonical":"https:\/\/www.mexicanguitarplayers.com\/en\/tienda\/sin categor\u00eda\/amplificador-blackstar-p-bajo-unity-elite-700h\/","og_locale":"en_US","og_type":"article","og_title":"AMPLIFICADOR BLACKSTAR P\/BAJO UNITY ELITE 700H - Mexican Guitar Players","og_description":"Amplificador para bajo, 700W de potencia, 3 voces (Classic, Modern, Flat), 3 unidades conmutables por pedal con mezcla controlable por el usuario (Overdrive \/ Distortion \/ Fuzz), ecualizador de 3 bandas con medios semiparam\u00e9tricos, control de respuesta \u00fanico: lineal, 6L6 y 6550, chorus y octava conmutables por pedal con control de nivel ajustable, compresor, ganancia de entrada con indicaci\u00f3n de clip, pad switch para instrumentos activos\/pasivos, volumen master, link al gabinete activo de la serie Unity Bass, salida de audio USB para grabaci\u00f3n directa, loop de efectos en serie, MP3\/Line in, XLR + 1\/4\u201d line out\/aud\u00edfonos con control de nivel independiente, D.I. \/ salidas de l\u00ednea emuladas de gabinete, dimensiones: 378 x 77 x 245 mm, peso: 4.2 kg.","og_url":"https:\/\/www.mexicanguitarplayers.com\/en\/tienda\/sin categor\u00eda\/amplificador-blackstar-p-bajo-unity-elite-700h\/","og_site_name":"Mexican Guitar Players","article_modified_time":"2025-05-09T13:28:09+00:00","twitter_card":"summary_large_image","twitter_misc":{"Est. reading time":"2 minutes"},"schema":{"@context":"https:\/\/schema.org","@graph":[{"@type":["WebPage","ItemPage"],"@id":"https:\/\/www.mexicanguitarplayers.com\/tienda\/sin categor\u00eda\/amplificador-blackstar-p-bajo-unity-elite-700h\/","url":"https:\/\/www.mexicanguitarplayers.com\/tienda\/sin categor\u00eda\/amplificador-blackstar-p-bajo-unity-elite-700h\/","name":"AMPLIFICADOR BLACKSTAR P\/BAJO UNITY ELITE 700H - Mexican Guitar Players","isPartOf":{"@id":"https:\/\/www.mexicanguitarplayers.com\/#website"},"primaryImageOfPage":{"@id":"https:\/\/www.mexicanguitarplayers.com\/tienda\/sin categor\u00eda\/amplificador-blackstar-p-bajo-unity-elite-700h\/#primaryimage"},"image":{"@id":"https:\/\/www.mexicanguitarplayers.com\/tienda\/sin categor\u00eda\/amplificador-blackstar-p-bajo-unity-elite-700h\/#primaryimage"},"thumbnailUrl":"https:\/\/www.mexicanguitarplayers.com\/wp-content\/uploads\/2025\/04\/ICBLSUNITY700H.jpg","datePublished":"2025-04-08T17:22:03+00:00","dateModified":"2025-05-09T13:28:09+00:00","description":"Amplificador para bajo, 700W de potencia, 3 voces (Classic, Modern, Flat), 3 unidades conmutables por pedal con mezcla controlable por el usuario (Overdrive \/ Distortion \/ Fuzz), ecualizador de 3 bandas con medios semiparam\u00e9tricos, control de respuesta \u00fanico: lineal, 6L6 y 6550, chorus y octava conmutables por pedal con control de nivel ajustable, compresor, ganancia de entrada con indicaci\u00f3n de clip, pad switch para instrumentos activos\/pasivos, volumen master, link al gabinete activo de la serie Unity Bass, salida de audio USB para grabaci\u00f3n directa, loop de efectos en serie, MP3\/Line in, XLR + 1\/4\u201d line out\/aud\u00edfonos con control de nivel independiente, D.I. \/ salidas de l\u00ednea emuladas de gabinete, dimensiones: 378 x 77 x 245 mm, peso: 4.2 kg.","breadcrumb":{"@id":"https:\/\/www.mexicanguitarplayers.com\/tienda\/sin categor\u00eda\/amplificador-blackstar-p-bajo-unity-elite-700h\/#breadcrumb"},"inLanguage":"en-US","potentialAction":[{"@type":"ReadAction","target":["https:\/\/www.mexicanguitarplayers.com\/tienda\/sin categor\u00eda\/amplificador-blackstar-p-bajo-unity-elite-700h\/"]}]},{"@type":"ImageObject","inLanguage":"en-US","@id":"https:\/\/www.mexicanguitarplayers.com\/tienda\/sin categor\u00eda\/amplificador-blackstar-p-bajo-unity-elite-700h\/#primaryimage","url":"https:\/\/www.mexicanguitarplayers.com\/wp-content\/uploads\/2025\/04\/ICBLSUNITY700H.jpg","contentUrl":"https:\/\/www.mexicanguitarplayers.com\/wp-content\/uploads\/2025\/04\/ICBLSUNITY700H.jpg","width":1600,"height":800},{"@type":"BreadcrumbList","@id":"https:\/\/www.mexicanguitarplayers.com\/tienda\/sin categor\u00eda\/amplificador-blackstar-p-bajo-unity-elite-700h\/#breadcrumb","itemListElement":[{"@type":"ListItem","position":1,"name":"Portada","item":"https:\/\/www.mexicanguitarplayers.com\/"},{"@type":"ListItem","position":2,"name":"Tienda","item":"https:\/\/www.mexicanguitarplayers.com\/tienda\/"},{"@type":"ListItem","position":3,"name":"AMPLIFICADOR BLACKSTAR P\/BAJO UNITY ELITE 700H"}]},{"@type":"WebSite","@id":"https:\/\/www.mexicanguitarplayers.com\/#website","url":"https:\/\/www.mexicanguitarplayers.com\/","name":"Mexican Guitar Players","description":"Website","publisher":{"@id":"https:\/\/www.mexicanguitarplayers.com\/#organization"},"potentialAction":[{"@type":"SearchAction","target":{"@type":"EntryPoint","urlTemplate":"https:\/\/www.mexicanguitarplayers.com\/?s={search_term_string}"},"query-input":{"@type":"PropertyValueSpecification","valueRequired":true,"valueName":"search_term_string"}}],"inLanguage":"en-US"},{"@type":"Organization","@id":"https:\/\/www.mexicanguitarplayers.com\/#organization","name":"Mexican Guitar Players","url":"https:\/\/www.mexicanguitarplayers.com\/","logo":{"@type":"ImageObject","inLanguage":"en-US","@id":"https:\/\/www.mexicanguitarplayers.com\/#\/schema\/logo\/image\/","url":"","contentUrl":"","caption":"Mexican Guitar Players"},"image":{"@id":"https:\/\/www.mexicanguitarplayers.com\/#\/schema\/logo\/image\/"}}]}},"brands":[{"id":172,"name":"BLACKSTAR","slug":"blackstar"}],"_links":{"self":[{"href":"https:\/\/www.mexicanguitarplayers.com\/en\/wp-json\/wp\/v2\/product\/30660","targetHints":{"allow":["GET"]}}],"collection":[{"href":"https:\/\/www.mexicanguitarplayers.com\/en\/wp-json\/wp\/v2\/product"}],"about":[{"href":"https:\/\/www.mexicanguitarplayers.com\/en\/wp-json\/wp\/v2\/types\/product"}],"replies":[{"embeddable":true,"href":"https:\/\/www.mexicanguitarplayers.com\/en\/wp-json\/wp\/v2\/comments?post=30660"}],"wp:featuredmedia":[{"embeddable":true,"href":"https:\/\/www.mexicanguitarplayers.com\/en\/wp-json\/wp\/v2\/media\/30654"}],"wp:attachment":[{"href":"https:\/\/www.mexicanguitarplayers.com\/en\/wp-json\/wp\/v2\/media?parent=30660"}],"wp:term":[{"taxonomy":"pwb-brand","embeddable":true,"href":"https:\/\/www.mexicanguitarplayers.com\/en\/wp-json\/wp\/v2\/pwb-brand?post=30660"},{"taxonomy":"product_brand","embeddable":true,"href":"https:\/\/www.mexicanguitarplayers.com\/en\/wp-json\/wp\/v2\/product_brand?post=30660"},{"taxonomy":"product_cat","embeddable":true,"href":"https:\/\/www.mexicanguitarplayers.com\/en\/wp-json\/wp\/v2\/product_cat?post=30660"},{"taxonomy":"product_tag","embeddable":true,"href":"https:\/\/www.mexicanguitarplayers.com\/en\/wp-json\/wp\/v2\/product_tag?post=30660"}],"curies":[{"name":"wp","href":"https:\/\/api.w.org\/{rel}","templated":true}]}}