{"id":30667,"date":"2025-04-08T11:22:12","date_gmt":"2025-04-08T17:22:12","guid":{"rendered":"https:\/\/www.mexicanguitarplayers.com\/tienda\/sin categor\u00eda\/bafle-electrovoice-mod-everse-12\/"},"modified":"2026-05-01T07:24:57","modified_gmt":"2026-05-01T13:24:57","slug":"bafle-electrovoice-mod-everse-12","status":"publish","type":"product","link":"https:\/\/www.mexicanguitarplayers.com\/en\/tienda\/audio\/bafles-y-bocinas\/bafles\/bafles-pasivos\/bafle-electrovoice-mod-everse-12\/","title":{"rendered":"BAFLE ELECTROVOICE MOD. EVERSE 12"},"content":{"rendered":"<div style=\"text-align: justify\">\n<div>\n<h3>BAFLE ELECTROVOICE MOD. EVERSE 12<\/h3>\n<\/div>\n<div>Altavoz amplificado a bater\u00eda resistente a la intemperie con audio y control Bluetooth\u00ae<\/div>\n<div>\n<h4>Characteristics<\/h4>\n<\/div>\n<div>\n<ul style=\"margin: 0px 0px 0px 25px\">\n<li style=\"list-style-type: circle;margin: 5px\">Solicitud<\/li>\n<li style=\"list-style-type: circle;margin: 5px\">Transductores<\/li>\n<li style=\"list-style-type: circle;margin: 5px\">Clasificaci\u00f3n de potencia (pico)<\/li>\n<li style=\"list-style-type: circle;margin: 5px\">SPL m\u00e1x. 1<\/li>\n<li style=\"list-style-type: circle;margin: 5px\">Cobertura (Al x V)<\/li>\n<li style=\"list-style-type: circle;margin: 5px\">Rango de frecuencia (-10 dB) 2 \/ respuesta (-3 dB) 3<\/li>\n<li style=\"list-style-type: circle;margin: 5px\">Material<\/li>\n<li style=\"list-style-type: circle;margin: 5px\">Procesamiento de se\u00f1ales digitales<\/li>\n<li style=\"list-style-type: circle;margin: 5px\">Control y monitoreo remoto<\/li>\n<li style=\"list-style-type: circle;margin: 5px\">Transmisi\u00f3n de audio por Bluetooth y verdadero est\u00e9reo inal\u00e1mbrico 4<\/li>\n<li style=\"list-style-type: circle;margin: 5px\">Frecuencia de cruce<\/li>\n<li style=\"list-style-type: circle;margin: 5px\">Connectors<\/li>\n<li style=\"list-style-type: circle;margin: 5px\">Carga USB<\/li>\n<li style=\"list-style-type: circle;margin: 5px\">Consumo de energ\u00eda 5<\/li>\n<li style=\"list-style-type: circle;margin: 5px\">Capacidad de la bater\u00eda<\/li>\n<li style=\"list-style-type: circle;margin: 5px\">Bater\u00eda a m\u00e1xima potencia 6<\/li>\n<li style=\"list-style-type: circle;margin: 5px\">Bater\u00eda a potencia moderada 7<\/li>\n<li style=\"list-style-type: circle;margin: 5px\">Weight<\/li>\n<li style=\"list-style-type: circle;margin: 5px\">Dimensiones (Ancho x Alto x Fondo)<\/li>\n<li style=\"list-style-type: circle;margin: 5px\">\u00c1ngulos de retroceso\/monitor<\/li>\n<li style=\"list-style-type: circle;margin: 5px\">Colores<\/li>\n<li style=\"list-style-type: circle;margin: 5px\">Accessories<\/li>\n<\/ul>\n<\/div>\n<\/div>","protected":false},"excerpt":{"rendered":"<p>Everse 12 se distingue por sus especificaciones de grado profesional a un precio atractivo. Con un SPL m\u00e1ximo de 126 dB, una respuesta de frecuencia baja profunda (45 Hz) y una amplia cobertura (100\u00ba x 60\u00ba), ofrece un rendimiento verdaderamente impresionante. Perfecto para DJ, m\u00fasicos, alquileres y eventos, es una potencia port\u00e1til adecuada para varios escenarios, ofreciendo claridad caracter\u00edstica con una capacidad de salida seria. La bater\u00eda de iones de litio personalizada proporciona m\u00e1s de 12 horas a 100 dB o m\u00e1s de 6 horas a la salida m\u00e1xima. El dise\u00f1o weatherizado, un controlador de compresi\u00f3n de diafragma de titanio de alto rendimiento, est\u00e9reo inal\u00e1mbrico real y control de la aplicaci\u00f3n QuickSmart Mobile se suman para garantizar que Everse 12 sobresalga tanto en interiores como en exteriores.&hellip; <a class=\"kt-excerpt-readmore more-link\" href=\"https:\/\/www.mexicanguitarplayers.com\/en\/tienda\/audio\/bafles-y-bocinas\/bafles\/bafles-pasivos\/bafle-electrovoice-mod-everse-12\/\">Read more<\/a><\/p>","protected":false},"featured_media":30663,"comment_status":"open","ping_status":"closed","template":"","meta":{"kt_blocks_editor_width":""},"pwb-brand":[535],"product_brand":[],"product_cat":[213,222,223,221],"product_tag":[],"class_list":{"0":"post-30667","1":"product","2":"type-product","3":"status-publish","4":"has-post-thumbnail","6":"pwb-brand-electrovoice","7":"product_cat-audio","8":"product_cat-bafles","9":"product_cat-bafles-pasivos","10":"product_cat-bafles-y-bocinas","11":"product_shipping_class-15-20-kg","13":"first","14":"instock","15":"taxable","16":"shipping-taxable","17":"purchasable","18":"product-type-simple"},"yoast_head":"<!-- This site is optimized with the Yoast SEO plugin v27.5 - https:\/\/yoast.com\/product\/yoast-seo-wordpress\/ -->\n<title>BAFLE ELECTROVOICE MOD. EVERSE 12 - Mexican Guitar Players<\/title>\n<meta name=\"description\" content=\"Everse 12 se distingue por sus especificaciones de grado profesional a un precio atractivo. Con un SPL m\u00e1ximo de 126 dB, una respuesta de frecuencia baja profunda (45 Hz) y una amplia cobertura (100\u00ba x 60\u00ba), ofrece un rendimiento verdaderamente impresionante. Perfecto para DJ, m\u00fasicos, alquileres y eventos, es una potencia port\u00e1til adecuada para varios escenarios, ofreciendo claridad caracter\u00edstica con una capacidad de salida seria. La bater\u00eda de iones de litio personalizada proporciona m\u00e1s de 12 horas a 100 dB o m\u00e1s de 6 horas a la salida m\u00e1xima. El dise\u00f1o weatherizado, un controlador de compresi\u00f3n de diafragma de titanio de alto rendimiento, est\u00e9reo inal\u00e1mbrico real y control de la aplicaci\u00f3n QuickSmart Mobile se suman para garantizar que Everse 12 sobresalga tanto en interiores como en exteriores.\" \/>\n<meta name=\"robots\" content=\"index, follow, max-snippet:-1, max-image-preview:large, max-video-preview:-1\" \/>\n<link rel=\"canonical\" href=\"https:\/\/www.mexicanguitarplayers.com\/en\/tienda\/sin%20categor\u00eda\/bafle-electrovoice-mod-everse-12\/\" \/>\n<meta property=\"og:locale\" content=\"en_US\" \/>\n<meta property=\"og:type\" content=\"article\" \/>\n<meta property=\"og:title\" content=\"BAFLE ELECTROVOICE MOD. EVERSE 12 - Mexican Guitar Players\" \/>\n<meta property=\"og:description\" content=\"Everse 12 se distingue por sus especificaciones de grado profesional a un precio atractivo. Con un SPL m\u00e1ximo de 126 dB, una respuesta de frecuencia baja profunda (45 Hz) y una amplia cobertura (100\u00ba x 60\u00ba), ofrece un rendimiento verdaderamente impresionante. Perfecto para DJ, m\u00fasicos, alquileres y eventos, es una potencia port\u00e1til adecuada para varios escenarios, ofreciendo claridad caracter\u00edstica con una capacidad de salida seria. La bater\u00eda de iones de litio personalizada proporciona m\u00e1s de 12 horas a 100 dB o m\u00e1s de 6 horas a la salida m\u00e1xima. El dise\u00f1o weatherizado, un controlador de compresi\u00f3n de diafragma de titanio de alto rendimiento, est\u00e9reo inal\u00e1mbrico real y control de la aplicaci\u00f3n QuickSmart Mobile se suman para garantizar que Everse 12 sobresalga tanto en interiores como en exteriores.\" \/>\n<meta property=\"og:url\" content=\"https:\/\/www.mexicanguitarplayers.com\/en\/tienda\/sin categor\u00eda\/bafle-electrovoice-mod-everse-12\/\" \/>\n<meta property=\"og:site_name\" content=\"Mexican Guitar Players\" \/>\n<meta property=\"article:modified_time\" content=\"2026-05-01T13:24:57+00:00\" \/>\n<meta name=\"twitter:card\" content=\"summary_large_image\" \/>\n<script type=\"application\/ld+json\" class=\"yoast-schema-graph\">{\"@context\":\"https:\\\/\\\/schema.org\",\"@graph\":[{\"@type\":[\"WebPage\",\"ItemPage\"],\"@id\":\"https:\\\/\\\/www.mexicanguitarplayers.com\\\/tienda\\\/sin categor\u00eda\\\/bafle-electrovoice-mod-everse-12\\\/\",\"url\":\"https:\\\/\\\/www.mexicanguitarplayers.com\\\/tienda\\\/sin categor\u00eda\\\/bafle-electrovoice-mod-everse-12\\\/\",\"name\":\"BAFLE ELECTROVOICE MOD. EVERSE 12 - Mexican Guitar Players\",\"isPartOf\":{\"@id\":\"https:\\\/\\\/www.mexicanguitarplayers.com\\\/#website\"},\"primaryImageOfPage\":{\"@id\":\"https:\\\/\\\/www.mexicanguitarplayers.com\\\/tienda\\\/sin categor\u00eda\\\/bafle-electrovoice-mod-everse-12\\\/#primaryimage\"},\"image\":{\"@id\":\"https:\\\/\\\/www.mexicanguitarplayers.com\\\/tienda\\\/sin categor\u00eda\\\/bafle-electrovoice-mod-everse-12\\\/#primaryimage\"},\"thumbnailUrl\":\"https:\\\/\\\/www.mexicanguitarplayers.com\\\/wp-content\\\/uploads\\\/2025\\\/04\\\/IAEVOEVERSE12.jpg\",\"datePublished\":\"2025-04-08T17:22:12+00:00\",\"dateModified\":\"2026-05-01T13:24:57+00:00\",\"description\":\"Everse 12 se distingue por sus especificaciones de grado profesional a un precio atractivo. Con un SPL m\u00e1ximo de 126 dB, una respuesta de frecuencia baja profunda (45 Hz) y una amplia cobertura (100\u00ba x 60\u00ba), ofrece un rendimiento verdaderamente impresionante. Perfecto para DJ, m\u00fasicos, alquileres y eventos, es una potencia port\u00e1til adecuada para varios escenarios, ofreciendo claridad caracter\u00edstica con una capacidad de salida seria. La bater\u00eda de iones de litio personalizada proporciona m\u00e1s de 12 horas a 100 dB o m\u00e1s de 6 horas a la salida m\u00e1xima. El dise\u00f1o weatherizado, un controlador de compresi\u00f3n de diafragma de titanio de alto rendimiento, est\u00e9reo inal\u00e1mbrico real y control de la aplicaci\u00f3n QuickSmart Mobile se suman para garantizar que Everse 12 sobresalga tanto en interiores como en exteriores.\",\"breadcrumb\":{\"@id\":\"https:\\\/\\\/www.mexicanguitarplayers.com\\\/tienda\\\/sin categor\u00eda\\\/bafle-electrovoice-mod-everse-12\\\/#breadcrumb\"},\"inLanguage\":\"en-US\",\"potentialAction\":[{\"@type\":\"ReadAction\",\"target\":[\"https:\\\/\\\/www.mexicanguitarplayers.com\\\/tienda\\\/sin categor\u00eda\\\/bafle-electrovoice-mod-everse-12\\\/\"]}]},{\"@type\":\"ImageObject\",\"inLanguage\":\"en-US\",\"@id\":\"https:\\\/\\\/www.mexicanguitarplayers.com\\\/tienda\\\/sin categor\u00eda\\\/bafle-electrovoice-mod-everse-12\\\/#primaryimage\",\"url\":\"https:\\\/\\\/www.mexicanguitarplayers.com\\\/wp-content\\\/uploads\\\/2025\\\/04\\\/IAEVOEVERSE12.jpg\",\"contentUrl\":\"https:\\\/\\\/www.mexicanguitarplayers.com\\\/wp-content\\\/uploads\\\/2025\\\/04\\\/IAEVOEVERSE12.jpg\",\"width\":1200,\"height\":1200},{\"@type\":\"BreadcrumbList\",\"@id\":\"https:\\\/\\\/www.mexicanguitarplayers.com\\\/tienda\\\/sin categor\u00eda\\\/bafle-electrovoice-mod-everse-12\\\/#breadcrumb\",\"itemListElement\":[{\"@type\":\"ListItem\",\"position\":1,\"name\":\"Portada\",\"item\":\"https:\\\/\\\/www.mexicanguitarplayers.com\\\/\"},{\"@type\":\"ListItem\",\"position\":2,\"name\":\"Tienda\",\"item\":\"https:\\\/\\\/www.mexicanguitarplayers.com\\\/tienda\\\/\"},{\"@type\":\"ListItem\",\"position\":3,\"name\":\"BAFLE ELECTROVOICE MOD. EVERSE 12\"}]},{\"@type\":\"WebSite\",\"@id\":\"https:\\\/\\\/www.mexicanguitarplayers.com\\\/#website\",\"url\":\"https:\\\/\\\/www.mexicanguitarplayers.com\\\/\",\"name\":\"Mexican Guitar Players\",\"description\":\"Website\",\"publisher\":{\"@id\":\"https:\\\/\\\/www.mexicanguitarplayers.com\\\/#organization\"},\"potentialAction\":[{\"@type\":\"SearchAction\",\"target\":{\"@type\":\"EntryPoint\",\"urlTemplate\":\"https:\\\/\\\/www.mexicanguitarplayers.com\\\/?s={search_term_string}\"},\"query-input\":{\"@type\":\"PropertyValueSpecification\",\"valueRequired\":true,\"valueName\":\"search_term_string\"}}],\"inLanguage\":\"en-US\"},{\"@type\":\"Organization\",\"@id\":\"https:\\\/\\\/www.mexicanguitarplayers.com\\\/#organization\",\"name\":\"Mexican Guitar Players\",\"url\":\"https:\\\/\\\/www.mexicanguitarplayers.com\\\/\",\"logo\":{\"@type\":\"ImageObject\",\"inLanguage\":\"en-US\",\"@id\":\"https:\\\/\\\/www.mexicanguitarplayers.com\\\/#\\\/schema\\\/logo\\\/image\\\/\",\"url\":\"\",\"contentUrl\":\"\",\"caption\":\"Mexican Guitar Players\"},\"image\":{\"@id\":\"https:\\\/\\\/www.mexicanguitarplayers.com\\\/#\\\/schema\\\/logo\\\/image\\\/\"}}]}<\/script>\n<!-- \/ Yoast SEO plugin. -->","yoast_head_json":{"title":"BAFLE ELECTROVOICE MOD. EVERSE 12 - Mexican Guitar Players","description":"Everse 12 se distingue por sus especificaciones de grado profesional a un precio atractivo. Con un SPL m\u00e1ximo de 126 dB, una respuesta de frecuencia baja profunda (45 Hz) y una amplia cobertura (100\u00ba x 60\u00ba), ofrece un rendimiento verdaderamente impresionante. Perfecto para DJ, m\u00fasicos, alquileres y eventos, es una potencia port\u00e1til adecuada para varios escenarios, ofreciendo claridad caracter\u00edstica con una capacidad de salida seria. La bater\u00eda de iones de litio personalizada proporciona m\u00e1s de 12 horas a 100 dB o m\u00e1s de 6 horas a la salida m\u00e1xima. El dise\u00f1o weatherizado, un controlador de compresi\u00f3n de diafragma de titanio de alto rendimiento, est\u00e9reo inal\u00e1mbrico real y control de la aplicaci\u00f3n QuickSmart Mobile se suman para garantizar que Everse 12 sobresalga tanto en interiores como en exteriores.","robots":{"index":"index","follow":"follow","max-snippet":"max-snippet:-1","max-image-preview":"max-image-preview:large","max-video-preview":"max-video-preview:-1"},"canonical":"https:\/\/www.mexicanguitarplayers.com\/en\/tienda\/sin categor\u00eda\/bafle-electrovoice-mod-everse-12\/","og_locale":"en_US","og_type":"article","og_title":"BAFLE ELECTROVOICE MOD. EVERSE 12 - Mexican Guitar Players","og_description":"Everse 12 se distingue por sus especificaciones de grado profesional a un precio atractivo. Con un SPL m\u00e1ximo de 126 dB, una respuesta de frecuencia baja profunda (45 Hz) y una amplia cobertura (100\u00ba x 60\u00ba), ofrece un rendimiento verdaderamente impresionante. Perfecto para DJ, m\u00fasicos, alquileres y eventos, es una potencia port\u00e1til adecuada para varios escenarios, ofreciendo claridad caracter\u00edstica con una capacidad de salida seria. La bater\u00eda de iones de litio personalizada proporciona m\u00e1s de 12 horas a 100 dB o m\u00e1s de 6 horas a la salida m\u00e1xima. El dise\u00f1o weatherizado, un controlador de compresi\u00f3n de diafragma de titanio de alto rendimiento, est\u00e9reo inal\u00e1mbrico real y control de la aplicaci\u00f3n QuickSmart Mobile se suman para garantizar que Everse 12 sobresalga tanto en interiores como en exteriores.","og_url":"https:\/\/www.mexicanguitarplayers.com\/en\/tienda\/sin categor\u00eda\/bafle-electrovoice-mod-everse-12\/","og_site_name":"Mexican Guitar Players","article_modified_time":"2026-05-01T13:24:57+00:00","twitter_card":"summary_large_image","schema":{"@context":"https:\/\/schema.org","@graph":[{"@type":["WebPage","ItemPage"],"@id":"https:\/\/www.mexicanguitarplayers.com\/tienda\/sin categor\u00eda\/bafle-electrovoice-mod-everse-12\/","url":"https:\/\/www.mexicanguitarplayers.com\/tienda\/sin categor\u00eda\/bafle-electrovoice-mod-everse-12\/","name":"BAFLE ELECTROVOICE MOD. EVERSE 12 - Mexican Guitar Players","isPartOf":{"@id":"https:\/\/www.mexicanguitarplayers.com\/#website"},"primaryImageOfPage":{"@id":"https:\/\/www.mexicanguitarplayers.com\/tienda\/sin categor\u00eda\/bafle-electrovoice-mod-everse-12\/#primaryimage"},"image":{"@id":"https:\/\/www.mexicanguitarplayers.com\/tienda\/sin categor\u00eda\/bafle-electrovoice-mod-everse-12\/#primaryimage"},"thumbnailUrl":"https:\/\/www.mexicanguitarplayers.com\/wp-content\/uploads\/2025\/04\/IAEVOEVERSE12.jpg","datePublished":"2025-04-08T17:22:12+00:00","dateModified":"2026-05-01T13:24:57+00:00","description":"Everse 12 se distingue por sus especificaciones de grado profesional a un precio atractivo. Con un SPL m\u00e1ximo de 126 dB, una respuesta de frecuencia baja profunda (45 Hz) y una amplia cobertura (100\u00ba x 60\u00ba), ofrece un rendimiento verdaderamente impresionante. Perfecto para DJ, m\u00fasicos, alquileres y eventos, es una potencia port\u00e1til adecuada para varios escenarios, ofreciendo claridad caracter\u00edstica con una capacidad de salida seria. La bater\u00eda de iones de litio personalizada proporciona m\u00e1s de 12 horas a 100 dB o m\u00e1s de 6 horas a la salida m\u00e1xima. El dise\u00f1o weatherizado, un controlador de compresi\u00f3n de diafragma de titanio de alto rendimiento, est\u00e9reo inal\u00e1mbrico real y control de la aplicaci\u00f3n QuickSmart Mobile se suman para garantizar que Everse 12 sobresalga tanto en interiores como en exteriores.","breadcrumb":{"@id":"https:\/\/www.mexicanguitarplayers.com\/tienda\/sin categor\u00eda\/bafle-electrovoice-mod-everse-12\/#breadcrumb"},"inLanguage":"en-US","potentialAction":[{"@type":"ReadAction","target":["https:\/\/www.mexicanguitarplayers.com\/tienda\/sin categor\u00eda\/bafle-electrovoice-mod-everse-12\/"]}]},{"@type":"ImageObject","inLanguage":"en-US","@id":"https:\/\/www.mexicanguitarplayers.com\/tienda\/sin categor\u00eda\/bafle-electrovoice-mod-everse-12\/#primaryimage","url":"https:\/\/www.mexicanguitarplayers.com\/wp-content\/uploads\/2025\/04\/IAEVOEVERSE12.jpg","contentUrl":"https:\/\/www.mexicanguitarplayers.com\/wp-content\/uploads\/2025\/04\/IAEVOEVERSE12.jpg","width":1200,"height":1200},{"@type":"BreadcrumbList","@id":"https:\/\/www.mexicanguitarplayers.com\/tienda\/sin categor\u00eda\/bafle-electrovoice-mod-everse-12\/#breadcrumb","itemListElement":[{"@type":"ListItem","position":1,"name":"Portada","item":"https:\/\/www.mexicanguitarplayers.com\/"},{"@type":"ListItem","position":2,"name":"Tienda","item":"https:\/\/www.mexicanguitarplayers.com\/tienda\/"},{"@type":"ListItem","position":3,"name":"BAFLE ELECTROVOICE MOD. EVERSE 12"}]},{"@type":"WebSite","@id":"https:\/\/www.mexicanguitarplayers.com\/#website","url":"https:\/\/www.mexicanguitarplayers.com\/","name":"Mexican Guitar Players","description":"Website","publisher":{"@id":"https:\/\/www.mexicanguitarplayers.com\/#organization"},"potentialAction":[{"@type":"SearchAction","target":{"@type":"EntryPoint","urlTemplate":"https:\/\/www.mexicanguitarplayers.com\/?s={search_term_string}"},"query-input":{"@type":"PropertyValueSpecification","valueRequired":true,"valueName":"search_term_string"}}],"inLanguage":"en-US"},{"@type":"Organization","@id":"https:\/\/www.mexicanguitarplayers.com\/#organization","name":"Mexican Guitar Players","url":"https:\/\/www.mexicanguitarplayers.com\/","logo":{"@type":"ImageObject","inLanguage":"en-US","@id":"https:\/\/www.mexicanguitarplayers.com\/#\/schema\/logo\/image\/","url":"","contentUrl":"","caption":"Mexican Guitar Players"},"image":{"@id":"https:\/\/www.mexicanguitarplayers.com\/#\/schema\/logo\/image\/"}}]}},"brands":[{"id":535,"name":"ELECTROVOICE","slug":"electrovoice"}],"_links":{"self":[{"href":"https:\/\/www.mexicanguitarplayers.com\/en\/wp-json\/wp\/v2\/product\/30667","targetHints":{"allow":["GET"]}}],"collection":[{"href":"https:\/\/www.mexicanguitarplayers.com\/en\/wp-json\/wp\/v2\/product"}],"about":[{"href":"https:\/\/www.mexicanguitarplayers.com\/en\/wp-json\/wp\/v2\/types\/product"}],"replies":[{"embeddable":true,"href":"https:\/\/www.mexicanguitarplayers.com\/en\/wp-json\/wp\/v2\/comments?post=30667"}],"wp:featuredmedia":[{"embeddable":true,"href":"https:\/\/www.mexicanguitarplayers.com\/en\/wp-json\/wp\/v2\/media\/30663"}],"wp:attachment":[{"href":"https:\/\/www.mexicanguitarplayers.com\/en\/wp-json\/wp\/v2\/media?parent=30667"}],"wp:term":[{"taxonomy":"pwb-brand","embeddable":true,"href":"https:\/\/www.mexicanguitarplayers.com\/en\/wp-json\/wp\/v2\/pwb-brand?post=30667"},{"taxonomy":"product_brand","embeddable":true,"href":"https:\/\/www.mexicanguitarplayers.com\/en\/wp-json\/wp\/v2\/product_brand?post=30667"},{"taxonomy":"product_cat","embeddable":true,"href":"https:\/\/www.mexicanguitarplayers.com\/en\/wp-json\/wp\/v2\/product_cat?post=30667"},{"taxonomy":"product_tag","embeddable":true,"href":"https:\/\/www.mexicanguitarplayers.com\/en\/wp-json\/wp\/v2\/product_tag?post=30667"}],"curies":[{"name":"wp","href":"https:\/\/api.w.org\/{rel}","templated":true}]}}