{"id":30673,"date":"2025-04-08T11:22:19","date_gmt":"2025-04-08T17:22:19","guid":{"rendered":"https:\/\/www.mexicanguitarplayers.com\/tienda\/sin categor\u00eda\/interfaz-behringer-mod-uca-202\/"},"modified":"2026-04-15T22:15:05","modified_gmt":"2026-04-16T04:15:05","slug":"interfaz-behringer-mod-uca-202","status":"publish","type":"product","link":"https:\/\/www.mexicanguitarplayers.com\/en\/tienda\/audio\/interfaces\/interfaz-behringer-mod-uca-202\/","title":{"rendered":"INTERFAZ BEHRINGER  MOD. UCA-202"},"content":{"rendered":"<div style=\"text-align: justify\">\n<div>\n<h3>Tu portal al mundo del audio digital.<\/h3>\n<\/div>\n<div>La interfaz U-CONTROL UCA202 de Behringer te permite conectar instrumentos y otros dispositivos de audio a tu computadora, fusionando efectivamente los mundos anal\u00f3gico y digital. Para ello, proporciona dos entradas anal\u00f3gicas mono y salidas (para monitoreo), conectividad USB y una salida \u00f3ptica adicional S\/PDIF. La salida de aud\u00edfonos est\u00e9reo cuenta con un control dedicado de nivel y te permite escuchar tanto la entrada como la salida. Incluso te damos todo el software que necesitar para comenzar. Imagina las posibilidades. Cuando se utiliza como una interfaz profesional entre una consola de mezcla y tu computadora, una mir\u00edada de opciones est\u00e1n disponibles. Algunos de estos pueden incluir la conexi\u00f3n de las salidas RCA del UCA202 a las entradas Tape de tu mezcladora o tus monitores activos. La conexi\u00f3n a los canales de entrada de la mezcladora te permite usar la funci\u00f3n Aux Send de tu mezcladora para crear una mezcla de monitor extremadamente vers\u00e1til para sesiones de grabaci\u00f3n. Toneladas de software gratis. Para aprovechar al m\u00e1ximo de UCA202, necesitar\u00e1s software de grabaci\u00f3n y edici\u00f3n. Te lo hacemos sencillo al proporcionarte un \u00fanico lugar para descargar un mont\u00f3n de software libre, incluyendo Audacity, un editor y grabador de audio para Windows, Mac OSX y Linux. Con Audacity puedes grabar audio en vivo, convertir cintas y discos en grabaciones digitales o en CDs, editar archivos Ogg Vorbis, MP3, WAV o AIFF, cortar, copiar, empalmar o mezclar sonidos, cambiar la velocidad o el tono de una grabaci\u00f3n y mucho m\u00e1s.<\/div>\n<div>\n<h4>Quick look<\/h4>\n<\/div>\n<ul style=\"margin: 0px 0px 0px 25px\">\n<li style=\"list-style-type: circle;margin: 5px\">Line In.<\/li>\n<li style=\"list-style-type: circle;margin: 5px\">Line Out.<\/li>\n<li style=\"list-style-type: circle;margin: 5px\">Salida digital.<\/li>\n<li style=\"list-style-type: circle;margin: 5px\">Headphone output.<\/li>\n<li style=\"list-style-type: circle;margin: 5px\">USB 1.1.<\/li>\n<li style=\"list-style-type: circle;margin: 5px\">Digital processing.<\/li>\n<li style=\"list-style-type: circle;margin: 5px\">Datos del sistema.<\/li>\n<li style=\"list-style-type: circle;margin: 5px\">Power supply.<\/li>\n<li style=\"list-style-type: circle;margin: 5px\">Dimensions.<\/li>\n<li style=\"list-style-type: circle;margin: 5px\">Weight.<\/li>\n<\/ul>\n<div>\n<div style=\"font-weight: bold\">Line In.<\/div>\n<div>\n<p>Conectores: RCA, desbalanceado. Impedancia de entrada: Aproximadamente 27 kohms. Nivel de entrada m\u00e1ximo: 2 dBV.<\/p>\n<\/div>\n<div style=\"font-weight: bold\">Line Out.<\/div>\n<div>\n<p>Conectores: RCA, desbalanceado. Impedancia de salida: Aproximadamente 400 ohms. Nivel de salida m\u00e1ximo: 2 dBV.<\/p>\n<\/div>\n<div style=\"font-weight: bold\">Salida digital.<\/div>\n<div>\n<p>Socket: Toslink, cable \u00f3ptico. Formato de salida: S\/PDIF.<\/p>\n<\/div>\n<div style=\"font-weight: bold\">Headphone output.<\/div>\n<div>\n<p>Socket: TRS 1\/8&#8243; est\u00e9reo. Impedancia de salida: Aproximadamente 50 ohms. Pegel m\u00e1ximo de salida: -2 dBu, 2 x 3.7 mW @ 100 ohms.<\/p>\n<\/div>\n<div style=\"font-weight: bold\">USB 1.1.<\/div>\n<div>\n<p>Conectores: Tipo A.<\/p>\n<\/div>\n<div style=\"font-weight: bold\">Digital processing.<\/div>\n<div>\n<p>Convertidor: 16 bit. Frecuencia de muestreo: 32, 44.1, 48 kHz.<\/p>\n<\/div>\n<div style=\"font-weight: bold\">Datos del sistema.<\/div>\n<div>\n<p>Respuesta de frecuencia \u00b11 dB @ 44.1 kHz sample rate: 10 Hz a 20 kHz. Respuesta de frecuencia \u00b11 dB @ 48 kHz sample rate: 10 Hz a 22 kHz. THD: 0.05% t\u00edpico @ -10 dBV, 1 kHz. Crosstalk: -77 dB @ 0 dBV, 1 kHz. Relaci\u00f3n se\u00f1al a ruido: A\/D 89 t\u00edp @ 1 kHz, ponderado A. Relaci\u00f3n se\u00f1al a ruido: D\/A 96 dB t\u00edp @ 1 kHz, ponderado A.<\/p>\n<\/div>\n<div style=\"font-weight: bold\">Power supply.<\/div>\n<div>\n<p>Conexi\u00f3n USB: 5V~, 100 mA m\u00e1ximo.<\/p>\n<\/div>\n<div style=\"font-weight: bold\">Dimensions.<\/div>\n<div>\n<p>22 x 60 x 88 mm.<\/p>\n<\/div>\n<div style=\"font-weight: bold\">Weight.<\/div>\n<div>\n<p>0.10 kg.<\/p>\n<\/div>\n<\/div>\n<\/div>","protected":false},"excerpt":{"rendered":"<p>Interfaz USB\/Audio, 2 entradas y 2 salidas, latencia ultra baja con salida digital, conecta tus instrumentos y mezcladoras con tu computadora para reproducir y grabar, convertidores de alta resoluci\u00f3n de 48 kHz para una gran calidad de audio, funciona con Mac o PC sin necesidad de configuraci\u00f3n o drivers, salida de aud\u00edfonos est\u00e9reo con control dedicado de nivel que te permite monitorear tanto la entrada como la salida, salida \u00f3ptica adicional S\/PDIF para conversi\u00f3n digital directa, alimentado por USB, no requiere fuente de alimentaci\u00f3n externa, dimensiones: 22 x 60 x 88 mm, peso: 0.10 kg.&hellip; <a class=\"kt-excerpt-readmore more-link\" href=\"https:\/\/www.mexicanguitarplayers.com\/en\/tienda\/audio\/interfaces\/interfaz-behringer-mod-uca-202\/\">Read more<\/a><\/p>","protected":false},"featured_media":30668,"comment_status":"open","ping_status":"closed","template":"","meta":{"kt_blocks_editor_width":""},"pwb-brand":[171],"product_brand":[],"product_cat":[213,233],"product_tag":[],"class_list":{"0":"post-30673","1":"product","2":"type-product","3":"status-publish","4":"has-post-thumbnail","6":"pwb-brand-behringer","7":"product_cat-audio","8":"product_cat-interfaces","9":"product_shipping_class-0-5-kg","11":"first","12":"instock","13":"taxable","14":"shipping-taxable","15":"purchasable","16":"product-type-simple"},"yoast_head":"<!-- This site is optimized with the Yoast SEO plugin v27.4 - https:\/\/yoast.com\/product\/yoast-seo-wordpress\/ -->\n<title>INTERFAZ BEHRINGER MOD. UCA-202 - Mexican Guitar Players<\/title>\n<meta name=\"description\" content=\"Interfaz USB\/Audio, 2 entradas y 2 salidas, latencia ultra baja con salida digital, conecta tus instrumentos y mezcladoras con tu computadora para reproducir y grabar, convertidores de alta resoluci\u00f3n de 48 kHz para una gran calidad de audio, funciona con Mac o PC sin necesidad de configuraci\u00f3n o drivers, salida de aud\u00edfonos est\u00e9reo con control dedicado de nivel que te permite monitorear tanto la entrada como la salida, salida \u00f3ptica adicional S\/PDIF para conversi\u00f3n digital directa, alimentado por USB, no requiere fuente de alimentaci\u00f3n externa, dimensiones: 22 x 60 x 88 mm, peso: 0.10 kg.\" \/>\n<meta name=\"robots\" content=\"index, follow, max-snippet:-1, max-image-preview:large, max-video-preview:-1\" \/>\n<link rel=\"canonical\" href=\"https:\/\/www.mexicanguitarplayers.com\/en\/tienda\/sin%20categor\u00eda\/interfaz-behringer-mod-uca-202\/\" \/>\n<meta property=\"og:locale\" content=\"en_US\" \/>\n<meta property=\"og:type\" content=\"article\" \/>\n<meta property=\"og:title\" content=\"INTERFAZ BEHRINGER MOD. UCA-202 - Mexican Guitar Players\" \/>\n<meta property=\"og:description\" content=\"Interfaz USB\/Audio, 2 entradas y 2 salidas, latencia ultra baja con salida digital, conecta tus instrumentos y mezcladoras con tu computadora para reproducir y grabar, convertidores de alta resoluci\u00f3n de 48 kHz para una gran calidad de audio, funciona con Mac o PC sin necesidad de configuraci\u00f3n o drivers, salida de aud\u00edfonos est\u00e9reo con control dedicado de nivel que te permite monitorear tanto la entrada como la salida, salida \u00f3ptica adicional S\/PDIF para conversi\u00f3n digital directa, alimentado por USB, no requiere fuente de alimentaci\u00f3n externa, dimensiones: 22 x 60 x 88 mm, peso: 0.10 kg.\" \/>\n<meta property=\"og:url\" content=\"https:\/\/www.mexicanguitarplayers.com\/en\/tienda\/sin categor\u00eda\/interfaz-behringer-mod-uca-202\/\" \/>\n<meta property=\"og:site_name\" content=\"Mexican Guitar Players\" \/>\n<meta property=\"article:modified_time\" content=\"2026-04-16T04:15:05+00:00\" \/>\n<meta name=\"twitter:card\" content=\"summary_large_image\" \/>\n<meta name=\"twitter:label1\" content=\"Est. reading time\" \/>\n\t<meta name=\"twitter:data1\" content=\"2 minutes\" \/>\n<script type=\"application\/ld+json\" class=\"yoast-schema-graph\">{\"@context\":\"https:\\\/\\\/schema.org\",\"@graph\":[{\"@type\":[\"WebPage\",\"ItemPage\"],\"@id\":\"https:\\\/\\\/www.mexicanguitarplayers.com\\\/tienda\\\/sin categor\u00eda\\\/interfaz-behringer-mod-uca-202\\\/\",\"url\":\"https:\\\/\\\/www.mexicanguitarplayers.com\\\/tienda\\\/sin categor\u00eda\\\/interfaz-behringer-mod-uca-202\\\/\",\"name\":\"INTERFAZ BEHRINGER MOD. UCA-202 - Mexican Guitar Players\",\"isPartOf\":{\"@id\":\"https:\\\/\\\/www.mexicanguitarplayers.com\\\/#website\"},\"primaryImageOfPage\":{\"@id\":\"https:\\\/\\\/www.mexicanguitarplayers.com\\\/tienda\\\/sin categor\u00eda\\\/interfaz-behringer-mod-uca-202\\\/#primaryimage\"},\"image\":{\"@id\":\"https:\\\/\\\/www.mexicanguitarplayers.com\\\/tienda\\\/sin categor\u00eda\\\/interfaz-behringer-mod-uca-202\\\/#primaryimage\"},\"thumbnailUrl\":\"https:\\\/\\\/www.mexicanguitarplayers.com\\\/wp-content\\\/uploads\\\/2025\\\/04\\\/IABEHUCA202.jpg\",\"datePublished\":\"2025-04-08T17:22:19+00:00\",\"dateModified\":\"2026-04-16T04:15:05+00:00\",\"description\":\"Interfaz USB\\\/Audio, 2 entradas y 2 salidas, latencia ultra baja con salida digital, conecta tus instrumentos y mezcladoras con tu computadora para reproducir y grabar, convertidores de alta resoluci\u00f3n de 48 kHz para una gran calidad de audio, funciona con Mac o PC sin necesidad de configuraci\u00f3n o drivers, salida de aud\u00edfonos est\u00e9reo con control dedicado de nivel que te permite monitorear tanto la entrada como la salida, salida \u00f3ptica adicional S\\\/PDIF para conversi\u00f3n digital directa, alimentado por USB, no requiere fuente de alimentaci\u00f3n externa, dimensiones: 22 x 60 x 88 mm, peso: 0.10 kg.\",\"breadcrumb\":{\"@id\":\"https:\\\/\\\/www.mexicanguitarplayers.com\\\/tienda\\\/sin categor\u00eda\\\/interfaz-behringer-mod-uca-202\\\/#breadcrumb\"},\"inLanguage\":\"en-US\",\"potentialAction\":[{\"@type\":\"ReadAction\",\"target\":[\"https:\\\/\\\/www.mexicanguitarplayers.com\\\/tienda\\\/sin categor\u00eda\\\/interfaz-behringer-mod-uca-202\\\/\"]}]},{\"@type\":\"ImageObject\",\"inLanguage\":\"en-US\",\"@id\":\"https:\\\/\\\/www.mexicanguitarplayers.com\\\/tienda\\\/sin categor\u00eda\\\/interfaz-behringer-mod-uca-202\\\/#primaryimage\",\"url\":\"https:\\\/\\\/www.mexicanguitarplayers.com\\\/wp-content\\\/uploads\\\/2025\\\/04\\\/IABEHUCA202.jpg\",\"contentUrl\":\"https:\\\/\\\/www.mexicanguitarplayers.com\\\/wp-content\\\/uploads\\\/2025\\\/04\\\/IABEHUCA202.jpg\",\"width\":1600,\"height\":800},{\"@type\":\"BreadcrumbList\",\"@id\":\"https:\\\/\\\/www.mexicanguitarplayers.com\\\/tienda\\\/sin categor\u00eda\\\/interfaz-behringer-mod-uca-202\\\/#breadcrumb\",\"itemListElement\":[{\"@type\":\"ListItem\",\"position\":1,\"name\":\"Portada\",\"item\":\"https:\\\/\\\/www.mexicanguitarplayers.com\\\/\"},{\"@type\":\"ListItem\",\"position\":2,\"name\":\"Tienda\",\"item\":\"https:\\\/\\\/www.mexicanguitarplayers.com\\\/tienda\\\/\"},{\"@type\":\"ListItem\",\"position\":3,\"name\":\"INTERFAZ BEHRINGER MOD. UCA-202\"}]},{\"@type\":\"WebSite\",\"@id\":\"https:\\\/\\\/www.mexicanguitarplayers.com\\\/#website\",\"url\":\"https:\\\/\\\/www.mexicanguitarplayers.com\\\/\",\"name\":\"Mexican Guitar Players\",\"description\":\"Website\",\"publisher\":{\"@id\":\"https:\\\/\\\/www.mexicanguitarplayers.com\\\/#organization\"},\"potentialAction\":[{\"@type\":\"SearchAction\",\"target\":{\"@type\":\"EntryPoint\",\"urlTemplate\":\"https:\\\/\\\/www.mexicanguitarplayers.com\\\/?s={search_term_string}\"},\"query-input\":{\"@type\":\"PropertyValueSpecification\",\"valueRequired\":true,\"valueName\":\"search_term_string\"}}],\"inLanguage\":\"en-US\"},{\"@type\":\"Organization\",\"@id\":\"https:\\\/\\\/www.mexicanguitarplayers.com\\\/#organization\",\"name\":\"Mexican Guitar Players\",\"url\":\"https:\\\/\\\/www.mexicanguitarplayers.com\\\/\",\"logo\":{\"@type\":\"ImageObject\",\"inLanguage\":\"en-US\",\"@id\":\"https:\\\/\\\/www.mexicanguitarplayers.com\\\/#\\\/schema\\\/logo\\\/image\\\/\",\"url\":\"\",\"contentUrl\":\"\",\"caption\":\"Mexican Guitar Players\"},\"image\":{\"@id\":\"https:\\\/\\\/www.mexicanguitarplayers.com\\\/#\\\/schema\\\/logo\\\/image\\\/\"}}]}<\/script>\n<!-- \/ Yoast SEO plugin. -->","yoast_head_json":{"title":"INTERFAZ BEHRINGER MOD. UCA-202 - Mexican Guitar Players","description":"Interfaz USB\/Audio, 2 entradas y 2 salidas, latencia ultra baja con salida digital, conecta tus instrumentos y mezcladoras con tu computadora para reproducir y grabar, convertidores de alta resoluci\u00f3n de 48 kHz para una gran calidad de audio, funciona con Mac o PC sin necesidad de configuraci\u00f3n o drivers, salida de aud\u00edfonos est\u00e9reo con control dedicado de nivel que te permite monitorear tanto la entrada como la salida, salida \u00f3ptica adicional S\/PDIF para conversi\u00f3n digital directa, alimentado por USB, no requiere fuente de alimentaci\u00f3n externa, dimensiones: 22 x 60 x 88 mm, peso: 0.10 kg.","robots":{"index":"index","follow":"follow","max-snippet":"max-snippet:-1","max-image-preview":"max-image-preview:large","max-video-preview":"max-video-preview:-1"},"canonical":"https:\/\/www.mexicanguitarplayers.com\/en\/tienda\/sin categor\u00eda\/interfaz-behringer-mod-uca-202\/","og_locale":"en_US","og_type":"article","og_title":"INTERFAZ BEHRINGER MOD. UCA-202 - Mexican Guitar Players","og_description":"Interfaz USB\/Audio, 2 entradas y 2 salidas, latencia ultra baja con salida digital, conecta tus instrumentos y mezcladoras con tu computadora para reproducir y grabar, convertidores de alta resoluci\u00f3n de 48 kHz para una gran calidad de audio, funciona con Mac o PC sin necesidad de configuraci\u00f3n o drivers, salida de aud\u00edfonos est\u00e9reo con control dedicado de nivel que te permite monitorear tanto la entrada como la salida, salida \u00f3ptica adicional S\/PDIF para conversi\u00f3n digital directa, alimentado por USB, no requiere fuente de alimentaci\u00f3n externa, dimensiones: 22 x 60 x 88 mm, peso: 0.10 kg.","og_url":"https:\/\/www.mexicanguitarplayers.com\/en\/tienda\/sin categor\u00eda\/interfaz-behringer-mod-uca-202\/","og_site_name":"Mexican Guitar Players","article_modified_time":"2026-04-16T04:15:05+00:00","twitter_card":"summary_large_image","twitter_misc":{"Est. reading time":"2 minutes"},"schema":{"@context":"https:\/\/schema.org","@graph":[{"@type":["WebPage","ItemPage"],"@id":"https:\/\/www.mexicanguitarplayers.com\/tienda\/sin categor\u00eda\/interfaz-behringer-mod-uca-202\/","url":"https:\/\/www.mexicanguitarplayers.com\/tienda\/sin categor\u00eda\/interfaz-behringer-mod-uca-202\/","name":"INTERFAZ BEHRINGER MOD. UCA-202 - Mexican Guitar Players","isPartOf":{"@id":"https:\/\/www.mexicanguitarplayers.com\/#website"},"primaryImageOfPage":{"@id":"https:\/\/www.mexicanguitarplayers.com\/tienda\/sin categor\u00eda\/interfaz-behringer-mod-uca-202\/#primaryimage"},"image":{"@id":"https:\/\/www.mexicanguitarplayers.com\/tienda\/sin categor\u00eda\/interfaz-behringer-mod-uca-202\/#primaryimage"},"thumbnailUrl":"https:\/\/www.mexicanguitarplayers.com\/wp-content\/uploads\/2025\/04\/IABEHUCA202.jpg","datePublished":"2025-04-08T17:22:19+00:00","dateModified":"2026-04-16T04:15:05+00:00","description":"Interfaz USB\/Audio, 2 entradas y 2 salidas, latencia ultra baja con salida digital, conecta tus instrumentos y mezcladoras con tu computadora para reproducir y grabar, convertidores de alta resoluci\u00f3n de 48 kHz para una gran calidad de audio, funciona con Mac o PC sin necesidad de configuraci\u00f3n o drivers, salida de aud\u00edfonos est\u00e9reo con control dedicado de nivel que te permite monitorear tanto la entrada como la salida, salida \u00f3ptica adicional S\/PDIF para conversi\u00f3n digital directa, alimentado por USB, no requiere fuente de alimentaci\u00f3n externa, dimensiones: 22 x 60 x 88 mm, peso: 0.10 kg.","breadcrumb":{"@id":"https:\/\/www.mexicanguitarplayers.com\/tienda\/sin categor\u00eda\/interfaz-behringer-mod-uca-202\/#breadcrumb"},"inLanguage":"en-US","potentialAction":[{"@type":"ReadAction","target":["https:\/\/www.mexicanguitarplayers.com\/tienda\/sin categor\u00eda\/interfaz-behringer-mod-uca-202\/"]}]},{"@type":"ImageObject","inLanguage":"en-US","@id":"https:\/\/www.mexicanguitarplayers.com\/tienda\/sin categor\u00eda\/interfaz-behringer-mod-uca-202\/#primaryimage","url":"https:\/\/www.mexicanguitarplayers.com\/wp-content\/uploads\/2025\/04\/IABEHUCA202.jpg","contentUrl":"https:\/\/www.mexicanguitarplayers.com\/wp-content\/uploads\/2025\/04\/IABEHUCA202.jpg","width":1600,"height":800},{"@type":"BreadcrumbList","@id":"https:\/\/www.mexicanguitarplayers.com\/tienda\/sin categor\u00eda\/interfaz-behringer-mod-uca-202\/#breadcrumb","itemListElement":[{"@type":"ListItem","position":1,"name":"Portada","item":"https:\/\/www.mexicanguitarplayers.com\/"},{"@type":"ListItem","position":2,"name":"Tienda","item":"https:\/\/www.mexicanguitarplayers.com\/tienda\/"},{"@type":"ListItem","position":3,"name":"INTERFAZ BEHRINGER MOD. UCA-202"}]},{"@type":"WebSite","@id":"https:\/\/www.mexicanguitarplayers.com\/#website","url":"https:\/\/www.mexicanguitarplayers.com\/","name":"Mexican Guitar Players","description":"Website","publisher":{"@id":"https:\/\/www.mexicanguitarplayers.com\/#organization"},"potentialAction":[{"@type":"SearchAction","target":{"@type":"EntryPoint","urlTemplate":"https:\/\/www.mexicanguitarplayers.com\/?s={search_term_string}"},"query-input":{"@type":"PropertyValueSpecification","valueRequired":true,"valueName":"search_term_string"}}],"inLanguage":"en-US"},{"@type":"Organization","@id":"https:\/\/www.mexicanguitarplayers.com\/#organization","name":"Mexican Guitar Players","url":"https:\/\/www.mexicanguitarplayers.com\/","logo":{"@type":"ImageObject","inLanguage":"en-US","@id":"https:\/\/www.mexicanguitarplayers.com\/#\/schema\/logo\/image\/","url":"","contentUrl":"","caption":"Mexican Guitar Players"},"image":{"@id":"https:\/\/www.mexicanguitarplayers.com\/#\/schema\/logo\/image\/"}}]}},"brands":[{"id":171,"name":"BEHRINGER","slug":"behringer"}],"_links":{"self":[{"href":"https:\/\/www.mexicanguitarplayers.com\/en\/wp-json\/wp\/v2\/product\/30673","targetHints":{"allow":["GET"]}}],"collection":[{"href":"https:\/\/www.mexicanguitarplayers.com\/en\/wp-json\/wp\/v2\/product"}],"about":[{"href":"https:\/\/www.mexicanguitarplayers.com\/en\/wp-json\/wp\/v2\/types\/product"}],"replies":[{"embeddable":true,"href":"https:\/\/www.mexicanguitarplayers.com\/en\/wp-json\/wp\/v2\/comments?post=30673"}],"wp:featuredmedia":[{"embeddable":true,"href":"https:\/\/www.mexicanguitarplayers.com\/en\/wp-json\/wp\/v2\/media\/30668"}],"wp:attachment":[{"href":"https:\/\/www.mexicanguitarplayers.com\/en\/wp-json\/wp\/v2\/media?parent=30673"}],"wp:term":[{"taxonomy":"pwb-brand","embeddable":true,"href":"https:\/\/www.mexicanguitarplayers.com\/en\/wp-json\/wp\/v2\/pwb-brand?post=30673"},{"taxonomy":"product_brand","embeddable":true,"href":"https:\/\/www.mexicanguitarplayers.com\/en\/wp-json\/wp\/v2\/product_brand?post=30673"},{"taxonomy":"product_cat","embeddable":true,"href":"https:\/\/www.mexicanguitarplayers.com\/en\/wp-json\/wp\/v2\/product_cat?post=30673"},{"taxonomy":"product_tag","embeddable":true,"href":"https:\/\/www.mexicanguitarplayers.com\/en\/wp-json\/wp\/v2\/product_tag?post=30673"}],"curies":[{"name":"wp","href":"https:\/\/api.w.org\/{rel}","templated":true}]}}