{"id":30734,"date":"2025-04-08T11:30:04","date_gmt":"2025-04-08T17:30:04","guid":{"rendered":"https:\/\/www.mexicanguitarplayers.com\/tienda\/sin categor\u00eda\/audifonos-westone-mod-am-pro20\/"},"modified":"2026-01-03T04:28:54","modified_gmt":"2026-01-03T10:28:54","slug":"audifonos-westone-mod-am-pro20","status":"publish","type":"product","link":"https:\/\/www.mexicanguitarplayers.com\/en\/tienda\/audio\/audifonos\/audifono-alambrico\/audifono-para-estudio\/audifonos-westone-mod-am-pro20\/","title":{"rendered":"AUDIFONOS WESTONE    MOD. AM PRO20"},"content":{"rendered":"<div style=\"text-align: justify\">\n<div>\n<h3>Escucha a tu banda y a tus fans con gran detalle.<\/h3>\n<\/div>\n<div>Hasta ahora los artistas han tenido que elegir entre una mezcla de in-ear o una experiencia ambiental. Ahora, podr\u00e1s escuchar y sentir la energ\u00eda del p\u00fablico, escuchar y sentir a tus compa\u00f1eros y el escenario, todo esto junto con una incre\u00edble claridad, respuesta de frecuencia y el punch que solamente los in-ears Westone pueden ofrecerte. Los AM Pro 20 cuentan con un driver dual de armadura balanceado y crossover pasivo que devuelve una respuesta de frecuencia extendida y gran detalle. Los monitores ambientales tradicionales de ventilaci\u00f3n abierta comprometen y degradan la respuesta de frecuencia de un monitor in-ear. Con la exclusiva tecnolog\u00eda SLED de Westone tendr\u00e1s el control de tu ambiente musical. Disfruta de una respuesta de frecuencia de gama completa de tu se\u00f1al de monitor in-ear, escucha y siente su entorno y relacionate con tus compa\u00f1eros de escenario y tu p\u00fablico como nunca antes. Estos in-ears est\u00e1n recomendados para monitoreo de escenario y ensayos con la banda.<\/div>\n<div>\n<h4>Quick look<\/h4>\n<\/div>\n<ul style=\"margin: 0px 0px 0px 25px\">\n<li style=\"list-style-type: circle;margin: 5px\">Tecnolog\u00eda True-Fit de Westone.<\/li>\n<li style=\"list-style-type: circle;margin: 5px\">Drivers balanceados.<\/li>\n<li style=\"list-style-type: circle;margin: 5px\">Conector MMCX Audio.<\/li>\n<li style=\"list-style-type: circle;margin: 5px\">Tecnolog\u00eda SLED.<\/li>\n<li style=\"list-style-type: circle;margin: 5px\">Filtro de audio TRU.<\/li>\n<li style=\"list-style-type: circle;margin: 5px\">Sensitivity.<\/li>\n<li style=\"list-style-type: circle;margin: 5px\">Frequency response.<\/li>\n<li style=\"list-style-type: circle;margin: 5px\">Impedance.<\/li>\n<li style=\"list-style-type: circle;margin: 5px\">Atenuaci\u00f3n pasiva de ruido.<\/li>\n<li style=\"list-style-type: circle;margin: 5px\">Driver.<\/li>\n<li style=\"list-style-type: circle;margin: 5px\">Cable.<\/li>\n<\/ul>\n<div>\n<div style=\"font-weight: bold\">Tecnolog\u00eda True-Fit de Westone.<\/div>\n<div>\n<p>M\u00e1s de 50 a\u00f1os de experiencia con aplicaciones de in-ears han dado como resultado un aud\u00edfono universal de bajo perfil y peso ligero que ofrece la m\u00e1xima comodidad y un acoplamiento al interior del o\u00eddo para la transferencia din\u00e1mica del sonido.<\/p>\n<\/div>\n<div style=\"font-weight: bold\">Drivers balanceados.<\/div>\n<div>\n<p>Los drivers balanceados de Westone son significativamente m\u00e1s compactos y eficientes que los drivers din\u00e1micos tradicionales. Mediante la combinaci\u00f3n de m\u00faltiples drivers balanceados con sofisticadas redes de crossover, los monitores de Westone ofrecen un aumento en los detalles sonoros y rango de frecuencias que se extiende mucho m\u00e1s all\u00e1 de las soluciones t\u00edpicas de in-ears.<\/p>\n<\/div>\n<div style=\"font-weight: bold\">Conector MMCX Audio.<\/div>\n<div>\n<p>Dise\u00f1ado espec\u00edficamente para monitoreo de m\u00fasicos, nuestro conector de audio asegura una conexi\u00f3n fiable en todo momento.<\/p>\n<\/div>\n<div style=\"font-weight: bold\">Tecnolog\u00eda SLED.<\/div>\n<div>\n<p>Combina el entorno ambiental con tu se\u00f1al de monitoreo sin comprometer la respuesta de frecuencia.<\/p>\n<\/div>\n<div style=\"font-weight: bold\">Filtro de audio TRU.<\/div>\n<div>\n<p>Permite disfrutar plenamente la experiencia de tu show, escuchar bien a tu banda, a tus fans y todo lo dem\u00e1s.<\/p>\n<\/div>\n<div style=\"font-weight: bold\">Sensitivity.<\/div>\n<div>\n<p>119 dB SPL @ 1 mW.<\/p>\n<\/div>\n<div style=\"font-weight: bold\">Frequency response.<\/div>\n<div>\n<p>20 Hz &#8211; 18 kHz.<\/p>\n<\/div>\n<div style=\"font-weight: bold\">Impedance.<\/div>\n<div>\n<p>27 ohms a 1 kHz.<\/p>\n<\/div>\n<div style=\"font-weight: bold\">Atenuaci\u00f3n pasiva de ruido.<\/div>\n<div>\n<p>12 dB.<\/p>\n<\/div>\n<div style=\"font-weight: bold\">Driver.<\/div>\n<div>\n<p>Driver dual balanceado con crossover pasivo.<\/p>\n<\/div>\n<div style=\"font-weight: bold\">Cable.<\/div>\n<div>\n<p>Conexi\u00f3n MMCX Audio.<\/p>\n<\/div>\n<\/div>\n<\/div>","protected":false},"excerpt":{"rendered":"<p>Aud\u00edfonos de monitoreo, con driver dual de armadura balanceado y crossover pasivo, respuesta de frecuencia extendida y gran detalle, tecnolog\u00eda True-Fit de Westone, bajo perfil y peso ligero, m\u00e1xima comodidad, acoplamiento al interior del o\u00eddo, conector MMCX Audio dise\u00f1ado para monitoreo de m\u00fasicos, tecnolog\u00eda SLED que mezcla entorno ambiental con se\u00f1al de monitoreo, filtro de audio TRU, sensibilidad: 119 dB SPL @ 1 mW, respuesta de frecuencia: 20 Hz &#8211; 18 kHz, impedancia: 27 ohms a 1 kHz, atenuaci\u00f3n pasiva de ruido: 12 dB.&hellip; <a class=\"kt-excerpt-readmore more-link\" href=\"https:\/\/www.mexicanguitarplayers.com\/en\/tienda\/audio\/audifonos\/audifono-alambrico\/audifono-para-estudio\/audifonos-westone-mod-am-pro20\/\">Read more<\/a><\/p>","protected":false},"featured_media":30730,"comment_status":"open","ping_status":"closed","template":"","meta":{"kt_blocks_editor_width":""},"pwb-brand":[651],"product_brand":[],"product_cat":[506,507,505,213],"product_tag":[],"class_list":{"0":"post-30734","1":"product","2":"type-product","3":"status-publish","4":"has-post-thumbnail","6":"pwb-brand-westone-audio","7":"product_cat-audifono-alambrico","8":"product_cat-audifono-para-estudio","9":"product_cat-audifonos","10":"product_cat-audio","11":"product_shipping_class-0-5-kg","13":"first","14":"outofstock","15":"taxable","16":"shipping-taxable","17":"purchasable","18":"product-type-simple"},"yoast_head":"<!-- This site is optimized with the Yoast SEO plugin v27.3 - https:\/\/yoast.com\/product\/yoast-seo-wordpress\/ -->\n<title>AUDIFONOS WESTONE  MOD. AM PRO20 - Mexican Guitar Players<\/title>\n<meta name=\"description\" content=\"Aud\u00edfonos de monitoreo, con driver dual de armadura balanceado y crossover pasivo, respuesta de frecuencia extendida y gran detalle, tecnolog\u00eda True-Fit de Westone, bajo perfil y peso ligero, m\u00e1xima comodidad, acoplamiento al interior del o\u00eddo, conector MMCX Audio dise\u00f1ado para monitoreo de m\u00fasicos, tecnolog\u00eda SLED que mezcla entorno ambiental con se\u00f1al de monitoreo, filtro de audio TRU, sensibilidad: 119 dB SPL @ 1 mW, respuesta de frecuencia: 20 Hz - 18 kHz, impedancia: 27 ohms a 1 kHz, atenuaci\u00f3n pasiva de ruido: 12 dB.\" \/>\n<meta name=\"robots\" content=\"index, follow, max-snippet:-1, max-image-preview:large, max-video-preview:-1\" \/>\n<link rel=\"canonical\" href=\"https:\/\/www.mexicanguitarplayers.com\/en\/tienda\/sin%20categor\u00eda\/audifonos-westone-mod-am-pro20\/\" \/>\n<meta property=\"og:locale\" content=\"en_US\" \/>\n<meta property=\"og:type\" content=\"article\" \/>\n<meta property=\"og:title\" content=\"AUDIFONOS WESTONE  MOD. AM PRO20 - Mexican Guitar Players\" \/>\n<meta property=\"og:description\" content=\"Aud\u00edfonos de monitoreo, con driver dual de armadura balanceado y crossover pasivo, respuesta de frecuencia extendida y gran detalle, tecnolog\u00eda True-Fit de Westone, bajo perfil y peso ligero, m\u00e1xima comodidad, acoplamiento al interior del o\u00eddo, conector MMCX Audio dise\u00f1ado para monitoreo de m\u00fasicos, tecnolog\u00eda SLED que mezcla entorno ambiental con se\u00f1al de monitoreo, filtro de audio TRU, sensibilidad: 119 dB SPL @ 1 mW, respuesta de frecuencia: 20 Hz - 18 kHz, impedancia: 27 ohms a 1 kHz, atenuaci\u00f3n pasiva de ruido: 12 dB.\" \/>\n<meta property=\"og:url\" content=\"https:\/\/www.mexicanguitarplayers.com\/en\/tienda\/sin categor\u00eda\/audifonos-westone-mod-am-pro20\/\" \/>\n<meta property=\"og:site_name\" content=\"Mexican Guitar Players\" \/>\n<meta property=\"article:modified_time\" content=\"2026-01-03T10:28:54+00:00\" \/>\n<meta name=\"twitter:card\" content=\"summary_large_image\" \/>\n<meta name=\"twitter:label1\" content=\"Est. reading time\" \/>\n\t<meta name=\"twitter:data1\" content=\"2 minutes\" \/>\n<script type=\"application\/ld+json\" class=\"yoast-schema-graph\">{\"@context\":\"https:\\\/\\\/schema.org\",\"@graph\":[{\"@type\":[\"WebPage\",\"ItemPage\"],\"@id\":\"https:\\\/\\\/www.mexicanguitarplayers.com\\\/tienda\\\/sin categor\u00eda\\\/audifonos-westone-mod-am-pro20\\\/\",\"url\":\"https:\\\/\\\/www.mexicanguitarplayers.com\\\/tienda\\\/sin categor\u00eda\\\/audifonos-westone-mod-am-pro20\\\/\",\"name\":\"AUDIFONOS WESTONE MOD. AM PRO20 - Mexican Guitar Players\",\"isPartOf\":{\"@id\":\"https:\\\/\\\/www.mexicanguitarplayers.com\\\/#website\"},\"primaryImageOfPage\":{\"@id\":\"https:\\\/\\\/www.mexicanguitarplayers.com\\\/tienda\\\/sin categor\u00eda\\\/audifonos-westone-mod-am-pro20\\\/#primaryimage\"},\"image\":{\"@id\":\"https:\\\/\\\/www.mexicanguitarplayers.com\\\/tienda\\\/sin categor\u00eda\\\/audifonos-westone-mod-am-pro20\\\/#primaryimage\"},\"thumbnailUrl\":\"https:\\\/\\\/www.mexicanguitarplayers.com\\\/wp-content\\\/uploads\\\/2025\\\/04\\\/VAWESAMPRO20.jpg\",\"datePublished\":\"2025-04-08T17:30:04+00:00\",\"dateModified\":\"2026-01-03T10:28:54+00:00\",\"description\":\"Aud\u00edfonos de monitoreo, con driver dual de armadura balanceado y crossover pasivo, respuesta de frecuencia extendida y gran detalle, tecnolog\u00eda True-Fit de Westone, bajo perfil y peso ligero, m\u00e1xima comodidad, acoplamiento al interior del o\u00eddo, conector MMCX Audio dise\u00f1ado para monitoreo de m\u00fasicos, tecnolog\u00eda SLED que mezcla entorno ambiental con se\u00f1al de monitoreo, filtro de audio TRU, sensibilidad: 119 dB SPL @ 1 mW, respuesta de frecuencia: 20 Hz - 18 kHz, impedancia: 27 ohms a 1 kHz, atenuaci\u00f3n pasiva de ruido: 12 dB.\",\"breadcrumb\":{\"@id\":\"https:\\\/\\\/www.mexicanguitarplayers.com\\\/tienda\\\/sin categor\u00eda\\\/audifonos-westone-mod-am-pro20\\\/#breadcrumb\"},\"inLanguage\":\"en-US\",\"potentialAction\":[{\"@type\":\"ReadAction\",\"target\":[\"https:\\\/\\\/www.mexicanguitarplayers.com\\\/tienda\\\/sin categor\u00eda\\\/audifonos-westone-mod-am-pro20\\\/\"]}]},{\"@type\":\"ImageObject\",\"inLanguage\":\"en-US\",\"@id\":\"https:\\\/\\\/www.mexicanguitarplayers.com\\\/tienda\\\/sin categor\u00eda\\\/audifonos-westone-mod-am-pro20\\\/#primaryimage\",\"url\":\"https:\\\/\\\/www.mexicanguitarplayers.com\\\/wp-content\\\/uploads\\\/2025\\\/04\\\/VAWESAMPRO20.jpg\",\"contentUrl\":\"https:\\\/\\\/www.mexicanguitarplayers.com\\\/wp-content\\\/uploads\\\/2025\\\/04\\\/VAWESAMPRO20.jpg\",\"width\":1200,\"height\":1200},{\"@type\":\"BreadcrumbList\",\"@id\":\"https:\\\/\\\/www.mexicanguitarplayers.com\\\/tienda\\\/sin categor\u00eda\\\/audifonos-westone-mod-am-pro20\\\/#breadcrumb\",\"itemListElement\":[{\"@type\":\"ListItem\",\"position\":1,\"name\":\"Portada\",\"item\":\"https:\\\/\\\/www.mexicanguitarplayers.com\\\/\"},{\"@type\":\"ListItem\",\"position\":2,\"name\":\"Tienda\",\"item\":\"https:\\\/\\\/www.mexicanguitarplayers.com\\\/tienda\\\/\"},{\"@type\":\"ListItem\",\"position\":3,\"name\":\"AUDIFONOS WESTONE MOD. AM PRO20\"}]},{\"@type\":\"WebSite\",\"@id\":\"https:\\\/\\\/www.mexicanguitarplayers.com\\\/#website\",\"url\":\"https:\\\/\\\/www.mexicanguitarplayers.com\\\/\",\"name\":\"Mexican Guitar Players\",\"description\":\"Website\",\"publisher\":{\"@id\":\"https:\\\/\\\/www.mexicanguitarplayers.com\\\/#organization\"},\"potentialAction\":[{\"@type\":\"SearchAction\",\"target\":{\"@type\":\"EntryPoint\",\"urlTemplate\":\"https:\\\/\\\/www.mexicanguitarplayers.com\\\/?s={search_term_string}\"},\"query-input\":{\"@type\":\"PropertyValueSpecification\",\"valueRequired\":true,\"valueName\":\"search_term_string\"}}],\"inLanguage\":\"en-US\"},{\"@type\":\"Organization\",\"@id\":\"https:\\\/\\\/www.mexicanguitarplayers.com\\\/#organization\",\"name\":\"Mexican Guitar Players\",\"url\":\"https:\\\/\\\/www.mexicanguitarplayers.com\\\/\",\"logo\":{\"@type\":\"ImageObject\",\"inLanguage\":\"en-US\",\"@id\":\"https:\\\/\\\/www.mexicanguitarplayers.com\\\/#\\\/schema\\\/logo\\\/image\\\/\",\"url\":\"\",\"contentUrl\":\"\",\"caption\":\"Mexican Guitar Players\"},\"image\":{\"@id\":\"https:\\\/\\\/www.mexicanguitarplayers.com\\\/#\\\/schema\\\/logo\\\/image\\\/\"}}]}<\/script>\n<!-- \/ Yoast SEO plugin. -->","yoast_head_json":{"title":"AUDIFONOS WESTONE  MOD. AM PRO20 - Mexican Guitar Players","description":"Aud\u00edfonos de monitoreo, con driver dual de armadura balanceado y crossover pasivo, respuesta de frecuencia extendida y gran detalle, tecnolog\u00eda True-Fit de Westone, bajo perfil y peso ligero, m\u00e1xima comodidad, acoplamiento al interior del o\u00eddo, conector MMCX Audio dise\u00f1ado para monitoreo de m\u00fasicos, tecnolog\u00eda SLED que mezcla entorno ambiental con se\u00f1al de monitoreo, filtro de audio TRU, sensibilidad: 119 dB SPL @ 1 mW, respuesta de frecuencia: 20 Hz - 18 kHz, impedancia: 27 ohms a 1 kHz, atenuaci\u00f3n pasiva de ruido: 12 dB.","robots":{"index":"index","follow":"follow","max-snippet":"max-snippet:-1","max-image-preview":"max-image-preview:large","max-video-preview":"max-video-preview:-1"},"canonical":"https:\/\/www.mexicanguitarplayers.com\/en\/tienda\/sin categor\u00eda\/audifonos-westone-mod-am-pro20\/","og_locale":"en_US","og_type":"article","og_title":"AUDIFONOS WESTONE  MOD. AM PRO20 - Mexican Guitar Players","og_description":"Aud\u00edfonos de monitoreo, con driver dual de armadura balanceado y crossover pasivo, respuesta de frecuencia extendida y gran detalle, tecnolog\u00eda True-Fit de Westone, bajo perfil y peso ligero, m\u00e1xima comodidad, acoplamiento al interior del o\u00eddo, conector MMCX Audio dise\u00f1ado para monitoreo de m\u00fasicos, tecnolog\u00eda SLED que mezcla entorno ambiental con se\u00f1al de monitoreo, filtro de audio TRU, sensibilidad: 119 dB SPL @ 1 mW, respuesta de frecuencia: 20 Hz - 18 kHz, impedancia: 27 ohms a 1 kHz, atenuaci\u00f3n pasiva de ruido: 12 dB.","og_url":"https:\/\/www.mexicanguitarplayers.com\/en\/tienda\/sin categor\u00eda\/audifonos-westone-mod-am-pro20\/","og_site_name":"Mexican Guitar Players","article_modified_time":"2026-01-03T10:28:54+00:00","twitter_card":"summary_large_image","twitter_misc":{"Est. reading time":"2 minutes"},"schema":{"@context":"https:\/\/schema.org","@graph":[{"@type":["WebPage","ItemPage"],"@id":"https:\/\/www.mexicanguitarplayers.com\/tienda\/sin categor\u00eda\/audifonos-westone-mod-am-pro20\/","url":"https:\/\/www.mexicanguitarplayers.com\/tienda\/sin categor\u00eda\/audifonos-westone-mod-am-pro20\/","name":"AUDIFONOS WESTONE MOD. AM PRO20 - Mexican Guitar Players","isPartOf":{"@id":"https:\/\/www.mexicanguitarplayers.com\/#website"},"primaryImageOfPage":{"@id":"https:\/\/www.mexicanguitarplayers.com\/tienda\/sin categor\u00eda\/audifonos-westone-mod-am-pro20\/#primaryimage"},"image":{"@id":"https:\/\/www.mexicanguitarplayers.com\/tienda\/sin categor\u00eda\/audifonos-westone-mod-am-pro20\/#primaryimage"},"thumbnailUrl":"https:\/\/www.mexicanguitarplayers.com\/wp-content\/uploads\/2025\/04\/VAWESAMPRO20.jpg","datePublished":"2025-04-08T17:30:04+00:00","dateModified":"2026-01-03T10:28:54+00:00","description":"Aud\u00edfonos de monitoreo, con driver dual de armadura balanceado y crossover pasivo, respuesta de frecuencia extendida y gran detalle, tecnolog\u00eda True-Fit de Westone, bajo perfil y peso ligero, m\u00e1xima comodidad, acoplamiento al interior del o\u00eddo, conector MMCX Audio dise\u00f1ado para monitoreo de m\u00fasicos, tecnolog\u00eda SLED que mezcla entorno ambiental con se\u00f1al de monitoreo, filtro de audio TRU, sensibilidad: 119 dB SPL @ 1 mW, respuesta de frecuencia: 20 Hz - 18 kHz, impedancia: 27 ohms a 1 kHz, atenuaci\u00f3n pasiva de ruido: 12 dB.","breadcrumb":{"@id":"https:\/\/www.mexicanguitarplayers.com\/tienda\/sin categor\u00eda\/audifonos-westone-mod-am-pro20\/#breadcrumb"},"inLanguage":"en-US","potentialAction":[{"@type":"ReadAction","target":["https:\/\/www.mexicanguitarplayers.com\/tienda\/sin categor\u00eda\/audifonos-westone-mod-am-pro20\/"]}]},{"@type":"ImageObject","inLanguage":"en-US","@id":"https:\/\/www.mexicanguitarplayers.com\/tienda\/sin categor\u00eda\/audifonos-westone-mod-am-pro20\/#primaryimage","url":"https:\/\/www.mexicanguitarplayers.com\/wp-content\/uploads\/2025\/04\/VAWESAMPRO20.jpg","contentUrl":"https:\/\/www.mexicanguitarplayers.com\/wp-content\/uploads\/2025\/04\/VAWESAMPRO20.jpg","width":1200,"height":1200},{"@type":"BreadcrumbList","@id":"https:\/\/www.mexicanguitarplayers.com\/tienda\/sin categor\u00eda\/audifonos-westone-mod-am-pro20\/#breadcrumb","itemListElement":[{"@type":"ListItem","position":1,"name":"Portada","item":"https:\/\/www.mexicanguitarplayers.com\/"},{"@type":"ListItem","position":2,"name":"Tienda","item":"https:\/\/www.mexicanguitarplayers.com\/tienda\/"},{"@type":"ListItem","position":3,"name":"AUDIFONOS WESTONE MOD. AM PRO20"}]},{"@type":"WebSite","@id":"https:\/\/www.mexicanguitarplayers.com\/#website","url":"https:\/\/www.mexicanguitarplayers.com\/","name":"Mexican Guitar Players","description":"Website","publisher":{"@id":"https:\/\/www.mexicanguitarplayers.com\/#organization"},"potentialAction":[{"@type":"SearchAction","target":{"@type":"EntryPoint","urlTemplate":"https:\/\/www.mexicanguitarplayers.com\/?s={search_term_string}"},"query-input":{"@type":"PropertyValueSpecification","valueRequired":true,"valueName":"search_term_string"}}],"inLanguage":"en-US"},{"@type":"Organization","@id":"https:\/\/www.mexicanguitarplayers.com\/#organization","name":"Mexican Guitar Players","url":"https:\/\/www.mexicanguitarplayers.com\/","logo":{"@type":"ImageObject","inLanguage":"en-US","@id":"https:\/\/www.mexicanguitarplayers.com\/#\/schema\/logo\/image\/","url":"","contentUrl":"","caption":"Mexican Guitar Players"},"image":{"@id":"https:\/\/www.mexicanguitarplayers.com\/#\/schema\/logo\/image\/"}}]}},"brands":[{"id":651,"name":"WESTONE AUDIO","slug":"westone-audio"}],"_links":{"self":[{"href":"https:\/\/www.mexicanguitarplayers.com\/en\/wp-json\/wp\/v2\/product\/30734","targetHints":{"allow":["GET"]}}],"collection":[{"href":"https:\/\/www.mexicanguitarplayers.com\/en\/wp-json\/wp\/v2\/product"}],"about":[{"href":"https:\/\/www.mexicanguitarplayers.com\/en\/wp-json\/wp\/v2\/types\/product"}],"replies":[{"embeddable":true,"href":"https:\/\/www.mexicanguitarplayers.com\/en\/wp-json\/wp\/v2\/comments?post=30734"}],"wp:featuredmedia":[{"embeddable":true,"href":"https:\/\/www.mexicanguitarplayers.com\/en\/wp-json\/wp\/v2\/media\/30730"}],"wp:attachment":[{"href":"https:\/\/www.mexicanguitarplayers.com\/en\/wp-json\/wp\/v2\/media?parent=30734"}],"wp:term":[{"taxonomy":"pwb-brand","embeddable":true,"href":"https:\/\/www.mexicanguitarplayers.com\/en\/wp-json\/wp\/v2\/pwb-brand?post=30734"},{"taxonomy":"product_brand","embeddable":true,"href":"https:\/\/www.mexicanguitarplayers.com\/en\/wp-json\/wp\/v2\/product_brand?post=30734"},{"taxonomy":"product_cat","embeddable":true,"href":"https:\/\/www.mexicanguitarplayers.com\/en\/wp-json\/wp\/v2\/product_cat?post=30734"},{"taxonomy":"product_tag","embeddable":true,"href":"https:\/\/www.mexicanguitarplayers.com\/en\/wp-json\/wp\/v2\/product_tag?post=30734"}],"curies":[{"name":"wp","href":"https:\/\/api.w.org\/{rel}","templated":true}]}}