{"id":30765,"date":"2025-04-08T11:30:52","date_gmt":"2025-04-08T17:30:52","guid":{"rendered":"https:\/\/www.mexicanguitarplayers.com\/tienda\/sin categor\u00eda\/soporte-behringer-p-microfono-mod-ms2050-l\/"},"modified":"2026-05-01T07:24:53","modified_gmt":"2026-05-01T13:24:53","slug":"soporte-behringer-p-microfono-mod-ms2050-l","status":"publish","type":"product","link":"https:\/\/www.mexicanguitarplayers.com\/en\/tienda\/accesorios\/stands\/para-microfono\/soporte-behringer-p-microfono-mod-ms2050-l\/","title":{"rendered":"SOPORTE BEHRINGER P\/MICROFONO MOD. MS2050-L"},"content":{"rendered":"<div style=\"text-align: justify\">\n<div>\n<h3>MS2050-L<\/h3>\n<\/div>\n<div>Un soporte de micr\u00f3fono profesional, confiable y port\u00e1til con brazo telesc\u00f3pico para micr\u00f3fono. Ya sea que est\u00e9s actuando en un lugar en vivo o grabando en un estudio, este es el soporte adecuado para tu configuraci\u00f3n completa. La base de tr\u00edpode permite ajustar la altura desde 3.3 pies (102 cm) hasta 5.1 pies (158 cm), mientras que el brazo de 2.3 pies (70 cm) ofrece una extensi\u00f3n adicional para posicionar el micr\u00f3fono con precisi\u00f3n.<\/div>\n<div>\n<h4>Characteristics<\/h4>\n<\/div>\n<div>\n<ul style=\"margin: 0px 0px 0px 25px\">\n<li style=\"list-style-type: circle;margin: 5px\">ajuste de altura<\/li>\n<li style=\"list-style-type: circle;margin: 5px\">Brazo articulado<\/li>\n<li style=\"list-style-type: circle;margin: 5px\">color<\/li>\n<li style=\"list-style-type: circle;margin: 5px\">material<\/li>\n<\/ul>\n<\/div>\n<\/div>","protected":false},"excerpt":{"rendered":"<p>El soporte de micr\u00f3fono universal premium cuenta con hasta 2 montajes de micr\u00f3fono y es perfecto para presentaciones en vivo, estudios, discursos y presentaciones. Su base de metal reforzado ofrece una estabilidad s\u00f3lida y robusta, mientras que el brazo giratorio de 2.3 pies (70 cm) permite posicionar el micr\u00f3fono con precisi\u00f3n. La altura es ajustable de 3 pies (90 cm) hasta 6.8 pies (210 cm) de elevaci\u00f3n, y su dise\u00f1o plegable y liviano de tubos de acero facilita su transporte y almacenamiento.&hellip; <a class=\"kt-excerpt-readmore more-link\" href=\"https:\/\/www.mexicanguitarplayers.com\/en\/tienda\/accesorios\/stands\/para-microfono\/soporte-behringer-p-microfono-mod-ms2050-l\/\">Read more<\/a><\/p>","protected":false},"featured_media":30761,"comment_status":"open","ping_status":"closed","template":"","meta":{"kt_blocks_editor_width":""},"pwb-brand":[171],"product_brand":[],"product_cat":[85,464,416],"product_tag":[],"class_list":{"0":"post-30765","1":"product","2":"type-product","3":"status-publish","4":"has-post-thumbnail","6":"pwb-brand-behringer","7":"product_cat-accesorios","8":"product_cat-para-microfono","9":"product_cat-stands","10":"product_shipping_class-0-5-kg","12":"first","13":"instock","14":"taxable","15":"shipping-taxable","16":"purchasable","17":"product-type-simple"},"yoast_head":"<!-- This site is optimized with the Yoast SEO plugin v27.5 - https:\/\/yoast.com\/product\/yoast-seo-wordpress\/ -->\n<title>SOPORTE BEHRINGER P\/MICROFONO MOD. MS2050-L - Mexican Guitar Players<\/title>\n<meta name=\"description\" content=\"El soporte de micr\u00f3fono universal premium cuenta con hasta 2 montajes de micr\u00f3fono y es perfecto para presentaciones en vivo, estudios, discursos y presentaciones. Su base de metal reforzado ofrece una estabilidad s\u00f3lida y robusta, mientras que el brazo giratorio de 2.3 pies (70 cm) permite posicionar el micr\u00f3fono con precisi\u00f3n. La altura es ajustable de 3 pies (90 cm) hasta 6.8 pies (210 cm) de elevaci\u00f3n, y su dise\u00f1o plegable y liviano de tubos de acero facilita su transporte y almacenamiento.\" \/>\n<meta name=\"robots\" content=\"index, follow, max-snippet:-1, max-image-preview:large, max-video-preview:-1\" \/>\n<link rel=\"canonical\" href=\"https:\/\/www.mexicanguitarplayers.com\/en\/tienda\/sin%20categor\u00eda\/soporte-behringer-p-microfono-mod-ms2050-l\/\" \/>\n<meta property=\"og:locale\" content=\"en_US\" \/>\n<meta property=\"og:type\" content=\"article\" \/>\n<meta property=\"og:title\" content=\"SOPORTE BEHRINGER P\/MICROFONO MOD. MS2050-L - Mexican Guitar Players\" \/>\n<meta property=\"og:description\" content=\"El soporte de micr\u00f3fono universal premium cuenta con hasta 2 montajes de micr\u00f3fono y es perfecto para presentaciones en vivo, estudios, discursos y presentaciones. Su base de metal reforzado ofrece una estabilidad s\u00f3lida y robusta, mientras que el brazo giratorio de 2.3 pies (70 cm) permite posicionar el micr\u00f3fono con precisi\u00f3n. La altura es ajustable de 3 pies (90 cm) hasta 6.8 pies (210 cm) de elevaci\u00f3n, y su dise\u00f1o plegable y liviano de tubos de acero facilita su transporte y almacenamiento.\" \/>\n<meta property=\"og:url\" content=\"https:\/\/www.mexicanguitarplayers.com\/en\/tienda\/sin categor\u00eda\/soporte-behringer-p-microfono-mod-ms2050-l\/\" \/>\n<meta property=\"og:site_name\" content=\"Mexican Guitar Players\" \/>\n<meta property=\"article:modified_time\" content=\"2026-05-01T13:24:53+00:00\" \/>\n<meta name=\"twitter:card\" content=\"summary_large_image\" \/>\n<script type=\"application\/ld+json\" class=\"yoast-schema-graph\">{\"@context\":\"https:\\\/\\\/schema.org\",\"@graph\":[{\"@type\":[\"WebPage\",\"ItemPage\"],\"@id\":\"https:\\\/\\\/www.mexicanguitarplayers.com\\\/tienda\\\/sin categor\u00eda\\\/soporte-behringer-p-microfono-mod-ms2050-l\\\/\",\"url\":\"https:\\\/\\\/www.mexicanguitarplayers.com\\\/tienda\\\/sin categor\u00eda\\\/soporte-behringer-p-microfono-mod-ms2050-l\\\/\",\"name\":\"SOPORTE BEHRINGER P\\\/MICROFONO MOD. MS2050-L - Mexican Guitar Players\",\"isPartOf\":{\"@id\":\"https:\\\/\\\/www.mexicanguitarplayers.com\\\/#website\"},\"primaryImageOfPage\":{\"@id\":\"https:\\\/\\\/www.mexicanguitarplayers.com\\\/tienda\\\/sin categor\u00eda\\\/soporte-behringer-p-microfono-mod-ms2050-l\\\/#primaryimage\"},\"image\":{\"@id\":\"https:\\\/\\\/www.mexicanguitarplayers.com\\\/tienda\\\/sin categor\u00eda\\\/soporte-behringer-p-microfono-mod-ms2050-l\\\/#primaryimage\"},\"thumbnailUrl\":\"https:\\\/\\\/www.mexicanguitarplayers.com\\\/wp-content\\\/uploads\\\/2025\\\/04\\\/VABEHMS2050L.jpg\",\"datePublished\":\"2025-04-08T17:30:52+00:00\",\"dateModified\":\"2026-05-01T13:24:53+00:00\",\"description\":\"El soporte de micr\u00f3fono universal premium cuenta con hasta 2 montajes de micr\u00f3fono y es perfecto para presentaciones en vivo, estudios, discursos y presentaciones. Su base de metal reforzado ofrece una estabilidad s\u00f3lida y robusta, mientras que el brazo giratorio de 2.3 pies (70 cm) permite posicionar el micr\u00f3fono con precisi\u00f3n. La altura es ajustable de 3 pies (90 cm) hasta 6.8 pies (210 cm) de elevaci\u00f3n, y su dise\u00f1o plegable y liviano de tubos de acero facilita su transporte y almacenamiento.\",\"breadcrumb\":{\"@id\":\"https:\\\/\\\/www.mexicanguitarplayers.com\\\/tienda\\\/sin categor\u00eda\\\/soporte-behringer-p-microfono-mod-ms2050-l\\\/#breadcrumb\"},\"inLanguage\":\"en-US\",\"potentialAction\":[{\"@type\":\"ReadAction\",\"target\":[\"https:\\\/\\\/www.mexicanguitarplayers.com\\\/tienda\\\/sin categor\u00eda\\\/soporte-behringer-p-microfono-mod-ms2050-l\\\/\"]}]},{\"@type\":\"ImageObject\",\"inLanguage\":\"en-US\",\"@id\":\"https:\\\/\\\/www.mexicanguitarplayers.com\\\/tienda\\\/sin categor\u00eda\\\/soporte-behringer-p-microfono-mod-ms2050-l\\\/#primaryimage\",\"url\":\"https:\\\/\\\/www.mexicanguitarplayers.com\\\/wp-content\\\/uploads\\\/2025\\\/04\\\/VABEHMS2050L.jpg\",\"contentUrl\":\"https:\\\/\\\/www.mexicanguitarplayers.com\\\/wp-content\\\/uploads\\\/2025\\\/04\\\/VABEHMS2050L.jpg\",\"width\":800,\"height\":1600},{\"@type\":\"BreadcrumbList\",\"@id\":\"https:\\\/\\\/www.mexicanguitarplayers.com\\\/tienda\\\/sin categor\u00eda\\\/soporte-behringer-p-microfono-mod-ms2050-l\\\/#breadcrumb\",\"itemListElement\":[{\"@type\":\"ListItem\",\"position\":1,\"name\":\"Portada\",\"item\":\"https:\\\/\\\/www.mexicanguitarplayers.com\\\/\"},{\"@type\":\"ListItem\",\"position\":2,\"name\":\"Tienda\",\"item\":\"https:\\\/\\\/www.mexicanguitarplayers.com\\\/tienda\\\/\"},{\"@type\":\"ListItem\",\"position\":3,\"name\":\"SOPORTE BEHRINGER P\\\/MICROFONO MOD. MS2050-L\"}]},{\"@type\":\"WebSite\",\"@id\":\"https:\\\/\\\/www.mexicanguitarplayers.com\\\/#website\",\"url\":\"https:\\\/\\\/www.mexicanguitarplayers.com\\\/\",\"name\":\"Mexican Guitar Players\",\"description\":\"Website\",\"publisher\":{\"@id\":\"https:\\\/\\\/www.mexicanguitarplayers.com\\\/#organization\"},\"potentialAction\":[{\"@type\":\"SearchAction\",\"target\":{\"@type\":\"EntryPoint\",\"urlTemplate\":\"https:\\\/\\\/www.mexicanguitarplayers.com\\\/?s={search_term_string}\"},\"query-input\":{\"@type\":\"PropertyValueSpecification\",\"valueRequired\":true,\"valueName\":\"search_term_string\"}}],\"inLanguage\":\"en-US\"},{\"@type\":\"Organization\",\"@id\":\"https:\\\/\\\/www.mexicanguitarplayers.com\\\/#organization\",\"name\":\"Mexican Guitar Players\",\"url\":\"https:\\\/\\\/www.mexicanguitarplayers.com\\\/\",\"logo\":{\"@type\":\"ImageObject\",\"inLanguage\":\"en-US\",\"@id\":\"https:\\\/\\\/www.mexicanguitarplayers.com\\\/#\\\/schema\\\/logo\\\/image\\\/\",\"url\":\"\",\"contentUrl\":\"\",\"caption\":\"Mexican Guitar Players\"},\"image\":{\"@id\":\"https:\\\/\\\/www.mexicanguitarplayers.com\\\/#\\\/schema\\\/logo\\\/image\\\/\"}}]}<\/script>\n<!-- \/ Yoast SEO plugin. -->","yoast_head_json":{"title":"SOPORTE BEHRINGER P\/MICROFONO MOD. MS2050-L - Mexican Guitar Players","description":"El soporte de micr\u00f3fono universal premium cuenta con hasta 2 montajes de micr\u00f3fono y es perfecto para presentaciones en vivo, estudios, discursos y presentaciones. Su base de metal reforzado ofrece una estabilidad s\u00f3lida y robusta, mientras que el brazo giratorio de 2.3 pies (70 cm) permite posicionar el micr\u00f3fono con precisi\u00f3n. La altura es ajustable de 3 pies (90 cm) hasta 6.8 pies (210 cm) de elevaci\u00f3n, y su dise\u00f1o plegable y liviano de tubos de acero facilita su transporte y almacenamiento.","robots":{"index":"index","follow":"follow","max-snippet":"max-snippet:-1","max-image-preview":"max-image-preview:large","max-video-preview":"max-video-preview:-1"},"canonical":"https:\/\/www.mexicanguitarplayers.com\/en\/tienda\/sin categor\u00eda\/soporte-behringer-p-microfono-mod-ms2050-l\/","og_locale":"en_US","og_type":"article","og_title":"SOPORTE BEHRINGER P\/MICROFONO MOD. MS2050-L - Mexican Guitar Players","og_description":"El soporte de micr\u00f3fono universal premium cuenta con hasta 2 montajes de micr\u00f3fono y es perfecto para presentaciones en vivo, estudios, discursos y presentaciones. Su base de metal reforzado ofrece una estabilidad s\u00f3lida y robusta, mientras que el brazo giratorio de 2.3 pies (70 cm) permite posicionar el micr\u00f3fono con precisi\u00f3n. La altura es ajustable de 3 pies (90 cm) hasta 6.8 pies (210 cm) de elevaci\u00f3n, y su dise\u00f1o plegable y liviano de tubos de acero facilita su transporte y almacenamiento.","og_url":"https:\/\/www.mexicanguitarplayers.com\/en\/tienda\/sin categor\u00eda\/soporte-behringer-p-microfono-mod-ms2050-l\/","og_site_name":"Mexican Guitar Players","article_modified_time":"2026-05-01T13:24:53+00:00","twitter_card":"summary_large_image","schema":{"@context":"https:\/\/schema.org","@graph":[{"@type":["WebPage","ItemPage"],"@id":"https:\/\/www.mexicanguitarplayers.com\/tienda\/sin categor\u00eda\/soporte-behringer-p-microfono-mod-ms2050-l\/","url":"https:\/\/www.mexicanguitarplayers.com\/tienda\/sin categor\u00eda\/soporte-behringer-p-microfono-mod-ms2050-l\/","name":"SOPORTE BEHRINGER P\/MICROFONO MOD. MS2050-L - Mexican Guitar Players","isPartOf":{"@id":"https:\/\/www.mexicanguitarplayers.com\/#website"},"primaryImageOfPage":{"@id":"https:\/\/www.mexicanguitarplayers.com\/tienda\/sin categor\u00eda\/soporte-behringer-p-microfono-mod-ms2050-l\/#primaryimage"},"image":{"@id":"https:\/\/www.mexicanguitarplayers.com\/tienda\/sin categor\u00eda\/soporte-behringer-p-microfono-mod-ms2050-l\/#primaryimage"},"thumbnailUrl":"https:\/\/www.mexicanguitarplayers.com\/wp-content\/uploads\/2025\/04\/VABEHMS2050L.jpg","datePublished":"2025-04-08T17:30:52+00:00","dateModified":"2026-05-01T13:24:53+00:00","description":"El soporte de micr\u00f3fono universal premium cuenta con hasta 2 montajes de micr\u00f3fono y es perfecto para presentaciones en vivo, estudios, discursos y presentaciones. Su base de metal reforzado ofrece una estabilidad s\u00f3lida y robusta, mientras que el brazo giratorio de 2.3 pies (70 cm) permite posicionar el micr\u00f3fono con precisi\u00f3n. La altura es ajustable de 3 pies (90 cm) hasta 6.8 pies (210 cm) de elevaci\u00f3n, y su dise\u00f1o plegable y liviano de tubos de acero facilita su transporte y almacenamiento.","breadcrumb":{"@id":"https:\/\/www.mexicanguitarplayers.com\/tienda\/sin categor\u00eda\/soporte-behringer-p-microfono-mod-ms2050-l\/#breadcrumb"},"inLanguage":"en-US","potentialAction":[{"@type":"ReadAction","target":["https:\/\/www.mexicanguitarplayers.com\/tienda\/sin categor\u00eda\/soporte-behringer-p-microfono-mod-ms2050-l\/"]}]},{"@type":"ImageObject","inLanguage":"en-US","@id":"https:\/\/www.mexicanguitarplayers.com\/tienda\/sin categor\u00eda\/soporte-behringer-p-microfono-mod-ms2050-l\/#primaryimage","url":"https:\/\/www.mexicanguitarplayers.com\/wp-content\/uploads\/2025\/04\/VABEHMS2050L.jpg","contentUrl":"https:\/\/www.mexicanguitarplayers.com\/wp-content\/uploads\/2025\/04\/VABEHMS2050L.jpg","width":800,"height":1600},{"@type":"BreadcrumbList","@id":"https:\/\/www.mexicanguitarplayers.com\/tienda\/sin categor\u00eda\/soporte-behringer-p-microfono-mod-ms2050-l\/#breadcrumb","itemListElement":[{"@type":"ListItem","position":1,"name":"Portada","item":"https:\/\/www.mexicanguitarplayers.com\/"},{"@type":"ListItem","position":2,"name":"Tienda","item":"https:\/\/www.mexicanguitarplayers.com\/tienda\/"},{"@type":"ListItem","position":3,"name":"SOPORTE BEHRINGER P\/MICROFONO MOD. MS2050-L"}]},{"@type":"WebSite","@id":"https:\/\/www.mexicanguitarplayers.com\/#website","url":"https:\/\/www.mexicanguitarplayers.com\/","name":"Mexican Guitar Players","description":"Website","publisher":{"@id":"https:\/\/www.mexicanguitarplayers.com\/#organization"},"potentialAction":[{"@type":"SearchAction","target":{"@type":"EntryPoint","urlTemplate":"https:\/\/www.mexicanguitarplayers.com\/?s={search_term_string}"},"query-input":{"@type":"PropertyValueSpecification","valueRequired":true,"valueName":"search_term_string"}}],"inLanguage":"en-US"},{"@type":"Organization","@id":"https:\/\/www.mexicanguitarplayers.com\/#organization","name":"Mexican Guitar Players","url":"https:\/\/www.mexicanguitarplayers.com\/","logo":{"@type":"ImageObject","inLanguage":"en-US","@id":"https:\/\/www.mexicanguitarplayers.com\/#\/schema\/logo\/image\/","url":"","contentUrl":"","caption":"Mexican Guitar Players"},"image":{"@id":"https:\/\/www.mexicanguitarplayers.com\/#\/schema\/logo\/image\/"}}]}},"brands":[{"id":171,"name":"BEHRINGER","slug":"behringer"}],"_links":{"self":[{"href":"https:\/\/www.mexicanguitarplayers.com\/en\/wp-json\/wp\/v2\/product\/30765","targetHints":{"allow":["GET"]}}],"collection":[{"href":"https:\/\/www.mexicanguitarplayers.com\/en\/wp-json\/wp\/v2\/product"}],"about":[{"href":"https:\/\/www.mexicanguitarplayers.com\/en\/wp-json\/wp\/v2\/types\/product"}],"replies":[{"embeddable":true,"href":"https:\/\/www.mexicanguitarplayers.com\/en\/wp-json\/wp\/v2\/comments?post=30765"}],"wp:featuredmedia":[{"embeddable":true,"href":"https:\/\/www.mexicanguitarplayers.com\/en\/wp-json\/wp\/v2\/media\/30761"}],"wp:attachment":[{"href":"https:\/\/www.mexicanguitarplayers.com\/en\/wp-json\/wp\/v2\/media?parent=30765"}],"wp:term":[{"taxonomy":"pwb-brand","embeddable":true,"href":"https:\/\/www.mexicanguitarplayers.com\/en\/wp-json\/wp\/v2\/pwb-brand?post=30765"},{"taxonomy":"product_brand","embeddable":true,"href":"https:\/\/www.mexicanguitarplayers.com\/en\/wp-json\/wp\/v2\/product_brand?post=30765"},{"taxonomy":"product_cat","embeddable":true,"href":"https:\/\/www.mexicanguitarplayers.com\/en\/wp-json\/wp\/v2\/product_cat?post=30765"},{"taxonomy":"product_tag","embeddable":true,"href":"https:\/\/www.mexicanguitarplayers.com\/en\/wp-json\/wp\/v2\/product_tag?post=30765"}],"curies":[{"name":"wp","href":"https:\/\/api.w.org\/{rel}","templated":true}]}}